{"id":17320,"date":"2025-03-06T08:23:45","date_gmt":"2025-03-06T08:23:45","guid":{"rendered":"https:\/\/www.hydraulic-cylinders.net\/?post_type=product&#038;p=17320"},"modified":"2025-04-11T05:27:14","modified_gmt":"2025-04-11T05:27:14","slug":"zg-series-hydraulic-cylinders-for-harvesting-machinery","status":"publish","type":"product","link":"https:\/\/www.hydraulic-cylinders.net\/lv\/products\/zg-series-hydraulic-cylinders-for-harvesting-machinery\/","title":{"rendered":"ZG s\u0113rijas hidrauliskie cilindri ra\u017eas nov\u0101k\u0161anas ma\u0161\u012bn\u0101m"},"content":{"rendered":"<h1 style=\"text-align: center;\"><strong>ZG s\u0113rijas hidrauliskie cilindri ra\u017eas nov\u0101k\u0161anas ma\u0161\u012bn\u0101m\u00a0<img loading=\"lazy\" decoding=\"async\" class=\"alignnone wp-image-17302\" src=\"https:\/\/www.hydraulic-cylinders.net\/wp-content\/uploads\/2025\/03\/Zg-And-Hsg-Series-Hydraulic-Cylinders-For-Harvesting-Machinery-2.webp\" alt=\"\" width=\"500\" height=\"500\" \/><br \/>\n<\/strong><\/h1>\n<p>ZG s\u0113rijas hidrauliskie cilindri ir \u012bpa\u0161i izstr\u0101d\u0101ti, lai uzlabotu ra\u017eas nov\u0101k\u0161anas tehnikas efektivit\u0101ti un veiktsp\u0113ju. \u0160iem cilindriem ir b\u016btiska loma da\u017e\u0101dos lauksaimniec\u012bbas darbos, nodro\u0161inot prec\u012bzu vad\u012bbu un jaud\u012bgu darb\u012bbu, kas ir b\u016btiska m\u016bsdienu lauksaimniec\u012bb\u0101. Koncentr\u0113joties uz uzticam\u012bbu un iztur\u012bbu, ZG s\u0113rija atbilst lauksaimniec\u012bbas nozares pras\u012bgaj\u0101m vajadz\u012bb\u0101m, nodro\u0161inot, ka kombaini darbojas vienm\u0113r\u012bgi un efekt\u012bvi.<\/p>\n<p>ZG s\u0113rijas hidrauliskie cilindri ra\u017eas nov\u0101k\u0161anas tehnikai pied\u0101v\u0101 uzticamu un efekt\u012bvu risin\u0101jumu m\u016bsdienu lauksaimniec\u012bbas vajadz\u012bb\u0101m. Pateicoties augstajai kravnes\u012bbai, iztur\u012bgajai konstrukcijai un modernajai bl\u012bv\u0113\u0161anas tehnolo\u0123ijai, \u0161ie cilindri uzlabo ra\u017eas nov\u0101k\u0161anas tehnikas veiktsp\u0113ju. Iev\u0113rojot ieteicamo lieto\u0161anas un apkopes praksi, operatori var nodro\u0161in\u0101t, ka vi\u0146u tehnika darbojas vislab\u0101kaj\u0101 veid\u0101, veicinot veiksm\u012bgu ra\u017eas nov\u0101k\u0161anu un uzlabotu produktivit\u0101ti lauk\u0101. Invest\u012bcijas ZG s\u0113rijas hidrauliskajos cilindros noz\u012bm\u0113 izv\u0113l\u0113ties iztur\u012bbu, efektivit\u0101ti un precizit\u0101ti sav\u0101m lauksaimniec\u012bbas darb\u012bb\u0101m.<\/p>\n<h2><strong>ZG s\u0113rijas hidrauliskie cilindri ra\u017eas nov\u0101k\u0161anas tehnikas parametriem:<\/strong><\/h2>\n<h1 style=\"text-align: center;\"><strong><img loading=\"lazy\" decoding=\"async\" class=\"alignnone size-full wp-image-17300\" src=\"https:\/\/www.hydraulic-cylinders.net\/wp-content\/uploads\/2025\/03\/Zg-And-Hsg-Series-Hydraulic-Cylinders-For-Harvesting-Machinery-parameter.webp\" alt=\"\" width=\"2265\" height=\"607\" srcset=\"https:\/\/www.hydraulic-cylinders.net\/wp-content\/uploads\/2025\/03\/Zg-And-Hsg-Series-Hydraulic-Cylinders-For-Harvesting-Machinery-parameter.webp 2265w, https:\/\/www.hydraulic-cylinders.net\/wp-content\/uploads\/2025\/03\/Zg-And-Hsg-Series-Hydraulic-Cylinders-For-Harvesting-Machinery-parameter-1280x343.webp 1280w, https:\/\/www.hydraulic-cylinders.net\/wp-content\/uploads\/2025\/03\/Zg-And-Hsg-Series-Hydraulic-Cylinders-For-Harvesting-Machinery-parameter-980x263.webp 980w, https:\/\/www.hydraulic-cylinders.net\/wp-content\/uploads\/2025\/03\/Zg-And-Hsg-Series-Hydraulic-Cylinders-For-Harvesting-Machinery-parameter-480x129.webp 480w\" sizes=\"(min-width: 0px) and (max-width: 480px) 480px, (min-width: 481px) and (max-width: 980px) 980px, (min-width: 981px) and (max-width: 1280px) 1280px, (min-width: 1281px) 2265px, 100vw\" \/><\/strong><\/h1>\n<h2><strong>ZG s\u0113rijas hidrauliskie cilindri ra\u017eas nov\u0101k\u0161anas tehnikai. Galven\u0101s iez\u012bmes:<\/strong><\/h2>\n<h4><strong>Augsta kravnes\u012bba<\/strong><\/h4>\n<p>ZG s\u0113rijas hidrauliskie cilindri ir r\u016bp\u012bgi izstr\u0101d\u0101ti, lai iztur\u0113tu iev\u0113rojamas slodzes, padarot tos par neaizst\u0101jamu da\u013cu ra\u017eas nov\u0101k\u0161anas ma\u0161\u012bn\u0101m. \u0160\u012b iespaid\u012bg\u0101 kravnes\u012bba \u013cauj operatoriem viegli pacelt un manevr\u0113t smagas deta\u013cas, iev\u0113rojami uzlabojot darb\u012bbas efektivit\u0101ti. T\u0101 rezult\u0101t\u0101 uzdevumus, kas k\u0101dreiz pras\u012bja iev\u0113rojamu laiku un p\u016bles, tagad var veikt \u0101tri un efekt\u012bvi. Neatkar\u012bgi no t\u0101, vai tiek str\u0101d\u0101ts ar lielu kult\u016braugu daudzumu vai pla\u0161u ra\u017eas nov\u0101k\u0161anas apr\u012bkojumu, \u0161ie cilindri \u013cauj operatoriem maksim\u0101li palielin\u0101t produktivit\u0101ti un racionaliz\u0113t savu darbpl\u016bsmu.<\/p>\n<h4><strong>Iztur\u012bga konstrukcija<\/strong><\/h4>\n<p>ZG s\u0113rijas cilindri ir izgatavoti no augstas kvalit\u0101tes materi\u0101liem, un tiem ir izcila iztur\u012bba, kas \u013cauj tiem iztur\u0113t sare\u017e\u0123\u012btu lauksaimniec\u012bbas vides apst\u0101k\u013cus. To iztur\u012bg\u0101 konstrukcija ir iztur\u012bga pret nodilumu, nodro\u0161inot ilgm\u016b\u017e\u012bbu pat intens\u012bvas lieto\u0161anas apst\u0101k\u013cos. \u0160\u012b iztur\u012bba noz\u012bm\u0113 samazin\u0101tas apkopes vajadz\u012bbas, \u013caujot operatoriem koncentr\u0113ties uz savu darbu, nevis bie\u017eiem remontiem. Ieguldot l\u012bdzek\u013cus \u0161ajos iztur\u012bgajos cilindros, lietot\u0101ji var sagaid\u012bt ilgu ra\u017eas nov\u0101k\u0161anas tehnikas kalpo\u0161anas laiku, kas galu gal\u0101 noved pie zem\u0101k\u0101m ekspluat\u0101cijas izmaks\u0101m un liel\u0101kas uzticam\u012bbas darb\u0101 uz lauka.<\/p>\n<h4><strong>Prec\u012bzijas in\u017eenierija<\/strong><\/h4>\n<p>Katrs ZG s\u0113rijas hidrauliskais cilindrs tiek pak\u013cauts r\u016bp\u012bgam ra\u017eo\u0161anas procesam, kur\u0101 priorit\u0101te ir precizit\u0101te. \u0160\u012b uzman\u012bba deta\u013c\u0101m nodro\u0161ina prec\u012bzus izm\u0113rus un optim\u0101lu hidraulisko veiktsp\u0113ju, kas ir \u013coti svar\u012bgi efekt\u012bvai darb\u012bbai. Pateicoties prec\u012bzai konstrukcijai, \u0161ie cilindri nodro\u0161ina vienm\u0113r\u012bg\u0101kas kust\u012bbas un lab\u0101ku kontroli ra\u017eas nov\u0101k\u0161anas darbu laik\u0101. Operatori var veikt sare\u017e\u0123\u012btus manevrus ar p\u0101rliec\u012bbu, padarot ra\u017eas nov\u0101k\u0161anas procesu ne tikai efekt\u012bv\u0101ku, bet ar\u012b lietder\u012bg\u0101ku. \u0160is precizit\u0101tes l\u012bmenis uzlabo kop\u0113jo produktivit\u0101ti un nodro\u0161ina, ka katrs uzdevums tiek veikts atbilsto\u0161i augst\u0101kajiem standartiem.<\/p>\n<h4><strong>Daudzpus\u012bga sader\u012bba<\/strong><\/h4>\n<p>ZG s\u0113rijas cilindri ir izstr\u0101d\u0101ti, \u0146emot v\u0113r\u0101 daudzpus\u012bbu, \u013caujot tiem der\u0113t pla\u0161am ra\u017eas nov\u0101k\u0161anas tehnikas mode\u013cu kl\u0101stam. \u0160\u012b sader\u012bba padara integr\u0101ciju eso\u0161aj\u0101 apr\u012bkojum\u0101 neman\u0101mu un vienk\u0101r\u0161u. Operatori nov\u0113rt\u0113 elast\u012bbu, kas \u013cauj \u0161os cilindrus izmantot da\u017e\u0101dos lauksaimniec\u012bbas pielietojumos bez nepiecie\u0161am\u012bbas veikt pla\u0161as modifik\u0101cijas. \u0160\u012b piel\u0101gojam\u012bba ne tikai vienk\u0101r\u0161o darb\u012bbu, bet ar\u012b uzlabo ra\u017eas nov\u0101k\u0161anas tehnikas visp\u0101r\u0113jo funkcionalit\u0101ti, padarot ZG s\u0113riju par ide\u0101lu izv\u0113li da\u017e\u0101d\u0101m lauksaimniec\u012bbas vajadz\u012bb\u0101m.<\/p>\n<h4><strong>Uzlabota bl\u012bv\u0113\u0161anas tehnolo\u0123ija<\/strong><\/h4>\n<p>ZG s\u0113rijas hidrauliskie cilindri, kas apr\u012bkoti ar modern\u0101ko bl\u012bv\u0113\u0161anas tehnolo\u0123iju, efekt\u012bvi samazina nopl\u016bdes un hidraulisk\u0101 \u0161\u0137idruma zuduma risku. \u0160\u012b inovat\u012bv\u0101 funkcija ne tikai uzlabo efektivit\u0101ti, bet ar\u012b iev\u0113rojami samazina apkopes izmaksas. Nov\u0113r\u0161ot nopl\u016bdes, \u0161ie cilindri nodro\u0161ina, ka hidraulisk\u0101 sist\u0113ma darbojas ar maksim\u0101lu veiktsp\u0113ju, \u013caujot operatoriem koncentr\u0113ties uz saviem uzdevumiem, nenov\u0113r\u0161ot uzman\u012bbu no iesp\u0113jam\u0101m k\u013c\u016bm\u0113m. Uzlabot\u0101 bl\u012bv\u0113\u0161anas tehnolo\u0123ija veicina uzticam\u0101ku un produkt\u012bv\u0101ku darba vidi, kas galu gal\u0101 dod labumu vis\u0101m lauksaimniec\u012bbas darb\u012bb\u0101m.<\/p>\n<p>ZG s\u0113rijas hidrauliskie cilindri lauksaimniec\u012bbas nozar\u0113 izce\u013cas, apvienojot augstu kravnes\u012bbu, iztur\u012bgu konstrukciju, prec\u012bzu in\u017eenieriju, daudzpus\u012bgu savietojam\u012bbu un modernu bl\u012bv\u0113\u0161anas tehnolo\u0123iju. \u0160\u012bs \u012bpa\u0161\u012bbas ne tikai uzlabo ra\u017eas nov\u0101k\u0161anas tehnikas veiktsp\u0113ju, bet ar\u012b veicina efekt\u012bv\u0101ku un uzticam\u0101ku lauksaimniec\u012bbas pieredzi. Izv\u0113loties ZG s\u0113rijas cilindrus, operatori apg\u0101d\u0101 sevi ar instrumentiem, kas nepiecie\u0161ami pan\u0101kumiem m\u016bsdienu pras\u012bgaj\u0101 lauksaimniec\u012bbas ainav\u0101.<\/p>\n<h2><strong>ZG s\u0113rijas hidrauliskie cilindri ra\u017eas nov\u0101k\u0161anas tehnikas pielietojumam:<\/strong><\/h2>\n<h1 style=\"text-align: center;\"><strong><img loading=\"lazy\" decoding=\"async\" class=\"alignnone size-full wp-image-17301\" src=\"https:\/\/www.hydraulic-cylinders.net\/wp-content\/uploads\/2025\/03\/Zg-And-Hsg-Series-Hydraulic-Cylinders-For-Harvesting-Machinery-1.webp\" alt=\"\" width=\"2481\" height=\"685\" srcset=\"https:\/\/www.hydraulic-cylinders.net\/wp-content\/uploads\/2025\/03\/Zg-And-Hsg-Series-Hydraulic-Cylinders-For-Harvesting-Machinery-1.webp 2481w, https:\/\/www.hydraulic-cylinders.net\/wp-content\/uploads\/2025\/03\/Zg-And-Hsg-Series-Hydraulic-Cylinders-For-Harvesting-Machinery-1-1280x353.webp 1280w, https:\/\/www.hydraulic-cylinders.net\/wp-content\/uploads\/2025\/03\/Zg-And-Hsg-Series-Hydraulic-Cylinders-For-Harvesting-Machinery-1-980x271.webp 980w, https:\/\/www.hydraulic-cylinders.net\/wp-content\/uploads\/2025\/03\/Zg-And-Hsg-Series-Hydraulic-Cylinders-For-Harvesting-Machinery-1-480x133.webp 480w\" sizes=\"(min-width: 0px) and (max-width: 480px) 480px, (min-width: 481px) and (max-width: 980px) 980px, (min-width: 981px) and (max-width: 1280px) 1280px, (min-width: 1281px) 2481px, 100vw\" \/><\/strong><\/h1>\n<h2><strong>ZG s\u0113rijas hidrauliskie cilindri ra\u017eas nov\u0101k\u0161anas tehnikas lieto\u0161anas metodei:<\/strong><\/h2>\n<p>HSG s\u0113rijas hidraulisko cilindru izmanto\u0161ana ir vienk\u0101r\u0161s process, kas padara tos pieejamus un lietot\u0101jam draudz\u012bgus b\u016bvniec\u012bbas nozares operatoriem. \u0160eit ir detaliz\u0113ts p\u0101rskats par nepiecie\u0161amaj\u0101m darb\u012bb\u0101m:<\/p>\n<h4><strong>Uzst\u0101d\u012b\u0161ana<\/strong><\/h4>\n<p>HSG s\u0113rijas hidraulisko cilindru uzst\u0101d\u012b\u0161ana ir izstr\u0101d\u0101ta t\u0101, lai t\u0101 b\u016btu vienk\u0101r\u0161a. Katram cilindram ir standarta stiprin\u0101jumi, kas \u013cauj \u0101tri un dro\u0161i uzst\u0101d\u012bt tos uz da\u017e\u0101d\u0101m celtniec\u012bbas ma\u0161\u012bn\u0101m. Operatori var viegli izl\u012bdzin\u0101t un piestiprin\u0101t cilindrus, neizmantojot specializ\u0113tus instrumentus vai pla\u0161u apm\u0101c\u012bbu. \u0160\u012b vienk\u0101r\u0161\u0101 uzst\u0101d\u012b\u0161ana samazina d\u012bkst\u0101ves laiku, \u013caujot ma\u0161\u012bn\u0101m \u0101tri un efekt\u012bvi atgriezties darb\u0101.<\/p>\n<h4><strong>Hidrauliskais savienojums<\/strong><\/h4>\n<p>P\u0113c uzst\u0101d\u012b\u0161anas n\u0101kamais solis ir hidraulisko l\u012bniju pievieno\u0161ana cilindram. Ir svar\u012bgi nodro\u0161in\u0101t, lai hidrauliskais \u0161\u0137idrums pl\u016bstu pareizaj\u0101 virzien\u0101, lai sasniegtu v\u0113lam\u0101s kust\u012bbas. Skaidrs mar\u0137\u0113jums un kr\u0101su kod\u0113ti savienojumi vienk\u0101r\u0161o \u0161o procesu, \u013caujot operatoriem p\u0101rliecino\u0161i veikt savienojumus. Pareizs hidrauliskais savienojums maksim\u0101li palielina veiktsp\u0113ju, nodro\u0161inot cilindru vienm\u0113r\u012bgu un atsauc\u012bgu darb\u012bbu, kas ir \u013coti svar\u012bgi prec\u012bzai vad\u012bbai darb\u012bbas laik\u0101.<\/p>\n<h4><strong>Darb\u012bba<\/strong><\/h4>\n<p>Ar dro\u0161i uzst\u0101d\u012btiem un pievienotiem HSG s\u0113rijas hidrauliskajiem cilindriem operatori tagad var p\u0101r\u0146emt vad\u012bbu p\u0101r tehniku. Izmantojot hidraulisko sist\u0113mu, vi\u0146i var veikt pla\u0161u kust\u012bbu kl\u0101stu, s\u0101kot no smagu kravu cel\u0161anas l\u012bdz sare\u017e\u0123\u012btiem manevriem. Intuit\u012bv\u0101s vad\u012bbas ier\u012bces \u013cauj veikt prec\u012bzus piel\u0101gojumus, \u013caujot operatoriem veikt uzdevumus prec\u012bzi un efekt\u012bvi. Neatkar\u012bgi no t\u0101, vai t\u0101 ir pacel\u0161ana, nolai\u0161ana vai noliek\u0161ana, \u0161ie cilindri nodro\u0161ina nepiecie\u0161amo rea\u0123\u0113tsp\u0113ju, lai efekt\u012bvi risin\u0101tu b\u016bvniec\u012bbas darbu izaicin\u0101jumus.<\/p>\n<h4><strong>Uzraudz\u012bba<\/strong><\/h4>\n<p>Lai nodro\u0161in\u0101tu optim\u0101lu veiktsp\u0113ju, ir svar\u012bgi regul\u0101ri uzraudz\u012bt hidraulisko sist\u0113mu. Operatoriem regul\u0101ri j\u0101p\u0101rbauda hidraulisk\u0101 \u0161\u0137idruma l\u012bmenis un spiediens. \u0160\u012b proakt\u012bv\u0101 pieeja pal\u012bdz identific\u0113t visas iesp\u0113jam\u0101s probl\u0113mas, pirms t\u0101s saasin\u0101s, nodro\u0161inot, ka tehnika darbojas ar maksim\u0101lu efektivit\u0101ti. \u0160o parametru uzraudz\u012bba ne tikai pagarina hidraulisko cilindru kalpo\u0161anas laiku, bet ar\u012b uzlabo visp\u0101r\u0113jo dro\u0161\u012bbu darba viet\u0101. Saglab\u0101jot modr\u012bbu, operatori var nodro\u0161in\u0101t, ka vi\u0146u apr\u012bkojums vienm\u0113r ir uzticams un gatavs darb\u012bbai.<\/p>\n<p>HSG s\u0113rijas hidrauliskie cilindri pied\u0101v\u0101 lietot\u0101jam draudz\u012bgu pieredzi, s\u0101kot no uzst\u0101d\u012b\u0161anas l\u012bdz ekspluat\u0101cijai un apkopei. To vienk\u0101r\u0161\u0101 lieto\u0161anas metode \u013cauj b\u016bvniec\u012bbas speci\u0101listiem maksim\u0101li palielin\u0101t produktivit\u0101ti un efektivit\u0101ti, nodro\u0161inot, ka vi\u0146i var p\u0101rliecino\u0161i \u0137erties pie jebkura projekta. Izv\u0113loties HSG, operatori iegulda uzticam\u0101 hidraulisk\u0101 risin\u0101jum\u0101, kas vienk\u0101r\u0161o vi\u0146u darbpl\u016bsmu, vienlaikus nodro\u0161inot izcilu veiktsp\u0113ju.<\/p>\n<h2><strong>Testa apr\u012bkojums:<\/strong><\/h2>\n<p><strong><img loading=\"lazy\" decoding=\"async\" class=\"alignnone size-full wp-image-17293\" src=\"https:\/\/www.hydraulic-cylinders.net\/wp-content\/uploads\/2025\/03\/test-equipment.webp-2.webp\" alt=\"\" width=\"1932\" height=\"1741\" srcset=\"https:\/\/www.hydraulic-cylinders.net\/wp-content\/uploads\/2025\/03\/test-equipment.webp-2.webp 1932w, https:\/\/www.hydraulic-cylinders.net\/wp-content\/uploads\/2025\/03\/test-equipment.webp-2-1280x1153.webp 1280w, https:\/\/www.hydraulic-cylinders.net\/wp-content\/uploads\/2025\/03\/test-equipment.webp-2-980x883.webp 980w, https:\/\/www.hydraulic-cylinders.net\/wp-content\/uploads\/2025\/03\/test-equipment.webp-2-480x433.webp 480w\" sizes=\"(min-width: 0px) and (max-width: 480px) 480px, (min-width: 481px) and (max-width: 980px) 980px, (min-width: 981px) and (max-width: 1280px) 1280px, (min-width: 1281px) 1932px, 100vw\" \/><\/strong><\/p>\n<ul>\n<li>1: S\u0101ls izsmidzin\u0101\u0161anas testa kamera<\/li>\n<li>2: \u0136\u012bmisk\u0101 anal\u012bze<\/li>\n<li>3: Stiepes p\u0101rbaudes iek\u0101rta<\/li>\n<li>4: Rokvela ciet\u012bbas testeris<\/li>\n<li>5: T\u012br\u012bbas p\u0101rbaudes iek\u0101rta<\/li>\n<li>6: TH110 atsitiena ciet\u012bbas testeris<\/li>\n<li>7: P\u0101rkl\u0101juma biezuma m\u0113r\u012bt\u0101js<\/li>\n<li>8: Sv\u0101rsta trieciena tests<\/li>\n<\/ul>\n<p><img loading=\"lazy\" decoding=\"async\" class=\"alignnone size-full wp-image-17292\" src=\"https:\/\/www.hydraulic-cylinders.net\/wp-content\/uploads\/2025\/03\/test-equipment.webp-1.webp\" alt=\"\" width=\"1600\" height=\"1216\" srcset=\"https:\/\/www.hydraulic-cylinders.net\/wp-content\/uploads\/2025\/03\/test-equipment.webp-1.webp 1600w, https:\/\/www.hydraulic-cylinders.net\/wp-content\/uploads\/2025\/03\/test-equipment.webp-1-1280x973.webp 1280w, https:\/\/www.hydraulic-cylinders.net\/wp-content\/uploads\/2025\/03\/test-equipment.webp-1-980x745.webp 980w, https:\/\/www.hydraulic-cylinders.net\/wp-content\/uploads\/2025\/03\/test-equipment.webp-1-480x365.webp 480w\" sizes=\"(min-width: 0px) and (max-width: 480px) 480px, (min-width: 481px) and (max-width: 980px) 980px, (min-width: 981px) and (max-width: 1280px) 1280px, (min-width: 1281px) 1600px, 100vw\" \/><\/p>\n<p>M\u016bsu uz\u0146\u0113mums uzskata kvalit\u0101ti par savu pan\u0101kumu pamatu. Lai izpild\u012btu \u0161o ap\u0146em\u0161anos, esam ieguld\u012bju\u0161i l\u012bdzek\u013cus modern\u0101kaj\u0101 m\u0101jas test\u0113\u0161anas un laboratorijas apr\u012bkojum\u0101, ko atbalsta augsti kvalific\u0113tu zin\u0101tnes un tehnolo\u0123iju speci\u0101listu komanda.<\/p>\n<p>M\u0113s iev\u0113rojam stingru kvalit\u0101tes vad\u012bbas sist\u0113mu, kas atbilst nozares standartiem, nodro\u0161inot, ka katra m\u016bsu ra\u017eot\u0101 produktu partija atbilst augst\u0101kajiem kvalit\u0101tes krit\u0113rijiem. Standartiz\u0113jot m\u016bsu darb\u012bbas un nep\u0101rtraukti uzraugot procesus, m\u0113s nodro\u0161in\u0101m, ka m\u016bsu klienti sa\u0146em tikai vislab\u0101ko.<\/p>\n<p>\u0160\u012b nelok\u0101m\u0101 ap\u0146em\u0161an\u0101s nodro\u0161in\u0101t kvalit\u0101ti ne tikai uzlabo m\u016bsu produktu uzticam\u012bbu, bet ar\u012b veido uztic\u012bbu un apmierin\u0101t\u012bbu m\u016bsu klientu vid\u016b. M\u0113s ticam, ka, pie\u0161\u0137irot priorit\u0101ti izcil\u012bbai katr\u0101 m\u016bsu ra\u017eo\u0161anas aspekt\u0101, m\u0113s veicin\u0101m m\u016bsu partneru un visas nozares pan\u0101kumus. Kop\u0101 m\u0113s tiecamies p\u0113c inov\u0101cij\u0101m un kvalit\u0101tes, kas saglab\u0101jas laika gait\u0101.<\/p>\n<h2><strong>Hidraulisko cilindru ra\u017eo\u0161anas vieta:<\/strong><\/h2>\n<p>M\u016bsu uz\u0146\u0113mums ir vado\u0161ais hidraulisko cilindru ra\u017eot\u0101js, ko atbalsta m\u016bsu pa\u0161u neatkar\u012bg\u0101s p\u0113tniec\u012bbas, att\u012bst\u012bbas un projekt\u0113\u0161anas iesp\u0113jas. Ar modernu ra\u017eotni, kur\u0101 atrodas vair\u0101k nek\u0101 170 visp\u0101r\u0113jie darbgaldi, CNC iek\u0101rtas, apstr\u0101des centri, metin\u0101\u0161anas iek\u0101rtas un specializ\u0113ti test\u0113\u0161anas un p\u0101rbaudes instrumenti, m\u0113s esam labi apr\u012bkoti, lai apmierin\u0101tu da\u017e\u0101das r\u016bpniec\u012bbas pras\u012bbas.<\/p>\n<p>Pateicoties daudzu gadu uzkr\u0101tajai tehnolo\u0123iskajai pieredzei un procesu pilnveido\u0161anai, esam izveidoju\u0161i nobriedu\u0161u ra\u017eo\u0161anas procesu, kas neman\u0101mi integr\u0113 p\u0113tniec\u012bbu un att\u012bst\u012bbu ar ra\u017eo\u0161anu. \u0160\u012b integr\u0101cija ir k\u013cuvusi par m\u016bsu galveno konkurences priek\u0161roc\u012bbu, \u013caujot mums projekt\u0113t un ra\u017eot pla\u0161u hidraulisko cilindru kl\u0101stu, kas piel\u0101gots konkr\u0113t\u0101m klientu pras\u012bb\u0101m.<\/p>\n<p>M\u016bsu produkti tiek pla\u0161i izmantoti da\u017e\u0101d\u0101s nozar\u0113s, tostarp lauksaimniec\u012bbas ma\u0161\u012bn\u0101s, celtniec\u012bbas iek\u0101rt\u0101s, transportl\u012bdzek\u013cos, ce\u013cu b\u016bv\u0113 un specializ\u0113taj\u0101 ma\u0161\u012bn\u0101s. M\u0113s ar lepnumu atbalst\u0101m daudzus ori\u0123in\u0101l\u0101 apr\u012bkojuma ra\u017eot\u0101jus (OEM), tostarp Bonong Xingda, Bojin Hummer, Jilin Ruifeng, Debang Dawei, Shandong Yineng Heavy Industry, Tai'an Modern Heavy Industry un Shifeng Group.<\/p>\n<p><img loading=\"lazy\" decoding=\"async\" class=\"alignnone size-full wp-image-17290\" src=\"https:\/\/www.hydraulic-cylinders.net\/wp-content\/uploads\/2025\/03\/production-site-1.webp\" alt=\"\" width=\"1971\" height=\"2253\" srcset=\"https:\/\/www.hydraulic-cylinders.net\/wp-content\/uploads\/2025\/03\/production-site-1.webp 1971w, https:\/\/www.hydraulic-cylinders.net\/wp-content\/uploads\/2025\/03\/production-site-1-1280x1463.webp 1280w, https:\/\/www.hydraulic-cylinders.net\/wp-content\/uploads\/2025\/03\/production-site-1-980x1120.webp 980w, https:\/\/www.hydraulic-cylinders.net\/wp-content\/uploads\/2025\/03\/production-site-1-480x549.webp 480w\" sizes=\"(min-width: 0px) and (max-width: 480px) 480px, (min-width: 481px) and (max-width: 980px) 980px, (min-width: 981px) and (max-width: 1280px) 1280px, (min-width: 1281px) 1971px, 100vw\" \/><\/p>\n<p>M\u0113s esam ap\u0146\u0113mu\u0161ies sniegt izcilu servisu, izmantojot stingru kvalit\u0101tes politiku, kas priorit\u0101ti pie\u0161\u0137ir nep\u0101rtraukt\u0101m inov\u0101cij\u0101m p\u0113tniec\u012bb\u0101 un att\u012bst\u012bb\u0101, vad\u012bb\u0101, kvalit\u0101tes kontrol\u0113 un klientu apkalpo\u0161an\u0101. M\u016bsu ap\u0146em\u0161an\u0101s nodro\u0161in\u0101t kvalit\u0101ti ir atz\u012bta ar ISO\/TS16949 sertifik\u0101tu, kas nodro\u0161ina, ka m\u0113s ne tikai atbilstam, bet ar\u012b past\u0101v\u012bgi p\u0101rsniedzam klientu cer\u012bbas.<\/p>\n<p>Raugoties n\u0101kotn\u0113, m\u0113s turpin\u0101sim att\u012bst\u012bt savas tehnolo\u0123ijas un papla\u0161in\u0101t savas iesp\u0113jas, vienm\u0113r cen\u0161oties nodro\u0161in\u0101t m\u016bsu klientiem visaugst\u0101k\u0101s kvalit\u0101tes produktus un pakalpojumus. Kop\u0101 m\u0113s veidojam izcil\u012bbas mantojumu hidraulisko cilindru nozar\u0113.<\/p>\n<p><strong>\u00a0<\/strong><\/p>","protected":false},"excerpt":{"rendered":"<p>ZG Series Hydraulic Cylinders For Harvesting Machinery\u00a0 The ZG Series Hydraulic Cylinders are specifically designed to enhance the efficiency and performance of harvesting machinery. These cylinders play a vital role in various agricultural applications, enabling precise control and powerful operation essential for modern farming. With a focus on reliability and durability, the ZG Series meets [&hellip;]<\/p>","protected":false},"featured_media":17312,"comment_status":"open","ping_status":"closed","template":"","meta":{"_et_pb_use_builder":"","_et_pb_old_content":"","_et_gb_content_width":""},"product_brand":[],"product_cat":[1550,1528,1376],"product_tag":[],"class_list":{"0":"post-17320","1":"product","2":"type-product","3":"status-publish","4":"has-post-thumbnail","6":"product_cat-double-acting-hydraulic-cylinder","7":"product_cat-harvesting-machinery-hydraulic-cylinders","8":"product_cat-hydraulic-cylinder","10":"first","11":"instock","12":"shipping-taxable","13":"product-type-simple"},"amp_enabled":true,"_links":{"self":[{"href":"https:\/\/www.hydraulic-cylinders.net\/lv\/wp-json\/wp\/v2\/product\/17320","targetHints":{"allow":["GET"]}}],"collection":[{"href":"https:\/\/www.hydraulic-cylinders.net\/lv\/wp-json\/wp\/v2\/product"}],"about":[{"href":"https:\/\/www.hydraulic-cylinders.net\/lv\/wp-json\/wp\/v2\/types\/product"}],"replies":[{"embeddable":true,"href":"https:\/\/www.hydraulic-cylinders.net\/lv\/wp-json\/wp\/v2\/comments?post=17320"}],"wp:featuredmedia":[{"embeddable":true,"href":"https:\/\/www.hydraulic-cylinders.net\/lv\/wp-json\/wp\/v2\/media\/17312"}],"wp:attachment":[{"href":"https:\/\/www.hydraulic-cylinders.net\/lv\/wp-json\/wp\/v2\/media?parent=17320"}],"wp:term":[{"taxonomy":"product_brand","embeddable":true,"href":"https:\/\/www.hydraulic-cylinders.net\/lv\/wp-json\/wp\/v2\/product_brand?post=17320"},{"taxonomy":"product_cat","embeddable":true,"href":"https:\/\/www.hydraulic-cylinders.net\/lv\/wp-json\/wp\/v2\/product_cat?post=17320"},{"taxonomy":"product_tag","embeddable":true,"href":"https:\/\/www.hydraulic-cylinders.net\/lv\/wp-json\/wp\/v2\/product_tag?post=17320"}],"curies":[{"name":"wp","href":"https:\/\/api.w.org\/{rel}","templated":true}]}}