{"id":17332,"date":"2025-03-07T07:58:20","date_gmt":"2025-03-07T07:58:20","guid":{"rendered":"https:\/\/www.hydraulic-cylinders.net\/?post_type=product&#038;p=17332"},"modified":"2025-04-11T05:31:12","modified_gmt":"2025-04-11T05:31:12","slug":"bi-directional-scriber-cylinder-for-no-tillage-machines","status":"publish","type":"product","link":"https:\/\/www.hydraulic-cylinders.net\/lv\/products\/bi-directional-scriber-cylinder-for-no-tillage-machines\/","title":{"rendered":"Divvirzienu skr\u0101pja cilindrs bezapstr\u0101des ma\u0161\u012bn\u0101m"},"content":{"rendered":"<h1 style=\"text-align: center;\"><strong>Divvirzienu skr\u0101pja cilindrs bezapstr\u0101des ma\u0161\u012bn\u0101m<br \/>\n<img loading=\"lazy\" decoding=\"async\" class=\"alignnone wp-image-17269\" src=\"https:\/\/www.hydraulic-cylinders.net\/wp-content\/uploads\/2025\/03\/bi-directional-scriber-cylinder-1.webp\" alt=\"\" width=\"500\" height=\"499\" srcset=\"https:\/\/www.hydraulic-cylinders.net\/wp-content\/uploads\/2025\/03\/bi-directional-scriber-cylinder-1.webp 500w, https:\/\/www.hydraulic-cylinders.net\/wp-content\/uploads\/2025\/03\/bi-directional-scriber-cylinder-1-480x479.webp 480w\" sizes=\"(min-width: 0px) and (max-width: 480px) 480px, (min-width: 481px) 500px, 100vw\" \/><br \/>\n<\/strong><\/h1>\n<p>Divvirzienu dz\u0113\u0161cilindrs ir b\u016btiska bezapstr\u0101des ma\u0161\u012bnu sast\u0101vda\u013ca, kas iev\u0113rojami uzlabo to efektivit\u0101ti augsnes sagatavo\u0161an\u0101 un s\u0113\u0161an\u0101. \u0160is inovat\u012bvais cilindrs nodro\u0161ina prec\u012bzu un daudzpus\u012bgu augsnes apstr\u0101di, \u013caujot lauksaimniekiem rad\u012bt optim\u0101lus s\u0113\u0161anas apst\u0101k\u013cus, vienlaikus saglab\u0101jot augsnes strukt\u016bru. Izmantojot progres\u012bvu hidraulisko tehnolo\u0123iju, divvirzienu dz\u0113\u0161cilindrs uzlabo darb\u012bbas efektivit\u0101ti un palielina ra\u017eas apjomu.<\/p>\n<p>K\u0101 b\u016btisks instruments m\u016bsdien\u012bg\u0101 bezapstr\u0101des praks\u0113, divvirzienu dz\u0113\u0161amais cilindrs uzlabo precizit\u0101ti un efektivit\u0101ti augsnes apstr\u0101d\u0113. T\u0101 iztur\u012bg\u0101 konstrukcija, divvirzienu funkcionalit\u0101te un vienk\u0101r\u0161\u0101 uzst\u0101d\u012b\u0161ana \u013cauj lauksaimniekiem uztur\u0113t ide\u0101lus s\u0113\u0161anas apst\u0101k\u013cus ar minim\u0101lu augsnes boj\u0101jumu. Iev\u0113rojot pareizas lieto\u0161anas un apkopes vadl\u012bnijas, lietot\u0101ji var nodro\u0161in\u0101t uzticamu veiktsp\u0113ju, k\u0101 rezult\u0101t\u0101 tiek pan\u0101kta liel\u0101ka ra\u017ea un veiksm\u012bgi lauksaimniec\u012bbas rezult\u0101ti. Invest\u012bcijas divvirzienu dz\u0113\u0161amaj\u0101 cilindr\u0101 ir gudrs l\u0113mums jebkurai lauksaimniec\u012bbas darb\u012bbai, kas v\u0113las palielin\u0101t produktivit\u0101ti un veicin\u0101t ilgtsp\u0113j\u012bgu praksi.<\/p>\n<h2><strong>Divvirzienu skr\u0101pja cilindrs bezapstr\u0101des ma\u0161\u012bn\u0101m Parametrs:<\/strong><\/h2>\n<h1 style=\"text-align: center;\"><strong><img loading=\"lazy\" decoding=\"async\" class=\"alignnone size-full wp-image-17283\" src=\"https:\/\/www.hydraulic-cylinders.net\/wp-content\/uploads\/2025\/03\/hydraulic-cylinders-for-no-tillage-machines-parameter-1.webp\" alt=\"\" width=\"2237\" height=\"1271\" srcset=\"https:\/\/www.hydraulic-cylinders.net\/wp-content\/uploads\/2025\/03\/hydraulic-cylinders-for-no-tillage-machines-parameter-1.webp 2237w, https:\/\/www.hydraulic-cylinders.net\/wp-content\/uploads\/2025\/03\/hydraulic-cylinders-for-no-tillage-machines-parameter-1-1280x727.webp 1280w, https:\/\/www.hydraulic-cylinders.net\/wp-content\/uploads\/2025\/03\/hydraulic-cylinders-for-no-tillage-machines-parameter-1-980x557.webp 980w, https:\/\/www.hydraulic-cylinders.net\/wp-content\/uploads\/2025\/03\/hydraulic-cylinders-for-no-tillage-machines-parameter-1-480x273.webp 480w\" sizes=\"(min-width: 0px) and (max-width: 480px) 480px, (min-width: 481px) and (max-width: 980px) 980px, (min-width: 981px) and (max-width: 1280px) 1280px, (min-width: 1281px) 2237px, 100vw\" \/><\/strong><\/h1>\n<h2><strong>Divvirzienu z\u012bm\u0113\u0161anas cilindrs bezapstr\u0101des ma\u0161\u012bn\u0101m:<\/strong><\/h2>\n<p><img loading=\"lazy\" decoding=\"async\" class=\"alignnone size-full wp-image-17282\" src=\"https:\/\/www.hydraulic-cylinders.net\/wp-content\/uploads\/2025\/03\/hydraulic-cylinders-for-no-tillage-machines-application-1.webp\" alt=\"\" width=\"2273\" height=\"976\" srcset=\"https:\/\/www.hydraulic-cylinders.net\/wp-content\/uploads\/2025\/03\/hydraulic-cylinders-for-no-tillage-machines-application-1.webp 2273w, https:\/\/www.hydraulic-cylinders.net\/wp-content\/uploads\/2025\/03\/hydraulic-cylinders-for-no-tillage-machines-application-1-1280x550.webp 1280w, https:\/\/www.hydraulic-cylinders.net\/wp-content\/uploads\/2025\/03\/hydraulic-cylinders-for-no-tillage-machines-application-1-980x421.webp 980w, https:\/\/www.hydraulic-cylinders.net\/wp-content\/uploads\/2025\/03\/hydraulic-cylinders-for-no-tillage-machines-application-1-480x206.webp 480w\" sizes=\"(min-width: 0px) and (max-width: 480px) 480px, (min-width: 481px) and (max-width: 980px) 980px, (min-width: 981px) and (max-width: 1280px) 1280px, (min-width: 1281px) 2273px, 100vw\" \/><\/p>\n<h2><strong>Divvirzienu dz\u0113\u0161gumijas cilindrs bezapstr\u0101des ma\u0161\u012bn\u0101m. Galven\u0101s iez\u012bmes:<\/strong><\/h2>\n<h4><strong>Daudzpus\u012bga divvirzienu darb\u012bba<\/strong><\/h4>\n<p>Divvirzienu z\u012bm\u0113\u0161anas cilindrs ir paredz\u0113ts efekt\u012bvai kust\u012bbai abos virzienos, \u013caujot operatoriem viegli piel\u0101goties da\u017e\u0101diem lauka apst\u0101k\u013ciem. Neatkar\u012bgi no t\u0101, vai p\u0101rvietojaties pa nog\u0101z\u0113m, nel\u012bdzenu reljefu vai \u0161aur\u0101m telp\u0101m, \u0161\u012b divvirzienu iesp\u0113ja uzlabo manevr\u0113tsp\u0113ju un kop\u0113jo efektivit\u0101ti. T\u0101 rezult\u0101t\u0101 lauksaimnieki var apstr\u0101d\u0101t liel\u0101ku plat\u012bbu \u012bs\u0101k\u0101 laik\u0101, saglab\u0101jot augstu produktivit\u0101tes l\u012bmeni pat sare\u017e\u0123\u012btos lauksaimniec\u012bbas apst\u0101k\u013cos.<\/p>\n<h4><strong>Izcila precizit\u0101te<\/strong><\/h4>\n<p>Apr\u012bkots ar modernu hidraulisko sist\u0113mu, divvirzienu skr\u0101pja cilindrs nodro\u0161ina iev\u0113rojamu precizit\u0101ti gan dzi\u013cuma, gan le\u0146\u0137a kontrol\u0113\u0161an\u0101. \u0160\u012b precizit\u0101te ir \u013coti svar\u012bga efekt\u012bvai s\u0113klu izvieto\u0161anai, nodro\u0161inot, ka s\u0113klas tiek ies\u0113tas optim\u0101l\u0101 dzi\u013cum\u0101 d\u012bg\u0161anai. Turkl\u0101t prec\u012bza regul\u0113\u0161ana uzlabo augsnes aer\u0101ciju, kas ir b\u016btiska vesel\u012bgai sak\u0146u att\u012bst\u012bbai. \u0160\u012b uzman\u012bba deta\u013c\u0101m uzlabo s\u0113\u0161anas procesa kop\u0113jo kvalit\u0101ti, t\u0101d\u0113j\u0101di nodro\u0161inot lab\u0101kus ra\u017eas rezult\u0101tus un palielin\u0101tu ra\u017eu.<\/p>\n<h4><strong>Iztur\u012bga konstrukcija<\/strong><\/h4>\n<p>Divvirzienu z\u012bm\u0113\u0161anas cilindrs, kas izgatavots no augstas kvalit\u0101tes materi\u0101liem, ir izstr\u0101d\u0101ts, lai iztur\u0113tu skarbus lauksaimniec\u012bbas apst\u0101k\u013cus. T\u0101 iztur\u012bg\u0101 konstrukcija ir iztur\u012bga pret nodilumu, nodro\u0161inot uzticamu veiktsp\u0113ju vis\u0101 lauksaimniec\u012bbas sezon\u0101. \u0160\u012b iztur\u012bba samazina nepiecie\u0161am\u012bbu p\u0113c bie\u017eas nomai\u0146as, ietaupot lauksaimniekiem gan laiku, gan naudu. Koncentr\u0113joties uz ilgm\u016b\u017e\u012bbu, cilindrs \u013cauj audz\u0113t\u0101jiem koncentr\u0113ties uz savu kult\u016braugu audz\u0113\u0161anu, neuztraucoties par apr\u012bkojuma boj\u0101jumiem.<\/p>\n<h4><strong>Lietot\u0101jam draudz\u012bga uzst\u0101d\u012b\u0161ana<\/strong><\/h4>\n<p>Divvirzienu z\u012bm\u0113\u0161anas cilindrs, kas izstr\u0101d\u0101ts, dom\u0101jot par \u0113rt\u012bb\u0101m, ir vienk\u0101r\u0161i uzst\u0101d\u0101ms. Lauksaimnieki to var viegli integr\u0113t sav\u0101s eso\u0161aj\u0101s bezar\u0161anas ma\u0161\u012bn\u0101s bez iev\u0113rojam\u0101m modifik\u0101cij\u0101m. \u0160\u012b vienk\u0101r\u0161\u0101 uzst\u0101d\u012b\u0161ana samazina d\u012bkst\u0101ves laiku, \u013caujot lauksaimniekiem \u0101tri ats\u0101kt darb\u012bbu. Pavadot maz\u0101k laika uzst\u0101d\u012b\u0161anai, audz\u0113t\u0101ji var koncentr\u0113ties uz produktivit\u0101tes palielin\u0101\u0161anu un lauksaimniec\u012bbas grafiku iev\u0113ro\u0161anu.<\/p>\n<h4><strong>Minim\u0101li augsnes trauc\u0113jumi<\/strong><\/h4>\n<p>Divvirzienu z\u012bm\u0113\u0161anas cilindra konstrukcija iev\u0113rojami samazina augsnes boj\u0101jumus darb\u012bbas laik\u0101. Saglab\u0101jot augsnes strukt\u016bru un mitruma l\u012bmeni, \u0161\u012b funkcija veicina lab\u0101ku sak\u0146u att\u012bst\u012bbu un visp\u0101r\u0113jo kult\u016braugu vesel\u012bbu. Turkl\u0101t samazin\u0101ti augsnes boj\u0101jumi pal\u012bdz uztur\u0113t labv\u0113l\u012bgos mikroorganismus, t\u0101d\u0113j\u0101di uzlabojot augsnes augl\u012bbu. \u0160\u012b r\u016bp\u012bg\u0101 pieeja augsnes apsaimnieko\u0161anai atbalsta ilgtsp\u0113j\u012bgu lauksaimniec\u012bbas praksi un nodro\u0161ina zemes ilgtermi\u0146a dz\u012bvotsp\u0113ju.<\/p>\n<p>Rezum\u0113jot, divvirzienu z\u012bm\u0113\u0161anas cilindrs izce\u013cas ar savu daudzpus\u012bgo divvirzienu darb\u012bbu, izcilo precizit\u0101ti, iztur\u012bgo konstrukciju, lietot\u0101jam draudz\u012bgo uzst\u0101d\u012b\u0161anu un minim\u0101lu augsnes trauc\u0113\u0161anu. Katra no \u0161\u012bm funkcij\u0101m uzlabo lauksaimniec\u012bbas pieredzi, padarot to par neaizst\u0101jamu instrumentu m\u016bsdienu lauksaimniec\u012bbas praks\u0113.<\/p>\n<h2><strong>Divvirzienu z\u012bm\u0113\u0161anas cilindrs bezapstr\u0101des ma\u0161\u012bn\u0101m. Piem\u0113rojamais modelis:<\/strong><\/h2>\n<h1 style=\"text-align: center;\"><strong><img loading=\"lazy\" decoding=\"async\" class=\"alignnone size-full wp-image-17284\" src=\"https:\/\/www.hydraulic-cylinders.net\/wp-content\/uploads\/2025\/03\/hydraulic-cylinders-for-no-tillage-machines-2.webp\" alt=\"\" width=\"2312\" height=\"600\" srcset=\"https:\/\/www.hydraulic-cylinders.net\/wp-content\/uploads\/2025\/03\/hydraulic-cylinders-for-no-tillage-machines-2.webp 2312w, https:\/\/www.hydraulic-cylinders.net\/wp-content\/uploads\/2025\/03\/hydraulic-cylinders-for-no-tillage-machines-2-1280x332.webp 1280w, https:\/\/www.hydraulic-cylinders.net\/wp-content\/uploads\/2025\/03\/hydraulic-cylinders-for-no-tillage-machines-2-980x254.webp 980w, https:\/\/www.hydraulic-cylinders.net\/wp-content\/uploads\/2025\/03\/hydraulic-cylinders-for-no-tillage-machines-2-480x125.webp 480w\" sizes=\"(min-width: 0px) and (max-width: 480px) 480px, (min-width: 481px) and (max-width: 980px) 980px, (min-width: 981px) and (max-width: 1280px) 1280px, (min-width: 1281px) 2312px, 100vw\" \/><\/strong><\/h1>\n<h2><strong>K\u0101 divvirzienu rakst\u012b\u0161anas cilindra darb\u012bba uzlabo lauksaimniec\u012bbas efektivit\u0101ti?<\/strong><\/h2>\n<p>Divvirzienu z\u012bm\u0113\u0161anas cilindra darb\u012bba divos virzienos iev\u0113rojami uzlabo lauksaimniec\u012bbas efektivit\u0101ti, pateicoties vair\u0101k\u0101m galvenaj\u0101m priek\u0161roc\u012bb\u0101m:<\/p>\n<h4><strong>Paaugstin\u0101ta manevr\u0113tsp\u0113ja<\/strong>:<\/h4>\n<p>Sp\u0113ja p\u0101rvietoties gan uz priek\u0161u, gan atpaka\u013c \u013cauj operatoriem viegli p\u0101rvietoties pa da\u017e\u0101diem reljefiem. \u0160\u012b elast\u012bba ir \u012bpa\u0161i noder\u012bga laukos ar sl\u012bpumiem, nel\u012bdzen\u0101m virsm\u0101m vai \u0161aur\u0101m telp\u0101m, kur tradicion\u0101lajam vienvirziena apr\u012bkojumam var\u0113tu b\u016bt gr\u016bt\u012bbas. Samazinot nepiecie\u0161am\u012bbu p\u0113c past\u0101v\u012bgas p\u0101rvieto\u0161anas, lauksaimnieki var uztur\u0113t vienm\u0113r\u012bgu darbpl\u016bsmu, nodro\u0161inot, ka katrs lauka centimetrs tiek efekt\u012bvi p\u0101rvald\u012bts.<\/p>\n<h4><strong>Laika ietaup\u012bjums<\/strong>:<\/h4>\n<p>Pateicoties divu virzienu iesp\u0113jai, lauksaimnieki var apstr\u0101d\u0101t liel\u0101ku plat\u012bbu \u012bs\u0101k\u0101 laik\u0101. \u0160\u012b funkcija samazina pagriezieniem un regul\u0113\u0161anai nepiecie\u0161amo laiku, nodro\u0161inot nep\u0101rtrauktu darb\u012bbu. T\u0101 rezult\u0101t\u0101 augsnes sagatavo\u0161anas un s\u0113\u0161anas darbu kop\u0113jais ilgums ir iev\u0113rojami samazin\u0101ts, \u013caujot lauksaimniekiem efekt\u012bv\u0101k veikt savu darbu un atv\u0113l\u0113t laiku cit\u0101m svar\u012bg\u0101m lauksaimniec\u012bbas darb\u012bb\u0101m.<\/p>\n<h4><strong>Uzlabota produktivit\u0101te<\/strong>:<\/h4>\n<p>Vienm\u0113r\u012bga p\u0101reja starp virzieniem veicina vienm\u0113r\u012bg\u0101ku darbpl\u016bsmu un samazina p\u0101rtraukumus. \u0160\u012b efektivit\u0101te ir \u013coti svar\u012bga s\u0113jas sezonas laik\u0101, kad katrs mirklis ir svar\u012bgs. Maksim\u0101li palielinot katra lauka \u0161\u0137\u0113rso\u0161anas efektivit\u0101ti, lauksaimnieki var sasniegt augst\u0101ku ra\u017eas l\u012bmeni, nodro\u0161inot s\u0113jas termi\u0146u iev\u0113ro\u0161anu un optimiz\u0113jot ra\u017eas apjomu.<\/p>\n<h4><strong>Uzlabota augsnes apsaimnieko\u0161ana<\/strong>:<\/h4>\n<p>Divvirzienu z\u012bm\u0113\u0161anas cilindra konstrukcija samazina augsnes trauc\u0113jumus darb\u012bbas laik\u0101, kas ir \u013coti svar\u012bgi augsnes vesel\u012bbas uztur\u0113\u0161anai. Saglab\u0101jot augsnes strukt\u016bru un mitruma l\u012bmeni, \u0161\u012b funkcija veicina lab\u0101ku sak\u0146u att\u012bst\u012bbu un kop\u0113jo kult\u016braugu vitalit\u0101ti. Turkl\u0101t samazin\u0101ti augsnes trauc\u0113jumi pal\u012bdz uztur\u0113t labv\u0113l\u012bgos mikroorganismus augsn\u0113, t\u0101d\u0113j\u0101di veicinot augl\u012bbas uzlabo\u0161anos un ilgtsp\u0113j\u012bgu lauksaimniec\u012bbas praksi.<\/p>\n<p>Rezum\u0113jot, divvirzienu z\u012bm\u0113\u0161anas cilindra darb\u012bba ne tikai racionaliz\u0113 lauksaimniec\u012bbas procesus, bet ar\u012b atbalsta lab\u0101ku augsnes apsaimnieko\u0161anu, t\u0101d\u0113j\u0101di uzlabojot produktivit\u0101ti un ilgtermi\u0146a ilgtsp\u0113j\u012bbu lauksaimniec\u012bbas praks\u0113.<\/p>\n<h2><strong>Testa apr\u012bkojums:<\/strong><\/h2>\n<p><strong><img loading=\"lazy\" decoding=\"async\" class=\"alignnone size-full wp-image-17293\" src=\"https:\/\/www.hydraulic-cylinders.net\/wp-content\/uploads\/2025\/03\/test-equipment.webp-2.webp\" alt=\"\" width=\"1932\" height=\"1741\" srcset=\"https:\/\/www.hydraulic-cylinders.net\/wp-content\/uploads\/2025\/03\/test-equipment.webp-2.webp 1932w, https:\/\/www.hydraulic-cylinders.net\/wp-content\/uploads\/2025\/03\/test-equipment.webp-2-1280x1153.webp 1280w, https:\/\/www.hydraulic-cylinders.net\/wp-content\/uploads\/2025\/03\/test-equipment.webp-2-980x883.webp 980w, https:\/\/www.hydraulic-cylinders.net\/wp-content\/uploads\/2025\/03\/test-equipment.webp-2-480x433.webp 480w\" sizes=\"(min-width: 0px) and (max-width: 480px) 480px, (min-width: 481px) and (max-width: 980px) 980px, (min-width: 981px) and (max-width: 1280px) 1280px, (min-width: 1281px) 1932px, 100vw\" \/><\/strong><\/p>\n<ul>\n<li>1: S\u0101ls izsmidzin\u0101\u0161anas testa kamera<\/li>\n<li>2: \u0136\u012bmisk\u0101 anal\u012bze<\/li>\n<li>3: Stiepes p\u0101rbaudes iek\u0101rta<\/li>\n<li>4: Rokvela ciet\u012bbas testeris<\/li>\n<li>5: T\u012br\u012bbas p\u0101rbaudes iek\u0101rta<\/li>\n<li>6: TH110 atsitiena ciet\u012bbas testeris<\/li>\n<li>7: P\u0101rkl\u0101juma biezuma m\u0113r\u012bt\u0101js<\/li>\n<li>8: Sv\u0101rsta trieciena tests<\/li>\n<\/ul>\n<p><img loading=\"lazy\" decoding=\"async\" class=\"alignnone size-full wp-image-17292\" src=\"https:\/\/www.hydraulic-cylinders.net\/wp-content\/uploads\/2025\/03\/test-equipment.webp-1.webp\" alt=\"\" width=\"1600\" height=\"1216\" srcset=\"https:\/\/www.hydraulic-cylinders.net\/wp-content\/uploads\/2025\/03\/test-equipment.webp-1.webp 1600w, https:\/\/www.hydraulic-cylinders.net\/wp-content\/uploads\/2025\/03\/test-equipment.webp-1-1280x973.webp 1280w, https:\/\/www.hydraulic-cylinders.net\/wp-content\/uploads\/2025\/03\/test-equipment.webp-1-980x745.webp 980w, https:\/\/www.hydraulic-cylinders.net\/wp-content\/uploads\/2025\/03\/test-equipment.webp-1-480x365.webp 480w\" sizes=\"(min-width: 0px) and (max-width: 480px) 480px, (min-width: 481px) and (max-width: 980px) 980px, (min-width: 981px) and (max-width: 1280px) 1280px, (min-width: 1281px) 1600px, 100vw\" \/><\/p>\n<p>M\u016bsu uz\u0146\u0113mums uzskata kvalit\u0101ti par savu pan\u0101kumu pamatu. Lai izpild\u012btu \u0161o ap\u0146em\u0161anos, esam ieguld\u012bju\u0161i l\u012bdzek\u013cus modern\u0101kaj\u0101 m\u0101jas test\u0113\u0161anas un laboratorijas apr\u012bkojum\u0101, ko atbalsta augsti kvalific\u0113tu zin\u0101tnes un tehnolo\u0123iju speci\u0101listu komanda.<\/p>\n<p>M\u0113s iev\u0113rojam stingru kvalit\u0101tes vad\u012bbas sist\u0113mu, kas atbilst nozares standartiem, nodro\u0161inot, ka katra m\u016bsu ra\u017eot\u0101 produktu partija atbilst augst\u0101kajiem kvalit\u0101tes krit\u0113rijiem. Standartiz\u0113jot m\u016bsu darb\u012bbas un nep\u0101rtraukti uzraugot procesus, m\u0113s nodro\u0161in\u0101m, ka m\u016bsu klienti sa\u0146em tikai vislab\u0101ko.<\/p>\n<p>\u0160\u012b nelok\u0101m\u0101 ap\u0146em\u0161an\u0101s nodro\u0161in\u0101t kvalit\u0101ti ne tikai uzlabo m\u016bsu produktu uzticam\u012bbu, bet ar\u012b veido uztic\u012bbu un apmierin\u0101t\u012bbu m\u016bsu klientu vid\u016b. M\u0113s ticam, ka, pie\u0161\u0137irot priorit\u0101ti izcil\u012bbai katr\u0101 m\u016bsu ra\u017eo\u0161anas aspekt\u0101, m\u0113s veicin\u0101m m\u016bsu partneru un visas nozares pan\u0101kumus. Kop\u0101 m\u0113s tiecamies p\u0113c inov\u0101cij\u0101m un kvalit\u0101tes, kas saglab\u0101jas laika gait\u0101.<\/p>\n<h2><strong>Hidraulisko cilindru ra\u017eo\u0161anas vieta:<\/strong><\/h2>\n<p>M\u016bsu uz\u0146\u0113mums ir vado\u0161ais hidraulisko cilindru ra\u017eot\u0101js, ko atbalsta m\u016bsu pa\u0161u neatkar\u012bg\u0101s p\u0113tniec\u012bbas, att\u012bst\u012bbas un projekt\u0113\u0161anas iesp\u0113jas. Ar modernu ra\u017eotni, kur\u0101 atrodas vair\u0101k nek\u0101 170 visp\u0101r\u0113jie darbgaldi, CNC iek\u0101rtas, apstr\u0101des centri, metin\u0101\u0161anas iek\u0101rtas un specializ\u0113ti test\u0113\u0161anas un p\u0101rbaudes instrumenti, m\u0113s esam labi apr\u012bkoti, lai apmierin\u0101tu da\u017e\u0101das r\u016bpniec\u012bbas pras\u012bbas.<\/p>\n<p>Pateicoties daudzu gadu uzkr\u0101tajai tehnolo\u0123iskajai pieredzei un procesu pilnveido\u0161anai, esam izveidoju\u0161i nobriedu\u0161u ra\u017eo\u0161anas procesu, kas neman\u0101mi integr\u0113 p\u0113tniec\u012bbu un att\u012bst\u012bbu ar ra\u017eo\u0161anu. \u0160\u012b integr\u0101cija ir k\u013cuvusi par m\u016bsu galveno konkurences priek\u0161roc\u012bbu, \u013caujot mums projekt\u0113t un ra\u017eot pla\u0161u hidraulisko cilindru kl\u0101stu, kas piel\u0101gots konkr\u0113t\u0101m klientu pras\u012bb\u0101m.<\/p>\n<p>M\u016bsu produkti tiek pla\u0161i izmantoti da\u017e\u0101d\u0101s nozar\u0113s, tostarp lauksaimniec\u012bbas ma\u0161\u012bn\u0101s, celtniec\u012bbas iek\u0101rt\u0101s, transportl\u012bdzek\u013cos, ce\u013cu b\u016bv\u0113 un specializ\u0113taj\u0101 ma\u0161\u012bn\u0101s. M\u0113s ar lepnumu atbalst\u0101m daudzus ori\u0123in\u0101l\u0101 apr\u012bkojuma ra\u017eot\u0101jus (OEM), tostarp Bonong Xingda, Bojin Hummer, Jilin Ruifeng, Debang Dawei, Shandong Yineng Heavy Industry, Tai'an Modern Heavy Industry un Shifeng Group.<\/p>\n<p><img loading=\"lazy\" decoding=\"async\" class=\"alignnone size-full wp-image-17290\" src=\"https:\/\/www.hydraulic-cylinders.net\/wp-content\/uploads\/2025\/03\/production-site-1.webp\" alt=\"\" width=\"1971\" height=\"2253\" srcset=\"https:\/\/www.hydraulic-cylinders.net\/wp-content\/uploads\/2025\/03\/production-site-1.webp 1971w, https:\/\/www.hydraulic-cylinders.net\/wp-content\/uploads\/2025\/03\/production-site-1-1280x1463.webp 1280w, https:\/\/www.hydraulic-cylinders.net\/wp-content\/uploads\/2025\/03\/production-site-1-980x1120.webp 980w, https:\/\/www.hydraulic-cylinders.net\/wp-content\/uploads\/2025\/03\/production-site-1-480x549.webp 480w\" sizes=\"(min-width: 0px) and (max-width: 480px) 480px, (min-width: 481px) and (max-width: 980px) 980px, (min-width: 981px) and (max-width: 1280px) 1280px, (min-width: 1281px) 1971px, 100vw\" \/><\/p>\n<p>M\u0113s esam ap\u0146\u0113mu\u0161ies sniegt izcilu servisu, izmantojot stingru kvalit\u0101tes politiku, kas priorit\u0101ti pie\u0161\u0137ir nep\u0101rtraukt\u0101m inov\u0101cij\u0101m p\u0113tniec\u012bb\u0101 un att\u012bst\u012bb\u0101, vad\u012bb\u0101, kvalit\u0101tes kontrol\u0113 un klientu apkalpo\u0161an\u0101. M\u016bsu ap\u0146em\u0161an\u0101s nodro\u0161in\u0101t kvalit\u0101ti ir atz\u012bta ar ISO\/TS16949 sertifik\u0101tu, kas nodro\u0161ina, ka m\u0113s ne tikai atbilstam, bet ar\u012b past\u0101v\u012bgi p\u0101rsniedzam klientu cer\u012bbas.<\/p>\n<p>Raugoties n\u0101kotn\u0113, m\u0113s turpin\u0101sim att\u012bst\u012bt savas tehnolo\u0123ijas un papla\u0161in\u0101t savas iesp\u0113jas, vienm\u0113r cen\u0161oties nodro\u0161in\u0101t m\u016bsu klientiem visaugst\u0101k\u0101s kvalit\u0101tes produktus un pakalpojumus. Kop\u0101 m\u0113s veidojam izcil\u012bbas mantojumu hidraulisko cilindru nozar\u0113.<\/p>\n<p><strong>\u00a0<\/strong><\/p>","protected":false},"excerpt":{"rendered":"<p>BI-Directional Scriber Cylinder For No Tillage Machines The BI-Directional Scriber Cylinder is a crucial component for no-tillage machines, significantly enhancing their effectiveness in soil preparation and planting. This innovative cylinder allows for precise and versatile soil management, enabling farmers to create optimal planting conditions while preserving the soil structure. By leveraging advanced hydraulic technology, the [&hellip;]<\/p>","protected":false},"featured_media":17303,"comment_status":"open","ping_status":"closed","template":"","meta":{"_et_pb_use_builder":"","_et_pb_old_content":"","_et_gb_content_width":""},"product_brand":[],"product_cat":[1550,1530,1376],"product_tag":[],"class_list":{"0":"post-17332","1":"product","2":"type-product","3":"status-publish","4":"has-post-thumbnail","6":"product_cat-double-acting-hydraulic-cylinder","7":"product_cat-no-tillage-machinery-hydraulic-cylinders","8":"product_cat-hydraulic-cylinder","10":"first","11":"instock","12":"shipping-taxable","13":"product-type-simple"},"amp_enabled":true,"_links":{"self":[{"href":"https:\/\/www.hydraulic-cylinders.net\/lv\/wp-json\/wp\/v2\/product\/17332","targetHints":{"allow":["GET"]}}],"collection":[{"href":"https:\/\/www.hydraulic-cylinders.net\/lv\/wp-json\/wp\/v2\/product"}],"about":[{"href":"https:\/\/www.hydraulic-cylinders.net\/lv\/wp-json\/wp\/v2\/types\/product"}],"replies":[{"embeddable":true,"href":"https:\/\/www.hydraulic-cylinders.net\/lv\/wp-json\/wp\/v2\/comments?post=17332"}],"wp:featuredmedia":[{"embeddable":true,"href":"https:\/\/www.hydraulic-cylinders.net\/lv\/wp-json\/wp\/v2\/media\/17303"}],"wp:attachment":[{"href":"https:\/\/www.hydraulic-cylinders.net\/lv\/wp-json\/wp\/v2\/media?parent=17332"}],"wp:term":[{"taxonomy":"product_brand","embeddable":true,"href":"https:\/\/www.hydraulic-cylinders.net\/lv\/wp-json\/wp\/v2\/product_brand?post=17332"},{"taxonomy":"product_cat","embeddable":true,"href":"https:\/\/www.hydraulic-cylinders.net\/lv\/wp-json\/wp\/v2\/product_cat?post=17332"},{"taxonomy":"product_tag","embeddable":true,"href":"https:\/\/www.hydraulic-cylinders.net\/lv\/wp-json\/wp\/v2\/product_tag?post=17332"}],"curies":[{"name":"wp","href":"https:\/\/api.w.org\/{rel}","templated":true}]}}