{"id":17333,"date":"2025-03-07T07:52:56","date_gmt":"2025-03-07T07:52:56","guid":{"rendered":"https:\/\/www.hydraulic-cylinders.net\/?post_type=product&#038;p=17333"},"modified":"2025-04-11T03:04:59","modified_gmt":"2025-04-11T03:04:59","slug":"main-and-auxiliary-lifting-spring-cylinders-for-no-tillage-machines","status":"publish","type":"product","link":"https:\/\/www.hydraulic-cylinders.net\/lv\/products\/main-and-auxiliary-lifting-spring-cylinders-for-no-tillage-machines\/","title":{"rendered":"Galvenie un papildu pacel\u0161anas atsperu cilindri bezapstr\u0101des ma\u0161\u012bn\u0101m"},"content":{"rendered":"<h1 style=\"text-align: center;\"><strong>Galvenie un papildu pacel\u0161anas atsperu cilindri bezapstr\u0101des ma\u0161\u012bn\u0101m<br \/>\n<img loading=\"lazy\" decoding=\"async\" class=\"alignnone wp-image-17289\" src=\"https:\/\/www.hydraulic-cylinders.net\/wp-content\/uploads\/2025\/03\/main-and-auxiliary-lifting-spring-cylinder-1-1.webp\" alt=\"\" width=\"500\" height=\"500\" srcset=\"https:\/\/www.hydraulic-cylinders.net\/wp-content\/uploads\/2025\/03\/main-and-auxiliary-lifting-spring-cylinder-1-1.webp 500w, https:\/\/www.hydraulic-cylinders.net\/wp-content\/uploads\/2025\/03\/main-and-auxiliary-lifting-spring-cylinder-1-1-480x480.webp 480w\" sizes=\"(min-width: 0px) and (max-width: 480px) 480px, (min-width: 481px) 500px, 100vw\" \/><br \/>\n<\/strong><\/h1>\n<p>Galvenie un papildu pacel\u0161anas atsperu cilindri ir b\u016btiskas bezapstr\u0101des ma\u0161\u012bnu sast\u0101vda\u013cas, kas prasm\u012bgi izstr\u0101d\u0101tas, lai uzlabotu gan funkcionalit\u0101ti, gan efektivit\u0101ti. \u0160ie hidrauliskie cilindri nodro\u0161ina prec\u012bzu apr\u012bkojuma pacel\u0161anu un nolai\u0161anu, nodro\u0161inot netrauc\u0113tu darb\u012bbu kritisku lauksaimniec\u012bbas darbu laik\u0101. Pateicoties to iztur\u012bgajai konstrukcijai un progres\u012bvajai in\u017eenierijai, tie ir iz\u0161\u0137iro\u0161i m\u016bsdienu lauksaimniec\u012bb\u0101, veicinot lab\u0101ku augsnes apstr\u0101di un palielinot ra\u017eas apjomu.<\/p>\n<p>\u0160ie pacel\u0161anas atsperu cilindri ir neat\u0146emama bezar\u0161anas ma\u0161\u012bnu efekt\u012bvas darb\u012bbas sast\u0101vda\u013ca. To iespaid\u012bg\u0101 kravnes\u012bba, iztur\u012bgais dizains un vienm\u0113r\u012bg\u0101 darb\u012bba iev\u0113rojami palielina lauksaimniec\u012bbas efektivit\u0101ti. Ja lauksaimnieki iev\u0113ro pareizu lieto\u0161anas un apkopes praksi, vi\u0146i var pa\u013cauties uz \u0161o cilindru uzticamu darb\u012bbu, t\u0101d\u0113j\u0101di uzlabojot produktivit\u0101ti un pan\u0101kot veiksm\u012bgus lauksaimniec\u012bbas rezult\u0101tus. Invest\u012bcijas augstas kvalit\u0101tes pacel\u0161anas atsperu cilindros ir gudra izv\u0113le jebkurai t\u0101lredz\u012bgai lauksaimniec\u012bbas darb\u012bbai.<\/p>\n<h2><strong>Galveno un papildu pacel\u0161anas atsperu cilindri bez augsnes apstr\u0101des ma\u0161\u012bn\u0101m Ma\u0161\u012bnu parametri:<\/strong><\/h2>\n<h1 style=\"text-align: center;\"><strong><img loading=\"lazy\" decoding=\"async\" class=\"alignnone size-full wp-image-17283\" src=\"https:\/\/www.hydraulic-cylinders.net\/wp-content\/uploads\/2025\/03\/hydraulic-cylinders-for-no-tillage-machines-parameter-1.webp\" alt=\"\" width=\"2237\" height=\"1271\" srcset=\"https:\/\/www.hydraulic-cylinders.net\/wp-content\/uploads\/2025\/03\/hydraulic-cylinders-for-no-tillage-machines-parameter-1.webp 2237w, https:\/\/www.hydraulic-cylinders.net\/wp-content\/uploads\/2025\/03\/hydraulic-cylinders-for-no-tillage-machines-parameter-1-1280x727.webp 1280w, https:\/\/www.hydraulic-cylinders.net\/wp-content\/uploads\/2025\/03\/hydraulic-cylinders-for-no-tillage-machines-parameter-1-980x557.webp 980w, https:\/\/www.hydraulic-cylinders.net\/wp-content\/uploads\/2025\/03\/hydraulic-cylinders-for-no-tillage-machines-parameter-1-480x273.webp 480w\" sizes=\"(min-width: 0px) and (max-width: 480px) 480px, (min-width: 481px) and (max-width: 980px) 980px, (min-width: 981px) and (max-width: 1280px) 1280px, (min-width: 1281px) 2237px, 100vw\" \/><\/strong><\/h1>\n<h2><strong>Galveno un papildu pacel\u0161anas atsperu cilindru pielietojums bez augsnes apstr\u0101des ma\u0161\u012bn\u0101m:<\/strong><\/h2>\n<p><img loading=\"lazy\" decoding=\"async\" class=\"alignnone size-full wp-image-17282\" src=\"https:\/\/www.hydraulic-cylinders.net\/wp-content\/uploads\/2025\/03\/hydraulic-cylinders-for-no-tillage-machines-application-1.webp\" alt=\"\" width=\"2273\" height=\"976\" srcset=\"https:\/\/www.hydraulic-cylinders.net\/wp-content\/uploads\/2025\/03\/hydraulic-cylinders-for-no-tillage-machines-application-1.webp 2273w, https:\/\/www.hydraulic-cylinders.net\/wp-content\/uploads\/2025\/03\/hydraulic-cylinders-for-no-tillage-machines-application-1-1280x550.webp 1280w, https:\/\/www.hydraulic-cylinders.net\/wp-content\/uploads\/2025\/03\/hydraulic-cylinders-for-no-tillage-machines-application-1-980x421.webp 980w, https:\/\/www.hydraulic-cylinders.net\/wp-content\/uploads\/2025\/03\/hydraulic-cylinders-for-no-tillage-machines-application-1-480x206.webp 480w\" sizes=\"(min-width: 0px) and (max-width: 480px) 480px, (min-width: 481px) and (max-width: 980px) 980px, (min-width: 981px) and (max-width: 1280px) 1280px, (min-width: 1281px) 2273px, 100vw\" \/><\/p>\n<h2><strong>Galveno un papildu pacel\u0161anas atsperu cilindru galven\u0101s iez\u012bmes bezapstr\u0101des ma\u0161\u012bn\u0101m:<\/strong><\/h2>\n<h4><strong>Izcila kravnes\u012bba<\/strong><\/h4>\n<p>\u0160ie pacel\u0161anas atsperu cilindri ir konstru\u0113ti, lai iztur\u0113tu iev\u0113rojamu svaru, nodro\u0161inot nepiecie\u0161amo sp\u0113ku smagu lauksaimniec\u012bbas instrumentu pacel\u0161anai bez piep\u016bles. \u0160\u012b iespaid\u012bg\u0101 kravnes\u012bba \u013cauj lauksaimniekiem p\u0101rliecino\u0161i veikt sare\u017e\u0123\u012btus uzdevumus, uzlabojot efektivit\u0101ti un \u013caujot p\u0101rvald\u012bt liel\u0101kus laukus un sare\u017e\u0123\u012bt\u0101kas darb\u012bbas.<\/p>\n<h4><strong>Iztur\u012bga daudzpus\u012bba<\/strong><\/h4>\n<p>\u0160ie cilindri, kas izstr\u0101d\u0101ti t\u0101, lai b\u016btu sader\u012bgi ar pla\u0161u bezar\u0161anas ma\u0161\u012bnu kl\u0101stu, pied\u0101v\u0101 iev\u0113rojamu daudzpus\u012bbu da\u017e\u0101diem lauksaimniec\u012bbas darbiem. To sp\u0113ja neman\u0101mi integr\u0113ties ar eso\u0161o apr\u012bkojumu noz\u012bm\u0113, ka lauksaimnieki var uzlabot savu tehniku \u200b\u200bbez pla\u0161u modifik\u0101ciju apgr\u016btin\u0101juma. \u0160\u012b piel\u0101gojam\u012bba veicina piel\u0101gotus risin\u0101jumus, kas atbilst konkr\u0113t\u0101m darb\u012bbas vajadz\u012bb\u0101m, galu gal\u0101 palielinot kop\u0113jo produktivit\u0101ti.<\/p>\n<h4><strong>Vienm\u0113r\u012bga un efekt\u012bva darb\u012bba<\/strong><\/h4>\n<p>\u0160o cilindru uzlabot\u0101 hidraulisk\u0101 konstrukcija samazina berzi, nodro\u0161inot vienm\u0113r\u012bgas un kontrol\u0113tas pacel\u0161anas un nolai\u0161anas darb\u012bbas. \u0160\u012b funkcija ne tikai uzlabo darb\u012bbas efektivit\u0101ti, bet ar\u012b \u013cauj lauksaimniekiem veikt savus uzdevumus ar liel\u0101ku precizit\u0101ti. Vienm\u0113r\u012bga darb\u012bba veicina uzlabotu darbpl\u016bsmu, lab\u0101ku augsnes apstr\u0101di un optim\u0101lu kult\u016braugu izvietojumu.<\/p>\n<h4><strong>Iztur\u012bga konstrukcija<\/strong><\/h4>\n<p>\u0160ie pacel\u0161anas atsperu cilindri ir izgatavoti no augstas kvalit\u0101tes materi\u0101liem un ir rad\u012bti, lai iztur\u0113tu skarbas lauksaimniec\u012bbas vides izaicin\u0101jumus. To iztur\u012bg\u0101 konstrukcija ir iztur\u012bga pret nodilumu, nodro\u0161inot ilgsto\u0161u veiktsp\u0113ju pat sare\u017e\u0123\u012btos apst\u0101k\u013cos. \u0160\u012b iztur\u012bba samazina nomai\u0146as bie\u017eumu, \u013caujot lauksaimniekiem koncentr\u0113ties uz savu darbu, nevis apr\u012bkojuma apkopi.<\/p>\n<h4><strong>Vienk\u0101r\u0161a uzst\u0101d\u012b\u0161ana<\/strong><\/h4>\n<p>\u0160ie pacel\u0161anas atsperu cilindri, kas izstr\u0101d\u0101ti, dom\u0101jot par lietot\u0101jam draudz\u012bgumu, nodro\u0161ina vienk\u0101r\u0161u uzst\u0101d\u012b\u0161anu, samazinot d\u012bkst\u0101ves laiku iestat\u012b\u0161anas laik\u0101. Lauksaimnieki var \u0101tri un efekt\u012bvi integr\u0113t \u0161os cilindrus sav\u0101s darb\u012bb\u0101s, atgrie\u017eoties darb\u0101 bez kav\u0113\u0161an\u0101s. \u0160\u012b vienk\u0101r\u0161\u0101 uzst\u0101d\u012b\u0161ana pal\u012bdz optimiz\u0113t produktivit\u0101ti jau no pa\u0161a s\u0101kuma.<\/p>\n<p>Izv\u0113loties \u0161os augstas veiktsp\u0113jas pacel\u0161anas atsperu cilindrus, lauksaimnieki var iev\u0113rojami uzlabot savas bezar\u0161anas ma\u0161\u012bnas, nodro\u0161inot uzticamu darb\u012bbu un uzlabotu lauksaimniec\u012bbas efektivit\u0101ti. Invest\u012bcijas kvalitat\u012bv\u0101s sast\u0101vda\u013c\u0101s nodro\u0161ina produkt\u012bv\u0101ku un veiksm\u012bg\u0101ku lauksaimniec\u012bbas pieredzi, bru\u0123\u0113jot ce\u013cu uz gai\u0161\u0101ku lauksaimniec\u012bbas n\u0101kotni.<\/p>\n<h2><strong>Galvenie un papildu pacel\u0161anas atsperu cilindri bez augsnes apstr\u0101des ma\u0161\u012bn\u0101m. Piem\u0113rojamais modelis:<\/strong><\/h2>\n<h1 style=\"text-align: center;\"><strong><img loading=\"lazy\" decoding=\"async\" class=\"alignnone size-full wp-image-17284\" src=\"https:\/\/www.hydraulic-cylinders.net\/wp-content\/uploads\/2025\/03\/hydraulic-cylinders-for-no-tillage-machines-2.webp\" alt=\"\" width=\"2312\" height=\"600\" srcset=\"https:\/\/www.hydraulic-cylinders.net\/wp-content\/uploads\/2025\/03\/hydraulic-cylinders-for-no-tillage-machines-2.webp 2312w, https:\/\/www.hydraulic-cylinders.net\/wp-content\/uploads\/2025\/03\/hydraulic-cylinders-for-no-tillage-machines-2-1280x332.webp 1280w, https:\/\/www.hydraulic-cylinders.net\/wp-content\/uploads\/2025\/03\/hydraulic-cylinders-for-no-tillage-machines-2-980x254.webp 980w, https:\/\/www.hydraulic-cylinders.net\/wp-content\/uploads\/2025\/03\/hydraulic-cylinders-for-no-tillage-machines-2-480x125.webp 480w\" sizes=\"(min-width: 0px) and (max-width: 480px) 480px, (min-width: 481px) and (max-width: 980px) 980px, (min-width: 981px) and (max-width: 1280px) 1280px, (min-width: 1281px) 2312px, 100vw\" \/><\/strong><\/h1>\n<h2><strong>Galveno un pal\u012bgiek\u0101rtu pacel\u0161anas atsperu cilindri bezapstr\u0101des ma\u0161\u012bn\u0101m Lieto\u0161anas metode:<\/strong><\/h2>\n<p><img loading=\"lazy\" decoding=\"async\" class=\"aligncenter wp-image-1044961\" src=\"https:\/\/images.hzpt.com\/2025\/03\/main-and-auxiliary-lifting-spring-cylinder-installation-1.webp\" alt=\"\" width=\"500\" height=\"575\" \/><\/p>\n<p>Lai maksim\u0101li palielin\u0101tu galveno un papildu pacel\u0161anas atsperu cilindru efektivit\u0101ti, apsveriet \u0161\u012bs svar\u012bg\u0101s darb\u012bbas:<\/p>\n<h4><strong>1. Uzst\u0101d\u012b\u0161ana<\/strong><\/h4>\n<p>S\u0101ciet ar pacel\u0161anas atsperu cilindru uzst\u0101d\u012b\u0161anu, stingri iev\u0113rojot ra\u017eot\u0101ja vadl\u012bnijas. Pareiza uzst\u0101d\u012b\u0161ana ir \u013coti svar\u012bga, lai sasniegtu optim\u0101lu veiktsp\u0113ju. Veltiet laiku visu savienojumu nostiprin\u0101\u0161anai, lai nov\u0113rstu nopl\u016bdes, kas var izrais\u012bt neefektivit\u0101ti un iesp\u0113jamus boj\u0101jumus. P\u0101rliecinieties, vai cilindri ir pareizi izl\u012bdzin\u0101ti, \u013caujot tiem netrauc\u0113ti darboties bezar\u0161anas ma\u0161\u012bn\u0101. Labi uzst\u0101d\u012bts cilindrs ne tikai uzlabo funkcionalit\u0101ti, bet ar\u012b uzlabo iek\u0101rtas visp\u0101r\u0113jo dro\u0161\u012bbu.<\/p>\n<h4><strong>2. Hidraulisk\u0101s sist\u0113mas p\u0101rbaude<\/strong><\/h4>\n<p>Pirms jebk\u0101du darb\u012bbu uzs\u0101k\u0161anas veiciet r\u016bp\u012bgu hidraulisk\u0101s sist\u0113mas p\u0101rbaudi. P\u0101rbaudiet hidraulisk\u0101 \u0161\u0137idruma l\u012bmeni, lai p\u0101rliecin\u0101tos, ka tas atbilst ieteicamajam diapazonam, jo \u200b\u200bnepietiekams \u0161\u0137idruma daudzums var kav\u0113t veiktsp\u0113ju un izrais\u012bt sist\u0113mas k\u013c\u016bmes. P\u0101rbaudiet \u0161\u013c\u016btenes un savienojumus, vai nav nodiluma paz\u012bmju, plaisu vai nopl\u016b\u017eu. Pareiza hidraulisk\u0101 spiediena uztur\u0113\u0161ana ir b\u016btiska efekt\u012bvai cel\u0161anai un nodro\u0161ina ma\u0161\u012bnas optim\u0101lu darb\u012bbu. Ieteicams regul\u0101ri p\u0101rbaud\u012bt, lai laikus atkl\u0101tu iesp\u0113jam\u0101s probl\u0113mas.<\/p>\n<h4><strong>3. Saderin\u0101\u0161an\u0101s<\/strong><\/h4>\n<p>P\u0113c uzst\u0101d\u012b\u0161anas un p\u0101rbaudes aktiviz\u0113jiet hidraulisko sist\u0113mu, lai paceltu vai nolaistu bezar\u0161anas ma\u0161\u012bnas sast\u0101vda\u013cas. Izmantojiet vad\u012bbas sviras p\u0101rdom\u0101ti, nodro\u0161inot pak\u0101peniskas un prec\u012bzas kust\u012bbas. \u0160\u012b r\u016bp\u012bg\u0101 pieeja \u013cauj veikt prec\u012bzus piel\u0101gojumus atkar\u012bb\u0101 no main\u012bgiem lauka apst\u0101k\u013ciem, piem\u0113ram, reljefa vai kult\u016braugu augstuma izmai\u0146\u0101m. Vienm\u0113r\u012bga hidraulisk\u0101s sist\u0113mas iesl\u0113g\u0161ana ne tikai uzlabo efektivit\u0101ti, bet ar\u012b uzlabo visp\u0101r\u0113jo augsnes apstr\u0101des praksi.<\/p>\n<h4><strong>4. Veiktsp\u0113jas uzraudz\u012bba<\/strong><\/h4>\n<p>Darb\u012bbas laik\u0101 r\u016bp\u012bgi sekojiet l\u012bdzi pacel\u0161anas cilindru darb\u012bbai. Regul\u0101ri ieklausieties, vai nav neparastas ska\u0146as, piem\u0113ram, sl\u012bp\u0113\u0161ana vai p\u0101rm\u0113r\u012bgs troksnis, un piev\u0113rsiet uzman\u012bbu pretest\u012bbas paz\u012bm\u0113m pacel\u0161anas un nolai\u0161anas laik\u0101. \u0160\u012bs paz\u012bmes var nor\u0101d\u012bt uz apkopes nepiecie\u0161am\u012bbu vai meh\u0101nisk\u0101m probl\u0113m\u0101m. Probl\u0113mu agr\u012bna atkl\u0101\u0161ana \u013cauj savlaic\u012bgi veikt remontu, pal\u012bdzot izvair\u012bties no d\u0101rg\u0101m d\u012bkst\u0101v\u0113m un nodro\u0161inot, ka tehnika saglab\u0101jas optim\u0101l\u0101 darba st\u0101vokl\u012b. Saglab\u0101jot modr\u012bbu, lauksaimnieki var pagarin\u0101t savu pacel\u0161anas atsperu cilindru kalpo\u0161anas laiku un uzticam\u012bbu.<\/p>\n<p>Iev\u0113rojot \u0161\u012bs darb\u012bbas, lietot\u0101ji var nodro\u0161in\u0101t galveno un papildu pacel\u0161anas atsperu cilindru efekt\u012bvu darb\u012bbu, t\u0101d\u0113j\u0101di uzlabojot produktivit\u0101ti un pan\u0101kot veiksm\u012bgus lauksaimniec\u012bbas rezult\u0101tus.<\/p>\n<h2><strong>Testa apr\u012bkojums:<\/strong><\/h2>\n<p><strong><img loading=\"lazy\" decoding=\"async\" class=\"alignnone size-full wp-image-17293\" src=\"https:\/\/www.hydraulic-cylinders.net\/wp-content\/uploads\/2025\/03\/test-equipment.webp-2.webp\" alt=\"\" width=\"1932\" height=\"1741\" srcset=\"https:\/\/www.hydraulic-cylinders.net\/wp-content\/uploads\/2025\/03\/test-equipment.webp-2.webp 1932w, https:\/\/www.hydraulic-cylinders.net\/wp-content\/uploads\/2025\/03\/test-equipment.webp-2-1280x1153.webp 1280w, https:\/\/www.hydraulic-cylinders.net\/wp-content\/uploads\/2025\/03\/test-equipment.webp-2-980x883.webp 980w, https:\/\/www.hydraulic-cylinders.net\/wp-content\/uploads\/2025\/03\/test-equipment.webp-2-480x433.webp 480w\" sizes=\"(min-width: 0px) and (max-width: 480px) 480px, (min-width: 481px) and (max-width: 980px) 980px, (min-width: 981px) and (max-width: 1280px) 1280px, (min-width: 1281px) 1932px, 100vw\" \/><\/strong><\/p>\n<ul>\n<li>1: S\u0101ls izsmidzin\u0101\u0161anas testa kamera<\/li>\n<li>2: \u0136\u012bmisk\u0101 anal\u012bze<\/li>\n<li>3: Stiepes p\u0101rbaudes iek\u0101rta<\/li>\n<li>4: Rokvela ciet\u012bbas testeris<\/li>\n<li>5: T\u012br\u012bbas p\u0101rbaudes iek\u0101rta<\/li>\n<li>6: TH110 atsitiena ciet\u012bbas testeris<\/li>\n<li>7: P\u0101rkl\u0101juma biezuma m\u0113r\u012bt\u0101js<\/li>\n<li>8: Sv\u0101rsta trieciena tests<\/li>\n<\/ul>\n<p><img loading=\"lazy\" decoding=\"async\" class=\"alignnone size-full wp-image-17292\" src=\"https:\/\/www.hydraulic-cylinders.net\/wp-content\/uploads\/2025\/03\/test-equipment.webp-1.webp\" alt=\"\" width=\"1600\" height=\"1216\" srcset=\"https:\/\/www.hydraulic-cylinders.net\/wp-content\/uploads\/2025\/03\/test-equipment.webp-1.webp 1600w, https:\/\/www.hydraulic-cylinders.net\/wp-content\/uploads\/2025\/03\/test-equipment.webp-1-1280x973.webp 1280w, https:\/\/www.hydraulic-cylinders.net\/wp-content\/uploads\/2025\/03\/test-equipment.webp-1-980x745.webp 980w, https:\/\/www.hydraulic-cylinders.net\/wp-content\/uploads\/2025\/03\/test-equipment.webp-1-480x365.webp 480w\" sizes=\"(min-width: 0px) and (max-width: 480px) 480px, (min-width: 481px) and (max-width: 980px) 980px, (min-width: 981px) and (max-width: 1280px) 1280px, (min-width: 1281px) 1600px, 100vw\" \/><\/p>\n<p>M\u016bsu uz\u0146\u0113mums uzskata kvalit\u0101ti par savu pan\u0101kumu pamatu. Lai izpild\u012btu \u0161o ap\u0146em\u0161anos, esam ieguld\u012bju\u0161i l\u012bdzek\u013cus modern\u0101kaj\u0101 m\u0101jas test\u0113\u0161anas un laboratorijas apr\u012bkojum\u0101, ko atbalsta augsti kvalific\u0113tu zin\u0101tnes un tehnolo\u0123iju speci\u0101listu komanda.<\/p>\n<p>M\u0113s iev\u0113rojam stingru kvalit\u0101tes vad\u012bbas sist\u0113mu, kas atbilst nozares standartiem, nodro\u0161inot, ka katra m\u016bsu ra\u017eot\u0101 produktu partija atbilst augst\u0101kajiem kvalit\u0101tes krit\u0113rijiem. Standartiz\u0113jot m\u016bsu darb\u012bbas un nep\u0101rtraukti uzraugot procesus, m\u0113s nodro\u0161in\u0101m, ka m\u016bsu klienti sa\u0146em tikai vislab\u0101ko.<\/p>\n<p>\u0160\u012b nelok\u0101m\u0101 ap\u0146em\u0161an\u0101s nodro\u0161in\u0101t kvalit\u0101ti ne tikai uzlabo m\u016bsu produktu uzticam\u012bbu, bet ar\u012b veido uztic\u012bbu un apmierin\u0101t\u012bbu m\u016bsu klientu vid\u016b. M\u0113s ticam, ka, pie\u0161\u0137irot priorit\u0101ti izcil\u012bbai katr\u0101 m\u016bsu ra\u017eo\u0161anas aspekt\u0101, m\u0113s veicin\u0101m m\u016bsu partneru un visas nozares pan\u0101kumus. Kop\u0101 m\u0113s tiecamies p\u0113c inov\u0101cij\u0101m un kvalit\u0101tes, kas saglab\u0101jas laika gait\u0101.<\/p>\n<h2><strong>Hidraulisko cilindru ra\u017eo\u0161anas vieta:<\/strong><\/h2>\n<p>M\u016bsu uz\u0146\u0113mums ir vado\u0161ais hidraulisko cilindru ra\u017eot\u0101js, ko atbalsta m\u016bsu pa\u0161u neatkar\u012bg\u0101s p\u0113tniec\u012bbas, att\u012bst\u012bbas un projekt\u0113\u0161anas iesp\u0113jas. Ar modernu ra\u017eotni, kur\u0101 atrodas vair\u0101k nek\u0101 170 visp\u0101r\u0113jie darbgaldi, CNC iek\u0101rtas, apstr\u0101des centri, metin\u0101\u0161anas iek\u0101rtas un specializ\u0113ti test\u0113\u0161anas un p\u0101rbaudes instrumenti, m\u0113s esam labi apr\u012bkoti, lai apmierin\u0101tu da\u017e\u0101das r\u016bpniec\u012bbas pras\u012bbas.<\/p>\n<p>Pateicoties daudzu gadu uzkr\u0101tajai tehnolo\u0123iskajai pieredzei un procesu pilnveido\u0161anai, esam izveidoju\u0161i nobriedu\u0161u ra\u017eo\u0161anas procesu, kas neman\u0101mi integr\u0113 p\u0113tniec\u012bbu un att\u012bst\u012bbu ar ra\u017eo\u0161anu. \u0160\u012b integr\u0101cija ir k\u013cuvusi par m\u016bsu galveno konkurences priek\u0161roc\u012bbu, \u013caujot mums projekt\u0113t un ra\u017eot pla\u0161u hidraulisko cilindru kl\u0101stu, kas piel\u0101gots konkr\u0113t\u0101m klientu pras\u012bb\u0101m.<\/p>\n<p>M\u016bsu produkti tiek pla\u0161i izmantoti da\u017e\u0101d\u0101s nozar\u0113s, tostarp lauksaimniec\u012bbas ma\u0161\u012bn\u0101s, celtniec\u012bbas iek\u0101rt\u0101s, transportl\u012bdzek\u013cos, ce\u013cu b\u016bv\u0113 un specializ\u0113taj\u0101 ma\u0161\u012bn\u0101s. M\u0113s ar lepnumu atbalst\u0101m daudzus ori\u0123in\u0101l\u0101 apr\u012bkojuma ra\u017eot\u0101jus (OEM), tostarp Bonong Xingda, Bojin Hummer, Jilin Ruifeng, Debang Dawei, Shandong Yineng Heavy Industry, Tai'an Modern Heavy Industry un Shifeng Group.<\/p>\n<p><img loading=\"lazy\" decoding=\"async\" class=\"alignnone size-full wp-image-17290\" src=\"https:\/\/www.hydraulic-cylinders.net\/wp-content\/uploads\/2025\/03\/production-site-1.webp\" alt=\"\" width=\"1971\" height=\"2253\" srcset=\"https:\/\/www.hydraulic-cylinders.net\/wp-content\/uploads\/2025\/03\/production-site-1.webp 1971w, https:\/\/www.hydraulic-cylinders.net\/wp-content\/uploads\/2025\/03\/production-site-1-1280x1463.webp 1280w, https:\/\/www.hydraulic-cylinders.net\/wp-content\/uploads\/2025\/03\/production-site-1-980x1120.webp 980w, https:\/\/www.hydraulic-cylinders.net\/wp-content\/uploads\/2025\/03\/production-site-1-480x549.webp 480w\" sizes=\"(min-width: 0px) and (max-width: 480px) 480px, (min-width: 481px) and (max-width: 980px) 980px, (min-width: 981px) and (max-width: 1280px) 1280px, (min-width: 1281px) 1971px, 100vw\" \/><\/p>\n<p>M\u0113s esam ap\u0146\u0113mu\u0161ies sniegt izcilu servisu, izmantojot stingru kvalit\u0101tes politiku, kas priorit\u0101ti pie\u0161\u0137ir nep\u0101rtraukt\u0101m inov\u0101cij\u0101m p\u0113tniec\u012bb\u0101 un att\u012bst\u012bb\u0101, vad\u012bb\u0101, kvalit\u0101tes kontrol\u0113 un klientu apkalpo\u0161an\u0101. M\u016bsu ap\u0146em\u0161an\u0101s nodro\u0161in\u0101t kvalit\u0101ti ir atz\u012bta ar ISO\/TS16949 sertifik\u0101tu, kas nodro\u0161ina, ka m\u0113s ne tikai atbilstam, bet ar\u012b past\u0101v\u012bgi p\u0101rsniedzam klientu cer\u012bbas.<\/p>\n<p>Raugoties n\u0101kotn\u0113, m\u0113s turpin\u0101sim att\u012bst\u012bt savas tehnolo\u0123ijas un papla\u0161in\u0101t savas iesp\u0113jas, vienm\u0113r cen\u0161oties nodro\u0161in\u0101t m\u016bsu klientiem visaugst\u0101k\u0101s kvalit\u0101tes produktus un pakalpojumus. Kop\u0101 m\u0113s veidojam izcil\u012bbas mantojumu hidraulisko cilindru nozar\u0113.<\/p>\n<p><strong>\u00a0<\/strong><\/p>","protected":false},"excerpt":{"rendered":"<p>Main And Auxiliary Lifting Spring Cylinders For No Tillage Machines Main and auxiliary lifting spring cylinders are essential components of no-tillage machines, skillfully designed to enhance both functionality and efficiency. These hydraulic cylinders enable precise lifting and lowering of equipment, ensuring seamless operation during critical agricultural tasks. With their robust construction and advanced engineering, they [&hellip;]<\/p>","protected":false},"featured_media":17335,"comment_status":"open","ping_status":"closed","template":"","meta":{"_et_pb_use_builder":"","_et_pb_old_content":"","_et_gb_content_width":""},"product_brand":[],"product_cat":[1530,1549,1376],"product_tag":[],"class_list":{"0":"post-17333","1":"product","2":"type-product","3":"status-publish","4":"has-post-thumbnail","6":"product_cat-no-tillage-machinery-hydraulic-cylinders","7":"product_cat-single-acting-hydraulic-cylinder","8":"product_cat-hydraulic-cylinder","10":"first","11":"instock","12":"shipping-taxable","13":"product-type-simple"},"amp_enabled":true,"_links":{"self":[{"href":"https:\/\/www.hydraulic-cylinders.net\/lv\/wp-json\/wp\/v2\/product\/17333","targetHints":{"allow":["GET"]}}],"collection":[{"href":"https:\/\/www.hydraulic-cylinders.net\/lv\/wp-json\/wp\/v2\/product"}],"about":[{"href":"https:\/\/www.hydraulic-cylinders.net\/lv\/wp-json\/wp\/v2\/types\/product"}],"replies":[{"embeddable":true,"href":"https:\/\/www.hydraulic-cylinders.net\/lv\/wp-json\/wp\/v2\/comments?post=17333"}],"wp:featuredmedia":[{"embeddable":true,"href":"https:\/\/www.hydraulic-cylinders.net\/lv\/wp-json\/wp\/v2\/media\/17335"}],"wp:attachment":[{"href":"https:\/\/www.hydraulic-cylinders.net\/lv\/wp-json\/wp\/v2\/media?parent=17333"}],"wp:term":[{"taxonomy":"product_brand","embeddable":true,"href":"https:\/\/www.hydraulic-cylinders.net\/lv\/wp-json\/wp\/v2\/product_brand?post=17333"},{"taxonomy":"product_cat","embeddable":true,"href":"https:\/\/www.hydraulic-cylinders.net\/lv\/wp-json\/wp\/v2\/product_cat?post=17333"},{"taxonomy":"product_tag","embeddable":true,"href":"https:\/\/www.hydraulic-cylinders.net\/lv\/wp-json\/wp\/v2\/product_tag?post=17333"}],"curies":[{"name":"wp","href":"https:\/\/api.w.org\/{rel}","templated":true}]}}