{"id":17336,"date":"2025-03-07T08:15:05","date_gmt":"2025-03-07T08:15:05","guid":{"rendered":"https:\/\/www.hydraulic-cylinders.net\/?post_type=product&#038;p=17336"},"modified":"2025-04-11T03:04:56","modified_gmt":"2025-04-11T03:04:56","slug":"unidirectional-scriber-cylinder-for-no-tillage-machines","status":"publish","type":"product","link":"https:\/\/www.hydraulic-cylinders.net\/lv\/products\/unidirectional-scriber-cylinder-for-no-tillage-machines\/","title":{"rendered":"Vienvirziena skr\u0101pja cilindrs bezapstr\u0101des ma\u0161\u012bn\u0101m"},"content":{"rendered":"<h1 style=\"text-align: center;\"><strong>Vienvirziena skr\u0101pja cilindrs bezapstr\u0101des ma\u0161\u012bn\u0101m<\/strong><\/h1>\n<h1 style=\"text-align: center;\"><strong><img loading=\"lazy\" decoding=\"async\" class=\"alignnone wp-image-17299\" src=\"https:\/\/www.hydraulic-cylinders.net\/wp-content\/uploads\/2025\/03\/unidirectional-scriber-cylinder-1.webp\" alt=\"\" width=\"500\" height=\"521\" srcset=\"https:\/\/www.hydraulic-cylinders.net\/wp-content\/uploads\/2025\/03\/unidirectional-scriber-cylinder-1.webp 500w, https:\/\/www.hydraulic-cylinders.net\/wp-content\/uploads\/2025\/03\/unidirectional-scriber-cylinder-1-480x500.webp 480w\" sizes=\"(min-width: 0px) and (max-width: 480px) 480px, (min-width: 481px) 500px, 100vw\" \/><br \/>\n<\/strong><\/h1>\n<p>Vienvirziena dz\u0113\u0161cilindrs ir b\u016btiska sast\u0101vda\u013ca, kas \u012bpa\u0161i izstr\u0101d\u0101ta bezar\u0161anas ma\u0161\u012bn\u0101m. \u0160is inovat\u012bvais instruments iev\u0113rojami uzlabo augsnes sagatavo\u0161anas un s\u0113\u0161anas procesus, \u013caujot lauksaimniekiem rad\u012bt optim\u0101lus s\u0113\u0161anas apst\u0101k\u013cus ar liel\u0101ku efektivit\u0101ti. Samazinot augsnes trauc\u0113jumus, vienvirziena dz\u0113\u0161cilindram ir iz\u0161\u0137iro\u0161a noz\u012bme augsnes strukt\u016bras un mitruma l\u012bme\u0146a saglab\u0101\u0161an\u0101, kas ir vit\u0101li svar\u012bgi vesel\u012bgas kult\u016braugu aug\u0161anas veicin\u0101\u0161anai. T\u0101 modernais dizains un funkcionalit\u0101te padara to par v\u0113rt\u012bgu l\u012bdzekli m\u016bsdienu lauksaimniec\u012bbas praks\u0113.<\/p>\n<p>K\u0101 neaizst\u0101jams instruments bezar\u0161anas darbos, vienvirziena skibercilindrs uzlabo gan precizit\u0101ti, gan efektivit\u0101ti augsnes apstr\u0101d\u0113. T\u0101 iztur\u012bg\u0101 konstrukcija nodro\u0161ina ilgm\u016b\u017e\u012bbu, savuk\u0101rt vienk\u0101r\u0161ais uzst\u0101d\u012b\u0161anas process \u013cauj to \u0101tri integr\u0113t eso\u0161aj\u0101 tehnik\u0101. Samazinot augsnes trauc\u0113jumus, tas atbalsta ilgtsp\u0113j\u012bgu lauksaimniec\u012bbas praksi un pal\u012bdz lauksaimniekiem sasniegt ide\u0101lus s\u0113\u0161anas apst\u0101k\u013cus.<\/p>\n<p>Pareizas lieto\u0161anas un apkopes vadl\u012bniju iev\u0113ro\u0161ana nodro\u0161ina uzticamu veiktsp\u0113ju, kas galu gal\u0101 noved pie uzlabotas ra\u017eas un veiksm\u012bgiem lauksaimniec\u012bbas rezult\u0101tiem. Invest\u012bcijas vienvirziena skicker cilindr\u0101 ir gudrs l\u0113mums jebkurai lauksaimniec\u012bbas darb\u012bbai, kuras m\u0113r\u0137is ir palielin\u0101t produktivit\u0101ti un darb\u012bbas efektivit\u0101ti.<\/p>\n<h2><strong>Vienvirziena skr\u0101pja cilindrs bez augsnes apstr\u0101des ma\u0161\u012bn\u0101m Parametrs:<\/strong><\/h2>\n<h1 style=\"text-align: center;\"><strong><img loading=\"lazy\" decoding=\"async\" class=\"alignnone size-full wp-image-17283\" src=\"https:\/\/www.hydraulic-cylinders.net\/wp-content\/uploads\/2025\/03\/hydraulic-cylinders-for-no-tillage-machines-parameter-1.webp\" alt=\"\" width=\"2237\" height=\"1271\" srcset=\"https:\/\/www.hydraulic-cylinders.net\/wp-content\/uploads\/2025\/03\/hydraulic-cylinders-for-no-tillage-machines-parameter-1.webp 2237w, https:\/\/www.hydraulic-cylinders.net\/wp-content\/uploads\/2025\/03\/hydraulic-cylinders-for-no-tillage-machines-parameter-1-1280x727.webp 1280w, https:\/\/www.hydraulic-cylinders.net\/wp-content\/uploads\/2025\/03\/hydraulic-cylinders-for-no-tillage-machines-parameter-1-980x557.webp 980w, https:\/\/www.hydraulic-cylinders.net\/wp-content\/uploads\/2025\/03\/hydraulic-cylinders-for-no-tillage-machines-parameter-1-480x273.webp 480w\" sizes=\"(min-width: 0px) and (max-width: 480px) 480px, (min-width: 481px) and (max-width: 980px) 980px, (min-width: 981px) and (max-width: 1280px) 1280px, (min-width: 1281px) 2237px, 100vw\" \/><\/strong><\/h1>\n<h2><strong>Vienvirziena skr\u0101pja cilindrs bezapstr\u0101des ma\u0161\u012bn\u0101m:<\/strong><\/h2>\n<p><img loading=\"lazy\" decoding=\"async\" class=\"alignnone size-full wp-image-17282\" src=\"https:\/\/www.hydraulic-cylinders.net\/wp-content\/uploads\/2025\/03\/hydraulic-cylinders-for-no-tillage-machines-application-1.webp\" alt=\"\" width=\"2273\" height=\"976\" srcset=\"https:\/\/www.hydraulic-cylinders.net\/wp-content\/uploads\/2025\/03\/hydraulic-cylinders-for-no-tillage-machines-application-1.webp 2273w, https:\/\/www.hydraulic-cylinders.net\/wp-content\/uploads\/2025\/03\/hydraulic-cylinders-for-no-tillage-machines-application-1-1280x550.webp 1280w, https:\/\/www.hydraulic-cylinders.net\/wp-content\/uploads\/2025\/03\/hydraulic-cylinders-for-no-tillage-machines-application-1-980x421.webp 980w, https:\/\/www.hydraulic-cylinders.net\/wp-content\/uploads\/2025\/03\/hydraulic-cylinders-for-no-tillage-machines-application-1-480x206.webp 480w\" sizes=\"(min-width: 0px) and (max-width: 480px) 480px, (min-width: 481px) and (max-width: 980px) 980px, (min-width: 981px) and (max-width: 1280px) 1280px, (min-width: 1281px) 2273px, 100vw\" \/><\/p>\n<h2><strong>Vienvirziena skr\u0101pja cilindrs bezapstr\u0101des ma\u0161\u012bn\u0101m Galven\u0101s iez\u012bmes:<\/strong><\/h2>\n<h4><strong>Optimiz\u0113ta darb\u012bba vien\u0101 virzien\u0101<\/strong><\/h4>\n<p>Skr\u0101pja cilindra vienvirziena dizains atvieglo efekt\u012bvu kust\u012bbu vien\u0101 virzien\u0101, padarot to \u012bpa\u0161i efekt\u012bvu vienk\u0101r\u0161iem st\u0101d\u012b\u0161anas un augsnes apstr\u0101des uzdevumiem. \u0160\u012b koncentr\u0113t\u0101 darb\u012bba vienk\u0101r\u0161o lietot\u0101ja pieredzi, \u013caujot operatoriem koncentr\u0113ties uz konsekventu un prec\u012bzu rezult\u0101tu sasnieg\u0161anu. Samazinot manevr\u0113\u0161anas sare\u017e\u0123\u012bt\u012bbu, lauksaimnieki var uzlabot produktivit\u0101ti, uztur\u0113t stabilu darbpl\u016bsmu un samazin\u0101t darb\u012bbas k\u013c\u016bdu risku.<\/p>\n<h4><strong>Iztur\u012bga un uzticama konstrukcija<\/strong><\/h4>\n<p>Izgatavots no augst\u0101k\u0101s kvalit\u0101tes materi\u0101liem, vienvirziena z\u012bm\u0113\u0161anas cilindrs ir izstr\u0101d\u0101ts, lai iztur\u0113tu skarbas lauksaimniec\u012bbas vides izaicin\u0101jumus. T\u0101 iztur\u012bg\u0101 konstrukcija ir iztur\u012bga pret nodilumu, nodro\u0161inot uzticamu veiktsp\u0113ju vis\u0101 lauksaimniec\u012bbas sezon\u0101. \u0160\u012b iztur\u012bba noz\u012bm\u0113 maz\u0101k remontu un nomai\u0146u, \u013caujot lauksaimniekiem ietaup\u012bt gan laiku, gan naudu, vienlaikus baudot uzticamu instrumentu. Iztur\u012bgais dizains vairo p\u0101rliec\u012bbu, zinot, ka tas var apmierin\u0101t ikdienas lauksaimniec\u012bbas darbu pras\u012bbas.<\/p>\n<h4><strong>Uzlabota precizit\u0101te un kontrole<\/strong><\/h4>\n<p>Apr\u012bkots ar modernu hidraulisko sist\u0113mu, vienvirziena skibra cilindrs nodro\u0161ina izcilu precizit\u0101ti gan dzi\u013cuma, gan le\u0146\u0137a p\u0101rvald\u012bb\u0101. \u0160\u012b iesp\u0113ja \u013cauj operatoriem veikt prec\u012bzus piel\u0101gojumus atbilsto\u0161i konkr\u0113tiem augsnes apst\u0101k\u013ciem un kult\u016braugu vajadz\u012bb\u0101m. \u0160\u0101da precizit\u0101te ir vit\u0101li svar\u012bga optim\u0101lai s\u0113klu izvieto\u0161anai, nodro\u0161inot, ka s\u0113klas tiek ies\u0113tas ide\u0101l\u0101 dzi\u013cum\u0101 efekt\u012bvai d\u012bg\u0161anai. Uzlabota augsnes aer\u0101cija, pateicoties prec\u012bziem piel\u0101gojumiem, v\u0113l vair\u0101k veicina sp\u0113c\u012bgu kult\u016braugu att\u012bst\u012bbu, kas noved pie vesel\u012bg\u0101kiem augiem un liel\u0101kas ra\u017eas.<\/p>\n<h4><strong>Vienk\u0101r\u0161a uzst\u0101d\u012b\u0161ana<\/strong><\/h4>\n<p>Vienvirziena z\u012bm\u0113\u0161anas cilindrs, kas izstr\u0101d\u0101ts, \u0146emot v\u0113r\u0101 lietot\u0101ja \u0113rt\u012bbas, ir viegli uzst\u0101d\u0101ms. Lauksaimnieki to var neman\u0101mi integr\u0113t sav\u0101s eso\u0161aj\u0101s bezar\u0161anas ma\u0161\u012bn\u0101s ar minim\u0101lu piep\u016bli vai tehnisk\u0101m zin\u0101\u0161an\u0101m. \u0160is lietot\u0101jam draudz\u012bgais aspekts iev\u0113rojami samazina d\u012bkst\u0101ves laiku, \u013caujot \u0101tri ats\u0101kt lauksaimniec\u012bbas darb\u012bbas bez kav\u0113\u0161an\u0101s. Samazinot iestat\u012b\u0161anas laiku, lauksaimnieki var koncentr\u0113ties uz produktivit\u0101tes maksimiz\u0113\u0161anu un piel\u0101go\u0161anos dinamiskaj\u0101m lauksaimniec\u012bbas grafika pras\u012bb\u0101m.<\/p>\n<h4><strong>Minim\u0101la augsnes p\u0101rkl\u0101\u0161ana<\/strong><\/h4>\n<p>Vienvirziena z\u012bm\u0113\u0161anas cilindra inovat\u012bvais dizains efekt\u012bvi samazina augsnes trauc\u0113jumus darb\u012bbas laik\u0101. Saglab\u0101jot b\u016btisku augsnes strukt\u016bru un mitruma saturu, \u0161\u012b funkcija veicina lab\u0101ku sak\u0146u att\u012bst\u012bbu, kas ir \u013coti svar\u012bgi kult\u016braugu vesel\u012bbai. Turkl\u0101t samazin\u0101ti augsnes trauc\u0113jumi pal\u012bdz uztur\u0113t labv\u0113l\u012bgos mikroorganismus augsn\u0113, uzlabojot kop\u0113jo augsnes augl\u012bbu. \u0160\u012b p\u0101rdom\u0101t\u0101 pieeja augsnes apsaimnieko\u0161anai atbalsta ilgtsp\u0113j\u012bgu lauksaimniec\u012bbas praksi un uzlabo kult\u016braugu vesel\u012bbu, t\u0101d\u0113j\u0101di palielinot ra\u017eu un nodro\u0161inot ilgtermi\u0146a lauksaimniec\u012bbas pan\u0101kumus.<\/p>\n<p>Rezum\u0113jot, vienvirziena z\u012bm\u0113\u0161anas cilindrs izce\u013cas ar savu racionaliz\u0113to vienvirziena darb\u012bbu, iztur\u012bgo konstrukciju, uzlabotu precizit\u0101ti, vieglu uzst\u0101d\u012b\u0161anu un minim\u0101lu augsnes boj\u0101\u0161anu. \u0160\u012bs \u012bpa\u0161\u012bbas padara to par nenov\u0113rt\u0113jamu instrumentu m\u016bsdienu lauksaimniec\u012bbas praks\u0113, dodot lauksaimniekiem iesp\u0113ju pan\u0101kt efekt\u012bvu un lietder\u012bgu augsnes apsaimnieko\u0161anu, galu gal\u0101 nodro\u0161inot vesel\u012bg\u0101kas kult\u016bras un uzlabotu produktivit\u0101ti.<\/p>\n<h2><strong>Vienvirziena skr\u0101pja cilindrs bezapstr\u0101des ma\u0161\u012bn\u0101m. Piem\u0113rojamais modelis:<\/strong><\/h2>\n<h1 style=\"text-align: center;\"><strong><img loading=\"lazy\" decoding=\"async\" class=\"alignnone size-full wp-image-17284\" src=\"https:\/\/www.hydraulic-cylinders.net\/wp-content\/uploads\/2025\/03\/hydraulic-cylinders-for-no-tillage-machines-2.webp\" alt=\"\" width=\"2312\" height=\"600\" srcset=\"https:\/\/www.hydraulic-cylinders.net\/wp-content\/uploads\/2025\/03\/hydraulic-cylinders-for-no-tillage-machines-2.webp 2312w, https:\/\/www.hydraulic-cylinders.net\/wp-content\/uploads\/2025\/03\/hydraulic-cylinders-for-no-tillage-machines-2-1280x332.webp 1280w, https:\/\/www.hydraulic-cylinders.net\/wp-content\/uploads\/2025\/03\/hydraulic-cylinders-for-no-tillage-machines-2-980x254.webp 980w, https:\/\/www.hydraulic-cylinders.net\/wp-content\/uploads\/2025\/03\/hydraulic-cylinders-for-no-tillage-machines-2-480x125.webp 480w\" sizes=\"(min-width: 0px) and (max-width: 480px) 480px, (min-width: 481px) and (max-width: 980px) 980px, (min-width: 981px) and (max-width: 1280px) 1280px, (min-width: 1281px) 2312px, 100vw\" \/><\/strong><\/h1>\n<h2><strong>K\u0101 vienvirziena skr\u0101pja cilindrs uzlabo augsnes vesel\u012bbu st\u0101d\u012b\u0161anas laik\u0101?<\/strong><\/h2>\n<p>Vienvirziena skicker cilindrs uzlabo augsnes vesel\u012bbu s\u0113\u0161anas laik\u0101, izmantojot vair\u0101kus galvenos meh\u0101nismus:<\/p>\n<h4><strong>Samazin\u0101ti augsnes trauc\u0113jumi<\/strong>:<\/h4>\n<p>T\u0101 specializ\u0113tais dizains samazina augsnes strukt\u016bras trauc\u0113jumus, saglab\u0101jot augsnes sl\u0101\u0146u dabisko izk\u0101rtojumu. \u0160\u012b saglab\u0101\u0161ana nov\u0113r\u0161 sabl\u012bv\u0113\u0161anos, \u013caujot sakn\u0113m viegl\u0101k iek\u013c\u016bt. Saglab\u0101jot \u0161o sl\u0101\u0146u integrit\u0101ti, cilindrs nodro\u0161ina, ka augsn\u0113 tiek saglab\u0101tas nepiecie\u0161am\u0101s bar\u012bbas vielas un mitrums, radot labv\u0113l\u012bg\u0101ku vidi augu aug\u0161anai.<\/p>\n<h4><strong>Mitruma saglab\u0101\u0161ana<\/strong>:<\/h4>\n<p>Ierobe\u017eojot augsnes trauc\u0113jumus, vienvirziena skibra cilindrs pal\u012bdz saglab\u0101t mitruma l\u012bmeni, kas ir \u013coti svar\u012bgs s\u0113klu d\u012bg\u0161anai un agr\u012bnai augu att\u012bst\u012bbai. Tas ir \u012bpa\u0161i svar\u012bgi sausos apst\u0101k\u013cos, kad mitruma zudums var kav\u0113t kult\u016braugu iesak\u0146o\u0161anos. Sp\u0113ja saglab\u0101t mitrumu ne tikai atbalsta s\u0101kotn\u0113jo aug\u0161anu, bet ar\u012b uzlabo auga iztur\u012bbu pret sausuma stresu v\u0113l\u0101k aug\u0161anas sezon\u0101.<\/p>\n<h4><strong>Uzlabota mikrobu aktivit\u0101te<\/strong>:<\/h4>\n<p>Cilindra konstrukcija \u013cauj augt labv\u0113l\u012bgajiem mikroorganismiem augsn\u0113, samazinot trauc\u0113jumus to dz\u012bvotnei. Vesel\u012bg\u0101m mikrobu popul\u0101cij\u0101m ir b\u016btiska loma organisko vielu sadal\u012b\u0161an\u0101, bar\u012bbas vielu aprit\u0113 un augsnes augl\u012bbas uzlabo\u0161an\u0101. Veicinot sp\u0113c\u012bgu mikrobu kopienu, vienvirziena z\u012bm\u0113\u0161anas cilindrs veicina uzlabotu bar\u012bbas vielu pieejam\u012bbu, kas atbalsta sp\u0113c\u012bg\u0101ku un vesel\u012bg\u0101ku kult\u016braugu aug\u0161anu.<\/p>\n<h4><strong>Veicina sak\u0146u att\u012bst\u012bbu<\/strong>:<\/h4>\n<p>Radot stabilu augsnes vidi, vienvirziena z\u012bm\u0113\u0161anas cilindrs veicina lab\u0101ku sak\u0146u aug\u0161anu un att\u012bst\u012bbu. Dzi\u013cas un pla\u0161as sak\u0146u sist\u0113mas ir b\u016btiskas, lai piek\u013c\u016btu \u016bdenim un bar\u012bbas viel\u0101m, kas ir kritiski svar\u012bgas augu vesel\u012bbai. Uzlabota sak\u0146u att\u012bst\u012bba ar\u012b uzlabo auga sp\u0113ju iztur\u0113t vides stresu, piem\u0113ram, sausumu vai bar\u012bbas vielu tr\u016bkumu, k\u0101 rezult\u0101t\u0101 veidojas sp\u0113c\u012bg\u0101ka ra\u017ea.<\/p>\n<h4><strong>Augsnes aer\u0101cija<\/strong>:<\/h4>\n<p>Cilindra prec\u012bz\u0101 regul\u0113\u0161ana veicina optim\u0101lu s\u0113klu izvieto\u0161anu un uzlabo augsnes aer\u0101ciju. Pietiekama aer\u0101cija ir \u013coti svar\u012bga sak\u0146u elpo\u0161anai un augsnes ekosist\u0113mas visp\u0101r\u0113jai vesel\u012bbai. Veicinot lab\u0101ku gaisa cirkul\u0101ciju augsn\u0113, vienvirziena z\u012bm\u0113\u0161anas cilindrs atbalsta vesel\u012bgu sak\u0146u aug\u0161anu un uzlabo labv\u0113l\u012bgo augsnes organismu aktivit\u0101ti, v\u0113l vair\u0101k veicinot plauksto\u0161u lauksaimniec\u012bbas ekosist\u0113mu.<\/p>\n<p>Rezum\u0113jot, vienvirziena z\u012bm\u0113\u0161anas cilindram ir b\u016btiska loma augsnes vesel\u012bbas uzlabo\u0161an\u0101 st\u0101d\u012b\u0161anas laik\u0101, samazinot augsnes trauc\u0113jumus, saglab\u0101jot mitrumu, veicinot mikrobu aktivit\u0101ti, sak\u0146u att\u012bst\u012bbu un uzlabojot augsnes aer\u0101ciju. \u0160ie apvienotie ieguvumi nodro\u0161ina vesel\u012bg\u0101ku augsni, uzlabotu ra\u017eu un ilgtsp\u0113j\u012bgu lauksaimniec\u012bbas praksi.<\/p>\n<h2><strong>Testa apr\u012bkojums:<\/strong><\/h2>\n<p><strong><img loading=\"lazy\" decoding=\"async\" class=\"alignnone size-full wp-image-17293\" src=\"https:\/\/www.hydraulic-cylinders.net\/wp-content\/uploads\/2025\/03\/test-equipment.webp-2.webp\" alt=\"\" width=\"1932\" height=\"1741\" srcset=\"https:\/\/www.hydraulic-cylinders.net\/wp-content\/uploads\/2025\/03\/test-equipment.webp-2.webp 1932w, https:\/\/www.hydraulic-cylinders.net\/wp-content\/uploads\/2025\/03\/test-equipment.webp-2-1280x1153.webp 1280w, https:\/\/www.hydraulic-cylinders.net\/wp-content\/uploads\/2025\/03\/test-equipment.webp-2-980x883.webp 980w, https:\/\/www.hydraulic-cylinders.net\/wp-content\/uploads\/2025\/03\/test-equipment.webp-2-480x433.webp 480w\" sizes=\"(min-width: 0px) and (max-width: 480px) 480px, (min-width: 481px) and (max-width: 980px) 980px, (min-width: 981px) and (max-width: 1280px) 1280px, (min-width: 1281px) 1932px, 100vw\" \/><\/strong><\/p>\n<ul>\n<li>1: S\u0101ls izsmidzin\u0101\u0161anas testa kamera<\/li>\n<li>2: \u0136\u012bmisk\u0101 anal\u012bze<\/li>\n<li>3: Stiepes p\u0101rbaudes iek\u0101rta<\/li>\n<li>4: Rokvela ciet\u012bbas testeris<\/li>\n<li>5: T\u012br\u012bbas p\u0101rbaudes iek\u0101rta<\/li>\n<li>6: TH110 atsitiena ciet\u012bbas testeris<\/li>\n<li>7: P\u0101rkl\u0101juma biezuma m\u0113r\u012bt\u0101js<\/li>\n<li>8: Sv\u0101rsta trieciena tests<\/li>\n<\/ul>\n<p><img loading=\"lazy\" decoding=\"async\" class=\"alignnone size-full wp-image-17292\" src=\"https:\/\/www.hydraulic-cylinders.net\/wp-content\/uploads\/2025\/03\/test-equipment.webp-1.webp\" alt=\"\" width=\"1600\" height=\"1216\" srcset=\"https:\/\/www.hydraulic-cylinders.net\/wp-content\/uploads\/2025\/03\/test-equipment.webp-1.webp 1600w, https:\/\/www.hydraulic-cylinders.net\/wp-content\/uploads\/2025\/03\/test-equipment.webp-1-1280x973.webp 1280w, https:\/\/www.hydraulic-cylinders.net\/wp-content\/uploads\/2025\/03\/test-equipment.webp-1-980x745.webp 980w, https:\/\/www.hydraulic-cylinders.net\/wp-content\/uploads\/2025\/03\/test-equipment.webp-1-480x365.webp 480w\" sizes=\"(min-width: 0px) and (max-width: 480px) 480px, (min-width: 481px) and (max-width: 980px) 980px, (min-width: 981px) and (max-width: 1280px) 1280px, (min-width: 1281px) 1600px, 100vw\" \/><\/p>\n<p>M\u016bsu uz\u0146\u0113mums uzskata kvalit\u0101ti par savu pan\u0101kumu pamatu. Lai izpild\u012btu \u0161o ap\u0146em\u0161anos, esam ieguld\u012bju\u0161i l\u012bdzek\u013cus modern\u0101kaj\u0101 m\u0101jas test\u0113\u0161anas un laboratorijas apr\u012bkojum\u0101, ko atbalsta augsti kvalific\u0113tu zin\u0101tnes un tehnolo\u0123iju speci\u0101listu komanda.<\/p>\n<p>M\u0113s iev\u0113rojam stingru kvalit\u0101tes vad\u012bbas sist\u0113mu, kas atbilst nozares standartiem, nodro\u0161inot, ka katra m\u016bsu ra\u017eot\u0101 produktu partija atbilst augst\u0101kajiem kvalit\u0101tes krit\u0113rijiem. Standartiz\u0113jot m\u016bsu darb\u012bbas un nep\u0101rtraukti uzraugot procesus, m\u0113s nodro\u0161in\u0101m, ka m\u016bsu klienti sa\u0146em tikai vislab\u0101ko.<\/p>\n<p>\u0160\u012b nelok\u0101m\u0101 ap\u0146em\u0161an\u0101s nodro\u0161in\u0101t kvalit\u0101ti ne tikai uzlabo m\u016bsu produktu uzticam\u012bbu, bet ar\u012b veido uztic\u012bbu un apmierin\u0101t\u012bbu m\u016bsu klientu vid\u016b. M\u0113s ticam, ka, pie\u0161\u0137irot priorit\u0101ti izcil\u012bbai katr\u0101 m\u016bsu ra\u017eo\u0161anas aspekt\u0101, m\u0113s veicin\u0101m m\u016bsu partneru un visas nozares pan\u0101kumus. Kop\u0101 m\u0113s tiecamies p\u0113c inov\u0101cij\u0101m un kvalit\u0101tes, kas saglab\u0101jas laika gait\u0101.<\/p>\n<h2><strong>Hidraulisko cilindru ra\u017eo\u0161anas vieta:<\/strong><\/h2>\n<p>M\u016bsu uz\u0146\u0113mums ir vado\u0161ais hidraulisko cilindru ra\u017eot\u0101js, ko atbalsta m\u016bsu pa\u0161u neatkar\u012bg\u0101s p\u0113tniec\u012bbas, att\u012bst\u012bbas un projekt\u0113\u0161anas iesp\u0113jas. Ar modernu ra\u017eotni, kur\u0101 atrodas vair\u0101k nek\u0101 170 visp\u0101r\u0113jie darbgaldi, CNC iek\u0101rtas, apstr\u0101des centri, metin\u0101\u0161anas iek\u0101rtas un specializ\u0113ti test\u0113\u0161anas un p\u0101rbaudes instrumenti, m\u0113s esam labi apr\u012bkoti, lai apmierin\u0101tu da\u017e\u0101das r\u016bpniec\u012bbas pras\u012bbas.<\/p>\n<p>Pateicoties daudzu gadu uzkr\u0101tajai tehnolo\u0123iskajai pieredzei un procesu pilnveido\u0161anai, esam izveidoju\u0161i nobriedu\u0161u ra\u017eo\u0161anas procesu, kas neman\u0101mi integr\u0113 p\u0113tniec\u012bbu un att\u012bst\u012bbu ar ra\u017eo\u0161anu. \u0160\u012b integr\u0101cija ir k\u013cuvusi par m\u016bsu galveno konkurences priek\u0161roc\u012bbu, \u013caujot mums projekt\u0113t un ra\u017eot pla\u0161u hidraulisko cilindru kl\u0101stu, kas piel\u0101gots konkr\u0113t\u0101m klientu pras\u012bb\u0101m.<\/p>\n<p>M\u016bsu produkti tiek pla\u0161i izmantoti da\u017e\u0101d\u0101s nozar\u0113s, tostarp lauksaimniec\u012bbas ma\u0161\u012bn\u0101s, celtniec\u012bbas iek\u0101rt\u0101s, transportl\u012bdzek\u013cos, ce\u013cu b\u016bv\u0113 un specializ\u0113taj\u0101 ma\u0161\u012bn\u0101s. M\u0113s ar lepnumu atbalst\u0101m daudzus ori\u0123in\u0101l\u0101 apr\u012bkojuma ra\u017eot\u0101jus (OEM), tostarp Bonong Xingda, Bojin Hummer, Jilin Ruifeng, Debang Dawei, Shandong Yineng Heavy Industry, Tai'an Modern Heavy Industry un Shifeng Group.<\/p>\n<p><img loading=\"lazy\" decoding=\"async\" class=\"alignnone size-full wp-image-17290\" src=\"https:\/\/www.hydraulic-cylinders.net\/wp-content\/uploads\/2025\/03\/production-site-1.webp\" alt=\"\" width=\"1971\" height=\"2253\" srcset=\"https:\/\/www.hydraulic-cylinders.net\/wp-content\/uploads\/2025\/03\/production-site-1.webp 1971w, https:\/\/www.hydraulic-cylinders.net\/wp-content\/uploads\/2025\/03\/production-site-1-1280x1463.webp 1280w, https:\/\/www.hydraulic-cylinders.net\/wp-content\/uploads\/2025\/03\/production-site-1-980x1120.webp 980w, https:\/\/www.hydraulic-cylinders.net\/wp-content\/uploads\/2025\/03\/production-site-1-480x549.webp 480w\" sizes=\"(min-width: 0px) and (max-width: 480px) 480px, (min-width: 481px) and (max-width: 980px) 980px, (min-width: 981px) and (max-width: 1280px) 1280px, (min-width: 1281px) 1971px, 100vw\" \/><\/p>\n<p>M\u0113s esam ap\u0146\u0113mu\u0161ies sniegt izcilu servisu, izmantojot stingru kvalit\u0101tes politiku, kas priorit\u0101ti pie\u0161\u0137ir nep\u0101rtraukt\u0101m inov\u0101cij\u0101m p\u0113tniec\u012bb\u0101 un att\u012bst\u012bb\u0101, vad\u012bb\u0101, kvalit\u0101tes kontrol\u0113 un klientu apkalpo\u0161an\u0101. M\u016bsu ap\u0146em\u0161an\u0101s nodro\u0161in\u0101t kvalit\u0101ti ir atz\u012bta ar ISO\/TS16949 sertifik\u0101tu, kas nodro\u0161ina, ka m\u0113s ne tikai atbilstam, bet ar\u012b past\u0101v\u012bgi p\u0101rsniedzam klientu cer\u012bbas.<\/p>\n<p>Raugoties n\u0101kotn\u0113, m\u0113s turpin\u0101sim att\u012bst\u012bt savas tehnolo\u0123ijas un papla\u0161in\u0101t savas iesp\u0113jas, vienm\u0113r cen\u0161oties nodro\u0161in\u0101t m\u016bsu klientiem visaugst\u0101k\u0101s kvalit\u0101tes produktus un pakalpojumus. Kop\u0101 m\u0113s veidojam izcil\u012bbas mantojumu hidraulisko cilindru nozar\u0113.<\/p>","protected":false},"excerpt":{"rendered":"<p>Unidirectional Scriber Cylinder For No Tillage Machines The Unidirectional Scriber Cylinder is an essential component specifically engineered for no-tillage machines. This innovative tool significantly improves soil preparation and planting processes, enabling farmers to create optimal planting conditions with greater efficiency. By minimizing soil disruption, the Unidirectional Scriber Cylinder plays a crucial role in preserving soil [&hellip;]<\/p>","protected":false},"featured_media":17311,"comment_status":"open","ping_status":"closed","template":"","meta":{"_et_pb_use_builder":"","_et_pb_old_content":"","_et_gb_content_width":""},"product_brand":[],"product_cat":[1530,1549,1376],"product_tag":[],"class_list":{"0":"post-17336","1":"product","2":"type-product","3":"status-publish","4":"has-post-thumbnail","6":"product_cat-no-tillage-machinery-hydraulic-cylinders","7":"product_cat-single-acting-hydraulic-cylinder","8":"product_cat-hydraulic-cylinder","10":"first","11":"instock","12":"shipping-taxable","13":"product-type-simple"},"amp_enabled":true,"_links":{"self":[{"href":"https:\/\/www.hydraulic-cylinders.net\/lv\/wp-json\/wp\/v2\/product\/17336","targetHints":{"allow":["GET"]}}],"collection":[{"href":"https:\/\/www.hydraulic-cylinders.net\/lv\/wp-json\/wp\/v2\/product"}],"about":[{"href":"https:\/\/www.hydraulic-cylinders.net\/lv\/wp-json\/wp\/v2\/types\/product"}],"replies":[{"embeddable":true,"href":"https:\/\/www.hydraulic-cylinders.net\/lv\/wp-json\/wp\/v2\/comments?post=17336"}],"wp:featuredmedia":[{"embeddable":true,"href":"https:\/\/www.hydraulic-cylinders.net\/lv\/wp-json\/wp\/v2\/media\/17311"}],"wp:attachment":[{"href":"https:\/\/www.hydraulic-cylinders.net\/lv\/wp-json\/wp\/v2\/media?parent=17336"}],"wp:term":[{"taxonomy":"product_brand","embeddable":true,"href":"https:\/\/www.hydraulic-cylinders.net\/lv\/wp-json\/wp\/v2\/product_brand?post=17336"},{"taxonomy":"product_cat","embeddable":true,"href":"https:\/\/www.hydraulic-cylinders.net\/lv\/wp-json\/wp\/v2\/product_cat?post=17336"},{"taxonomy":"product_tag","embeddable":true,"href":"https:\/\/www.hydraulic-cylinders.net\/lv\/wp-json\/wp\/v2\/product_tag?post=17336"}],"curies":[{"name":"wp","href":"https:\/\/api.w.org\/{rel}","templated":true}]}}