{"id":1742,"date":"2023-10-12T07:55:54","date_gmt":"2023-10-12T07:55:54","guid":{"rendered":"https:\/\/hydraulic-cylinders.net\/?post_type=product&#038;p=1742"},"modified":"2025-04-11T02:56:56","modified_gmt":"2025-04-11T02:56:56","slug":"injection-molding-machine-ejection-cylinder","status":"publish","type":"product","link":"https:\/\/www.hydraulic-cylinders.net\/lv\/products\/injection-molding-machine-ejection-cylinder\/","title":{"rendered":"Iesmidzin\u0101\u0161anas form\u0113\u0161anas ma\u0161\u012bnas izme\u0161anas cilindrs"},"content":{"rendered":"<h1 style=\"text-align: center;\"><strong>Iesmidzin\u0101\u0161anas form\u0113\u0161anas ma\u0161\u012bnas izme\u0161anas cilindrs<\/strong><\/h1>\n<p><img loading=\"lazy\" decoding=\"async\" class=\"wp-image-1744 aligncenter\" src=\"https:\/\/hydraulic-cylinders.net\/wp-content\/uploads\/2023\/10\/ejection-cylinder-1-300x300.webp\" alt=\"\" width=\"400\" height=\"400\" \/><\/p>\n<p>Iesmidzin\u0101\u0161anas form\u0113\u0161anas ma\u0161\u012bnas izme\u0161anas cilindrs ir b\u016btiska plastmasas iesmidzin\u0101\u0161anas form\u0113\u0161anas procesa sast\u0101vda\u013ca, kas paredz\u0113ta efektivit\u0101tes un precizit\u0101tes uzlabo\u0161anai, atvieglojot lie\u0161anas deta\u013cu izme\u0161anu no veidnes dobuma. \u0160im specializ\u0113tajam cilindram ir iz\u0161\u0137iro\u0161a noz\u012bme iesmidzin\u0101\u0161anas form\u0113\u0161anas cikla p\u0113d\u0113j\u0101 posm\u0101, nodro\u0161inot vienm\u0113r\u012bgu un efekt\u012bvu lie\u0161anas deta\u013cu iz\u0146em\u0161anu no veidnes.<\/p>\n<p>Iesmidzin\u0101\u0161anas form\u0113\u0161anas ma\u0161\u012bnas izme\u0161anas cilindrs ir b\u016btiska plastmasas iesmidzin\u0101\u0161anas form\u0113\u0161anas sast\u0101vda\u013ca, kas nodro\u0161ina efekt\u012bvu un prec\u012bzu form\u0113to deta\u013cu izme\u0161anu no veidnes dobuma. \u0160is cilindrs nodro\u0161ina uzticamus un optimiz\u0113tus izme\u0161anas procesus ar savu iztur\u012bgo konstrukciju, prec\u012bzu izme\u0161anas kontroli, \u0101tru darb\u012bbu un regul\u0113jamu g\u0101jiena garumu. Iev\u0113rojot ieteicam\u0101s lieto\u0161anas metodes un apkopes praksi, ra\u017eot\u0101ji var maksim\u0101li palielin\u0101t iesmidzin\u0101\u0161anas form\u0113\u0161anas ma\u0161\u012bnas izme\u0161anas cilindra veiktsp\u0113ju un ilgm\u016b\u017e\u012bbu, galu gal\u0101 uzlabojot plastmasas iesmidzin\u0101\u0161anas form\u0113\u0161anas darb\u012bbu efektivit\u0101ti, precizit\u0101ti un visp\u0101r\u0113jo kvalit\u0101ti.<\/p>\n<p>Iesmidzin\u0101\u0161anas form\u0113\u0161anas ma\u0161\u012bnas izme\u0161anas cilindra galven\u0101s \u012bpa\u0161\u012bbas:<\/p>\n<ol>\n<li>Iztur\u012bga konstrukcija:<\/li>\n<\/ol>\n<ul>\n<li>Iesmidzin\u0101\u0161anas form\u0113\u0161anas ma\u0161\u012bnas izme\u0161anas cilindrs ir izgatavots no augstas kvalit\u0101tes materi\u0101liem, nodro\u0161inot iztur\u012bbu un ilgm\u016b\u017e\u012bbu pat sare\u017e\u0123\u012btos ra\u017eo\u0161anas apst\u0101k\u013cos.<\/li>\n<li>Tas ir izstr\u0101d\u0101ts, lai iztur\u0113tu lielus izme\u0161anas sp\u0113kus un atk\u0101rtotas kust\u012bbas, saglab\u0101jot nemain\u012bgu veiktsp\u0113ju ilgsto\u0161as \u200b\u200blieto\u0161anas laik\u0101.<\/li>\n<\/ul>\n<ol start=\"2\">\n<li>Prec\u012bza izme\u0161anas kontrole:<\/li>\n<\/ol>\n<ul>\n<li>\u0160is cilindrs nodro\u0161ina prec\u012bzu izme\u0161anas procesa kontroli, \u013caujot prec\u012bzi un atk\u0101rtojami izmest form\u0113t\u0101s deta\u013cas.<\/li>\n<li>Tas \u013cauj piel\u0101got izme\u0161anas \u0101trumu, sp\u0113ku un g\u0101jiena garumu, nodro\u0161inot optim\u0101lu deta\u013cu no\u0146em\u0161anu, neradot boj\u0101jumus.<\/li>\n<\/ul>\n<ol start=\"3\">\n<li>\u0100tra un efekt\u012bva darb\u012bba:<\/li>\n<\/ol>\n<ul>\n<li>Iesmidzin\u0101\u0161anas form\u0113\u0161anas ma\u0161\u012bnas izme\u0161anas cilindrs nodro\u0161ina \u0101trus izme\u0161anas ciklus, samazinot ra\u017eo\u0161anas laiku un palielinot kop\u0113jo produktivit\u0101ti.<\/li>\n<li>Tas nodro\u0161ina \u0101tru un uzticamu lie\u0161anas deta\u013cu izme\u0161anu, samazinot d\u012bkst\u0101ves laiku un nodro\u0161inot \u0101tr\u0101ku lie\u0161anas ciklu.<\/li>\n<\/ul>\n<ol start=\"4\">\n<li>Regul\u0113jams g\u0101jiena garums:<\/li>\n<\/ol>\n<ul>\n<li>\u0160im cilindram ir regul\u0113jams g\u0101jiena garums, lai piel\u0101gotos veid\u0146u dizainam un deta\u013cu izm\u0113riem.<\/li>\n<li>Tas nodro\u0161ina elast\u012bbu izme\u0161anas proces\u0101, nodro\u0161inot, ka deta\u013cas tiek izmestas atbilsto\u0161\u0101 att\u0101lum\u0101 un ar atbilsto\u0161u atstarpi no veidnes.<\/li>\n<\/ul>\n<h2><strong>Iesmidzin\u0101\u0161anas form\u0113\u0161anas ma\u0161\u012bnas izme\u0161anas cilindra parametrs:<\/strong><\/h2>\n<table border=\"1\" cellspacing=\"0\" cellpadding=\"0\">\n<tbody>\n<tr>\n<td>Produkta nosaukums<\/td>\n<td>Iesmidzin\u0101\u0161anas form\u0113\u0161anas ma\u0161\u012bnas izme\u0161anas cilindrs<\/td>\n<\/tr>\n<tr>\n<td>Funkcijas:<\/td>\n<td>Izmetiet veidn\u0113 izveidoto produktu<\/td>\n<\/tr>\n<tr>\n<td>Urbuma diametrs:<\/td>\n<td>\u00a090 mm\uff5e220 mm<\/td>\n<\/tr>\n<tr>\n<td>Stie\u0146a diametrs:<\/td>\n<td>50 mm\uff5e140 mm<br \/>\nG\u0101jiens \u2264600 mm<\/td>\n<\/tr>\n<tr>\n<td>Vilces sp\u0113ks:<\/td>\n<td>Maksim\u0101l\u0101 jauda 760 kN<br \/>\n(Cauruma diametrs: 220 mm\/spiediens 10 MPa)<\/td>\n<\/tr>\n<tr>\n<td>Lietojumi:<\/td>\n<td>Iesmidzin\u0101\u0161anas form\u0113\u0161anas ma\u0161\u012bna<\/td>\n<\/tr>\n<\/tbody>\n<\/table>\n<div><\/div>\n<div>\n<div class=\"txtboxL\">\n<div class=\"txtboxL\">\n<div class=\"txtboxL\">\n<div class=\"txtboxL\">\n<div class=\"txtboxL\">Funkcijas:<\/div>\n<div class=\"txtboxR\">Izmetiet veidn\u0113 izveidoto produktu<\/div>\n<div class=\"txtboxL\">Specifik\u0101cija:<\/div>\n<div class=\"txtboxR\">Urbuma diametrs: 90 mm ~ 220 mm<br \/>\nStie\u0146a diametrs: 50 mm\uff5e140 mm<br \/>\nG\u0101jiens \u2264600 mm<\/div>\n<div class=\"txtboxL\">Vilces sp\u0113ks:<\/div>\n<div class=\"txtboxR\">Maksim\u0101l\u0101 jauda 760 kN<br \/>\n(Cauruma diametrs: 220 mm\/spiediens 10 MPa)<\/div>\n<\/div>\n<\/div>\n<\/div>\n<\/div>\n<\/div>\n<h2><strong>Cementa apr\u012bkojums <\/strong><strong>Cilindru r\u016bpn\u012bca:<\/strong><\/h2>\n<p><img loading=\"lazy\" decoding=\"async\" class=\"alignnone wp-image-1734 size-full\" src=\"https:\/\/hydraulic-cylinders.net\/wp-content\/uploads\/2023\/10\/cement-equipment-cylinder-1.webp\" alt=\"\" width=\"1418\" height=\"946\" srcset=\"https:\/\/hydraulic-cylinders.net\/wp-content\/uploads\/2023\/10\/cement-equipment-cylinder-1.webp 1418w, https:\/\/hydraulic-cylinders.net\/wp-content\/uploads\/2023\/10\/cement-equipment-cylinder-1-1280x854.webp 1280w, https:\/\/hydraulic-cylinders.net\/wp-content\/uploads\/2023\/10\/cement-equipment-cylinder-1-980x654.webp 980w, https:\/\/hydraulic-cylinders.net\/wp-content\/uploads\/2023\/10\/cement-equipment-cylinder-1-480x320.webp 480w\" sizes=\"(min-width: 0px) and (max-width: 480px) 480px, (min-width: 481px) and (max-width: 980px) 980px, (min-width: 981px) and (max-width: 1280px) 1280px, (min-width: 1281px) 1418px, 100vw\" \/><\/p>\n<h2><strong>Iesmidzin\u0101\u0161anas form\u0113\u0161anas ma\u0161\u012bnas izme\u0161anas cilindra lieto\u0161anas metode<\/strong><strong>:<\/strong><\/h2>\n<ol>\n<li><strong>Uzst\u0101d\u012b\u0161ana:<\/strong><\/li>\n<\/ol>\n<ul>\n<li>Follow the manufacturer&#8217;s guidelines to install the injection molding machine ejection cylinder securely onto the injection molding machine.<\/li>\n<li>Ensure proper alignment and attachment to the machine&#8217;s ejection unit, allowing smooth operation during the ejection process.<\/li>\n<\/ul>\n<ol start=\"2\">\n<li><strong>Izme\u0161anas parametru regul\u0113\u0161ana:<\/strong><\/li>\n<\/ol>\n<ul>\n<li>Utilize the machine&#8217;s control panel or interface to adjust ejection parameters, such as speed, force, and stroke length.<\/li>\n<li>Refer to the machine&#8217;s operating manual for specific guidelines on setting the appropriate parameters based on the part specifications and mold requirements.<\/li>\n<\/ul>\n<ol start=\"3\">\n<li><strong>Pel\u0113juma sagatavo\u0161ana:<\/strong><\/li>\n<\/ol>\n<ul>\n<li>Ievietojiet veidni iesmidzin\u0101\u0161anas form\u0113\u0161anas ma\u0161\u012bn\u0101, nodro\u0161inot pareizu izl\u012bdzin\u0101\u0161anu un nostiprin\u0101\u0161anu.<\/li>\n<li>Piestipriniet izme\u0161anas komponentus, piem\u0113ram, izme\u0161anas tapas vai izme\u0161anas pl\u0101ksnes, pie veidnes, nodro\u0161inot dro\u0161u un uzticamu izme\u0161anu.<\/li>\n<\/ul>\n<ol start=\"4\">\n<li><strong>Izme\u0161anas process:<\/strong><\/li>\n<\/ol>\n<ul>\n<li>Uzs\u0101ciet izme\u0161anas procesu, aktiviz\u0113jot iesmidzin\u0101\u0161anas form\u0113\u0161anas ma\u0161\u012bnu.<\/li>\n<li>Iesmidzin\u0101\u0161anas form\u0113\u0161anas ma\u0161\u012bnas izme\u0161anas cilindrs \u0101tri izstiepj izme\u0161anas komponentus, izspie\u017eot form\u0113t\u0101s deta\u013cas no veidnes dobuma.<\/li>\n<li>P\u0101rliecinieties, vai izme\u0161anas g\u0101jiena garums ir noregul\u0113ts t\u0101, lai deta\u013cas tiktu izmestas ar v\u0113lamo atstarpi un neradot boj\u0101jumus.<\/li>\n<\/ul>\n<h2><strong>K\u0101 darbojas hidrauliskais cilindrs?<\/strong><\/h2>\n<p>A hydraulic cylinder is a mechanical device that uses hydraulic fluid to generate force and facilitate linear motion. It operates by transmitting pressure through an enclosed fluid to produce mechanical output. Here&#8217;s a simplified explanation of how a hydraulic cylinder works:<\/p>\n<ol>\n<li><strong>Pamata sast\u0101vda\u013cas:<\/strong>\n<ul>\n<li>Cilindra cilindrs: Hidraulisk\u0101 cilindra galvenaj\u0101 korpus\u0101 atrodas virzulis un citas iek\u0161\u0113j\u0101s sast\u0101vda\u013cas.<\/li>\n<li>Virzulis: Cilindriska sast\u0101vda\u013ca, kas sadala cilindra korpusu div\u0101s kamer\u0101s.<\/li>\n<li>Virzu\u013ca stienis: Savienots ar virzuli, tas stiepjas \u0101rpus cilindra korpusa un p\u0101rraida rad\u012bto sp\u0113ku.<\/li>\n<li>Bl\u012bv\u0113jumi nov\u0113r\u0161 hidraulisk\u0101 \u0161\u0137idruma nopl\u016bdi starp virzuli un cilindra korpusu, nodro\u0161inot efekt\u012bvu darb\u012bbu.<\/li>\n<\/ul>\n<\/li>\n<li><strong>Hidraulisk\u0101 sist\u0113ma:<\/strong>\n<ul>\n<li>Hidraulisk\u0101 sist\u0113ma sast\u0101v no s\u016bk\u0146a, vad\u012bbas v\u0101rstiem, hidraulisk\u0101 \u0161\u0137idruma (parasti e\u013c\u013cas) un savienojo\u0161aj\u0101m caurul\u0113m.<\/li>\n<li>Hidrauliskais s\u016bknis rada spiedienu \u0161\u0137idrum\u0101, radot hidraulisko ener\u0123iju, ko var izmantot sp\u0113ka rad\u012b\u0161anai.<\/li>\n<\/ul>\n<\/li>\n<li><strong>Divas pal\u0101tas:<\/strong>\n<ul>\n<li>Hidrauliskajam cilindram ir divas kameras: stie\u0146a puse (jeb spiediena puse) un pret\u0113j\u0101 puse (jeb atgrie\u0161anas puse).<\/li>\n<li>Stie\u0146a puse ir savienota ar hidraulisko s\u016bkni, bet pret\u0113j\u0101 puse ir savienota ar rezervu\u0101ru vai atgriezes l\u012bniju.<\/li>\n<\/ul>\n<\/li>\n<li><strong>Darb\u012bba:<\/strong>\n<ul>\n<li>Kad hidrauliskais \u0161\u0137idrums tiek ies\u016bkn\u0113ts stie\u0146a s\u0101nu kamer\u0101, tas rada spiedienu uz virzuli, izraisot t\u0101 kust\u012bbu uz \u0101ru.<\/li>\n<li>Virzulis kustas, nospie\u017eot stieni, radot line\u0101ru sp\u0113ku.<\/li>\n<li>Vienlaikus hidrauliskais \u0161\u0137idrums no pret\u0113j\u0101s puses kameras atgrie\u017eas rezervu\u0101r\u0101 vai pa atgriezes l\u012bniju.<\/li>\n<\/ul>\n<\/li>\n<li><strong>Virziena vad\u012bba:<\/strong>\n<ul>\n<li>Hidraulisk\u0101 cilindra kust\u012bbas virzienu kontrol\u0113, izmantojot virziena vad\u012bbas v\u0101rstus.<\/li>\n<li>\u0160ie v\u0101rsti regul\u0113 hidraulisk\u0101 \u0161\u0137idruma pl\u016bsmu uz atbilsto\u0161o kameru, nosakot virzu\u013ca kust\u012bbas virzienu.<\/li>\n<\/ul>\n<\/li>\n<li><strong>Sp\u0113ka un \u0101truma kontrole:<\/strong>\n<ul>\n<li>Hidraulisk\u0101 cilindra rad\u012btais sp\u0113ks ir atkar\u012bgs no hidraulisk\u0101 spiediena un virzu\u013ca efekt\u012bv\u0101 laukuma.<\/li>\n<li>Regul\u0113jot hidraulisko spiedienu, var kontrol\u0113t jaudas izvadi.<\/li>\n<li>Cilindra kust\u012bbas \u0101trumu var regul\u0113t, piel\u0101gojot hidraulisk\u0101 \u0161\u0137idruma pl\u016bsmas \u0101trumu cilindr\u0101 vai no t\u0101.<\/li>\n<\/ul>\n<\/li>\n<li><strong>Lietojumi:<\/strong>\n<ul>\n<li>Hidrauliskos cilindrus izmanto da\u017e\u0101dos pielietojumos, kuriem nepiecie\u0161ams line\u0101rs sp\u0113ks un kust\u012bba, piem\u0113ram, celtniec\u012bbas iek\u0101rt\u0101s, materi\u0101lu apstr\u0101des ma\u0161\u012bn\u0101s, ra\u017eo\u0161anas sist\u0113m\u0101s un transportl\u012bdzek\u013cos.<\/li>\n<li>Tos parasti izmanto cel\u0161anas, stum\u0161anas, vilk\u0161anas, liek\u0161anas un pozicion\u0113\u0161anas lietojumprogramm\u0101s.<\/li>\n<\/ul>\n<\/li>\n<\/ol>\n<h2><strong>R\u016bpn\u012bcas iesp\u0113jas un jauda:<\/strong><\/h2>\n<h3>(1) Mont\u0101\u017ea<\/h3>\n<p>Mums ir pirmklas\u012bga neatkar\u012bga p\u0113tniec\u012bbas un att\u012bst\u012bbas mont\u0101\u017eas platforma. Hidraulisko cilindru ra\u017eo\u0161anas darbn\u012bc\u0101 ir \u010detras pusautom\u0101tiskas pacel\u0161anas cilindru mont\u0101\u017eas l\u012bnijas un viena autom\u0101tisk\u0101 sl\u012bpuma cilindru mont\u0101\u017eas l\u012bnija ar projekt\u0113to gada ra\u017eo\u0161anas jaudu 1 miljons vien\u012bbu. Speci\u0101lo cilindru darbn\u012bca ir apr\u012bkota ar da\u017e\u0101du specifik\u0101ciju pusautom\u0101tisku t\u012br\u012b\u0161anas mont\u0101\u017eas sist\u0113mu ar projekt\u0113to gada ra\u017eo\u0161anas jaudu 200 000 vien\u012bbu un apr\u012bkota ar slaven\u0101m CNC apstr\u0101des iek\u0101rt\u0101m, apstr\u0101des centru, augstas precizit\u0101tes cilindru apstr\u0101des speci\u0101lo apr\u012bkojumu, robotiz\u0113tu metin\u0101\u0161anas iek\u0101rtu, autom\u0101tisku t\u012br\u012b\u0161anas iek\u0101rtu, autom\u0101tisku cilindru mont\u0101\u017eas iek\u0101rtu un autom\u0101tisku kr\u0101so\u0161anas ra\u017eo\u0161anas l\u012bniju. Eso\u0161ais kritiskais apr\u012bkojums ir vair\u0101k nek\u0101 300 komplektu (komplektu). Optim\u0101la iek\u0101rtu resursu sadale un efekt\u012bva izmanto\u0161ana nodro\u0161ina produktu precizit\u0101tes pras\u012bbas un apmierina produktu augst\u0101s kvalit\u0101tes pras\u012bbas.<\/p>\n<p><img loading=\"lazy\" decoding=\"async\" class=\"alignnone wp-image-626\" src=\"https:\/\/hydraulic-cylinders.net\/wp-content\/uploads\/2023\/08\/hydraulic-cylinder-product-1-300x158.webp\" alt=\"\" width=\"495\" height=\"260\" srcset=\"https:\/\/hydraulic-cylinders.net\/wp-content\/uploads\/2023\/08\/hydraulic-cylinder-product-1-300x158.webp 495w, https:\/\/hydraulic-cylinders.net\/wp-content\/uploads\/2023\/08\/hydraulic-cylinder-product-1-480x252.webp 480w\" sizes=\"(min-width: 0px) and (max-width: 480px) 480px, (min-width: 481px) 495px, 100vw\" \/> <img loading=\"lazy\" decoding=\"async\" class=\"alignnone wp-image-627\" src=\"https:\/\/hydraulic-cylinders.net\/wp-content\/uploads\/2023\/08\/hydraulic-cylinder-product-2-300x189.webp\" alt=\"\" width=\"413\" height=\"260\" \/><\/p>\n<h3>(2) Apstr\u0101de<\/h3>\n<p>Apstr\u0101des cehs ir apr\u012bkots ar piel\u0101gotu sl\u012bpo slie\u017eu virpo\u0161anas centru, apstr\u0101des centru, \u0101trgaitas asin\u0101\u0161anas ma\u0161\u012bnu, metin\u0101\u0161anas robotu un citu saist\u012btu apr\u012bkojumu, kas var apstr\u0101d\u0101t cilindriskas caurules ar maksim\u0101lo iek\u0161\u0113jo diametru 400 mm un maksim\u0101lo garumu 6 metri.<\/p>\n<p><img loading=\"lazy\" decoding=\"async\" class=\"alignnone wp-image-628 size-large\" src=\"https:\/\/hydraulic-cylinders.net\/wp-content\/uploads\/2023\/08\/hydraulic-cylinder-product-3-1024x391.webp\" alt=\"\" width=\"1024\" height=\"391\" srcset=\"https:\/\/hydraulic-cylinders.net\/wp-content\/uploads\/2023\/08\/hydraulic-cylinder-product-3-980x374.webp 980w, https:\/\/hydraulic-cylinders.net\/wp-content\/uploads\/2023\/08\/hydraulic-cylinder-product-3-480x183.webp 480w\" sizes=\"(min-width: 0px) and (max-width: 480px) 480px, (min-width: 481px) and (max-width: 980px) 980px, (min-width: 981px) 1024px, 100vw\" \/><\/p>\n<h3>(3) Metin\u0101\u0161ana<\/h3>\n<p><img loading=\"lazy\" decoding=\"async\" class=\"alignnone wp-image-629 size-large\" src=\"https:\/\/hydraulic-cylinders.net\/wp-content\/uploads\/2023\/08\/hydraulic-cylinder-product-4-1024x510.webp\" alt=\"\" width=\"1024\" height=\"510\" srcset=\"https:\/\/hydraulic-cylinders.net\/wp-content\/uploads\/2023\/08\/hydraulic-cylinder-product-4-980x488.webp 980w, https:\/\/hydraulic-cylinders.net\/wp-content\/uploads\/2023\/08\/hydraulic-cylinder-product-4-480x239.webp 480w\" sizes=\"(min-width: 0px) and (max-width: 480px) 480px, (min-width: 481px) and (max-width: 980px) 980px, (min-width: 981px) 1024px, 100vw\" \/><\/p>\n<h3>(4) Kr\u0101so\u0161ana un p\u0101rkl\u0101\u0161ana<\/h3>\n<p>Ar maz\u0101m un vid\u0113ja izm\u0113ra cilindrisk\u0101m autom\u0101tisk\u0101m \u016bdens b\u0101zes kr\u0101su p\u0101rkl\u0101\u0161anas l\u012bnij\u0101m, lai pan\u0101ktu autom\u0101tisku robotu iekrau\u0161anu un izkrau\u0161anu un autom\u0101tisku izsmidzin\u0101\u0161anu, projekt\u0113t\u0101 jauda ir 4000 gabali mai\u0146\u0101;<br \/>\nMums ir ar\u012b pusautom\u0101tiska kr\u0101su ra\u017eo\u0161anas l\u012bnija lieliem baloniem, ko darbina \u0137\u0113des piedzi\u0146a, ar 60 kastu konstrukcijas jaudu vien\u0101 mai\u0146\u0101.<\/p>\n<p><img loading=\"lazy\" decoding=\"async\" class=\"alignnone wp-image-630\" src=\"https:\/\/hydraulic-cylinders.net\/wp-content\/uploads\/2023\/08\/hydraulic-cylinder-product-5-300x213.webp\" alt=\"\" width=\"366\" height=\"260\" \/> <img loading=\"lazy\" decoding=\"async\" class=\"alignnone wp-image-631\" src=\"https:\/\/hydraulic-cylinders.net\/wp-content\/uploads\/2023\/08\/hydraulic-cylinder-product-6-300x225.webp\" alt=\"\" width=\"347\" height=\"260\" \/><\/p>\n<h3>(5) Test\u0113\u0161ana<\/h3>\n<p>Mums ir augst\u0101k\u0101s klases p\u0101rbaudes iek\u0101rtas un test\u0113\u0161anas stendi, lai nodro\u0161in\u0101tu, ka balona veiktsp\u0113ja atbilst pras\u012bb\u0101m.<\/p>\n<p><img loading=\"lazy\" decoding=\"async\" class=\"alignnone wp-image-632\" src=\"https:\/\/hydraulic-cylinders.net\/wp-content\/uploads\/2023\/08\/hydraulic-cylinder-product-8-300x200.webp\" alt=\"\" width=\"389\" height=\"260\" \/><\/p>\n<p>&nbsp;<\/p>\n<p>&nbsp;<\/p>\n<p>M\u0113s esam viens no lab\u0101kajiem hidraulisko cilindru ra\u017eot\u0101jiem. M\u0113s varam pied\u0101v\u0101t visaptvero\u0161us hidrauliskos cilindrus. M\u0113s nodro\u0161in\u0101m ar\u012b atbilsto\u0161us <a href=\"https:\/\/hzpt.com\/agricultural-pto-gearbox\/\" target=\"_blank\" rel=\"noopener\">lauksaimniec\u012bbas p\u0101rnesumk\u0101rbas<\/a>. M\u0113s esam eksport\u0113ju\u0161i savus produktus klientiem vis\u0101 pasaul\u0113 un esam ieguvu\u0161i labu reput\u0101ciju, pateicoties m\u016bsu izcilajai produktu kvalit\u0101tei un p\u0113cp\u0101rdo\u0161anas servisam. M\u0113s aicin\u0101m klientus no valsts un \u0101rvalst\u012bm sazin\u0101ties ar mums, lai risin\u0101tu biznesa sarunas, apmain\u012btos ar inform\u0101ciju un... <a href=\"https:\/\/www.hydraulic-cylinders.net\/lv\/contact-us\/\">sadarboties ar mums<\/a>!<\/p>","protected":false},"excerpt":{"rendered":"<p>Injection Molding Machine Ejection Cylinder The injection molding machine ejection cylinder is a vital component in the plastic injection molding process, designed to improve efficiency and precision by facilitating the ejection of molded parts from the mold cavity. This specialized cylinder plays a crucial role in the final stage of the injection molding cycle, ensuring [&hellip;]<\/p>","protected":false},"featured_media":1745,"comment_status":"open","ping_status":"closed","template":"","meta":{"_et_pb_use_builder":"","_et_pb_old_content":"","_et_gb_content_width":""},"product_brand":[],"product_cat":[1523,1549,1376],"product_tag":[1380],"class_list":{"0":"post-1742","1":"product","2":"type-product","3":"status-publish","4":"has-post-thumbnail","6":"product_cat-injection-molding-hydraulic-cylinders","7":"product_cat-single-acting-hydraulic-cylinder","8":"product_cat-hydraulic-cylinder","9":"product_tag-hydraulic-cylinder","11":"first","12":"instock","13":"shipping-taxable","14":"product-type-simple"},"amp_enabled":true,"_links":{"self":[{"href":"https:\/\/www.hydraulic-cylinders.net\/lv\/wp-json\/wp\/v2\/product\/1742","targetHints":{"allow":["GET"]}}],"collection":[{"href":"https:\/\/www.hydraulic-cylinders.net\/lv\/wp-json\/wp\/v2\/product"}],"about":[{"href":"https:\/\/www.hydraulic-cylinders.net\/lv\/wp-json\/wp\/v2\/types\/product"}],"replies":[{"embeddable":true,"href":"https:\/\/www.hydraulic-cylinders.net\/lv\/wp-json\/wp\/v2\/comments?post=1742"}],"wp:featuredmedia":[{"embeddable":true,"href":"https:\/\/www.hydraulic-cylinders.net\/lv\/wp-json\/wp\/v2\/media\/1745"}],"wp:attachment":[{"href":"https:\/\/www.hydraulic-cylinders.net\/lv\/wp-json\/wp\/v2\/media?parent=1742"}],"wp:term":[{"taxonomy":"product_brand","embeddable":true,"href":"https:\/\/www.hydraulic-cylinders.net\/lv\/wp-json\/wp\/v2\/product_brand?post=1742"},{"taxonomy":"product_cat","embeddable":true,"href":"https:\/\/www.hydraulic-cylinders.net\/lv\/wp-json\/wp\/v2\/product_cat?post=1742"},{"taxonomy":"product_tag","embeddable":true,"href":"https:\/\/www.hydraulic-cylinders.net\/lv\/wp-json\/wp\/v2\/product_tag?post=1742"}],"curies":[{"name":"wp","href":"https:\/\/api.w.org\/{rel}","templated":true}]}}