{"id":1746,"date":"2023-10-12T08:23:39","date_gmt":"2023-10-12T08:23:39","guid":{"rendered":"https:\/\/hydraulic-cylinders.net\/?post_type=product&#038;p=1746"},"modified":"2025-04-11T03:49:37","modified_gmt":"2025-04-11T03:49:37","slug":"injection-molding-machine-mold-opening-and-closing-cylinder","status":"publish","type":"product","link":"https:\/\/www.hydraulic-cylinders.net\/lv\/products\/injection-molding-machine-mold-opening-and-closing-cylinder\/","title":{"rendered":"Iesmidzin\u0101\u0161anas form\u0113\u0161anas ma\u0161\u012bnas veid\u0146u atv\u0113r\u0161anas un aizv\u0113r\u0161anas cilindrs"},"content":{"rendered":"<h1 style=\"text-align: center;\"><strong>Iesmidzin\u0101\u0161anas form\u0113\u0161anas ma\u0161\u012bnas veid\u0146u atv\u0113r\u0161anas un aizv\u0113r\u0161anas cilindrs<\/strong><\/h1>\n<p><img loading=\"lazy\" decoding=\"async\" class=\"aligncenter wp-image-1747\" src=\"https:\/\/hydraulic-cylinders.net\/wp-content\/uploads\/2023\/10\/mold-opening-and-closing-cylinder-1-300x300.webp\" alt=\"\" width=\"400\" height=\"400\" \/><\/p>\n<p>Iesmidzin\u0101\u0161anas form\u0113\u0161anas ma\u0161\u012bnas veid\u0146u atv\u0113r\u0161anas un aizv\u0113r\u0161anas cilindrs ir b\u016btiska plastmasas iesmidzin\u0101\u0161anas form\u0113\u0161anas sast\u0101vda\u013ca. \u0160is specializ\u0113tais cilindrs, kas paredz\u0113ts veid\u0146u atv\u0113r\u0161anas un aizv\u0113r\u0161anas kontrolei, ir vit\u0101li svar\u012bgs prec\u012bzas un efekt\u012bvas ra\u017eo\u0161anas nodro\u0161in\u0101\u0161anai.<\/p>\n<p>Iesmidzin\u0101\u0161anas form\u0113\u0161anas ma\u0161\u012bnas veidnes atv\u0113r\u0161anas un aizv\u0113r\u0161anas cilindrs ir \u013coti svar\u012bgs plastmasas iesmidzin\u0101\u0161anas form\u0113\u0161an\u0101, nodro\u0161inot prec\u012bzu un efekt\u012bvu veidnes darb\u012bbu. Ar savu iztur\u012bgo konstrukciju, prec\u012bzu veidnes vad\u012bbu, \u0101tro darb\u012bbu un regul\u0113jamu g\u0101jiena garumu un sp\u0113ku \u0161is cilindrs nodro\u0161ina uzticamus un optimiz\u0113tus veidnes atv\u0113r\u0161anas un aizv\u0113r\u0161anas procesus. Iev\u0113rojot ieteicam\u0101s lieto\u0161anas metodes un apkopes praksi, ra\u017eot\u0101ji var maksim\u0101li palielin\u0101t iesmidzin\u0101\u0161anas form\u0113\u0161anas ma\u0161\u012bnas veidnes atv\u0113r\u0161anas un aizv\u0113r\u0161anas cilindra veiktsp\u0113ju un ilgm\u016b\u017e\u012bbu, galu gal\u0101 uzlabojot plastmasas iesmidzin\u0101\u0161anas form\u0113\u0161anas darb\u012bbu precizit\u0101ti, efektivit\u0101ti un visp\u0101r\u0113jo kvalit\u0101ti.<\/p>\n<p>Iesmidzin\u0101\u0161anas form\u0113\u0161anas ma\u0161\u012bnas veid\u0146u atv\u0113r\u0161anas un aizv\u0113r\u0161anas cilindra galven\u0101s \u012bpa\u0161\u012bbas:<\/p>\n<ol>\n<li>Iztur\u012bga konstrukcija:<\/li>\n<\/ol>\n<ul>\n<li>Iesmidzin\u0101\u0161anas form\u0113\u0161anas ma\u0161\u012bnas veid\u0146u atv\u0113r\u0161anas un aizv\u0113r\u0161anas cilindrs ir izgatavots no augstas kvalit\u0101tes materi\u0101liem, nodro\u0161inot iztur\u012bbu un ilgm\u016b\u017e\u012bbu pat sare\u017e\u0123\u012btos ra\u017eo\u0161anas apst\u0101k\u013cos.<\/li>\n<li>Tas ir izstr\u0101d\u0101ts, lai iztur\u0113tu lielus sp\u0113kus un atk\u0101rtotas kust\u012bbas, saglab\u0101jot nemain\u012bgu veiktsp\u0113ju ilgsto\u0161as \u200b\u200blieto\u0161anas laik\u0101.<\/li>\n<\/ul>\n<ol start=\"2\">\n<li>Prec\u012bza pel\u0113juma kontrole:<\/li>\n<\/ol>\n<ul>\n<li>\u0160is cilindrs nodro\u0161ina prec\u012bzu veid\u0146u atv\u0113r\u0161anas un aizv\u0113r\u0161anas kontroli, nodro\u0161inot prec\u012bzu pozicion\u0113\u0161anu un izl\u012bdzin\u0101\u0161anu.<\/li>\n<li>Tas \u013cauj piel\u0101got veid\u0146u atv\u0113r\u0161anas un aizv\u0113r\u0161anas \u0101trumu, t\u0101d\u0113j\u0101di optimiz\u0113jot ra\u017eo\u0161anas ciklus un samazinot deta\u013cu defektus.<\/li>\n<\/ul>\n<ol start=\"3\">\n<li>\u0100tra un efekt\u012bva darb\u012bba:<\/li>\n<\/ol>\n<ul>\n<li>Iesmidzin\u0101\u0161anas form\u0113\u0161anas ma\u0161\u012bnas veidnes atv\u0113r\u0161anas un aizv\u0113r\u0161anas cilindrs veicina \u0101tru veidnes kust\u012bbu, samazinot ra\u017eo\u0161anas laiku un palielinot kop\u0113jo produktivit\u0101ti.<\/li>\n<li>Tas nodro\u0161ina \u0101tru un uzticamu veid\u0146u atv\u0113r\u0161anas un aizv\u0113r\u0161anas darb\u012bbu, \u013caujot \u0101tr\u0101k apstr\u0101d\u0101t veidnes un maksim\u0101li palielin\u0101t ra\u017eo\u0161anas apjomu.<\/li>\n<\/ul>\n<ol start=\"4\">\n<li>Regul\u0113jams g\u0101jiena garums un sp\u0113ks:<\/li>\n<\/ol>\n<ul>\n<li>\u0160im cilindram ir regul\u0113jams g\u0101jiena garums un sp\u0113ks, lai piel\u0101gotos da\u017e\u0101diem veid\u0146u izm\u0113riem un deta\u013cu pras\u012bb\u0101m.<\/li>\n<li>Tas nodro\u0161ina elast\u012bbu veidnes darb\u012bb\u0101, nodro\u0161inot optim\u0101lu veidnes aizv\u0113r\u0161anu un deta\u013cu izme\u0161anu, neradot boj\u0101jumus.<\/li>\n<\/ul>\n<h2><strong>Iesmidzin\u0101\u0161anas form\u0113\u0161anas ma\u0161\u012bnas veidnes atv\u0113r\u0161anas un aizv\u0113r\u0161anas cilindra parametrs:<\/strong><\/h2>\n<table border=\"1\" cellspacing=\"0\" cellpadding=\"0\">\n<tbody>\n<tr>\n<td>Produkta nosaukums<\/td>\n<td>Iesmidzin\u0101\u0161anas form\u0113\u0161anas ma\u0161\u012bnas izme\u0161anas cilindrs<\/td>\n<\/tr>\n<tr>\n<td>Funkcijas:<\/td>\n<td>Izmetiet veidn\u0113 izveidoto produktu<\/td>\n<\/tr>\n<tr>\n<td>Urbuma diametrs:<\/td>\n<td>\u00a090 mm\uff5e220 mm<\/td>\n<\/tr>\n<tr>\n<td>Stie\u0146a diametrs:<\/td>\n<td>50 mm\uff5e140 mm<br \/>\nG\u0101jiens \u2264600 mm<\/td>\n<\/tr>\n<tr>\n<td>Vilces sp\u0113ks:<\/td>\n<td>Maksim\u0101l\u0101 jauda 760 kN<br \/>\n(Cauruma diametrs: 220 mm\/spiediens 10 MPa)<\/td>\n<\/tr>\n<tr>\n<td>Lietojumi:<\/td>\n<td>Iesmidzin\u0101\u0161anas form\u0113\u0161anas ma\u0161\u012bna<\/td>\n<\/tr>\n<\/tbody>\n<\/table>\n<div><\/div>\n<div>\n<div class=\"txtboxL\">\n<div class=\"txtboxL\">\n<div class=\"txtboxL\">\n<div class=\"txtboxL\">\n<div class=\"txtboxL\">\n<div class=\"txtboxL\">Funkcijas:<\/div>\n<div class=\"txtboxR\">Kontrol\u0113jiet veidnes atv\u0113r\u0161anu un aizv\u0113r\u0161anu<\/div>\n<div class=\"txtboxL\">Specifik\u0101cija:<\/div>\n<div class=\"txtboxR\">Urbuma diametrs: 50 mm ~ 140 mm<br \/>\nStie\u0146a diametrs: 28 mm ~ 100 mm<br \/>\nG\u0101jiens \u2264700 mm<\/div>\n<div class=\"txtboxL\">Vilces sp\u0113ks:<\/div>\n<div class=\"txtboxR\">Maksim\u0101l\u0101 jauda 384 kN<br \/>\n(Cauruma diametrs: 140 mm\/spiediens 25 MPa)<\/div>\n<\/div>\n<\/div>\n<\/div>\n<\/div>\n<\/div>\n<\/div>\n<h2><strong>Cementa apr\u012bkojums <\/strong><strong>Cilindru r\u016bpn\u012bca:<\/strong><\/h2>\n<p><img loading=\"lazy\" decoding=\"async\" class=\"alignnone wp-image-1734 size-full\" src=\"https:\/\/hydraulic-cylinders.net\/wp-content\/uploads\/2023\/10\/cement-equipment-cylinder-1.webp\" alt=\"\" width=\"1418\" height=\"946\" srcset=\"https:\/\/hydraulic-cylinders.net\/wp-content\/uploads\/2023\/10\/cement-equipment-cylinder-1.webp 1418w, https:\/\/hydraulic-cylinders.net\/wp-content\/uploads\/2023\/10\/cement-equipment-cylinder-1-1280x854.webp 1280w, https:\/\/hydraulic-cylinders.net\/wp-content\/uploads\/2023\/10\/cement-equipment-cylinder-1-980x654.webp 980w, https:\/\/hydraulic-cylinders.net\/wp-content\/uploads\/2023\/10\/cement-equipment-cylinder-1-480x320.webp 480w\" sizes=\"(min-width: 0px) and (max-width: 480px) 480px, (min-width: 481px) and (max-width: 980px) 980px, (min-width: 981px) and (max-width: 1280px) 1280px, (min-width: 1281px) 1418px, 100vw\" \/><\/p>\n<h2><strong>Iesmidzin\u0101\u0161anas form\u0113\u0161anas ma\u0161\u012bnas veid\u0146u atv\u0113r\u0161anas un aizv\u0113r\u0161anas cilindra lieto\u0161anas metode<\/strong><strong>:<\/strong><\/h2>\n<ol>\n<li>Uzst\u0101d\u012b\u0161ana:<\/li>\n<\/ol>\n<ul>\n<li>Lai dro\u0161i uzst\u0101d\u012btu iesmidzin\u0101\u0161anas form\u0113\u0161anas ma\u0161\u012bnas veidnes atv\u0113r\u0161anas un aizv\u0113r\u0161anas cilindru uz iesmidzin\u0101\u0161anas form\u0113\u0161anas ma\u0161\u012bnas, iev\u0113rojiet ra\u017eot\u0101ja nor\u0101d\u012bjumus.<\/li>\n<li>Nodro\u0161iniet pareizu izl\u012bdzin\u0101\u0161anu un stiprin\u0101jumu pie ma\u0161\u012bnas veidnes atv\u0113r\u0161anas un aizv\u0113r\u0161anas meh\u0101nisma, lai form\u0113\u0161anas procesa laik\u0101 nodro\u0161in\u0101tu vienm\u0113r\u012bgu darb\u012bbu.<\/li>\n<\/ul>\n<ol start=\"2\">\n<li><strong>Pel\u0113juma parametru regul\u0113\u0161ana:<\/strong><\/li>\n<\/ol>\n<ul>\n<li>Izmantojiet iek\u0101rtas vad\u012bbas paneli vai saskarni, lai piel\u0101gotu veidnes atv\u0113r\u0161anas un aizv\u0113r\u0161anas parametrus, piem\u0113ram, \u0101trumu, g\u0101jiena garumu un sp\u0113ku.<\/li>\n<li>Konkr\u0113tas vadl\u012bnijas par atbilsto\u0161o parametru iestat\u012b\u0161anu, pamatojoties uz veidnes konstrukciju un deta\u013cas specifik\u0101cij\u0101m, skatiet iek\u0101rtas lieto\u0161anas instrukcij\u0101.<\/li>\n<\/ul>\n<ol start=\"3\">\n<li><strong>Pel\u0113juma sagatavo\u0161ana:<\/strong><\/li>\n<\/ol>\n<ul>\n<li>Ievietojiet veidni iesmidzin\u0101\u0161anas form\u0113\u0161anas ma\u0161\u012bn\u0101, nodro\u0161inot pareizu izl\u012bdzin\u0101\u0161anu un nostiprin\u0101\u0161anu.<\/li>\n<li>Piestipriniet veidnes atv\u0113r\u0161anas un aizv\u0113r\u0161anas komponentus, piem\u0113ram, veidnes skavas vai veidnes pl\u0101ksnes, pie veidnes, nodro\u0161inot dro\u0161u un uzticamu veidnes darb\u012bbu.<\/li>\n<\/ul>\n<ol start=\"4\">\n<li><strong>Pel\u0113juma atv\u0113r\u0161anas un aizv\u0113r\u0161anas process:<\/strong><\/li>\n<\/ol>\n<ul>\n<li>Uzs\u0101ciet form\u0113\u0161anas procesu, aktiviz\u0113jot iesmidzin\u0101\u0161anas form\u0113\u0161anas iek\u0101rtu.<\/li>\n<li>Iesmidzin\u0101\u0161anas form\u0113\u0161anas ma\u0161\u012bnas veidnes atv\u0113r\u0161anas un aizv\u0113r\u0161anas cilindrs kontrol\u0113 veidnes atv\u0113r\u0161anas un aizv\u0113r\u0161anas darb\u012bbas, nodro\u0161inot prec\u012bzas un vienm\u0113r\u012bgas kust\u012bbas.<\/li>\n<li>P\u0101rliecinieties, vai g\u0101jiena garums un sp\u0113ks ir noregul\u0113ti t\u0101, lai pan\u0101ktu v\u0113lamo veidnes atv\u0113r\u0161anas un aizv\u0113r\u0161anas darb\u012bbu, neradot boj\u0101jumus.<\/li>\n<\/ul>\n<h2><strong>K\u0101 atgaisot hidraulisko cilindru?<\/strong><\/h2>\n<p>Hidraulisk\u0101 cilindra atgaiso\u0161ana ir process, kas no sist\u0113mas izvada gaisu un nodro\u0161ina pareizu darb\u012bbu un veiktsp\u0113ju. \u0160eit ir sniegta detaliz\u0113ta instrukcija par hidraulisk\u0101 cilindra atgaiso\u0161anu:<\/p>\n<ol>\n<li><strong>Dro\u0161\u012bbas pas\u0101kumi:<\/strong>\n<ul>\n<li>Pirms atgaiso\u0161anas procesa s\u0101k\u0161anas p\u0101rliecinieties, vai hidrauliskaj\u0101 sist\u0113m\u0101 nav spiediena un t\u0101 ir izsl\u0113gta. Tas nov\u0113rs\u012bs jebk\u0101du nejau\u0161u kust\u012bbu vai \u0161\u0137idruma nopl\u016bdi.<\/li>\n<li>Valk\u0101jiet atbilsto\u0161us individu\u0101los aizsardz\u012bbas l\u012bdzek\u013cus, piem\u0113ram, cimdus un aizsargbrilles, lai pasarg\u0101tu sevi no jebk\u0101diem iesp\u0113jamiem apdraud\u0113jumiem.<\/li>\n<\/ul>\n<\/li>\n<li><strong>Atrodiet atgaiso\u0161anas v\u0101rstu:<\/strong>\n<ul>\n<li>Identific\u0113jiet hidraulisk\u0101 cilindra atgaiso\u0161anas v\u0101rstu. Atgaiso\u0161anas v\u0101rsts parasti ir maza skr\u016bve vai v\u0101rsts, kas atrodas uz cilindra korpusa vai net\u0101lu no hidrauliskaj\u0101m l\u012bnij\u0101m, kas savienotas ar cilindru.<\/li>\n<\/ul>\n<\/li>\n<li><strong>Poz\u012bcijas cilindrs:<\/strong>\n<ul>\n<li>Novietojiet balonu t\u0101, lai atgaiso\u0161anas v\u0101rsts b\u016btu viegli pieejams un atrastos balona augst\u0101kaj\u0101 punkt\u0101.<\/li>\n<li>Tas \u013caus gaisa burbu\u013ciem pacelties un izpl\u016bst caur atgaiso\u0161anas v\u0101rstu atgaiso\u0161anas procesa laik\u0101.<\/li>\n<\/ul>\n<\/li>\n<li><strong>Atv\u0113rt atgaiso\u0161anas v\u0101rstu:<\/strong>\n<ul>\n<li>Izmantojot atbilsto\u0161u instrumentu, piem\u0113ram, uzgrie\u017e\u0146u atsl\u0113gu vai skr\u016bvgriezi, uzman\u012bgi atskr\u016bv\u0113jiet atgaiso\u0161anas v\u0101rstu, lai to atv\u0113rtu.<\/li>\n<li>P\u0101rliecinieties, ka v\u0101rsts ir atv\u0113rts tikai da\u013c\u0113ji, lai gaiss var\u0113tu izpl\u016bst, vienlaikus nov\u0113r\u0161ot p\u0101rm\u0113r\u012bgu \u0161\u0137idruma zudumu.<\/li>\n<\/ul>\n<\/li>\n<li><strong>Darbiniet cilindru:<\/strong>\n<ul>\n<li>Darbiniet cilindru, darbinot hidraulisko sist\u0113mu. To var izdar\u012bt, izmantojot hidraulisk\u0101s iek\u0101rtas vad\u012bbas ier\u012bces vai t\u0101lvad\u012bbas pulti.<\/li>\n<li>Vair\u0101kas reizes piln\u012bb\u0101 izstiepiet un ievelciet cilindru, lai atvieglotu gaisa burbu\u013cu p\u0101rvieto\u0161anos uz atgaiso\u0161anas v\u0101rstu.<\/li>\n<\/ul>\n<\/li>\n<li><strong>Nov\u0113rojiet \u0161\u0137idruma un gaisa izdal\u012b\u0161anos:<\/strong>\n<ul>\n<li>Kad cilindrs darbojas, nov\u0113rojiet \u0161\u0137idruma pl\u016bsmu caur iztuk\u0161o\u0161anas v\u0101rstu.<\/li>\n<li>S\u0101kum\u0101 \u0161\u0137idruma pl\u016bsm\u0101 var b\u016bt redzami gaisa burbu\u013ci. \u013baujiet \u0161\u0137idrumam pl\u016bst, l\u012bdz visi gaisa burbu\u013ci ir izvad\u012bti un ir nov\u0113rojama tikai vienm\u0113r\u012bga hidraulisk\u0101 \u0161\u0137idruma pl\u016bsma.<\/li>\n<\/ul>\n<\/li>\n<li><strong>Pievelciet atgaiso\u0161anas v\u0101rstu:<\/strong>\n<ul>\n<li>Kad visi gaisa burbu\u013ci ir izvad\u012bti, uzman\u012bgi pievelciet izlai\u0161anas v\u0101rstu, lai nov\u0113rstu \u0161\u0137idruma nopl\u016bdi.<\/li>\n<li>P\u0101rliecinieties, vai v\u0101rsts ir dro\u0161i aizv\u0113rts, bet nav p\u0101r\u0101k cie\u0161i pievilkts.<\/li>\n<\/ul>\n<\/li>\n<li><strong>P\u0101rbaudiet cilindra darb\u012bbu:<\/strong>\n<ul>\n<li>P\u0113c cilindra atgaiso\u0161anas p\u0101rbaudiet t\u0101 darb\u012bbu, lai p\u0101rliecin\u0101tos par pareizu darb\u012bbu.<\/li>\n<li>Darbiniet hidraulisko sist\u0113mu un nov\u0113rojiet cilindra kust\u012bbu, lai p\u0101rliecin\u0101tos par vienm\u0113r\u012bgu un past\u0101v\u012bgu darb\u012bbu bez neparastiem trok\u0161\u0146iem vai vibr\u0101cij\u0101m.<\/li>\n<\/ul>\n<\/li>\n<li><strong>Atk\u0101rtojiet, ja nepiecie\u0161ams:<\/strong>\n<ul>\n<li>Ja joproj\u0101m ir gaisa burbu\u013ci vai ja cilindra darb\u012bba nav apmierino\u0161a, atk\u0101rtojiet atgaiso\u0161anas procesu.<\/li>\n<li>Atveriet iztuk\u0161o\u0161anas v\u0101rstu v\u0113lreiz un darbiniet cilindru, lai izvad\u012btu no sist\u0113mas atliku\u0161o gaisu.<\/li>\n<\/ul>\n<\/li>\n<li><strong>Gal\u012bg\u0101 p\u0101rbaude:<\/strong><\/li>\n<\/ol>\n<ul>\n<li>Kad atgaiso\u0161anas process ir pabeigts un cilindrs darbojas pareizi, p\u0101rbaudiet hidraulisko sist\u0113mu, vai nav nopl\u016b\u017eu, va\u013c\u012bgu savienojumu vai neparasta darb\u012bbas paz\u012bmju.<\/li>\n<li>Nekav\u0113joties nov\u0113rsiet visas probl\u0113mas, lai uztur\u0113tu sist\u0113mas veiktsp\u0113ju un nov\u0113rstu iesp\u0113jam\u0101s probl\u0113mas.<\/li>\n<\/ul>\n<h2><strong>R\u016bpn\u012bcas iesp\u0113jas un jauda:<\/strong><\/h2>\n<h3>(1) Mont\u0101\u017ea<\/h3>\n<p>Mums ir pirmklas\u012bga neatkar\u012bga p\u0113tniec\u012bbas un att\u012bst\u012bbas mont\u0101\u017eas platforma. Hidraulisko cilindru ra\u017eo\u0161anas darbn\u012bc\u0101 ir \u010detras pusautom\u0101tiskas pacel\u0161anas cilindru mont\u0101\u017eas l\u012bnijas un viena autom\u0101tisk\u0101 sl\u012bpuma cilindru mont\u0101\u017eas l\u012bnija ar projekt\u0113to gada ra\u017eo\u0161anas jaudu 1 miljons vien\u012bbu. Speci\u0101lo cilindru darbn\u012bca ir apr\u012bkota ar da\u017e\u0101du specifik\u0101ciju pusautom\u0101tisku t\u012br\u012b\u0161anas mont\u0101\u017eas sist\u0113mu ar projekt\u0113to gada ra\u017eo\u0161anas jaudu 200 000 vien\u012bbu un apr\u012bkota ar slaven\u0101m CNC apstr\u0101des iek\u0101rt\u0101m, apstr\u0101des centru, augstas precizit\u0101tes cilindru apstr\u0101des speci\u0101lo apr\u012bkojumu, robotiz\u0113tu metin\u0101\u0161anas iek\u0101rtu, autom\u0101tisku t\u012br\u012b\u0161anas iek\u0101rtu, autom\u0101tisku cilindru mont\u0101\u017eas iek\u0101rtu un autom\u0101tisku kr\u0101so\u0161anas ra\u017eo\u0161anas l\u012bniju. Eso\u0161ais kritiskais apr\u012bkojums ir vair\u0101k nek\u0101 300 komplektu (komplektu). Optim\u0101la iek\u0101rtu resursu sadale un efekt\u012bva izmanto\u0161ana nodro\u0161ina produktu precizit\u0101tes pras\u012bbas un apmierina produktu augst\u0101s kvalit\u0101tes pras\u012bbas.<\/p>\n<p><img loading=\"lazy\" decoding=\"async\" class=\"alignnone wp-image-626\" src=\"https:\/\/hydraulic-cylinders.net\/wp-content\/uploads\/2023\/08\/hydraulic-cylinder-product-1-300x158.webp\" alt=\"\" width=\"495\" height=\"260\" srcset=\"https:\/\/hydraulic-cylinders.net\/wp-content\/uploads\/2023\/08\/hydraulic-cylinder-product-1-300x158.webp 495w, https:\/\/hydraulic-cylinders.net\/wp-content\/uploads\/2023\/08\/hydraulic-cylinder-product-1-480x252.webp 480w\" sizes=\"(min-width: 0px) and (max-width: 480px) 480px, (min-width: 481px) 495px, 100vw\" \/> <img loading=\"lazy\" decoding=\"async\" class=\"alignnone wp-image-627\" src=\"https:\/\/hydraulic-cylinders.net\/wp-content\/uploads\/2023\/08\/hydraulic-cylinder-product-2-300x189.webp\" alt=\"\" width=\"413\" height=\"260\" \/><\/p>\n<h3>(2) Apstr\u0101de<\/h3>\n<p>Apstr\u0101des cehs ir apr\u012bkots ar piel\u0101gotu sl\u012bpo slie\u017eu virpo\u0161anas centru, apstr\u0101des centru, \u0101trgaitas asin\u0101\u0161anas ma\u0161\u012bnu, metin\u0101\u0161anas robotu un citu saist\u012btu apr\u012bkojumu, kas var apstr\u0101d\u0101t cilindriskas caurules ar maksim\u0101lo iek\u0161\u0113jo diametru 400 mm un maksim\u0101lo garumu 6 metri.<\/p>\n<p><img loading=\"lazy\" decoding=\"async\" class=\"alignnone wp-image-628 size-large\" src=\"https:\/\/hydraulic-cylinders.net\/wp-content\/uploads\/2023\/08\/hydraulic-cylinder-product-3-1024x391.webp\" alt=\"\" width=\"1024\" height=\"391\" srcset=\"https:\/\/hydraulic-cylinders.net\/wp-content\/uploads\/2023\/08\/hydraulic-cylinder-product-3-980x374.webp 980w, https:\/\/hydraulic-cylinders.net\/wp-content\/uploads\/2023\/08\/hydraulic-cylinder-product-3-480x183.webp 480w\" sizes=\"(min-width: 0px) and (max-width: 480px) 480px, (min-width: 481px) and (max-width: 980px) 980px, (min-width: 981px) 1024px, 100vw\" \/><\/p>\n<h3>(3) Metin\u0101\u0161ana<\/h3>\n<p><img loading=\"lazy\" decoding=\"async\" class=\"alignnone wp-image-629 size-large\" src=\"https:\/\/hydraulic-cylinders.net\/wp-content\/uploads\/2023\/08\/hydraulic-cylinder-product-4-1024x510.webp\" alt=\"\" width=\"1024\" height=\"510\" srcset=\"https:\/\/hydraulic-cylinders.net\/wp-content\/uploads\/2023\/08\/hydraulic-cylinder-product-4-980x488.webp 980w, https:\/\/hydraulic-cylinders.net\/wp-content\/uploads\/2023\/08\/hydraulic-cylinder-product-4-480x239.webp 480w\" sizes=\"(min-width: 0px) and (max-width: 480px) 480px, (min-width: 481px) and (max-width: 980px) 980px, (min-width: 981px) 1024px, 100vw\" \/><\/p>\n<h3>(4) Kr\u0101so\u0161ana un p\u0101rkl\u0101\u0161ana<\/h3>\n<p>Ar maz\u0101m un vid\u0113ja izm\u0113ra cilindrisk\u0101m autom\u0101tisk\u0101m \u016bdens b\u0101zes kr\u0101su p\u0101rkl\u0101\u0161anas l\u012bnij\u0101m, lai pan\u0101ktu autom\u0101tisku robotu iekrau\u0161anu un izkrau\u0161anu un autom\u0101tisku izsmidzin\u0101\u0161anu, projekt\u0113t\u0101 jauda ir 4000 gabali mai\u0146\u0101;<br \/>\nMums ir ar\u012b pusautom\u0101tiska kr\u0101su ra\u017eo\u0161anas l\u012bnija lieliem baloniem, ko darbina \u0137\u0113des piedzi\u0146a, ar 60 kastu konstrukcijas jaudu vien\u0101 mai\u0146\u0101.<\/p>\n<p><img loading=\"lazy\" decoding=\"async\" class=\"alignnone wp-image-630\" src=\"https:\/\/hydraulic-cylinders.net\/wp-content\/uploads\/2023\/08\/hydraulic-cylinder-product-5-300x213.webp\" alt=\"\" width=\"366\" height=\"260\" \/> <img loading=\"lazy\" decoding=\"async\" class=\"alignnone wp-image-631\" src=\"https:\/\/hydraulic-cylinders.net\/wp-content\/uploads\/2023\/08\/hydraulic-cylinder-product-6-300x225.webp\" alt=\"\" width=\"347\" height=\"260\" \/><\/p>\n<h3>(5) Test\u0113\u0161ana<\/h3>\n<p>Mums ir augst\u0101k\u0101s klases p\u0101rbaudes iek\u0101rtas un test\u0113\u0161anas stendi, lai nodro\u0161in\u0101tu, ka balona veiktsp\u0113ja atbilst pras\u012bb\u0101m.<\/p>\n<p><img loading=\"lazy\" decoding=\"async\" class=\"alignnone wp-image-632\" src=\"https:\/\/hydraulic-cylinders.net\/wp-content\/uploads\/2023\/08\/hydraulic-cylinder-product-8-300x200.webp\" alt=\"\" width=\"389\" height=\"260\" \/><\/p>\n<p>&nbsp;<\/p>\n<p>&nbsp;<\/p>\n<p>M\u0113s esam viens no lab\u0101kajiem hidraulisko cilindru ra\u017eot\u0101jiem. M\u0113s varam pied\u0101v\u0101t visaptvero\u0161us hidrauliskos cilindrus. M\u0113s nodro\u0161in\u0101m ar\u012b atbilsto\u0161us <a href=\"https:\/\/hzpt.com\/agricultural-pto-gearbox\/\" target=\"_blank\" rel=\"noopener\">lauksaimniec\u012bbas p\u0101rnesumk\u0101rbas<\/a>. M\u0113s esam eksport\u0113ju\u0161i savus produktus klientiem vis\u0101 pasaul\u0113 un esam ieguvu\u0161i labu reput\u0101ciju, pateicoties m\u016bsu izcilajai produktu kvalit\u0101tei un p\u0113cp\u0101rdo\u0161anas servisam. M\u0113s aicin\u0101m klientus no valsts un \u0101rvalst\u012bm sazin\u0101ties ar mums, lai risin\u0101tu biznesa sarunas, apmain\u012btos ar inform\u0101ciju un... <a href=\"https:\/\/www.hydraulic-cylinders.net\/lv\/contact-us\/\">sadarboties ar mums<\/a>!<\/p>","protected":false},"excerpt":{"rendered":"<p>Injection Molding Machine Mold Opening and Closing Cylinder The injection molding machine mold opening and closing cylinder is a critical component of plastic injection molding. Designed to control the opening and closing of molds, this specialized cylinder is vital in ensuring precise and efficient production. The injection molding machine mold opening and closing cylinder is [&hellip;]<\/p>","protected":false},"featured_media":1748,"comment_status":"open","ping_status":"closed","template":"","meta":{"_et_pb_use_builder":"","_et_pb_old_content":"","_et_gb_content_width":""},"product_brand":[],"product_cat":[1550,1523,1376],"product_tag":[1380],"class_list":{"0":"post-1746","1":"product","2":"type-product","3":"status-publish","4":"has-post-thumbnail","6":"product_cat-double-acting-hydraulic-cylinder","7":"product_cat-injection-molding-hydraulic-cylinders","8":"product_cat-hydraulic-cylinder","9":"product_tag-hydraulic-cylinder","11":"first","12":"instock","13":"shipping-taxable","14":"product-type-simple"},"amp_enabled":true,"_links":{"self":[{"href":"https:\/\/www.hydraulic-cylinders.net\/lv\/wp-json\/wp\/v2\/product\/1746","targetHints":{"allow":["GET"]}}],"collection":[{"href":"https:\/\/www.hydraulic-cylinders.net\/lv\/wp-json\/wp\/v2\/product"}],"about":[{"href":"https:\/\/www.hydraulic-cylinders.net\/lv\/wp-json\/wp\/v2\/types\/product"}],"replies":[{"embeddable":true,"href":"https:\/\/www.hydraulic-cylinders.net\/lv\/wp-json\/wp\/v2\/comments?post=1746"}],"wp:featuredmedia":[{"embeddable":true,"href":"https:\/\/www.hydraulic-cylinders.net\/lv\/wp-json\/wp\/v2\/media\/1748"}],"wp:attachment":[{"href":"https:\/\/www.hydraulic-cylinders.net\/lv\/wp-json\/wp\/v2\/media?parent=1746"}],"wp:term":[{"taxonomy":"product_brand","embeddable":true,"href":"https:\/\/www.hydraulic-cylinders.net\/lv\/wp-json\/wp\/v2\/product_brand?post=1746"},{"taxonomy":"product_cat","embeddable":true,"href":"https:\/\/www.hydraulic-cylinders.net\/lv\/wp-json\/wp\/v2\/product_cat?post=1746"},{"taxonomy":"product_tag","embeddable":true,"href":"https:\/\/www.hydraulic-cylinders.net\/lv\/wp-json\/wp\/v2\/product_tag?post=1746"}],"curies":[{"name":"wp","href":"https:\/\/api.w.org\/{rel}","templated":true}]}}