{"id":1749,"date":"2023-10-12T08:32:32","date_gmt":"2023-10-12T08:32:32","guid":{"rendered":"https:\/\/hydraulic-cylinders.net\/?post_type=product&#038;p=1749"},"modified":"2025-04-11T03:49:34","modified_gmt":"2025-04-11T03:49:34","slug":"injection-molding-machine-reciprocating-cylinder","status":"publish","type":"product","link":"https:\/\/www.hydraulic-cylinders.net\/lv\/products\/injection-molding-machine-reciprocating-cylinder\/","title":{"rendered":"Iesmidzin\u0101\u0161anas form\u0113\u0161anas ma\u0161\u012bnas virzu\u013ccilindrs"},"content":{"rendered":"<h1 style=\"text-align: center;\"><strong>Iesmidzin\u0101\u0161anas form\u0113\u0161anas ma\u0161\u012bnas virzu\u013ccilindrs<\/strong><\/h1>\n<p><img loading=\"lazy\" decoding=\"async\" class=\"aligncenter wp-image-1750\" src=\"https:\/\/hydraulic-cylinders.net\/wp-content\/uploads\/2023\/10\/reciprocating-cylinder-1-300x300.webp\" alt=\"\" width=\"400\" height=\"400\" \/><\/p>\n<p>Iesmidzin\u0101\u0161anas form\u0113\u0161anas ma\u0161\u012bnas virzu\u013ccilindrs ir b\u016btiska plastmasas iesmidzin\u0101\u0161anas form\u0113\u0161anas procesa sast\u0101vda\u013ca. \u0160is specializ\u0113tais cilindrs ir paredz\u0113ts, lai atvieglotu iesmidzin\u0101\u0161anas iek\u0101rtas virzu\u013ckust\u012bbu, kas ir vit\u0101li svar\u012bgi prec\u012bzas un efekt\u012bvas ra\u017eo\u0161anas nodro\u0161in\u0101\u0161anai.<\/p>\n<p>Iesmidzin\u0101\u0161anas form\u0113\u0161anas ma\u0161\u012bnas virzu\u013ccilindrs ir b\u016btiska plastmasas iesmidzin\u0101\u0161anas form\u0113\u0161anas sast\u0101vda\u013ca, kas nodro\u0161ina iesmidzin\u0101\u0161anas iek\u0101rtas prec\u012bzu un efekt\u012bvu virzu\u013ckust\u012bbu. \u0160is cilindrs nodro\u0161ina uzticamas un optimiz\u0113tas iesmidzin\u0101\u0161anas iek\u0101rtas kust\u012bbas ar savu iztur\u012bgo konstrukciju, \u012bpa\u0161u virzu\u013ckust\u012bbu, \u0101tru darb\u012bbu un regul\u0113jamu g\u0101jiena garumu un sp\u0113ku. Iev\u0113rojot ieteicam\u0101s lieto\u0161anas metodes un apkopes praksi, ra\u017eot\u0101ji var maksim\u0101li palielin\u0101t iesmidzin\u0101\u0161anas form\u0113\u0161anas ma\u0161\u012bnas virzu\u013ccilindra veiktsp\u0113ju un ilgm\u016b\u017e\u012bbu, galu gal\u0101 uzlabojot plastmasas iesmidzin\u0101\u0161anas form\u0113\u0161anas darb\u012bbu precizit\u0101ti, efektivit\u0101ti un visp\u0101r\u0113jo kvalit\u0101ti.<\/p>\n<p>Iesmidzin\u0101\u0161anas form\u0113\u0161anas ma\u0161\u012bnas virzu\u013ccilindra galven\u0101s \u012bpa\u0161\u012bbas:<\/p>\n<ol>\n<li>Iztur\u012bga konstrukcija:<\/li>\n<\/ol>\n<ul>\n<li>Iesmidzin\u0101\u0161anas form\u0113\u0161anas ma\u0161\u012bnas virzu\u013ccilindrs ir izgatavots no augstas kvalit\u0101tes materi\u0101liem, nodro\u0161inot iztur\u012bbu un ilgm\u016b\u017e\u012bbu pat sare\u017e\u0123\u012btos ra\u017eo\u0161anas apst\u0101k\u013cos.<\/li>\n<li>Tas ir izstr\u0101d\u0101ts, lai iztur\u0113tu lielus sp\u0113kus un atk\u0101rtotas kust\u012bbas, saglab\u0101jot nemain\u012bgu veiktsp\u0113ju ilgsto\u0161as \u200b\u200blieto\u0161anas laik\u0101.<\/li>\n<\/ul>\n<ol start=\"2\">\n<li>Prec\u012bza virzu\u013ckust\u012bba:<\/li>\n<\/ol>\n<ul>\n<li>\u0160is cilindrs nodro\u0161ina prec\u012bzu iesmidzin\u0101\u0161anas iek\u0101rtas virzu\u013ckust\u012bbas kontroli, garant\u0113jot prec\u012bzu pozicion\u0113\u0161anu un izl\u012bdzin\u0101\u0161anu.<\/li>\n<li>Tas \u013cauj piel\u0101got virzu\u013ckust\u012bbas \u0101trumu, t\u0101d\u0113j\u0101di optimiz\u0113jot ra\u017eo\u0161anas ciklus un samazinot deta\u013cu defektus.<\/li>\n<\/ul>\n<ol start=\"3\">\n<li>\u0100tra un efekt\u012bva darb\u012bba:<\/li>\n<\/ol>\n<ul>\n<li>Iesmidzin\u0101\u0161anas form\u0113\u0161anas ma\u0161\u012bnas virzu\u013ccilindrs atvieglo \u0101tras virzu\u013ckust\u012bbas, samazinot ra\u017eo\u0161anas laiku un palielinot kop\u0113jo produktivit\u0101ti.<\/li>\n<li>Tas nodro\u0161ina \u0101tru un uzticamu iesmidzin\u0101\u0161anas iek\u0101rtas kust\u012bbu, \u013caujot \u0101tr\u0101kiem iesmidzin\u0101\u0161anas cikliem un maksim\u0101li palielin\u0101t ra\u017eo\u0161anas apjomu.<\/li>\n<\/ul>\n<ol start=\"4\">\n<li>Regul\u0113jams g\u0101jiena garums un sp\u0113ks:<\/li>\n<\/ol>\n<ul>\n<li>\u0160im cilindram ir regul\u0113jams g\u0101jiena garums un sp\u0113ks, lai piel\u0101gotos da\u017e\u0101diem iesmidzin\u0101\u0161anas iek\u0101rtu izm\u0113riem un deta\u013cu pras\u012bb\u0101m.<\/li>\n<li>Tas nodro\u0161ina iesmidzin\u0101\u0161anas iek\u0101rtas darb\u012bbas elast\u012bbu, nodro\u0161inot optim\u0101lu plastifik\u0101ciju un iesmidzin\u0101\u0161anu, neradot boj\u0101jumus.<\/li>\n<\/ul>\n<h2><strong>Iesmidzin\u0101\u0161anas form\u0113\u0161anas ma\u0161\u012bnas virzu\u013ccilindra parametrs:<\/strong><\/h2>\n<table border=\"1\" cellspacing=\"0\" cellpadding=\"0\">\n<tbody>\n<tr>\n<td>Produkta nosaukums<\/td>\n<td>Iesmidzin\u0101\u0161anas form\u0113\u0161anas ma\u0161\u012bnas virzu\u013ccilindrs<\/td>\n<\/tr>\n<tr>\n<td>Funkcijas:<\/td>\n<td>\u0100tra veid\u0146u p\u0101rvieto\u0161ana, ko sauc ar\u012b par veid\u0146u p\u0101rvieto\u0161anas cilindru<\/td>\n<\/tr>\n<tr>\n<td>Urbuma diametrs:<\/td>\n<td>\u00a063 mm\uff5e180 mm<\/td>\n<\/tr>\n<tr>\n<td>Stie\u0146a diametrs:<\/td>\n<td>\u00a045 mm\uff5e125 mm<br \/>\nG\u0101jiens \u22644000 mm<\/td>\n<\/tr>\n<tr>\n<td>Vilces sp\u0113ks:<\/td>\n<td>Maksim\u0101l\u0101 jauda 407\u00a0KN<br \/>\n(Cauruma diametrs: 180 mm\/spiediens 16 MPa)<\/td>\n<\/tr>\n<tr>\n<td>Lietojumi:<\/td>\n<td>Iesmidzin\u0101\u0161anas form\u0113\u0161anas ma\u0161\u012bna<\/td>\n<\/tr>\n<\/tbody>\n<\/table>\n<div><\/div>\n<div>\n<div class=\"txtboxL\">\n<div class=\"txtboxL\">\n<div class=\"txtboxL\">\n<div class=\"txtboxL\">\n<div class=\"txtboxL\">\n<div class=\"txtboxL\">\n<div class=\"txtboxL\">Funkcijas:<\/div>\n<div class=\"txtboxR\">\u0100tra veid\u0146u p\u0101rvieto\u0161ana, ko sauc ar\u012b par veid\u0146u p\u0101rvieto\u0161anas cilindru<\/div>\n<div class=\"txtboxL\">Specifik\u0101cija:<\/div>\n<div class=\"txtboxR\">Urbuma diametrs: 63 mm ~ 180 mm<br \/>\nStie\u0146a diametrs: 45 mm\uff5e125 mm<br \/>\nG\u0101jiens \u22644000 mm<\/div>\n<div class=\"txtboxL\">Vilces sp\u0113ks:<\/div>\n<div class=\"txtboxR\">Maksim\u0101l\u0101 jauda 407\u00a0KN<br \/>\n(Cauruma diametrs: 180 mm\/spiediens 16 MPa)<\/div>\n<\/div>\n<\/div>\n<\/div>\n<\/div>\n<\/div>\n<\/div>\n<\/div>\n<h2><strong>Cementa apr\u012bkojums <\/strong><strong>Cilindru r\u016bpn\u012bca:<\/strong><\/h2>\n<p><img loading=\"lazy\" decoding=\"async\" class=\"alignnone wp-image-1734 size-full\" src=\"https:\/\/hydraulic-cylinders.net\/wp-content\/uploads\/2023\/10\/cement-equipment-cylinder-1.webp\" alt=\"\" width=\"1418\" height=\"946\" srcset=\"https:\/\/hydraulic-cylinders.net\/wp-content\/uploads\/2023\/10\/cement-equipment-cylinder-1.webp 1418w, https:\/\/hydraulic-cylinders.net\/wp-content\/uploads\/2023\/10\/cement-equipment-cylinder-1-1280x854.webp 1280w, https:\/\/hydraulic-cylinders.net\/wp-content\/uploads\/2023\/10\/cement-equipment-cylinder-1-980x654.webp 980w, https:\/\/hydraulic-cylinders.net\/wp-content\/uploads\/2023\/10\/cement-equipment-cylinder-1-480x320.webp 480w\" sizes=\"(min-width: 0px) and (max-width: 480px) 480px, (min-width: 481px) and (max-width: 980px) 980px, (min-width: 981px) and (max-width: 1280px) 1280px, (min-width: 1281px) 1418px, 100vw\" \/><\/p>\n<h2><strong>Iesmidzin\u0101\u0161anas form\u0113\u0161anas ma\u0161\u012bnas virzu\u013ccilindra lieto\u0161anas metode<\/strong><strong>:<\/strong><\/h2>\n<ol>\n<li><strong>Uzst\u0101d\u012b\u0161ana:<\/strong><\/li>\n<\/ol>\n<ul>\n<li>Iev\u0113rojiet ra\u017eot\u0101ja nor\u0101d\u012bjumus, lai dro\u0161i uzst\u0101d\u012btu iesmidzin\u0101\u0161anas form\u0113\u0161anas ma\u0161\u012bnas virzu\u013ccilindru uz ma\u0161\u012bnas.<\/li>\n<li>Nodro\u0161iniet pareizu izl\u012bdzin\u0101\u0161anu un stiprin\u0101jumu pie ma\u0161\u012bnas virzu\u013cmeh\u0101nisma, lai form\u0113\u0161anas laik\u0101 nodro\u0161in\u0101tu vienm\u0113r\u012bgu darb\u012bbu.<\/li>\n<\/ul>\n<ol start=\"2\">\n<li><strong>Virzu\u013ckust\u012bbas parametru regul\u0113\u0161ana:<\/strong><\/li>\n<\/ol>\n<ul>\n<li>Izmantojiet iek\u0101rtas vad\u012bbas paneli vai saskarni, lai piel\u0101gotu virzu\u013ckust\u012bbas parametrus, piem\u0113ram, \u0101trumu, g\u0101jiena garumu un sp\u0113ku.<\/li>\n<li>Konkr\u0113tas vadl\u012bnijas par atbilsto\u0161o parametru iestat\u012b\u0161anu, pamatojoties uz iesmidzin\u0101\u0161anas iek\u0101rtas konstrukciju un deta\u013cu specifik\u0101cij\u0101m, skatiet iek\u0101rtas lieto\u0161anas instrukcij\u0101.<\/li>\n<\/ul>\n<ol start=\"3\">\n<li><strong>Pel\u0113juma sagatavo\u0161ana:<\/strong><\/li>\n<\/ol>\n<ul>\n<li>Ievietojiet veidni iesmidzin\u0101\u0161anas iek\u0101rt\u0101, nodro\u0161inot pareizu izl\u012bdzin\u0101\u0161anu un nostiprin\u0101\u0161anu.<\/li>\n<li>Pievienojiet iesmidzin\u0101\u0161anas ier\u012bci veidnei, nodro\u0161inot dro\u0161u un uzticamu savienojumu, kas \u013cauj veikt prec\u012bzu plastifik\u0101ciju un iesmidzin\u0101\u0161anu.<\/li>\n<\/ul>\n<ol start=\"4\">\n<li><strong>Virzu\u013ckust\u012bba:<\/strong><\/li>\n<\/ol>\n<ul>\n<li>Uzs\u0101ciet form\u0113\u0161anas procesu, aktiviz\u0113jot iesmidzin\u0101\u0161anas form\u0113\u0161anas iek\u0101rtu.<\/li>\n<li>Iesmidzin\u0101\u0161anas form\u0113\u0161anas ma\u0161\u012bnas virzu\u013ccilindrs kontrol\u0113 iesmidzin\u0101\u0161anas iek\u0101rtas virzu\u013ckust\u012bbu, nodro\u0161inot prec\u012bzas un vienm\u0113r\u012bgas kust\u012bbas.<\/li>\n<li>P\u0101rliecinieties, vai g\u0101jiena garums un sp\u0113ks ir noregul\u0113ti t\u0101, lai sasniegtu v\u0113lamo virzu\u013ckust\u012bbu, neradot boj\u0101jumus.<\/li>\n<\/ul>\n<h2><strong>K\u0101 atjaunot hidraulisk\u0101 cilindra sh\u0113mu?<\/strong><\/h2>\n<ol>\n<li><strong>Demont\u0101\u017ea:<\/strong>\n<ul>\n<li>S\u0101ciet, no\u0146emot hidraulisko cilindru no iek\u0101rtas vai ma\u0161\u012bnas.<\/li>\n<li>Uzman\u012bgi atvienojiet visas hidraulisk\u0101s l\u012bnijas vai savienojumus, kas piestiprin\u0101ti pie cilindra.<\/li>\n<li>Piev\u0113rsiet uzman\u012bbu cilindra orient\u0101cijai un poz\u012bcijai atk\u0101rtotas mont\u0101\u017eas laik\u0101.<\/li>\n<\/ul>\n<\/li>\n<li><strong>Noteciniet \u0161\u0137idrumu:<\/strong>\n<ul>\n<li>Novietojiet zem cilindra piem\u0113rotu trauku, lai sav\u0101ktu atliku\u0161o hidraulisko \u0161\u0137idrumu.<\/li>\n<li>Piln\u012bb\u0101 izstiepiet vai ievelciet cilindru, lai \u0161\u0137idrums var\u0113tu piln\u012bb\u0101 iztuk\u0161oties.<\/li>\n<\/ul>\n<\/li>\n<li><strong>No\u0146emt gala v\u0101ci\u0146us:<\/strong>\n<ul>\n<li>Atrodiet cilindra gala v\u0101ci\u0146us.<\/li>\n<li>Atkar\u012bb\u0101 no cilindra konstrukcijas, lai atbr\u012bvotu gala v\u0101ci\u0146us, var b\u016bt nepiecie\u0161ams no\u0146emt stiprin\u0101\u0161anas skr\u016bves, fiks\u0101cijas gredzenus vai citus stiprin\u0101jumus.<\/li>\n<li>Viegli uzsitiet pa gala v\u0101ci\u0146iem ar gumijas \u0101muru, ja tie ir iestr\u0113gu\u0161i, uzman\u012bgi, lai nesaboj\u0101tu nevienu deta\u013cu.<\/li>\n<\/ul>\n<\/li>\n<li><strong>Izvilk\u0161anas virzulis un stienis:<\/strong>\n<ul>\n<li>Kad gala v\u0101ci\u0146i ir no\u0146emti, uzman\u012bgi izvelciet virzu\u013ca un stie\u0146a komplektu.<\/li>\n<li>Piev\u0113rsiet uzman\u012bbu bl\u012bv\u0113jumu, gult\u0146u un citu sast\u0101vda\u013cu orient\u0101cijai un izvietojumam.<\/li>\n<\/ul>\n<\/li>\n<li><strong>P\u0101rbaudiet komponentus:<\/strong>\n<ul>\n<li>R\u016bp\u012bgi p\u0101rbaudiet visas sast\u0101vda\u013cas, vai nav nodiluma, boj\u0101jumu vai nopl\u016bdes paz\u012bmju.<\/li>\n<li>P\u0101rbaudiet virzuli, stieni, cilindra urbumu, bl\u012bves, gult\u0146us un citas deta\u013cas, vai nav probl\u0113mu, kas var\u0113tu b\u016bt j\u0101nomaina.<\/li>\n<\/ul>\n<\/li>\n<li><strong>Nomainiet bl\u012bves un komponentus:<\/strong>\n<ul>\n<li>Nomainiet visus nolietotos vai boj\u0101tos bl\u012bv\u0113jumus, gult\u0146us vai citas sast\u0101vda\u013cas ar jaun\u0101m, kas ir sader\u012bgas ar cilindru.<\/li>\n<li>Pirms uzst\u0101d\u012b\u0161anas nodro\u0161iniet bl\u012bvju un deta\u013cu pien\u0101c\u012bgu e\u013c\u013co\u0161anu.<\/li>\n<\/ul>\n<\/li>\n<li><strong>Salik\u0161ana:<\/strong>\n<ul>\n<li>Uzman\u012bgi ievietojiet virzu\u013ca un stie\u0146a komplektu atpaka\u013c cilindra urbum\u0101.<\/li>\n<li>Uzkl\u0101jiet piem\u0113rotu mont\u0101\u017eas sm\u0113rvielu, lai atvieglotu mont\u0101\u017eas procesu.<\/li>\n<li>Izl\u012bdziniet gala v\u0101ci\u0146us un uzst\u0101diet visus nepiecie\u0161amos stiprin\u0101jumus, nodro\u0161inot, ka tiek iev\u0113rotas pareizas griezes momenta specifik\u0101cijas.<\/li>\n<\/ul>\n<\/li>\n<li><strong>P\u0101rbaude un atk\u0101rtota instal\u0113\u0161ana:<\/strong>\n<ul>\n<li>Kad cilindrs ir salikts atpaka\u013c, veiciet r\u016bp\u012bgu p\u0101rbaudi, lai p\u0101rliecin\u0101tos, ka visas sast\u0101vda\u013cas ir pareizi uzst\u0101d\u012btas un izl\u012bdzin\u0101tas.<\/li>\n<li>Pievienojiet atpaka\u013c visas hidraulisk\u0101s l\u012bnijas vai savienojumus, kas tika atvienoti demont\u0101\u017eas procesa laik\u0101.<\/li>\n<li>P\u0101rbaudiet atjaunot\u0101 hidraulisk\u0101 cilindra pareizu darb\u012bbu un nopl\u016bdi.<\/li>\n<li>Ja cilindrs darbojas pareizi, uzst\u0101diet to atpaka\u013c iek\u0101rt\u0101 vai meh\u0101nism\u0101.<\/li>\n<\/ul>\n<\/li>\n<\/ol>\n<h2><strong>R\u016bpn\u012bcas iesp\u0113jas un jauda:<\/strong><\/h2>\n<h3>(1) Mont\u0101\u017ea<\/h3>\n<p>Mums ir pirmklas\u012bga neatkar\u012bga p\u0113tniec\u012bbas un att\u012bst\u012bbas mont\u0101\u017eas platforma. Hidraulisko cilindru ra\u017eo\u0161anas darbn\u012bc\u0101 ir \u010detras pusautom\u0101tiskas pacel\u0161anas cilindru mont\u0101\u017eas l\u012bnijas un viena autom\u0101tisk\u0101 sl\u012bpuma cilindru mont\u0101\u017eas l\u012bnija ar projekt\u0113to gada ra\u017eo\u0161anas jaudu 1 miljons vien\u012bbu. Speci\u0101lo cilindru darbn\u012bca ir apr\u012bkota ar da\u017e\u0101du specifik\u0101ciju pusautom\u0101tisku t\u012br\u012b\u0161anas mont\u0101\u017eas sist\u0113mu ar projekt\u0113to gada ra\u017eo\u0161anas jaudu 200 000 vien\u012bbu un apr\u012bkota ar slaven\u0101m CNC apstr\u0101des iek\u0101rt\u0101m, apstr\u0101des centru, augstas precizit\u0101tes cilindru apstr\u0101des speci\u0101lo apr\u012bkojumu, robotiz\u0113tu metin\u0101\u0161anas iek\u0101rtu, autom\u0101tisku t\u012br\u012b\u0161anas iek\u0101rtu, autom\u0101tisku cilindru mont\u0101\u017eas iek\u0101rtu un autom\u0101tisku kr\u0101so\u0161anas ra\u017eo\u0161anas l\u012bniju. Eso\u0161ais kritiskais apr\u012bkojums ir vair\u0101k nek\u0101 300 komplektu (komplektu). Optim\u0101la iek\u0101rtu resursu sadale un efekt\u012bva izmanto\u0161ana nodro\u0161ina produktu precizit\u0101tes pras\u012bbas un apmierina produktu augst\u0101s kvalit\u0101tes pras\u012bbas.<\/p>\n<p><img loading=\"lazy\" decoding=\"async\" class=\"alignnone wp-image-626\" src=\"https:\/\/hydraulic-cylinders.net\/wp-content\/uploads\/2023\/08\/hydraulic-cylinder-product-1-300x158.webp\" alt=\"\" width=\"495\" height=\"260\" srcset=\"https:\/\/hydraulic-cylinders.net\/wp-content\/uploads\/2023\/08\/hydraulic-cylinder-product-1-300x158.webp 495w, https:\/\/hydraulic-cylinders.net\/wp-content\/uploads\/2023\/08\/hydraulic-cylinder-product-1-480x252.webp 480w\" sizes=\"(min-width: 0px) and (max-width: 480px) 480px, (min-width: 481px) 495px, 100vw\" \/> <img loading=\"lazy\" decoding=\"async\" class=\"alignnone wp-image-627\" src=\"https:\/\/hydraulic-cylinders.net\/wp-content\/uploads\/2023\/08\/hydraulic-cylinder-product-2-300x189.webp\" alt=\"\" width=\"413\" height=\"260\" \/><\/p>\n<h3>(2) Apstr\u0101de<\/h3>\n<p>Apstr\u0101des cehs ir apr\u012bkots ar piel\u0101gotu sl\u012bpo slie\u017eu virpo\u0161anas centru, apstr\u0101des centru, \u0101trgaitas asin\u0101\u0161anas ma\u0161\u012bnu, metin\u0101\u0161anas robotu un citu saist\u012btu apr\u012bkojumu, kas var apstr\u0101d\u0101t cilindriskas caurules ar maksim\u0101lo iek\u0161\u0113jo diametru 400 mm un maksim\u0101lo garumu 6 metri.<\/p>\n<p><img loading=\"lazy\" decoding=\"async\" class=\"alignnone wp-image-628 size-large\" src=\"https:\/\/hydraulic-cylinders.net\/wp-content\/uploads\/2023\/08\/hydraulic-cylinder-product-3-1024x391.webp\" alt=\"\" width=\"1024\" height=\"391\" srcset=\"https:\/\/hydraulic-cylinders.net\/wp-content\/uploads\/2023\/08\/hydraulic-cylinder-product-3-980x374.webp 980w, https:\/\/hydraulic-cylinders.net\/wp-content\/uploads\/2023\/08\/hydraulic-cylinder-product-3-480x183.webp 480w\" sizes=\"(min-width: 0px) and (max-width: 480px) 480px, (min-width: 481px) and (max-width: 980px) 980px, (min-width: 981px) 1024px, 100vw\" \/><\/p>\n<h3>(3) Metin\u0101\u0161ana<\/h3>\n<p><img loading=\"lazy\" decoding=\"async\" class=\"alignnone wp-image-629 size-large\" src=\"https:\/\/hydraulic-cylinders.net\/wp-content\/uploads\/2023\/08\/hydraulic-cylinder-product-4-1024x510.webp\" alt=\"\" width=\"1024\" height=\"510\" srcset=\"https:\/\/hydraulic-cylinders.net\/wp-content\/uploads\/2023\/08\/hydraulic-cylinder-product-4-980x488.webp 980w, https:\/\/hydraulic-cylinders.net\/wp-content\/uploads\/2023\/08\/hydraulic-cylinder-product-4-480x239.webp 480w\" sizes=\"(min-width: 0px) and (max-width: 480px) 480px, (min-width: 481px) and (max-width: 980px) 980px, (min-width: 981px) 1024px, 100vw\" \/><\/p>\n<h3>(4) Kr\u0101so\u0161ana un p\u0101rkl\u0101\u0161ana<\/h3>\n<p>Ar maz\u0101m un vid\u0113ja izm\u0113ra cilindrisk\u0101m autom\u0101tisk\u0101m \u016bdens b\u0101zes kr\u0101su p\u0101rkl\u0101\u0161anas l\u012bnij\u0101m, lai pan\u0101ktu autom\u0101tisku robotu iekrau\u0161anu un izkrau\u0161anu un autom\u0101tisku izsmidzin\u0101\u0161anu, projekt\u0113t\u0101 jauda ir 4000 gabali mai\u0146\u0101;<br \/>\nMums ir ar\u012b pusautom\u0101tiska kr\u0101su ra\u017eo\u0161anas l\u012bnija lieliem baloniem, ko darbina \u0137\u0113des piedzi\u0146a, ar 60 kastu konstrukcijas jaudu vien\u0101 mai\u0146\u0101.<\/p>\n<p><img loading=\"lazy\" decoding=\"async\" class=\"alignnone wp-image-630\" src=\"https:\/\/hydraulic-cylinders.net\/wp-content\/uploads\/2023\/08\/hydraulic-cylinder-product-5-300x213.webp\" alt=\"\" width=\"366\" height=\"260\" \/> <img loading=\"lazy\" decoding=\"async\" class=\"alignnone wp-image-631\" src=\"https:\/\/hydraulic-cylinders.net\/wp-content\/uploads\/2023\/08\/hydraulic-cylinder-product-6-300x225.webp\" alt=\"\" width=\"347\" height=\"260\" \/><\/p>\n<h3>(5) Test\u0113\u0161ana<\/h3>\n<p>Mums ir augst\u0101k\u0101s klases p\u0101rbaudes iek\u0101rtas un test\u0113\u0161anas stendi, lai nodro\u0161in\u0101tu, ka balona veiktsp\u0113ja atbilst pras\u012bb\u0101m.<\/p>\n<p><img loading=\"lazy\" decoding=\"async\" class=\"alignnone wp-image-632\" src=\"https:\/\/hydraulic-cylinders.net\/wp-content\/uploads\/2023\/08\/hydraulic-cylinder-product-8-300x200.webp\" alt=\"\" width=\"389\" height=\"260\" \/><\/p>\n<p>&nbsp;<\/p>\n<p>&nbsp;<\/p>\n<p>M\u0113s esam viens no lab\u0101kajiem hidraulisko cilindru ra\u017eot\u0101jiem. M\u0113s varam pied\u0101v\u0101t visaptvero\u0161us hidrauliskos cilindrus. M\u0113s nodro\u0161in\u0101m ar\u012b atbilsto\u0161us <a href=\"https:\/\/hzpt.com\/agricultural-pto-gearbox\/\" target=\"_blank\" rel=\"noopener\">lauksaimniec\u012bbas p\u0101rnesumk\u0101rbas<\/a>. M\u0113s esam eksport\u0113ju\u0161i savus produktus klientiem vis\u0101 pasaul\u0113 un esam ieguvu\u0161i labu reput\u0101ciju, pateicoties m\u016bsu izcilajai produktu kvalit\u0101tei un p\u0113cp\u0101rdo\u0161anas servisam. M\u0113s aicin\u0101m klientus no valsts un \u0101rvalst\u012bm sazin\u0101ties ar mums, lai risin\u0101tu biznesa sarunas, apmain\u012btos ar inform\u0101ciju un... <a href=\"https:\/\/www.hydraulic-cylinders.net\/lv\/contact-us\/\">sadarboties ar mums<\/a>!<\/p>","protected":false},"excerpt":{"rendered":"<p>Injection Molding Machine Reciprocating Cylinder The injection molding machine reciprocating cylinder is a crucial component in the plastic injection molding process. This specialized cylinder is designed to facilitate the reciprocating movement of the injection unit, which is vital in ensuring precise and efficient production. The injection molding machine reciprocating cylinder is a critical component in [&hellip;]<\/p>","protected":false},"featured_media":1751,"comment_status":"open","ping_status":"closed","template":"","meta":{"_et_pb_use_builder":"","_et_pb_old_content":"","_et_gb_content_width":""},"product_brand":[],"product_cat":[1550,1523,1376],"product_tag":[1380],"class_list":{"0":"post-1749","1":"product","2":"type-product","3":"status-publish","4":"has-post-thumbnail","6":"product_cat-double-acting-hydraulic-cylinder","7":"product_cat-injection-molding-hydraulic-cylinders","8":"product_cat-hydraulic-cylinder","9":"product_tag-hydraulic-cylinder","11":"first","12":"instock","13":"shipping-taxable","14":"product-type-simple"},"amp_enabled":true,"_links":{"self":[{"href":"https:\/\/www.hydraulic-cylinders.net\/lv\/wp-json\/wp\/v2\/product\/1749","targetHints":{"allow":["GET"]}}],"collection":[{"href":"https:\/\/www.hydraulic-cylinders.net\/lv\/wp-json\/wp\/v2\/product"}],"about":[{"href":"https:\/\/www.hydraulic-cylinders.net\/lv\/wp-json\/wp\/v2\/types\/product"}],"replies":[{"embeddable":true,"href":"https:\/\/www.hydraulic-cylinders.net\/lv\/wp-json\/wp\/v2\/comments?post=1749"}],"wp:featuredmedia":[{"embeddable":true,"href":"https:\/\/www.hydraulic-cylinders.net\/lv\/wp-json\/wp\/v2\/media\/1751"}],"wp:attachment":[{"href":"https:\/\/www.hydraulic-cylinders.net\/lv\/wp-json\/wp\/v2\/media?parent=1749"}],"wp:term":[{"taxonomy":"product_brand","embeddable":true,"href":"https:\/\/www.hydraulic-cylinders.net\/lv\/wp-json\/wp\/v2\/product_brand?post=1749"},{"taxonomy":"product_cat","embeddable":true,"href":"https:\/\/www.hydraulic-cylinders.net\/lv\/wp-json\/wp\/v2\/product_cat?post=1749"},{"taxonomy":"product_tag","embeddable":true,"href":"https:\/\/www.hydraulic-cylinders.net\/lv\/wp-json\/wp\/v2\/product_tag?post=1749"}],"curies":[{"name":"wp","href":"https:\/\/api.w.org\/{rel}","templated":true}]}}