{"id":1752,"date":"2023-10-13T02:41:02","date_gmt":"2023-10-13T02:41:02","guid":{"rendered":"https:\/\/hydraulic-cylinders.net\/?post_type=product&#038;p=1752"},"modified":"2025-04-15T05:55:30","modified_gmt":"2025-04-15T05:55:30","slug":"cutter-suction-dredger-traveling-cylinders","status":"publish","type":"product","link":"https:\/\/www.hydraulic-cylinders.net\/lv\/products\/cutter-suction-dredger-traveling-cylinders\/","title":{"rendered":"Griez\u0113ja s\u016bk\u0161anas zemes bagarku\u0123a p\u0101rvietojamie cilindri"},"content":{"rendered":"<h1 style=\"text-align: center;\"><strong>Griez\u0113ja s\u016bk\u0161anas zemes bagarku\u0123a p\u0101rvietojamie cilindri<\/strong><\/h1>\n<p><img loading=\"lazy\" decoding=\"async\" class=\"aligncenter wp-image-1753\" src=\"https:\/\/hydraulic-cylinders.net\/wp-content\/uploads\/2023\/10\/cutter-suction-dredger-the-traveling-cylinders-1-300x300.webp\" alt=\"\" width=\"400\" height=\"400\" \/><\/p>\n<p>Kuterveida ies\u016bk\u0161anas bagarku\u0123a p\u0101rvietojamie cilindri ir b\u016btiskas m\u016bsdienu bagar\u0113\u0161anas oper\u0101ciju sast\u0101vda\u013cas. \u0160ie cilindri, kas paredz\u0113ti efektivit\u0101tes un produktivit\u0101tes uzlabo\u0161anai, sp\u0113l\u0113 b\u016btisku lomu kuttera ies\u016bk\u0161anas bagar\u0113\u0161anas proces\u0101.<\/p>\n<p>Ku\u0123a ies\u016bk\u0161anas bagarku\u0123a p\u0101rvietojamie cilindri ir neaizst\u0101jamas sast\u0101vda\u013cas efekt\u012bv\u0101m un produkt\u012bv\u0101m bagar\u0113\u0161anas oper\u0101cij\u0101m. Pateicoties to iztur\u012bgajai konstrukcijai, prec\u012bzajai p\u0101rvieto\u0161an\u0101s kust\u012bbai, jaud\u012bgajai piedzi\u0146ai un elast\u012bg\u0101m regul\u0113\u0161anas iesp\u0113j\u0101m, \u0161ie cilindri nodro\u0161ina vienm\u0113r\u012bgu un prec\u012bzu bagarku\u0123a kust\u012bbu, optimiz\u0113jot bagar\u0113\u0161anas veiktsp\u0113ju. Iev\u0113rojot ieteicam\u0101s lieto\u0161anas metodes un apkopes praksi, operatori var maksim\u0101li palielin\u0101t p\u0101rvietojamo cilindru veiktsp\u0113ju un ilgm\u016b\u017e\u012bbu, galu gal\u0101 uzlabojot griez\u0113ja ies\u016bk\u0161anas bagar\u0113\u0161anas procesa efektivit\u0101ti un lietder\u012bbu.<\/p>\n<p>Griez\u0113ja s\u016bk\u0161anas zemess\u016bc\u0113ja p\u0101rvietojamo cilindru galven\u0101s \u012bpa\u0161\u012bbas:<\/p>\n<ol>\n<li>Iztur\u012bga konstrukcija:<\/li>\n<\/ol>\n<ul>\n<li>Kust\u012bgie cilindri ir izgatavoti no augstas kvalit\u0101tes materi\u0101liem, nodro\u0161inot iztur\u012bbu un ilgm\u016b\u017e\u012bbu pat sare\u017e\u0123\u012btos bagar\u0113\u0161anas apst\u0101k\u013cos.<br \/>\nTie ir izstr\u0101d\u0101ti, lai iztur\u0113tu augstu spiedienu, abraz\u012bvus materi\u0101lus un past\u0101v\u012bgu kust\u012bbu, saglab\u0101jot nemain\u012bgu veiktsp\u0113ju vis\u0101 bagar\u0113\u0161anas oper\u0101ciju laik\u0101.<\/li>\n<\/ul>\n<ol start=\"2\">\n<li>Prec\u012bza p\u0101rvieto\u0161an\u0101s kust\u012bba:<\/li>\n<\/ol>\n<ul>\n<li>\u0160ie cilindri nodro\u0161ina prec\u012bzu griez\u0113jdzin\u0113ja bagarku\u0123a kust\u012bbas kontroli, garant\u0113jot prec\u012bzu pozicion\u0113\u0161anu un vienm\u0113r\u012bgu kust\u012bbu bagar\u0113\u0161anas laik\u0101.<\/li>\n<li>Tie \u013cauj piel\u0101got brauk\u0161anas \u0101trumu, nodro\u0161inot efekt\u012bvu navig\u0101ciju da\u017e\u0101dos reljefos un prec\u012bzu pozicion\u0113\u0161anu efekt\u012bvai bagar\u0113\u0161anai.<\/li>\n<\/ul>\n<ol start=\"3\">\n<li>Jaud\u012bga piedzi\u0146a:<\/li>\n<\/ol>\n<ul>\n<li>Kust\u012bgie cilindri nodro\u0161ina jaud\u012bgu dzin\u0113ju griez\u0113jdzin\u0113jam, \u013caujot tam vienm\u0113r\u012bgi un efekt\u012bvi p\u0101rvietoties pa bagar\u0113\u0161anas zonu.<\/li>\n<li>Tie pied\u0101v\u0101 lielisku vilci un sa\u0137eri, nodro\u0161inot, ka zemess\u016bc\u0113js var p\u0101rvar\u0113t nogulumu pretest\u012bbu un uztur\u0113t vienm\u0113r\u012bgu virz\u012bbu.<\/li>\n<\/ul>\n<ol start=\"4\">\n<li>Elast\u012bga regul\u0113\u0161ana:<\/li>\n<\/ol>\n<ul>\n<li>\u0160ie cilindri \u013cauj elast\u012bgi piel\u0101got griez\u0113jtraktora brauk\u0161anas parametrus, piem\u0113ram, \u0101trumu, virzienu un dzi\u013cumu.<\/li>\n<li>Operatori var piel\u0101got zemess\u016bc\u0113ja kust\u012bbu konkr\u0113taj\u0101m zemess\u016bc\u0113ju pras\u012bb\u0101m un optimiz\u0113t visas darb\u012bbas efektivit\u0101ti.<\/li>\n<\/ul>\n<h2><strong>Griez\u0113ja s\u016bk\u0161anas zemes bagarku\u0123a p\u0101rvietojamo cilindru parametrs:<\/strong><\/h2>\n<table border=\"1\" cellspacing=\"0\" cellpadding=\"0\">\n<tbody>\n<tr>\n<td>Produkta nosaukums<\/td>\n<td>Griez\u0113ja s\u016bk\u0161anas bagar\u0113t\u0101ja p\u0101rvietojamais cilindrs<\/td>\n<\/tr>\n<tr>\n<td>Funkcijas:<\/td>\n<td>Ir griez\u0113jku\u0123a p\u0101rvieto\u0161an\u0101s meh\u0101nisma galvenais izpildelements<\/td>\n<\/tr>\n<tr>\n<td>Urbuma diametrs:<\/td>\n<td>L\u012bdz 480 mm<\/td>\n<\/tr>\n<tr>\n<td>Stie\u0146a diametrs:<\/td>\n<td>L\u012bdz 360 mm<br \/>\nG\u0101jiens l\u012bdz 9400 mm<\/td>\n<\/tr>\n<tr>\n<td>Spiediens:<\/td>\n<td>l\u012bdz 32 MPa<\/td>\n<\/tr>\n<tr>\n<td>Vilces sp\u0113ks:<\/td>\n<td>Maksim\u0101l\u0101 jauda 2900 kN<\/td>\n<\/tr>\n<tr>\n<td>Lietojumi:<\/td>\n<td>Griez\u0113ja s\u016bk\u0161anas zemess\u016bc\u0113js<\/td>\n<\/tr>\n<\/tbody>\n<\/table>\n<div><\/div>\n<div>\n<div class=\"txtboxL\">\n<div class=\"txtboxL\">\n<div class=\"txtboxL\">\n<div class=\"txtboxL\">\n<div class=\"txtboxL\">\n<div class=\"txtboxL\">\n<div class=\"txtboxL\">\n<div class=\"txtboxL\">Funkcijas:<\/div>\n<div class=\"txtboxR\">Ir griez\u0113jku\u0123a p\u0101rvieto\u0161an\u0101s meh\u0101nisma galvenais izpildelements<\/div>\n<div class=\"txtboxL\">Specifik\u0101cija:<\/div>\n<div class=\"txtboxR\">Urbuma diametrs: l\u012bdz 480 mm<br \/>\nStie\u0146a diametrs: l\u012bdz 360 mm<br \/>\nG\u0101jiens l\u012bdz 9400 mm<\/div>\n<div class=\"txtboxL\">Spiediens:<\/div>\n<div class=\"txtboxR\">l\u012bdz 32 MPa<\/div>\n<div class=\"txtboxL\">Vilces sp\u0113ks:<\/div>\n<div class=\"txtboxR\">Maksim\u0101l\u0101 jauda 2900 kN<\/div>\n<\/div>\n<\/div>\n<\/div>\n<\/div>\n<\/div>\n<\/div>\n<\/div>\n<\/div>\n<h2><strong>Bagarku\u0123a tvertnes griez\u0113ja-ies\u016bk\u0161anas cilindru pielietojums:<\/strong><\/h2>\n<p><img loading=\"lazy\" decoding=\"async\" class=\"alignnone wp-image-1757 size-full\" src=\"https:\/\/hydraulic-cylinders.net\/wp-content\/uploads\/2023\/10\/dredger-tank-cylinder-1.webp\" alt=\"\" width=\"600\" height=\"400\" srcset=\"https:\/\/hydraulic-cylinders.net\/wp-content\/uploads\/2023\/10\/dredger-tank-cylinder-1.webp 600w, https:\/\/hydraulic-cylinders.net\/wp-content\/uploads\/2023\/10\/dredger-tank-cylinder-1-480x320.webp 480w\" sizes=\"(min-width: 0px) and (max-width: 480px) 480px, (min-width: 481px) 600px, 100vw\" \/><\/p>\n<h2><strong>Griez\u0113ja s\u016bk\u0161anas bagarku\u0123a ce\u013cojo\u0161o cilindru lieto\u0161anas metode<\/strong><strong>:<\/strong><\/h2>\n<ol>\n<li><strong>Uzst\u0101d\u012b\u0161ana:<\/strong><\/li>\n<\/ol>\n<ul>\n<li>Iev\u0113rojiet ra\u017eot\u0101ja nor\u0101d\u012bjumus, lai dro\u0161i uzst\u0101d\u012btu p\u0101rvietojamos cilindrus uz griez\u0113jtraktora.<\/li>\n<li>Nodro\u0161iniet pareizu izl\u012bdzin\u0101\u0161anu un stiprin\u0101jumu pie zemess\u016bc\u0113ja piedzi\u0146as sist\u0113mas, lai nodro\u0161in\u0101tu vienm\u0113r\u012bgu un uzticamu p\u0101rvieto\u0161anos.<\/li>\n<\/ul>\n<ol start=\"2\">\n<li><strong>Vad\u012bba un navig\u0101cija:<\/strong><\/li>\n<\/ol>\n<ul>\n<li>Izmantojiet zemess\u016bc\u0113ja vad\u012bbas paneli vai saskarni, lai kontrol\u0113tu brauk\u0161anas parametrus, piem\u0113ram, \u0101trumu, virzienu un dzi\u013cumu.<\/li>\n<li>Uzraugiet zemess\u016bc\u0113ja poz\u012bciju un attiec\u012bgi piel\u0101gojiet brauk\u0161anas \u0101trumu, lai nodro\u0161in\u0101tu efekt\u012bvu virz\u012bbu un prec\u012bzu pozicion\u0113\u0161anu zemes rak\u0161anas darbu laik\u0101.<\/li>\n<\/ul>\n<ol start=\"3\">\n<li><strong>Bagar\u0113\u0161anas oper\u0101cijas:<\/strong><\/li>\n<\/ol>\n<ul>\n<li>Uzs\u0101ciet bagar\u0113\u0161anas procesu, aktiviz\u0113jot griez\u0113jdzin\u0113ja bagar\u0113t\u0101ju un iesl\u0113dzot kust\u012bgos cilindrus piedzi\u0146ai.<\/li>\n<li>Vadiet zemess\u016bc\u0113ju pa zemes rak\u0161anas zonu, nodro\u0161inot vienm\u0113r\u012bgu virz\u012bbu un prec\u012bzu pozicion\u0113\u0161anu efekt\u012bvai rak\u0161anai un materi\u0101lu ieguvei.<\/li>\n<li>Piel\u0101gojiet zemess\u016bc\u0113ja brauk\u0161anas parametrus, lai optimiz\u0113tu zemess\u016bc\u0113ja darb\u012bbu un piel\u0101gotos main\u012bgajiem apst\u0101k\u013ciem.<\/li>\n<\/ul>\n<h2><strong>K\u0101 no\u0146emt hidraulisko cilindru no front\u0101l\u0101 iekr\u0101v\u0113ja?<\/strong><\/h2>\n<p>Konkr\u0113t\u0101s darb\u012bbas hidraulisk\u0101 cilindra no\u0146em\u0161anai no front\u0101l\u0101 iekr\u0101v\u0113ja var at\u0161\u0137irties atkar\u012bb\u0101 no iekr\u0101v\u0113ja markas un mode\u013ca. Tom\u0113r es varu sniegt visp\u0101r\u012bgu proced\u016bru, kas sniegs jums labu s\u0101kumpunktu. \u0160eit ir soli pa solim sniegta instrukcija:<\/p>\n<ol>\n<li><strong>Dro\u0161\u012bba pirmaj\u0101 viet\u0101:<\/strong> P\u0101rliecinieties, ka iekr\u0101v\u0113js ir izsl\u0113gts, dzin\u0113js darbojas nevainojami un iekr\u0101v\u0113js ir dro\u0161i atbalst\u012bts uz balstiem vai klu\u010diem.<\/li>\n<li><strong>Atrodiet hidraulisko cilindru:<\/strong> Nosakiet hidraulisko cilindru, kuru v\u0113laties no\u0146emt. Tas parasti ir savienots ar iekr\u0101v\u0113ja hidraulisko sist\u0113mu un novietots t\u0101, lai vad\u012btu noteiktas funkcijas, piem\u0113ram, kausa vai pacel\u0161anas sviru, kust\u012bbu.<\/li>\n<li><strong>Hidraulisk\u0101 spiediena samazin\u0101\u0161ana:<\/strong> Lai nov\u0113rstu negaid\u012btu kust\u012bbu un nodro\u0161in\u0101tu savu dro\u0161\u012bbu, atbr\u012bvojiet sist\u0113mu no hidraulisk\u0101 spiediena. Tas parasti ietver iekr\u0101v\u0113ja hidraulisk\u0101 vad\u012bbas v\u0101rsta atra\u0161anu un vad\u012bbas ier\u012b\u010du izmanto\u0161anu, lai atbr\u012bvotu spiedienu. Konkr\u0113tus nor\u0101d\u012bjumus par \u0161\u012bs darb\u012bbas veik\u0161anu skatiet iekr\u0101v\u0113ja rokasgr\u0101mat\u0101.<\/li>\n<li><strong>Atvienojiet hidraulisk\u0101s \u0161\u013c\u016btenes:<\/strong> Uzman\u012bgi atvienojiet hidraulisk\u0101s \u0161\u013c\u016btenes, kas pievienotas cilindram. Atkar\u012bb\u0101 no konstrukcijas tas var ietvert hidraulisko savienojumu atskr\u016bv\u0113\u0161anu un no\u0146em\u0161anu vai specializ\u0113tu instrumentu, piem\u0113ram, uzgrie\u017e\u0146u atsl\u0113gu vai uzmavu komplektu, izmanto\u0161anu.<\/li>\n<li><strong>No\u0146emiet fiks\u0101cijas tapas:<\/strong> Mekl\u0113jiet fiks\u0101cijas tapas vai skr\u016bves, kas nostiprina cilindru pie iekr\u0101v\u0113ja r\u0101mja vai cit\u0101m sast\u0101vda\u013c\u0101m. No\u0146emiet \u0161\u012bs tapas vai skr\u016bves, lai atbr\u012bvotu cilindru.<\/li>\n<li><strong>Atbalstiet cilindru:<\/strong> Hidrauliskie cilindri var b\u016bt smagi, t\u0101p\u0113c ir svar\u012bgi izstr\u0101d\u0101t pl\u0101nu cilindra atbalstam t\u0101 no\u0146em\u0161anas laik\u0101. To var izdar\u012bt, izmantojot pacel\u0161anas ier\u012bci, piem\u0113ram, pac\u0113l\u0101ju vai domkratu, lai atbalst\u012btu cilindra svaru t\u0101 no\u0146em\u0161anas laik\u0101.<\/li>\n<li><strong>No\u0146emiet cilindru:<\/strong> Kad fiks\u0101cijas tapas vai skr\u016bves ir no\u0146emtas un cilindrs ir pareizi atbalst\u012bts, uzman\u012bgi izb\u012bdiet vai p\u0101rvietojiet cilindru no t\u0101 stiprin\u0101juma kron\u0161teiniem vai savienojumiem. Esiet uzman\u012bgi ar atliku\u0161o hidraulisko \u0161\u0137idrumu cilindr\u0101 vai \u0161\u013c\u016bten\u0113s.<\/li>\n<li><strong>P\u0101rbaudiet un nomainiet:<\/strong> Kad cilindrs ir no\u0146emts, p\u0101rbaudiet, vai nav boj\u0101jumu vai nodiluma paz\u012bmju. Pirms cilindra atk\u0101rtotas uzst\u0101d\u012b\u0161anas nomainiet bl\u012bves, O veida gredzenus vai citas sast\u0101vda\u013cas.<\/li>\n<\/ol>\n<h2><strong>R\u016bpn\u012bcas iesp\u0113jas un jauda:<\/strong><\/h2>\n<h3>(1) Mont\u0101\u017ea<\/h3>\n<p>Mums ir pirmklas\u012bga neatkar\u012bga p\u0113tniec\u012bbas un att\u012bst\u012bbas mont\u0101\u017eas platforma. Hidraulisko cilindru ra\u017eo\u0161anas darbn\u012bc\u0101 ir \u010detras pusautom\u0101tiskas pacel\u0161anas cilindru mont\u0101\u017eas l\u012bnijas un viena autom\u0101tisk\u0101 sl\u012bpuma cilindru mont\u0101\u017eas l\u012bnija ar projekt\u0113to gada ra\u017eo\u0161anas jaudu 1 miljons vien\u012bbu. Speci\u0101lo cilindru darbn\u012bca ir apr\u012bkota ar da\u017e\u0101du specifik\u0101ciju pusautom\u0101tisku t\u012br\u012b\u0161anas mont\u0101\u017eas sist\u0113mu ar projekt\u0113to gada ra\u017eo\u0161anas jaudu 200 000 vien\u012bbu un apr\u012bkota ar slaven\u0101m CNC apstr\u0101des iek\u0101rt\u0101m, apstr\u0101des centru, augstas precizit\u0101tes cilindru apstr\u0101des speci\u0101lo apr\u012bkojumu, robotiz\u0113tu metin\u0101\u0161anas iek\u0101rtu, autom\u0101tisku t\u012br\u012b\u0161anas iek\u0101rtu, autom\u0101tisku cilindru mont\u0101\u017eas iek\u0101rtu un autom\u0101tisku kr\u0101so\u0161anas ra\u017eo\u0161anas l\u012bniju. Eso\u0161ais kritiskais apr\u012bkojums ir vair\u0101k nek\u0101 300 komplektu (komplektu). Optim\u0101la iek\u0101rtu resursu sadale un efekt\u012bva izmanto\u0161ana nodro\u0161ina produktu precizit\u0101tes pras\u012bbas un apmierina produktu augst\u0101s kvalit\u0101tes pras\u012bbas.<\/p>\n<p><img loading=\"lazy\" decoding=\"async\" class=\"alignnone wp-image-626\" src=\"https:\/\/hydraulic-cylinders.net\/wp-content\/uploads\/2023\/08\/hydraulic-cylinder-product-1-300x158.webp\" alt=\"\" width=\"495\" height=\"260\" srcset=\"https:\/\/hydraulic-cylinders.net\/wp-content\/uploads\/2023\/08\/hydraulic-cylinder-product-1-300x158.webp 495w, https:\/\/hydraulic-cylinders.net\/wp-content\/uploads\/2023\/08\/hydraulic-cylinder-product-1-480x252.webp 480w\" sizes=\"(min-width: 0px) and (max-width: 480px) 480px, (min-width: 481px) 495px, 100vw\" \/> <img loading=\"lazy\" decoding=\"async\" class=\"alignnone wp-image-627\" src=\"https:\/\/hydraulic-cylinders.net\/wp-content\/uploads\/2023\/08\/hydraulic-cylinder-product-2-300x189.webp\" alt=\"\" width=\"413\" height=\"260\" \/><\/p>\n<h3>(2) Apstr\u0101de<\/h3>\n<p>Apstr\u0101des cehs ir apr\u012bkots ar piel\u0101gotu sl\u012bpo slie\u017eu virpo\u0161anas centru, apstr\u0101des centru, \u0101trgaitas asin\u0101\u0161anas ma\u0161\u012bnu, metin\u0101\u0161anas robotu un citu saist\u012btu apr\u012bkojumu, kas var apstr\u0101d\u0101t cilindriskas caurules ar maksim\u0101lo iek\u0161\u0113jo diametru 400 mm un maksim\u0101lo garumu 6 metri.<\/p>\n<p><img loading=\"lazy\" decoding=\"async\" class=\"alignnone wp-image-628 size-large\" src=\"https:\/\/hydraulic-cylinders.net\/wp-content\/uploads\/2023\/08\/hydraulic-cylinder-product-3-1024x391.webp\" alt=\"\" width=\"1024\" height=\"391\" srcset=\"https:\/\/hydraulic-cylinders.net\/wp-content\/uploads\/2023\/08\/hydraulic-cylinder-product-3-980x374.webp 980w, https:\/\/hydraulic-cylinders.net\/wp-content\/uploads\/2023\/08\/hydraulic-cylinder-product-3-480x183.webp 480w\" sizes=\"(min-width: 0px) and (max-width: 480px) 480px, (min-width: 481px) and (max-width: 980px) 980px, (min-width: 981px) 1024px, 100vw\" \/><\/p>\n<h3>(3) Metin\u0101\u0161ana<\/h3>\n<p><img loading=\"lazy\" decoding=\"async\" class=\"alignnone wp-image-629 size-large\" src=\"https:\/\/hydraulic-cylinders.net\/wp-content\/uploads\/2023\/08\/hydraulic-cylinder-product-4-1024x510.webp\" alt=\"\" width=\"1024\" height=\"510\" srcset=\"https:\/\/hydraulic-cylinders.net\/wp-content\/uploads\/2023\/08\/hydraulic-cylinder-product-4-980x488.webp 980w, https:\/\/hydraulic-cylinders.net\/wp-content\/uploads\/2023\/08\/hydraulic-cylinder-product-4-480x239.webp 480w\" sizes=\"(min-width: 0px) and (max-width: 480px) 480px, (min-width: 481px) and (max-width: 980px) 980px, (min-width: 981px) 1024px, 100vw\" \/><\/p>\n<h3>(4) Kr\u0101so\u0161ana un p\u0101rkl\u0101\u0161ana<\/h3>\n<p>Ar maz\u0101m un vid\u0113ja izm\u0113ra cilindrisk\u0101m autom\u0101tisk\u0101m \u016bdens b\u0101zes kr\u0101su p\u0101rkl\u0101\u0161anas l\u012bnij\u0101m, lai pan\u0101ktu autom\u0101tisku robotu iekrau\u0161anu un izkrau\u0161anu un autom\u0101tisku izsmidzin\u0101\u0161anu, projekt\u0113t\u0101 jauda ir 4000 gabali mai\u0146\u0101;<br \/>\nMums ir ar\u012b pusautom\u0101tiska kr\u0101su ra\u017eo\u0161anas l\u012bnija lieliem baloniem, ko darbina \u0137\u0113des piedzi\u0146a, ar 60 kastu konstrukcijas jaudu vien\u0101 mai\u0146\u0101.<\/p>\n<p><img loading=\"lazy\" decoding=\"async\" class=\"alignnone wp-image-630\" src=\"https:\/\/hydraulic-cylinders.net\/wp-content\/uploads\/2023\/08\/hydraulic-cylinder-product-5-300x213.webp\" alt=\"\" width=\"366\" height=\"260\" \/> <img loading=\"lazy\" decoding=\"async\" class=\"alignnone wp-image-631\" src=\"https:\/\/hydraulic-cylinders.net\/wp-content\/uploads\/2023\/08\/hydraulic-cylinder-product-6-300x225.webp\" alt=\"\" width=\"347\" height=\"260\" \/><\/p>\n<h3>(5) Test\u0113\u0161ana<\/h3>\n<p>Mums ir augst\u0101k\u0101s klases p\u0101rbaudes iek\u0101rtas un test\u0113\u0161anas stendi, lai nodro\u0161in\u0101tu, ka balona veiktsp\u0113ja atbilst pras\u012bb\u0101m.<\/p>\n<p><img loading=\"lazy\" decoding=\"async\" class=\"alignnone wp-image-632\" src=\"https:\/\/hydraulic-cylinders.net\/wp-content\/uploads\/2023\/08\/hydraulic-cylinder-product-8-300x200.webp\" alt=\"\" width=\"389\" height=\"260\" \/><\/p>\n<p>&nbsp;<\/p>\n<p>&nbsp;<\/p>\n<p>M\u0113s esam viens no lab\u0101kajiem hidraulisko cilindru ra\u017eot\u0101jiem. M\u0113s varam pied\u0101v\u0101t visaptvero\u0161us hidrauliskos cilindrus. M\u0113s nodro\u0161in\u0101m ar\u012b atbilsto\u0161us <a href=\"https:\/\/hzpt.com\/agricultural-pto-gearbox\/\" target=\"_blank\" rel=\"noopener\">lauksaimniec\u012bbas p\u0101rnesumk\u0101rbas<\/a>. M\u0113s esam eksport\u0113ju\u0161i savus produktus klientiem vis\u0101 pasaul\u0113 un esam ieguvu\u0161i labu reput\u0101ciju, pateicoties m\u016bsu izcilajai produktu kvalit\u0101tei un p\u0113cp\u0101rdo\u0161anas servisam. M\u0113s aicin\u0101m klientus no valsts un \u0101rvalst\u012bm sazin\u0101ties ar mums, lai risin\u0101tu biznesa sarunas, apmain\u012btos ar inform\u0101ciju un... <a href=\"https:\/\/www.hydraulic-cylinders.net\/lv\/contact-us\/\">sadarboties ar mums<\/a>!<\/p>","protected":false},"excerpt":{"rendered":"<p>Cutter Suction Dredger Traveling Cylinders The cutter suction dredger traveling cylinders are essential components of modern dredging operations. Designed to enhance efficiency and productivity, these cylinders play a vital role in the cutter-suction dredging process. The cutter suction dredger traveling cylinders are indispensable components for efficient and productive dredging operations. With their robust construction, precise [&hellip;]<\/p>","protected":false},"featured_media":1755,"comment_status":"open","ping_status":"closed","template":"","meta":{"_et_pb_use_builder":"","_et_pb_old_content":"","_et_gb_content_width":""},"product_brand":[],"product_cat":[1550,1535,1552,1376],"product_tag":[1380],"class_list":{"0":"post-1752","1":"product","2":"type-product","3":"status-publish","4":"has-post-thumbnail","6":"product_cat-double-acting-hydraulic-cylinder","7":"product_cat-dredger-hydraulic-cylinders","8":"product_cat-stainless-steel-hydraulic-cylinder","9":"product_cat-hydraulic-cylinder","10":"product_tag-hydraulic-cylinder","12":"first","13":"instock","14":"shipping-taxable","15":"product-type-simple"},"amp_enabled":true,"_links":{"self":[{"href":"https:\/\/www.hydraulic-cylinders.net\/lv\/wp-json\/wp\/v2\/product\/1752","targetHints":{"allow":["GET"]}}],"collection":[{"href":"https:\/\/www.hydraulic-cylinders.net\/lv\/wp-json\/wp\/v2\/product"}],"about":[{"href":"https:\/\/www.hydraulic-cylinders.net\/lv\/wp-json\/wp\/v2\/types\/product"}],"replies":[{"embeddable":true,"href":"https:\/\/www.hydraulic-cylinders.net\/lv\/wp-json\/wp\/v2\/comments?post=1752"}],"wp:featuredmedia":[{"embeddable":true,"href":"https:\/\/www.hydraulic-cylinders.net\/lv\/wp-json\/wp\/v2\/media\/1755"}],"wp:attachment":[{"href":"https:\/\/www.hydraulic-cylinders.net\/lv\/wp-json\/wp\/v2\/media?parent=1752"}],"wp:term":[{"taxonomy":"product_brand","embeddable":true,"href":"https:\/\/www.hydraulic-cylinders.net\/lv\/wp-json\/wp\/v2\/product_brand?post=1752"},{"taxonomy":"product_cat","embeddable":true,"href":"https:\/\/www.hydraulic-cylinders.net\/lv\/wp-json\/wp\/v2\/product_cat?post=1752"},{"taxonomy":"product_tag","embeddable":true,"href":"https:\/\/www.hydraulic-cylinders.net\/lv\/wp-json\/wp\/v2\/product_tag?post=1752"}],"curies":[{"name":"wp","href":"https:\/\/api.w.org\/{rel}","templated":true}]}}