{"id":17554,"date":"2025-03-17T07:34:13","date_gmt":"2025-03-17T07:34:13","guid":{"rendered":"https:\/\/www.hydraulic-cylinders.net\/?post_type=product&#038;p=17554"},"modified":"2025-04-11T03:15:35","modified_gmt":"2025-04-11T03:15:35","slug":"side-shift-hydraulic-cylinders-for-small-forklift","status":"publish","type":"product","link":"https:\/\/www.hydraulic-cylinders.net\/lv\/products\/side-shift-hydraulic-cylinders-for-small-forklift\/","title":{"rendered":"S\u0101nu nob\u012bdes hidrauliskie cilindri mazam iekr\u0101v\u0113jam"},"content":{"rendered":"<h1 style=\"text-align: center;\"><strong>S\u0101nu nob\u012bdes hidrauliskie cilindri maziem iekr\u0101v\u0113jiem<\/strong><\/h1>\n<p><img loading=\"lazy\" decoding=\"async\" class=\"aligncenter wp-image-17556\" src=\"https:\/\/www.hydraulic-cylinders.net\/wp-content\/uploads\/2025\/03\/side-shift-hydraulic-cylinders-for-small-toongae-forklift.webp\" alt=\"S\u0101nu nob\u012bdes hidrauliskais cilindrs maziem iekr\u0101v\u0113jiem\" width=\"500\" height=\"500\" srcset=\"https:\/\/www.hydraulic-cylinders.net\/wp-content\/uploads\/2025\/03\/side-shift-hydraulic-cylinders-for-small-toongae-forklift.webp 500w, https:\/\/www.hydraulic-cylinders.net\/wp-content\/uploads\/2025\/03\/side-shift-hydraulic-cylinders-for-small-toongae-forklift-480x480.webp 480w\" sizes=\"(min-width: 0px) and (max-width: 480px) 480px, (min-width: 481px) 500px, 100vw\" \/><\/p>\n<p>M\u016bsu s\u0101nu nob\u012bdes hidrauliskie cilindri ir izstr\u0101d\u0101ti, lai nodro\u0161in\u0101tu prec\u012bzu s\u0101nu kravas pozicion\u0113\u0161anu, padarot tos ide\u0101li piem\u0113rotus maziem iekr\u0101v\u0113jiem, kas darbojas sl\u0113gt\u0101s telp\u0101s. Pateicoties iztur\u012bgajai konstrukcijai un vienk\u0101r\u0161ajai uzst\u0101d\u012b\u0161anai, \u0161ie cilindri uzlabo efektivit\u0101ti un dro\u0161\u012bbu materi\u0101lu apstr\u0101des uzdevumos.<\/p>\n<p><span class=\"break-words bg-yellow-50\">S\u0101nu nob\u012bdes hidrauliskie cilindri ir neaizst\u0101jami, lai uzlabotu mazo iekr\u0101v\u0113ju funkcionalit\u0101ti un ra\u017e\u012bbu.<\/span>\u00a0<span class=\"break-words bg-yellow-50\">\u0160\u012bs specializ\u0113t\u0101s deta\u013cas atvieglo kravu horizont\u0101lu p\u0101rvieto\u0161anu, \u013caujot operatoriem prec\u012bzi novietot preces, nep\u0101rvietojot pa\u0161u iekr\u0101v\u0113ju.<\/span>\u00a0<span class=\"break-words bg-yellow-50\">\u0160\u012b iesp\u0113ja ir \u012bpa\u0161i izdev\u012bga \u0161aur\u0101s telp\u0101s, vienk\u0101r\u0161ojot materi\u0101lu apstr\u0101des uzdevumus un palielinot kop\u0113jo efektivit\u0101ti.<\/span><\/p>\n<p><span class=\"break-words bg-yellow-50\">Maziem iekr\u0101v\u0113jiem s\u0101nu nob\u012bdes hidrauliskie cilindri ir iev\u0113rojams uzlabojums, kas iev\u0113rojami uzlabo gan efektivit\u0101ti, gan dro\u0161\u012bbu.<\/span>\u00a0<span class=\"break-words bg-yellow-50\">To sp\u0113ja nodro\u0161in\u0101t prec\u012bzu kravas izvietojumu un uzlabotu manevr\u0113tsp\u0113ju padara tos par b\u016btisku papildin\u0101jumu jebkurai iekr\u0101v\u0113ju sist\u0113mai.<\/span>\u00a0<span class=\"break-words\">Iev\u0113rojot regul\u0101ras apkopes rut\u012bnas un pareizu ekspluat\u0101cijas praksi, lietot\u0101ji var nodro\u0161in\u0101t \u0161o hidraulisko deta\u013cu stabilu un uzticamu darb\u012bbu, k\u0101 rezult\u0101t\u0101 tiek pan\u0101kta augst\u0101ka produktivit\u0101te un maz\u0101k trauc\u0113jumu.<\/span>\u00a0<span class=\"break-words\">S\u0101nu nob\u012bdes hidraulisko cilindru izv\u0113le ir strat\u0113\u0123isks solis, lai uzlabotu j\u016bsu iekr\u0101v\u0113ja darb\u012bbu.<\/span><\/p>\n<h2><strong>Mazo iekr\u0101v\u0113ju hidraulisko cilindru s\u0113rija:\u00a0<\/strong><\/h2>\n<h2><img loading=\"lazy\" decoding=\"async\" class=\"aligncenter wp-image-17558 size-full\" src=\"https:\/\/www.hydraulic-cylinders.net\/wp-content\/uploads\/2025\/03\/forklift-hydraulic-cylinder-construction.webp\" alt=\"mazs iekr\u0101v\u0113ja hidrauliskais cilindrs\" width=\"640\" height=\"358\" srcset=\"https:\/\/www.hydraulic-cylinders.net\/wp-content\/uploads\/2025\/03\/forklift-hydraulic-cylinder-construction.webp 640w, https:\/\/www.hydraulic-cylinders.net\/wp-content\/uploads\/2025\/03\/forklift-hydraulic-cylinder-construction-480x269.webp 480w\" sizes=\"(min-width: 0px) and (max-width: 480px) 480px, (min-width: 481px) 640px, 100vw\" \/><\/h2>\n<h2><strong>S\u0101nu nob\u012bdes hidrauliskie cilindri mazam iekr\u0101v\u0113jam <\/strong><strong>Tehnisk\u0101s specifik\u0101cijas<\/strong><strong>:<\/strong><\/h2>\n<p><strong>Funkcija:<\/strong> Izmanto, lai pan\u0101ktu dak\u0161as piln\u012bgu kust\u012bbu pa kreisi un pa labi<br \/>\n<strong>Cilindra diametrs:<\/strong> 50 mm<br \/>\n<strong>Stie\u0146a diametrs:<\/strong> 25 mm<br \/>\n<strong>Ce\u013cojums:<\/strong> 200 mm<br \/>\n<strong>Maksim\u0101lais spiediens (MPa):<\/strong> 17,5 MPa<br \/>\n<strong>Maksim\u0101l\u0101 vilce KN:<\/strong> 34\u00a0kN<\/p>\n<h2><strong>Galven\u0101s iez\u012bmes <\/strong><strong>S\u0101nu nob\u012bdes hidrauliskie cilindri mazam iekr\u0101v\u0113jam<\/strong><strong>:<\/strong><\/h2>\n<h3><strong>1. Prec\u012bza kontrole<\/strong><\/h3>\n<p><strong>Izv\u0113rsts saturs<\/strong>:<br \/>\nM\u016bsu hidrauliskie cilindri iekr\u0101v\u0113jiem ir izstr\u0101d\u0101ti, lai nodro\u0161in\u0101tu <strong>prec\u012bza precizit\u0101te<\/strong>\u00a0kravas pozicion\u0113\u0161an\u0101. Neatkar\u012bgi no t\u0101, vai str\u0101d\u0101jat \u0161aur\u0101s noliktavas ej\u0101s vai sl\u0113gt\u0101s b\u016bvlaukumos, \u0161ie cilindri \u013cauj operatoriem\u00a0<strong>regul\u0113t slodzes s\u0101niski<\/strong>\u00a0bez nepiecie\u0161am\u012bbas p\u0101rvietot visu iekr\u0101v\u0113ju. \u0160\u012b funkcija ne tikai ietaupa laiku, bet ar\u012b samazina produktu boj\u0101jumu risku, ko rada nevajadz\u012bgas kust\u012bbas. Ar vienm\u0113r\u012bgu un atsauc\u012bgu vad\u012bbu operatori var sasniegt\u00a0<strong>milimetra l\u012bme\u0146a precizit\u0101te<\/strong>, nodro\u0161inot, ka katra krava tiek novietota tie\u0161i tur, kur tai j\u0101b\u016bt.<\/p>\n<h3><strong>2. Iztur\u012bga konstrukcija<\/strong><\/h3>\n<p><strong>Izv\u0113rsts saturs<\/strong>:<br \/>\nM\u016bsu s\u0101nu nob\u012bdes hidrauliskie cilindri ir izgatavoti no materi\u0101la, kas paredz\u0113ts vissmag\u0101kajiem darba apst\u0101k\u013ciem.\u00a0<strong>augstas kvalit\u0101tes materi\u0101li<\/strong>, tostarp pastiprin\u0101tu t\u0113raudu un korozijiztur\u012bgus p\u0101rkl\u0101jumus. Katrs cilindrs tiek pak\u013cauts stingrai p\u0101rbaudei, lai nodro\u0161in\u0101tu, ka tas var iztur\u0113t\u00a0<strong>smagas kravas<\/strong>\u00a0un\u00a0<strong>bie\u017ea lieto\u0161ana<\/strong>\u00a0neapdraudot veiktsp\u0113ju. Iztur\u012bgais dizains nodro\u0161ina\u00a0<strong>ilgs kalpo\u0161anas laiks<\/strong>pat sare\u017e\u0123\u012btos apst\u0101k\u013cos, piem\u0113ram, b\u016bvlaukumos vai ra\u017eo\u0161anas uz\u0146\u0113mumos.<\/p>\n<h3><strong>3. Vienk\u0101r\u0161a uzst\u0101d\u012b\u0161ana<\/strong><\/h3>\n<p><strong>Izv\u0113rsts saturs<\/strong>:<br \/>\nM\u016bsu s\u0101nu nob\u012bdes hidrauliskie cilindri ir izstr\u0101d\u0101ti, \u0146emot v\u0113r\u0101 lietot\u0101ja \u0113rt\u012bbas.\u00a0<strong>piln\u012bb\u0101 sader\u012bgs<\/strong> ar nelieliem iekr\u0101v\u0113jiem. Uzst\u0101d\u012b\u0161anas process ir vienk\u0101r\u0161s, un tam ir nepiecie\u0161ams <strong>minim\u0101ls instrumentu skaits un d\u012bkst\u0101ves laiks<\/strong>Detaliz\u0113tas instrukcijas un iepriek\u0161 urbti stiprin\u0101juma punkti atvieglo tehni\u0137iem cilindru \u0101tru uzst\u0101d\u012b\u0161anu, nodro\u0161inot, ka j\u016bsu iekr\u0101v\u0113js atkal b\u016bs darb\u012bb\u0101. Turkl\u0101t m\u016bsu iekr\u0101v\u0113ju hidrauliskie cilindri ir izstr\u0101d\u0101ti t\u0101, lai tie neman\u0101mi integr\u0113tos eso\u0161aj\u0101s hidrauliskaj\u0101s sist\u0113m\u0101s, nov\u0113r\u0161ot nepiecie\u0161am\u012bbu p\u0113c d\u0101rg\u0101m modifik\u0101cij\u0101m.<\/p>\n<h3><strong>4. Dro\u0161\u012bbas funkcijas<\/strong><\/h3>\n<p><strong>Izv\u0113rsts saturs<\/strong>:<br \/>\nDro\u0161\u012bba ir galven\u0101 priorit\u0101te materi\u0101lu apstr\u0101d\u0113, un m\u016bsu s\u0101nu nob\u012bdes hidrauliskie cilindri ir izstr\u0101d\u0101ti, lai uzlabotu abus.\u00a0<strong>operatora dro\u0161\u012bba<\/strong>\u00a0un\u00a0<strong>darba vietas efektivit\u0101te<\/strong>Nodro\u0161inot prec\u012bzu s\u0101nu kust\u012bbu, \u0161ie cilindri samazina nepiecie\u0161am\u012bbu veikt riskantus manevrus \u0161aur\u0101s telp\u0101s, iev\u0113rojami samazinot negad\u012bjumu risku. Ergonomiskais dizains ar\u012b samazina\u00a0<strong>operatora nogurums<\/strong>, kas \u013cauj str\u0101d\u0101t ilg\u0101k un produkt\u012bv\u0101k. Turkl\u0101t cilindri ir apr\u012bkoti ar\u00a0<strong>dro\u0161\u012bbas v\u0101rsti<\/strong>\u00a0lai nov\u0113rstu p\u0101rslodzi un nodro\u0161in\u0101tu stabilu darb\u012bbu lielas slodzes apst\u0101k\u013cos.<\/p>\n<h3><strong>5. Izmaksu zi\u0146\u0101 efekt\u012bvs<\/strong><\/h3>\n<p><strong>Izv\u0113rsts saturs<\/strong>:<br \/>\nM\u016bsu s\u0101nu nob\u012bdes hidrauliskie cilindri ir paredz\u0113ti\u00a0<strong>mazpras\u012bgs apkopes<\/strong>\u00a0un\u00a0<strong>\u013coti uzticams<\/strong>, pal\u012bdzot jums laika gait\u0101 ietaup\u012bt uz ekspluat\u0101cijas izmaks\u0101m. Augst\u0101k\u0101s kvalit\u0101tes materi\u0101lu un progres\u012bvu ra\u017eo\u0161anas meto\u017eu izmanto\u0161ana nodro\u0161ina, ka cilindriem ir nepiecie\u0161ama\u00a0<strong>minim\u0101la apkope<\/strong>, savuk\u0101rt to iztur\u012bba samazina nomai\u0146u bie\u017eumu. Turkl\u0101t to nodro\u0161in\u0101t\u0101 uzlabot\u0101 efektivit\u0101te un precizit\u0101te var veicin\u0101t\u00a0<strong>iev\u0113rojams izmaksu ietaup\u012bjums<\/strong>\u00a0darbasp\u0113k\u0101 un materi\u0101lu apstr\u0101d\u0113. Ieguldot m\u016bsu cilindros, j\u016bs ne tikai ieg\u0101d\u0101jaties produktu \u2014 j\u016bs ieguld\u0101t\u00a0<strong>ilgtermi\u0146a darb\u012bbas efektivit\u0101te<\/strong>.<\/p>\n<h2><strong>S\u0101nu nob\u012bdes hidrauliskie cilindri mazam iekr\u0101v\u0113jam <\/strong><strong>Lieto\u0161anas gad\u012bjumi:<\/strong><\/h2>\n<p><img loading=\"lazy\" decoding=\"async\" class=\"alignnone wp-image-17572 size-full\" src=\"https:\/\/www.hydraulic-cylinders.net\/wp-content\/uploads\/2025\/03\/Side-shift-cylinder-in-action-on-a-small-Toongae-forklift.webp\" alt=\"S\u0101nu nob\u012bdes cilindrs darb\u012bb\u0101 uz neliela iekr\u0101v\u0113ja\" width=\"2320\" height=\"1340\" srcset=\"https:\/\/www.hydraulic-cylinders.net\/wp-content\/uploads\/2025\/03\/Side-shift-cylinder-in-action-on-a-small-Toongae-forklift.webp 2320w, https:\/\/www.hydraulic-cylinders.net\/wp-content\/uploads\/2025\/03\/Side-shift-cylinder-in-action-on-a-small-Toongae-forklift-1280x739.webp 1280w, https:\/\/www.hydraulic-cylinders.net\/wp-content\/uploads\/2025\/03\/Side-shift-cylinder-in-action-on-a-small-Toongae-forklift-980x566.webp 980w, https:\/\/www.hydraulic-cylinders.net\/wp-content\/uploads\/2025\/03\/Side-shift-cylinder-in-action-on-a-small-Toongae-forklift-480x277.webp 480w\" sizes=\"(min-width: 0px) and (max-width: 480px) 480px, (min-width: 481px) and (max-width: 980px) 980px, (min-width: 981px) and (max-width: 1280px) 1280px, (min-width: 1281px) 2320px, 100vw\" \/><\/p>\n<ul>\n<li><strong>Noliktavu pakalpojumi<\/strong>Lieliski piem\u0113rots \u0161aur\u0101m ej\u0101m un augsta bl\u012bvuma uzglab\u0101\u0161anai.<\/li>\n<li><strong>B\u016bvniec\u012bba<\/strong>Ide\u0101li piem\u0113rots prec\u012bzai materi\u0101lu izvieto\u0161anai b\u016bvlaukumos.<\/li>\n<li><strong>Ra\u017eo\u0161ana<\/strong>Uzlabo mont\u0101\u017eas l\u012bnijas darb\u012bbu efektivit\u0101ti.<\/li>\n<\/ul>\n<h3><strong>K\u0101 darbojas s\u0101nu nob\u012bdes hidrauliskie cilindri?<\/strong><\/h3>\n<p>S\u0101nu nob\u012bdes hidrauliskie cilindri darbojas, izmantojot <strong>hidrauliskais spiediens<\/strong>\u00a0lai p\u0101rvietotu iekr\u0101v\u0113ja rati\u0146us s\u0101niski. Kad operators aktiviz\u0113 vad\u012bbas sviru, cilindr\u0101 tiek ies\u016bkn\u0113ts hidrauliskais \u0161\u0137idrums, kas nospie\u017e virzuli un liek rati\u0146iem p\u0101rvietoties pa kreisi vai pa labi. \u0160\u012b s\u0101nu kust\u012bba \u013cauj\u00a0<strong>prec\u012bza kravas pozicion\u0113\u0161ana<\/strong>\u00a0bez nepiecie\u0161am\u012bbas p\u0101rvietot visu iekr\u0101v\u0113ju. Sist\u0113ma ir izstr\u0101d\u0101ta t\u0101, lai\u00a0<strong>vienm\u0113r\u012bga un atsauc\u012bga<\/strong>, nodro\u0161inot minim\u0101lu operatora piep\u016bli, vienlaikus maksim\u0101li palielinot precizit\u0101ti.<\/p>\n<p><strong>Galven\u0101s sast\u0101vda\u013cas<\/strong>:<\/p>\n<ul>\n<li><strong>Cilindra muca<\/strong>: Ietver virzuli un hidraulisko \u0161\u0137idrumu.<\/li>\n<li><strong>Virzu\u013ca stienis<\/strong>: P\u0101rnes sp\u0113ku, lai p\u0101rvietotu rati\u0146us.<\/li>\n<li><strong>Hidraulisk\u0101s bl\u012bves<\/strong>: Nov\u0113rsiet \u0161\u0137idruma nopl\u016bdi un nodro\u0161iniet efekt\u012bvu darb\u012bbu.<\/li>\n<li><strong>Vad\u012bbas v\u0101rsts<\/strong>Regul\u0113 hidraulisk\u0101 \u0161\u0137idruma pl\u016bsmu prec\u012bzai kust\u012bbai.<\/li>\n<\/ul>\n<h2><strong>Iekr\u0101v\u0113ja cilindru ra\u017eo\u0161anas zona:<\/strong><\/h2>\n<h2><img loading=\"lazy\" decoding=\"async\" class=\"alignnone size-full wp-image-16972\" src=\"https:\/\/www.hydraulic-cylinders.net\/wp-content\/uploads\/2025\/01\/hydraulic-cylinder-factory-1-scaled.webp\" alt=\"\" width=\"2016\" height=\"2560\" srcset=\"https:\/\/www.hydraulic-cylinders.net\/wp-content\/uploads\/2025\/01\/hydraulic-cylinder-factory-1-scaled.webp 2016w, https:\/\/www.hydraulic-cylinders.net\/wp-content\/uploads\/2025\/01\/hydraulic-cylinder-factory-1-1280x1625.webp 1280w, https:\/\/www.hydraulic-cylinders.net\/wp-content\/uploads\/2025\/01\/hydraulic-cylinder-factory-1-980x1244.webp 980w, https:\/\/www.hydraulic-cylinders.net\/wp-content\/uploads\/2025\/01\/hydraulic-cylinder-factory-1-480x610.webp 480w\" sizes=\"(min-width: 0px) and (max-width: 480px) 480px, (min-width: 481px) and (max-width: 980px) 980px, (min-width: 981px) and (max-width: 1280px) 1280px, (min-width: 1281px) 2016px, 100vw\" \/><\/h2>\n<p>Mums ir pirmklas\u012bga neatkar\u012bga p\u0113tniec\u012bbas un att\u012bst\u012bbas platforma mont\u0101\u017eai. Iekr\u0101v\u0113ju cilindru ra\u017eo\u0161anas ceh\u0101 ir \u010detras pusautom\u0101tiskas pacel\u0161anas cilindru mont\u0101\u017eas l\u012bnijas un piln\u012bb\u0101 autom\u0101tiska noliecamo cilindru mont\u0101\u017eas l\u012bnija ar projekt\u0113to gada ra\u017eo\u0161anas jaudu miljons vien\u012bbu. Speci\u0101laj\u0101 cilindru ceh\u0101 ir da\u017e\u0101du specifik\u0101ciju pusautom\u0101tiskas t\u012br\u012b\u0161anas un mont\u0101\u017eas sist\u0113mas ar projekt\u0113to gada ra\u017eo\u0161anas jaudu 200\u00a0000 vien\u012bbu. T\u0101 ir apr\u012bkota ar slavenu z\u012bmolu CNC apstr\u0101des iek\u0101rt\u0101m, apstr\u0101des centriem, speci\u0101lu apr\u012bkojumu augstas precizit\u0101tes cilindru apstr\u0101dei, robotiz\u0113t\u0101m metin\u0101\u0161anas iek\u0101rt\u0101m, autom\u0101tisk\u0101m t\u012br\u012b\u0161anas iek\u0101rt\u0101m, autom\u0101tisk\u0101m cilindru mont\u0101\u017eas iek\u0101rt\u0101m un autom\u0101tisk\u0101m kr\u0101so\u0161anas ra\u017eo\u0161anas l\u012bnij\u0101m. Mums darbojas vair\u0101k nek\u0101 300 galveno iek\u0101rtu komplekti. Optimiz\u0113ta iek\u0101rtu resursu sadale un efekt\u012bva izmanto\u0161ana nodro\u0161ina produktu precizit\u0101tes pras\u012bbas un atbilst\u012bbu augstaj\u0101m produktu kvalit\u0101tes pras\u012bb\u0101m.<\/p>\n<p>Apstr\u0101des cehs ir apr\u012bkots ar p\u0113c pas\u016bt\u012bjuma izgatavotiem sl\u012bpuma vadot\u0146u slie\u017eu virpo\u0161anas centriem, apstr\u0101des centriem, \u0101trgaitas asin\u0101\u0161anas ma\u0161\u012bn\u0101m, metin\u0101\u0161anas robotiem un citu atbilsto\u0161u apr\u012bkojumu, kas var apstr\u0101d\u0101t cilindriskas caurules ar maksim\u0101lo iek\u0161\u0113jo diametru 400 mm un maksim\u0101lo garumu 6 metri.<\/p>\n<h2><img loading=\"lazy\" decoding=\"async\" class=\"alignnone size-full wp-image-16973\" src=\"https:\/\/www.hydraulic-cylinders.net\/wp-content\/uploads\/2025\/01\/hydraulic-cylinder-factory-2-scaled.webp\" alt=\"\" width=\"2011\" height=\"2560\" srcset=\"https:\/\/www.hydraulic-cylinders.net\/wp-content\/uploads\/2025\/01\/hydraulic-cylinder-factory-2-scaled.webp 2011w, https:\/\/www.hydraulic-cylinders.net\/wp-content\/uploads\/2025\/01\/hydraulic-cylinder-factory-2-1280x1629.webp 1280w, https:\/\/www.hydraulic-cylinders.net\/wp-content\/uploads\/2025\/01\/hydraulic-cylinder-factory-2-980x1248.webp 980w, https:\/\/www.hydraulic-cylinders.net\/wp-content\/uploads\/2025\/01\/hydraulic-cylinder-factory-2-480x611.webp 480w\" sizes=\"(min-width: 0px) and (max-width: 480px) 480px, (min-width: 481px) and (max-width: 980px) 980px, (min-width: 981px) and (max-width: 1280px) 1280px, (min-width: 1281px) 2011px, 100vw\" \/><\/h2>\n<p>Mums ir piln\u012bb\u0101 autom\u0101tiska \u016bdens b\u0101zes kr\u0101so\u0161anas l\u012bnija maziem un vid\u0113jiem cilindriem, kas realiz\u0113 autom\u0101tiskus iekrau\u0161anas un izkrau\u0161anas, k\u0101 ar\u012b autom\u0101tiskos izsmidzin\u0101\u0161anas robotus ar projekt\u0113to ra\u017eo\u0161anas jaudu 4000 vietas mai\u0146\u0101. Mums ir v\u0113l viena pusautom\u0101tiska kr\u0101so\u0161anas l\u012bnija lielizm\u0113ra cilindriem, ko darbina sp\u0113ka \u0137\u0113de, un projekt\u0113t\u0101 jauda ir 60 kastes mai\u0146\u0101.<\/p>\n<p>Lai v\u0113l vair\u0101k uzlabotu produktu veiktsp\u0113ju un nostiprin\u0101tu m\u016bsu hidraulisko cilindru vado\u0161o poz\u012bciju nozar\u0113, m\u016bsu uz\u0146\u0113mums un zjimee kop\u012bgi izveidoja visaptvero\u0161u hidraulisko cilindru, hidraulisko v\u0101rstu un hidraulisko s\u016bk\u0146u veiktsp\u0113jas laboratoriju; laboratorij\u0101 tiek veikta datoriz\u0113ta test\u0113\u0161ana, izmantojot elektrohidraulisko tehnolo\u0123iju, testa apst\u0101k\u013cus iepriek\u0161 iestata dators, kas uzlabo testa precizit\u0101ti un sist\u0113mas daudzpus\u012bbu, k\u0101 ar\u012b eksperiment\u0101los datus.<\/p>\n<p>Autom\u0101tisk\u0101 datu v\u0101k\u0161ana tiek realiz\u0113ta, izmantojot sensorus, un izejas dati, piem\u0113ram, cilindra vai v\u0101rsta iek\u0161\u0113j\u0101 nopl\u016bde un slodzes efektivit\u0101te, tiek tie\u0161i apstr\u0101d\u0101ti dator\u0101 un konvert\u0113ti standarta m\u0113rvien\u012bb\u0101s (ml\/min\u00b3TP\u00b3T). Vienlaikus, lai nodro\u0161in\u0101tu hidraulisk\u0101s sist\u0113mas darba dro\u0161\u012bbu, tiek veikta st\u0101vok\u013ca uzraudz\u012bbas funkcija galvenajiem veiktsp\u0113jas parametriem, piem\u0113ram, \"e\u013c\u013cas temperat\u016bras uzraudz\u012bbai, \u0161\u0137idruma l\u012bme\u0146a uzraudz\u012bbai, filtra ier\u012bces uzraudz\u012bbai\" utt. Hidraulisk\u0101 cilindra testa stends var p\u0101rbaud\u012bt \"slodzes\" veiktsp\u0113ju.<br \/>\nefektivit\u0101te \"un\" iek\u0161\u0113j\u0101 nopl\u016bde\" p\u0113c nolas\u012bjumiem. Vienlaikus tas ir apr\u012bkots ar re\u017e\u0123a line\u0101la m\u0113rinstrumentu, kas atbilst visu hidraulisko cilindru izstr\u0101d\u0101jumu testa vien\u012bbu pras\u012bb\u0101m saska\u0146\u0101 ar valsts standartu.<\/p>\n<h3><strong>Bie\u017ei uzdoto jaut\u0101jumu sada\u013ca:<\/strong><\/h3>\n<p><strong>J: Vai \u0161ie cilindri ir sader\u012bgi ar visiem iekr\u0101v\u0113ju mode\u013ciem?<\/strong><br \/>\nA: J\u0101, tie ir \u012bpa\u0161i paredz\u0113ti maziem iekr\u0101v\u0113jiem. L\u016bdzu, p\u0101rbaudiet mode\u013ca numuru, lai p\u0101rliecin\u0101tos par sader\u012bbu.<\/p>\n<p><strong>J: K\u0101ds ir garantijas periods?<\/strong><br \/>\nA: M\u0113s pied\u0101v\u0101jam 2 gadu garantiju visiem s\u0101nu nob\u012bdes hidrauliskajiem cilindriem.<\/p>\n<p><strong>J: Vai es pats varu uzst\u0101d\u012bt cilindru?<\/strong><br \/>\nA: J\u0101, cilindriem ir pievienota viegli izpild\u0101ma uzst\u0101d\u012b\u0161anas rokasgr\u0101mata. Tom\u0113r optim\u0101lai veiktsp\u0113jai ieteicams veikt profesion\u0101lu uzst\u0101d\u012b\u0161anu.<\/p>","protected":false},"excerpt":{"rendered":"<p>Side Shift Hydraulic Cylinders For Small Forklifts Our side shift hydraulic cylinders are engineered to provide precise lateral load positioning, making them ideal for small forklifts operating in confined spaces. With a robust design and easy installation, these cylinders enhance efficiency and safety in material handling tasks. Side shift hydraulic cylinders are indispensable for enhancing [&hellip;]<\/p>","protected":false},"featured_media":17557,"comment_status":"open","ping_status":"closed","template":"","meta":{"_et_pb_use_builder":"","_et_pb_old_content":"","_et_gb_content_width":""},"product_brand":[],"product_cat":[1484,1550],"product_tag":[],"class_list":{"0":"post-17554","1":"product","2":"type-product","3":"status-publish","4":"has-post-thumbnail","6":"product_cat-forklift-hydraulic-cylinders","7":"product_cat-double-acting-hydraulic-cylinder","9":"first","10":"instock","11":"shipping-taxable","12":"product-type-simple"},"amp_enabled":true,"_links":{"self":[{"href":"https:\/\/www.hydraulic-cylinders.net\/lv\/wp-json\/wp\/v2\/product\/17554","targetHints":{"allow":["GET"]}}],"collection":[{"href":"https:\/\/www.hydraulic-cylinders.net\/lv\/wp-json\/wp\/v2\/product"}],"about":[{"href":"https:\/\/www.hydraulic-cylinders.net\/lv\/wp-json\/wp\/v2\/types\/product"}],"replies":[{"embeddable":true,"href":"https:\/\/www.hydraulic-cylinders.net\/lv\/wp-json\/wp\/v2\/comments?post=17554"}],"wp:featuredmedia":[{"embeddable":true,"href":"https:\/\/www.hydraulic-cylinders.net\/lv\/wp-json\/wp\/v2\/media\/17557"}],"wp:attachment":[{"href":"https:\/\/www.hydraulic-cylinders.net\/lv\/wp-json\/wp\/v2\/media?parent=17554"}],"wp:term":[{"taxonomy":"product_brand","embeddable":true,"href":"https:\/\/www.hydraulic-cylinders.net\/lv\/wp-json\/wp\/v2\/product_brand?post=17554"},{"taxonomy":"product_cat","embeddable":true,"href":"https:\/\/www.hydraulic-cylinders.net\/lv\/wp-json\/wp\/v2\/product_cat?post=17554"},{"taxonomy":"product_tag","embeddable":true,"href":"https:\/\/www.hydraulic-cylinders.net\/lv\/wp-json\/wp\/v2\/product_tag?post=17554"}],"curies":[{"name":"wp","href":"https:\/\/api.w.org\/{rel}","templated":true}]}}