{"id":17585,"date":"2025-03-18T05:51:01","date_gmt":"2025-03-18T05:51:01","guid":{"rendered":"https:\/\/www.hydraulic-cylinders.net\/?post_type=product&#038;p=17585"},"modified":"2025-04-11T03:15:29","modified_gmt":"2025-04-11T03:15:29","slug":"tilt-hydraulic-cylinders-for-large-forklift","status":"publish","type":"product","link":"https:\/\/www.hydraulic-cylinders.net\/lv\/products\/tilt-hydraulic-cylinders-for-large-forklift\/","title":{"rendered":"Liela iekr\u0101v\u0113ja hidrauliskie cilindri ar sl\u012bpumu"},"content":{"rendered":"<h1 style=\"text-align: center;\"><strong>Liela iekr\u0101v\u0113ja hidrauliskie cilindri ar sl\u012bpumu<\/strong><\/h1>\n<p>Noliecamie hidrauliskie cilindri ir b\u016btiskas lielu iekr\u0101v\u0113ju sast\u0101vda\u013cas, kas paredz\u0113tas to ekspluat\u0101cijas iesp\u0113ju uzlabo\u0161anai. \u0160ie cilindri \u013cauj prec\u012bzi noliekt iekr\u0101v\u0113ja dak\u0161as, atvieglojot materi\u0101lu dro\u0161u un efekt\u012bvu iekrau\u0161anu un izkrau\u0161anu. Pateicoties to iztur\u012bgajai konstrukcijai un progres\u012bvajai tehnolo\u0123ijai, noliecamie hidrauliskie cilindri iev\u0113rojami uzlabo produktivit\u0101ti noliktav\u0101s un b\u016bvlaukumos.<\/p>\n<p>Noliecamie hidrauliskie cilindri ir vit\u0101li svar\u012bgi lielu iekr\u0101v\u0113ju funkcionalit\u0101tes uzlabo\u0161anai. To sp\u0113ja nodro\u0161in\u0101t prec\u012bzas kust\u012bbas ne tikai palielina efektivit\u0101ti, bet ar\u012b nodro\u0161ina dro\u0161\u012bbu materi\u0101lu apstr\u0101des laik\u0101. Izprotot to \u012bpa\u0161\u012bbas, lieto\u0161anas metodes un apkopes pras\u012bbas, operatori var maksim\u0101li izmantot \u0161o b\u016btisko komponentu sniegt\u0101s priek\u0161roc\u012bbas. Invest\u012bcijas augstas kvalit\u0101tes noliecamajos hidrauliskajos cilindros garant\u0113 uzlabotu veiktsp\u0113ju un uzticam\u012bbu jebkur\u0101 lieljaudas pielietojum\u0101.<\/p>\n<h1 style=\"text-align: center;\"><img loading=\"lazy\" decoding=\"async\" class=\"alignnone wp-image-17587\" src=\"https:\/\/www.hydraulic-cylinders.net\/wp-content\/uploads\/2025\/03\/Tilt-hydraulic-cylinders-for-large-forklift.webp\" alt=\"Liela izm\u0113ra iekr\u0101v\u0113ja hidrauliskie cilindri ar sl\u012bpuma regul\u0113\u0161anas funkciju\" width=\"500\" height=\"500\" srcset=\"https:\/\/www.hydraulic-cylinders.net\/wp-content\/uploads\/2025\/03\/Tilt-hydraulic-cylinders-for-large-forklift.webp 500w, https:\/\/www.hydraulic-cylinders.net\/wp-content\/uploads\/2025\/03\/Tilt-hydraulic-cylinders-for-large-forklift-480x480.webp 480w\" sizes=\"(min-width: 0px) and (max-width: 480px) 480px, (min-width: 481px) 500px, 100vw\" \/><\/h1>\n<p style=\"text-align: center;\"><strong>Liela iekr\u0101v\u0113ja hidrauliskie cilindri ar sl\u012bpumu<\/strong><\/p>\n<h2><strong>Liela iekr\u0101v\u0113ja hidrauliskie cilindri ar sl\u012bpumu <\/strong><strong>Tehnisk\u0101s specifik\u0101cijas<\/strong><strong>:<\/strong><\/h2>\n<div class=\"Message_messageTextContainer__w64Sc\">\n<div>\n<div class=\"Markdown_markdownContainer__Tz3HQ\">\n<p><strong>Funkcija:<\/strong> \u012astenojiet iekr\u0101v\u0113ja port\u0101la noliek\u0161anas darb\u012bbu uz priek\u0161u un atpaka\u013c<br \/>\n<strong>Cilindra diametrs:<\/strong> 90\u2013220 mm<br \/>\n<strong>Stie\u0146a diametrs:<\/strong> 45\u2013100 mm<br \/>\n<strong>Ce\u013cojums:<\/strong> 37\u2013363 mm<br \/>\n<strong>Maksim\u0101lais spiediens:<\/strong> 27MPa<br \/>\n<strong>Maksim\u0101l\u0101 vilce:<\/strong> 1026KN<\/p>\n<\/div>\n<\/div>\n<\/div>\n<h2><strong>Liela iekr\u0101v\u0113ja hidraulisk\u0101 cilindra s\u0113rija:\u00a0<\/strong><\/h2>\n<h2><img loading=\"lazy\" decoding=\"async\" class=\"alignnone size-full wp-image-17582\" src=\"https:\/\/www.hydraulic-cylinders.net\/wp-content\/uploads\/2025\/03\/large-forklift-hydraulic-cylinder-construction.webp\" alt=\"\" width=\"1100\" height=\"615\" srcset=\"https:\/\/www.hydraulic-cylinders.net\/wp-content\/uploads\/2025\/03\/large-forklift-hydraulic-cylinder-construction.webp 1100w, https:\/\/www.hydraulic-cylinders.net\/wp-content\/uploads\/2025\/03\/large-forklift-hydraulic-cylinder-construction-980x548.webp 980w, https:\/\/www.hydraulic-cylinders.net\/wp-content\/uploads\/2025\/03\/large-forklift-hydraulic-cylinder-construction-480x268.webp 480w\" sizes=\"(min-width: 0px) and (max-width: 480px) 480px, (min-width: 481px) and (max-width: 980px) 980px, (min-width: 981px) 1100px, 100vw\" \/><\/h2>\n<h2><strong>Liela iekr\u0101v\u0113ja sl\u012bpuma hidraulisko cilindru galven\u0101s iez\u012bmes<\/strong><strong>:<\/strong><\/h2>\n<ul>\n<li><strong>Augsta kravnes\u012bba:<\/strong> Noliecamie hidrauliskie cilindri ir konstru\u0113ti, lai iztur\u0113tu iev\u0113rojamu svaru, padarot tos par iz\u0161\u0137iro\u0161iem lieljaudas lietojumos. To iztur\u012bg\u0101 konstrukcija nodro\u0161ina dro\u0161u un efekt\u012bvu darb\u012bbu pat ce\u013cot smagas kravas, t\u0101d\u0113j\u0101di samazinot negad\u012bjumu risku un uzlabojot produktivit\u0101ti darba viet\u0101.<\/li>\n<li><strong>Iztur\u012bgi materi\u0101li:<\/strong> \u0160ie cilindri ir izgatavoti no augstas stipr\u012bbas t\u0113rauda un citiem iztur\u012bgiem materi\u0101liem, kas nodro\u0161ina izcilu iztur\u012bbu pret nodilumu. \u0160\u012b iztur\u012bba ne tikai pagarina cilindra kalpo\u0161anas laiku, bet ar\u012b samazina nepiecie\u0161am\u012bbu p\u0113c bie\u017eas nomai\u0146as, ilgtermi\u0146\u0101 ietaupot laiku un izmaksas.<\/li>\n<li><strong>Kompakts dizains:<\/strong> Sl\u012bpuma hidraulisko cilindru racionaliz\u0113t\u0101 konstrukcija atvieglo vienk\u0101r\u0161u integr\u0101ciju eso\u0161aj\u0101s iekr\u0101v\u0113ju sist\u0113m\u0101s. \u0160is kompaktums \u013cauj optimiz\u0113t telpas izmanto\u0161anu, nezaud\u0113jot veiktsp\u0113ju, t\u0101d\u0113j\u0101di operatoriem atvieglojot manevr\u0113\u0161anu \u0161aur\u0101s telp\u0101s.<\/li>\n<li><strong>Regul\u0113jams sl\u012bpuma le\u0146\u0137is:<\/strong> Viena no izcil\u0101kaj\u0101m iez\u012bm\u0113m ir operatoru sp\u0113ja bez piep\u016bles piel\u0101got sl\u012bpuma le\u0146\u0137i. \u0160\u012b elast\u012bba ir piem\u0113rota da\u017e\u0101diem pielietojumiem, s\u0101kot no krau\u0161anas l\u012bdz da\u017e\u0101du materi\u0101lu veidu transport\u0113\u0161anai, nodro\u0161inot, ka iekr\u0101v\u0113js var viegli piel\u0101goties konkr\u0113tiem uzdevumiem.<\/li>\n<li><strong>Aizz\u012bmogotas sast\u0101vda\u013cas:<\/strong> \u0160o cilindru nosl\u0113gt\u0101 konstrukcija efekt\u012bvi aizsarg\u0101 iek\u0161\u0113j\u0101s sast\u0101vda\u013cas no net\u012brumiem un mitruma. \u0160\u012b funkcija ir \u012bpa\u0161i svar\u012bga sare\u017e\u0123\u012btos apst\u0101k\u013cos, jo t\u0101 nodro\u0161ina uzticamu darb\u012bbu un samazina darb\u012bbas trauc\u0113jumu risku, galu gal\u0101 samazinot apkopes izmaksas un palielinot darbsp\u0113jas laiku.<\/li>\n<\/ul>\n<h2><strong>Liela iekr\u0101v\u0113ja hidraulisko cilindru lieto\u0161anas gad\u012bjumi:<\/strong><\/h2>\n<p>Sl\u012bpuma hidrauliskajiem cilindriem ir iz\u0161\u0137iro\u0161a noz\u012bme da\u017e\u0101d\u0101s nozar\u0113s, uzlabojot materi\u0101lu apstr\u0101des uzdevumu efektivit\u0101ti un dro\u0161\u012bbu. \u0160eit ir da\u017ei galvenie pielietojumi:<\/p>\n<h4>1. <strong>Noliktavu un izplat\u012b\u0161anas pakalpojumi<\/strong><\/h4>\n<p>Noliktav\u0101s hidrauliskie cilindri ar sl\u012bpuma regul\u0113\u0161anas funkciju \u013cauj iekr\u0101v\u0113jiem viegli piel\u0101got dak\u0161u le\u0146\u0137i. \u0160\u012b iesp\u0113ja ir b\u016btiska pale\u0161u sakrau\u0161anai, nodro\u0161inot prec\u012bzu pre\u010du novieto\u0161anu un iz\u0146em\u0161anu. T\u0101 uzlabo telpas izmanto\u0161anu un racionaliz\u0113 darb\u012bbas iekrau\u0161anas un izkrau\u0161anas procesos.<\/p>\n<h4>2. <strong>B\u016bvlaukumi<\/strong><\/h4>\n<p>B\u016bvlaukumos \u0161ie cilindri atvieglo smagu materi\u0101lu, piem\u0113ram, betona bloku un t\u0113rauda siju, p\u0101rvieto\u0161anu. Dak\u0161u noliek\u0161anas iesp\u0113ja pal\u012bdz nostiprin\u0101t kravas transport\u0113\u0161anas laik\u0101 un nodro\u0161ina dro\u0161u pieg\u0101di uz noteikt\u0101m viet\u0101m, samazinot negad\u012bjumu risku.<\/p>\n<h4>3. <strong>Ra\u017eo\u0161ana<\/strong><\/h4>\n<p>Ra\u017eo\u0161anas vid\u0113 sl\u012bpie hidrauliskie cilindri pal\u012bdz deta\u013cu mont\u0101\u017e\u0101 un transport\u0113\u0161an\u0101. Tie \u013cauj darbiniekiem prec\u012bzi novietot komponentus, kas ir svar\u012bgi kvalit\u0101tes kontroles un efektivit\u0101tes uztur\u0113\u0161anai ra\u017eo\u0161anas procesu laik\u0101.<\/p>\n<h4>4. <strong>Lauksaimniec\u012bba<\/strong><\/h4>\n<p>Lauksaimniec\u012bbas vid\u0113 hidrauliskie cilindri ar iekr\u0101v\u0113jiem tiek izmantoti, lai apstr\u0101d\u0101tu \u0137\u012bpas, kastes un citus lauksaimniec\u012bbas produktus. Regul\u0113jamais sl\u012bpuma le\u0146\u0137is pal\u012bdz lauksaimniekiem \u0101tri un dro\u0161i iekraut un izkraut materi\u0101lus, optimiz\u0113jot vi\u0146u darbpl\u016bsmu ra\u017eas nov\u0101k\u0161anas sezonas laik\u0101.<\/p>\n<h4>5. <strong>P\u0101rstr\u0101de un atkritumu apsaimnieko\u0161ana<\/strong><\/h4>\n<p>\u0160ie cilindri ir \u013coti svar\u012bgi p\u0101rstr\u0101des iek\u0101rt\u0101s, kur tie pal\u012bdz p\u0101rvietot un sakrav\u0101t p\u0101rstr\u0101d\u0101jamus materi\u0101lus. Iesp\u0113ja noliekt cilindrus \u013cauj lab\u0101k \u0161\u0137irot un sabl\u012bv\u0113t atkritumus, uzlabojot darb\u012bbas efektivit\u0101ti un telpas p\u0101rvald\u012bbu.<\/p>\n<p>Mekl\u0113jat jaud\u012bgus iekr\u0101v\u0113ju cilindrus? Apskatiet m\u016bsu <a href=\"https:\/\/www.hydraulic-cylinders.net\/lv\/forklift-hydraulic-cylinder\/\">Lieljaudas hidrauliskie cilindri<\/a>.<\/p>\n<h2><strong>Iekr\u0101v\u0113ja cilindru ra\u017eo\u0161anas zona:<\/strong><\/h2>\n<h2><img loading=\"lazy\" decoding=\"async\" class=\"alignnone size-full wp-image-16972\" src=\"https:\/\/www.hydraulic-cylinders.net\/wp-content\/uploads\/2025\/01\/hydraulic-cylinder-factory-1-scaled.webp\" sizes=\"(min-width: 0px) and (max-width: 480px) 480px, (min-width: 481px) and (max-width: 980px) 980px, (min-width: 981px) and (max-width: 1280px) 1280px, (min-width: 1281px) 2016px, 100vw\" srcset=\"https:\/\/www.hydraulic-cylinders.net\/wp-content\/uploads\/2025\/01\/hydraulic-cylinder-factory-1-scaled.webp 2016w, https:\/\/www.hydraulic-cylinders.net\/wp-content\/uploads\/2025\/01\/hydraulic-cylinder-factory-1-1280x1625.webp 1280w, https:\/\/www.hydraulic-cylinders.net\/wp-content\/uploads\/2025\/01\/hydraulic-cylinder-factory-1-980x1244.webp 980w, https:\/\/www.hydraulic-cylinders.net\/wp-content\/uploads\/2025\/01\/hydraulic-cylinder-factory-1-480x610.webp 480w\" alt=\"\" width=\"2016\" height=\"2560\" \/><\/h2>\n<p>Mums ir pirmklas\u012bga neatkar\u012bga p\u0113tniec\u012bbas un att\u012bst\u012bbas platforma mont\u0101\u017eai. Iekr\u0101v\u0113ju cilindru ra\u017eo\u0161anas ceh\u0101 ir \u010detras pusautom\u0101tiskas pacel\u0161anas cilindru mont\u0101\u017eas l\u012bnijas un piln\u012bb\u0101 autom\u0101tiska noliecamo cilindru mont\u0101\u017eas l\u012bnija ar projekt\u0113to gada ra\u017eo\u0161anas jaudu miljons vien\u012bbu. Speci\u0101laj\u0101 cilindru ceh\u0101 ir da\u017e\u0101du specifik\u0101ciju pusautom\u0101tiskas t\u012br\u012b\u0161anas un mont\u0101\u017eas sist\u0113mas ar projekt\u0113to gada ra\u017eo\u0161anas jaudu 200\u00a0000 vien\u012bbu. T\u0101 ir apr\u012bkota ar slavenu z\u012bmolu CNC apstr\u0101des iek\u0101rt\u0101m, apstr\u0101des centriem, speci\u0101lu apr\u012bkojumu augstas precizit\u0101tes cilindru apstr\u0101dei, robotiz\u0113t\u0101m metin\u0101\u0161anas iek\u0101rt\u0101m, autom\u0101tisk\u0101m t\u012br\u012b\u0161anas iek\u0101rt\u0101m, autom\u0101tisk\u0101m cilindru mont\u0101\u017eas iek\u0101rt\u0101m un autom\u0101tisk\u0101m kr\u0101so\u0161anas ra\u017eo\u0161anas l\u012bnij\u0101m. Mums darbojas vair\u0101k nek\u0101 300 galveno iek\u0101rtu komplekti. Optimiz\u0113ta iek\u0101rtu resursu sadale un efekt\u012bva izmanto\u0161ana nodro\u0161ina produktu precizit\u0101tes pras\u012bbas un atbilst\u012bbu augstaj\u0101m produktu kvalit\u0101tes pras\u012bb\u0101m.<\/p>\n<p>Apstr\u0101des cehs ir apr\u012bkots ar p\u0113c pas\u016bt\u012bjuma izgatavotiem sl\u012bpuma vadot\u0146u slie\u017eu virpo\u0161anas centriem, apstr\u0101des centriem, \u0101trgaitas asin\u0101\u0161anas ma\u0161\u012bn\u0101m, metin\u0101\u0161anas robotiem un citu atbilsto\u0161u apr\u012bkojumu, kas var apstr\u0101d\u0101t cilindriskas caurules ar maksim\u0101lo iek\u0161\u0113jo diametru 400 mm un maksim\u0101lo garumu 6 metri.<\/p>\n<h2><img loading=\"lazy\" decoding=\"async\" class=\"alignnone size-full wp-image-16973\" src=\"https:\/\/www.hydraulic-cylinders.net\/wp-content\/uploads\/2025\/01\/hydraulic-cylinder-factory-2-scaled.webp\" sizes=\"(min-width: 0px) and (max-width: 480px) 480px, (min-width: 481px) and (max-width: 980px) 980px, (min-width: 981px) and (max-width: 1280px) 1280px, (min-width: 1281px) 2011px, 100vw\" srcset=\"https:\/\/www.hydraulic-cylinders.net\/wp-content\/uploads\/2025\/01\/hydraulic-cylinder-factory-2-scaled.webp 2011w, https:\/\/www.hydraulic-cylinders.net\/wp-content\/uploads\/2025\/01\/hydraulic-cylinder-factory-2-1280x1629.webp 1280w, https:\/\/www.hydraulic-cylinders.net\/wp-content\/uploads\/2025\/01\/hydraulic-cylinder-factory-2-980x1248.webp 980w, https:\/\/www.hydraulic-cylinders.net\/wp-content\/uploads\/2025\/01\/hydraulic-cylinder-factory-2-480x611.webp 480w\" alt=\"\" width=\"2011\" height=\"2560\" \/><\/h2>\n<p>Mums ir piln\u012bb\u0101 autom\u0101tiska \u016bdens b\u0101zes kr\u0101so\u0161anas l\u012bnija maziem un vid\u0113jiem cilindriem, kas realiz\u0113 autom\u0101tiskus iekrau\u0161anas un izkrau\u0161anas, k\u0101 ar\u012b autom\u0101tiskos izsmidzin\u0101\u0161anas robotus ar projekt\u0113to ra\u017eo\u0161anas jaudu 4000 vietas mai\u0146\u0101. Mums ir v\u0113l viena pusautom\u0101tiska kr\u0101so\u0161anas l\u012bnija lielizm\u0113ra cilindriem, ko darbina sp\u0113ka \u0137\u0113de, un projekt\u0113t\u0101 jauda ir 60 kastes mai\u0146\u0101.<\/p>\n<p>Lai v\u0113l vair\u0101k uzlabotu produktu veiktsp\u0113ju un nostiprin\u0101tu m\u016bsu hidraulisko cilindru vado\u0161o poz\u012bciju nozar\u0113, m\u016bsu uz\u0146\u0113mums un zjimee kop\u012bgi izveidoja visaptvero\u0161u hidraulisko cilindru, hidraulisko v\u0101rstu un hidraulisko s\u016bk\u0146u veiktsp\u0113jas laboratoriju; laboratorij\u0101 tiek veikta datoriz\u0113ta test\u0113\u0161ana, izmantojot elektrohidraulisko tehnolo\u0123iju, testa apst\u0101k\u013cus iepriek\u0161 iestata dators, kas uzlabo testa precizit\u0101ti un sist\u0113mas daudzpus\u012bbu, k\u0101 ar\u012b eksperiment\u0101los datus.<\/p>\n<p>Autom\u0101tisk\u0101 datu v\u0101k\u0161ana tiek realiz\u0113ta, izmantojot sensorus, un izejas dati, piem\u0113ram, cilindra vai v\u0101rsta iek\u0161\u0113j\u0101 nopl\u016bde un slodzes efektivit\u0101te, tiek tie\u0161i apstr\u0101d\u0101ti dator\u0101 un konvert\u0113ti standarta m\u0113rvien\u012bb\u0101s (ml\/min\u00b3TP\u00b3T). Vienlaikus, lai nodro\u0161in\u0101tu hidraulisk\u0101s sist\u0113mas darba dro\u0161\u012bbu, tiek veikta st\u0101vok\u013ca uzraudz\u012bbas funkcija galvenajiem veiktsp\u0113jas parametriem, piem\u0113ram, \"e\u013c\u013cas temperat\u016bras uzraudz\u012bbai, \u0161\u0137idruma l\u012bme\u0146a uzraudz\u012bbai, filtra ier\u012bces uzraudz\u012bbai\" utt. Hidraulisk\u0101 cilindra testa stends var p\u0101rbaud\u012bt \"slodzes\" veiktsp\u0113ju.<br \/>\nefektivit\u0101te \"un\" iek\u0161\u0113j\u0101 nopl\u016bde\" p\u0113c nolas\u012bjumiem. Vienlaikus tas ir apr\u012bkots ar re\u017e\u0123a line\u0101la m\u0113rinstrumentu, kas atbilst visu hidraulisko cilindru izstr\u0101d\u0101jumu testa vien\u012bbu pras\u012bb\u0101m saska\u0146\u0101 ar valsts standartu.<\/p>\n<p>&nbsp;<\/p>","protected":false},"excerpt":{"rendered":"<p>Tilt Hydraulic Cylinders For Large Forklift Tilt hydraulic cylinders are essential components in large forklifts, designed to enhance their operational capabilities. These cylinders allow for precise tilting of the forklift&#8217;s forks, facilitating safe and efficient loading and unloading of materials. With their robust construction and advanced technology, tilt hydraulic cylinders significantly improve productivity in warehouses [&hellip;]<\/p>","protected":false},"featured_media":17588,"comment_status":"open","ping_status":"closed","template":"","meta":{"_et_pb_use_builder":"","_et_pb_old_content":"","_et_gb_content_width":""},"product_brand":[],"product_cat":[1484,1550],"product_tag":[],"class_list":{"0":"post-17585","1":"product","2":"type-product","3":"status-publish","4":"has-post-thumbnail","6":"product_cat-forklift-hydraulic-cylinders","7":"product_cat-double-acting-hydraulic-cylinder","9":"first","10":"instock","11":"shipping-taxable","12":"product-type-simple"},"amp_enabled":true,"_links":{"self":[{"href":"https:\/\/www.hydraulic-cylinders.net\/lv\/wp-json\/wp\/v2\/product\/17585","targetHints":{"allow":["GET"]}}],"collection":[{"href":"https:\/\/www.hydraulic-cylinders.net\/lv\/wp-json\/wp\/v2\/product"}],"about":[{"href":"https:\/\/www.hydraulic-cylinders.net\/lv\/wp-json\/wp\/v2\/types\/product"}],"replies":[{"embeddable":true,"href":"https:\/\/www.hydraulic-cylinders.net\/lv\/wp-json\/wp\/v2\/comments?post=17585"}],"wp:featuredmedia":[{"embeddable":true,"href":"https:\/\/www.hydraulic-cylinders.net\/lv\/wp-json\/wp\/v2\/media\/17588"}],"wp:attachment":[{"href":"https:\/\/www.hydraulic-cylinders.net\/lv\/wp-json\/wp\/v2\/media?parent=17585"}],"wp:term":[{"taxonomy":"product_brand","embeddable":true,"href":"https:\/\/www.hydraulic-cylinders.net\/lv\/wp-json\/wp\/v2\/product_brand?post=17585"},{"taxonomy":"product_cat","embeddable":true,"href":"https:\/\/www.hydraulic-cylinders.net\/lv\/wp-json\/wp\/v2\/product_cat?post=17585"},{"taxonomy":"product_tag","embeddable":true,"href":"https:\/\/www.hydraulic-cylinders.net\/lv\/wp-json\/wp\/v2\/product_tag?post=17585"}],"curies":[{"name":"wp","href":"https:\/\/api.w.org\/{rel}","templated":true}]}}