{"id":17589,"date":"2025-03-18T06:09:41","date_gmt":"2025-03-18T06:09:41","guid":{"rendered":"https:\/\/www.hydraulic-cylinders.net\/?post_type=product&#038;p=17589"},"modified":"2025-04-11T01:44:55","modified_gmt":"2025-04-11T01:44:55","slug":"lift-hydraulic-cylinders-for-large-forklift","status":"publish","type":"product","link":"https:\/\/www.hydraulic-cylinders.net\/lv\/products\/lift-hydraulic-cylinders-for-large-forklift\/","title":{"rendered":"Pacel\u0161anas hidrauliskie cilindri lielam iekr\u0101v\u0113jam"},"content":{"rendered":"<h1 style=\"text-align: center;\"><strong>Pacel\u0161anas hidrauliskie cilindri lielam iekr\u0101v\u0113jam<\/strong><\/h1>\n<p>Pacel\u0161anas hidrauliskie cilindri ir b\u016btiskas sast\u0101vda\u013cas lielos iekr\u0101v\u0113jos, kas \u013cauj tiem veikt b\u016btiskas pacel\u0161anas un nolai\u0161anas funkcijas. \u0160ie cilindri nodro\u0161ina nepiecie\u0161amo jaudu, lai efekt\u012bvi apstr\u0101d\u0101tu smagas kravas, garant\u0113jot vienm\u0113r\u012bgu darb\u012bbu da\u017e\u0101dos r\u016bpniec\u012bbas apst\u0101k\u013cos. Pateicoties iztur\u012bgajai konstrukcijai un augstajai veiktsp\u0113jai, pacel\u0161anas hidrauliskie cilindri uzlabo produktivit\u0101ti un dro\u0161\u012bbu materi\u0101lu apstr\u0101d\u0113.<\/p>\n<p>Ieguld\u012bjumi augstas kvalit\u0101tes pacel\u0161anas hidrauliskajos cilindros lieliem iekr\u0101v\u0113jiem iev\u0113rojami uzlabo darb\u012bbas efektivit\u0101ti un dro\u0161\u012bbu. Izprotot to \u012bpa\u0161\u012bbas, pareizu lieto\u0161anu un apkopes pras\u012bbas, operatori var nodro\u0161in\u0101t, ka \u0161ie cilindri nodro\u0161ina nemain\u012bgu veiktsp\u0113ju un ilgm\u016b\u017e\u012bbu. Ar pareizajiem pacel\u0161anas hidrauliskajiem cilindriem uz\u0146\u0113mumi var optimiz\u0113t savus materi\u0101lu apstr\u0101des procesus, t\u0101d\u0113j\u0101di palielinot produktivit\u0101ti un samazinot d\u012bkst\u0101ves laiku.<\/p>\n<h1 style=\"text-align: center;\"><img loading=\"lazy\" decoding=\"async\" class=\"alignnone wp-image-17590\" src=\"https:\/\/www.hydraulic-cylinders.net\/wp-content\/uploads\/2025\/03\/Lift-hydraulic-cylinders-for-large-forklift.jpg\" alt=\"\" width=\"500\" height=\"500\" srcset=\"https:\/\/www.hydraulic-cylinders.net\/wp-content\/uploads\/2025\/03\/Lift-hydraulic-cylinders-for-large-forklift.jpg 500w, https:\/\/www.hydraulic-cylinders.net\/wp-content\/uploads\/2025\/03\/Lift-hydraulic-cylinders-for-large-forklift-480x480.jpg 480w\" sizes=\"(min-width: 0px) and (max-width: 480px) 480px, (min-width: 481px) 500px, 100vw\" \/><\/h1>\n<p style=\"text-align: center;\"><strong>Pacel\u0161anas hidrauliskie cilindri lielam iekr\u0101v\u0113jam<\/strong><\/p>\n<h2><strong>Liela iekr\u0101v\u0113ja hidraulisk\u0101 cilindra s\u0113rija:\u00a0<\/strong><\/h2>\n<h2><img loading=\"lazy\" decoding=\"async\" class=\"alignnone size-full wp-image-17582\" src=\"https:\/\/www.hydraulic-cylinders.net\/wp-content\/uploads\/2025\/03\/large-forklift-hydraulic-cylinder-construction.webp\" alt=\"\" width=\"1100\" height=\"615\" srcset=\"https:\/\/www.hydraulic-cylinders.net\/wp-content\/uploads\/2025\/03\/large-forklift-hydraulic-cylinder-construction.webp 1100w, https:\/\/www.hydraulic-cylinders.net\/wp-content\/uploads\/2025\/03\/large-forklift-hydraulic-cylinder-construction-980x548.webp 980w, https:\/\/www.hydraulic-cylinders.net\/wp-content\/uploads\/2025\/03\/large-forklift-hydraulic-cylinder-construction-480x268.webp 480w\" sizes=\"(min-width: 0px) and (max-width: 480px) 480px, (min-width: 481px) and (max-width: 980px) 980px, (min-width: 981px) 1100px, 100vw\" \/><\/h2>\n<h2><strong>Pacel\u0161anas hidrauliskie cilindri lielam iekr\u0101v\u0113jam lielam iekr\u0101v\u0113jam <\/strong><strong>Tehnisk\u0101s specifik\u0101cijas<\/strong><strong>:<\/strong><\/h2>\n<p><strong>Funkcija:<\/strong> Lai pan\u0101ktu port\u0101la pacel\u0161anas un nolai\u0161anas darb\u012bbu<br \/>\n<strong>Cilindra diametrs:<\/strong> 65\u2013190 mm<br \/>\n<strong>Stie\u0146a diametrs:<\/strong> 50\u2013160 mm<br \/>\n<strong>Ce\u013cojums:<\/strong> 100\u20133490 mm<br \/>\n<strong>Maksim\u0101lais spiediens:<\/strong> 21MPa<br \/>\n<strong>Maksim\u0101l\u0101 vilce:<\/strong> 596KN<\/p>\n<h2><strong>Liela iekr\u0101v\u0113ja pacel\u0161anas hidraulisko cilindru galven\u0101s iez\u012bmes<\/strong><strong>:<\/strong><\/h2>\n<ul>\n<li><strong>Augsta kravnes\u012bba<\/strong>\u0160ie pacel\u0161anas hidrauliskie cilindri ir konstru\u0113ti, lai iztur\u0113tu iev\u0113rojamu svaru, padarot tos ide\u0101li piem\u0113rotus lieljaudas lietojumprogramm\u0101m. To iztur\u012bg\u0101 konstrukcija nodro\u0161ina uzticamu darb\u012bbu pat \u0101rk\u0101rt\u0113jas slodzes apst\u0101k\u013cos, \u013caujot iekr\u0101v\u0113jiem p\u0101rliecino\u0161i apstr\u0101d\u0101t lielas paletes un materi\u0101lus. \u0160\u012b iesp\u0113ja iev\u0113rojami uzlabo darba vietas efektivit\u0101ti, samazinot darb\u012bbas k\u013c\u016bmju risku sare\u017e\u0123\u012btu uzdevumu laik\u0101.<\/li>\n<li><strong>Iztur\u012bga konstrukcija<\/strong>\u0160ie hidrauliskie cilindri ir izgatavoti no augst\u0101k\u0101s kvalit\u0101tes materi\u0101liem un ir paredz\u0113ti, lai iztur\u0113tu skarbus darba apst\u0101k\u013cus. To iztur\u012bba pret nodilumu, koroziju un nogurumu pagarina cilindra kalpo\u0161anas laiku, samazinot nepiecie\u0161am\u012bbu p\u0113c bie\u017eas nomai\u0146as. \u0160\u012b iztur\u012bba noz\u012bm\u0113 zem\u0101kas apkopes izmaksas un palielin\u0101tu darbsp\u0113jas laiku, padarot tos par gudru ieguld\u012bjumu jebkur\u0101 r\u016bpniecisk\u0101 darb\u012bb\u0101.<\/li>\n<li><strong>Daudzpus\u012bgi izm\u0113ri<\/strong>\u0160ie pacel\u0161anas hidrauliskie cilindri, kas pieejami pla\u0161\u0101 diametru un g\u0101jiena garumu diapazon\u0101, var tikt piel\u0101goti, lai atbilstu da\u017e\u0101du iekr\u0101v\u0113ju mode\u013cu un pielietojumu \u012bpa\u0161aj\u0101m vajadz\u012bb\u0101m. \u0160\u012b daudzpus\u012bba nodro\u0161ina, ka tos var neman\u0101mi integr\u0113t da\u017e\u0101d\u0101s sist\u0113m\u0101s, nodro\u0161inot elast\u012bbu uz\u0146\u0113mumiem, kas apstr\u0101d\u0101 da\u017e\u0101das kravas un materi\u0101lus.<\/li>\n<li><strong>Efekt\u012bva veiktsp\u0113ja<\/strong>\u0160ie hidrauliskie cilindri, kas paredz\u0113ti optim\u0101lai funkcionalit\u0101tei, atvieglo \u0101tru pacel\u0161anu un nolai\u0161anu. \u0160\u012b efektivit\u0101te samazina cikla laikus, \u013caujot operatoriem \u0101tr\u0101k un efekt\u012bv\u0101k veikt uzdevumus. Uzlabota darbpl\u016bsma ne tikai palielina produktivit\u0101ti, bet ar\u012b uzlabo iekr\u0101v\u0113ja kop\u0113jo darb\u012bbas efektivit\u0101ti, padarot to par b\u016btisku instrumentu materi\u0101lu apstr\u0101d\u0113.<\/li>\n<li><strong>Augsta spiediena v\u0113rt\u0113jumi<\/strong>\u0160ie cilindri, kas sp\u0113j darboties paaugstin\u0101t\u0101 spiedien\u0101, nodro\u0161ina efekt\u012bvu vilkmi un stabilit\u0101ti cel\u0161anas oper\u0101ciju laik\u0101. To augstais spiediena v\u0113rt\u0113jums \u013cauj dro\u0161i apstr\u0101d\u0101t smagas kravas, neapdraudot veiktsp\u0113ju. \u0160\u012b uzticam\u012bba ir b\u016btiska dro\u0161\u012bbas standartu iev\u0113ro\u0161anai darba viet\u0101, sniedzot operatoriem sirdsmieru, str\u0101d\u0101jot ar lieliem materi\u0101liem.<\/li>\n<\/ul>\n<h2><strong>Liela iekr\u0101v\u0113ja pacel\u0161anas hidraulisko cilindru lieto\u0161anas gad\u012bjumi:<\/strong><\/h2>\n<h3><strong>1. Noliktavu un izplat\u012b\u0161anas pakalpojumi<\/strong><\/h3>\n<p>Noliktav\u0101s lieli iekr\u0101v\u0113ji, kas apr\u012bkoti ar pacel\u0161anas hidrauliskajiem cilindriem, ir nepiecie\u0161ami smagu pale\u0161u sakrau\u0161anai un iz\u0146em\u0161anai. \u0160ie cilindri nodro\u0161ina \u0101tru pacel\u0161anu un nolai\u0161anu, \u013caujot operatoriem efekt\u012bvi p\u0101rvald\u012bt kr\u0101jumus un optimiz\u0113t uzglab\u0101\u0161anas vietu. Tie atvieglo \u0101tru iekrau\u0161anas un izkrau\u0161anas procesu, iev\u0113rojami uzlabojot kop\u0113jo produktivit\u0101ti.<\/p>\n<h3><strong>2. B\u016bvlaukumi<\/strong><\/h3>\n<p>B\u016bvlaukumos pacel\u0161anas hidrauliskajiem cilindriem ir iz\u0161\u0137iro\u0161a noz\u012bme smagu materi\u0101lu, piem\u0113ram, t\u0113rauda siju, betona bloku un apr\u012bkojuma, p\u0101rvieto\u0161an\u0101. To liel\u0101 kravnes\u012bba \u013cauj iekr\u0101v\u0113jiem dro\u0161i pacelt iev\u0113rojamu svaru, nodro\u0161inot, ka materi\u0101li tiek pieg\u0101d\u0101ti pareizaj\u0101s viet\u0101s bez kav\u0113\u0161an\u0101s. \u0160\u012b iesp\u0113ja uzlabo darbpl\u016bsmu un atbalsta savlaic\u012bgu projekta pabeig\u0161anu.<\/p>\n<h3><strong>3. Ra\u017eo\u0161anas iek\u0101rtas<\/strong><\/h3>\n<p>Ra\u017eo\u0161anas vid\u0113 lieli iekr\u0101v\u0113ji ar pacel\u0161anas hidrauliskajiem cilindriem pal\u012bdz transport\u0113t izejvielas un gatavos produktus starp da\u017e\u0101d\u0101m objekta zon\u0101m. \u0160ie cilindri \u013cauj prec\u012bzi pozicion\u0113t kravu, kas ir \u013coti svar\u012bgi mont\u0101\u017eas l\u012bnij\u0101m un kvalit\u0101tes kontroles procesiem. To efekt\u012bv\u0101 veiktsp\u0113ja samazina cikla laikus, palielinot kop\u0113jo ra\u017eo\u0161anas efektivit\u0101ti.<\/p>\n<h3><strong>4. P\u0101rstr\u0101de un atkritumu apsaimnieko\u0161ana<\/strong><\/h3>\n<p>Pacel\u0161anas hidrauliskie cilindri ir \u013coti svar\u012bgi p\u0101rstr\u0101des un atkritumu apsaimnieko\u0161anas oper\u0101cij\u0101s, kur lieli iekr\u0101v\u0113ji tiek izmantoti smagu konteineru un tvert\u0146u apstr\u0101dei. \u0160ie cilindri \u013cauj operatoriem dro\u0161i pacelt un p\u0101rvietot lielgabar\u012bta atkritumus, racionaliz\u0113jot p\u0101rstr\u0101d\u0101jamo materi\u0101lu \u0161\u0137iro\u0161anu un apstr\u0101di. \u0160\u012b efektivit\u0101te veicina organiz\u0113t\u0101ku un efekt\u012bv\u0101ku atkritumu apsaimnieko\u0161anas sist\u0113mu.<\/p>\n<h3><strong>5. Lauksaimniec\u012bba<\/strong><\/h3>\n<p>Lauksaimniec\u012bbas vid\u0113 lielus iekr\u0101v\u0113jus ar pacel\u0161anas hidrauliskajiem cilindriem izmanto smagu kravu, piem\u0113ram, siena, bar\u012bbas un apr\u012bkojuma \u0137\u012bpu, p\u0101rvad\u0101\u0161anai. Sp\u0113ja viegli pacelt un nolaist \u0161\u012bs kravas \u013cauj lauksaimniekiem efekt\u012bv\u0101k p\u0101rvald\u012bt savu darb\u012bbu, nodro\u0161inot savlaic\u012bgas pieg\u0101des un efekt\u012bvu resursu izmanto\u0161anu.<\/p>\n<p>Mekl\u0113jat jaud\u012bgus iekr\u0101v\u0113ju cilindrus? Apskatiet m\u016bsu <a href=\"https:\/\/www.hydraulic-cylinders.net\/lv\/forklift-hydraulic-cylinder\/\">Lieljaudas hidrauliskie cilindri<\/a>.<\/p>\n<h2><strong>Iekr\u0101v\u0113ja cilindru ra\u017eo\u0161anas zona:<\/strong><\/h2>\n<h2><img loading=\"lazy\" decoding=\"async\" class=\"alignnone size-full wp-image-16972\" src=\"https:\/\/www.hydraulic-cylinders.net\/wp-content\/uploads\/2025\/01\/hydraulic-cylinder-factory-1-scaled.webp\" sizes=\"(min-width: 0px) and (max-width: 480px) 480px, (min-width: 481px) and (max-width: 980px) 980px, (min-width: 981px) and (max-width: 1280px) 1280px, (min-width: 1281px) 2016px, 100vw\" srcset=\"https:\/\/www.hydraulic-cylinders.net\/wp-content\/uploads\/2025\/01\/hydraulic-cylinder-factory-1-scaled.webp 2016w, https:\/\/www.hydraulic-cylinders.net\/wp-content\/uploads\/2025\/01\/hydraulic-cylinder-factory-1-1280x1625.webp 1280w, https:\/\/www.hydraulic-cylinders.net\/wp-content\/uploads\/2025\/01\/hydraulic-cylinder-factory-1-980x1244.webp 980w, https:\/\/www.hydraulic-cylinders.net\/wp-content\/uploads\/2025\/01\/hydraulic-cylinder-factory-1-480x610.webp 480w\" alt=\"\" width=\"2016\" height=\"2560\" \/><\/h2>\n<p>Mums ir pirmklas\u012bga neatkar\u012bga p\u0113tniec\u012bbas un att\u012bst\u012bbas platforma mont\u0101\u017eai. Iekr\u0101v\u0113ju cilindru ra\u017eo\u0161anas ceh\u0101 ir \u010detras pusautom\u0101tiskas pacel\u0161anas cilindru mont\u0101\u017eas l\u012bnijas un piln\u012bb\u0101 autom\u0101tiska noliecamo cilindru mont\u0101\u017eas l\u012bnija ar projekt\u0113to gada ra\u017eo\u0161anas jaudu miljons vien\u012bbu. Speci\u0101laj\u0101 cilindru ceh\u0101 ir da\u017e\u0101du specifik\u0101ciju pusautom\u0101tiskas t\u012br\u012b\u0161anas un mont\u0101\u017eas sist\u0113mas ar projekt\u0113to gada ra\u017eo\u0161anas jaudu 200\u00a0000 vien\u012bbu. T\u0101 ir apr\u012bkota ar slavenu z\u012bmolu CNC apstr\u0101des iek\u0101rt\u0101m, apstr\u0101des centriem, speci\u0101lu apr\u012bkojumu augstas precizit\u0101tes cilindru apstr\u0101dei, robotiz\u0113t\u0101m metin\u0101\u0161anas iek\u0101rt\u0101m, autom\u0101tisk\u0101m t\u012br\u012b\u0161anas iek\u0101rt\u0101m, autom\u0101tisk\u0101m cilindru mont\u0101\u017eas iek\u0101rt\u0101m un autom\u0101tisk\u0101m kr\u0101so\u0161anas ra\u017eo\u0161anas l\u012bnij\u0101m. Mums darbojas vair\u0101k nek\u0101 300 galveno iek\u0101rtu komplekti. Optimiz\u0113ta iek\u0101rtu resursu sadale un efekt\u012bva izmanto\u0161ana nodro\u0161ina produktu precizit\u0101tes pras\u012bbas un atbilst\u012bbu augstaj\u0101m produktu kvalit\u0101tes pras\u012bb\u0101m.<\/p>\n<p>Apstr\u0101des cehs ir apr\u012bkots ar p\u0113c pas\u016bt\u012bjuma izgatavotiem sl\u012bpuma vadot\u0146u slie\u017eu virpo\u0161anas centriem, apstr\u0101des centriem, \u0101trgaitas asin\u0101\u0161anas ma\u0161\u012bn\u0101m, metin\u0101\u0161anas robotiem un citu atbilsto\u0161u apr\u012bkojumu, kas var apstr\u0101d\u0101t cilindriskas caurules ar maksim\u0101lo iek\u0161\u0113jo diametru 400 mm un maksim\u0101lo garumu 6 metri.<\/p>\n<h2><img loading=\"lazy\" decoding=\"async\" class=\"alignnone size-full wp-image-16973\" src=\"https:\/\/www.hydraulic-cylinders.net\/wp-content\/uploads\/2025\/01\/hydraulic-cylinder-factory-2-scaled.webp\" sizes=\"(min-width: 0px) and (max-width: 480px) 480px, (min-width: 481px) and (max-width: 980px) 980px, (min-width: 981px) and (max-width: 1280px) 1280px, (min-width: 1281px) 2011px, 100vw\" srcset=\"https:\/\/www.hydraulic-cylinders.net\/wp-content\/uploads\/2025\/01\/hydraulic-cylinder-factory-2-scaled.webp 2011w, https:\/\/www.hydraulic-cylinders.net\/wp-content\/uploads\/2025\/01\/hydraulic-cylinder-factory-2-1280x1629.webp 1280w, https:\/\/www.hydraulic-cylinders.net\/wp-content\/uploads\/2025\/01\/hydraulic-cylinder-factory-2-980x1248.webp 980w, https:\/\/www.hydraulic-cylinders.net\/wp-content\/uploads\/2025\/01\/hydraulic-cylinder-factory-2-480x611.webp 480w\" alt=\"\" width=\"2011\" height=\"2560\" \/><\/h2>\n<p>Mums ir piln\u012bb\u0101 autom\u0101tiska \u016bdens b\u0101zes kr\u0101so\u0161anas l\u012bnija maziem un vid\u0113jiem cilindriem, kas realiz\u0113 autom\u0101tiskus iekrau\u0161anas un izkrau\u0161anas, k\u0101 ar\u012b autom\u0101tiskos izsmidzin\u0101\u0161anas robotus ar projekt\u0113to ra\u017eo\u0161anas jaudu 4000 vietas mai\u0146\u0101. Mums ir v\u0113l viena pusautom\u0101tiska kr\u0101so\u0161anas l\u012bnija lielizm\u0113ra cilindriem, ko darbina sp\u0113ka \u0137\u0113de, un projekt\u0113t\u0101 jauda ir 60 kastes mai\u0146\u0101.<\/p>\n<p>Lai v\u0113l vair\u0101k uzlabotu produktu veiktsp\u0113ju un nostiprin\u0101tu m\u016bsu hidraulisko cilindru vado\u0161o poz\u012bciju nozar\u0113, m\u016bsu uz\u0146\u0113mums un zjimee kop\u012bgi izveidoja visaptvero\u0161u hidraulisko cilindru, hidraulisko v\u0101rstu un hidraulisko s\u016bk\u0146u veiktsp\u0113jas laboratoriju; laboratorij\u0101 tiek veikta datoriz\u0113ta test\u0113\u0161ana, izmantojot elektrohidraulisko tehnolo\u0123iju, testa apst\u0101k\u013cus iepriek\u0161 iestata dators, kas uzlabo testa precizit\u0101ti un sist\u0113mas daudzpus\u012bbu, k\u0101 ar\u012b eksperiment\u0101los datus.<\/p>\n<p>Autom\u0101tisk\u0101 datu v\u0101k\u0161ana tiek realiz\u0113ta, izmantojot sensorus, un izejas dati, piem\u0113ram, cilindra vai v\u0101rsta iek\u0161\u0113j\u0101 nopl\u016bde un slodzes efektivit\u0101te, tiek tie\u0161i apstr\u0101d\u0101ti dator\u0101 un konvert\u0113ti standarta m\u0113rvien\u012bb\u0101s (ml\/min\u00b3TP\u00b3T). Vienlaikus, lai nodro\u0161in\u0101tu hidraulisk\u0101s sist\u0113mas darba dro\u0161\u012bbu, tiek veikta st\u0101vok\u013ca uzraudz\u012bbas funkcija galvenajiem veiktsp\u0113jas parametriem, piem\u0113ram, \"e\u013c\u013cas temperat\u016bras uzraudz\u012bbai, \u0161\u0137idruma l\u012bme\u0146a uzraudz\u012bbai, filtra ier\u012bces uzraudz\u012bbai\" utt. Hidraulisk\u0101 cilindra testa stends var p\u0101rbaud\u012bt \"slodzes\" veiktsp\u0113ju.<br \/>\nefektivit\u0101te \"un\" iek\u0161\u0113j\u0101 nopl\u016bde\" p\u0113c nolas\u012bjumiem. Vienlaikus tas ir apr\u012bkots ar re\u017e\u0123a line\u0101la m\u0113rinstrumentu, kas atbilst visu hidraulisko cilindru izstr\u0101d\u0101jumu testa vien\u012bbu pras\u012bb\u0101m saska\u0146\u0101 ar valsts standartu.<\/p>\n<p>&nbsp;<\/p>","protected":false},"excerpt":{"rendered":"<p>Lift Hydraulic Cylinders For Large Forklift Lift hydraulic cylinders are crucial components in large forklifts, enabling them to perform essential lifting and lowering functions. These cylinders provide the necessary power to handle heavy loads efficiently, ensuring smooth operations in various industrial settings. With robust design and high performance, lift hydraulic cylinders enhance productivity and safety [&hellip;]<\/p>","protected":false},"featured_media":17591,"comment_status":"open","ping_status":"closed","template":"","meta":{"_et_pb_use_builder":"","_et_pb_old_content":"","_et_gb_content_width":""},"product_brand":[],"product_cat":[1484,1549],"product_tag":[],"class_list":{"0":"post-17589","1":"product","2":"type-product","3":"status-publish","4":"has-post-thumbnail","6":"product_cat-forklift-hydraulic-cylinders","7":"product_cat-single-acting-hydraulic-cylinder","9":"first","10":"instock","11":"shipping-taxable","12":"product-type-simple"},"amp_enabled":true,"_links":{"self":[{"href":"https:\/\/www.hydraulic-cylinders.net\/lv\/wp-json\/wp\/v2\/product\/17589","targetHints":{"allow":["GET"]}}],"collection":[{"href":"https:\/\/www.hydraulic-cylinders.net\/lv\/wp-json\/wp\/v2\/product"}],"about":[{"href":"https:\/\/www.hydraulic-cylinders.net\/lv\/wp-json\/wp\/v2\/types\/product"}],"replies":[{"embeddable":true,"href":"https:\/\/www.hydraulic-cylinders.net\/lv\/wp-json\/wp\/v2\/comments?post=17589"}],"wp:featuredmedia":[{"embeddable":true,"href":"https:\/\/www.hydraulic-cylinders.net\/lv\/wp-json\/wp\/v2\/media\/17591"}],"wp:attachment":[{"href":"https:\/\/www.hydraulic-cylinders.net\/lv\/wp-json\/wp\/v2\/media?parent=17589"}],"wp:term":[{"taxonomy":"product_brand","embeddable":true,"href":"https:\/\/www.hydraulic-cylinders.net\/lv\/wp-json\/wp\/v2\/product_brand?post=17589"},{"taxonomy":"product_cat","embeddable":true,"href":"https:\/\/www.hydraulic-cylinders.net\/lv\/wp-json\/wp\/v2\/product_cat?post=17589"},{"taxonomy":"product_tag","embeddable":true,"href":"https:\/\/www.hydraulic-cylinders.net\/lv\/wp-json\/wp\/v2\/product_tag?post=17589"}],"curies":[{"name":"wp","href":"https:\/\/api.w.org\/{rel}","templated":true}]}}