{"id":17593,"date":"2025-03-18T06:19:55","date_gmt":"2025-03-18T06:19:55","guid":{"rendered":"https:\/\/www.hydraulic-cylinders.net\/?post_type=product&#038;p=17593"},"modified":"2025-04-11T03:15:26","modified_gmt":"2025-04-11T03:15:26","slug":"steering-hydraulic-cylinders-for-large-forklift","status":"publish","type":"product","link":"https:\/\/www.hydraulic-cylinders.net\/lv\/products\/steering-hydraulic-cylinders-for-large-forklift\/","title":{"rendered":"St\u016bres hidrauliskie cilindri lieliem iekr\u0101v\u0113jiem"},"content":{"rendered":"<h1 style=\"text-align: center;\"><strong>St\u016bres hidrauliskie cilindri lieliem iekr\u0101v\u0113jiem<\/strong><\/h1>\n<p>St\u016bres hidrauliskie cilindri ir svar\u012bgas sast\u0101vda\u013cas lielos iekr\u0101v\u0113jos, kas nodro\u0161ina nepiecie\u0161amo jaudu un precizit\u0101ti st\u016br\u0113\u0161anas vad\u012bbai. \u0160ie cilindri nodro\u0161ina vienm\u0113r\u012bgu manevr\u0113tsp\u0113ju, kas ir b\u016btiska, lai p\u0101rvietotos \u0161aur\u0101s telp\u0101s un veiktu sare\u017e\u0123\u012btus uzdevumus. P\u0101rveidojot hidraulisko spiedienu meh\u0101nisk\u0101 sp\u0113k\u0101, st\u016bres hidrauliskie cilindri uzlabo iekr\u0101v\u0113ju darb\u012bbas kop\u0113jo efektivit\u0101ti un dro\u0161\u012bbu.<\/p>\n<p>St\u016bres hidrauliskie cilindri ir b\u016btiski lielu iekr\u0101v\u0113ju efekt\u012bvai darb\u012bbai. To robust\u0101 konstrukcija, efektivit\u0101te un piel\u0101gojam\u012bba padara tos par kritisku sast\u0101vda\u013cu da\u017e\u0101dos r\u016bpnieciskos pielietojumos. Izprotot to \u012bpa\u0161\u012bbas, pareizas lieto\u0161anas metodes un apkopes pras\u012bbas, operatori var maksim\u0101li palielin\u0101t savu iekr\u0101v\u0113ju veiktsp\u0113ju un dro\u0161\u012bbu, galu gal\u0101 uzlabojot produktivit\u0101ti darba viet\u0101. Invest\u012bcijas augstas kvalit\u0101tes st\u016bres hidrauliskajos cilindros nodro\u0161ina uzticamu un prec\u012bzu st\u016br\u0113\u0161anas vad\u012bbu, kas ir \u013coti svar\u012bga, lai p\u0101rvietotos sare\u017e\u0123\u012bt\u0101s vid\u0113s.<\/p>\n<h1 style=\"text-align: center;\"><img loading=\"lazy\" decoding=\"async\" class=\"alignnone wp-image-17590\" src=\"https:\/\/www.hydraulic-cylinders.net\/wp-content\/uploads\/2025\/03\/Lift-hydraulic-cylinders-for-large-forklift.jpg\" alt=\"\" width=\"500\" height=\"500\" srcset=\"https:\/\/www.hydraulic-cylinders.net\/wp-content\/uploads\/2025\/03\/Lift-hydraulic-cylinders-for-large-forklift.jpg 500w, https:\/\/www.hydraulic-cylinders.net\/wp-content\/uploads\/2025\/03\/Lift-hydraulic-cylinders-for-large-forklift-480x480.jpg 480w\" sizes=\"(min-width: 0px) and (max-width: 480px) 480px, (min-width: 481px) 500px, 100vw\" \/><\/h1>\n<p style=\"text-align: center;\"><strong>St\u016bres hidrauliskie cilindri lieliem iekr\u0101v\u0113jiem<\/strong><\/p>\n<h2><strong>St\u016bres hidrauliskie cilindri lieliem iekr\u0101v\u0113jiem <\/strong><strong>Tehnisk\u0101s specifik\u0101cijas<\/strong><strong>:<\/strong><\/h2>\n<p><strong>Funkcija:<\/strong> Ieviesiet iekr\u0101v\u0113ja st\u016br\u0113jo\u0161\u0101s ass darb\u012bbu un iesp\u0113jojiet iekr\u0101v\u0113ja riepu st\u016br\u0113\u0161anu<br \/>\n<strong>Cilindra diametrs:<\/strong> 80\u2013160 mm<br \/>\n<strong>Stie\u0146a diametrs:<\/strong> 50\u2013110 mm<br \/>\n<strong>Ce\u013cojums:<\/strong> 71 mm \u00d7 2\u2013235 mm \u00d7 2<br \/>\n<strong>Maksim\u0101lais spiediens:<\/strong> 18MPa<br \/>\n<strong>Maksim\u0101l\u0101 vilce:<\/strong> 362KN<\/p>\n<h2><strong>Liela iekr\u0101v\u0113ja hidraulisk\u0101 cilindra s\u0113rija:\u00a0<\/strong><\/h2>\n<h2><img loading=\"lazy\" decoding=\"async\" class=\"alignnone size-full wp-image-17582\" src=\"https:\/\/www.hydraulic-cylinders.net\/wp-content\/uploads\/2025\/03\/large-forklift-hydraulic-cylinder-construction.webp\" alt=\"\" width=\"1100\" height=\"615\" srcset=\"https:\/\/www.hydraulic-cylinders.net\/wp-content\/uploads\/2025\/03\/large-forklift-hydraulic-cylinder-construction.webp 1100w, https:\/\/www.hydraulic-cylinders.net\/wp-content\/uploads\/2025\/03\/large-forklift-hydraulic-cylinder-construction-980x548.webp 980w, https:\/\/www.hydraulic-cylinders.net\/wp-content\/uploads\/2025\/03\/large-forklift-hydraulic-cylinder-construction-480x268.webp 480w\" sizes=\"(min-width: 0px) and (max-width: 480px) 480px, (min-width: 481px) and (max-width: 980px) 980px, (min-width: 981px) 1100px, 100vw\" \/><\/h2>\n<h2><strong>Liela iekr\u0101v\u0113ja st\u016bres hidraulisko cilindru galven\u0101s iez\u012bmes<\/strong><strong>:<\/strong><\/h2>\n<ul>\n<li><strong>Iztur\u012bga konstrukcija:<\/strong> St\u016bres hidrauliskie cilindri ir izgatavoti no augstas kvalit\u0101tes t\u0113rauda un pastiprin\u0101tiem materi\u0101liem, nodro\u0161inot, ka tie var iztur\u0113t sare\u017e\u0123\u012btus apst\u0101k\u013cus intens\u012bvai lieto\u0161anai. \u0160\u012b iztur\u012bba noz\u012bm\u0113 ilgsto\u0161u veiktsp\u0113ju, samazinot nepiecie\u0161am\u012bbu p\u0113c bie\u017eas nomai\u0146as un ietaupot apkopes izmaksas.<\/li>\n<li><strong>Augsta efektivit\u0101te:<\/strong> \u0160ie cilindri ir izstr\u0101d\u0101ti \u0101tr\u0101m un atsauc\u012bg\u0101m st\u016br\u0113\u0161anas darb\u012bb\u0101m. \u0160\u012b konstrukcija uzlabo operatora kontroli p\u0101r iekr\u0101v\u0113ju, atvieglojot prec\u012bzus manevrus. Neatkar\u012bgi no t\u0101, vai j\u0101p\u0101rvietoas \u0161aur\u0101s telp\u0101s vai j\u0101veic asi pagriezieni, operatori var pa\u013cauties uz hidraulisk\u0101s sist\u0113mas t\u016bl\u012bt\u0113ju rea\u0123\u0113\u0161anu, uzlabojot kop\u0113jo produktivit\u0101ti.<\/li>\n<li><strong>Kompakts dizains:<\/strong> St\u016bres hidraulisko cilindru kompaktais izm\u0113rs \u013cauj tos viegli uzst\u0101d\u012bt da\u017e\u0101dos iekr\u0101v\u0113ju mode\u013cos. \u0160\u012b funkcija maksim\u0101li palielina telpas efektivit\u0101ti iekr\u0101v\u0113ja konstrukcij\u0101, \u013caujot ra\u017eot\u0101jiem optimiz\u0113t veiktsp\u0113ju, nezaud\u0113jot funkcionalit\u0101ti. Operatori g\u016bst labumu no racionaliz\u0113tas konfigur\u0101cijas, kas uzlabo manevr\u0113tsp\u0113ju sl\u0113gt\u0101 vid\u0113.<\/li>\n<li><strong>Aizz\u012bmogots aizsardz\u012bbai:<\/strong> \u0160o cilindru nosl\u0113gt\u0101s hidraulisk\u0101s sist\u0113mas nodro\u0161ina b\u016btisku aizsardz\u012bbu pret net\u012brumiem un mitrumu. \u0160is bl\u012bv\u0113jums pal\u012bdz saglab\u0101t hidraulisk\u0101 \u0161\u0137idruma integrit\u0101ti, nodro\u0161inot nemain\u012bgu veiktsp\u0113ju pat sare\u017e\u0123\u012btos apst\u0101k\u013cos. Nov\u0113r\u0161ot pies\u0101r\u0146ot\u0101ju iek\u013c\u016b\u0161anu sist\u0113m\u0101, \u0161ie cilindri samazina nodilumu, t\u0101d\u0113j\u0101di pagarinot to ekspluat\u0101cijas laiku.<\/li>\n<li><strong>Daudzpus\u012bga sader\u012bba:<\/strong> St\u016bres hidrauliskie cilindri ir izstr\u0101d\u0101ti t\u0101, lai tie b\u016btu sader\u012bgi ar pla\u0161u iekr\u0101v\u0113ju mode\u013cu kl\u0101stu. \u0160\u012b daudzpus\u012bba padara tos par ide\u0101lu izv\u0113li autoparka apkopei un moderniz\u0101cijai, \u013caujot uz\u0146\u0113mumiem standartiz\u0113t deta\u013cas da\u017e\u0101d\u0101s ma\u0161\u012bn\u0101s. Operatori var viegli nomain\u012bt vai uzlabot cilindrus, neuztraucoties par sader\u012bbas probl\u0113m\u0101m, t\u0101d\u0113j\u0101di racionaliz\u0113jot apkopes procesus.<\/li>\n<\/ul>\n<h2><strong>Liela iekr\u0101v\u0113ja st\u016bres hidraulisko cilindru lieto\u0161anas gad\u012bjumi:<\/strong><\/h2>\n<p>St\u016bres hidrauliskajiem cilindriem ir iz\u0161\u0137iro\u0161a noz\u012bme lielu iekr\u0101v\u0113ju funkcionalit\u0101tes un efektivit\u0101tes uzlabo\u0161an\u0101 da\u017e\u0101d\u0101s nozar\u0113s. \u0160eit ir da\u017ei galvenie lieto\u0161anas gad\u012bjumi:<\/p>\n<h4>1. <strong>Noliktavas darb\u012bbas<\/strong><\/h4>\n<p>Noliktav\u0101s lieli iekr\u0101v\u0113ji, kas apr\u012bkoti ar st\u016bres hidrauliskajiem cilindriem, p\u0101rvietojas pa \u0161aur\u0101m ej\u0101m un manevr\u0113 smagas paletes. Prec\u012bz\u0101s st\u016br\u0113\u0161anas iesp\u0113jas \u013cauj operatoriem efekt\u012bvi sakraut un izg\u016bt preces, optimiz\u0113jot telpu un uzlabojot kr\u0101jumu p\u0101rvald\u012bbu.<\/p>\n<h4>2. <strong>B\u016bvlaukumi<\/strong><\/h4>\n<p>B\u016bvlaukumos \u0161ie cilindri nodro\u0161ina nepiecie\u0161amo kontroli smagu materi\u0101lu, piem\u0113ram, t\u0113rauda siju un betona bloku, p\u0101rvieto\u0161anai. Operatori var viegli vad\u012bt iekr\u0101v\u0113ju \u0161aur\u0101s telp\u0101s, nodro\u0161inot materi\u0101lu dro\u0161u un prec\u012bzu izvieto\u0161anu, kas ir \u013coti svar\u012bgi projekta termi\u0146u iev\u0113ro\u0161anai.<\/p>\n<h4>3. <strong>Ra\u017eo\u0161anas iek\u0101rtas<\/strong><\/h4>\n<p>Ra\u017eo\u0161an\u0101 st\u016bres hidrauliskie cilindri atvieglo deta\u013cu un komponentu transport\u0113\u0161anu starp da\u017e\u0101diem ra\u017eo\u0161anas posmiem. \u0100tr\u0101 un atsauc\u012bg\u0101 st\u016br\u0113\u0161ana \u013cauj operatoriem efekt\u012bvi p\u0101rvietot preces, samazinot d\u012bkst\u0101ves laiku un uzlabojot darbpl\u016bsmu vis\u0101 ra\u017eotn\u0113.<\/p>\n<h4>4. <strong>Lauksaimniec\u012bbas pielietojumi<\/strong><\/h4>\n<p>Lieli lauksaimniec\u012bbas iekr\u0101v\u0113ji izmanto st\u016bres hidrauliskos cilindrus, lai apstr\u0101d\u0101tu \u0137\u012bpas, kastes un citus lauksaimniec\u012bbas produktus. Uzlabot\u0101 manevr\u0113tsp\u0113ja \u013cauj lauksaimniekiem \u0101tri iekraut un izkraut materi\u0101lus, padarot darb\u012bbu efekt\u012bv\u0101ku sezonas laik\u0101.<\/p>\n<h4>5. <strong>P\u0101rstr\u0101de un atkritumu apsaimnieko\u0161ana<\/strong><\/h4>\n<p>P\u0101rstr\u0101des iek\u0101rt\u0101s st\u016bres hidrauliskie cilindri pal\u012bdz iekr\u0101v\u0113jiem transport\u0113t un sakrav\u0101t p\u0101rstr\u0101d\u0101jamus materi\u0101lus. To sp\u0113ja p\u0101rvietoties p\u0101rbl\u012bv\u0113t\u0101 vid\u0113 nodro\u0161ina netrauc\u0113tu darb\u012bbu, uzlabojot \u0161\u0137iro\u0161anas procesus un kop\u0113jo efektivit\u0101ti.<\/p>\n<h3><span style=\"color: #666666; font-size: 14px;\">Mekl\u0113jat jaud\u012bgus iekr\u0101v\u0113ju cilindrus? Apskatiet m\u016bsu <\/span><a style=\"font-size: 14px;\" href=\"https:\/\/www.hydraulic-cylinders.net\/lv\/forklift-hydraulic-cylinder\/\">Lieljaudas hidrauliskie cilindri<\/a><span style=\"color: #666666; font-size: 14px;\">.<\/span><\/h3>\n<h2><strong>Iekr\u0101v\u0113ja cilindru ra\u017eo\u0161anas zona:<\/strong><\/h2>\n<h2><img loading=\"lazy\" decoding=\"async\" class=\"alignnone size-full wp-image-16972\" src=\"https:\/\/www.hydraulic-cylinders.net\/wp-content\/uploads\/2025\/01\/hydraulic-cylinder-factory-1-scaled.webp\" sizes=\"(min-width: 0px) and (max-width: 480px) 480px, (min-width: 481px) and (max-width: 980px) 980px, (min-width: 981px) and (max-width: 1280px) 1280px, (min-width: 1281px) 2016px, 100vw\" srcset=\"https:\/\/www.hydraulic-cylinders.net\/wp-content\/uploads\/2025\/01\/hydraulic-cylinder-factory-1-scaled.webp 2016w, https:\/\/www.hydraulic-cylinders.net\/wp-content\/uploads\/2025\/01\/hydraulic-cylinder-factory-1-1280x1625.webp 1280w, https:\/\/www.hydraulic-cylinders.net\/wp-content\/uploads\/2025\/01\/hydraulic-cylinder-factory-1-980x1244.webp 980w, https:\/\/www.hydraulic-cylinders.net\/wp-content\/uploads\/2025\/01\/hydraulic-cylinder-factory-1-480x610.webp 480w\" alt=\"\" width=\"2016\" height=\"2560\" \/><\/h2>\n<p>Mums ir pirmklas\u012bga neatkar\u012bga p\u0113tniec\u012bbas un att\u012bst\u012bbas platforma mont\u0101\u017eai. Iekr\u0101v\u0113ju cilindru ra\u017eo\u0161anas ceh\u0101 ir \u010detras pusautom\u0101tiskas pacel\u0161anas cilindru mont\u0101\u017eas l\u012bnijas un piln\u012bb\u0101 autom\u0101tiska noliecamo cilindru mont\u0101\u017eas l\u012bnija ar projekt\u0113to gada ra\u017eo\u0161anas jaudu miljons vien\u012bbu. Speci\u0101laj\u0101 cilindru ceh\u0101 ir da\u017e\u0101du specifik\u0101ciju pusautom\u0101tiskas t\u012br\u012b\u0161anas un mont\u0101\u017eas sist\u0113mas ar projekt\u0113to gada ra\u017eo\u0161anas jaudu 200\u00a0000 vien\u012bbu. T\u0101 ir apr\u012bkota ar slavenu z\u012bmolu CNC apstr\u0101des iek\u0101rt\u0101m, apstr\u0101des centriem, speci\u0101lu apr\u012bkojumu augstas precizit\u0101tes cilindru apstr\u0101dei, robotiz\u0113t\u0101m metin\u0101\u0161anas iek\u0101rt\u0101m, autom\u0101tisk\u0101m t\u012br\u012b\u0161anas iek\u0101rt\u0101m, autom\u0101tisk\u0101m cilindru mont\u0101\u017eas iek\u0101rt\u0101m un autom\u0101tisk\u0101m kr\u0101so\u0161anas ra\u017eo\u0161anas l\u012bnij\u0101m. Mums darbojas vair\u0101k nek\u0101 300 galveno iek\u0101rtu komplekti. Optimiz\u0113ta iek\u0101rtu resursu sadale un efekt\u012bva izmanto\u0161ana nodro\u0161ina produktu precizit\u0101tes pras\u012bbas un atbilst\u012bbu augstaj\u0101m produktu kvalit\u0101tes pras\u012bb\u0101m.<\/p>\n<p>Apstr\u0101des cehs ir apr\u012bkots ar p\u0113c pas\u016bt\u012bjuma izgatavotiem sl\u012bpuma vadot\u0146u slie\u017eu virpo\u0161anas centriem, apstr\u0101des centriem, \u0101trgaitas asin\u0101\u0161anas ma\u0161\u012bn\u0101m, metin\u0101\u0161anas robotiem un citu atbilsto\u0161u apr\u012bkojumu, kas var apstr\u0101d\u0101t cilindriskas caurules ar maksim\u0101lo iek\u0161\u0113jo diametru 400 mm un maksim\u0101lo garumu 6 metri.<\/p>\n<h2><img loading=\"lazy\" decoding=\"async\" class=\"alignnone size-full wp-image-16973\" src=\"https:\/\/www.hydraulic-cylinders.net\/wp-content\/uploads\/2025\/01\/hydraulic-cylinder-factory-2-scaled.webp\" sizes=\"(min-width: 0px) and (max-width: 480px) 480px, (min-width: 481px) and (max-width: 980px) 980px, (min-width: 981px) and (max-width: 1280px) 1280px, (min-width: 1281px) 2011px, 100vw\" srcset=\"https:\/\/www.hydraulic-cylinders.net\/wp-content\/uploads\/2025\/01\/hydraulic-cylinder-factory-2-scaled.webp 2011w, https:\/\/www.hydraulic-cylinders.net\/wp-content\/uploads\/2025\/01\/hydraulic-cylinder-factory-2-1280x1629.webp 1280w, https:\/\/www.hydraulic-cylinders.net\/wp-content\/uploads\/2025\/01\/hydraulic-cylinder-factory-2-980x1248.webp 980w, https:\/\/www.hydraulic-cylinders.net\/wp-content\/uploads\/2025\/01\/hydraulic-cylinder-factory-2-480x611.webp 480w\" alt=\"\" width=\"2011\" height=\"2560\" \/><\/h2>\n<p>Mums ir piln\u012bb\u0101 autom\u0101tiska \u016bdens b\u0101zes kr\u0101so\u0161anas l\u012bnija maziem un vid\u0113jiem cilindriem, kas realiz\u0113 autom\u0101tiskus iekrau\u0161anas un izkrau\u0161anas, k\u0101 ar\u012b autom\u0101tiskos izsmidzin\u0101\u0161anas robotus ar projekt\u0113to ra\u017eo\u0161anas jaudu 4000 vietas mai\u0146\u0101. Mums ir v\u0113l viena pusautom\u0101tiska kr\u0101so\u0161anas l\u012bnija lielizm\u0113ra cilindriem, ko darbina sp\u0113ka \u0137\u0113de, un projekt\u0113t\u0101 jauda ir 60 kastes mai\u0146\u0101.<\/p>\n<p>Lai v\u0113l vair\u0101k uzlabotu produktu veiktsp\u0113ju un nostiprin\u0101tu m\u016bsu hidraulisko cilindru vado\u0161o poz\u012bciju nozar\u0113, m\u016bsu uz\u0146\u0113mums un zjimee kop\u012bgi izveidoja visaptvero\u0161u hidraulisko cilindru, hidraulisko v\u0101rstu un hidraulisko s\u016bk\u0146u veiktsp\u0113jas laboratoriju; laboratorij\u0101 tiek veikta datoriz\u0113ta test\u0113\u0161ana, izmantojot elektrohidraulisko tehnolo\u0123iju, testa apst\u0101k\u013cus iepriek\u0161 iestata dators, kas uzlabo testa precizit\u0101ti un sist\u0113mas daudzpus\u012bbu, k\u0101 ar\u012b eksperiment\u0101los datus.<\/p>\n<p>Autom\u0101tisk\u0101 datu v\u0101k\u0161ana tiek realiz\u0113ta, izmantojot sensorus, un izejas dati, piem\u0113ram, cilindra vai v\u0101rsta iek\u0161\u0113j\u0101 nopl\u016bde un slodzes efektivit\u0101te, tiek tie\u0161i apstr\u0101d\u0101ti dator\u0101 un konvert\u0113ti standarta m\u0113rvien\u012bb\u0101s (ml\/min\u00b3TP\u00b3T). Vienlaikus, lai nodro\u0161in\u0101tu hidraulisk\u0101s sist\u0113mas darba dro\u0161\u012bbu, tiek veikta st\u0101vok\u013ca uzraudz\u012bbas funkcija galvenajiem veiktsp\u0113jas parametriem, piem\u0113ram, \"e\u013c\u013cas temperat\u016bras uzraudz\u012bbai, \u0161\u0137idruma l\u012bme\u0146a uzraudz\u012bbai, filtra ier\u012bces uzraudz\u012bbai\" utt. Hidraulisk\u0101 cilindra testa stends var p\u0101rbaud\u012bt \"slodzes\" veiktsp\u0113ju.<br \/>\nefektivit\u0101te \"un\" iek\u0161\u0113j\u0101 nopl\u016bde\" p\u0113c nolas\u012bjumiem. Vienlaikus tas ir apr\u012bkots ar re\u017e\u0123a line\u0101la m\u0113rinstrumentu, kas atbilst visu hidraulisko cilindru izstr\u0101d\u0101jumu testa vien\u012bbu pras\u012bb\u0101m saska\u0146\u0101 ar valsts standartu.<\/p>\n<p>&nbsp;<\/p>","protected":false},"excerpt":{"rendered":"<p>Steering Hydraulic Cylinders For Large Forklift Steering hydraulic cylinders are vital components in large forklifts, providing the necessary power and precision for steering control. These cylinders enable smooth maneuverability, essential for navigating tight spaces and performing complex tasks. By converting hydraulic pressure into mechanical force, steering hydraulic cylinders enhance the overall efficiency and safety of [&hellip;]<\/p>","protected":false},"featured_media":17595,"comment_status":"open","ping_status":"closed","template":"","meta":{"_et_pb_use_builder":"","_et_pb_old_content":"","_et_gb_content_width":""},"product_brand":[],"product_cat":[1484,1550],"product_tag":[],"class_list":{"0":"post-17593","1":"product","2":"type-product","3":"status-publish","4":"has-post-thumbnail","6":"product_cat-forklift-hydraulic-cylinders","7":"product_cat-double-acting-hydraulic-cylinder","9":"first","10":"instock","11":"shipping-taxable","12":"product-type-simple"},"amp_enabled":true,"_links":{"self":[{"href":"https:\/\/www.hydraulic-cylinders.net\/lv\/wp-json\/wp\/v2\/product\/17593","targetHints":{"allow":["GET"]}}],"collection":[{"href":"https:\/\/www.hydraulic-cylinders.net\/lv\/wp-json\/wp\/v2\/product"}],"about":[{"href":"https:\/\/www.hydraulic-cylinders.net\/lv\/wp-json\/wp\/v2\/types\/product"}],"replies":[{"embeddable":true,"href":"https:\/\/www.hydraulic-cylinders.net\/lv\/wp-json\/wp\/v2\/comments?post=17593"}],"wp:featuredmedia":[{"embeddable":true,"href":"https:\/\/www.hydraulic-cylinders.net\/lv\/wp-json\/wp\/v2\/media\/17595"}],"wp:attachment":[{"href":"https:\/\/www.hydraulic-cylinders.net\/lv\/wp-json\/wp\/v2\/media?parent=17593"}],"wp:term":[{"taxonomy":"product_brand","embeddable":true,"href":"https:\/\/www.hydraulic-cylinders.net\/lv\/wp-json\/wp\/v2\/product_brand?post=17593"},{"taxonomy":"product_cat","embeddable":true,"href":"https:\/\/www.hydraulic-cylinders.net\/lv\/wp-json\/wp\/v2\/product_cat?post=17593"},{"taxonomy":"product_tag","embeddable":true,"href":"https:\/\/www.hydraulic-cylinders.net\/lv\/wp-json\/wp\/v2\/product_tag?post=17593"}],"curies":[{"name":"wp","href":"https:\/\/api.w.org\/{rel}","templated":true}]}}