{"id":17596,"date":"2025-03-18T06:28:26","date_gmt":"2025-03-18T06:28:26","guid":{"rendered":"https:\/\/www.hydraulic-cylinders.net\/?post_type=product&#038;p=17596"},"modified":"2025-04-11T01:44:52","modified_gmt":"2025-04-11T01:44:52","slug":"lifting-hydraulic-cylinders-storage-handling-vehicles","status":"publish","type":"product","link":"https:\/\/www.hydraulic-cylinders.net\/lv\/products\/lifting-hydraulic-cylinders-storage-handling-vehicles\/","title":{"rendered":"Pacel\u0161anas hidrauliskie cilindri uzglab\u0101\u0161anas un apstr\u0101des transportl\u012bdzek\u013ciem"},"content":{"rendered":"<h1 style=\"text-align: center;\"><strong>Pacel\u0161anas hidrauliskie cilindri uzglab\u0101\u0161anas un apstr\u0101des transportl\u012bdzek\u013ciem<\/strong><\/h1>\n<p>Pacel\u0161anas hidrauliskie cilindri ir b\u016btiskas sast\u0101vda\u013cas uzglab\u0101\u0161anas un apstr\u0101des transportl\u012bdzek\u013cos, kas \u013cauj efekt\u012bvi pacelt un nolaist smagas kravas. \u0160ie cilindri p\u0101rveido hidraulisko spiedienu meh\u0101nisk\u0101 sp\u0113k\u0101, nodro\u0161inot jaudu, kas nepiecie\u0161ama da\u017e\u0101du uzdevumu veik\u0161anai noliktav\u0101s, izplat\u012b\u0161anas centros un ra\u017eo\u0161anas uz\u0146\u0113mumos. To uzticam\u012bba un efektivit\u0101te padara tos kritiski svar\u012bgus materi\u0101lu apstr\u0101des darb\u012bbu optimiz\u0113\u0161anai.<\/p>\n<p>Pacel\u0161anas hidrauliskie cilindri ir vit\u0101li svar\u012bgi uzglab\u0101\u0161anas un apstr\u0101des transportl\u012bdzek\u013cu efekt\u012bvai darb\u012bbai. To iztur\u012bg\u0101 konstrukcija, augst\u0101 kravnes\u012bba un vienm\u0113r\u012bg\u0101 darb\u012bba padara tos neaizst\u0101jamus da\u017e\u0101dos r\u016bpnieciskos pielietojumos. Izprotot to \u012bpa\u0161\u012bbas, pareizas lieto\u0161anas metodes un apkopes pras\u012bbas, operatori var maksim\u0101li palielin\u0101t savu cel\u0161anas iek\u0101rtu veiktsp\u0113ju un dro\u0161\u012bbu, galu gal\u0101 uzlabojot produktivit\u0101ti materi\u0101lu apstr\u0101des uzdevumos. Invest\u012bcijas augstas kvalit\u0101tes cel\u0161anas hidrauliskajos cilindros nodro\u0161ina uzticamu un efekt\u012bvu darb\u012bbu, kas ir \u013coti svar\u012bga jebkura uz\u0146\u0113muma pan\u0101kumiem.<\/p>\n<h1 style=\"text-align: center;\"><img loading=\"lazy\" decoding=\"async\" class=\"alignnone wp-image-17598\" src=\"https:\/\/www.hydraulic-cylinders.net\/wp-content\/uploads\/2025\/03\/Lifting-hydraulic-cylinders-for-Storage-and-handling-vehicle.jpg\" alt=\"\" width=\"500\" height=\"500\" srcset=\"https:\/\/www.hydraulic-cylinders.net\/wp-content\/uploads\/2025\/03\/Lifting-hydraulic-cylinders-for-Storage-and-handling-vehicle.jpg 500w, https:\/\/www.hydraulic-cylinders.net\/wp-content\/uploads\/2025\/03\/Lifting-hydraulic-cylinders-for-Storage-and-handling-vehicle-480x480.jpg 480w\" sizes=\"(min-width: 0px) and (max-width: 480px) 480px, (min-width: 481px) 500px, 100vw\" \/><\/h1>\n<p style=\"text-align: center;\"><strong>Pacel\u0161anas hidrauliskie cilindri uzglab\u0101\u0161anas un apstr\u0101des transportl\u012bdzek\u013ciem<\/strong><\/p>\n<h2><strong>Pacel\u0161anas hidrauliskie cilindri uzglab\u0101\u0161anas un apstr\u0101des transportl\u012bdzek\u013ciem <\/strong><strong>Tehnisk\u0101s specifik\u0101cijas<\/strong><strong>:<\/strong><\/h2>\n<p><strong>Funkcija:<\/strong> Izmanto, lai pan\u0101ktu dak\u0161as piln\u012bgu kust\u012bbu pa kreisi un pa labi<br \/>\n<strong>Cilindra diametrs:<\/strong> 70\u2013120 mm<br \/>\n<strong>Stie\u0146a diametrs:<\/strong> 30\u201360 mm<br \/>\n<strong>Ce\u013cojums:<\/strong> 300\u20131025 mm<br \/>\n<strong>Maksim\u0101lais spiediens:<\/strong> 21MPa<br \/>\n<strong>Maksim\u0101l\u0101 vilce:<\/strong> 238\u00a0kN<\/p>\n<h2><strong>Uzglab\u0101\u0161anas un apstr\u0101des transportl\u012bdzek\u013cu hidraulisko cilindru s\u0113rija:\u00a0<\/strong><\/h2>\n<h2><img loading=\"lazy\" decoding=\"async\" class=\"aligncenter wp-image-17600 size-full\" src=\"https:\/\/www.hydraulic-cylinders.net\/wp-content\/uploads\/2025\/03\/Storage-and-handling-vehicle-hydraulic-cylinders-construction.webp\" alt=\"\" width=\"640\" height=\"358\" srcset=\"https:\/\/www.hydraulic-cylinders.net\/wp-content\/uploads\/2025\/03\/Storage-and-handling-vehicle-hydraulic-cylinders-construction.webp 640w, https:\/\/www.hydraulic-cylinders.net\/wp-content\/uploads\/2025\/03\/Storage-and-handling-vehicle-hydraulic-cylinders-construction-480x269.webp 480w\" sizes=\"(min-width: 0px) and (max-width: 480px) 480px, (min-width: 481px) 640px, 100vw\" \/><\/h2>\n<h2><strong>Uzglab\u0101\u0161anas un apstr\u0101des transportl\u012bdzek\u013cu pacel\u0161anas hidraulisko cilindru galven\u0101s iez\u012bmes<\/strong><strong>:<\/strong><\/h2>\n<ul>\n<li><strong>Augsta kravnes\u012bba:<\/strong> Pacel\u0161anas hidrauliskie cilindri ir konstru\u0113ti, lai iztur\u0113tu iev\u0113rojamu svaru, nodro\u0161inot dro\u0161u un efekt\u012bvu darb\u012bbu pat vissare\u017e\u0123\u012bt\u0101kajos apst\u0101k\u013cos. \u0160\u012b sp\u0113ja ir b\u016btiska lielu pale\u0161u, konteineru un smaga apr\u012bkojuma efekt\u012bvai p\u0101rvieto\u0161anai, padarot tos neaizst\u0101jamus noliktav\u0101s un izplat\u012b\u0161anas centros. Nodro\u0161inot uzticamu celtsp\u0113ju, \u0161ie cilindri uzlabo kop\u0113jo produktivit\u0101ti un dro\u0161\u012bbu darb\u0101.<\/li>\n<li><strong>Iztur\u012bga konstrukcija:<\/strong> Cel\u0161anas hidrauliskie cilindri, kas izgatavoti no augstas iztur\u012bbas materi\u0101liem, ir paredz\u0113ti, lai iztur\u0113tu intens\u012bvu lieto\u0161anu un b\u016btu notur\u012bgi pret nodilumu. To iztur\u012bg\u0101 konstrukcija ne tikai pagarina to kalpo\u0161anas laiku, bet ar\u012b samazina nepiecie\u0161am\u012bbu p\u0113c bie\u017eas nomai\u0146as, padarot tos par rentablu risin\u0101jumu uz\u0146\u0113mumiem, kas pa\u013caujas uz smagu kravu cel\u0161anu. Invest\u012bcijas iztur\u012bgos cilindros noz\u012bm\u0113 maz\u0101k d\u012bkst\u0101ves laika un zem\u0101kas apkopes izmaksas, t\u0101d\u0113j\u0101di veicinot efekt\u012bv\u0101ku darb\u012bbu.<\/li>\n<li><strong>Vienm\u0113r\u012bga darb\u012bba:<\/strong> \u0160o cilindru hidraulisk\u0101 sist\u0113ma nodro\u0161ina vienm\u0113r\u012bgas un past\u0101v\u012bgas cel\u0161anas darb\u012bbas, iev\u0113rojami samazinot gr\u016bdienus un vibr\u0101cijas darb\u012bbas laik\u0101. \u0160\u012b vienm\u0113r\u012bg\u0101 darb\u012bba uzlabo dro\u0161\u012bbu, nodro\u0161inot lab\u0101ku kravas stabilit\u0101ti, samazinot negad\u012bjumu vai pre\u010du boj\u0101jumu risku. Operatori var pa\u013cauties uz \u0161iem cilindriem, lai veiktu uzdevumus prec\u012bzi, nodro\u0161inot, ka kravas tiek apstr\u0101d\u0101tas saudz\u012bgi un efekt\u012bvi.<\/li>\n<li><strong>Kompakts dizains:<\/strong> Pacel\u0161anas hidrauliskajiem cilindriem ir kompakts dizains, kas \u013cauj tos neman\u0101mi integr\u0113t da\u017e\u0101da veida uzglab\u0101\u0161anas un apstr\u0101des transportl\u012bdzek\u013cos. \u0160is vietu taupo\u0161ais dizains maksim\u0101li palielina transportl\u012bdzek\u013ca veikl\u012bbu, \u013caujot tam viegli p\u0101rvietoties \u0161aur\u0101s telp\u0101s. Operatori g\u016bst labumu no racionaliz\u0113tas konfigur\u0101cijas, kas uzlabo kop\u0113jo efektivit\u0101ti, \u013caujot \u0101tr\u0101k rea\u0123\u0113t strauji main\u012bg\u0101 vid\u0113.<\/li>\n<li><strong>Daudzpus\u012bgi pielietojumi:<\/strong> \u0160ie hidrauliskie cilindri ir sader\u012bgi ar pla\u0161u transportl\u012bdzek\u013cu tipu kl\u0101stu, tostarp iekr\u0101v\u0113jiem, pale\u0161u domkratiem un hidrauliskajiem pac\u0113l\u0101jiem. \u0160\u012b daudzpus\u012bba padara tos piem\u0113rotus da\u017e\u0101d\u0101m nozar\u0113m, s\u0101kot no lo\u0123istikas un ra\u017eo\u0161anas l\u012bdz b\u016bvniec\u012bbai un lauksaimniec\u012bbai. To sp\u0113ja piel\u0101goties da\u017e\u0101d\u0101m iek\u0101rtu vajadz\u012bb\u0101m noz\u012bm\u0113, ka uz\u0146\u0113mumi var standartiz\u0113t savas sast\u0101vda\u013cas, vienk\u0101r\u0161ojot apkopi un uzlabojot darb\u012bbas efektivit\u0101ti.<\/li>\n<\/ul>\n<h2><strong>Lieto\u0161anas gad\u012bjumi hidraulisko cilindru pacel\u0161anai uzglab\u0101\u0161anas un p\u0101rvieto\u0161anas transportl\u012bdzek\u013ciem<\/strong><strong>:<\/strong><\/h2>\n<p>Pacel\u0161anas hidrauliskie cilindri ir neat\u0146emama uzglab\u0101\u0161anas un apstr\u0101des transportl\u012bdzek\u013cu efekt\u012bvas darb\u012bbas sast\u0101vda\u013ca. To sp\u0113ja vienm\u0113r\u012bgi un dro\u0161i pacelt un nolaist smagas kravas padara tos par b\u016btiskiem da\u017e\u0101dos r\u016bpnieciskos pielietojumos. \u0160eit ir da\u017ei galvenie lieto\u0161anas gad\u012bjumi:<\/p>\n<h4>1. <strong>Noliktavas darb\u012bbas<\/strong><\/h4>\n<p>Noliktav\u0101s cel\u0161anas hidrauliskie cilindri ir \u013coti svar\u012bgi pale\u0161u p\u0101rvieto\u0161anai un sakrau\u0161anai. Tie \u013cauj iekr\u0101v\u0113jiem un pale\u0161u domkratiem pacelt smagas kravas uz augstiem plauktiem, optimiz\u0113jot vertik\u0101lo uzglab\u0101\u0161anas vietu un atvieglojot piek\u013cuvi kr\u0101jumiem.<\/p>\n<h4>2. <strong>Iekrau\u0161ana un izkrau\u0161ana<\/strong><\/h4>\n<p>Iekraujot vai izkraujot kravas automa\u0161\u012bnas, \u0161ie cilindri nodro\u0161ina nepiecie\u0161amo jaudu, lai efekt\u012bvi paceltu un nolaistu kravu. \u0160\u012b sp\u0113ja samazina \u0161iem uzdevumiem velt\u012bto laiku un samazina pre\u010du boj\u0101jumu risku.<\/p>\n<h4>3. <strong>Ra\u017eo\u0161anas iek\u0101rtas<\/strong><\/h4>\n<p>Ra\u017eo\u0161anas vid\u0113 cel\u0161anas hidrauliskie cilindri pal\u012bdz transport\u0113t komponentus starp da\u017e\u0101diem ra\u017eo\u0161anas posmiem. Tie \u013cauj prec\u012bzi pozicion\u0113t materi\u0101lus, uzlabojot darbpl\u016bsmu un produktivit\u0101ti mont\u0101\u017eas l\u012bnij\u0101s.<\/p>\n<h4>4. <strong>B\u016bvlaukumi<\/strong><\/h4>\n<p>B\u016bvlaukumos \u0161ie cilindri ir nepiecie\u0161ami smagu materi\u0101lu, piem\u0113ram, siju, betona bloku un apr\u012bkojuma, cel\u0161anai. Tie \u013cauj prec\u012bzi novietot kravas, uzlabojot dro\u0161\u012bbu un efektivit\u0101ti b\u016bvniec\u012bbas darbu laik\u0101.<\/p>\n<h4>5. <strong>Automobi\u013cu r\u016bpniec\u012bba<\/strong><\/h4>\n<p>Pacel\u0161anas hidrauliskos cilindrus izmanto automobi\u013cu mont\u0101\u017eas l\u012bnij\u0101s transportl\u012bdzek\u013cu vai deta\u013cu pacel\u0161anai ra\u017eo\u0161anas un remonta laik\u0101. To sp\u0113ja nodro\u0161in\u0101t stabilu cel\u0161anu padara tos ide\u0101li piem\u0113rotus uzdevumiem, kuriem nepiecie\u0161ama precizit\u0101te.<\/p>\n<p>Mekl\u0113jat jaud\u012bgus iekr\u0101v\u0113ju cilindrus? Apskatiet m\u016bsu <a href=\"https:\/\/www.hydraulic-cylinders.net\/lv\/forklift-hydraulic-cylinder\/\">Lieljaudas hidrauliskie cilindri<\/a>.<\/p>\n<h2><strong>Iekr\u0101v\u0113ja cilindru ra\u017eo\u0161anas zona:<\/strong><\/h2>\n<h2><img loading=\"lazy\" decoding=\"async\" class=\"alignnone size-full wp-image-16972\" src=\"https:\/\/www.hydraulic-cylinders.net\/wp-content\/uploads\/2025\/01\/hydraulic-cylinder-factory-1-scaled.webp\" sizes=\"(min-width: 0px) and (max-width: 480px) 480px, (min-width: 481px) and (max-width: 980px) 980px, (min-width: 981px) and (max-width: 1280px) 1280px, (min-width: 1281px) 2016px, 100vw\" srcset=\"https:\/\/www.hydraulic-cylinders.net\/wp-content\/uploads\/2025\/01\/hydraulic-cylinder-factory-1-scaled.webp 2016w, https:\/\/www.hydraulic-cylinders.net\/wp-content\/uploads\/2025\/01\/hydraulic-cylinder-factory-1-1280x1625.webp 1280w, https:\/\/www.hydraulic-cylinders.net\/wp-content\/uploads\/2025\/01\/hydraulic-cylinder-factory-1-980x1244.webp 980w, https:\/\/www.hydraulic-cylinders.net\/wp-content\/uploads\/2025\/01\/hydraulic-cylinder-factory-1-480x610.webp 480w\" alt=\"\" width=\"2016\" height=\"2560\" \/><\/h2>\n<p>Mums ir pirmklas\u012bga neatkar\u012bga p\u0113tniec\u012bbas un att\u012bst\u012bbas platforma mont\u0101\u017eai. Iekr\u0101v\u0113ju cilindru ra\u017eo\u0161anas ceh\u0101 ir \u010detras pusautom\u0101tiskas pacel\u0161anas cilindru mont\u0101\u017eas l\u012bnijas un piln\u012bb\u0101 autom\u0101tiska noliecamo cilindru mont\u0101\u017eas l\u012bnija ar projekt\u0113to gada ra\u017eo\u0161anas jaudu miljons vien\u012bbu. Speci\u0101laj\u0101 cilindru ceh\u0101 ir da\u017e\u0101du specifik\u0101ciju pusautom\u0101tiskas t\u012br\u012b\u0161anas un mont\u0101\u017eas sist\u0113mas ar projekt\u0113to gada ra\u017eo\u0161anas jaudu 200\u00a0000 vien\u012bbu. T\u0101 ir apr\u012bkota ar slavenu z\u012bmolu CNC apstr\u0101des iek\u0101rt\u0101m, apstr\u0101des centriem, speci\u0101lu apr\u012bkojumu augstas precizit\u0101tes cilindru apstr\u0101dei, robotiz\u0113t\u0101m metin\u0101\u0161anas iek\u0101rt\u0101m, autom\u0101tisk\u0101m t\u012br\u012b\u0161anas iek\u0101rt\u0101m, autom\u0101tisk\u0101m cilindru mont\u0101\u017eas iek\u0101rt\u0101m un autom\u0101tisk\u0101m kr\u0101so\u0161anas ra\u017eo\u0161anas l\u012bnij\u0101m. Mums darbojas vair\u0101k nek\u0101 300 galveno iek\u0101rtu komplekti. Optimiz\u0113ta iek\u0101rtu resursu sadale un efekt\u012bva izmanto\u0161ana nodro\u0161ina produktu precizit\u0101tes pras\u012bbas un atbilst\u012bbu augstaj\u0101m produktu kvalit\u0101tes pras\u012bb\u0101m.<\/p>\n<p>Apstr\u0101des cehs ir apr\u012bkots ar p\u0113c pas\u016bt\u012bjuma izgatavotiem sl\u012bpuma vadot\u0146u slie\u017eu virpo\u0161anas centriem, apstr\u0101des centriem, \u0101trgaitas asin\u0101\u0161anas ma\u0161\u012bn\u0101m, metin\u0101\u0161anas robotiem un citu atbilsto\u0161u apr\u012bkojumu, kas var apstr\u0101d\u0101t cilindriskas caurules ar maksim\u0101lo iek\u0161\u0113jo diametru 400 mm un maksim\u0101lo garumu 6 metri.<\/p>\n<h2><img loading=\"lazy\" decoding=\"async\" class=\"alignnone size-full wp-image-16973\" src=\"https:\/\/www.hydraulic-cylinders.net\/wp-content\/uploads\/2025\/01\/hydraulic-cylinder-factory-2-scaled.webp\" sizes=\"(min-width: 0px) and (max-width: 480px) 480px, (min-width: 481px) and (max-width: 980px) 980px, (min-width: 981px) and (max-width: 1280px) 1280px, (min-width: 1281px) 2011px, 100vw\" srcset=\"https:\/\/www.hydraulic-cylinders.net\/wp-content\/uploads\/2025\/01\/hydraulic-cylinder-factory-2-scaled.webp 2011w, https:\/\/www.hydraulic-cylinders.net\/wp-content\/uploads\/2025\/01\/hydraulic-cylinder-factory-2-1280x1629.webp 1280w, https:\/\/www.hydraulic-cylinders.net\/wp-content\/uploads\/2025\/01\/hydraulic-cylinder-factory-2-980x1248.webp 980w, https:\/\/www.hydraulic-cylinders.net\/wp-content\/uploads\/2025\/01\/hydraulic-cylinder-factory-2-480x611.webp 480w\" alt=\"\" width=\"2011\" height=\"2560\" \/><\/h2>\n<p>Mums ir piln\u012bb\u0101 autom\u0101tiska \u016bdens b\u0101zes kr\u0101so\u0161anas l\u012bnija maziem un vid\u0113jiem cilindriem, kas realiz\u0113 autom\u0101tiskus iekrau\u0161anas un izkrau\u0161anas, k\u0101 ar\u012b autom\u0101tiskos izsmidzin\u0101\u0161anas robotus ar projekt\u0113to ra\u017eo\u0161anas jaudu 4000 vietas mai\u0146\u0101. Mums ir v\u0113l viena pusautom\u0101tiska kr\u0101so\u0161anas l\u012bnija lielizm\u0113ra cilindriem, ko darbina sp\u0113ka \u0137\u0113de, un projekt\u0113t\u0101 jauda ir 60 kastes mai\u0146\u0101.<\/p>\n<p>Lai v\u0113l vair\u0101k uzlabotu produktu veiktsp\u0113ju un nostiprin\u0101tu m\u016bsu hidraulisko cilindru vado\u0161o poz\u012bciju nozar\u0113, m\u016bsu uz\u0146\u0113mums un zjimee kop\u012bgi izveidoja visaptvero\u0161u hidraulisko cilindru, hidraulisko v\u0101rstu un hidraulisko s\u016bk\u0146u veiktsp\u0113jas laboratoriju; laboratorij\u0101 tiek veikta datoriz\u0113ta test\u0113\u0161ana, izmantojot elektrohidraulisko tehnolo\u0123iju, testa apst\u0101k\u013cus iepriek\u0161 iestata dators, kas uzlabo testa precizit\u0101ti un sist\u0113mas daudzpus\u012bbu, k\u0101 ar\u012b eksperiment\u0101los datus.<\/p>\n<p>Autom\u0101tisk\u0101 datu v\u0101k\u0161ana tiek realiz\u0113ta, izmantojot sensorus, un izejas dati, piem\u0113ram, cilindra vai v\u0101rsta iek\u0161\u0113j\u0101 nopl\u016bde un slodzes efektivit\u0101te, tiek tie\u0161i apstr\u0101d\u0101ti dator\u0101 un konvert\u0113ti standarta m\u0113rvien\u012bb\u0101s (ml\/min\u00b3TP\u00b3T). Vienlaikus, lai nodro\u0161in\u0101tu hidraulisk\u0101s sist\u0113mas darba dro\u0161\u012bbu, tiek veikta st\u0101vok\u013ca uzraudz\u012bbas funkcija galvenajiem veiktsp\u0113jas parametriem, piem\u0113ram, \"e\u013c\u013cas temperat\u016bras uzraudz\u012bbai, \u0161\u0137idruma l\u012bme\u0146a uzraudz\u012bbai, filtra ier\u012bces uzraudz\u012bbai\" utt. Hidraulisk\u0101 cilindra testa stends var p\u0101rbaud\u012bt \"slodzes\" veiktsp\u0113ju.<br \/>\nefektivit\u0101te \"un\" iek\u0161\u0113j\u0101 nopl\u016bde\" p\u0113c nolas\u012bjumiem. Vienlaikus tas ir apr\u012bkots ar re\u017e\u0123a line\u0101la m\u0113rinstrumentu, kas atbilst visu hidraulisko cilindru izstr\u0101d\u0101jumu testa vien\u012bbu pras\u012bb\u0101m saska\u0146\u0101 ar valsts standartu.<\/p>\n<p>&nbsp;<\/p>","protected":false},"excerpt":{"rendered":"<p>Lifting Hydraulic Cylinders for Storage and Handling Vehicles Lifting hydraulic cylinders are essential components in storage and handling vehicles, enabling efficient lifting and lowering of heavy loads. These cylinders convert hydraulic pressure into mechanical force, providing the power necessary to perform a variety of tasks in warehouses, distribution centers, and manufacturing facilities. Their reliability and [&hellip;]<\/p>","protected":false},"featured_media":17599,"comment_status":"open","ping_status":"closed","template":"","meta":{"_et_pb_use_builder":"","_et_pb_old_content":"","_et_gb_content_width":""},"product_brand":[],"product_cat":[1484,1549],"product_tag":[],"class_list":{"0":"post-17596","1":"product","2":"type-product","3":"status-publish","4":"has-post-thumbnail","6":"product_cat-forklift-hydraulic-cylinders","7":"product_cat-single-acting-hydraulic-cylinder","9":"first","10":"instock","11":"shipping-taxable","12":"product-type-simple"},"amp_enabled":true,"_links":{"self":[{"href":"https:\/\/www.hydraulic-cylinders.net\/lv\/wp-json\/wp\/v2\/product\/17596","targetHints":{"allow":["GET"]}}],"collection":[{"href":"https:\/\/www.hydraulic-cylinders.net\/lv\/wp-json\/wp\/v2\/product"}],"about":[{"href":"https:\/\/www.hydraulic-cylinders.net\/lv\/wp-json\/wp\/v2\/types\/product"}],"replies":[{"embeddable":true,"href":"https:\/\/www.hydraulic-cylinders.net\/lv\/wp-json\/wp\/v2\/comments?post=17596"}],"wp:featuredmedia":[{"embeddable":true,"href":"https:\/\/www.hydraulic-cylinders.net\/lv\/wp-json\/wp\/v2\/media\/17599"}],"wp:attachment":[{"href":"https:\/\/www.hydraulic-cylinders.net\/lv\/wp-json\/wp\/v2\/media?parent=17596"}],"wp:term":[{"taxonomy":"product_brand","embeddable":true,"href":"https:\/\/www.hydraulic-cylinders.net\/lv\/wp-json\/wp\/v2\/product_brand?post=17596"},{"taxonomy":"product_cat","embeddable":true,"href":"https:\/\/www.hydraulic-cylinders.net\/lv\/wp-json\/wp\/v2\/product_cat?post=17596"},{"taxonomy":"product_tag","embeddable":true,"href":"https:\/\/www.hydraulic-cylinders.net\/lv\/wp-json\/wp\/v2\/product_tag?post=17596"}],"curies":[{"name":"wp","href":"https:\/\/api.w.org\/{rel}","templated":true}]}}