{"id":17601,"date":"2025-03-18T06:41:02","date_gmt":"2025-03-18T06:41:02","guid":{"rendered":"https:\/\/www.hydraulic-cylinders.net\/?post_type=product&#038;p=17601"},"modified":"2025-04-11T01:44:49","modified_gmt":"2025-04-11T01:44:49","slug":"lifting-hydraulic-cylinders-of-pallet-stacker-truck","status":"publish","type":"product","link":"https:\/\/www.hydraulic-cylinders.net\/lv\/products\/lifting-hydraulic-cylinders-of-pallet-stacker-truck\/","title":{"rendered":"Pale\u0161u kraut\u0146ot\u0101ja hidrauliskie cilindri"},"content":{"rendered":"<h1 style=\"text-align: center;\"><strong>Pale\u0161u kraut\u0146ot\u0101ja hidrauliskie cilindri<\/strong><\/h1>\n<p>Pacel\u0161anas hidrauliskie cilindri ir b\u016btiskas pale\u0161u kraut\u0146ot\u0101ju sast\u0101vda\u013cas, kas \u013cauj efekt\u012bvi pacelt un nolaist smagas kravas. \u0160ie cilindri p\u0101rveido hidraulisko spiedienu meh\u0101nisk\u0101 sp\u0113k\u0101, nodro\u0161inot nepiecie\u0161amo jaudu, lai viegli apstr\u0101d\u0101tu paletes un citus materi\u0101lus. To uzticam\u012bba un iztur\u012bg\u0101 konstrukcija padara tos par iz\u0161\u0137iro\u0161iem noliktavas darb\u012bbas optimiz\u0113\u0161anai un produktivit\u0101tes uzlabo\u0161anai.<\/p>\n<p>Pacel\u0161anas hidrauliskie cilindri ir vit\u0101li svar\u012bgi pale\u0161u kraut\u0146ot\u0101ju efekt\u012bvai darb\u012bbai. To augst\u0101 kravnes\u012bba, iztur\u012bg\u0101 konstrukcija un vienm\u0113r\u012bg\u0101 darb\u012bba padara tos neaizst\u0101jamus da\u017e\u0101dos r\u016bpnieciskos pielietojumos. Izprotot to \u012bpa\u0161\u012bbas, pareizas lieto\u0161anas metodes un apkopes pras\u012bbas, operatori var maksim\u0101li palielin\u0101t sava apr\u012bkojuma veiktsp\u0113ju un dro\u0161\u012bbu, galu gal\u0101 uzlabojot produktivit\u0101ti materi\u0101lu apstr\u0101des uzdevumos. Invest\u012bcijas augstas kvalit\u0101tes pacel\u0161anas hidrauliskajos cilindros nodro\u0161ina uzticamu un efekt\u012bvu darb\u012bbu, kas ir \u013coti svar\u012bga jebkura uz\u0146\u0113muma pan\u0101kumiem.<\/p>\n<h1 style=\"text-align: center;\"><img loading=\"lazy\" decoding=\"async\" class=\"alignnone wp-image-17603\" src=\"https:\/\/www.hydraulic-cylinders.net\/wp-content\/uploads\/2025\/03\/Lifting-hydraulic-cylinders-of-pallet-stacker-truck-scaled.webp\" alt=\"\" width=\"500\" height=\"500\" \/><\/h1>\n<p style=\"text-align: center;\"><strong>Pale\u0161u kraut\u0146ot\u0101ja hidrauliskie cilindri<\/strong><\/p>\n<h2><strong>Pale\u0161u kraut\u0146ot\u0101ja hidrauliskie cilindri\u00a0<\/strong><strong>Tehnisk\u0101s specifik\u0101cijas<\/strong><strong>:<\/strong><\/h2>\n<p><strong>Funkcija:<\/strong> Lai pan\u0101ktu port\u0101la pacel\u0161anas un nolai\u0161anas darb\u012bbu<br \/>\n<strong>Cilindra diametrs:<\/strong> 45 mm\u201356 mm<br \/>\n<strong>Stie\u0146a diametrs:<\/strong> 35 mm\u201340 mm<br \/>\n<strong>Ce\u013cojums:<\/strong> 500 mm\u20131950 mm<br \/>\n<strong>Maksim\u0101lais spiediens:<\/strong> 20MPa<br \/>\n<strong>Maksim\u0101l\u0101 vilce:<\/strong> 493KN<\/p>\n<h2><strong>Pale\u0161u kraut\u0146ot\u0101ju hidraulisko cilindru s\u0113rija:\u00a0<\/strong><\/h2>\n<h2><img loading=\"lazy\" decoding=\"async\" class=\"alignnone size-full wp-image-17605\" src=\"https:\/\/www.hydraulic-cylinders.net\/wp-content\/uploads\/2025\/03\/Hydraulic-cylinders-of-pallet-stacker-truck-construction.webp\" alt=\"Pale\u0161u kraut\u0146ot\u0101ju konstrukcijas hidrauliskie cilindri\" width=\"1100\" height=\"615\" srcset=\"https:\/\/www.hydraulic-cylinders.net\/wp-content\/uploads\/2025\/03\/Hydraulic-cylinders-of-pallet-stacker-truck-construction.webp 1100w, https:\/\/www.hydraulic-cylinders.net\/wp-content\/uploads\/2025\/03\/Hydraulic-cylinders-of-pallet-stacker-truck-construction-980x548.webp 980w, https:\/\/www.hydraulic-cylinders.net\/wp-content\/uploads\/2025\/03\/Hydraulic-cylinders-of-pallet-stacker-truck-construction-480x268.webp 480w\" sizes=\"(min-width: 0px) and (max-width: 480px) 480px, (min-width: 481px) and (max-width: 980px) 980px, (min-width: 981px) 1100px, 100vw\" \/><\/h2>\n<h2><strong>Pale\u0161u kraut\u0146ot\u0101ju hidraulisko cilindru galven\u0101s iez\u012bmes<\/strong><strong>:<\/strong><\/h2>\n<ul>\n<li><strong>Augsta kravnes\u012bba:<\/strong> Cel\u0161anas hidrauliskie cilindri, kas ir izstr\u0101d\u0101ti iev\u0113rojama svara iztur\u0113\u0161anai, nodro\u0161ina dro\u0161u un efekt\u012bvu darb\u012bbu pat pie liel\u0101m slodz\u0113m. \u0160\u012b sp\u0113ja ir b\u016btiska, lai nov\u0113rstu negad\u012bjumus darba viet\u0101 un uzlabotu materi\u0101lu apstr\u0101des efektivit\u0101ti.<\/li>\n<li><strong>Iztur\u012bga konstrukcija:<\/strong> \u0160ie cilindri, kas izgatavoti no augstas iztur\u012bbas materi\u0101liem, ir iztur\u012bgi pret nodilumu, nodro\u0161inot ilgsto\u0161u veiktsp\u0113ju. To robust\u0101 konstrukcija samazina boj\u0101jumu risku, padarot tos par rentablu risin\u0101jumu uz\u0146\u0113mumiem, kas pa\u013caujas uz smagu kravu cel\u0161anu.<\/li>\n<li><strong>Vienm\u0113r\u012bga darb\u012bba:<\/strong> Hidraulisk\u0101 sist\u0113ma nodro\u0161ina vienm\u0113r\u012bgas un past\u0101v\u012bgas cel\u0161anas darb\u012bbas, samazinot gr\u016bdienus un vibr\u0101cijas. \u0160\u012b funkcija uzlabo dro\u0161\u012bbu un uzlabo kravas stabilit\u0101ti ekspluat\u0101cijas laik\u0101, \u013caujot prec\u012bzi r\u012bkoties.<\/li>\n<li><strong>Kompakts dizains:<\/strong> Pacel\u0161anas hidrauliskie cilindri ir pieejami kompaktos izm\u0113ros, kas atvieglo integr\u0113\u0161anu da\u017e\u0101dos pale\u0161u kraut\u0146ot\u0101ju mode\u013cos. \u0160\u012b konstrukcija maksim\u0101li palielina telpas efektivit\u0101ti, vienlaikus saglab\u0101jot veikl\u012bbu un manevr\u0113tsp\u0113ju.<\/li>\n<li><strong>Daudzpus\u012bgi pielietojumi:<\/strong> \u0160ie hidrauliskie cilindri, kas ir sader\u012bgi ar vair\u0101ku veidu pale\u0161u kraut\u0146ot\u0101jiem, ir piem\u0113roti da\u017e\u0101d\u0101m nozar\u0113m, tostarp lo\u0123istikai, ra\u017eo\u0161anai un mazumtirdzniec\u012bbai. \u0160\u012b daudzpus\u012bba uzlabo to lietder\u012bbu da\u017e\u0101d\u0101s ekspluat\u0101cijas vajadz\u012bb\u0101s.<\/li>\n<\/ul>\n<h2><strong>Pale\u0161u rati\u0146u hidraulisko cilindru pacel\u0161anas gad\u012bjumu lieto\u0161anas gad\u012bjumi<\/strong><strong>:<\/strong><\/h2>\n<p>Pacel\u0161anas hidrauliskie cilindri ir pale\u0161u kraut\u0146ot\u0101ju kritiski svar\u012bgas sast\u0101vda\u013cas, kas \u013cauj tiem veikt da\u017e\u0101dus svar\u012bgus uzdevumus materi\u0101lu apstr\u0101d\u0113 un lo\u0123istik\u0101. \u0160eit ir vair\u0101ki galvenie lieto\u0161anas gad\u012bjumi:<\/p>\n<h4>1. <strong>Noliktavas krau\u0161ana un izg\u016b\u0161ana<\/strong><\/h4>\n<p>Pale\u0161u kraut\u0146ot\u0101ji, kas apr\u012bkoti ar pacel\u0161anas hidrauliskajiem cilindriem, efekt\u012bvi sakrauj un iz\u0146em paletes no augstiem noliktavu plauktiem. Cilindri nodro\u0161ina vienm\u0113r\u012bgu pacel\u0161anu un nolai\u0161anu, optimiz\u0113jot vertik\u0101lo uzglab\u0101\u0161anas vietu un atvieglojot \u0101tru piek\u013cuvi invent\u0101ram.<\/p>\n<h4>2. <strong>Iekrau\u0161anas un izkrau\u0161anas oper\u0101cijas<\/strong><\/h4>\n<p>Iekrau\u0161anas un izkrau\u0161anas laik\u0101 izplat\u012b\u0161anas centros vai mazumtirdzniec\u012bbas viet\u0101s \u0161ie hidrauliskie cilindri \u013cauj prec\u012bzi pozicion\u0113t paletes. \u0160\u012b iesp\u0113ja samazina pre\u010du boj\u0101jumu risku un samazina \u0161\u012bm darb\u012bb\u0101m nepiecie\u0161amo laiku.<\/p>\n<h4>3. <strong>Pas\u016bt\u012bjumu komplekt\u0113\u0161ana<\/strong><\/h4>\n<p>Vid\u0113s, kur nepiecie\u0161ama pas\u016bt\u012bjumu komplekt\u0113\u0161ana, pale\u0161u kraut\u0146ot\u0101ji ar pacel\u0161anas hidrauliskajiem cilindriem var pacelt dak\u0161as atbilsto\u0161\u0101 augstum\u0101, lai piek\u013c\u016btu konkr\u0113tiem priek\u0161metiem. \u0160\u012b funkcija uzlabo efektivit\u0101ti un precizit\u0101ti klientu pas\u016bt\u012bjumu izpild\u0113.<\/p>\n<h4>4. <strong>Krosdocking<\/strong><\/h4>\n<p>Krosdoko\u0161anas oper\u0101cij\u0101s, kur produkti tiek tie\u0161i p\u0101rvietoti no ien\u0101ko\u0161\u0101s uz izejo\u0161o transport\u0113\u0161anas vien\u012bbu, pacel\u0161anas hidrauliskie cilindri atvieglo pale\u0161u \u0101tru un efekt\u012bvu p\u0101rvieto\u0161anu. Tas samazina apstr\u0101des laiku un uzlabo kop\u0113jo lo\u0123istikas efektivit\u0101ti.<\/p>\n<h4>5. <strong>Materi\u0101lu apstr\u0101de ra\u017eo\u0161an\u0101<\/strong><\/h4>\n<p>Ra\u017eo\u0161anas uz\u0146\u0113mumos pale\u0161u kraut\u0146ot\u0101ji bie\u017ei p\u0101rvad\u0101 izejvielas un gatav\u0101s preces. Pacel\u0161anas hidrauliskie cilindri \u013cauj iekr\u0101v\u0113jiem dro\u0161i p\u0101rvietot smagas kravas starp da\u017e\u0101d\u0101m ra\u017eo\u0161anas zon\u0101m, saglab\u0101jot vienm\u0113r\u012bgu darbpl\u016bsmu.<\/p>\n<p>Mekl\u0113jat jaud\u012bgus iekr\u0101v\u0113ju cilindrus? Apskatiet m\u016bsu <a href=\"https:\/\/www.hydraulic-cylinders.net\/lv\/forklift-hydraulic-cylinder\/\">Lieljaudas hidrauliskie cilindri<\/a>.<\/p>\n<h2><strong>Iekr\u0101v\u0113ja cilindru ra\u017eo\u0161anas zona:<\/strong><\/h2>\n<h2><img loading=\"lazy\" decoding=\"async\" class=\"alignnone size-full wp-image-16972\" src=\"https:\/\/www.hydraulic-cylinders.net\/wp-content\/uploads\/2025\/01\/hydraulic-cylinder-factory-1-scaled.webp\" sizes=\"(min-width: 0px) and (max-width: 480px) 480px, (min-width: 481px) and (max-width: 980px) 980px, (min-width: 981px) and (max-width: 1280px) 1280px, (min-width: 1281px) 2016px, 100vw\" srcset=\"https:\/\/www.hydraulic-cylinders.net\/wp-content\/uploads\/2025\/01\/hydraulic-cylinder-factory-1-scaled.webp 2016w, https:\/\/www.hydraulic-cylinders.net\/wp-content\/uploads\/2025\/01\/hydraulic-cylinder-factory-1-1280x1625.webp 1280w, https:\/\/www.hydraulic-cylinders.net\/wp-content\/uploads\/2025\/01\/hydraulic-cylinder-factory-1-980x1244.webp 980w, https:\/\/www.hydraulic-cylinders.net\/wp-content\/uploads\/2025\/01\/hydraulic-cylinder-factory-1-480x610.webp 480w\" alt=\"\" width=\"2016\" height=\"2560\" \/><\/h2>\n<p>Mums ir pirmklas\u012bga neatkar\u012bga p\u0113tniec\u012bbas un att\u012bst\u012bbas platforma mont\u0101\u017eai. Iekr\u0101v\u0113ju cilindru ra\u017eo\u0161anas ceh\u0101 ir \u010detras pusautom\u0101tiskas pacel\u0161anas cilindru mont\u0101\u017eas l\u012bnijas un piln\u012bb\u0101 autom\u0101tiska noliecamo cilindru mont\u0101\u017eas l\u012bnija ar projekt\u0113to gada ra\u017eo\u0161anas jaudu miljons vien\u012bbu. Speci\u0101laj\u0101 cilindru ceh\u0101 ir da\u017e\u0101du specifik\u0101ciju pusautom\u0101tiskas t\u012br\u012b\u0161anas un mont\u0101\u017eas sist\u0113mas ar projekt\u0113to gada ra\u017eo\u0161anas jaudu 200\u00a0000 vien\u012bbu. T\u0101 ir apr\u012bkota ar slavenu z\u012bmolu CNC apstr\u0101des iek\u0101rt\u0101m, apstr\u0101des centriem, speci\u0101lu apr\u012bkojumu augstas precizit\u0101tes cilindru apstr\u0101dei, robotiz\u0113t\u0101m metin\u0101\u0161anas iek\u0101rt\u0101m, autom\u0101tisk\u0101m t\u012br\u012b\u0161anas iek\u0101rt\u0101m, autom\u0101tisk\u0101m cilindru mont\u0101\u017eas iek\u0101rt\u0101m un autom\u0101tisk\u0101m kr\u0101so\u0161anas ra\u017eo\u0161anas l\u012bnij\u0101m. Mums darbojas vair\u0101k nek\u0101 300 galveno iek\u0101rtu komplekti. Optimiz\u0113ta iek\u0101rtu resursu sadale un efekt\u012bva izmanto\u0161ana nodro\u0161ina produktu precizit\u0101tes pras\u012bbas un atbilst\u012bbu augstaj\u0101m produktu kvalit\u0101tes pras\u012bb\u0101m.<\/p>\n<p>Apstr\u0101des cehs ir apr\u012bkots ar p\u0113c pas\u016bt\u012bjuma izgatavotiem sl\u012bpuma vadot\u0146u slie\u017eu virpo\u0161anas centriem, apstr\u0101des centriem, \u0101trgaitas asin\u0101\u0161anas ma\u0161\u012bn\u0101m, metin\u0101\u0161anas robotiem un citu atbilsto\u0161u apr\u012bkojumu, kas var apstr\u0101d\u0101t cilindriskas caurules ar maksim\u0101lo iek\u0161\u0113jo diametru 400 mm un maksim\u0101lo garumu 6 metri.<\/p>\n<h2><img loading=\"lazy\" decoding=\"async\" class=\"alignnone size-full wp-image-16973\" src=\"https:\/\/www.hydraulic-cylinders.net\/wp-content\/uploads\/2025\/01\/hydraulic-cylinder-factory-2-scaled.webp\" sizes=\"(min-width: 0px) and (max-width: 480px) 480px, (min-width: 481px) and (max-width: 980px) 980px, (min-width: 981px) and (max-width: 1280px) 1280px, (min-width: 1281px) 2011px, 100vw\" srcset=\"https:\/\/www.hydraulic-cylinders.net\/wp-content\/uploads\/2025\/01\/hydraulic-cylinder-factory-2-scaled.webp 2011w, https:\/\/www.hydraulic-cylinders.net\/wp-content\/uploads\/2025\/01\/hydraulic-cylinder-factory-2-1280x1629.webp 1280w, https:\/\/www.hydraulic-cylinders.net\/wp-content\/uploads\/2025\/01\/hydraulic-cylinder-factory-2-980x1248.webp 980w, https:\/\/www.hydraulic-cylinders.net\/wp-content\/uploads\/2025\/01\/hydraulic-cylinder-factory-2-480x611.webp 480w\" alt=\"\" width=\"2011\" height=\"2560\" \/><\/h2>\n<p>Mums ir piln\u012bb\u0101 autom\u0101tiska \u016bdens b\u0101zes kr\u0101so\u0161anas l\u012bnija maziem un vid\u0113jiem cilindriem, kas realiz\u0113 autom\u0101tiskus iekrau\u0161anas un izkrau\u0161anas, k\u0101 ar\u012b autom\u0101tiskos izsmidzin\u0101\u0161anas robotus ar projekt\u0113to ra\u017eo\u0161anas jaudu 4000 vietas mai\u0146\u0101. Mums ir v\u0113l viena pusautom\u0101tiska kr\u0101so\u0161anas l\u012bnija lielizm\u0113ra cilindriem, ko darbina sp\u0113ka \u0137\u0113de, un projekt\u0113t\u0101 jauda ir 60 kastes mai\u0146\u0101.<\/p>\n<p>Lai v\u0113l vair\u0101k uzlabotu produktu veiktsp\u0113ju un nostiprin\u0101tu m\u016bsu hidraulisko cilindru vado\u0161o poz\u012bciju nozar\u0113, m\u016bsu uz\u0146\u0113mums un zjimee kop\u012bgi izveidoja visaptvero\u0161u hidraulisko cilindru, hidraulisko v\u0101rstu un hidraulisko s\u016bk\u0146u veiktsp\u0113jas laboratoriju; laboratorij\u0101 tiek veikta datoriz\u0113ta test\u0113\u0161ana, izmantojot elektrohidraulisko tehnolo\u0123iju, testa apst\u0101k\u013cus iepriek\u0161 iestata dators, kas uzlabo testa precizit\u0101ti un sist\u0113mas daudzpus\u012bbu, k\u0101 ar\u012b eksperiment\u0101los datus.<\/p>\n<p>Autom\u0101tisk\u0101 datu v\u0101k\u0161ana tiek realiz\u0113ta, izmantojot sensorus, un izejas dati, piem\u0113ram, cilindra vai v\u0101rsta iek\u0161\u0113j\u0101 nopl\u016bde un slodzes efektivit\u0101te, tiek tie\u0161i apstr\u0101d\u0101ti dator\u0101 un konvert\u0113ti standarta m\u0113rvien\u012bb\u0101s (ml\/min\u00b3TP\u00b3T). Vienlaikus, lai nodro\u0161in\u0101tu hidraulisk\u0101s sist\u0113mas darba dro\u0161\u012bbu, tiek veikta st\u0101vok\u013ca uzraudz\u012bbas funkcija galvenajiem veiktsp\u0113jas parametriem, piem\u0113ram, \"e\u013c\u013cas temperat\u016bras uzraudz\u012bbai, \u0161\u0137idruma l\u012bme\u0146a uzraudz\u012bbai, filtra ier\u012bces uzraudz\u012bbai\" utt. Hidraulisk\u0101 cilindra testa stends var p\u0101rbaud\u012bt \"slodzes\" veiktsp\u0113ju.<br \/>\nefektivit\u0101te \"un\" iek\u0161\u0113j\u0101 nopl\u016bde\" p\u0113c nolas\u012bjumiem. Vienlaikus tas ir apr\u012bkots ar re\u017e\u0123a line\u0101la m\u0113rinstrumentu, kas atbilst visu hidraulisko cilindru izstr\u0101d\u0101jumu testa vien\u012bbu pras\u012bb\u0101m saska\u0146\u0101 ar valsts standartu.<\/p>\n<p>&nbsp;<\/p>","protected":false},"excerpt":{"rendered":"<p>Lifting Hydraulic Cylinders of Pallet Stacker Truck Lifting hydraulic cylinders are essential components of pallet stacker trucks, enabling efficient lifting and lowering of heavy loads. These cylinders convert hydraulic pressure into mechanical force, providing the power necessary to handle pallets and other materials with ease. Their reliability and robust design make them crucial for optimizing [&hellip;]<\/p>","protected":false},"featured_media":17604,"comment_status":"open","ping_status":"closed","template":"","meta":{"_et_pb_use_builder":"","_et_pb_old_content":"","_et_gb_content_width":""},"product_brand":[],"product_cat":[1484,1549,1376],"product_tag":[],"class_list":{"0":"post-17601","1":"product","2":"type-product","3":"status-publish","4":"has-post-thumbnail","6":"product_cat-forklift-hydraulic-cylinders","7":"product_cat-single-acting-hydraulic-cylinder","8":"product_cat-hydraulic-cylinder","10":"first","11":"instock","12":"shipping-taxable","13":"product-type-simple"},"amp_enabled":true,"_links":{"self":[{"href":"https:\/\/www.hydraulic-cylinders.net\/lv\/wp-json\/wp\/v2\/product\/17601","targetHints":{"allow":["GET"]}}],"collection":[{"href":"https:\/\/www.hydraulic-cylinders.net\/lv\/wp-json\/wp\/v2\/product"}],"about":[{"href":"https:\/\/www.hydraulic-cylinders.net\/lv\/wp-json\/wp\/v2\/types\/product"}],"replies":[{"embeddable":true,"href":"https:\/\/www.hydraulic-cylinders.net\/lv\/wp-json\/wp\/v2\/comments?post=17601"}],"wp:featuredmedia":[{"embeddable":true,"href":"https:\/\/www.hydraulic-cylinders.net\/lv\/wp-json\/wp\/v2\/media\/17604"}],"wp:attachment":[{"href":"https:\/\/www.hydraulic-cylinders.net\/lv\/wp-json\/wp\/v2\/media?parent=17601"}],"wp:term":[{"taxonomy":"product_brand","embeddable":true,"href":"https:\/\/www.hydraulic-cylinders.net\/lv\/wp-json\/wp\/v2\/product_brand?post=17601"},{"taxonomy":"product_cat","embeddable":true,"href":"https:\/\/www.hydraulic-cylinders.net\/lv\/wp-json\/wp\/v2\/product_cat?post=17601"},{"taxonomy":"product_tag","embeddable":true,"href":"https:\/\/www.hydraulic-cylinders.net\/lv\/wp-json\/wp\/v2\/product_tag?post=17601"}],"curies":[{"name":"wp","href":"https:\/\/api.w.org\/{rel}","templated":true}]}}