{"id":17606,"date":"2025-03-18T06:59:19","date_gmt":"2025-03-18T06:59:19","guid":{"rendered":"https:\/\/www.hydraulic-cylinders.net\/?post_type=product&#038;p=17606"},"modified":"2025-04-11T01:44:46","modified_gmt":"2025-04-11T01:44:46","slug":"lift-hydraulic-cylinders-for-forward-moving-forklift","status":"publish","type":"product","link":"https:\/\/www.hydraulic-cylinders.net\/lv\/products\/lift-hydraulic-cylinders-for-forward-moving-forklift\/","title":{"rendered":"Pacel\u0161anas hidrauliskie cilindri uz priek\u0161u p\u0101rvietojamam iekr\u0101v\u0113jam"},"content":{"rendered":"<h1 style=\"text-align: center;\"><strong>Pacel\u0161anas hidrauliskie cilindri uz priek\u0161u p\u0101rvietojamam iekr\u0101v\u0113jam<\/strong><\/h1>\n<p>Pacel\u0161anas hidrauliskie cilindri ir b\u016btiskas uz priek\u0161u brauco\u0161u iekr\u0101v\u0113ju sast\u0101vda\u013cas, kas nodro\u0161ina nepiecie\u0161amo celtsp\u0113ju, lai efekt\u012bvi apstr\u0101d\u0101tu smagas kravas. \u0160ie cilindri p\u0101rveido hidraulisko spiedienu meh\u0101nisk\u0101 sp\u0113k\u0101, \u013caujot iekr\u0101v\u0113jiem prec\u012bzi pacelt un nolaist kravas. To robust\u0101 konstrukcija un uzticam\u0101 veiktsp\u0113ja padara tos neaizst\u0101jamus da\u017e\u0101dos r\u016bpnieciskos pielietojumos, uzlabojot produktivit\u0101ti un dro\u0161\u012bbu.<\/p>\n<p>Pacel\u0161anas hidrauliskie cilindri ir vit\u0101li svar\u012bgi efekt\u012bvai uz priek\u0161u brauco\u0161u iekr\u0101v\u0113ju darb\u012bbai. To augst\u0101 kravnes\u012bba, iztur\u012bg\u0101 konstrukcija un vienm\u0113r\u012bg\u0101 darb\u012bba padara tos neaizst\u0101jamus da\u017e\u0101dos r\u016bpnieciskos pielietojumos. Izprotot to \u012bpa\u0161\u012bbas, pareizas lieto\u0161anas metodes un apkopes pras\u012bbas, operatori var maksim\u0101li palielin\u0101t sava apr\u012bkojuma veiktsp\u0113ju un dro\u0161\u012bbu, galu gal\u0101 uzlabojot produktivit\u0101ti materi\u0101lu apstr\u0101des uzdevumos. Invest\u012bcijas augstas kvalit\u0101tes pacel\u0161anas hidrauliskajos cilindros nodro\u0161ina uzticamu un efekt\u012bvu darb\u012bbu, kas ir \u013coti svar\u012bga jebkura uz\u0146\u0113muma pan\u0101kumiem.<\/p>\n<h1 style=\"text-align: center;\"><img loading=\"lazy\" decoding=\"async\" class=\"alignnone wp-image-17609\" src=\"https:\/\/www.hydraulic-cylinders.net\/wp-content\/uploads\/2025\/03\/Lift-hydraulic-cylinders-for-Forward-moving-forklift--scaled.webp\" alt=\"\" width=\"500\" height=\"500\" \/><\/h1>\n<p style=\"text-align: center;\"><strong>Pale\u0161u kraut\u0146ot\u0101ja hidrauliskie cilindri<\/strong><\/p>\n<h2><strong>Pacel\u0161anas hidrauliskie cilindri uz priek\u0161u p\u0101rvietojamam iekr\u0101v\u0113jam <\/strong><strong>Tehnisk\u0101s specifik\u0101cijas<\/strong><strong>:<\/strong><\/h2>\n<p><strong>Funkcija:<\/strong> Lai pan\u0101ktu port\u0101la pacel\u0161anas un nolai\u0161anas darb\u012bbu<br \/>\n<strong>Cilindra diametrs:<\/strong> 45\u201375 mm<br \/>\n<strong>Stie\u0146a diametrs:<\/strong> 45\u201365 mm<br \/>\n<strong>Ce\u013cojums:<\/strong> 500\u20133980 mm<br \/>\n<strong>Maksim\u0101lais spiediens:<\/strong> 21MPa<br \/>\n<strong>Maksim\u0101l\u0101 vilce:<\/strong> 93\u00a0KN<\/p>\n<h2><strong>Uz priek\u0161u p\u0101rvietojamu iekr\u0101v\u0113ju cilindru s\u0113rija:\u00a0<\/strong><\/h2>\n<h2><img loading=\"lazy\" decoding=\"async\" class=\"alignnone size-full wp-image-17611\" src=\"https:\/\/www.hydraulic-cylinders.net\/wp-content\/uploads\/2025\/03\/Forward-moving-forklift-hydraulic-cylinders-construction.webp\" alt=\"Uz priek\u0161u kust\u012bgu iekr\u0101v\u0113ju hidraulisko cilindru konstrukcija\" width=\"1100\" height=\"615\" srcset=\"https:\/\/www.hydraulic-cylinders.net\/wp-content\/uploads\/2025\/03\/Forward-moving-forklift-hydraulic-cylinders-construction.webp 1100w, https:\/\/www.hydraulic-cylinders.net\/wp-content\/uploads\/2025\/03\/Forward-moving-forklift-hydraulic-cylinders-construction-980x548.webp 980w, https:\/\/www.hydraulic-cylinders.net\/wp-content\/uploads\/2025\/03\/Forward-moving-forklift-hydraulic-cylinders-construction-480x268.webp 480w\" sizes=\"(min-width: 0px) and (max-width: 480px) 480px, (min-width: 481px) and (max-width: 980px) 980px, (min-width: 981px) 1100px, 100vw\" \/><\/h2>\n<h2><strong>Pacel\u0161anas hidraulisko cilindru galven\u0101s iez\u012bmes uz priek\u0161u p\u0101rvietojamam iekr\u0101v\u0113jam<\/strong><strong>:<\/strong><\/h2>\n<ul>\n<li><strong>Augsta kravnes\u012bba:<\/strong> Pacel\u0161anas hidrauliskie cilindri ir \u012bpa\u0161i izstr\u0101d\u0101ti iev\u0113rojama svara apstr\u0101dei, nodro\u0161inot nepiecie\u0161amo iztur\u012bbu, lai dro\u0161i paceltu smagas kravas. \u0160\u012b sp\u0113ja ir \u013coti svar\u012bga negad\u012bjumu nov\u0113r\u0161an\u0101, jo t\u0101 nodro\u0161ina, ka iekr\u0101v\u0113js darbojas savas slodzes robe\u017e\u0101s. Veicinot efekt\u012bvu materi\u0101lu apstr\u0101di, \u0161ie cilindri uzlabo produktivit\u0101ti un samazina cel\u0161anas uzdevumiem nepiecie\u0161amo laiku, \u013caujot operatoriem koncentr\u0113ties uz cit\u0101m b\u016btisk\u0101m darb\u012bb\u0101m.<\/li>\n<li><strong>Iztur\u012bga konstrukcija:<\/strong> Pacel\u0161anas hidrauliskie cilindri, kas izgatavoti no augstas iztur\u012bbas materi\u0101liem, ir iztur\u012bgi pret nodilumu pat vissare\u017e\u0123\u012bt\u0101kajos apst\u0101k\u013cos. To iztur\u012bg\u0101 konstrukcija ne tikai nodro\u0161ina ilgsto\u0161u veiktsp\u0113ju, bet ar\u012b iev\u0113rojami samazina meh\u0101nisku boj\u0101jumu risku. \u0160\u012b iztur\u012bba noz\u012bm\u0113 zem\u0101kas apkopes izmaksas un maz\u0101ku d\u012bkst\u0101ves laiku, padarot \u0161os cilindrus par rentablu izv\u0113li uz\u0146\u0113mumiem, kas mekl\u0113 uzticamu apr\u012bkojumu, kas iztur ikdienas lieto\u0161anas slodzi.<\/li>\n<li><strong>Vienm\u0113r\u012bga darb\u012bba:<\/strong> \u0160o cilindru hidraulisk\u0101 sist\u0113ma nodro\u0161ina vienm\u0113r\u012bgas un vienm\u0113r\u012bgas pacel\u0161anas un nolai\u0161anas darb\u012bbas, kas ir \u013coti svar\u012bgi kravas stabilit\u0101tes saglab\u0101\u0161anai. Samazinot gr\u016bdienus un vibr\u0101cijas darb\u012bbas laik\u0101, pacel\u0161anas hidrauliskie cilindri uzlabo gan operatora, gan apk\u0101rt\u0113j\u0101 person\u0101la dro\u0161\u012bbu. \u0160\u012b vienm\u0113r\u012bg\u0101 darb\u012bba ar\u012b veicina lab\u0101ku kontroli, str\u0101d\u0101jot ar jut\u012bgiem vai trausliem materi\u0101liem, nodro\u0161inot to dro\u0161\u012bbu vis\u0101 cel\u0161anas proces\u0101.<\/li>\n<li><strong>Kompakts dizains:<\/strong> Pacel\u0161anas hidrauliskie cilindri ir pieejami da\u017e\u0101dos izm\u0113ros, lai tie b\u016btu piem\u0113roti da\u017e\u0101diem iekr\u0101v\u0113ju mode\u013ciem, nodro\u0161inot neman\u0101mu integr\u0101ciju eso\u0161aj\u0101 apr\u012bkojum\u0101. \u0160is kompaktais dizains neietekm\u0113 transportl\u012bdzek\u013ca manevr\u0113tsp\u0113ju, \u013caujot operatoriem viegli p\u0101rvietoties \u0161aur\u0101s telp\u0101s. \u0160o cilindru piel\u0101gojam\u012bba nodro\u0161ina, ka tos var izmantot da\u017e\u0101dos pielietojumos, neprasot b\u016btiskas iekr\u0101v\u0113ja modifik\u0101cijas.<\/li>\n<li><strong>Daudzpus\u012bgi pielietojumi:<\/strong> \u0160ie hidrauliskie cilindri ir piem\u0113roti pla\u0161am nozaru kl\u0101stam, tostarp lo\u0123istikai, ra\u017eo\u0161anai un b\u016bvniec\u012bbai. To daudzpus\u012bba padara tos piel\u0101gojamus da\u017e\u0101d\u0101m darb\u012bbas vajadz\u012bb\u0101m, s\u0101kot no noliktavu krau\u0161anas un iz\u0146em\u0161anas l\u012bdz smagu kravu cel\u0161anai b\u016bvlaukumos. \u0160\u012b pla\u0161\u0101 piem\u0113rojam\u012bba \u013cauj uz\u0146\u0113mumiem izmantot pacel\u0161anas hidrauliskos cilindrus da\u017e\u0101dos apst\u0101k\u013cos, optimiz\u0113jot materi\u0101lu apstr\u0101des procesus un uzlabojot kop\u0113jo efektivit\u0101ti.<\/li>\n<\/ul>\n<h2><strong>Izmantojiet pacel\u0161anas hidraulisko cilindru korpusus uz priek\u0161u p\u0101rvietojamam iekr\u0101v\u0113jam<\/strong><strong>:<\/strong><\/h2>\n<p>Pacel\u0161anas hidrauliskajiem cilindriem ir iz\u0161\u0137iro\u0161a noz\u012bme uz priek\u0161u brauco\u0161u iekr\u0101v\u0113ju funkcionalit\u0101tes un efektivit\u0101tes uzlabo\u0161an\u0101. \u0160eit ir da\u017ei galvenie lieto\u0161anas gad\u012bjumi, kas izce\u013c to noz\u012bmi da\u017e\u0101d\u0101s nozar\u0113s:<\/p>\n<h3>1. <strong>Noliktavas darb\u012bbas<\/strong><\/h3>\n<p>Noliktav\u0101s pacel\u0161anas hidrauliskie cilindri \u013cauj iekr\u0101v\u0113jiem sakraut un izkraut paletes da\u017e\u0101dos augstumos. \u0160\u012b iesp\u0113ja optimiz\u0113 vertik\u0101lo uzglab\u0101\u0161anas vietu un nodro\u0161ina \u0101tru piek\u013cuvi invent\u0101ram, racionaliz\u0113jot darb\u012bbas un uzlabojot kop\u0113jo efektivit\u0101ti.<\/p>\n<h3>2. <strong>Iekrau\u0161ana un izkrau\u0161ana<\/strong><\/h3>\n<p>Pacel\u0161anas hidrauliskie cilindri atvieglo pre\u010du iekrau\u0161anu un izkrau\u0161anu no kravas automa\u0161\u012bn\u0101m un konteineriem. \u013baujot iekr\u0101v\u0113jiem vienm\u0113r\u012bgi pacelt un nolaist kravas, tie samazina produktu boj\u0101jumu risku un samazina \u0161iem uzdevumiem velt\u012bto laiku, t\u0101d\u0113j\u0101di uzlabojot kop\u0113jo produktivit\u0101ti.<\/p>\n<h3>3. <strong>Pas\u016bt\u012bjumu komplekt\u0113\u0161ana<\/strong><\/h3>\n<p>Vid\u0113s, kur pas\u016bt\u012bjumu komplekt\u0113\u0161ana ir b\u016btiska, hidrauliskie cilindri \u013cauj iekr\u0101v\u0113jiem prec\u012bzi novietot sevi vajadz\u012bgaj\u0101 augstum\u0101, lai piek\u013c\u016btu konkr\u0113tiem priek\u0161metiem. \u0160\u012b funkcionalit\u0101te uzlabo pas\u016bt\u012bjumu izpildes precizit\u0101ti un palielina kop\u0113jo darb\u012bbas efektivit\u0101ti.<\/p>\n<h3>4. <strong>Krosdocking<\/strong><\/h3>\n<p>Krossdocking oper\u0101cij\u0101s, kur produkti tiek tie\u0161i p\u0101rvietoti no ien\u0101ko\u0161\u0101s uz izejo\u0161o transport\u0113\u0161anas vien\u012bbu, pacel\u0161anas hidrauliskie cilindri pal\u012bdz \u0101tri un efekt\u012bvi p\u0101rvietot paletes. Tas samazina apstr\u0101des laiku un nodro\u0161ina vienm\u0113r\u012bgu pre\u010du pl\u016bsmu pieg\u0101des \u0137\u0113d\u0113.<\/p>\n<h3>5. <strong>Ra\u017eo\u0161anas iek\u0101rtas<\/strong><\/h3>\n<p>Ra\u017eo\u0161anas vid\u0113 pacel\u0161anas hidrauliskie cilindri pal\u012bdz transport\u0113t izejvielas un gatavos produktus starp da\u017e\u0101diem ra\u017eo\u0161anas posmiem. To sp\u0113ja dro\u0161i pacelt smagus priek\u0161metus uzlabo darbpl\u016bsmu un produktivit\u0101ti mont\u0101\u017eas l\u012bnij\u0101s.<\/p>\n<p>Mekl\u0113jat jaud\u012bgus iekr\u0101v\u0113ju cilindrus? Apskatiet m\u016bsu <a href=\"https:\/\/www.hydraulic-cylinders.net\/lv\/forklift-hydraulic-cylinder\/\">Lieljaudas hidrauliskie cilindri<\/a>.<\/p>\n<h2><strong>Iekr\u0101v\u0113ja cilindru ra\u017eo\u0161anas zona:<\/strong><\/h2>\n<h2><img loading=\"lazy\" decoding=\"async\" class=\"alignnone size-full wp-image-16972\" src=\"https:\/\/www.hydraulic-cylinders.net\/wp-content\/uploads\/2025\/01\/hydraulic-cylinder-factory-1-scaled.webp\" sizes=\"(min-width: 0px) and (max-width: 480px) 480px, (min-width: 481px) and (max-width: 980px) 980px, (min-width: 981px) and (max-width: 1280px) 1280px, (min-width: 1281px) 2016px, 100vw\" srcset=\"https:\/\/www.hydraulic-cylinders.net\/wp-content\/uploads\/2025\/01\/hydraulic-cylinder-factory-1-scaled.webp 2016w, https:\/\/www.hydraulic-cylinders.net\/wp-content\/uploads\/2025\/01\/hydraulic-cylinder-factory-1-1280x1625.webp 1280w, https:\/\/www.hydraulic-cylinders.net\/wp-content\/uploads\/2025\/01\/hydraulic-cylinder-factory-1-980x1244.webp 980w, https:\/\/www.hydraulic-cylinders.net\/wp-content\/uploads\/2025\/01\/hydraulic-cylinder-factory-1-480x610.webp 480w\" alt=\"\" width=\"2016\" height=\"2560\" \/><\/h2>\n<p>Mums ir pirmklas\u012bga neatkar\u012bga p\u0113tniec\u012bbas un att\u012bst\u012bbas platforma mont\u0101\u017eai. Iekr\u0101v\u0113ju cilindru ra\u017eo\u0161anas ceh\u0101 ir \u010detras pusautom\u0101tiskas pacel\u0161anas cilindru mont\u0101\u017eas l\u012bnijas un piln\u012bb\u0101 autom\u0101tiska noliecamo cilindru mont\u0101\u017eas l\u012bnija ar projekt\u0113to gada ra\u017eo\u0161anas jaudu miljons vien\u012bbu. Speci\u0101laj\u0101 cilindru ceh\u0101 ir da\u017e\u0101du specifik\u0101ciju pusautom\u0101tiskas t\u012br\u012b\u0161anas un mont\u0101\u017eas sist\u0113mas ar projekt\u0113to gada ra\u017eo\u0161anas jaudu 200\u00a0000 vien\u012bbu. T\u0101 ir apr\u012bkota ar slavenu z\u012bmolu CNC apstr\u0101des iek\u0101rt\u0101m, apstr\u0101des centriem, speci\u0101lu apr\u012bkojumu augstas precizit\u0101tes cilindru apstr\u0101dei, robotiz\u0113t\u0101m metin\u0101\u0161anas iek\u0101rt\u0101m, autom\u0101tisk\u0101m t\u012br\u012b\u0161anas iek\u0101rt\u0101m, autom\u0101tisk\u0101m cilindru mont\u0101\u017eas iek\u0101rt\u0101m un autom\u0101tisk\u0101m kr\u0101so\u0161anas ra\u017eo\u0161anas l\u012bnij\u0101m. Mums darbojas vair\u0101k nek\u0101 300 galveno iek\u0101rtu komplekti. Optimiz\u0113ta iek\u0101rtu resursu sadale un efekt\u012bva izmanto\u0161ana nodro\u0161ina produktu precizit\u0101tes pras\u012bbas un atbilst\u012bbu augstaj\u0101m produktu kvalit\u0101tes pras\u012bb\u0101m.<\/p>\n<p>Apstr\u0101des cehs ir apr\u012bkots ar p\u0113c pas\u016bt\u012bjuma izgatavotiem sl\u012bpuma vadot\u0146u slie\u017eu virpo\u0161anas centriem, apstr\u0101des centriem, \u0101trgaitas asin\u0101\u0161anas ma\u0161\u012bn\u0101m, metin\u0101\u0161anas robotiem un citu atbilsto\u0161u apr\u012bkojumu, kas var apstr\u0101d\u0101t cilindriskas caurules ar maksim\u0101lo iek\u0161\u0113jo diametru 400 mm un maksim\u0101lo garumu 6 metri.<\/p>\n<h2><img loading=\"lazy\" decoding=\"async\" class=\"alignnone size-full wp-image-16973\" src=\"https:\/\/www.hydraulic-cylinders.net\/wp-content\/uploads\/2025\/01\/hydraulic-cylinder-factory-2-scaled.webp\" sizes=\"(min-width: 0px) and (max-width: 480px) 480px, (min-width: 481px) and (max-width: 980px) 980px, (min-width: 981px) and (max-width: 1280px) 1280px, (min-width: 1281px) 2011px, 100vw\" srcset=\"https:\/\/www.hydraulic-cylinders.net\/wp-content\/uploads\/2025\/01\/hydraulic-cylinder-factory-2-scaled.webp 2011w, https:\/\/www.hydraulic-cylinders.net\/wp-content\/uploads\/2025\/01\/hydraulic-cylinder-factory-2-1280x1629.webp 1280w, https:\/\/www.hydraulic-cylinders.net\/wp-content\/uploads\/2025\/01\/hydraulic-cylinder-factory-2-980x1248.webp 980w, https:\/\/www.hydraulic-cylinders.net\/wp-content\/uploads\/2025\/01\/hydraulic-cylinder-factory-2-480x611.webp 480w\" alt=\"\" width=\"2011\" height=\"2560\" \/><\/h2>\n<p>Mums ir piln\u012bb\u0101 autom\u0101tiska \u016bdens b\u0101zes kr\u0101so\u0161anas l\u012bnija maziem un vid\u0113jiem cilindriem, kas realiz\u0113 autom\u0101tiskus iekrau\u0161anas un izkrau\u0161anas, k\u0101 ar\u012b autom\u0101tiskos izsmidzin\u0101\u0161anas robotus ar projekt\u0113to ra\u017eo\u0161anas jaudu 4000 vietas mai\u0146\u0101. Mums ir v\u0113l viena pusautom\u0101tiska kr\u0101so\u0161anas l\u012bnija lielizm\u0113ra cilindriem, ko darbina sp\u0113ka \u0137\u0113de, un projekt\u0113t\u0101 jauda ir 60 kastes mai\u0146\u0101.<\/p>\n<p>Lai v\u0113l vair\u0101k uzlabotu produktu veiktsp\u0113ju un nostiprin\u0101tu m\u016bsu hidraulisko cilindru vado\u0161o poz\u012bciju nozar\u0113, m\u016bsu uz\u0146\u0113mums un zjimee kop\u012bgi izveidoja visaptvero\u0161u hidraulisko cilindru, hidraulisko v\u0101rstu un hidraulisko s\u016bk\u0146u veiktsp\u0113jas laboratoriju; laboratorij\u0101 tiek veikta datoriz\u0113ta test\u0113\u0161ana, izmantojot elektrohidraulisko tehnolo\u0123iju, testa apst\u0101k\u013cus iepriek\u0161 iestata dators, kas uzlabo testa precizit\u0101ti un sist\u0113mas daudzpus\u012bbu, k\u0101 ar\u012b eksperiment\u0101los datus.<\/p>\n<p>Autom\u0101tisk\u0101 datu v\u0101k\u0161ana tiek realiz\u0113ta, izmantojot sensorus, un izejas dati, piem\u0113ram, cilindra vai v\u0101rsta iek\u0161\u0113j\u0101 nopl\u016bde un slodzes efektivit\u0101te, tiek tie\u0161i apstr\u0101d\u0101ti dator\u0101 un konvert\u0113ti standarta m\u0113rvien\u012bb\u0101s (ml\/min\u00b3TP\u00b3T). Vienlaikus, lai nodro\u0161in\u0101tu hidraulisk\u0101s sist\u0113mas darba dro\u0161\u012bbu, tiek veikta st\u0101vok\u013ca uzraudz\u012bbas funkcija galvenajiem veiktsp\u0113jas parametriem, piem\u0113ram, \"e\u013c\u013cas temperat\u016bras uzraudz\u012bbai, \u0161\u0137idruma l\u012bme\u0146a uzraudz\u012bbai, filtra ier\u012bces uzraudz\u012bbai\" utt. Hidraulisk\u0101 cilindra testa stends var p\u0101rbaud\u012bt \"slodzes\" veiktsp\u0113ju.<br \/>\nefektivit\u0101te \"un\" iek\u0161\u0113j\u0101 nopl\u016bde\" p\u0113c nolas\u012bjumiem. Vienlaikus tas ir apr\u012bkots ar re\u017e\u0123a line\u0101la m\u0113rinstrumentu, kas atbilst visu hidraulisko cilindru izstr\u0101d\u0101jumu testa vien\u012bbu pras\u012bb\u0101m saska\u0146\u0101 ar valsts standartu.<\/p>","protected":false},"excerpt":{"rendered":"<p>Lift Hydraulic Cylinders For Forward Moving Forklift Lift hydraulic cylinders are essential components of forward moving forklifts, providing the necessary lifting power to handle heavy loads efficiently. These cylinders convert hydraulic pressure into mechanical force, enabling forklifts to raise and lower loads with precision. Their robust design and reliable performance make them indispensable in various [&hellip;]<\/p>","protected":false},"featured_media":17610,"comment_status":"open","ping_status":"closed","template":"","meta":{"_et_pb_use_builder":"","_et_pb_old_content":"","_et_gb_content_width":""},"product_brand":[],"product_cat":[1484,1549],"product_tag":[],"class_list":{"0":"post-17606","1":"product","2":"type-product","3":"status-publish","4":"has-post-thumbnail","6":"product_cat-forklift-hydraulic-cylinders","7":"product_cat-single-acting-hydraulic-cylinder","9":"first","10":"instock","11":"shipping-taxable","12":"product-type-simple"},"amp_enabled":true,"_links":{"self":[{"href":"https:\/\/www.hydraulic-cylinders.net\/lv\/wp-json\/wp\/v2\/product\/17606","targetHints":{"allow":["GET"]}}],"collection":[{"href":"https:\/\/www.hydraulic-cylinders.net\/lv\/wp-json\/wp\/v2\/product"}],"about":[{"href":"https:\/\/www.hydraulic-cylinders.net\/lv\/wp-json\/wp\/v2\/types\/product"}],"replies":[{"embeddable":true,"href":"https:\/\/www.hydraulic-cylinders.net\/lv\/wp-json\/wp\/v2\/comments?post=17606"}],"wp:featuredmedia":[{"embeddable":true,"href":"https:\/\/www.hydraulic-cylinders.net\/lv\/wp-json\/wp\/v2\/media\/17610"}],"wp:attachment":[{"href":"https:\/\/www.hydraulic-cylinders.net\/lv\/wp-json\/wp\/v2\/media?parent=17606"}],"wp:term":[{"taxonomy":"product_brand","embeddable":true,"href":"https:\/\/www.hydraulic-cylinders.net\/lv\/wp-json\/wp\/v2\/product_brand?post=17606"},{"taxonomy":"product_cat","embeddable":true,"href":"https:\/\/www.hydraulic-cylinders.net\/lv\/wp-json\/wp\/v2\/product_cat?post=17606"},{"taxonomy":"product_tag","embeddable":true,"href":"https:\/\/www.hydraulic-cylinders.net\/lv\/wp-json\/wp\/v2\/product_tag?post=17606"}],"curies":[{"name":"wp","href":"https:\/\/api.w.org\/{rel}","templated":true}]}}