{"id":1761,"date":"2023-10-13T05:50:50","date_gmt":"2023-10-13T05:50:50","guid":{"rendered":"https:\/\/hydraulic-cylinders.net\/?post_type=product&#038;p=1761"},"modified":"2025-04-15T05:55:24","modified_gmt":"2025-04-15T05:55:24","slug":"cutter-suction-dredger-inverted-pile-cylinder","status":"publish","type":"product","link":"https:\/\/www.hydraulic-cylinders.net\/lv\/products\/cutter-suction-dredger-inverted-pile-cylinder\/","title":{"rendered":"Griez\u0113ja s\u016bk\u0161anas zemess\u016bc\u0113ja apgrieztais p\u0101\u013cu cilindrs"},"content":{"rendered":"<h1 style=\"text-align: center;\"><strong>Griez\u0113ja s\u016bk\u0161anas zemess\u016bc\u0113ja apgrieztais p\u0101\u013cu cilindrs<\/strong><\/h1>\n<p><img loading=\"lazy\" decoding=\"async\" class=\"aligncenter wp-image-1763\" src=\"https:\/\/hydraulic-cylinders.net\/wp-content\/uploads\/2023\/10\/cutter-suction-dredger-inverted-pile-cylinder-1-300x300.webp\" alt=\"\" width=\"400\" height=\"400\" \/><\/p>\n<p>Apgriezt\u0101 p\u0101\u013cu cilindra tipa griez\u0113jveltnis-s\u016bk\u0161anas zemess\u016bc\u0113js ir revolucion\u0101ra hidrauliska ier\u012bce, kas p\u0101rveido j\u016bras b\u016bvniec\u012bbas projektus. Ar savu inovat\u012bvo dizainu un izcilo veiktsp\u0113ju \u0161is cilindrs ir \u013coti svar\u012bgs m\u016bsdienu zemes rak\u0161anas darbos.<\/p>\n<p>Apgrieztais p\u0101\u013cu cilindrs ar griez\u0113jdzin\u0113ju ir revolucioniz\u0113jis j\u016bras b\u016bvniec\u012bbu, pied\u0101v\u0101jot izcilu veiktsp\u0113ju p\u0101\u013cu dz\u012b\u0161anas oper\u0101cij\u0101s. T\u0101 apgrieztais dizains, augstspiediena jauda un iztur\u012bba pret koroziju padara to par uzticamu un iztur\u012bgu hidraulisku ier\u012bci. Iev\u0113rojot pareizas lieto\u0161anas metodes un veicot regul\u0101ru apkopi, j\u016bras b\u016bvniec\u012bbas speci\u0101listi var maksim\u0101li palielin\u0101t savu projektu efektivit\u0101ti un precizit\u0101ti. Izmantojiet griez\u0113jdzin\u0113ja apgriezt\u0101 p\u0101\u013cu cilindra jaudu un izbaudiet at\u0161\u0137ir\u012bbu, ko tas var rad\u012bt j\u016bsu j\u016bras b\u016bvniec\u012bbas projektos.<\/p>\n<p>Griez\u0113ja s\u016bk\u0161anas zemess\u016bc\u0113ja apgriezt\u0101 p\u0101\u013cu cilindra galven\u0101s \u012bpa\u0161\u012bbas:<\/p>\n<ul>\n<li>Apgriezta konstrukcija: Apgrieztajam p\u0101\u013cu cilindram ar griez\u0113jdzin\u0113ju un s\u016bk\u0161anas funkciju ir unik\u0101la apgriezta konfigur\u0101cija, kur\u0101 virzu\u013ca stienis stiepjas uz leju no cilindra. \u0160\u012b konstrukcija \u013cauj veikt efekt\u012bvas un prec\u012bzas p\u0101\u013cu dz\u012b\u0161anas oper\u0101cijas j\u016bras vid\u0113.<\/li>\n<li>Augstspiediena iztur\u012bba: \u0160is cilindrs ir izstr\u0101d\u0101ts, lai iztur\u0113tu augsta spiediena apst\u0101k\u013cus, nodro\u0161inot uzticamu un stabilu veiktsp\u0113ju pat sare\u017e\u0123\u012btos j\u016bras b\u016bvniec\u012bbas projektos. Tas nodro\u0161ina jaudu un sp\u0113ku, kas nepiecie\u0161ams p\u0101\u013cu iedz\u012b\u0161anai j\u016bras gultn\u0113 ar izcilu precizit\u0101ti.<\/li>\n<li>Iztur\u012bba pret koroziju: Apgrieztais p\u0101\u013cu cilindrs, kas izgatavots no augstas kvalit\u0101tes materi\u0101liem, ir izcili iztur\u012bgs pret koroziju, r\u016bsu un nodilumu. \u0160\u012b \u012bpa\u0161\u012bba uzlabo t\u0101 iztur\u012bbu, padarot to piem\u0113rotu ilgsto\u0161ai lieto\u0161anai skarbos j\u016bras apst\u0101k\u013cos.<\/li>\n<\/ul>\n<h2><strong>Griez\u0113ja s\u016bk\u0161anas zemess\u016bc\u0113ja apgriezt\u0101 p\u0101\u013cu cilindra parametrs:<\/strong><\/h2>\n<table border=\"1\" cellspacing=\"0\" cellpadding=\"0\">\n<tbody>\n<tr>\n<td>Produkta nosaukums<\/td>\n<td>Griez\u0113ja s\u016bk\u0161anas zemess\u016bc\u0113ja apgrieztais p\u0101\u013cu cilindrs<\/td>\n<\/tr>\n<tr>\n<td>Funkcijas:<\/td>\n<td>Nodro\u0161in\u0101t stum\u0161anas un vilk\u0161anas sp\u0113ku t\u0113rauda p\u0101\u013ca ievilk\u0161anai un atloc\u012b\u0161anai<\/td>\n<\/tr>\n<tr>\n<td>Urbuma diametrs:<\/td>\n<td>L\u012bdz 620 mm<\/td>\n<\/tr>\n<tr>\n<td>Stie\u0146a diametrs:<\/td>\n<td>L\u012bdz 360 mm<br \/>\nG\u0101jiens l\u012bdz 5200 mm<\/td>\n<\/tr>\n<tr>\n<td>Spiediens:<\/td>\n<td>l\u012bdz 32 MPa<\/td>\n<\/tr>\n<tr>\n<td>Vilces sp\u0113ks:<\/td>\n<td>Maksim\u0101l\u0101 jauda 7500 kN<\/td>\n<\/tr>\n<tr>\n<td>Vilk\u0161anas sp\u0113ks:<\/td>\n<td>Maksim\u0101li 5000 kN<\/td>\n<\/tr>\n<tr>\n<td>Lietojumi:<\/td>\n<td>Griez\u0113ja s\u016bk\u0161anas zemess\u016bc\u0113js<\/td>\n<\/tr>\n<\/tbody>\n<\/table>\n<div><\/div>\n<div>\n<div class=\"txtboxL\">Funkcijas:<\/div>\n<div class=\"txtboxR\">Nodro\u0161in\u0101t stum\u0161anas un vilk\u0161anas sp\u0113ku t\u0113rauda p\u0101\u013ca ievilk\u0161anai un atloc\u012b\u0161anai<\/div>\n<div class=\"txtboxL\">Specifik\u0101cija:<\/div>\n<div class=\"txtboxR\">Urbuma diametrs: l\u012bdz 620 mm<br \/>\nStie\u0146a diametrs: l\u012bdz 360 mm<br \/>\nG\u0101jiens l\u012bdz 5200 mm<\/div>\n<div class=\"txtboxL\">Spiediens:<\/div>\n<div class=\"txtboxR\">l\u012bdz 32 MPa<\/div>\n<div class=\"txtboxL\">Vilces sp\u0113ks:<\/div>\n<div class=\"txtboxR\">Maksim\u0101l\u0101 jauda 7500 kN<\/div>\n<div class=\"txtboxL\">Vilk\u0161anas sp\u0113ks:<\/div>\n<div class=\"txtboxR\">Maksim\u0101li 5000 kN<\/div>\n<\/div>\n<h2><strong>Bagarku\u0123a tvertnes griez\u0113ja-ies\u016bk\u0161anas cilindru pielietojums:<\/strong><\/h2>\n<p><img loading=\"lazy\" decoding=\"async\" class=\"alignnone wp-image-1757 size-full\" src=\"https:\/\/hydraulic-cylinders.net\/wp-content\/uploads\/2023\/10\/dredger-tank-cylinder-1.webp\" alt=\"\" width=\"600\" height=\"400\" srcset=\"https:\/\/hydraulic-cylinders.net\/wp-content\/uploads\/2023\/10\/dredger-tank-cylinder-1.webp 600w, https:\/\/hydraulic-cylinders.net\/wp-content\/uploads\/2023\/10\/dredger-tank-cylinder-1-480x320.webp 480w\" sizes=\"(min-width: 0px) and (max-width: 480px) 480px, (min-width: 481px) 600px, 100vw\" \/><\/p>\n<h2><strong>Griez\u0113ja s\u016bk\u0161anas bagarku\u0123a apgriezt\u0101 p\u0101\u013cu cilindra lieto\u0161anas metode<\/strong><strong>:<\/strong><\/h2>\n<ul>\n<li><strong>Sagatavo\u0161ana:<\/strong> Pirms griez\u0113jdzin\u0113ja ies\u016bk\u0161anas zemess\u016bc\u0113ja apgriezt\u0101 p\u0101\u013cu cilindra lieto\u0161anas p\u0101rliecinieties, vai ir iev\u0113roti visi dro\u0161\u012bbas pas\u0101kumi. Veiciet vizu\u0101lu p\u0101rbaudi, lai p\u0101rliecin\u0101tos, ka cilindrs un t\u0101 sast\u0101vda\u013cas ir lab\u0101 st\u0101vokl\u012b, bez boj\u0101jumu vai nopl\u016b\u017eu paz\u012bm\u0113m.<\/li>\n<li><strong>Pozicion\u0113\u0161ana:<\/strong> Novietojiet cilindru v\u0113lamaj\u0101 viet\u0101 p\u0101\u013cu dz\u012b\u0161anai. P\u0101rliecinieties, vai tas ir dro\u0161i piestiprin\u0101ts pie zemess\u016bc\u0113ja vai cita apr\u012bkojuma, nodro\u0161inot stabilit\u0101ti un atbalstu darb\u012bbas laik\u0101.<\/li>\n<li><strong>Savienojums:<\/strong> Pievienojiet hidraulisk\u0101s \u0161\u013c\u016btenes vai savienojumus atbilsto\u0161aj\u0101m cilindra un hidraulisk\u0101 baro\u0161anas avota piesl\u0113gviet\u0101m. P\u0101rliecinieties, vai savienojumi ir dro\u0161i, bez nopl\u016bd\u0113m un pareizi izl\u012bdzin\u0101ti.<\/li>\n<li><strong>G\u0101jiena garuma regul\u0113\u0161ana:<\/strong> Adjust the stroke length of the cylinder according to the required piling depth. This can typically be done using the controls or mechanisms provided. Follow the manufacturer&#8217;s instructions to ensure precise adjustment.<\/li>\n<li><strong>P\u0101\u013cu dz\u012b\u0161anas darb\u012bba:<\/strong> Aktiviz\u0113jiet hidraulisko baro\u0161anas avotu, lai s\u0101ktu p\u0101\u013cu dz\u012b\u0161anas oper\u0101ciju. Griez\u0113jdzin\u0113ja ies\u016bk\u0161anas zemess\u016bc\u0113ja apgrieztais p\u0101\u013cu cilindrs ar kontrol\u0113tu sp\u0113ku iedz\u012bs p\u0101\u013cus j\u016bras gultn\u0113. R\u016bp\u012bgi uzraugiet procesu, nodro\u0161inot v\u0113lam\u0101 dzi\u013cuma un precizit\u0101tes sasnieg\u0161anu.<\/li>\n<\/ul>\n<h2><strong>K\u0101 nomain\u012bt bl\u012bves hidrauliskaj\u0101 cilindr\u0101?<\/strong><\/h2>\n<p>Replacing seals on a hydraulic cylinder is a common maintenance task that helps restore its performance and prevent leaks. Here&#8217;s a step-by-step guide on how to replace seals on a hydraulic cylinder:<\/p>\n<ol>\n<li><strong>Dro\u0161\u012bbas pas\u0101kumi:<\/strong>\n<ul>\n<li>P\u0101rliecinieties, vai hidrauliskaj\u0101 sist\u0113m\u0101 nav spiediena un cilindrs ir piln\u012bb\u0101 izb\u012bd\u012bts.<\/li>\n<li>Lai nov\u0113rstu sist\u0113mas nejau\u0161u aktiviz\u0113\u0161anu, iev\u0113rojiet atbilsto\u0161as \u200b\u200bblo\u0137\u0113\u0161anas\/atvieno\u0161anas proced\u016bras.<\/li>\n<\/ul>\n<\/li>\n<li><strong>Cilindra no\u0146em\u0161ana:<\/strong>\n<ul>\n<li>Atvienojiet visas hidraulisk\u0101s \u0161\u013c\u016btenes vai savienojumus, kas pievienoti cilindram.<\/li>\n<li>No\u0146emiet visas stiprin\u0101\u0161anas tapas vai skr\u016bves, kas nostiprina cilindru pie iek\u0101rtas.<\/li>\n<li>Uzman\u012bgi izb\u012bdiet vai izkustiniet cilindru no t\u0101 stiprin\u0101juma kron\u0161teiniem vai savienojumiem.<\/li>\n<\/ul>\n<\/li>\n<li><strong>Plombas identifik\u0101cija:<\/strong>\n<ul>\n<li>Identify the types and sizes of the seals that need replacement. This information can be found in the cylinder&#8217;s documentation or by measuring the old seals.<\/li>\n<\/ul>\n<\/li>\n<li><strong>Demont\u0101\u017ea:<\/strong>\n<ul>\n<li>Novietojiet cilindru uz t\u012bras darba virsmas.<\/li>\n<li>No\u0146emiet cilindra gala v\u0101ci\u0146u(-us), izmantojot atbilsto\u0161us instrumentus, piem\u0113ram, uzgrie\u017e\u0146u atsl\u0113gas vai uzga\u013cu komplektus.<\/li>\n<li>Uzman\u012bgi no\u0146emiet virzuli, stieni un vec\u0101s bl\u012bves no cilindra korpusa.<\/li>\n<li>Demont\u0113jot komponentus, piev\u0113rsiet uzman\u012bbu to sec\u012bbai un orient\u0101cijai.<\/li>\n<\/ul>\n<\/li>\n<li><strong>Bl\u012bv\u0113juma no\u0146em\u0161ana:<\/strong>\n<ul>\n<li>Uzman\u012bgi no\u0146emiet vec\u0101s bl\u012bves no to attiec\u012bgaj\u0101m riev\u0101m, izmantojot bl\u012bvju no\u0146em\u0161anas instrumentus vai irbul\u012b\u0161us.<\/li>\n<li>\u0160\u012b procesa laik\u0101 esiet uzman\u012bgi, lai nesaboj\u0101tu cilindra urbumu vai citas virsmas.<\/li>\n<\/ul>\n<\/li>\n<li><strong>T\u012br\u012b\u0161ana un p\u0101rbaude:<\/strong>\n<ul>\n<li>Not\u012briet cilindra korpusu, virzuli, stieni un citas sast\u0101vda\u013cas, izmantojot piem\u0113rotu t\u012br\u012b\u0161anas \u0161\u0137\u012bdin\u0101t\u0101ju, lai no\u0146emtu net\u012brumus, gru\u017eus un hidraulisk\u0101 \u0161\u0137idruma atlikumus.<\/li>\n<li>P\u0101rbaudiet visas deta\u013cas, vai nav boj\u0101jumu vai nodiluma paz\u012bmju, piem\u0113ram, rievotu iegriezumu, bedrainu iegriezumu vai plaisu.<\/li>\n<li>Nomainiet visas boj\u0101t\u0101s vai nolietot\u0101s deta\u013cas p\u0113c nepiecie\u0161am\u012bbas.<\/li>\n<\/ul>\n<\/li>\n<li><strong>Jauna bl\u012bv\u0113juma uzst\u0101d\u012b\u0161ana:<\/strong>\n<ul>\n<li>Pirms jauno bl\u012bv\u0113jumu uzst\u0101d\u012b\u0161anas iee\u013c\u013cojiet tos ar hidraulisko e\u013c\u013cu.<\/li>\n<li>Uzman\u012bgi ievietojiet jaun\u0101s bl\u012bves attiec\u012bgaj\u0101s riev\u0101s, p\u0101rliecinoties, ka t\u0101s ir pareizi ievietotas.<\/li>\n<li>Izmantojiet bl\u012bv\u0113jumu uzst\u0101d\u012b\u0161anas instrumentus vai piem\u0113rotas improviz\u0113tas metodes, lai vienm\u0113r\u012bgi iespiestu bl\u012bves viet\u0101.<\/li>\n<li>Uzst\u0101d\u012b\u0161anas proces\u0101 esiet uzman\u012bgi, lai nesaboj\u0101tu bl\u012bves.<\/li>\n<\/ul>\n<\/li>\n<li><strong>Salik\u0161ana:<\/strong>\n<ul>\n<li>Uzst\u0101diet virzuli, stieni un bl\u012bves atpaka\u013c cilindra korpus\u0101, iev\u0113rojot pareizo sec\u012bbu un orient\u0101ciju.<\/li>\n<li>Uzkl\u0101jiet pl\u0101nu hidraulisk\u0101s e\u013c\u013cas k\u0101rtu uz bl\u012bv\u0113m un cit\u0101m saskares virsm\u0101m.<\/li>\n<li>Uzman\u012bgi uzlieciet atpaka\u013c gala v\u0101ci\u0146u(-us) un cie\u0161i pievelciet tos atbilsto\u0161i ra\u017eot\u0101ja specifik\u0101cij\u0101m.<\/li>\n<li>P\u0101rliecinieties, vai visi v\u012bt\u0146otie savienojumi ir pareizi izl\u012bdzin\u0101ti un pievilkti.<\/li>\n<\/ul>\n<\/li>\n<li><strong>Cilindra atk\u0101rtota uzst\u0101d\u012b\u0161ana:<\/strong>\n<ul>\n<li>Pab\u012bdiet vai p\u0101rvietojiet salikto cilindru atpaka\u013c t\u0101 stiprin\u0101juma kron\u0161teinos vai savienojumos.<\/li>\n<li>Piestipriniet visas stiprin\u0101\u0161anas tapas vai skr\u016bves, lai nostiprin\u0101tu cilindru viet\u0101.<\/li>\n<li>Pievienojiet hidraulisk\u0101s \u0161\u013c\u016btenes vai savienojumus atpaka\u013c cilindram, nodro\u0161inot pareizu izl\u012bdzin\u0101\u0161anu un stingr\u012bbu.<\/li>\n<\/ul>\n<\/li>\n<li><strong>Test\u0113\u0161ana un p\u0101rbaude:<\/strong>\n<ul>\n<li>Atk\u0101rtoti piepildiet hidraulisko sist\u0113mu ar spiedienu un p\u0101rbaudiet, vai nav nopl\u016b\u017eu vai darb\u012bbas trauc\u0113jumu.<\/li>\n<li>Piln\u012bb\u0101 izstiepiet un ievelciet cilindru, lai nodro\u0161in\u0101tu vienm\u0113r\u012bgu kust\u012bbu un pareizu darb\u012bbu.<\/li>\n<li>P\u0101rbaudiet cilindru un t\u0101 savienojumus, vai nav nopl\u016b\u017eu vai citu probl\u0113mu paz\u012bmju.<\/li>\n<\/ul>\n<\/li>\n<\/ol>\n<h2><strong>R\u016bpn\u012bcas iesp\u0113jas un jauda:<\/strong><\/h2>\n<h3>(1) Mont\u0101\u017ea<\/h3>\n<p>Mums ir pirmklas\u012bga neatkar\u012bga p\u0113tniec\u012bbas un att\u012bst\u012bbas mont\u0101\u017eas platforma. Hidraulisko cilindru ra\u017eo\u0161anas darbn\u012bc\u0101 ir \u010detras pusautom\u0101tiskas pacel\u0161anas cilindru mont\u0101\u017eas l\u012bnijas un viena autom\u0101tisk\u0101 sl\u012bpuma cilindru mont\u0101\u017eas l\u012bnija ar projekt\u0113to gada ra\u017eo\u0161anas jaudu 1 miljons vien\u012bbu. Speci\u0101lo cilindru darbn\u012bca ir apr\u012bkota ar da\u017e\u0101du specifik\u0101ciju pusautom\u0101tisku t\u012br\u012b\u0161anas mont\u0101\u017eas sist\u0113mu ar projekt\u0113to gada ra\u017eo\u0161anas jaudu 200 000 vien\u012bbu un apr\u012bkota ar slaven\u0101m CNC apstr\u0101des iek\u0101rt\u0101m, apstr\u0101des centru, augstas precizit\u0101tes cilindru apstr\u0101des speci\u0101lo apr\u012bkojumu, robotiz\u0113tu metin\u0101\u0161anas iek\u0101rtu, autom\u0101tisku t\u012br\u012b\u0161anas iek\u0101rtu, autom\u0101tisku cilindru mont\u0101\u017eas iek\u0101rtu un autom\u0101tisku kr\u0101so\u0161anas ra\u017eo\u0161anas l\u012bniju. Eso\u0161ais kritiskais apr\u012bkojums ir vair\u0101k nek\u0101 300 komplektu (komplektu). Optim\u0101la iek\u0101rtu resursu sadale un efekt\u012bva izmanto\u0161ana nodro\u0161ina produktu precizit\u0101tes pras\u012bbas un apmierina produktu augst\u0101s kvalit\u0101tes pras\u012bbas.<\/p>\n<p><img loading=\"lazy\" decoding=\"async\" class=\"alignnone wp-image-626\" src=\"https:\/\/hydraulic-cylinders.net\/wp-content\/uploads\/2023\/08\/hydraulic-cylinder-product-1-300x158.webp\" alt=\"\" width=\"495\" height=\"260\" srcset=\"https:\/\/hydraulic-cylinders.net\/wp-content\/uploads\/2023\/08\/hydraulic-cylinder-product-1-300x158.webp 495w, https:\/\/hydraulic-cylinders.net\/wp-content\/uploads\/2023\/08\/hydraulic-cylinder-product-1-480x252.webp 480w\" sizes=\"(min-width: 0px) and (max-width: 480px) 480px, (min-width: 481px) 495px, 100vw\" \/> <img loading=\"lazy\" decoding=\"async\" class=\"alignnone wp-image-627\" src=\"https:\/\/hydraulic-cylinders.net\/wp-content\/uploads\/2023\/08\/hydraulic-cylinder-product-2-300x189.webp\" alt=\"\" width=\"413\" height=\"260\" \/><\/p>\n<h3>(2) Apstr\u0101de<\/h3>\n<p>Apstr\u0101des cehs ir apr\u012bkots ar piel\u0101gotu sl\u012bpo slie\u017eu virpo\u0161anas centru, apstr\u0101des centru, \u0101trgaitas asin\u0101\u0161anas ma\u0161\u012bnu, metin\u0101\u0161anas robotu un citu saist\u012btu apr\u012bkojumu, kas var apstr\u0101d\u0101t cilindriskas caurules ar maksim\u0101lo iek\u0161\u0113jo diametru 400 mm un maksim\u0101lo garumu 6 metri.<\/p>\n<p><img loading=\"lazy\" decoding=\"async\" class=\"alignnone wp-image-628 size-large\" src=\"https:\/\/hydraulic-cylinders.net\/wp-content\/uploads\/2023\/08\/hydraulic-cylinder-product-3-1024x391.webp\" alt=\"\" width=\"1024\" height=\"391\" srcset=\"https:\/\/hydraulic-cylinders.net\/wp-content\/uploads\/2023\/08\/hydraulic-cylinder-product-3-980x374.webp 980w, https:\/\/hydraulic-cylinders.net\/wp-content\/uploads\/2023\/08\/hydraulic-cylinder-product-3-480x183.webp 480w\" sizes=\"(min-width: 0px) and (max-width: 480px) 480px, (min-width: 481px) and (max-width: 980px) 980px, (min-width: 981px) 1024px, 100vw\" \/><\/p>\n<h3>(3) Metin\u0101\u0161ana<\/h3>\n<p><img loading=\"lazy\" decoding=\"async\" class=\"alignnone wp-image-629 size-large\" src=\"https:\/\/hydraulic-cylinders.net\/wp-content\/uploads\/2023\/08\/hydraulic-cylinder-product-4-1024x510.webp\" alt=\"\" width=\"1024\" height=\"510\" srcset=\"https:\/\/hydraulic-cylinders.net\/wp-content\/uploads\/2023\/08\/hydraulic-cylinder-product-4-980x488.webp 980w, https:\/\/hydraulic-cylinders.net\/wp-content\/uploads\/2023\/08\/hydraulic-cylinder-product-4-480x239.webp 480w\" sizes=\"(min-width: 0px) and (max-width: 480px) 480px, (min-width: 481px) and (max-width: 980px) 980px, (min-width: 981px) 1024px, 100vw\" \/><\/p>\n<h3>(4) Kr\u0101so\u0161ana un p\u0101rkl\u0101\u0161ana<\/h3>\n<p>Ar maz\u0101m un vid\u0113ja izm\u0113ra cilindrisk\u0101m autom\u0101tisk\u0101m \u016bdens b\u0101zes kr\u0101su p\u0101rkl\u0101\u0161anas l\u012bnij\u0101m, lai pan\u0101ktu autom\u0101tisku robotu iekrau\u0161anu un izkrau\u0161anu un autom\u0101tisku izsmidzin\u0101\u0161anu, projekt\u0113t\u0101 jauda ir 4000 gabali mai\u0146\u0101;<br \/>\nMums ir ar\u012b pusautom\u0101tiska kr\u0101su ra\u017eo\u0161anas l\u012bnija lieliem baloniem, ko darbina \u0137\u0113des piedzi\u0146a, ar 60 kastu konstrukcijas jaudu vien\u0101 mai\u0146\u0101.<\/p>\n<p><img loading=\"lazy\" decoding=\"async\" class=\"alignnone wp-image-630\" src=\"https:\/\/hydraulic-cylinders.net\/wp-content\/uploads\/2023\/08\/hydraulic-cylinder-product-5-300x213.webp\" alt=\"\" width=\"366\" height=\"260\" \/> <img loading=\"lazy\" decoding=\"async\" class=\"alignnone wp-image-631\" src=\"https:\/\/hydraulic-cylinders.net\/wp-content\/uploads\/2023\/08\/hydraulic-cylinder-product-6-300x225.webp\" alt=\"\" width=\"347\" height=\"260\" \/><\/p>\n<h3>(5) Test\u0113\u0161ana<\/h3>\n<p>Mums ir augst\u0101k\u0101s klases p\u0101rbaudes iek\u0101rtas un test\u0113\u0161anas stendi, lai nodro\u0161in\u0101tu, ka balona veiktsp\u0113ja atbilst pras\u012bb\u0101m.<\/p>\n<p><img loading=\"lazy\" decoding=\"async\" class=\"alignnone wp-image-632\" src=\"https:\/\/hydraulic-cylinders.net\/wp-content\/uploads\/2023\/08\/hydraulic-cylinder-product-8-300x200.webp\" alt=\"\" width=\"389\" height=\"260\" \/><\/p>\n<p>&nbsp;<\/p>\n<p>&nbsp;<\/p>\n<p>M\u0113s esam viens no lab\u0101kajiem hidraulisko cilindru ra\u017eot\u0101jiem. M\u0113s varam pied\u0101v\u0101t visaptvero\u0161us hidrauliskos cilindrus. M\u0113s nodro\u0161in\u0101m ar\u012b atbilsto\u0161us <a href=\"https:\/\/hzpt.com\/agricultural-pto-gearbox\/\" target=\"_blank\" rel=\"noopener\">lauksaimniec\u012bbas p\u0101rnesumk\u0101rbas<\/a>. M\u0113s esam eksport\u0113ju\u0161i savus produktus klientiem vis\u0101 pasaul\u0113 un esam ieguvu\u0161i labu reput\u0101ciju, pateicoties m\u016bsu izcilajai produktu kvalit\u0101tei un p\u0113cp\u0101rdo\u0161anas servisam. M\u0113s aicin\u0101m klientus no valsts un \u0101rvalst\u012bm sazin\u0101ties ar mums, lai risin\u0101tu biznesa sarunas, apmain\u012btos ar inform\u0101ciju un... <a href=\"https:\/\/www.hydraulic-cylinders.net\/lv\/contact-us\/\">sadarboties ar mums<\/a>!<\/p>","protected":false},"excerpt":{"rendered":"<p>Cutter Suction Dredger Inverted Pile Cylinder The cutter suction dredger inverted pile cylinder is a groundbreaking hydraulic device transforming marine construction projects. With its innovative design and exceptional performance, this cylinder is crucial to modern dredging operations. The cutter suction dredger inverted pile cylinder has revolutionized marine construction by offering exceptional performance in piling operations. [&hellip;]<\/p>","protected":false},"featured_media":1764,"comment_status":"open","ping_status":"closed","template":"","meta":{"_et_pb_use_builder":"","_et_pb_old_content":"","_et_gb_content_width":""},"product_brand":[],"product_cat":[1535,1549,1552,1376],"product_tag":[1380],"class_list":{"0":"post-1761","1":"product","2":"type-product","3":"status-publish","4":"has-post-thumbnail","6":"product_cat-dredger-hydraulic-cylinders","7":"product_cat-single-acting-hydraulic-cylinder","8":"product_cat-stainless-steel-hydraulic-cylinder","9":"product_cat-hydraulic-cylinder","10":"product_tag-hydraulic-cylinder","12":"first","13":"instock","14":"shipping-taxable","15":"product-type-simple"},"amp_enabled":true,"_links":{"self":[{"href":"https:\/\/www.hydraulic-cylinders.net\/lv\/wp-json\/wp\/v2\/product\/1761","targetHints":{"allow":["GET"]}}],"collection":[{"href":"https:\/\/www.hydraulic-cylinders.net\/lv\/wp-json\/wp\/v2\/product"}],"about":[{"href":"https:\/\/www.hydraulic-cylinders.net\/lv\/wp-json\/wp\/v2\/types\/product"}],"replies":[{"embeddable":true,"href":"https:\/\/www.hydraulic-cylinders.net\/lv\/wp-json\/wp\/v2\/comments?post=1761"}],"wp:featuredmedia":[{"embeddable":true,"href":"https:\/\/www.hydraulic-cylinders.net\/lv\/wp-json\/wp\/v2\/media\/1764"}],"wp:attachment":[{"href":"https:\/\/www.hydraulic-cylinders.net\/lv\/wp-json\/wp\/v2\/media?parent=1761"}],"wp:term":[{"taxonomy":"product_brand","embeddable":true,"href":"https:\/\/www.hydraulic-cylinders.net\/lv\/wp-json\/wp\/v2\/product_brand?post=1761"},{"taxonomy":"product_cat","embeddable":true,"href":"https:\/\/www.hydraulic-cylinders.net\/lv\/wp-json\/wp\/v2\/product_cat?post=1761"},{"taxonomy":"product_tag","embeddable":true,"href":"https:\/\/www.hydraulic-cylinders.net\/lv\/wp-json\/wp\/v2\/product_tag?post=1761"}],"curies":[{"name":"wp","href":"https:\/\/api.w.org\/{rel}","templated":true}]}}