{"id":1762,"date":"2023-10-13T06:07:06","date_gmt":"2023-10-13T06:07:06","guid":{"rendered":"https:\/\/hydraulic-cylinders.net\/?post_type=product&#038;p=1762"},"modified":"2025-04-15T05:55:04","modified_gmt":"2025-04-15T05:55:04","slug":"trailing-suction-dredger-heave-compensation-cylinder","status":"publish","type":"product","link":"https:\/\/www.hydraulic-cylinders.net\/lv\/products\/trailing-suction-dredger-heave-compensation-cylinder\/","title":{"rendered":"Piekabin\u0101m\u0101 s\u016bk\u0161anas zemess\u016bc\u0113ja pacel\u0161anas kompens\u0101cijas cilindrs"},"content":{"rendered":"<h1 style=\"text-align: center;\"><strong> Piekabin\u0101m\u0101 s\u016bk\u0161anas zemess\u016bc\u0113ja pacel\u0161anas kompens\u0101cijas cilindrs<\/strong><\/h1>\n<p><img loading=\"lazy\" decoding=\"async\" class=\"aligncenter wp-image-1766\" src=\"https:\/\/hydraulic-cylinders.net\/wp-content\/uploads\/2023\/10\/trailing-suction-dredger-heave-compensation-cylinder-1-300x300.webp\" alt=\"\" width=\"400\" height=\"400\" \/><\/p>\n<p>Vilk\u0161anas ies\u016bk\u0161anas zemess\u016bc\u0113ja pacel\u0161anas kompens\u0101cijas cilindrs ir moderna hidrauliska ier\u012bce, kas ir revolucioniz\u0113jusi zemes rak\u0161anas oper\u0101ciju efektivit\u0101ti un lietder\u012bbu. \u0160is cilindrs, kas paredz\u0113ts prec\u012bzai pacel\u0161anas kompens\u0101cijai, nodro\u0161ina optim\u0101lu zemes rak\u0161anas veiktsp\u0113ju pat sare\u017e\u0123\u012btos j\u016bras apst\u0101k\u013cos.<\/p>\n<p>Velkam\u0101s ies\u016bk\u0161anas bagarku\u0123a pacel\u0161anas kompens\u0101cijas cilindrs ir revolucion\u0101rs j\u016bras bagar\u0113\u0161anas jom\u0101. T\u0101 liel\u0101 kompens\u0101cijas jauda, \u200b\u200biztur\u012bg\u0101 konstrukcija un augstas precizit\u0101tes vad\u012bba veicina uzlabotu efektivit\u0101ti un precizit\u0101ti bagar\u0113\u0161anas darbos. Iev\u0113rojot pareizas lieto\u0161anas metodes un \u012bstenojot proakt\u012bvu apkopes pieeju, j\u016bras speci\u0101listi var maksim\u0101li palielin\u0101t \u0161\u012bs izcil\u0101s hidraulisk\u0101s ier\u012bces veiktsp\u0113ju un kalpo\u0161anas laiku. Izmantojiet velkam\u0101s ies\u016bk\u0161anas bagarku\u0123a pacel\u0161anas kompens\u0101cijas cilindra jaudu un izbaudiet at\u0161\u0137ir\u012bbu, ko tas var rad\u012bt j\u016bsu bagar\u0113\u0161anas darbos.<\/p>\n<p>Vilk\u0161anas s\u016bk\u0161anas zemess\u016bc\u0113ja pacel\u0161anas kompens\u0101cijas cilindra galven\u0101s \u012bpa\u0161\u012bbas:<\/p>\n<ul>\n<li>Cel\u0161an\u0101s kompens\u0101cijas iesp\u0113ja: Velkam\u0101s ies\u016bk\u0161anas bagarku\u0123a pacel\u0161an\u0101s kompens\u0101cijas cilindrs ir \u012bpa\u0161i izstr\u0101d\u0101ts, lai nov\u0113rstu ku\u0123a pacel\u0161an\u0101s ietekmi bagar\u0113\u0161anas oper\u0101ciju laik\u0101. Tas efekt\u012bvi kompens\u0113 vertik\u0101l\u0101s kust\u012bbas, nodro\u0161inot vienm\u0113r\u012bgu un prec\u012bzu ies\u016bk\u0161anas caurules pozicion\u0113\u0161anu.<\/li>\n<li>Iztur\u012bga konstrukcija: \u0160is cilindrs ir izgatavots, dom\u0101jot par iztur\u012bbu, no augstas kvalit\u0101tes materi\u0101liem, kas nodro\u0161ina izcilu iztur\u012bbu un iztur\u012bbu pret koroziju. Tas var iztur\u0113t skarbus j\u016bras apst\u0101k\u013cus, nodro\u0161inot ilgsto\u0161u veiktsp\u0113ju un uzticam\u012bbu.<\/li>\n<li>Augstas precizit\u0101tes vad\u012bba: Cilindra uzlabot\u0101 hidraulisk\u0101 sist\u0113ma nodro\u0161ina prec\u012bzu pacel\u0161anas kompens\u0101cijas procesa kontroli. T\u0101 \u013cauj veikt atsauc\u012bgas regul\u0113\u0161anas, nodro\u0161inot, ka ies\u016bk\u0161anas caurule saglab\u0101 v\u0113lamo dzi\u013cumu un poz\u012bciju efekt\u012bvai bagar\u0113\u0161anai.<\/li>\n<\/ul>\n<h2><strong>Piekabin\u0101m\u0101 ies\u016bk\u0161anas zemess\u016bc\u0113ja pacel\u0161anas kompens\u0101cijas cilindra parametrs:<\/strong><\/h2>\n<table border=\"1\" cellspacing=\"0\" cellpadding=\"0\">\n<tbody>\n<tr>\n<td>Produkta nosaukums<\/td>\n<td>Piekabin\u0101m\u0101 s\u016bk\u0161anas zemess\u016bc\u0113ja pacel\u0161anas kompens\u0101cijas cilindrs<\/td>\n<\/tr>\n<tr>\n<td>Funkcijas:<\/td>\n<td>Kompens\u0113t vilk\u0161anas galvas un korpusa relat\u012bvo p\u0101rvietojumu darba laik\u0101<\/td>\n<\/tr>\n<tr>\n<td>Urbuma diametrs:<\/td>\n<td>L\u012bdz 400 mm<\/td>\n<\/tr>\n<tr>\n<td>Stie\u0146a diametrs:<\/td>\n<td>L\u012bdz 360 mm<br \/>\nG\u0101jiens l\u012bdz 4000 mm<\/td>\n<\/tr>\n<tr>\n<td>Spiediens:<\/td>\n<td>l\u012bdz 32 MPa<\/td>\n<\/tr>\n<tr>\n<td>Vilces sp\u0113ks:<\/td>\n<td>Maksim\u0101l\u0101 jauda 1600 kN<\/td>\n<\/tr>\n<tr>\n<td>Lietojumi:<\/td>\n<td>Vilk\u0161anas s\u016bk\u0161anas zemess\u016bc\u0113js<\/td>\n<\/tr>\n<\/tbody>\n<\/table>\n<div><\/div>\n<div>\n<div class=\"txtboxL\">Funkcijas:<\/div>\n<div class=\"txtboxR\">Nodro\u0161in\u0101t stum\u0161anas un vilk\u0161anas sp\u0113ku t\u0113rauda p\u0101\u013ca ievilk\u0161anai un atloc\u012b\u0161anai<\/div>\n<div class=\"txtboxL\">Specifik\u0101cija:<\/div>\n<div class=\"txtboxR\">Urbuma diametrs: l\u012bdz 620 mm<br \/>\nStie\u0146a diametrs: l\u012bdz 360 mm<br \/>\nG\u0101jiens l\u012bdz 5200 mm<\/div>\n<div class=\"txtboxL\">Spiediens:<\/div>\n<div class=\"txtboxR\">l\u012bdz 32 MPa<\/div>\n<div class=\"txtboxL\">Vilces sp\u0113ks:<\/div>\n<div class=\"txtboxR\">Maksim\u0101l\u0101 jauda 7500 kN<\/div>\n<div class=\"txtboxL\">Vilk\u0161anas sp\u0113ks:<\/div>\n<div class=\"txtboxR\">Maksim\u0101li 5000 kN<\/div>\n<\/div>\n<h2><strong>Bagarku\u0123a tvertnes griez\u0113ja-ies\u016bk\u0161anas cilindru pielietojums:<\/strong><\/h2>\n<p><img loading=\"lazy\" decoding=\"async\" class=\"alignnone wp-image-1757 size-full\" src=\"https:\/\/hydraulic-cylinders.net\/wp-content\/uploads\/2023\/10\/dredger-tank-cylinder-1.webp\" alt=\"\" width=\"600\" height=\"400\" srcset=\"https:\/\/hydraulic-cylinders.net\/wp-content\/uploads\/2023\/10\/dredger-tank-cylinder-1.webp 600w, https:\/\/hydraulic-cylinders.net\/wp-content\/uploads\/2023\/10\/dredger-tank-cylinder-1-480x320.webp 480w\" sizes=\"(min-width: 0px) and (max-width: 480px) 480px, (min-width: 481px) 600px, 100vw\" \/><\/p>\n<h2><strong>S\u016bk\u0161anas bagarku\u0123a vilk\u0161anas kompens\u0101cijas cilindra lieto\u0161anas metode<\/strong><strong>:<\/strong><\/h2>\n<ol>\n<li><strong>Sagatavo\u0161ana: <\/strong>Pirms vilk\u0161anas ies\u016bk\u0161anas zemess\u016bc\u0113ja pacel\u0161anas kompens\u0101cijas cilindra lieto\u0161anas veiciet r\u016bp\u012bgu p\u0101rbaudi, lai p\u0101rliecin\u0101tos, ka visas sast\u0101vda\u013cas darbojas pareizi. P\u0101rbaudiet, vai nav boj\u0101jumu, nopl\u016b\u017eu vai nolietotu bl\u012bv\u0113jumu paz\u012bmju.<\/li>\n<li><strong>Uzst\u0101d\u012b\u0161ana:<\/strong> Dro\u0161i piestipriniet cilindru pie zemess\u016bc\u0113ja vai saist\u012bt\u0101 apr\u012bkojuma, nodro\u0161inot stabilit\u0101ti darb\u012bbas laik\u0101. Iev\u0113rojiet ra\u017eot\u0101ja nor\u0101d\u012bjumus par pareizu uzst\u0101d\u012b\u0161anu, tostarp hidraulisko savienojumu izl\u012bdzin\u0101\u0161anu.<\/li>\n<li><strong>Hidraulisk\u0101s sist\u0113mas integr\u0101cija:<\/strong> Pievienojiet cilindru hidrauliskajam baro\u0161anas avotam, izmantojot sader\u012bgas \u0161\u013c\u016btenes vai savienojumus. P\u0101rliecinieties, vai savienojumi ir cie\u0161i, bez nopl\u016bd\u0113m un pareizi izl\u012bdzin\u0101ti.<\/li>\n<li><strong>Kalibr\u0113\u0161ana:<\/strong> Kalibr\u0113jiet pacel\u0161anas kompens\u0101cijas sist\u0113mu atbilsto\u0161i konkr\u0113taj\u0101m bagar\u0113\u0161anas pras\u012bb\u0101m. Tas var ietvert t\u0101du parametru k\u0101 g\u0101jiena garums, \u0101trums vai spiediens piel\u0101go\u0161anu. Prec\u012bzas kalibr\u0113\u0161anas metodes skatiet ra\u017eot\u0101ja nor\u0101d\u012bjumos.<\/li>\n<li><strong>Darb\u012bbas kontrole: <\/strong>Aktiviz\u0113jiet hidraulisko baro\u0161anas avotu, lai uzs\u0101ktu pacel\u0161anas kompens\u0101cijas procesu. Velkam\u0101s ies\u016bk\u0161anas zemess\u016bc\u0113ja pacel\u0161anas kompens\u0101cijas cilindrs autom\u0101tiski rea\u0123\u0113s uz ku\u0123a pacel\u0161anu, saglab\u0101jot v\u0113lamo ies\u016bk\u0161anas caurules poz\u012bciju efekt\u012bvai bagar\u0113\u0161anai. R\u016bp\u012bgi uzraugiet darb\u012bbu, lai sasniegtu optim\u0101lus rezult\u0101tus.<\/li>\n<\/ol>\n<h2><strong>K\u0101 darbojas divk\u0101r\u0161as darb\u012bbas hidrauliskais cilindrs?<\/strong><\/h2>\n<p>Divk\u0101r\u0161as darb\u012bbas hidrauliskais cilindrs ir hidraulisk\u0101 izpildmeh\u0101nisma veids, kas darbojas abos virzienos, nodro\u0161inot sp\u0113ku un kust\u012bbu gan pagarin\u0101\u0161anas, gan ievilk\u0161anas g\u0101jien\u0101. Tas sast\u0101v no cilindriskas mucas, virzu\u013ca, virzu\u013ca stie\u0146iem, bl\u012bv\u0113m un hidraulisk\u0101 \u0161\u0137idruma piesl\u0113gviet\u0101m.<\/p>\n<p>\u0160eit ir soli pa solim aprakst\u012bts, k\u0101 darbojas divk\u0101r\u0161as darb\u012bbas hidrauliskais cilindrs:<\/p>\n<ol>\n<li><strong>\u0160\u0137idruma uz\u0146em\u0161ana:<\/strong> Hidrauliskais cilindrs ir savienots ar hidraulisko sp\u0113ka agreg\u0101tu vai s\u016bkni, kas pieg\u0101d\u0101 spiediena hidraulisko \u0161\u0137idrumu. \u0160\u0137idrums parasti ir uz e\u013c\u013cas b\u0101zes veidots hidrauliskais \u0161\u0137idrums.<\/li>\n<li><strong>Pagarin\u0101juma g\u0101jiens:<\/strong> Kad hidrauliskais \u0161\u0137idrums tiek pieg\u0101d\u0101ts cilindra stie\u0146a gala atverei, tas non\u0101k cilindra korpus\u0101 aiz virzu\u013ca. \u0160\u0137idruma spiediens spie\u017e virzuli un pievienoto virzu\u013ca stieni uz \u0101ru, pagarinot cilindru.<\/li>\n<li><strong>Atvilk\u0161anas g\u0101jiens:<\/strong> Lai cilindru ievilktu, hidrauliskais \u0161\u0137idrums tiek pieg\u0101d\u0101ts cilindra v\u0101ci\u0146a gala atverei. \u0160\u0137idrums iepl\u016bst cilindr\u0101 virzu\u013ca priek\u0161\u0101, radot spiedienu un iespie\u017eot virzuli un virzu\u013ca stieni atpaka\u013c cilindr\u0101.<\/li>\n<li><strong>Bl\u012bv\u0113\u0161anas meh\u0101nisms:<\/strong> Hidrauliskais cilindrs ir apr\u012bkots ar bl\u012bv\u0113m, piem\u0113ram, virzu\u013ca bl\u012bv\u0113m un stie\u0146a bl\u012bv\u0113m, kas nov\u0113r\u0161 hidraulisk\u0101 \u0161\u0137idruma nopl\u016bdi. \u0160\u012bs bl\u012bves nodro\u0161ina, ka \u0161\u0137idrums atrodas cilindr\u0101, uzturot spiedienu un nov\u0113r\u0161ot sp\u0113ka zudumus.<\/li>\n<li><strong>Vad\u012bbas v\u0101rsti:<\/strong> Vad\u012bbas v\u0101rsti tiek izmantoti, lai kontrol\u0113tu hidraulisk\u0101 \u0161\u0137idruma virzienu un pl\u016bsmu. \u0160ie v\u0101rsti novirza \u0161\u0137idrumu uz atbilsto\u0161o cilindra atveri, \u013caujot to izstiept vai ievilkt atkar\u012bb\u0101 no v\u0113lam\u0101s kust\u012bbas.<\/li>\n<li><strong>Virzu\u013ca un stie\u0146a dizains:<\/strong> Virzulis un virzu\u013ca stienis parasti ir nosl\u0113gti viens no otra, lai nodro\u0161in\u0101tu, ka spiediena \u0161\u0137idrums vienlaikus iedarbojas tikai uz vienu virzu\u013ca pusi. \u0160\u012b konstrukcija \u013cauj veikt atsevi\u0161\u0137us pagarin\u0101\u0161anas un ievilk\u0161anas g\u0101jienus, nodro\u0161inot divvirzienu kust\u012bbu.<\/li>\n<li><strong>Slodzes pielietojums:<\/strong> Hidraulisk\u0101 cilindra virzu\u013ca stienis ir piestiprin\u0101ts pie slodzes vai meh\u0101nisma, kam nepiecie\u0161ams sp\u0113ks vai kust\u012bba. Hidrauliskajam \u0161\u0137idrumam izstiepjot vai ievelkot virzuli, rad\u012bt\u0101 jauda caur virzu\u013ca stieni tiek p\u0101rnesta uz slodzi, \u013caujot tai kust\u0113ties vai rad\u012bt sp\u0113ku.<\/li>\n<li><strong>Spiediena mazin\u0101\u0161ana:<\/strong> Lai kontrol\u0113tu hidraulisk\u0101 cilindra \u0101trumu un sp\u0113ku, hidrauliskaj\u0101 sist\u0113m\u0101 var izmantot spiediena samazin\u0101\u0161anas v\u0101rstus vai pl\u016bsmas regul\u0113\u0161anas v\u0101rstus. \u0160ie v\u0101rsti regul\u0113 hidraulisk\u0101 \u0161\u0137idruma spiedienu un pl\u016bsmu, nov\u0113r\u0161ot p\u0101rm\u0113r\u012bgu spiediena palielin\u0101\u0161anos un nodro\u0161inot dro\u0161u darb\u012bbu.<\/li>\n<\/ol>\n<h2><strong>R\u016bpn\u012bcas iesp\u0113jas un jauda:<\/strong><\/h2>\n<h3>(1) Mont\u0101\u017ea<\/h3>\n<p>Mums ir pirmklas\u012bga neatkar\u012bga p\u0113tniec\u012bbas un att\u012bst\u012bbas mont\u0101\u017eas platforma. Hidraulisko cilindru ra\u017eo\u0161anas darbn\u012bc\u0101 ir \u010detras pusautom\u0101tiskas pacel\u0161anas cilindru mont\u0101\u017eas l\u012bnijas un viena autom\u0101tisk\u0101 sl\u012bpuma cilindru mont\u0101\u017eas l\u012bnija ar projekt\u0113to gada ra\u017eo\u0161anas jaudu 1 miljons vien\u012bbu. Speci\u0101lo cilindru darbn\u012bca ir apr\u012bkota ar da\u017e\u0101du specifik\u0101ciju pusautom\u0101tisku t\u012br\u012b\u0161anas mont\u0101\u017eas sist\u0113mu ar projekt\u0113to gada ra\u017eo\u0161anas jaudu 200 000 vien\u012bbu un apr\u012bkota ar slaven\u0101m CNC apstr\u0101des iek\u0101rt\u0101m, apstr\u0101des centru, augstas precizit\u0101tes cilindru apstr\u0101des speci\u0101lo apr\u012bkojumu, robotiz\u0113tu metin\u0101\u0161anas iek\u0101rtu, autom\u0101tisku t\u012br\u012b\u0161anas iek\u0101rtu, autom\u0101tisku cilindru mont\u0101\u017eas iek\u0101rtu un autom\u0101tisku kr\u0101so\u0161anas ra\u017eo\u0161anas l\u012bniju. Eso\u0161ais kritiskais apr\u012bkojums ir vair\u0101k nek\u0101 300 komplektu (komplektu). Optim\u0101la iek\u0101rtu resursu sadale un efekt\u012bva izmanto\u0161ana nodro\u0161ina produktu precizit\u0101tes pras\u012bbas un apmierina produktu augst\u0101s kvalit\u0101tes pras\u012bbas.<\/p>\n<p><img loading=\"lazy\" decoding=\"async\" class=\"alignnone wp-image-626\" src=\"https:\/\/hydraulic-cylinders.net\/wp-content\/uploads\/2023\/08\/hydraulic-cylinder-product-1-300x158.webp\" alt=\"\" width=\"495\" height=\"260\" srcset=\"https:\/\/hydraulic-cylinders.net\/wp-content\/uploads\/2023\/08\/hydraulic-cylinder-product-1-300x158.webp 495w, https:\/\/hydraulic-cylinders.net\/wp-content\/uploads\/2023\/08\/hydraulic-cylinder-product-1-480x252.webp 480w\" sizes=\"(min-width: 0px) and (max-width: 480px) 480px, (min-width: 481px) 495px, 100vw\" \/> <img loading=\"lazy\" decoding=\"async\" class=\"alignnone wp-image-627\" src=\"https:\/\/hydraulic-cylinders.net\/wp-content\/uploads\/2023\/08\/hydraulic-cylinder-product-2-300x189.webp\" alt=\"\" width=\"413\" height=\"260\" \/><\/p>\n<h3>(2) Apstr\u0101de<\/h3>\n<p>Apstr\u0101des cehs ir apr\u012bkots ar piel\u0101gotu sl\u012bpo slie\u017eu virpo\u0161anas centru, apstr\u0101des centru, \u0101trgaitas asin\u0101\u0161anas ma\u0161\u012bnu, metin\u0101\u0161anas robotu un citu saist\u012btu apr\u012bkojumu, kas var apstr\u0101d\u0101t cilindriskas caurules ar maksim\u0101lo iek\u0161\u0113jo diametru 400 mm un maksim\u0101lo garumu 6 metri.<\/p>\n<p><img loading=\"lazy\" decoding=\"async\" class=\"alignnone wp-image-628 size-large\" src=\"https:\/\/hydraulic-cylinders.net\/wp-content\/uploads\/2023\/08\/hydraulic-cylinder-product-3-1024x391.webp\" alt=\"\" width=\"1024\" height=\"391\" srcset=\"https:\/\/hydraulic-cylinders.net\/wp-content\/uploads\/2023\/08\/hydraulic-cylinder-product-3-980x374.webp 980w, https:\/\/hydraulic-cylinders.net\/wp-content\/uploads\/2023\/08\/hydraulic-cylinder-product-3-480x183.webp 480w\" sizes=\"(min-width: 0px) and (max-width: 480px) 480px, (min-width: 481px) and (max-width: 980px) 980px, (min-width: 981px) 1024px, 100vw\" \/><\/p>\n<h3>(3) Metin\u0101\u0161ana<\/h3>\n<p><img loading=\"lazy\" decoding=\"async\" class=\"alignnone wp-image-629 size-large\" src=\"https:\/\/hydraulic-cylinders.net\/wp-content\/uploads\/2023\/08\/hydraulic-cylinder-product-4-1024x510.webp\" alt=\"\" width=\"1024\" height=\"510\" srcset=\"https:\/\/hydraulic-cylinders.net\/wp-content\/uploads\/2023\/08\/hydraulic-cylinder-product-4-980x488.webp 980w, https:\/\/hydraulic-cylinders.net\/wp-content\/uploads\/2023\/08\/hydraulic-cylinder-product-4-480x239.webp 480w\" sizes=\"(min-width: 0px) and (max-width: 480px) 480px, (min-width: 481px) and (max-width: 980px) 980px, (min-width: 981px) 1024px, 100vw\" \/><\/p>\n<h3>(4) Kr\u0101so\u0161ana un p\u0101rkl\u0101\u0161ana<\/h3>\n<p>Ar maz\u0101m un vid\u0113ja izm\u0113ra cilindrisk\u0101m autom\u0101tisk\u0101m \u016bdens b\u0101zes kr\u0101su p\u0101rkl\u0101\u0161anas l\u012bnij\u0101m, lai pan\u0101ktu autom\u0101tisku robotu iekrau\u0161anu un izkrau\u0161anu un autom\u0101tisku izsmidzin\u0101\u0161anu, projekt\u0113t\u0101 jauda ir 4000 gabali mai\u0146\u0101;<br \/>\nMums ir ar\u012b pusautom\u0101tiska kr\u0101su ra\u017eo\u0161anas l\u012bnija lieliem baloniem, ko darbina \u0137\u0113des piedzi\u0146a, ar 60 kastu konstrukcijas jaudu vien\u0101 mai\u0146\u0101.<\/p>\n<p><img loading=\"lazy\" decoding=\"async\" class=\"alignnone wp-image-630\" src=\"https:\/\/hydraulic-cylinders.net\/wp-content\/uploads\/2023\/08\/hydraulic-cylinder-product-5-300x213.webp\" alt=\"\" width=\"366\" height=\"260\" \/> <img loading=\"lazy\" decoding=\"async\" class=\"alignnone wp-image-631\" src=\"https:\/\/hydraulic-cylinders.net\/wp-content\/uploads\/2023\/08\/hydraulic-cylinder-product-6-300x225.webp\" alt=\"\" width=\"347\" height=\"260\" \/><\/p>\n<h3>(5) Test\u0113\u0161ana<\/h3>\n<p>Mums ir augst\u0101k\u0101s klases p\u0101rbaudes iek\u0101rtas un test\u0113\u0161anas stendi, lai nodro\u0161in\u0101tu, ka balona veiktsp\u0113ja atbilst pras\u012bb\u0101m.<\/p>\n<p><img loading=\"lazy\" decoding=\"async\" class=\"alignnone wp-image-632\" src=\"https:\/\/hydraulic-cylinders.net\/wp-content\/uploads\/2023\/08\/hydraulic-cylinder-product-8-300x200.webp\" alt=\"\" width=\"389\" height=\"260\" \/><\/p>\n<p>&nbsp;<\/p>\n<p>&nbsp;<\/p>\n<p>M\u0113s esam viens no lab\u0101kajiem hidraulisko cilindru ra\u017eot\u0101jiem. M\u0113s varam pied\u0101v\u0101t visaptvero\u0161us hidrauliskos cilindrus. M\u0113s nodro\u0161in\u0101m ar\u012b atbilsto\u0161us <a href=\"https:\/\/hzpt.com\/agricultural-pto-gearbox\/\" target=\"_blank\" rel=\"noopener\">lauksaimniec\u012bbas p\u0101rnesumk\u0101rbas<\/a>. M\u0113s esam eksport\u0113ju\u0161i savus produktus klientiem vis\u0101 pasaul\u0113 un esam ieguvu\u0161i labu reput\u0101ciju, pateicoties m\u016bsu izcilajai produktu kvalit\u0101tei un p\u0113cp\u0101rdo\u0161anas servisam. M\u0113s aicin\u0101m klientus no valsts un \u0101rvalst\u012bm sazin\u0101ties ar mums, lai risin\u0101tu biznesa sarunas, apmain\u012btos ar inform\u0101ciju un... <a href=\"https:\/\/www.hydraulic-cylinders.net\/lv\/contact-us\/\">sadarboties ar mums<\/a>!<\/p>","protected":false},"excerpt":{"rendered":"<p>Trailing Suction Dredger Heave Compensation Cylinder The trailing suction dredger heave compensation cylinder is a cutting-edge hydraulic device that has revolutionized the efficiency and effectiveness of dredging operations. Designed to provide precise heave compensation, this cylinder ensures optimal dredging performance even in challenging marine environments. The trailing suction dredger heave compensation cylinder is a game-changer [&hellip;]<\/p>","protected":false},"featured_media":1767,"comment_status":"open","ping_status":"closed","template":"","meta":{"_et_pb_use_builder":"","_et_pb_old_content":"","_et_gb_content_width":""},"product_brand":[],"product_cat":[1550,1535,1552,1376],"product_tag":[1380],"class_list":{"0":"post-1762","1":"product","2":"type-product","3":"status-publish","4":"has-post-thumbnail","6":"product_cat-double-acting-hydraulic-cylinder","7":"product_cat-dredger-hydraulic-cylinders","8":"product_cat-stainless-steel-hydraulic-cylinder","9":"product_cat-hydraulic-cylinder","10":"product_tag-hydraulic-cylinder","12":"first","13":"instock","14":"shipping-taxable","15":"product-type-simple"},"amp_enabled":true,"_links":{"self":[{"href":"https:\/\/www.hydraulic-cylinders.net\/lv\/wp-json\/wp\/v2\/product\/1762","targetHints":{"allow":["GET"]}}],"collection":[{"href":"https:\/\/www.hydraulic-cylinders.net\/lv\/wp-json\/wp\/v2\/product"}],"about":[{"href":"https:\/\/www.hydraulic-cylinders.net\/lv\/wp-json\/wp\/v2\/types\/product"}],"replies":[{"embeddable":true,"href":"https:\/\/www.hydraulic-cylinders.net\/lv\/wp-json\/wp\/v2\/comments?post=1762"}],"wp:featuredmedia":[{"embeddable":true,"href":"https:\/\/www.hydraulic-cylinders.net\/lv\/wp-json\/wp\/v2\/media\/1767"}],"wp:attachment":[{"href":"https:\/\/www.hydraulic-cylinders.net\/lv\/wp-json\/wp\/v2\/media?parent=1762"}],"wp:term":[{"taxonomy":"product_brand","embeddable":true,"href":"https:\/\/www.hydraulic-cylinders.net\/lv\/wp-json\/wp\/v2\/product_brand?post=1762"},{"taxonomy":"product_cat","embeddable":true,"href":"https:\/\/www.hydraulic-cylinders.net\/lv\/wp-json\/wp\/v2\/product_cat?post=1762"},{"taxonomy":"product_tag","embeddable":true,"href":"https:\/\/www.hydraulic-cylinders.net\/lv\/wp-json\/wp\/v2\/product_tag?post=1762"}],"curies":[{"name":"wp","href":"https:\/\/api.w.org\/{rel}","templated":true}]}}