{"id":1768,"date":"2023-10-13T06:16:16","date_gmt":"2023-10-13T06:16:16","guid":{"rendered":"https:\/\/hydraulic-cylinders.net\/?post_type=product&#038;p=1768"},"modified":"2025-04-15T05:55:00","modified_gmt":"2025-04-15T05:55:00","slug":"trailing-suction-dredger-hanger-cylinder","status":"publish","type":"product","link":"https:\/\/www.hydraulic-cylinders.net\/lv\/products\/trailing-suction-dredger-hanger-cylinder\/","title":{"rendered":"Piekabin\u0101m\u0101 s\u016bk\u0161anas zemess\u016bc\u0113ja pakaram\u0101 cilindrs"},"content":{"rendered":"<h1 style=\"text-align: center;\"><strong>Piekabin\u0101m\u0101 s\u016bk\u0161anas zemess\u016bc\u0113ja pakaram\u0101 cilindrs<\/strong><\/h1>\n<p><img loading=\"lazy\" decoding=\"async\" class=\"aligncenter wp-image-1771\" src=\"https:\/\/hydraulic-cylinders.net\/wp-content\/uploads\/2023\/10\/trailing-suction-dredger-hanger-cylinder-1-2-300x300.webp\" alt=\"\" width=\"400\" height=\"400\" \/><\/p>\n<p>Velkam\u0101s ies\u016bk\u0161anas zemess\u016bc\u0113ja piekares cilindrs ir b\u016btiska hidrauliska sast\u0101vda\u013ca, kas iev\u0113rojami optimiz\u0113 bagar\u0113\u0161anas oper\u0101ciju efektivit\u0101ti un lietder\u012bbu. \u0160is cilindrs, kas paredz\u0113ts uzticama atbalsta un vad\u012bbas nodro\u0161in\u0101\u0161anai, nodro\u0161ina velkam\u0101s ies\u016bk\u0161anas piekares sist\u0113mas prec\u012bzu pozicion\u0113\u0161anu un stabilit\u0101ti.<\/p>\n<p>The trailing suction dredger hanger cylinder is vital in optimizing dredging operations&#8217; efficiency and productivity. With its robust construction, precise positioning, and load-bearing capacity, this hydraulic cylinder provides the necessary support and control for the trailing suction hanger system. By following proper usage methods and adhering to regular maintenance practices, dredging professionals can maximize the performance and lifespan of this exceptional product. Embrace the power of the trailing suction dredger hanger cylinder and experience the difference it can make in your dredging endeavors.<\/p>\n<p>Piekabin\u0101m\u0101 ies\u016bk\u0161anas zemess\u016bc\u0113ja piekaram\u0101 cilindra galven\u0101s \u012bpa\u0161\u012bbas:<\/p>\n<ol>\n<li>Iztur\u012bga konstrukcija: Velkam\u0101 s\u016bk\u0161anas bagarku\u0123a piekares cilindrs ir izgatavots no augstas kvalit\u0101tes materi\u0101liem, kas nodro\u0161ina izcilu iztur\u012bbu un ilgm\u016b\u017e\u012bbu. Tas ir izstr\u0101d\u0101ts, lai iztur\u0113tu skarbos j\u016bras apst\u0101k\u013cus, nodro\u0161inot uzticamu veiktsp\u0113ju un ilgm\u016b\u017e\u012bbu.<\/li>\n<li>Prec\u012bza pozicion\u0113\u0161ana: \u0160is cilindrs nodro\u0161ina prec\u012bzu piekabin\u0101m\u0101s piekares sist\u0113mas pozicion\u0113\u0161anu, t\u0101d\u0113j\u0101di nodro\u0161inot prec\u012bzas bagar\u0113\u0161anas darb\u012bbas. T\u0101 prec\u012bzi noregul\u0113t\u0101 hidraulisk\u0101 vad\u012bba nodro\u0161ina stabilit\u0101ti un kontroli bagar\u0113\u0161anas procesa laik\u0101.<\/li>\n<li>Nestsp\u0113ja: Piekares cilindrs ir paredz\u0113ts iev\u0113rojamu slodzi iztur\u0113\u0161anai, kas saist\u012bta ar piekabin\u0101mo ies\u016bk\u0161anas piekares sist\u0113mu. Tas nodro\u0161ina nepiecie\u0161amo sp\u0113ku un atbalstu ies\u016bk\u0161anas galvas pacel\u0161anai un manevr\u0113\u0161anai, uzlabojot bagar\u0113\u0161anas efektivit\u0101ti.<\/li>\n<\/ol>\n<h2><strong>Piekabin\u0101m\u0101 s\u016bk\u0161anas zemess\u016bc\u0113ja pakaram\u0101 cilindra parametrs:<\/strong><\/h2>\n<table border=\"1\" cellspacing=\"0\" cellpadding=\"0\">\n<tbody>\n<tr>\n<td>Produkta nosaukums<\/td>\n<td>Piekabin\u0101m\u0101 s\u016bk\u0161anas zemess\u016bc\u0113ja pakaram\u0101 cilindrs<\/td>\n<\/tr>\n<tr>\n<td>Funkcijas:<\/td>\n<td>Nodro\u0161iniet vilk\u0161anas sp\u0113ku piekares ievilk\u0161anai un atloc\u012b\u0161anai<\/td>\n<\/tr>\n<tr>\n<td>Urbuma diametrs:<\/td>\n<td>450 mm<\/td>\n<\/tr>\n<tr>\n<td>Stie\u0146a diametrs:<\/td>\n<td>220 mm<br \/>\nG\u0101jiens: 3630 mm<\/td>\n<\/tr>\n<tr>\n<td>Spiediens:<\/td>\n<td>l\u012bdz 32 MPa<\/td>\n<\/tr>\n<tr>\n<td>Vilk\u0161anas sp\u0113ks:<\/td>\n<td>Maksim\u0101li 3000 kN<\/td>\n<\/tr>\n<tr>\n<td>Lietojumi:<\/td>\n<td>Vilk\u0161anas s\u016bk\u0161anas zemess\u016bc\u0113js<\/td>\n<\/tr>\n<\/tbody>\n<\/table>\n<div><\/div>\n<div>\n<div class=\"txtboxL\">\n<div class=\"txtboxL\">\n<div class=\"txtboxL\">Funkcijas:<\/div>\n<div class=\"txtboxR\">Nodro\u0161iniet vilk\u0161anas sp\u0113ku piekares ievilk\u0161anai un atloc\u012b\u0161anai<\/div>\n<div class=\"txtboxL\">Specifik\u0101cija:<\/div>\n<div class=\"txtboxR\">Urbuma diametrs: 450 mm<br \/>\nStie\u0146a diametrs: 220 mm<br \/>\nG\u0101jiens: 3630 mm<\/div>\n<div class=\"txtboxL\">Spiediens:<\/div>\n<div class=\"txtboxR\">l\u012bdz 32 MPa<\/div>\n<div class=\"txtboxL\">Vilk\u0161anas sp\u0113ks:<\/div>\n<div class=\"txtboxR\">Maksim\u0101li 3000 kN<\/div>\n<\/div>\n<\/div>\n<\/div>\n<h2><strong>Bagarku\u0123a tvertnes griez\u0113ja-ies\u016bk\u0161anas cilindru pielietojums:<\/strong><\/h2>\n<p><img loading=\"lazy\" decoding=\"async\" class=\"alignnone wp-image-1757 size-full\" src=\"https:\/\/hydraulic-cylinders.net\/wp-content\/uploads\/2023\/10\/dredger-tank-cylinder-1.webp\" alt=\"\" width=\"600\" height=\"400\" srcset=\"https:\/\/hydraulic-cylinders.net\/wp-content\/uploads\/2023\/10\/dredger-tank-cylinder-1.webp 600w, https:\/\/hydraulic-cylinders.net\/wp-content\/uploads\/2023\/10\/dredger-tank-cylinder-1-480x320.webp 480w\" sizes=\"(min-width: 0px) and (max-width: 480px) 480px, (min-width: 481px) 600px, 100vw\" \/><\/p>\n<h2><strong>S\u016bk\u0161anas bagar\u0113t\u0101ja pakaram\u0101 cilindra lieto\u0161anas metode<\/strong><strong>:<\/strong><\/h2>\n<ol>\n<li><strong>Uzst\u0101d\u012b\u0161ana:<\/strong>\u00a0 Securely mount the trailing suction hanger cylinder to the dredger&#8217;s structure or equipment. Ensure proper alignment and secure attachment to provide stability during operation.<\/li>\n<li><strong>Hidrauliskie savienojumi:<\/strong> Pievienojiet cilindru hidrauliskajam baro\u0161anas avotam, izmantojot sader\u012bgas \u0161\u013c\u016btenes vai savienojumus. P\u0101rliecinieties, vai savienojumi ir cie\u0161i nostiprin\u0101ti un bez nopl\u016bd\u0113m.<\/li>\n<li><strong>Pozicion\u0113\u0161anas regul\u0113\u0161ana:<\/strong> Piel\u0101gojiet piekares cilindra poz\u012bciju, lai sasniegtu v\u0113lamo augstumu un le\u0146\u0137i piekabin\u0101majai piekares sist\u0113mai. Izmantojiet paredz\u0113tos hidrauliskos vad\u012bbas meh\u0101nismus, lai prec\u012bzi noregul\u0113tu pozicion\u0113\u0161anu.<\/li>\n<li><strong>Neso\u0161\u0101 balsta konstrukcija:<\/strong> Aktiviz\u0113jiet hidraulisko baro\u0161anas avotu, lai pieliktu nepiecie\u0161amo sp\u0113ku ies\u016bk\u0161anas galvas pacel\u0161anai un vad\u012bbai. Piekares cilindrs nodro\u0161ina stabilu slodzi neso\u0161u atbalstu, garant\u0113jot stabilit\u0101ti un kontroli bagar\u0113\u0161anas laik\u0101.<\/li>\n<\/ol>\n<h2><strong>K\u0101 darbojas hidrauliskais cilindrs?<\/strong><\/h2>\n<p>A hydraulic cylinder is a mechanical actuator that converts hydraulic pressure into linear force and motion. It consists of a cylindrical barrel, a piston, a piston rod, seals, and ports for hydraulic fluid. Here&#8217;s a breakdown of how a hydraulic cylinder works:<\/p>\n<ol>\n<li><strong>Hidraulisk\u0101 \u0161\u0137idruma padeve:<\/strong> Hidrauliskais cilindrs ir savienots ar hidraulisko sp\u0113ka agreg\u0101tu vai s\u016bkni, kas pieg\u0101d\u0101 spiediena hidraulisko \u0161\u0137idrumu. \u0160\u0137idrums parasti ir uz e\u013c\u013cas b\u0101zes veidots hidrauliskais \u0161\u0137idrums.<\/li>\n<li><strong>Cilindra strukt\u016bra:<\/strong> Cilindram ir doba cilindriska muca ar taj\u0101 ievietotu virzuli. Virzulis sadala cilindru div\u0101s kamer\u0101s: stie\u0146a gala kamer\u0101 un v\u0101ci\u0146a gala kamer\u0101.<\/li>\n<li><strong>Spiediena pielietojums:<\/strong> Hidrauliskais \u0161\u0137idrums tiek novirz\u012bts vien\u0101 no cilindra kamer\u0101m \u2014 vai nu stie\u0146a gal\u0101, vai v\u0101ci\u0146a gal\u0101 \u2014 atkar\u012bb\u0101 no v\u0113lam\u0101 kust\u012bbas virziena.<\/li>\n<li><strong>Spiediena starp\u012bba:<\/strong> Spiediena hidrauliskais \u0161\u0137idrums iedarbojas uz virzu\u013ca virsmas laukumu, radot sp\u0113ku, kas virza virzuli nor\u0101d\u012btaj\u0101 virzien\u0101. Spiediena starp\u012bba starp ab\u0101m kamer\u0101m izraisa virzu\u013ca kust\u012bbu.<\/li>\n<li><strong>Line\u0101ra kust\u012bba:<\/strong> Hidrauliskajam \u0161\u0137idrumam spie\u017eoties pret virzuli, pie virzu\u013ca piestiprin\u0101tais virzu\u013ca stienis line\u0101ri izstiepjas vai ievelkas atkar\u012bb\u0101 no \u0161\u0137idruma pl\u016bsmas virziena. \u0160\u012b line\u0101r\u0101 kust\u012bba p\u0101rnes sp\u0113ku uz slodzi vai meh\u0101nismu, kas savienots ar virzu\u013ca stieni.<\/li>\n<li><strong>Bl\u012bv\u0113\u0161anas meh\u0101nisms:<\/strong> Hidrauliskais cilindrs ir apr\u012bkots ar bl\u012bv\u0113m, piem\u0113ram, virzu\u013ca bl\u012bv\u0113m un stie\u0146a bl\u012bv\u0113m, lai nov\u0113rstu hidraulisk\u0101 \u0161\u0137idruma nopl\u016bdi. \u0160\u012bs bl\u012bves uztur spiedienu cilindr\u0101 un nodro\u0161ina vienm\u0113r\u012bgu darb\u012bbu, nov\u0113r\u0161ot \u0161\u0137idruma nopl\u016bdi.<\/li>\n<li><strong>Vad\u012bbas v\u0101rsti:<\/strong> Control valves are used to control the direction and flow of hydraulic fluid. These valves direct the flow of hydraulic fluid into the cylinder&#8217;s appropriate chamber, enabling the piston&#8217;s extension or retraction.<\/li>\n<li><strong>Spiediena mazin\u0101\u0161ana:<\/strong> Lai kontrol\u0113tu hidraulisk\u0101 cilindra \u0101trumu un sp\u0113ku, hidrauliskaj\u0101 sist\u0113m\u0101 var ieb\u016bv\u0113t spiediena samazin\u0101\u0161anas v\u0101rstus vai pl\u016bsmas regul\u0113\u0161anas v\u0101rstus. \u0160ie v\u0101rsti regul\u0113 hidraulisk\u0101 \u0161\u0137idruma spiedienu un pl\u016bsmu, nov\u0113r\u0161ot p\u0101rm\u0113r\u012bgu spiediena palielin\u0101\u0161anos un nodro\u0161inot dro\u0161u darb\u012bbu.<\/li>\n<li><strong>Slodzes pielietojums:<\/strong> Hidraulisk\u0101 cilindra virzu\u013ca stienis ir savienots ar slodzi vai meh\u0101nismu, kam nepiecie\u0161ams sp\u0113ks vai kust\u012bba. Virzulim izstiepjoties vai ievelkot, rad\u012btais sp\u0113ks caur virzu\u013ca stieni tiek p\u0101rnests uz slodzi, \u013caujot tai kust\u0113ties vai rad\u012bt sp\u0113ku.<\/li>\n<\/ol>\n<h2><strong>R\u016bpn\u012bcas iesp\u0113jas un jauda:<\/strong><\/h2>\n<h3>(1) Mont\u0101\u017ea<\/h3>\n<p>Mums ir pirmklas\u012bga neatkar\u012bga p\u0113tniec\u012bbas un att\u012bst\u012bbas mont\u0101\u017eas platforma. Hidraulisko cilindru ra\u017eo\u0161anas darbn\u012bc\u0101 ir \u010detras pusautom\u0101tiskas pacel\u0161anas cilindru mont\u0101\u017eas l\u012bnijas un viena autom\u0101tisk\u0101 sl\u012bpuma cilindru mont\u0101\u017eas l\u012bnija ar projekt\u0113to gada ra\u017eo\u0161anas jaudu 1 miljons vien\u012bbu. Speci\u0101lo cilindru darbn\u012bca ir apr\u012bkota ar da\u017e\u0101du specifik\u0101ciju pusautom\u0101tisku t\u012br\u012b\u0161anas mont\u0101\u017eas sist\u0113mu ar projekt\u0113to gada ra\u017eo\u0161anas jaudu 200 000 vien\u012bbu un apr\u012bkota ar slaven\u0101m CNC apstr\u0101des iek\u0101rt\u0101m, apstr\u0101des centru, augstas precizit\u0101tes cilindru apstr\u0101des speci\u0101lo apr\u012bkojumu, robotiz\u0113tu metin\u0101\u0161anas iek\u0101rtu, autom\u0101tisku t\u012br\u012b\u0161anas iek\u0101rtu, autom\u0101tisku cilindru mont\u0101\u017eas iek\u0101rtu un autom\u0101tisku kr\u0101so\u0161anas ra\u017eo\u0161anas l\u012bniju. Eso\u0161ais kritiskais apr\u012bkojums ir vair\u0101k nek\u0101 300 komplektu (komplektu). Optim\u0101la iek\u0101rtu resursu sadale un efekt\u012bva izmanto\u0161ana nodro\u0161ina produktu precizit\u0101tes pras\u012bbas un apmierina produktu augst\u0101s kvalit\u0101tes pras\u012bbas.<\/p>\n<p><img loading=\"lazy\" decoding=\"async\" class=\"alignnone wp-image-626\" src=\"https:\/\/hydraulic-cylinders.net\/wp-content\/uploads\/2023\/08\/hydraulic-cylinder-product-1-300x158.webp\" alt=\"\" width=\"495\" height=\"260\" srcset=\"https:\/\/hydraulic-cylinders.net\/wp-content\/uploads\/2023\/08\/hydraulic-cylinder-product-1-300x158.webp 495w, https:\/\/hydraulic-cylinders.net\/wp-content\/uploads\/2023\/08\/hydraulic-cylinder-product-1-480x252.webp 480w\" sizes=\"(min-width: 0px) and (max-width: 480px) 480px, (min-width: 481px) 495px, 100vw\" \/> <img loading=\"lazy\" decoding=\"async\" class=\"alignnone wp-image-627\" src=\"https:\/\/hydraulic-cylinders.net\/wp-content\/uploads\/2023\/08\/hydraulic-cylinder-product-2-300x189.webp\" alt=\"\" width=\"413\" height=\"260\" \/><\/p>\n<h3>(2) Apstr\u0101de<\/h3>\n<p>Apstr\u0101des cehs ir apr\u012bkots ar piel\u0101gotu sl\u012bpo slie\u017eu virpo\u0161anas centru, apstr\u0101des centru, \u0101trgaitas asin\u0101\u0161anas ma\u0161\u012bnu, metin\u0101\u0161anas robotu un citu saist\u012btu apr\u012bkojumu, kas var apstr\u0101d\u0101t cilindriskas caurules ar maksim\u0101lo iek\u0161\u0113jo diametru 400 mm un maksim\u0101lo garumu 6 metri.<\/p>\n<p><img loading=\"lazy\" decoding=\"async\" class=\"alignnone wp-image-628 size-large\" src=\"https:\/\/hydraulic-cylinders.net\/wp-content\/uploads\/2023\/08\/hydraulic-cylinder-product-3-1024x391.webp\" alt=\"\" width=\"1024\" height=\"391\" srcset=\"https:\/\/hydraulic-cylinders.net\/wp-content\/uploads\/2023\/08\/hydraulic-cylinder-product-3-980x374.webp 980w, https:\/\/hydraulic-cylinders.net\/wp-content\/uploads\/2023\/08\/hydraulic-cylinder-product-3-480x183.webp 480w\" sizes=\"(min-width: 0px) and (max-width: 480px) 480px, (min-width: 481px) and (max-width: 980px) 980px, (min-width: 981px) 1024px, 100vw\" \/><\/p>\n<h3>(3) Metin\u0101\u0161ana<\/h3>\n<p><img loading=\"lazy\" decoding=\"async\" class=\"alignnone wp-image-629 size-large\" src=\"https:\/\/hydraulic-cylinders.net\/wp-content\/uploads\/2023\/08\/hydraulic-cylinder-product-4-1024x510.webp\" alt=\"\" width=\"1024\" height=\"510\" srcset=\"https:\/\/hydraulic-cylinders.net\/wp-content\/uploads\/2023\/08\/hydraulic-cylinder-product-4-980x488.webp 980w, https:\/\/hydraulic-cylinders.net\/wp-content\/uploads\/2023\/08\/hydraulic-cylinder-product-4-480x239.webp 480w\" sizes=\"(min-width: 0px) and (max-width: 480px) 480px, (min-width: 481px) and (max-width: 980px) 980px, (min-width: 981px) 1024px, 100vw\" \/><\/p>\n<h3>(4) Kr\u0101so\u0161ana un p\u0101rkl\u0101\u0161ana<\/h3>\n<p>Ar maz\u0101m un vid\u0113ja izm\u0113ra cilindrisk\u0101m autom\u0101tisk\u0101m \u016bdens b\u0101zes kr\u0101su p\u0101rkl\u0101\u0161anas l\u012bnij\u0101m, lai pan\u0101ktu autom\u0101tisku robotu iekrau\u0161anu un izkrau\u0161anu un autom\u0101tisku izsmidzin\u0101\u0161anu, projekt\u0113t\u0101 jauda ir 4000 gabali mai\u0146\u0101;<br \/>\nMums ir ar\u012b pusautom\u0101tiska kr\u0101su ra\u017eo\u0161anas l\u012bnija lieliem baloniem, ko darbina \u0137\u0113des piedzi\u0146a, ar 60 kastu konstrukcijas jaudu vien\u0101 mai\u0146\u0101.<\/p>\n<p><img loading=\"lazy\" decoding=\"async\" class=\"alignnone wp-image-630\" src=\"https:\/\/hydraulic-cylinders.net\/wp-content\/uploads\/2023\/08\/hydraulic-cylinder-product-5-300x213.webp\" alt=\"\" width=\"366\" height=\"260\" \/> <img loading=\"lazy\" decoding=\"async\" class=\"alignnone wp-image-631\" src=\"https:\/\/hydraulic-cylinders.net\/wp-content\/uploads\/2023\/08\/hydraulic-cylinder-product-6-300x225.webp\" alt=\"\" width=\"347\" height=\"260\" \/><\/p>\n<h3>(5) Test\u0113\u0161ana<\/h3>\n<p>Mums ir augst\u0101k\u0101s klases p\u0101rbaudes iek\u0101rtas un test\u0113\u0161anas stendi, lai nodro\u0161in\u0101tu, ka balona veiktsp\u0113ja atbilst pras\u012bb\u0101m.<\/p>\n<p><img loading=\"lazy\" decoding=\"async\" class=\"alignnone wp-image-632\" src=\"https:\/\/hydraulic-cylinders.net\/wp-content\/uploads\/2023\/08\/hydraulic-cylinder-product-8-300x200.webp\" alt=\"\" width=\"389\" height=\"260\" \/><\/p>\n<p>&nbsp;<\/p>\n<p>&nbsp;<\/p>\n<p>M\u0113s esam viens no lab\u0101kajiem hidraulisko cilindru ra\u017eot\u0101jiem. M\u0113s varam pied\u0101v\u0101t visaptvero\u0161us hidrauliskos cilindrus. M\u0113s nodro\u0161in\u0101m ar\u012b atbilsto\u0161us <a href=\"https:\/\/hzpt.com\/agricultural-pto-gearbox\/\" target=\"_blank\" rel=\"noopener\">lauksaimniec\u012bbas p\u0101rnesumk\u0101rbas<\/a>. M\u0113s esam eksport\u0113ju\u0161i savus produktus klientiem vis\u0101 pasaul\u0113 un esam ieguvu\u0161i labu reput\u0101ciju, pateicoties m\u016bsu izcilajai produktu kvalit\u0101tei un p\u0113cp\u0101rdo\u0161anas servisam. M\u0113s aicin\u0101m klientus no valsts un \u0101rvalst\u012bm sazin\u0101ties ar mums, lai risin\u0101tu biznesa sarunas, apmain\u012btos ar inform\u0101ciju un... <a href=\"https:\/\/www.hydraulic-cylinders.net\/lv\/contact-us\/\">sadarboties ar mums<\/a>!<\/p>","protected":false},"excerpt":{"rendered":"<p>Trailing Suction Dredger Hanger Cylinder The trailing suction dredger hanger cylinder is a crucial hydraulic component that significantly optimizes the efficiency and effectiveness of dredging operations. Designed to provide reliable support and control, this cylinder ensures precise positioning and stability of the trailing suction hanger system. The trailing suction dredger hanger cylinder is vital in [&hellip;]<\/p>","protected":false},"featured_media":1769,"comment_status":"open","ping_status":"closed","template":"","meta":{"_et_pb_use_builder":"","_et_pb_old_content":"","_et_gb_content_width":""},"product_brand":[],"product_cat":[1535,1549,1552,1376],"product_tag":[1380],"class_list":{"0":"post-1768","1":"product","2":"type-product","3":"status-publish","4":"has-post-thumbnail","6":"product_cat-dredger-hydraulic-cylinders","7":"product_cat-single-acting-hydraulic-cylinder","8":"product_cat-stainless-steel-hydraulic-cylinder","9":"product_cat-hydraulic-cylinder","10":"product_tag-hydraulic-cylinder","12":"first","13":"instock","14":"shipping-taxable","15":"product-type-simple"},"amp_enabled":true,"_links":{"self":[{"href":"https:\/\/www.hydraulic-cylinders.net\/lv\/wp-json\/wp\/v2\/product\/1768","targetHints":{"allow":["GET"]}}],"collection":[{"href":"https:\/\/www.hydraulic-cylinders.net\/lv\/wp-json\/wp\/v2\/product"}],"about":[{"href":"https:\/\/www.hydraulic-cylinders.net\/lv\/wp-json\/wp\/v2\/types\/product"}],"replies":[{"embeddable":true,"href":"https:\/\/www.hydraulic-cylinders.net\/lv\/wp-json\/wp\/v2\/comments?post=1768"}],"wp:featuredmedia":[{"embeddable":true,"href":"https:\/\/www.hydraulic-cylinders.net\/lv\/wp-json\/wp\/v2\/media\/1769"}],"wp:attachment":[{"href":"https:\/\/www.hydraulic-cylinders.net\/lv\/wp-json\/wp\/v2\/media?parent=1768"}],"wp:term":[{"taxonomy":"product_brand","embeddable":true,"href":"https:\/\/www.hydraulic-cylinders.net\/lv\/wp-json\/wp\/v2\/product_brand?post=1768"},{"taxonomy":"product_cat","embeddable":true,"href":"https:\/\/www.hydraulic-cylinders.net\/lv\/wp-json\/wp\/v2\/product_cat?post=1768"},{"taxonomy":"product_tag","embeddable":true,"href":"https:\/\/www.hydraulic-cylinders.net\/lv\/wp-json\/wp\/v2\/product_tag?post=1768"}],"curies":[{"name":"wp","href":"https:\/\/api.w.org\/{rel}","templated":true}]}}