{"id":1775,"date":"2023-10-13T06:57:31","date_gmt":"2023-10-13T06:57:31","guid":{"rendered":"https:\/\/hydraulic-cylinders.net\/?post_type=product&#038;p=1775"},"modified":"2025-04-15T05:54:54","modified_gmt":"2025-04-15T05:54:54","slug":"trailing-suction-dredger-overflow-cylinder","status":"publish","type":"product","link":"https:\/\/www.hydraulic-cylinders.net\/lv\/products\/trailing-suction-dredger-overflow-cylinder\/","title":{"rendered":"Piekabin\u0101m\u0101 s\u016bk\u0161anas zemess\u016bc\u0113ja p\u0101rpl\u016bdes cilindrs"},"content":{"rendered":"<h1 style=\"text-align: center;\"><strong>Piekabin\u0101m\u0101 s\u016bk\u0161anas zemess\u016bc\u0113ja p\u0101rpl\u016bdes cilindrs<\/strong><\/h1>\n<h1 style=\"text-align: center;\"><img loading=\"lazy\" decoding=\"async\" class=\"alignnone wp-image-1776\" src=\"https:\/\/hydraulic-cylinders.net\/wp-content\/uploads\/2023\/10\/trailing-suction-dredger-overflow-cylinder-1-300x300.webp\" alt=\"\" width=\"400\" height=\"400\" \/><\/h1>\n<p>Velkam\u0101 ies\u016bk\u0161anas zemess\u016bc\u0113ja p\u0101rpl\u016bdes cilindrs ir b\u016btiska m\u016bsdienu bagar\u0113\u0161anas iek\u0101rtu sast\u0101vda\u013ca. \u0160is cilindrs, kas paredz\u0113ts velkamo ies\u016bk\u0161anas zemess\u016bc\u0113ju veiktsp\u0113jas optimiz\u0113\u0161anai, sp\u0113l\u0113 iz\u0161\u0137iro\u0161u lomu p\u0101rpl\u016bdes sist\u0113mas p\u0101rvald\u012bb\u0101.<\/p>\n<p>Velkam\u0101 ies\u016bk\u0161anas zemess\u016bc\u0113ja p\u0101rpl\u016bdes cilindrs ir b\u016btiska sast\u0101vda\u013ca efekt\u012bvu un lietder\u012bgu bagar\u0113\u0161anas darb\u012bbu veik\u0161anai. Pateicoties t\u0101 iztur\u012bgajai konstrukcijai, prec\u012bzajai vad\u012bbai, uzticamajai iedarbin\u0101\u0161anai un piel\u0101gojamajiem iestat\u012bjumiem, \u0161is cilindrs uzlabo velkamo ies\u016bk\u0161anas zemess\u016bc\u0113ju kop\u0113jo veiktsp\u0113ju. Iev\u0113rojot ieteicam\u0101s lieto\u0161anas metodes un apkopes praksi, operatori var maksim\u0101li palielin\u0101t p\u0101rpl\u016bdes cilindra veiktsp\u0113ju un ilgm\u016b\u017e\u012bbu, galu gal\u0101 uzlabojot bagar\u0113\u0161anas darb\u012bbu efektivit\u0101ti un lietder\u012bbu.<\/p>\n<p>Vilk\u0161anas s\u016bk\u0161anas zemess\u016bc\u0113ja p\u0101rpl\u016bdes cilindra galven\u0101s \u012bpa\u0161\u012bbas:<\/p>\n<ol>\n<li>Iztur\u012bga konstrukcija:<\/li>\n<\/ol>\n<ul>\n<li>P\u0101rpl\u016bdes cilindrs ir izgatavots no augstas kvalit\u0101tes materi\u0101liem, kas nodro\u0161ina iztur\u012bbu un ilgm\u016b\u017e\u012bbu pat sare\u017e\u0123\u012btos bagar\u0113\u0161anas apst\u0101k\u013cos.<\/li>\n<li>T\u0101 iztur\u012bg\u0101 konstrukcija \u013cauj iztur\u0113t augstu spiedienu, skarbus apst\u0101k\u013cus un past\u0101v\u012bgu lieto\u0161anu, saglab\u0101jot nemain\u012bgu veiktsp\u0113ju visu bagar\u0113\u0161anas oper\u0101ciju laik\u0101.<\/li>\n<\/ul>\n<ol start=\"2\">\n<li>Prec\u012bza kontrole:<\/li>\n<\/ol>\n<ul>\n<li>\u0160is cilindrs nodro\u0161ina prec\u012bzu p\u0101rpl\u016bdes sist\u0113mas kontroli, \u013caujot prec\u012bzi p\u0101rvald\u012bt izskaloto materi\u0101lu.<\/li>\n<li>Tas nodro\u0161ina optim\u0101lu p\u0101rpl\u016bdes procesa kontroli un regul\u0113\u0161anu, veicinot efekt\u012bvu nogulumu atdal\u012b\u0161anu un izvad\u012b\u0161anu.<\/li>\n<\/ul>\n<ol start=\"3\">\n<li>Uzticama iedarbin\u0101\u0161ana:<\/li>\n<\/ol>\n<ul>\n<li>P\u0101rpl\u016bdes cilindrs nodro\u0161ina uzticamas iedarbin\u0101\u0161anas iesp\u0113jas, garant\u0113jot p\u0101rpl\u016bdes sist\u0113mas vienm\u0113r\u012bgu un nemain\u012bgu darb\u012bbu.<\/li>\n<li>Tas nodro\u0161ina nepiecie\u0161amo sp\u0113ku, lai kontrol\u0113tu p\u0101rpl\u016bdes v\u0101rstu kust\u012bbu, t\u0101d\u0113j\u0101di nodro\u0161inot efekt\u012bvu izskalot\u0101 materi\u0101la pl\u016bsmas p\u0101rvald\u012bbu.<\/li>\n<\/ul>\n<ol start=\"4\">\n<li>Piel\u0101gojami iestat\u012bjumi:<\/li>\n<\/ol>\n<ul>\n<li>\u0160is cilindrs \u013cauj piel\u0101got da\u017e\u0101dus parametrus, piem\u0113ram, atv\u0113r\u0161anas un aizv\u0113r\u0161anas \u0101trumu, g\u0101jiena garumu un iedarbin\u0101\u0161anas spiedienu.<\/li>\n<li>Operatori var piel\u0101got \u0161os iestat\u012bjumus konkr\u0113t\u0101m bagar\u0113\u0161anas pras\u012bb\u0101m, optimiz\u0113jot p\u0101rpl\u016bdes sist\u0113mas efektivit\u0101ti un lietder\u012bbu.<\/li>\n<\/ul>\n<h2><strong>Vilk\u0161anas s\u016bk\u0161anas zemess\u016bc\u0113ja p\u0101rpl\u016bdes cilindra parametrs:<\/strong><\/h2>\n<table border=\"1\" cellspacing=\"0\" cellpadding=\"0\">\n<tbody>\n<tr>\n<td>Produkta nosaukums<\/td>\n<td>Piekabin\u0101m\u0101 s\u016bk\u0161anas zemess\u016bc\u0113ja p\u0101rpl\u016bdes cilindrs<\/td>\n<\/tr>\n<tr>\n<td>Funkcijas:<\/td>\n<td>Nodro\u0161iniet vilk\u0161anas sp\u0113ku atvieglojuma caurules pacel\u0161anai<\/td>\n<\/tr>\n<tr>\n<td>Urbuma diametrs:<\/td>\n<td>L\u012bdz 280 mm<\/td>\n<\/tr>\n<tr>\n<td>Stie\u0146a diametrs:<\/td>\n<td>L\u012bdz 180 mm<br \/>\nG\u0101jiens l\u012bdz 6000 mm<\/td>\n<\/tr>\n<tr>\n<td>Spiediens:<\/td>\n<td>l\u012bdz 32 MPa<\/td>\n<\/tr>\n<tr>\n<td>Vilk\u0161anas sp\u0113ks:<\/td>\n<td>Maksim\u0101l\u0101 jauda 900 kN<\/td>\n<\/tr>\n<tr>\n<td>Lietojumi:<\/td>\n<td>Vilk\u0161anas s\u016bk\u0161anas zemess\u016bc\u0113js<\/td>\n<\/tr>\n<\/tbody>\n<\/table>\n<div><\/div>\n<div>\n<div class=\"txtboxL\">\n<div class=\"txtboxL\">\n<div class=\"txtboxL\">\n<div class=\"txtboxL\">Funkcijas:<\/div>\n<div class=\"txtboxR\">Nodro\u0161iniet vilk\u0161anas sp\u0113ku atvieglojuma caurules pacel\u0161anai<\/div>\n<div class=\"txtboxL\">Specifik\u0101cija:<\/div>\n<div class=\"txtboxR\">Urbuma diametrs: l\u012bdz 280 mm<br \/>\nStie\u0146a diametrs: l\u012bdz 180 mm<br \/>\nG\u0101jiens l\u012bdz 6000 mm<\/div>\n<div class=\"txtboxL\">Spiediens:<\/div>\n<div class=\"txtboxR\">l\u012bdz 32 MPa<\/div>\n<div class=\"txtboxL\">Vilk\u0161anas sp\u0113ks:<\/div>\n<div class=\"txtboxR\">Maksim\u0101l\u0101 jauda 900 kN<\/div>\n<\/div>\n<\/div>\n<\/div>\n<\/div>\n<h2><strong>Bagarku\u0123a tvertnes griez\u0113ja-ies\u016bk\u0161anas cilindru pielietojums:<\/strong><\/h2>\n<p><img loading=\"lazy\" decoding=\"async\" class=\"alignnone wp-image-1757 size-full\" src=\"https:\/\/hydraulic-cylinders.net\/wp-content\/uploads\/2023\/10\/dredger-tank-cylinder-1.webp\" alt=\"\" width=\"600\" height=\"400\" srcset=\"https:\/\/hydraulic-cylinders.net\/wp-content\/uploads\/2023\/10\/dredger-tank-cylinder-1.webp 600w, https:\/\/hydraulic-cylinders.net\/wp-content\/uploads\/2023\/10\/dredger-tank-cylinder-1-480x320.webp 480w\" sizes=\"(min-width: 0px) and (max-width: 480px) 480px, (min-width: 481px) 600px, 100vw\" \/><\/p>\n<h2><strong>S\u016bk\u0161anas bagar\u0113t\u0101ja p\u0101rpl\u016bdes cilindra lieto\u0161anas metode<\/strong><strong>:<\/strong><\/h2>\n<ol>\n<li><strong>Uzst\u0101d\u012b\u0161ana:<\/strong><\/li>\n<\/ol>\n<ul>\n<li>Lai dro\u0161i uzst\u0101d\u012btu p\u0101rpl\u016bdes cilindru uz vilk\u0161anas ies\u016bk\u0161anas zemess\u016bc\u0113ja, iev\u0113rojiet ra\u017eot\u0101ja nor\u0101d\u012bjumus.<\/li>\n<li>Nodro\u0161iniet pareizu cilindra izl\u012bdzin\u0101\u0161anu un piestiprin\u0101\u0161anu pie p\u0101rpl\u016bdes v\u0101rsta un saist\u012btaj\u0101m deta\u013c\u0101m, nodro\u0161inot vienm\u0113r\u012bgu un uzticamu darb\u012bbu.<\/li>\n<\/ul>\n<ol start=\"2\">\n<li><strong>P\u0101rpildes sist\u0113mas p\u0101rvald\u012bba:<\/strong><\/li>\n<\/ol>\n<ul>\n<li>Izmantojiet zemess\u016bc\u0113ja vad\u012bbas sist\u0113mu, lai darbin\u0101tu un p\u0101rvald\u012btu p\u0101rpl\u016bdes cilindru.<\/li>\n<li>Kontrol\u0113jiet p\u0101rpl\u016bdes v\u0101rstu atv\u0113r\u0161anu un aizv\u0113r\u0161anu, izmantojot tam paredz\u0113t\u0101s vad\u012bbas ier\u012bces, kas \u013cauj prec\u012bzi kontrol\u0113t izskalot\u0101 materi\u0101la pl\u016bsmu un izvad\u012b\u0161anu.<\/li>\n<\/ul>\n<ol start=\"3\">\n<li><strong>Bagar\u0113\u0161anas oper\u0101cijas:<\/strong><\/li>\n<\/ol>\n<ul>\n<li>Aktiviz\u0113jiet p\u0101rpl\u016bdes cilindru, lai bagar\u0113\u0161anas laik\u0101 atbilsto\u0161i nepiecie\u0161am\u012bbai piel\u0101gotu p\u0101rpl\u016bdes v\u0101rstu poz\u012bciju.<\/li>\n<li>Piel\u0101gojiet cilindra iestat\u012bjumus, piem\u0113ram, \u0101trumu un g\u0101jiena garumu, lai optimiz\u0113tu p\u0101rpl\u016bdes procesu un nodro\u0161in\u0101tu efekt\u012bvu nogulumu atdal\u012b\u0161anu un izvad\u012b\u0161anu.<\/li>\n<\/ul>\n<h2><strong>K\u0101 izjaukt hidraulisko cilindru?<\/strong><\/h2>\n<p>Hidraulisk\u0101 cilindra izjauk\u0161anai nepiecie\u0161ama r\u016bp\u012bga uzman\u012bba un pareizu proced\u016bru iev\u0113ro\u0161ana, lai nodro\u0161in\u0101tu dro\u0161u un efekt\u012bvu demont\u0101\u017eu. \u0160eit ir sniegts soli pa solim sniegts nor\u0101d\u012bjums par hidraulisk\u0101 cilindra izjauk\u0161anu:<\/p>\n<ol>\n<li><strong>Sav\u0101ciet nepiecie\u0161amos instrumentus un apr\u012bkojumu:<\/strong>\n<ul>\n<li>Uzgrie\u017e\u0146u atsl\u0113gas vai uzmavu komplekts<\/li>\n<li>Skr\u016bvgriezis vai skr\u016bvgriezis<\/li>\n<li>Gumijas \u0101murs vai \u0101murs ar necaurlaid\u012bgu triecienu<\/li>\n<li>T\u012bras lupatas vai veikala dvie\u013ci<\/li>\n<li>Hidraulisk\u0101 \u0161\u0137idruma sav\u0101k\u0161anas panna vai konteiners<\/li>\n<li>Dro\u0161\u012bbas cimdi un aizsargbrilles<\/li>\n<\/ul>\n<\/li>\n<li><strong>Sagatavojiet darba zonu:<\/strong>\n<ul>\n<li>P\u0101rliecinieties, ka jums ir t\u012bra un organiz\u0113ta darba zona ar pietiekami daudz vietas, lai izvietotu izjaukt\u0101s sast\u0101vda\u013cas.<\/li>\n<li>Novietojiet absorb\u0113jo\u0161u pakl\u0101ju vai e\u013c\u013cu absorb\u0113jo\u0161u materi\u0101lu, lai sav\u0101ktu izliju\u0161o hidraulisko \u0161\u0137idrumu.<\/li>\n<\/ul>\n<\/li>\n<li><strong>Hidraulisk\u0101 spiediena samazin\u0101\u0161ana:<\/strong>\n<ul>\n<li>Pirms demont\u0101\u017eas procesa s\u0101k\u0161anas atbr\u012bvojiet cilindru no hidraulisk\u0101 spiediena. To var izdar\u012bt, aktiviz\u0113jot hidraulisk\u0101s sist\u0113mas vad\u012bbas v\u0101rstu, lai piln\u012bb\u0101 ievilktu cilindru.<\/li>\n<\/ul>\n<\/li>\n<li><strong>No\u0146emiet veidgabalus un savienojumus:<\/strong>\n<ul>\n<li>Izmantojot uzgrie\u017e\u0146u atsl\u0113gas vai uzgrie\u017e\u0146u atsl\u0113gu komplektu, uzman\u012bgi atskr\u016bv\u0113jiet un no\u0146emiet visus cilindram piestiprin\u0101tos savienojumus, savienot\u0101jus vai hidraulisk\u0101s \u0161\u013c\u016btenes.<\/li>\n<li>Sekojiet l\u012bdzi veidgabaliem un to atbilsto\u0161aj\u0101m atra\u0161an\u0101s viet\u0101m atk\u0101rtotai mont\u0101\u017eai.<\/li>\n<\/ul>\n<\/li>\n<li><strong>Nostipriniet cilindru:<\/strong>\n<ul>\n<li>P\u0101rliecinieties, vai cilindrs ir pareizi atbalst\u012bts, izmantojot piem\u0113rotu darbagaldu vai skr\u016bvsp\u012bles, lai nov\u0113rstu t\u0101 kri\u0161anu vai ripo\u0161anu demont\u0101\u017eas laik\u0101.<\/li>\n<\/ul>\n<\/li>\n<li><strong>No\u0146emiet dziedzeri vai gala v\u0101ci\u0146u:<\/strong>\n<ul>\n<li>Bl\u012bvgredzens vai gala v\u0101ci\u0146\u0161 parasti atrodas cilindra stie\u0146a gal\u0101.<\/li>\n<li>Izmantojiet uzgrie\u017e\u0146u atsl\u0113gu vai ligzdu, lai atskr\u016bv\u0113tu un no\u0146emtu stiprin\u0101juma skr\u016bves vai uzgrie\u017e\u0146us.<\/li>\n<li>Ja bl\u012bvsl\u0113gs vai gala v\u0101ci\u0146\u0161 ir iestr\u0113dzis, varat to viegli uzsist ar gumijas \u0101muru vai trieciena \u0101muru, lai to atbr\u012bvotu.<\/li>\n<li>Kad tas ir va\u013c\u012bgs, uzman\u012bgi no\u0146emiet bl\u012bvsl\u0113gu vai gala v\u0101ci\u0146u, \u013caujot hidrauliskajam \u0161\u0137idrumam iztec\u0113t sav\u0101k\u0161anas pann\u0101.<\/li>\n<\/ul>\n<\/li>\n<li><strong>Izvelciet virzu\u013ca un stie\u0146a komplektu:<\/strong>\n<ul>\n<li>Kad bl\u012bvsl\u0113gs vai gala v\u0101ci\u0146\u0161 ir no\u0146emts, tagad var piek\u013c\u016bt virzu\u013ca un stie\u0146a mezglam.<\/li>\n<li>Viegli izb\u012bdiet virzu\u013ca un stie\u0146a komplektu no cilindra korpusa, stingri turot to, lai nov\u0113rstu t\u0101 nokri\u0161anu vai boj\u0101jumus.<\/li>\n<li>Ja mezgls ir iestr\u0113dzis, varat izmantot lauzni vai skr\u016bvgriezi, lai uzman\u012bgi pieliktu sviru un pal\u012bdz\u0113tu to no\u0146emt.<\/li>\n<\/ul>\n<\/li>\n<li><strong>P\u0101rbaudiet un not\u012briet komponentus:<\/strong>\n<ul>\n<li>P\u0113c izjauk\u0161anas p\u0101rbaudiet visas sast\u0101vda\u013cas, vai nav nodiluma, boj\u0101jumu vai pies\u0101r\u0146ojuma paz\u012bmju.<\/li>\n<li>R\u016bp\u012bgi not\u012briet deta\u013cas, izmantojot t\u012bras lupatas vai darbn\u012bcas dvie\u013cus, no\u0146emot net\u012brumus, gru\u017eus vai hidraulisko \u0161\u0137idrumu.<\/li>\n<li>Piev\u0113rsiet \u012bpa\u0161u uzman\u012bbu virzulim, stienim, cilindra cilindram un bl\u012bv\u0113m.<\/li>\n<\/ul>\n<\/li>\n<li><strong>Nomainiet vai salabojiet komponentus:<\/strong>\n<ul>\n<li>Ja k\u0101das deta\u013cas ir nolietotas vai boj\u0101tas, ieteicams t\u0101s nomain\u012bt pret jaun\u0101m.<\/li>\n<li>P\u0101rbaudiet bl\u012bves, vai nav nodiluma paz\u012bmju, un, ja nepiecie\u0161ams, nomainiet t\u0101s.<\/li>\n<li>Ja neesat p\u0101rliecin\u0101ts par deta\u013cu nomai\u0146u vai remontu, iepaz\u012bstieties ar ra\u017eot\u0101ja nor\u0101d\u012bjumiem vai mekl\u0113jiet profesion\u0101lu padomu.<\/li>\n<\/ul>\n<\/li>\n<li><strong>Salik\u0161ana:<\/strong>\n<ul>\n<li>Hidraulisk\u0101 cilindra atk\u0101rtotai mont\u0101\u017eai iev\u0113rojiet ra\u017eot\u0101ja nor\u0101d\u012bjumus.<\/li>\n<li>Mont\u0101\u017eas laik\u0101 uz bl\u012bv\u0113m un deta\u013c\u0101m uzkl\u0101jiet piem\u0113rotu hidraulisko \u0161\u0137idrumu vai sm\u0113rvielu.<\/li>\n<li>P\u0101rliecinieties, vai visi savienojumi un stiprin\u0101jumi ir pievilkti l\u012bdz nor\u0101d\u012btaj\u0101m griezes momenta v\u0113rt\u012bb\u0101m.<\/li>\n<li>Pirms atk\u0101rtotas mont\u0101\u017eas pabeig\u0161anas divreiz p\u0101rbaudiet komponentu pareizu izl\u012bdzin\u0101jumu un orient\u0101ciju.<\/li>\n<\/ul>\n<\/li>\n<\/ol>\n<h2><strong>R\u016bpn\u012bcas iesp\u0113jas un jauda:<\/strong><\/h2>\n<h3>(1) Mont\u0101\u017ea<\/h3>\n<p>Mums ir pirmklas\u012bga neatkar\u012bga p\u0113tniec\u012bbas un att\u012bst\u012bbas mont\u0101\u017eas platforma. Hidraulisko cilindru ra\u017eo\u0161anas darbn\u012bc\u0101 ir \u010detras pusautom\u0101tiskas pacel\u0161anas cilindru mont\u0101\u017eas l\u012bnijas un viena autom\u0101tisk\u0101 sl\u012bpuma cilindru mont\u0101\u017eas l\u012bnija ar projekt\u0113to gada ra\u017eo\u0161anas jaudu 1 miljons vien\u012bbu. Speci\u0101lo cilindru darbn\u012bca ir apr\u012bkota ar da\u017e\u0101du specifik\u0101ciju pusautom\u0101tisku t\u012br\u012b\u0161anas mont\u0101\u017eas sist\u0113mu ar projekt\u0113to gada ra\u017eo\u0161anas jaudu 200 000 vien\u012bbu un apr\u012bkota ar slaven\u0101m CNC apstr\u0101des iek\u0101rt\u0101m, apstr\u0101des centru, augstas precizit\u0101tes cilindru apstr\u0101des speci\u0101lo apr\u012bkojumu, robotiz\u0113tu metin\u0101\u0161anas iek\u0101rtu, autom\u0101tisku t\u012br\u012b\u0161anas iek\u0101rtu, autom\u0101tisku cilindru mont\u0101\u017eas iek\u0101rtu un autom\u0101tisku kr\u0101so\u0161anas ra\u017eo\u0161anas l\u012bniju. Eso\u0161ais kritiskais apr\u012bkojums ir vair\u0101k nek\u0101 300 komplektu (komplektu). Optim\u0101la iek\u0101rtu resursu sadale un efekt\u012bva izmanto\u0161ana nodro\u0161ina produktu precizit\u0101tes pras\u012bbas un apmierina produktu augst\u0101s kvalit\u0101tes pras\u012bbas.<\/p>\n<p><img loading=\"lazy\" decoding=\"async\" class=\"alignnone wp-image-626\" src=\"https:\/\/hydraulic-cylinders.net\/wp-content\/uploads\/2023\/08\/hydraulic-cylinder-product-1-300x158.webp\" alt=\"\" width=\"495\" height=\"260\" srcset=\"https:\/\/hydraulic-cylinders.net\/wp-content\/uploads\/2023\/08\/hydraulic-cylinder-product-1-300x158.webp 495w, https:\/\/hydraulic-cylinders.net\/wp-content\/uploads\/2023\/08\/hydraulic-cylinder-product-1-480x252.webp 480w\" sizes=\"(min-width: 0px) and (max-width: 480px) 480px, (min-width: 481px) 495px, 100vw\" \/> <img loading=\"lazy\" decoding=\"async\" class=\"alignnone wp-image-627\" src=\"https:\/\/hydraulic-cylinders.net\/wp-content\/uploads\/2023\/08\/hydraulic-cylinder-product-2-300x189.webp\" alt=\"\" width=\"413\" height=\"260\" \/><\/p>\n<h3>(2) Apstr\u0101de<\/h3>\n<p>Apstr\u0101des cehs ir apr\u012bkots ar piel\u0101gotu sl\u012bpo slie\u017eu virpo\u0161anas centru, apstr\u0101des centru, \u0101trgaitas asin\u0101\u0161anas ma\u0161\u012bnu, metin\u0101\u0161anas robotu un citu saist\u012btu apr\u012bkojumu, kas var apstr\u0101d\u0101t cilindriskas caurules ar maksim\u0101lo iek\u0161\u0113jo diametru 400 mm un maksim\u0101lo garumu 6 metri.<\/p>\n<p><img loading=\"lazy\" decoding=\"async\" class=\"alignnone wp-image-628 size-large\" src=\"https:\/\/hydraulic-cylinders.net\/wp-content\/uploads\/2023\/08\/hydraulic-cylinder-product-3-1024x391.webp\" alt=\"\" width=\"1024\" height=\"391\" srcset=\"https:\/\/hydraulic-cylinders.net\/wp-content\/uploads\/2023\/08\/hydraulic-cylinder-product-3-980x374.webp 980w, https:\/\/hydraulic-cylinders.net\/wp-content\/uploads\/2023\/08\/hydraulic-cylinder-product-3-480x183.webp 480w\" sizes=\"(min-width: 0px) and (max-width: 480px) 480px, (min-width: 481px) and (max-width: 980px) 980px, (min-width: 981px) 1024px, 100vw\" \/><\/p>\n<h3>(3) Metin\u0101\u0161ana<\/h3>\n<p><img loading=\"lazy\" decoding=\"async\" class=\"alignnone wp-image-629 size-large\" src=\"https:\/\/hydraulic-cylinders.net\/wp-content\/uploads\/2023\/08\/hydraulic-cylinder-product-4-1024x510.webp\" alt=\"\" width=\"1024\" height=\"510\" srcset=\"https:\/\/hydraulic-cylinders.net\/wp-content\/uploads\/2023\/08\/hydraulic-cylinder-product-4-980x488.webp 980w, https:\/\/hydraulic-cylinders.net\/wp-content\/uploads\/2023\/08\/hydraulic-cylinder-product-4-480x239.webp 480w\" sizes=\"(min-width: 0px) and (max-width: 480px) 480px, (min-width: 481px) and (max-width: 980px) 980px, (min-width: 981px) 1024px, 100vw\" \/><\/p>\n<h3>(4) Kr\u0101so\u0161ana un p\u0101rkl\u0101\u0161ana<\/h3>\n<p>Ar maz\u0101m un vid\u0113ja izm\u0113ra cilindrisk\u0101m autom\u0101tisk\u0101m \u016bdens b\u0101zes kr\u0101su p\u0101rkl\u0101\u0161anas l\u012bnij\u0101m, lai pan\u0101ktu autom\u0101tisku robotu iekrau\u0161anu un izkrau\u0161anu un autom\u0101tisku izsmidzin\u0101\u0161anu, projekt\u0113t\u0101 jauda ir 4000 gabali mai\u0146\u0101;<br \/>\nMums ir ar\u012b pusautom\u0101tiska kr\u0101su ra\u017eo\u0161anas l\u012bnija lieliem baloniem, ko darbina \u0137\u0113des piedzi\u0146a, ar 60 kastu konstrukcijas jaudu vien\u0101 mai\u0146\u0101.<\/p>\n<p><img loading=\"lazy\" decoding=\"async\" class=\"alignnone wp-image-630\" src=\"https:\/\/hydraulic-cylinders.net\/wp-content\/uploads\/2023\/08\/hydraulic-cylinder-product-5-300x213.webp\" alt=\"\" width=\"366\" height=\"260\" \/> <img loading=\"lazy\" decoding=\"async\" class=\"alignnone wp-image-631\" src=\"https:\/\/hydraulic-cylinders.net\/wp-content\/uploads\/2023\/08\/hydraulic-cylinder-product-6-300x225.webp\" alt=\"\" width=\"347\" height=\"260\" \/><\/p>\n<h3>(5) Test\u0113\u0161ana<\/h3>\n<p>Mums ir augst\u0101k\u0101s klases p\u0101rbaudes iek\u0101rtas un test\u0113\u0161anas stendi, lai nodro\u0161in\u0101tu, ka balona veiktsp\u0113ja atbilst pras\u012bb\u0101m.<\/p>\n<p><img loading=\"lazy\" decoding=\"async\" class=\"alignnone wp-image-632\" src=\"https:\/\/hydraulic-cylinders.net\/wp-content\/uploads\/2023\/08\/hydraulic-cylinder-product-8-300x200.webp\" alt=\"\" width=\"389\" height=\"260\" \/><\/p>\n<p>&nbsp;<\/p>\n<p>&nbsp;<\/p>\n<p>M\u0113s esam viens no lab\u0101kajiem hidraulisko cilindru ra\u017eot\u0101jiem. M\u0113s varam pied\u0101v\u0101t visaptvero\u0161us hidrauliskos cilindrus. M\u0113s nodro\u0161in\u0101m ar\u012b atbilsto\u0161us <a href=\"https:\/\/hzpt.com\/agricultural-pto-gearbox\/\" target=\"_blank\" rel=\"noopener\">lauksaimniec\u012bbas p\u0101rnesumk\u0101rbas<\/a>. M\u0113s esam eksport\u0113ju\u0161i savus produktus klientiem vis\u0101 pasaul\u0113 un esam ieguvu\u0161i labu reput\u0101ciju, pateicoties m\u016bsu izcilajai produktu kvalit\u0101tei un p\u0113cp\u0101rdo\u0161anas servisam. M\u0113s aicin\u0101m klientus no valsts un \u0101rvalst\u012bm sazin\u0101ties ar mums, lai risin\u0101tu biznesa sarunas, apmain\u012btos ar inform\u0101ciju un... <a href=\"https:\/\/www.hydraulic-cylinders.net\/lv\/contact-us\/\">sadarboties ar mums<\/a>!<\/p>","protected":false},"excerpt":{"rendered":"<p>Trailing Suction Dredger Overflow Cylinder The trailing suction dredger overflow cylinder is a vital component in modern dredging equipment. Designed to optimize the performance of trailing suction dredgers, this cylinder plays a crucial role in managing the overflow system. The trailing suction dredger overflow cylinder is an essential component for achieving efficient and effective dredging [&hellip;]<\/p>","protected":false},"featured_media":1777,"comment_status":"open","ping_status":"closed","template":"","meta":{"_et_pb_use_builder":"","_et_pb_old_content":"","_et_gb_content_width":""},"product_brand":[],"product_cat":[1535,1549,1552,1376],"product_tag":[1380],"class_list":{"0":"post-1775","1":"product","2":"type-product","3":"status-publish","4":"has-post-thumbnail","6":"product_cat-dredger-hydraulic-cylinders","7":"product_cat-single-acting-hydraulic-cylinder","8":"product_cat-stainless-steel-hydraulic-cylinder","9":"product_cat-hydraulic-cylinder","10":"product_tag-hydraulic-cylinder","12":"first","13":"instock","14":"shipping-taxable","15":"product-type-simple"},"amp_enabled":true,"_links":{"self":[{"href":"https:\/\/www.hydraulic-cylinders.net\/lv\/wp-json\/wp\/v2\/product\/1775","targetHints":{"allow":["GET"]}}],"collection":[{"href":"https:\/\/www.hydraulic-cylinders.net\/lv\/wp-json\/wp\/v2\/product"}],"about":[{"href":"https:\/\/www.hydraulic-cylinders.net\/lv\/wp-json\/wp\/v2\/types\/product"}],"replies":[{"embeddable":true,"href":"https:\/\/www.hydraulic-cylinders.net\/lv\/wp-json\/wp\/v2\/comments?post=1775"}],"wp:featuredmedia":[{"embeddable":true,"href":"https:\/\/www.hydraulic-cylinders.net\/lv\/wp-json\/wp\/v2\/media\/1777"}],"wp:attachment":[{"href":"https:\/\/www.hydraulic-cylinders.net\/lv\/wp-json\/wp\/v2\/media?parent=1775"}],"wp:term":[{"taxonomy":"product_brand","embeddable":true,"href":"https:\/\/www.hydraulic-cylinders.net\/lv\/wp-json\/wp\/v2\/product_brand?post=1775"},{"taxonomy":"product_cat","embeddable":true,"href":"https:\/\/www.hydraulic-cylinders.net\/lv\/wp-json\/wp\/v2\/product_cat?post=1775"},{"taxonomy":"product_tag","embeddable":true,"href":"https:\/\/www.hydraulic-cylinders.net\/lv\/wp-json\/wp\/v2\/product_tag?post=1775"}],"curies":[{"name":"wp","href":"https:\/\/api.w.org\/{rel}","templated":true}]}}