{"id":1778,"date":"2023-10-13T07:48:25","date_gmt":"2023-10-13T07:48:25","guid":{"rendered":"https:\/\/hydraulic-cylinders.net\/?post_type=product&#038;p=1778"},"modified":"2025-04-15T05:54:51","modified_gmt":"2025-04-15T05:54:51","slug":"barge-split-cylinder","status":"publish","type":"product","link":"https:\/\/www.hydraulic-cylinders.net\/lv\/products\/barge-split-cylinder\/","title":{"rendered":"Bar\u017eas sadal\u012btais cilindrs"},"content":{"rendered":"<h1 style=\"text-align: center;\"><strong>Bar\u017eas sadal\u012btais cilindrs<\/strong><\/h1>\n<h1 style=\"text-align: center;\"><img loading=\"lazy\" decoding=\"async\" class=\"alignnone size-medium wp-image-1782\" src=\"https:\/\/hydraulic-cylinders.net\/wp-content\/uploads\/2023\/10\/split-cylinder-1-0-300x300.webp\" alt=\"\" width=\"300\" height=\"300\" \/><\/h1>\n<p>Bar\u017eas dal\u012btais cilindrs ir revolucion\u0101rs produkts, kas paredz\u0113ts j\u016bras oper\u0101ciju optimiz\u0113\u0161anai, jo \u012bpa\u0161i pre\u010du un materi\u0101lu p\u0101rvad\u0101\u0161an\u0101 un apstr\u0101d\u0113. \u0160is inovat\u012bvais hidrauliskais cilindrs pied\u0101v\u0101 virkni funkciju un priek\u0161roc\u012bbu, kas uzlabo efektivit\u0101ti, dro\u0161\u012bbu un produktivit\u0101ti.<\/p>\n<p>Bar\u017eas dal\u012btais cilindrs pied\u0101v\u0101 virkni funkciju un priek\u0161roc\u012bbu, kas uzlabo efektivit\u0101ti, dro\u0161\u012bbu un produktivit\u0101ti j\u016bras oper\u0101cij\u0101s. T\u0101 dal\u012bt\u0101 konstrukcija, augst\u0101 kravnes\u012bba, prec\u012bz\u0101 vad\u012bba un uzticam\u0101 hidraulisk\u0101 sist\u0113ma padara to v\u0113rt\u012bgu kravu apstr\u0101dei, bagar\u0113\u0161anai un j\u016bras b\u016bvniec\u012bbas darb\u012bb\u0101m. Iev\u0113rojot ieteicam\u0101s lieto\u0161anas metodes un apkopes praksi, operatori var maksim\u0101li palielin\u0101t bar\u017eas dal\u012bt\u0101 cilindra veiktsp\u0113ju un ilgm\u016b\u017e\u012bbu, galu gal\u0101 uzlabojot j\u016bras oper\u0101ciju efektivit\u0101ti un lietder\u012bbu.<\/p>\n<p>Bar\u017eas sadal\u012bt\u0101 cilindra galven\u0101s \u012bpa\u0161\u012bbas:<\/p>\n<ol>\n<li>Sadal\u012bts dizains daudzpus\u012bbai:<\/li>\n<\/ol>\n<ul>\n<li>Bar\u017eas dal\u012btajam cilindram ir unik\u0101ls dal\u012bts dizains, kas \u013cauj to viegli uzst\u0101d\u012bt un no\u0146emt.<\/li>\n<li>\u0160\u012b konstrukcija nodro\u0161ina cilindra \u0101tru un efekt\u012bvu piestiprin\u0101\u0161anu vai atvieno\u0161anu, nodro\u0161inot elast\u012bbu un piel\u0101gojam\u012bbu da\u017e\u0101diem j\u016bras lietojumiem.<\/li>\n<\/ul>\n<ol start=\"2\">\n<li>Augsta kravnes\u012bba:<\/li>\n<\/ol>\n<ul>\n<li>Cilindram ir iztur\u012bga konstrukcija, kas sp\u0113j iztur\u0113t lielas slodzes un skarbus j\u016bras apst\u0101k\u013cus.<\/li>\n<li>T\u0101 augst\u0101 kravnes\u012bba padara to piem\u0113rotu j\u016bras oper\u0101cij\u0101m, tostarp kravu apstr\u0101dei, bagar\u0113\u0161anai un b\u016bvniec\u012bbai j\u016br\u0101.<\/li>\n<\/ul>\n<ol start=\"3\">\n<li>Prec\u012bza vad\u012bba un pozicion\u0113\u0161ana:<\/li>\n<\/ol>\n<ul>\n<li>Bar\u017eas sadal\u012btais cilindrs pied\u0101v\u0101 prec\u012bzas vad\u012bbas un pozicion\u0113\u0161anas iesp\u0113jas, \u013caujot prec\u012bzi manipul\u0113t ar krav\u0101m vai materi\u0101liem.<\/li>\n<li>Operatori var pan\u0101kt vienm\u0113r\u012bgas un kontrol\u0113tas kust\u012bbas, nodro\u0161inot prec\u012bzu izvietojumu un izl\u012bdzin\u0101\u0161anu kravas apstr\u0101des vai citu j\u016bras oper\u0101ciju laik\u0101.<\/li>\n<\/ul>\n<ol start=\"4\">\n<li>Uzticama hidraulisk\u0101 sist\u0113ma:<\/li>\n<\/ol>\n<ul>\n<li>Apr\u012bkots ar uzticamu hidraulisko sist\u0113mu, cilindrs nodro\u0161ina vienm\u0113r\u012bgu veiktsp\u0113ju un vienm\u0113r\u012bgu darb\u012bbu.<\/li>\n<li>Hidraulisk\u0101 sist\u0113ma nodro\u0161ina pietiekamu jaudu un kontroli, veicinot cilindra netrauc\u0113tu un efekt\u012bvu darb\u012bbu sare\u017e\u0123\u012btos j\u016bras apst\u0101k\u013cos.<\/li>\n<\/ul>\n<h2><strong>Bar\u017eas sadal\u012bt\u0101 cilindra parametrs:<\/strong><\/h2>\n<table border=\"1\" cellspacing=\"0\" cellpadding=\"0\">\n<tbody>\n<tr>\n<td>Produkta nosaukums<\/td>\n<td>Sadal\u012bt\u0101 bar\u017ea Sadal\u012btais cilindrs<\/td>\n<\/tr>\n<tr>\n<td>Funkcijas:<\/td>\n<td>Sl\u0113gts korpuss<\/td>\n<\/tr>\n<tr>\n<td>Urbuma diametrs:<\/td>\n<td>L\u012bdz 550 mm<\/td>\n<\/tr>\n<tr>\n<td>Stie\u0146a diametrs:<\/td>\n<td>L\u012bdz 280 mm<br \/>\nG\u0101jiens \u22641000 mm<\/td>\n<\/tr>\n<tr>\n<td>Vilk\u0161anas sp\u0113ks:<\/td>\n<td>L\u012bdz 6000 kN<\/td>\n<\/tr>\n<tr>\n<td>Spiediens:<\/td>\n<td>L\u012bdz 38 MPa<\/td>\n<\/tr>\n<tr>\n<td>Lietojumi:<\/td>\n<td>Sadal\u012bt\u0101 bar\u017ea<\/td>\n<\/tr>\n<\/tbody>\n<\/table>\n<div><\/div>\n<div>\n<div class=\"txtboxL\">\n<div class=\"txtboxL\">\n<div class=\"txtboxL\">\n<div class=\"txtboxL\">\n<div class=\"txtboxL\">Funkcijas:<\/div>\n<div class=\"txtboxR\">Sl\u0113gts korpuss<\/div>\n<div class=\"txtboxL\">Specifik\u0101cija:<\/div>\n<div class=\"txtboxR\">Urbuma diametrs: l\u012bdz 550 mm<br \/>\nStie\u0146a diametrs: l\u012bdz 280 mm<br \/>\nG\u0101jiens \u22641000 mm<\/div>\n<div class=\"txtboxL\">Vilk\u0161anas sp\u0113ks:<\/div>\n<div class=\"txtboxR\">l\u012bdz 6000 kN<\/div>\n<div class=\"txtboxL\">spiediens:<\/div>\n<div class=\"txtboxR\">l\u012bdz 38 MPa<\/div>\n<\/div>\n<\/div>\n<\/div>\n<\/div>\n<\/div>\n<h2><strong>Bar\u017eas sadal\u012bt\u0101 cilindra pielietojums:<\/strong><\/h2>\n<p><img loading=\"lazy\" decoding=\"async\" class=\"alignnone wp-image-1780 size-full\" src=\"https:\/\/hydraulic-cylinders.net\/wp-content\/uploads\/2023\/10\/split-barge-cylinder-1.webp\" alt=\"\" width=\"1418\" height=\"946\" srcset=\"https:\/\/hydraulic-cylinders.net\/wp-content\/uploads\/2023\/10\/split-barge-cylinder-1.webp 1418w, https:\/\/hydraulic-cylinders.net\/wp-content\/uploads\/2023\/10\/split-barge-cylinder-1-1280x854.webp 1280w, https:\/\/hydraulic-cylinders.net\/wp-content\/uploads\/2023\/10\/split-barge-cylinder-1-980x654.webp 980w, https:\/\/hydraulic-cylinders.net\/wp-content\/uploads\/2023\/10\/split-barge-cylinder-1-480x320.webp 480w\" sizes=\"(min-width: 0px) and (max-width: 480px) 480px, (min-width: 481px) and (max-width: 980px) 980px, (min-width: 981px) and (max-width: 1280px) 1280px, (min-width: 1281px) 1418px, 100vw\" \/><\/p>\n<h2><strong>Bar\u017eas sadal\u012bt\u0101 cilindra lieto\u0161anas metode<\/strong><strong>:<\/strong><\/h2>\n<ol>\n<li><strong>Uzst\u0101d\u012b\u0161ana:<\/strong><\/li>\n<\/ol>\n<ul>\n<li>S\u0101ciet, nodro\u0161inot dro\u0161u un stabilu pamatu bar\u017eai vai ku\u0123im.<\/li>\n<li>Novietojiet bar\u017eas sadal\u012bto cilindru v\u0113lamaj\u0101 viet\u0101 uz bar\u017eas, nodro\u0161inot pareizu izl\u012bdzin\u0101\u0161anu ar apstr\u0101d\u0101jamo kravu vai materi\u0101lu.<\/li>\n<li>Dro\u0161i piestipriniet cilindru, izmantojot atbilsto\u0161us stiprin\u0101juma elementus, un iev\u0113rojiet ra\u017eot\u0101ja nor\u0101d\u012bjumus par griezes momenta specifik\u0101cij\u0101m.<\/li>\n<\/ul>\n<ol start=\"2\">\n<li><strong>Hidrauliskie savienojumi:<\/strong><\/li>\n<\/ol>\n<ul>\n<li>Pievienojiet bar\u017eas sist\u0113mas hidraulisk\u0101s \u0161\u013c\u016btenes bar\u017eas sadal\u012btajam cilindram.<\/li>\n<li>P\u0101rliecinieties, ka savienojumi ir cie\u0161i un bez nopl\u016bd\u0113m.<\/li>\n<li>P\u0101rbaudiet hidraulisk\u0101s sist\u0113mas spiediena un pl\u016bsmas iestat\u012bjumus, lai nodro\u0161in\u0101tu atbilst\u012bbu cilindra pras\u012bb\u0101m.<\/li>\n<\/ul>\n<ol start=\"3\">\n<li><strong>Kravas apstr\u0101de:<\/strong><\/li>\n<\/ol>\n<ul>\n<li>Aktiviz\u0113 bar\u017eas hidraulisko sist\u0113mu un darbini vad\u012bbas ier\u012bces, lai p\u0113c nepiecie\u0161am\u012bbas izstieptu vai ievilktu bar\u017eas dal\u0101mo cilindru.<\/li>\n<li>Izmantojiet prec\u012bz\u0101s vad\u012bbas funkcijas, lai prec\u012bzi un efekt\u012bvi manipul\u0113tu ar kravu vai materi\u0101lu.<\/li>\n<li>Kravas apstr\u0101des laik\u0101 uzraugiet to, lai nodro\u0161in\u0101tu dro\u0161u un aizsarg\u0101tu darb\u012bbu.<\/li>\n<\/ul>\n<h2><strong>K\u0101 no\u0146emt hidraulisko cilindru no kr\u0113sla?<\/strong><\/h2>\n<p>Lai no\u0146emtu hidraulisko cilindru no kr\u0113sla, jums b\u016bs nepiecie\u0161ami da\u017ei svar\u012bgi instrumenti un j\u0101iev\u0113ro \u0161\u012bs soli pa solim sniegt\u0101s instrukcijas:<\/p>\n<ol>\n<li><strong>Sav\u0101ciet nepiecie\u0161amos r\u012bkus:<\/strong>\n<ul>\n<li>Regul\u0113jama uzgrie\u017e\u0146u atsl\u0113ga vai cauru\u013cu atsl\u0113ga<\/li>\n<li>Gumijas \u0101murs vai \u0101murs<\/li>\n<li>Skr\u016bvgriezis (ja nepiecie\u0161ams)<\/li>\n<\/ul>\n<\/li>\n<li><strong>Sagatavojiet darba zonu:<\/strong>\n<ul>\n<li>Nodro\u0161iniet, lai jums b\u016btu t\u012bra un labi apgaismota vieta darbam.<\/li>\n<li>Novietojiet uz gr\u012bdas audumu vai aizsargapvalku, lai nesaboj\u0101tu kr\u0113slu vai apk\u0101rt\u0113jo virsmu.<\/li>\n<\/ul>\n<\/li>\n<li><strong>Atrodiet piestiprin\u0101\u0161anas punktus:<\/strong>\n<ul>\n<li>P\u0101rbaudiet kr\u0113slu, lai noteiktu hidraulisk\u0101 cilindra stiprin\u0101juma punktus. Tie parasti atrodas zem kr\u0113sla s\u0113dek\u013ca da\u013cas.<\/li>\n<li>Mekl\u0113jiet visus p\u0101rsegus vai aizsargv\u0101ci\u0146us, kas var\u0113tu sl\u0113pt stiprin\u0101juma punktus.<\/li>\n<\/ul>\n<\/li>\n<li><strong>No\u0146emiet visus v\u0101kus vai v\u0101ci\u0146us:<\/strong>\n<ul>\n<li>Ja virs stiprin\u0101juma punktiem ir k\u0101di p\u0101rsegi vai v\u0101ci\u0146i, no\u0146emiet tos, izmantojot skr\u016bvgriezi vai pirkstus.<\/li>\n<li>Novietojiet v\u0101kus vai v\u0101ci\u0146us mal\u0101 dro\u0161\u0101 viet\u0101.<\/li>\n<\/ul>\n<\/li>\n<li><strong>Atskr\u016bv\u0113jiet fiks\u0101cijas uzgriezni:<\/strong>\n<ul>\n<li>Izmantojiet regul\u0113jamu uzgrie\u017e\u0146u atsl\u0113gu vai cauru\u013cu atsl\u0113gu, lai satvertu stiprin\u0101juma uzgriezni hidraulisk\u0101 cilindra aug\u0161pus\u0113.<\/li>\n<li>Pagrieziet uzgrie\u017e\u0146u atsl\u0113gu pret\u0113ji pulkste\u0146r\u0101d\u012bt\u0101ja virzienam, lai atskr\u016bv\u0113tu uzgriezni.<\/li>\n<li>\u0145emiet v\u0113r\u0101, ka da\u017eiem kr\u0113sliem uzgrie\u017e\u0146a viet\u0101 var b\u016bt fiks\u0101cijas skava. \u0160\u0101dos gad\u012bjumos skava var b\u016bt j\u0101no\u0146em, izmantojot knaibles vai skr\u016bvgriezi.<\/li>\n<\/ul>\n<\/li>\n<li><strong>No\u0146emiet cilindru no kr\u0113sla pamatnes:<\/strong>\n<ul>\n<li>P\u0113c fiks\u0113jo\u0161\u0101 uzgrie\u017e\u0146a atskr\u016bv\u0113\u0161anas stingri satveriet kr\u0113sla s\u0113dekli ar vienu roku, lai to stabiliz\u0113tu.<\/li>\n<li>Ar otru roku stingri satveriet hidraulisk\u0101 cilindra aug\u0161\u0113jo da\u013cu.<\/li>\n<li>Pielietojiet uz aug\u0161u v\u0113rstu sp\u0113ku, vienlaikus pagrie\u017eot un pavelkot cilindru, lai to atdal\u012btu no kr\u0113sla pamatnes.<\/li>\n<li>Ja cilindrs ir iestr\u0113dzis, varat to viegli uzsist ar gumijas \u0101muru vai \u0101muru, lai to atbr\u012bvotu.<\/li>\n<\/ul>\n<\/li>\n<li><strong>P\u0101rbaudiet un not\u012briet:<\/strong>\n<ul>\n<li>Kad hidrauliskais cilindrs ir no\u0146emts, p\u0101rbaudiet, vai nav boj\u0101jumu vai nodiluma paz\u012bmju.<\/li>\n<li>Ja nepiecie\u0161ams, not\u012briet cilindru un kr\u0113sla pamatni, izmantojot dr\u0101nu vai maigu t\u012br\u012b\u0161anas \u0161\u0137\u012bdumu.<\/li>\n<li>P\u0101rbaudiet kr\u0113sla stiprin\u0101juma punktus, lai p\u0101rliecin\u0101tos, ka tie ir t\u012bri un bez gru\u017eiem.<\/li>\n<\/ul>\n<\/li>\n<li><strong>Nomai\u0146a vai apkope:<\/strong>\n<ul>\n<li>Ja hidraulisko cilindru no\u0146emat apkopes vai nomai\u0146as nol\u016bkos, iev\u0113rojiet ra\u017eot\u0101ja nor\u0101d\u012bjumus konkr\u0113tajam kr\u0113sla modelim.<\/li>\n<li>Ja cilindrs ir boj\u0101ts vai nedarbojas pareizi, sazinieties ar ra\u017eot\u0101ju vai kr\u0113slu remonta speci\u0101listu, lai ieg\u016btu piem\u0113rotu nomai\u0146u.<\/li>\n<\/ul>\n<\/li>\n<\/ol>\n<h2><strong>R\u016bpn\u012bcas iesp\u0113jas un jauda:<\/strong><\/h2>\n<h3>(1) Mont\u0101\u017ea<\/h3>\n<p>Mums ir pirmklas\u012bga neatkar\u012bga p\u0113tniec\u012bbas un att\u012bst\u012bbas mont\u0101\u017eas platforma. Hidraulisko cilindru ra\u017eo\u0161anas darbn\u012bc\u0101 ir \u010detras pusautom\u0101tiskas pacel\u0161anas cilindru mont\u0101\u017eas l\u012bnijas un viena autom\u0101tisk\u0101 sl\u012bpuma cilindru mont\u0101\u017eas l\u012bnija ar projekt\u0113to gada ra\u017eo\u0161anas jaudu 1 miljons vien\u012bbu. Speci\u0101lo cilindru darbn\u012bca ir apr\u012bkota ar da\u017e\u0101du specifik\u0101ciju pusautom\u0101tisku t\u012br\u012b\u0161anas mont\u0101\u017eas sist\u0113mu ar projekt\u0113to gada ra\u017eo\u0161anas jaudu 200 000 vien\u012bbu un apr\u012bkota ar slaven\u0101m CNC apstr\u0101des iek\u0101rt\u0101m, apstr\u0101des centru, augstas precizit\u0101tes cilindru apstr\u0101des speci\u0101lo apr\u012bkojumu, robotiz\u0113tu metin\u0101\u0161anas iek\u0101rtu, autom\u0101tisku t\u012br\u012b\u0161anas iek\u0101rtu, autom\u0101tisku cilindru mont\u0101\u017eas iek\u0101rtu un autom\u0101tisku kr\u0101so\u0161anas ra\u017eo\u0161anas l\u012bniju. Eso\u0161ais kritiskais apr\u012bkojums ir vair\u0101k nek\u0101 300 komplektu (komplektu). Optim\u0101la iek\u0101rtu resursu sadale un efekt\u012bva izmanto\u0161ana nodro\u0161ina produktu precizit\u0101tes pras\u012bbas un apmierina produktu augst\u0101s kvalit\u0101tes pras\u012bbas.<\/p>\n<p><img loading=\"lazy\" decoding=\"async\" class=\"alignnone wp-image-626\" src=\"https:\/\/hydraulic-cylinders.net\/wp-content\/uploads\/2023\/08\/hydraulic-cylinder-product-1-300x158.webp\" alt=\"\" width=\"495\" height=\"260\" srcset=\"https:\/\/hydraulic-cylinders.net\/wp-content\/uploads\/2023\/08\/hydraulic-cylinder-product-1-300x158.webp 495w, https:\/\/hydraulic-cylinders.net\/wp-content\/uploads\/2023\/08\/hydraulic-cylinder-product-1-480x252.webp 480w\" sizes=\"(min-width: 0px) and (max-width: 480px) 480px, (min-width: 481px) 495px, 100vw\" \/> <img loading=\"lazy\" decoding=\"async\" class=\"alignnone wp-image-627\" src=\"https:\/\/hydraulic-cylinders.net\/wp-content\/uploads\/2023\/08\/hydraulic-cylinder-product-2-300x189.webp\" alt=\"\" width=\"413\" height=\"260\" \/><\/p>\n<h3>(2) Apstr\u0101de<\/h3>\n<p>Apstr\u0101des cehs ir apr\u012bkots ar piel\u0101gotu sl\u012bpo slie\u017eu virpo\u0161anas centru, apstr\u0101des centru, \u0101trgaitas asin\u0101\u0161anas ma\u0161\u012bnu, metin\u0101\u0161anas robotu un citu saist\u012btu apr\u012bkojumu, kas var apstr\u0101d\u0101t cilindriskas caurules ar maksim\u0101lo iek\u0161\u0113jo diametru 400 mm un maksim\u0101lo garumu 6 metri.<\/p>\n<p><img loading=\"lazy\" decoding=\"async\" class=\"alignnone wp-image-628 size-large\" src=\"https:\/\/hydraulic-cylinders.net\/wp-content\/uploads\/2023\/08\/hydraulic-cylinder-product-3-1024x391.webp\" alt=\"\" width=\"1024\" height=\"391\" srcset=\"https:\/\/hydraulic-cylinders.net\/wp-content\/uploads\/2023\/08\/hydraulic-cylinder-product-3-980x374.webp 980w, https:\/\/hydraulic-cylinders.net\/wp-content\/uploads\/2023\/08\/hydraulic-cylinder-product-3-480x183.webp 480w\" sizes=\"(min-width: 0px) and (max-width: 480px) 480px, (min-width: 481px) and (max-width: 980px) 980px, (min-width: 981px) 1024px, 100vw\" \/><\/p>\n<h3>(3) Metin\u0101\u0161ana<\/h3>\n<p><img loading=\"lazy\" decoding=\"async\" class=\"alignnone wp-image-629 size-large\" src=\"https:\/\/hydraulic-cylinders.net\/wp-content\/uploads\/2023\/08\/hydraulic-cylinder-product-4-1024x510.webp\" alt=\"\" width=\"1024\" height=\"510\" srcset=\"https:\/\/hydraulic-cylinders.net\/wp-content\/uploads\/2023\/08\/hydraulic-cylinder-product-4-980x488.webp 980w, https:\/\/hydraulic-cylinders.net\/wp-content\/uploads\/2023\/08\/hydraulic-cylinder-product-4-480x239.webp 480w\" sizes=\"(min-width: 0px) and (max-width: 480px) 480px, (min-width: 481px) and (max-width: 980px) 980px, (min-width: 981px) 1024px, 100vw\" \/><\/p>\n<h3>(4) Kr\u0101so\u0161ana un p\u0101rkl\u0101\u0161ana<\/h3>\n<p>Ar maz\u0101m un vid\u0113ja izm\u0113ra cilindrisk\u0101m autom\u0101tisk\u0101m \u016bdens b\u0101zes kr\u0101su p\u0101rkl\u0101\u0161anas l\u012bnij\u0101m, lai pan\u0101ktu autom\u0101tisku robotu iekrau\u0161anu un izkrau\u0161anu un autom\u0101tisku izsmidzin\u0101\u0161anu, projekt\u0113t\u0101 jauda ir 4000 gabali mai\u0146\u0101;<br \/>\nMums ir ar\u012b pusautom\u0101tiska kr\u0101su ra\u017eo\u0161anas l\u012bnija lieliem baloniem, ko darbina \u0137\u0113des piedzi\u0146a, ar 60 kastu konstrukcijas jaudu vien\u0101 mai\u0146\u0101.<\/p>\n<p><img loading=\"lazy\" decoding=\"async\" class=\"alignnone wp-image-630\" src=\"https:\/\/hydraulic-cylinders.net\/wp-content\/uploads\/2023\/08\/hydraulic-cylinder-product-5-300x213.webp\" alt=\"\" width=\"366\" height=\"260\" \/> <img loading=\"lazy\" decoding=\"async\" class=\"alignnone wp-image-631\" src=\"https:\/\/hydraulic-cylinders.net\/wp-content\/uploads\/2023\/08\/hydraulic-cylinder-product-6-300x225.webp\" alt=\"\" width=\"347\" height=\"260\" \/><\/p>\n<h3>(5) Test\u0113\u0161ana<\/h3>\n<p>Mums ir augst\u0101k\u0101s klases p\u0101rbaudes iek\u0101rtas un test\u0113\u0161anas stendi, lai nodro\u0161in\u0101tu, ka balona veiktsp\u0113ja atbilst pras\u012bb\u0101m.<\/p>\n<p><img loading=\"lazy\" decoding=\"async\" class=\"alignnone wp-image-632\" src=\"https:\/\/hydraulic-cylinders.net\/wp-content\/uploads\/2023\/08\/hydraulic-cylinder-product-8-300x200.webp\" alt=\"\" width=\"389\" height=\"260\" \/><\/p>\n<p>&nbsp;<\/p>\n<p>&nbsp;<\/p>\n<p>M\u0113s esam viens no lab\u0101kajiem hidraulisko cilindru ra\u017eot\u0101jiem. M\u0113s varam pied\u0101v\u0101t visaptvero\u0161us hidrauliskos cilindrus. M\u0113s nodro\u0161in\u0101m ar\u012b atbilsto\u0161us <a href=\"https:\/\/hzpt.com\/agricultural-pto-gearbox\/\" target=\"_blank\" rel=\"noopener\">lauksaimniec\u012bbas p\u0101rnesumk\u0101rbas<\/a>. M\u0113s esam eksport\u0113ju\u0161i savus produktus klientiem vis\u0101 pasaul\u0113 un esam ieguvu\u0161i labu reput\u0101ciju, pateicoties m\u016bsu izcilajai produktu kvalit\u0101tei un p\u0113cp\u0101rdo\u0161anas servisam. M\u0113s aicin\u0101m klientus no valsts un \u0101rvalst\u012bm sazin\u0101ties ar mums, lai risin\u0101tu biznesa sarunas, apmain\u012btos ar inform\u0101ciju un... <a href=\"https:\/\/www.hydraulic-cylinders.net\/lv\/contact-us\/\">sadarboties ar mums<\/a>!<\/p>","protected":false},"excerpt":{"rendered":"<p>Barge Split Cylinder The barge split cylinder is a revolutionary product designed to optimize marine operations, particularly in transporting and handling goods and materials. This innovative hydraulic cylinder offers a range of features and benefits that enhance efficiency, safety, and productivity. The barge split cylinder offers a range of features and benefits that enhance efficiency, [&hellip;]<\/p>","protected":false},"featured_media":1783,"comment_status":"open","ping_status":"closed","template":"","meta":{"_et_pb_use_builder":"","_et_pb_old_content":"","_et_gb_content_width":""},"product_brand":[],"product_cat":[1550,1536,1552,1376],"product_tag":[1380],"class_list":{"0":"post-1778","1":"product","2":"type-product","3":"status-publish","4":"has-post-thumbnail","6":"product_cat-double-acting-hydraulic-cylinder","7":"product_cat-offshore-platform-hydraulic-cylinders","8":"product_cat-stainless-steel-hydraulic-cylinder","9":"product_cat-hydraulic-cylinder","10":"product_tag-hydraulic-cylinder","12":"first","13":"instock","14":"shipping-taxable","15":"product-type-simple"},"amp_enabled":true,"_links":{"self":[{"href":"https:\/\/www.hydraulic-cylinders.net\/lv\/wp-json\/wp\/v2\/product\/1778","targetHints":{"allow":["GET"]}}],"collection":[{"href":"https:\/\/www.hydraulic-cylinders.net\/lv\/wp-json\/wp\/v2\/product"}],"about":[{"href":"https:\/\/www.hydraulic-cylinders.net\/lv\/wp-json\/wp\/v2\/types\/product"}],"replies":[{"embeddable":true,"href":"https:\/\/www.hydraulic-cylinders.net\/lv\/wp-json\/wp\/v2\/comments?post=1778"}],"wp:featuredmedia":[{"embeddable":true,"href":"https:\/\/www.hydraulic-cylinders.net\/lv\/wp-json\/wp\/v2\/media\/1783"}],"wp:attachment":[{"href":"https:\/\/www.hydraulic-cylinders.net\/lv\/wp-json\/wp\/v2\/media?parent=1778"}],"wp:term":[{"taxonomy":"product_brand","embeddable":true,"href":"https:\/\/www.hydraulic-cylinders.net\/lv\/wp-json\/wp\/v2\/product_brand?post=1778"},{"taxonomy":"product_cat","embeddable":true,"href":"https:\/\/www.hydraulic-cylinders.net\/lv\/wp-json\/wp\/v2\/product_cat?post=1778"},{"taxonomy":"product_tag","embeddable":true,"href":"https:\/\/www.hydraulic-cylinders.net\/lv\/wp-json\/wp\/v2\/product_tag?post=1778"}],"curies":[{"name":"wp","href":"https:\/\/api.w.org\/{rel}","templated":true}]}}