{"id":1785,"date":"2023-10-13T08:07:17","date_gmt":"2023-10-13T08:07:17","guid":{"rendered":"https:\/\/hydraulic-cylinders.net\/?post_type=product&#038;p=1785"},"modified":"2025-04-15T05:54:48","modified_gmt":"2025-04-15T05:54:48","slug":"jack-up-offshore-platform-lifting-cylinder","status":"publish","type":"product","link":"https:\/\/www.hydraulic-cylinders.net\/lv\/products\/jack-up-offshore-platform-lifting-cylinder\/","title":{"rendered":"Pace\u013cams j\u016bras platformas pacel\u0161anas cilindrs"},"content":{"rendered":"<h1 style=\"text-align: center;\"><strong>Pace\u013cams j\u016bras platformas pacel\u0161anas cilindrs<\/strong><\/h1>\n<h1 style=\"text-align: center;\"><img loading=\"lazy\" decoding=\"async\" class=\"alignnone wp-image-1786\" src=\"https:\/\/hydraulic-cylinders.net\/wp-content\/uploads\/2023\/10\/lifting-cylinder-1-2-300x300.webp\" alt=\"\" width=\"400\" height=\"400\" \/><\/h1>\n<p>Pa\u0161pace\u013camais j\u016bras platformas pacel\u0161anas cilindrs ir moderna hidraulisk\u0101 sist\u0113ma, kas \u012bpa\u0161i izstr\u0101d\u0101ta j\u016bras platform\u0101m. Tas ir \u013coti svar\u012bgs materi\u0101lu pacel\u0161anai un stabiliz\u0113\u0161anai, nodro\u0161inot dro\u0161u un efekt\u012bvu darb\u012bbu sare\u017e\u0123\u012bt\u0101 j\u016bras vid\u0113. Pateicoties t\u0101 uzlabotaj\u0101m funkcij\u0101m un iztur\u012bgajai konstrukcijai, \u0161is pacel\u0161anas cilindrs ir lab\u0101kais risin\u0101jums j\u016bras nozar\u0113m vis\u0101 pasaul\u0113.<\/p>\n<p>Pace\u013camais j\u016bras platformas pacel\u0161anas cilindrs ir uzticama un efekt\u012bva hidraulisk\u0101 sist\u0113ma, kas paredz\u0113ta j\u016bras platformu pacel\u0161anai un stabiliz\u0113\u0161anai. T\u0101s iztur\u012bg\u0101 konstrukcija, augst\u0101 kravnes\u012bba un regul\u0113jam\u0101 augstuma iesp\u0113jas nodro\u0161ina dro\u0161u un netrauc\u0113tu darb\u012bbu sare\u017e\u0123\u012bt\u0101 j\u016bras vid\u0113. Iev\u0113rojot ieteicam\u0101s lieto\u0161anas metodes un ievie\u0161ot regul\u0101ras apkopes praksi, operatori var maksim\u0101li palielin\u0101t \u0161\u012b svar\u012bg\u0101 cel\u0161anas risin\u0101juma ilgm\u016b\u017e\u012bbu un veiktsp\u0113ju, veicinot j\u016bras projektu pan\u0101kumus.<\/p>\n<p>Pace\u013cam\u0101 j\u016bras platformas pacel\u0161anas cilindra galven\u0101s \u012bpa\u0161\u012bbas:<\/p>\n<ul>\n<li>Iztur\u012bga konstrukcija: Pacel\u0161anas cilindrs ir izstr\u0101d\u0101ts, lai iztur\u0113tu skarbos apst\u0101k\u013cus j\u016br\u0101. Izgatavots no augstas kvalit\u0101tes, korozijiztur\u012bgiem materi\u0101liem, tas pied\u0101v\u0101 izcilu iztur\u012bbu un ilgm\u016b\u017e\u012bbu, samazinot apkopes pras\u012bbas.<\/li>\n<li>Augsta celtsp\u0113ja: Pacel\u0161anas cilindram ir iespaid\u012bga celtsp\u0113ja, kas \u013cauj tam viegli tikt gal\u0101 ar smag\u0101m krav\u0101m. Tas nodro\u0161ina uzticamu atbalstu visai platformai pacel\u0161anas laik\u0101, garant\u0113jot stabilit\u0101ti un dro\u0161\u012bbu darb\u012bbas laik\u0101.<\/li>\n<li>Hidraulisk\u0101 jauda: Pacel\u0161anas cilindrs, ko darbina hidraulisk\u0101 sist\u0113ma, izmanto spiediena \u0161\u0137idrumu rad\u012bto sp\u0113ku, lai paceltu un nolaistu platformu. \u0160is hidrauliskais meh\u0101nisms nodro\u0161ina prec\u012bzu pacel\u0161anas procesa kontroli, nodro\u0161inot vienm\u0113r\u012bgas un kontrol\u0113tas kust\u012bbas.<\/li>\n<li>Regul\u0113jams augstums: Pace\u013cam\u0101 j\u016bras platformas pacel\u0161anas cilindrs \u013cauj regul\u0113t platformas augstumu, piel\u0101gojoties da\u017e\u0101diem \u016bdens dzi\u013cumiem un j\u016bras apst\u0101k\u013ciem. \u0160\u012b piel\u0101gojam\u012bba nodro\u0161ina optim\u0101lu platformas novietojumu, uzlabojot stabilit\u0101ti un veicinot efekt\u012bvu darb\u012bbu.<\/li>\n<\/ul>\n<h2><strong>Pace\u013cam\u0101 j\u016bras platformas pacel\u0161anas cilindra parametrs:<\/strong><\/h2>\n<table border=\"1\" cellspacing=\"0\" cellpadding=\"0\">\n<tbody>\n<tr>\n<td>Produkta nosaukums<\/td>\n<td>Pace\u013cams j\u016bras platformas pacel\u0161anas cilindrs<\/td>\n<\/tr>\n<tr>\n<td>Funkcijas:<\/td>\n<td>Veiciet platformas pacel\u0161anu un nolai\u0161anu, vadot gredzenveida siju<\/td>\n<\/tr>\n<tr>\n<td>Urbuma diametrs:<\/td>\n<td>L\u012bdz 700 mm<\/td>\n<\/tr>\n<tr>\n<td>Stie\u0146a diametrs:<\/td>\n<td>L\u012bdz 420 mm<br \/>\nG\u0101jiens l\u012bdz 2150 mm<\/td>\n<\/tr>\n<tr>\n<td>Spiediens:<\/td>\n<td>l\u012bdz 32 MPa<\/td>\n<\/tr>\n<tr>\n<td>Sensors:<\/td>\n<td>\u0100r\u0113jo p\u0101rvietojuma sensoru var konfigur\u0113t t\u0101, lai tas b\u016btu nepiecie\u0161ams sensora apkopei un nomai\u0146ai, neizjaucot cilindrus.<\/td>\n<\/tr>\n<tr>\n<td>Lietojumi:<\/td>\n<td>Pace\u013cama j\u016bras platforma<\/td>\n<\/tr>\n<\/tbody>\n<\/table>\n<div><\/div>\n<div>\n<div class=\"txtboxL\">\n<div class=\"txtboxL\">\n<div class=\"txtboxL\">\n<div class=\"txtboxL\">\n<div class=\"txtboxL\">\n<div class=\"txtboxL\">Funkcijas:<\/div>\n<div class=\"txtboxR\">Veiciet platformas pacel\u0161anu un nolai\u0161anu, vadot gredzenveida siju<\/div>\n<div class=\"txtboxL\">Specifik\u0101cija:<\/div>\n<div class=\"txtboxR\">Urbuma diametrs: l\u012bdz 700 mm<br \/>\nStie\u0146a diametrs: l\u012bdz 420 mm<br \/>\nG\u0101jiens l\u012bdz 2150 mm<\/div>\n<div class=\"txtboxL\">Spiediens:<\/div>\n<div class=\"txtboxR\">l\u012bdz 32 MPa<\/div>\n<div class=\"txtboxL\">Sensors:<\/div>\n<div class=\"txtboxR\">\u0100r\u0113jo p\u0101rvietojuma sensoru var konfigur\u0113t t\u0101, lai tas b\u016btu nepiecie\u0161ams sensora apkopei un nomai\u0146ai, neizjaucot cilindrus.<\/div>\n<\/div>\n<\/div>\n<\/div>\n<\/div>\n<\/div>\n<\/div>\n<h2><strong>D\u017eekpa pacel\u0161anas platformas cilindra pielietojums j\u016br\u0101:<\/strong><\/h2>\n<p><img loading=\"lazy\" decoding=\"async\" class=\"alignnone wp-image-1788 size-full\" src=\"https:\/\/hydraulic-cylinders.net\/wp-content\/uploads\/2023\/10\/jack-up-offshore-platform-cylinder-1.webp\" alt=\"\" width=\"1418\" height=\"946\" srcset=\"https:\/\/hydraulic-cylinders.net\/wp-content\/uploads\/2023\/10\/jack-up-offshore-platform-cylinder-1.webp 1418w, https:\/\/hydraulic-cylinders.net\/wp-content\/uploads\/2023\/10\/jack-up-offshore-platform-cylinder-1-1280x854.webp 1280w, https:\/\/hydraulic-cylinders.net\/wp-content\/uploads\/2023\/10\/jack-up-offshore-platform-cylinder-1-980x654.webp 980w, https:\/\/hydraulic-cylinders.net\/wp-content\/uploads\/2023\/10\/jack-up-offshore-platform-cylinder-1-480x320.webp 480w\" sizes=\"(min-width: 0px) and (max-width: 480px) 480px, (min-width: 481px) and (max-width: 980px) 980px, (min-width: 981px) and (max-width: 1280px) 1280px, (min-width: 1281px) 1418px, 100vw\" \/><\/p>\n<h2><strong>D\u017eeka pacel\u0161anas platformas pacel\u0161anas cilindra lieto\u0161anas metode j\u016br\u0101<\/strong><strong>:<\/strong><\/h2>\n<ol>\n<li>Sagatavo\u0161an\u0101s pirms pacel\u0161anas: Pirms pacel\u0161anas procesa uzs\u0101k\u0161anas p\u0101rliecinieties, vai platforma ir dro\u0161i novietota un ir ieviesti visi dro\u0161\u012bbas pas\u0101kumi. Veiciet r\u016bp\u012bgu pacel\u0161anas cilindra un ar to saist\u012bto komponentu p\u0101rbaudi.<\/li>\n<li>Hidraulisk\u0101s sist\u0113mas aktiviz\u0113\u0161ana: aktiviz\u0113jiet hidraulisko sist\u0113mu, nodro\u0161inot atbilsto\u0161u spiediena l\u012bmeni un \u0161\u0137idruma padevi. Tas nodro\u0161in\u0101s nepiecie\u0161amo sp\u0113ku pacel\u0161anas cilindram platformas pacel\u0161anai.<\/li>\n<li>Kontrol\u0113ta pacel\u0161ana: Iesl\u0113dziet pacel\u0161anas cilindru, izmantojot hidraulisk\u0101s vad\u012bbas ier\u012bces, lai pak\u0101peniski paceltu platformu v\u0113lamaj\u0101 augstum\u0101. R\u016bp\u012bgi uzraugiet procesu, nodro\u0161inot vienm\u0113r\u012bgas un kontrol\u0113tas kust\u012bbas.<\/li>\n<li>Stabiliz\u0101cija: Kad ir sasniegts v\u0113lamais augstums, iesl\u0113dziet platformas stabiliz\u0101cijas meh\u0101nismu, nodro\u0161inot, ka platforma darb\u012bbas laik\u0101 paliek dro\u0161a un l\u012bdzena.<\/li>\n<\/ol>\n<h2><strong>K\u0101 no\u0146emt hidraulisk\u0101 cilindra tapas?<\/strong><\/h2>\n<p>Hidraulisk\u0101 cilindra tapu no\u0146em\u0161ana prasa r\u016bp\u012bgu apie\u0161anos un dro\u0161\u012bbas proced\u016bru iev\u0113ro\u0161anu. \u0160eit ir sniegta detaliz\u0113ta instrukcija par hidraulisk\u0101 cilindra tapu no\u0146em\u0161anu:<\/p>\n<ol>\n<li><strong>Sagatavojiet darba zonu:<\/strong> P\u0101rliecinieties, ka jums ir t\u012bra un labi apgaismota darba vieta. Not\u012briet visus \u0161\u0137\u0113r\u0161\u013cus ap hidraulisko cilindru, lai nodro\u0161in\u0101tu \u0113rtu piek\u013cuvi tapas iz\u0146em\u0161anas procesam.<\/li>\n<li><strong>Atbr\u012bvo\u0161anas spiediens:<\/strong> Pirms m\u0113\u0123in\u0101t iz\u0146emt tapas, samaziniet hidraulisko spiedienu sist\u0113m\u0101. \u0160is solis ir \u013coti svar\u012bgs, lai nov\u0113rstu p\u0113k\u0161\u0146u kust\u012bbu vai negaid\u012btu uzkr\u0101t\u0101s ener\u0123ijas izdal\u012b\u0161anos. Iev\u0113rojiet ra\u017eot\u0101ja nor\u0101d\u012bjumus par dro\u0161u hidraulisk\u0101s sist\u0113mas spiediena samazin\u0101\u0161anu.<\/li>\n<li><strong>Nosakiet tapu veidus:<\/strong> Hidraulisk\u0101 cilindra tapas var b\u016bt da\u017e\u0101du veidu, piem\u0113ram, \u0161\u0137elttapas, \u0161\u0137elttapas vai fiks\u0101cijas gredzeni. Lai noteiktu atbilsto\u0161o no\u0146em\u0161anas metodi, nosakiet konkr\u0113to tapas veidu, kas tiek izmantots j\u016bsu hidrauliskaj\u0101 cilindr\u0101.<\/li>\n<li><strong>Apkopo\u0161anas r\u012bki:<\/strong> Atkar\u012bb\u0101 no tapas veida no\u0146em\u0161anai var b\u016bt nepiecie\u0161ami \u012bpa\u0161i instrumenti. Izplat\u012bt\u0101kie instrumenti ir \u0101murs, perforators, knaibles vai hidrauliskajiem cilindriem paredz\u0113ts tapas no\u0146em\u0161anas instruments.<\/li>\n<li><strong>No\u0146emiet stiprin\u0101juma aparat\u016bru:<\/strong> Ja tapa ir nostiprin\u0101ta ar fiks\u0101cijas elementiem, piem\u0113ram, \u0161\u0137elttap\u0101m vai atspergredzeniem, uzman\u012bgi no\u0146emiet tos, izmantojot atbilsto\u0161us instrumentus. Uzmanieties, lai nesaboj\u0101tu apk\u0101rt\u0113j\u0101s deta\u013cas.<\/li>\n<li><strong>Uzkl\u0101jiet ies\u016bco\u0161os e\u013c\u013cu (ja nepiecie\u0161ams):<\/strong> Ja tapa \u0161\u0137iet iespr\u016bdusi vai pretojas kust\u012bbai, r\u016bsu vai gru\u017eus var pal\u012bdz\u0113t atbr\u012bvot, uzkl\u0101jot ies\u016bco\u0161u e\u013c\u013cu. \u013baujiet e\u013c\u013cai ies\u016bkties da\u017eas min\u016btes, lai to b\u016btu viegl\u0101k iz\u0146emt.<\/li>\n<li><strong>Pieskarieties piesprau\u0161anai:<\/strong> Izmantojot \u0101muru un perforatoru vai tapas iz\u0146em\u0161anas instrumentu, viegli uzsitiet pa tapu no stiprin\u0101juma aparat\u016bras pret\u0113j\u0101s puses. S\u0101ciet ar viegliem uzsitieniem, lai izvair\u012btos no boj\u0101jumiem, un, ja nepiecie\u0161ams, pak\u0101peniski palieliniet sp\u0113ku. M\u0113r\u0137is ir izkustin\u0101t tapu, nepielietojot p\u0101rm\u0113r\u012bgu sp\u0113ku.<\/li>\n<li><strong>Kust\u0113ties un vilkt:<\/strong> Kad tapa s\u0101k kust\u0113ties, kustiniet to uz priek\u0161u un atpaka\u013c, vienlaikus pieliekot spiedienu uz \u0101ru, lai to iz\u0146emtu no hidraulisk\u0101 cilindra. Esiet paciet\u012bgi un izvairieties no p\u0101rm\u0113r\u012bga sp\u0113ka pielieto\u0161anas, jo tas var izrais\u012bt boj\u0101jumus vai traumas.<\/li>\n<li><strong>P\u0101rbaudiet tapu:<\/strong> P\u0113c no\u0146em\u0161anas p\u0101rbaudiet tapu, vai tai nav boj\u0101jumu vai nodiluma paz\u012bmju. Ja tapa ir boj\u0101ta, pirms hidraulisk\u0101 cilindra atk\u0101rtotas salik\u0161anas nomainiet to ar jaunu.<\/li>\n<li><strong>T\u012br\u012bt un iee\u013c\u013cot:<\/strong> R\u016bp\u012bgi not\u012briet hidraulisk\u0101 cilindra tapu un tapu caurumus. No\u0146emiet visus gru\u017eus, r\u016bsu vai veco sm\u0113rvielu. Pirms atk\u0101rtotas uzst\u0101d\u012b\u0161anas uz tapas uzkl\u0101jiet piem\u0113rotu sm\u0113rvielu, lai nodro\u0161in\u0101tu vienm\u0113r\u012bgu darb\u012bbu.<\/li>\n<\/ol>\n<h2><strong>R\u016bpn\u012bcas iesp\u0113jas un jauda:<\/strong><\/h2>\n<h3>(1) Mont\u0101\u017ea<\/h3>\n<p>Mums ir pirmklas\u012bga neatkar\u012bga p\u0113tniec\u012bbas un att\u012bst\u012bbas mont\u0101\u017eas platforma. Hidraulisko cilindru ra\u017eo\u0161anas darbn\u012bc\u0101 ir \u010detras pusautom\u0101tiskas pacel\u0161anas cilindru mont\u0101\u017eas l\u012bnijas un viena autom\u0101tisk\u0101 sl\u012bpuma cilindru mont\u0101\u017eas l\u012bnija ar projekt\u0113to gada ra\u017eo\u0161anas jaudu 1 miljons vien\u012bbu. Speci\u0101lo cilindru darbn\u012bca ir apr\u012bkota ar da\u017e\u0101du specifik\u0101ciju pusautom\u0101tisku t\u012br\u012b\u0161anas mont\u0101\u017eas sist\u0113mu ar projekt\u0113to gada ra\u017eo\u0161anas jaudu 200 000 vien\u012bbu un apr\u012bkota ar slaven\u0101m CNC apstr\u0101des iek\u0101rt\u0101m, apstr\u0101des centru, augstas precizit\u0101tes cilindru apstr\u0101des speci\u0101lo apr\u012bkojumu, robotiz\u0113tu metin\u0101\u0161anas iek\u0101rtu, autom\u0101tisku t\u012br\u012b\u0161anas iek\u0101rtu, autom\u0101tisku cilindru mont\u0101\u017eas iek\u0101rtu un autom\u0101tisku kr\u0101so\u0161anas ra\u017eo\u0161anas l\u012bniju. Eso\u0161ais kritiskais apr\u012bkojums ir vair\u0101k nek\u0101 300 komplektu (komplektu). Optim\u0101la iek\u0101rtu resursu sadale un efekt\u012bva izmanto\u0161ana nodro\u0161ina produktu precizit\u0101tes pras\u012bbas un apmierina produktu augst\u0101s kvalit\u0101tes pras\u012bbas.<\/p>\n<p><img loading=\"lazy\" decoding=\"async\" class=\"alignnone wp-image-626\" src=\"https:\/\/hydraulic-cylinders.net\/wp-content\/uploads\/2023\/08\/hydraulic-cylinder-product-1-300x158.webp\" alt=\"\" width=\"495\" height=\"260\" srcset=\"https:\/\/hydraulic-cylinders.net\/wp-content\/uploads\/2023\/08\/hydraulic-cylinder-product-1-300x158.webp 495w, https:\/\/hydraulic-cylinders.net\/wp-content\/uploads\/2023\/08\/hydraulic-cylinder-product-1-480x252.webp 480w\" sizes=\"(min-width: 0px) and (max-width: 480px) 480px, (min-width: 481px) 495px, 100vw\" \/> <img loading=\"lazy\" decoding=\"async\" class=\"alignnone wp-image-627\" src=\"https:\/\/hydraulic-cylinders.net\/wp-content\/uploads\/2023\/08\/hydraulic-cylinder-product-2-300x189.webp\" alt=\"\" width=\"413\" height=\"260\" \/><\/p>\n<h3>(2) Apstr\u0101de<\/h3>\n<p>Apstr\u0101des cehs ir apr\u012bkots ar piel\u0101gotu sl\u012bpo slie\u017eu virpo\u0161anas centru, apstr\u0101des centru, \u0101trgaitas asin\u0101\u0161anas ma\u0161\u012bnu, metin\u0101\u0161anas robotu un citu saist\u012btu apr\u012bkojumu, kas var apstr\u0101d\u0101t cilindriskas caurules ar maksim\u0101lo iek\u0161\u0113jo diametru 400 mm un maksim\u0101lo garumu 6 metri.<\/p>\n<p><img loading=\"lazy\" decoding=\"async\" class=\"alignnone wp-image-628 size-large\" src=\"https:\/\/hydraulic-cylinders.net\/wp-content\/uploads\/2023\/08\/hydraulic-cylinder-product-3-1024x391.webp\" alt=\"\" width=\"1024\" height=\"391\" srcset=\"https:\/\/hydraulic-cylinders.net\/wp-content\/uploads\/2023\/08\/hydraulic-cylinder-product-3-980x374.webp 980w, https:\/\/hydraulic-cylinders.net\/wp-content\/uploads\/2023\/08\/hydraulic-cylinder-product-3-480x183.webp 480w\" sizes=\"(min-width: 0px) and (max-width: 480px) 480px, (min-width: 481px) and (max-width: 980px) 980px, (min-width: 981px) 1024px, 100vw\" \/><\/p>\n<h3>(3) Metin\u0101\u0161ana<\/h3>\n<p><img loading=\"lazy\" decoding=\"async\" class=\"alignnone wp-image-629 size-large\" src=\"https:\/\/hydraulic-cylinders.net\/wp-content\/uploads\/2023\/08\/hydraulic-cylinder-product-4-1024x510.webp\" alt=\"\" width=\"1024\" height=\"510\" srcset=\"https:\/\/hydraulic-cylinders.net\/wp-content\/uploads\/2023\/08\/hydraulic-cylinder-product-4-980x488.webp 980w, https:\/\/hydraulic-cylinders.net\/wp-content\/uploads\/2023\/08\/hydraulic-cylinder-product-4-480x239.webp 480w\" sizes=\"(min-width: 0px) and (max-width: 480px) 480px, (min-width: 481px) and (max-width: 980px) 980px, (min-width: 981px) 1024px, 100vw\" \/><\/p>\n<h3>(4) Kr\u0101so\u0161ana un p\u0101rkl\u0101\u0161ana<\/h3>\n<p>Ar maz\u0101m un vid\u0113ja izm\u0113ra cilindrisk\u0101m autom\u0101tisk\u0101m \u016bdens b\u0101zes kr\u0101su p\u0101rkl\u0101\u0161anas l\u012bnij\u0101m, lai pan\u0101ktu autom\u0101tisku robotu iekrau\u0161anu un izkrau\u0161anu un autom\u0101tisku izsmidzin\u0101\u0161anu, projekt\u0113t\u0101 jauda ir 4000 gabali mai\u0146\u0101;<br \/>\nMums ir ar\u012b pusautom\u0101tiska kr\u0101su ra\u017eo\u0161anas l\u012bnija lieliem baloniem, ko darbina \u0137\u0113des piedzi\u0146a, ar 60 kastu konstrukcijas jaudu vien\u0101 mai\u0146\u0101.<\/p>\n<p><img loading=\"lazy\" decoding=\"async\" class=\"alignnone wp-image-630\" src=\"https:\/\/hydraulic-cylinders.net\/wp-content\/uploads\/2023\/08\/hydraulic-cylinder-product-5-300x213.webp\" alt=\"\" width=\"366\" height=\"260\" \/> <img loading=\"lazy\" decoding=\"async\" class=\"alignnone wp-image-631\" src=\"https:\/\/hydraulic-cylinders.net\/wp-content\/uploads\/2023\/08\/hydraulic-cylinder-product-6-300x225.webp\" alt=\"\" width=\"347\" height=\"260\" \/><\/p>\n<h3>(5) Test\u0113\u0161ana<\/h3>\n<p>Mums ir augst\u0101k\u0101s klases p\u0101rbaudes iek\u0101rtas un test\u0113\u0161anas stendi, lai nodro\u0161in\u0101tu, ka balona veiktsp\u0113ja atbilst pras\u012bb\u0101m.<\/p>\n<p><img loading=\"lazy\" decoding=\"async\" class=\"alignnone wp-image-632\" src=\"https:\/\/hydraulic-cylinders.net\/wp-content\/uploads\/2023\/08\/hydraulic-cylinder-product-8-300x200.webp\" alt=\"\" width=\"389\" height=\"260\" \/><\/p>\n<p>&nbsp;<\/p>\n<p>&nbsp;<\/p>\n<p>M\u0113s esam viens no lab\u0101kajiem hidraulisko cilindru ra\u017eot\u0101jiem. M\u0113s varam pied\u0101v\u0101t visaptvero\u0161us hidrauliskos cilindrus. M\u0113s nodro\u0161in\u0101m ar\u012b atbilsto\u0161us <a href=\"https:\/\/hzpt.com\/agricultural-pto-gearbox\/\" target=\"_blank\" rel=\"noopener\">lauksaimniec\u012bbas p\u0101rnesumk\u0101rbas<\/a>. M\u0113s esam eksport\u0113ju\u0161i savus produktus klientiem vis\u0101 pasaul\u0113 un esam ieguvu\u0161i labu reput\u0101ciju, pateicoties m\u016bsu izcilajai produktu kvalit\u0101tei un p\u0113cp\u0101rdo\u0161anas servisam. M\u0113s aicin\u0101m klientus no valsts un \u0101rvalst\u012bm sazin\u0101ties ar mums, lai risin\u0101tu biznesa sarunas, apmain\u012btos ar inform\u0101ciju un... <a href=\"https:\/\/www.hydraulic-cylinders.net\/lv\/contact-us\/\">sadarboties ar mums<\/a>!<\/p>","protected":false},"excerpt":{"rendered":"<p>Jack-up Offshore Platform Lifting Cylinder The jack-up offshore platform lifting cylinder is a cutting-edge hydraulic system explicitly designed for offshore platforms. It is crucial in elevating and stabilizing media, ensuring safe and efficient operations in challenging offshore environments. With its advanced features and robust construction, this lifting cylinder is the go-to solution for offshore industries [&hellip;]<\/p>","protected":false},"featured_media":1787,"comment_status":"open","ping_status":"closed","template":"","meta":{"_et_pb_use_builder":"","_et_pb_old_content":"","_et_gb_content_width":""},"product_brand":[],"product_cat":[1536,1549,1552,1376],"product_tag":[1380],"class_list":{"0":"post-1785","1":"product","2":"type-product","3":"status-publish","4":"has-post-thumbnail","6":"product_cat-offshore-platform-hydraulic-cylinders","7":"product_cat-single-acting-hydraulic-cylinder","8":"product_cat-stainless-steel-hydraulic-cylinder","9":"product_cat-hydraulic-cylinder","10":"product_tag-hydraulic-cylinder","12":"first","13":"instock","14":"shipping-taxable","15":"product-type-simple"},"amp_enabled":true,"_links":{"self":[{"href":"https:\/\/www.hydraulic-cylinders.net\/lv\/wp-json\/wp\/v2\/product\/1785","targetHints":{"allow":["GET"]}}],"collection":[{"href":"https:\/\/www.hydraulic-cylinders.net\/lv\/wp-json\/wp\/v2\/product"}],"about":[{"href":"https:\/\/www.hydraulic-cylinders.net\/lv\/wp-json\/wp\/v2\/types\/product"}],"replies":[{"embeddable":true,"href":"https:\/\/www.hydraulic-cylinders.net\/lv\/wp-json\/wp\/v2\/comments?post=1785"}],"wp:featuredmedia":[{"embeddable":true,"href":"https:\/\/www.hydraulic-cylinders.net\/lv\/wp-json\/wp\/v2\/media\/1787"}],"wp:attachment":[{"href":"https:\/\/www.hydraulic-cylinders.net\/lv\/wp-json\/wp\/v2\/media?parent=1785"}],"wp:term":[{"taxonomy":"product_brand","embeddable":true,"href":"https:\/\/www.hydraulic-cylinders.net\/lv\/wp-json\/wp\/v2\/product_brand?post=1785"},{"taxonomy":"product_cat","embeddable":true,"href":"https:\/\/www.hydraulic-cylinders.net\/lv\/wp-json\/wp\/v2\/product_cat?post=1785"},{"taxonomy":"product_tag","embeddable":true,"href":"https:\/\/www.hydraulic-cylinders.net\/lv\/wp-json\/wp\/v2\/product_tag?post=1785"}],"curies":[{"name":"wp","href":"https:\/\/api.w.org\/{rel}","templated":true}]}}