{"id":1828,"date":"2023-10-17T03:14:36","date_gmt":"2023-10-17T03:14:36","guid":{"rendered":"https:\/\/hydraulic-cylinders.net\/?post_type=product&#038;p=1828"},"modified":"2025-04-15T05:43:07","modified_gmt":"2025-04-15T05:43:07","slug":"empty-container-stacker-oil-tilt-cylinder","status":"publish","type":"product","link":"https:\/\/www.hydraulic-cylinders.net\/lv\/products\/empty-container-stacker-oil-tilt-cylinder\/","title":{"rendered":"Tuk\u0161u konteineru kr\u0101v\u0113ja e\u013c\u013cas noliek\u0161anas cilindrs"},"content":{"rendered":"<h1 style=\"text-align: center;\"><strong>Tuk\u0161u konteineru kr\u0101v\u0113ja e\u013c\u013cas noliek\u0161anas cilindrs<\/strong><\/h1>\n<h1 style=\"text-align: center;\"><img loading=\"lazy\" decoding=\"async\" class=\"alignnone wp-image-1829\" src=\"https:\/\/hydraulic-cylinders.net\/wp-content\/uploads\/2023\/10\/tilt-cylinder-1-2-300x300.webp\" alt=\"\" width=\"400\" height=\"400\" \/><\/h1>\n<p>Tuk\u0161o konteineru kraut\u0146ot\u0101ja e\u013c\u013cas noliek\u0161anas cilindrs ir svar\u012bga hidrauliska sast\u0101vda\u013ca, kas paredz\u0113ta, lai optimiz\u0113tu tuk\u0161o konteineru krau\u0161anas oper\u0101ciju efektivit\u0101ti un dro\u0161\u012bbu. \u0160is specializ\u0113tais cilindrs ir \u012bpa\u0161i izstr\u0101d\u0101ts, lai kontrol\u0113tu konteineru izklied\u0113t\u0101ja noliek\u0161anas kust\u012bbu, \u013caujot prec\u012bzi pozicion\u0113t tuk\u0161os konteinerus krau\u0161anas vai izkrau\u0161anas procesos. Pateicoties t\u0101 iztur\u012bgajai konstrukcijai, uzlabotaj\u0101m funkcij\u0101m un vienk\u0101r\u0161ajai integr\u0101cijai, tuk\u0161o konteineru kraut\u0146ot\u0101ja e\u013c\u013cas noliek\u0161anas cilindrs ir b\u016btisks instruments uz\u0146\u0113mumiem, kas v\u0113las uzlabot savas konteineru apstr\u0101des iesp\u0113jas.<\/p>\n<p>Tuk\u0161o konteineru kr\u0101v\u0113ja e\u013c\u013cas noliek\u0161anas cilindrs ir v\u0113rt\u012bgs papildin\u0101jums tuk\u0161o konteineru kr\u0101v\u0113jiem, nodro\u0161inot prec\u012bzu konteineru izklied\u0113t\u0101ja noliek\u0161anas kust\u012bbas kontroli. Ar uzlabotu efektivit\u0101ti, iztur\u012bgu konstrukciju un integr\u0113t\u0101m dro\u0161\u012bbas funkcij\u0101m \u0161is cilindrs optimiz\u0113 konteineru apstr\u0101des darb\u012bbas, \u013caujot operatoriem prec\u012bzi un efekt\u012bvi novietot tuk\u0161os konteinerus, vienlaikus nodro\u0161inot ekspluat\u0101cijas dro\u0161\u012bbu. Iev\u0113rojot ieteicam\u0101s lieto\u0161anas metodes un ievie\u0161ot regul\u0101ras apkopes prakses, uz\u0146\u0113mumi var maksim\u0101li palielin\u0101t savu konteineru apstr\u0101des darb\u012bbu veiktsp\u0113ju, ilgm\u016b\u017e\u012bbu un dro\u0161\u012bbu. Ar tuk\u0161o konteineru kr\u0101v\u0113ja e\u013c\u013cas noliek\u0161anas cilindru uz\u0146\u0113mumi var uzlabot produktivit\u0101ti, daudzpus\u012bbu un dro\u0161\u012bbu konteineru krau\u0161anas vai izkrau\u0161anas procesos, nodro\u0161inot efekt\u012bvu un veiksm\u012bgu darb\u012bbu sare\u017e\u0123\u012btaj\u0101 konteineru apstr\u0101des nozar\u0113.<\/p>\n<p>Tuk\u0161u konteineru kr\u0101v\u0113ja e\u013c\u013cas noliek\u0161anas cilindra galven\u0101s \u012bpa\u0161\u012bbas:<\/p>\n<ol>\n<li>Prec\u012bza sl\u012bpuma kontrole: E\u013c\u013cas sl\u012bpuma cilindrs nodro\u0161ina prec\u012bzu konteineru izklied\u0113t\u0101ja sl\u012bpuma kust\u012bbas kontroli. Tas \u013cauj operatoriem prec\u012bzi piel\u0101got konteineru le\u0146\u0137i, nodro\u0161inot optim\u0101lu krau\u0161anas un izkrau\u0161anas poz\u012bciju, vienlaikus samazinot negad\u012bjumu vai boj\u0101jumu risku apstr\u0101des laik\u0101.<\/li>\n<li>Paaugstin\u0101ta efektivit\u0101te: Cilindra konstrukcija \u013cauj \u0101tri un efekt\u012bvi noliekt konteineru izklied\u0113t\u0101ju. Tas nodro\u0161ina \u0101tru konteineru pozicion\u0113\u0161anu un samazina kop\u0113jo cikla laiku krau\u0161anas vai izkrau\u0161anas darb\u012bb\u0101m, uzlabojot produktivit\u0101ti un darb\u012bbas efektivit\u0101ti.<\/li>\n<li>Iztur\u012bga konstrukcija: Izgatavots no augstas kvalit\u0101tes materi\u0101liem, tostarp iztur\u012bgiem bl\u012bv\u0113jumiem un korozijiztur\u012bgiem sakaus\u0113jumiem, tuk\u0161o konteineru kraut\u0146ot\u0101ja e\u013c\u013cas nolieces cilindrs ir paredz\u0113ts, lai iztur\u0113tu sare\u017e\u0123\u012btus konteineru apstr\u0101des apst\u0101k\u013cus. T\u0101 iztur\u012bg\u0101 konstrukcija nodro\u0161ina uzticamu veiktsp\u0113ju, ilgm\u016b\u017e\u012bbu un minim\u0101las apkopes pras\u012bbas, samazinot ekspluat\u0101cijas d\u012bkst\u0101ves laiku.<\/li>\n<li>Integr\u0113tas dro\u0161\u012bbas funkcijas: Sasv\u0113r\u0161anas cilindram ir uzlabotas dro\u0161\u012bbas funkcijas, piem\u0113ram, p\u0101rslodzes aizsardz\u012bba un av\u0101rijas aptur\u0113\u0161anas meh\u0101nismi. \u0160\u012bs funkcijas pal\u012bdz nov\u0113rst izklied\u0113t\u0101ja p\u0101rslodzi un nodro\u0161ina dro\u0161u darb\u012bbu konteineru apstr\u0101des laik\u0101, uzlabojot visp\u0101r\u0113jo ekspluat\u0101cijas dro\u0161\u012bbu un samazinot negad\u012bjumu risku.<\/li>\n<\/ol>\n<h2><strong>Tuk\u0161a konteinera kr\u0101v\u0113ja e\u013c\u013cas noliek\u0161anas cilindra parametrs:<\/strong><\/h2>\n<table border=\"1\" cellspacing=\"0\" cellpadding=\"0\">\n<tbody>\n<tr>\n<td>Produkta nosaukums<\/td>\n<td>Tuk\u0161u konteineru kr\u0101v\u0113ja e\u013c\u013cas noliek\u0161anas cilindrs<\/td>\n<\/tr>\n<tr>\n<td>Funkcijas:<\/td>\n<td>Izprotiet masta priek\u0161\u0113jo un aizmugur\u0113jo \u0161\u016bpo\u0161an\u0101s darb\u012bbu<\/td>\n<\/tr>\n<tr>\n<td>Urbuma diametrs:<\/td>\n<td>100 mm\uff5e220 mm<\/td>\n<\/tr>\n<tr>\n<td>Stie\u0146a diametrs:<\/td>\n<td>60 mm\uff5e140 mm<br \/>\nG\u0101jiens \u22641000 mm<\/td>\n<\/tr>\n<tr>\n<td>Spiediens:<\/td>\n<td>Maksim\u0101li 30 MPa<\/td>\n<\/tr>\n<tr>\n<td>Lietojumi:<\/td>\n<td>Tuk\u0161u konteineru kr\u0101v\u0113js<\/td>\n<\/tr>\n<\/tbody>\n<\/table>\n<h2><strong>Tuk\u0161a konteinera kr\u0101v\u0113ja e\u013c\u013cas cilindra pielietojums:<\/strong><\/h2>\n<p><img loading=\"lazy\" decoding=\"async\" class=\"alignnone wp-image-1831 size-full\" src=\"https:\/\/hydraulic-cylinders.net\/wp-content\/uploads\/2023\/10\/empty-container-stacker-oil-cylinder-1.webp\" alt=\"\" width=\"1418\" height=\"946\" srcset=\"https:\/\/hydraulic-cylinders.net\/wp-content\/uploads\/2023\/10\/empty-container-stacker-oil-cylinder-1.webp 1418w, https:\/\/hydraulic-cylinders.net\/wp-content\/uploads\/2023\/10\/empty-container-stacker-oil-cylinder-1-1280x854.webp 1280w, https:\/\/hydraulic-cylinders.net\/wp-content\/uploads\/2023\/10\/empty-container-stacker-oil-cylinder-1-980x654.webp 980w, https:\/\/hydraulic-cylinders.net\/wp-content\/uploads\/2023\/10\/empty-container-stacker-oil-cylinder-1-480x320.webp 480w\" sizes=\"(min-width: 0px) and (max-width: 480px) 480px, (min-width: 481px) and (max-width: 980px) 980px, (min-width: 981px) and (max-width: 1280px) 1280px, (min-width: 1281px) 1418px, 100vw\" \/><\/p>\n<h2><strong>Tuk\u0161a konteinera kr\u0101v\u0113ja e\u013c\u013cas sl\u012bpuma cilindra lieto\u0161anas metode<\/strong><strong>:<\/strong><\/h2>\n<ul>\n<li><strong>Uzst\u0101d\u012b\u0161ana:<\/strong>\u00a0 Uzst\u0101diet tuk\u0161o konteineru kr\u0101v\u0113ja e\u013c\u013cas sl\u012bpuma cilindru atbilsto\u0161aj\u0101 viet\u0101 uz tuk\u0161o konteineru kr\u0101v\u0113ja. Nodro\u0161iniet pareizu izl\u012bdzin\u0101\u0161anu un dro\u0161u stiprin\u0101jumu saska\u0146\u0101 ar ra\u017eot\u0101ja vadl\u012bnij\u0101m un specifik\u0101cij\u0101m.<\/li>\n<li><strong>Hidrauliskie savienojumi:<\/strong> Pievienojiet cilindru tuk\u0161o konteineru kr\u0101v\u0113ja hidrauliskajai sist\u0113mai, nodro\u0161inot pareizu hidraulisko l\u012bniju izvietojumu un dro\u0161us savienojumus. Lai nodro\u0161in\u0101tu dro\u0161u un efekt\u012bvu darb\u012bbu, iev\u0113rojiet ra\u017eot\u0101ja ieteikumus par \u0161\u013c\u016bte\u0146u izm\u0113riem, savienojumiem un spiediena v\u0113rt\u012bb\u0101m.<\/li>\n<li><strong>Vad\u012bba un darb\u012bba:<\/strong> Sasv\u0113r\u0161anas cilindru parasti kontrol\u0113, izmantojot tuk\u0161o konteineru kraut\u0146ot\u0101ja eso\u0161o vad\u012bbas sist\u0113mu. Izmantojiet vad\u012bbas konsoli vai vad\u012bbas paneli, lai aktiviz\u0113tu hidraulisko \u0137\u0113di un piel\u0101gotu konteineru izklied\u0113t\u0101ja sasv\u0113r\u0161anas kust\u012bbu atbilsto\u0161i nepiecie\u0161am\u012bbai konteineru apstr\u0101des darb\u012bbu laik\u0101.<\/li>\n<\/ul>\n<h2><strong>K\u0101 darbojas hidrauliskais p\u0101rvieto\u0161anas cilindrs?<\/strong><\/h2>\n<p>Hidrauliskais p\u0101rvieto\u0161anas cilindrs, kas paz\u012bstams ar\u012b k\u0101 hidrauliskais line\u0101rais izpildmeh\u0101nisms vai hidrauliskais cilindrs, ir ier\u012bce, kas p\u0101rveido hidraulisko spiedienu line\u0101r\u0101 meh\u0101nisk\u0101 sp\u0113k\u0101 un kust\u012bb\u0101. Tas sast\u0101v no cilindra, virzu\u013ca un hidraulisk\u0101 \u0161\u0137idruma. L\u016bk, k\u0101 darbojas hidrauliskais p\u0101rvieto\u0161anas cilindrs:<\/p>\n<ol>\n<li><strong>B\u016bvniec\u012bba:<\/strong> P\u0101rvietojuma cilindrs sast\u0101v no cilindriska korpusa, kura iek\u0161pus\u0113 ir virzu\u013ca mezgls. Virzulis ir savienots ar stieni, kas stiepjas no viena cilindra gala.<\/li>\n<li><strong>Hidrauliskais \u0161\u0137idrums:<\/strong> Cilindrs ir piepild\u012bts ar hidraulisko \u0161\u0137idrumu (parasti e\u013c\u013cu), kas kalpo k\u0101 darba vide sp\u0113ka p\u0101rvadei. \u0160\u0137idrums tiek uzglab\u0101ts rezervu\u0101r\u0101 un cirkul\u0113 caur cilindru, izmantojot hidraulisko s\u016bkni.<\/li>\n<li><strong>Hidrauliskais spiediens:<\/strong> Hidraulisko spiedienu \u0123ener\u0113 hidrauliskais s\u016bknis, kas rada \u0161\u0137idruma pl\u016bsmu cilindr\u0101. Spiedienu kontrol\u0113 v\u0101rsti un regul\u0113 hidraulisk\u0101 sist\u0113ma.<\/li>\n<li><strong>Pagarin\u0101juma g\u0101jiens:<\/strong> Kad hidrauliskais spiediens tiek pielikts virzu\u013ca vienai pusei, tas iedarbojas uz to ar sp\u0113ku, izraisot virzu\u013ca kust\u012bbu vien\u0101 virzien\u0101. \u0160is pagarin\u0101juma g\u0101jiens spie\u017e stieni uz \u0101ru, radot line\u0101ru kust\u012bbu.<\/li>\n<li><strong>Atvilk\u0161anas g\u0101jiens:<\/strong> Lai ievilktu virzuli un stieni, virzu\u013ca pret\u0113j\u0101 pus\u0113 tiek pielikts hidrauliskais spiediens. Spiediena starp\u012bba liek virzulim kust\u0113ties pret\u0113j\u0101 virzien\u0101, ievelkot stieni atpaka\u013c cilindr\u0101.<\/li>\n<li><strong>Sp\u0113ka \u0123ener\u0113\u0161ana:<\/strong> Hidraulisk\u0101 p\u0101rvieto\u0161anas cilindra rad\u012btais sp\u0113ks ir spiediena, kas iedarbojas uz virzu\u013ca efekt\u012bvo laukumu, rezult\u0101ts. Jo liel\u0101ks virzu\u013ca laukums, jo liel\u0101ku sp\u0113ku var pielikt.<\/li>\n<li><strong>Vad\u012bba un darb\u012bba:<\/strong> Hidraulisko spiedienu un pl\u016bsmas \u0101trumu kontrol\u0113 v\u0101rsti, kurus darbina vad\u012bbas sist\u0113ma. Piel\u0101gojot v\u0101rstu iestat\u012bjumus, var kontrol\u0113t cilindra kust\u012bbas \u0101trumu un virzienu.<\/li>\n<li><strong>Lietojumi:<\/strong> Hidrauliskie p\u0101rvieto\u0161anas cilindri tiek izmantoti da\u017e\u0101dos pielietojumos, kuriem nepiecie\u0161ama line\u0101ra kust\u012bba un sp\u0113ks, piem\u0113ram, celtniec\u012bbas ma\u0161\u012bn\u0101s, r\u016bpnieciskaj\u0101s iek\u0101rt\u0101s, materi\u0101lu apstr\u0101des sist\u0113m\u0101s un automobi\u013cu lietojumprogramm\u0101s.<\/li>\n<li><strong>Apkope:<\/strong> Regul\u0101ra hidraulisk\u0101 p\u0101rvieto\u0161anas cilindra apkope ietver nopl\u016b\u017eu p\u0101rbaudi, bl\u012bv\u0113jumu un bl\u012bvju p\u0101rbaudi, k\u0101 ar\u012b v\u0101rstu un vad\u012bbas sist\u0113mu pareizas darb\u012bbas nodro\u0161in\u0101\u0161anu. Pareiza filtr\u0113\u0161ana un periodiska \u0161\u0137idruma nomai\u0146a ir svar\u012bga ar\u012b optim\u0101las veiktsp\u0113jas uztur\u0113\u0161anai un pies\u0101r\u0146ojuma nov\u0113r\u0161anai.<\/li>\n<\/ol>\n<h2><strong>R\u016bpn\u012bcas iesp\u0113jas un jauda:<\/strong><\/h2>\n<h3>(1) Mont\u0101\u017ea<\/h3>\n<p>Mums ir pirmklas\u012bga neatkar\u012bga p\u0113tniec\u012bbas un att\u012bst\u012bbas mont\u0101\u017eas platforma. Hidraulisko cilindru ra\u017eo\u0161anas darbn\u012bc\u0101 ir \u010detras pusautom\u0101tiskas pacel\u0161anas cilindru mont\u0101\u017eas l\u012bnijas un viena autom\u0101tisk\u0101 sl\u012bpuma cilindru mont\u0101\u017eas l\u012bnija ar projekt\u0113to gada ra\u017eo\u0161anas jaudu 1 miljons vien\u012bbu. Speci\u0101lo cilindru darbn\u012bca ir apr\u012bkota ar da\u017e\u0101du specifik\u0101ciju pusautom\u0101tisku t\u012br\u012b\u0161anas mont\u0101\u017eas sist\u0113mu ar projekt\u0113to gada ra\u017eo\u0161anas jaudu 200 000 vien\u012bbu un apr\u012bkota ar slaven\u0101m CNC apstr\u0101des iek\u0101rt\u0101m, apstr\u0101des centru, augstas precizit\u0101tes cilindru apstr\u0101des speci\u0101lo apr\u012bkojumu, robotiz\u0113tu metin\u0101\u0161anas iek\u0101rtu, autom\u0101tisku t\u012br\u012b\u0161anas iek\u0101rtu, autom\u0101tisku cilindru mont\u0101\u017eas iek\u0101rtu un autom\u0101tisku kr\u0101so\u0161anas ra\u017eo\u0161anas l\u012bniju. Eso\u0161ais kritiskais apr\u012bkojums ir vair\u0101k nek\u0101 300 komplektu (komplektu). Optim\u0101la iek\u0101rtu resursu sadale un efekt\u012bva izmanto\u0161ana nodro\u0161ina produktu precizit\u0101tes pras\u012bbas un apmierina produktu augst\u0101s kvalit\u0101tes pras\u012bbas.<\/p>\n<p><img loading=\"lazy\" decoding=\"async\" class=\"alignnone wp-image-626\" src=\"https:\/\/hydraulic-cylinders.net\/wp-content\/uploads\/2023\/08\/hydraulic-cylinder-product-1-300x158.webp\" alt=\"\" width=\"495\" height=\"260\" srcset=\"https:\/\/hydraulic-cylinders.net\/wp-content\/uploads\/2023\/08\/hydraulic-cylinder-product-1-300x158.webp 495w, https:\/\/hydraulic-cylinders.net\/wp-content\/uploads\/2023\/08\/hydraulic-cylinder-product-1-480x252.webp 480w\" sizes=\"(min-width: 0px) and (max-width: 480px) 480px, (min-width: 481px) 495px, 100vw\" \/> <img loading=\"lazy\" decoding=\"async\" class=\"alignnone wp-image-627\" src=\"https:\/\/hydraulic-cylinders.net\/wp-content\/uploads\/2023\/08\/hydraulic-cylinder-product-2-300x189.webp\" alt=\"\" width=\"413\" height=\"260\" \/><\/p>\n<h3>(2) Apstr\u0101de<\/h3>\n<p>Apstr\u0101des cehs ir apr\u012bkots ar piel\u0101gotu sl\u012bpo slie\u017eu virpo\u0161anas centru, apstr\u0101des centru, \u0101trgaitas asin\u0101\u0161anas ma\u0161\u012bnu, metin\u0101\u0161anas robotu un citu saist\u012btu apr\u012bkojumu, kas var apstr\u0101d\u0101t cilindriskas caurules ar maksim\u0101lo iek\u0161\u0113jo diametru 400 mm un maksim\u0101lo garumu 6 metri.<\/p>\n<p><img loading=\"lazy\" decoding=\"async\" class=\"alignnone wp-image-628 size-large\" src=\"https:\/\/hydraulic-cylinders.net\/wp-content\/uploads\/2023\/08\/hydraulic-cylinder-product-3-1024x391.webp\" alt=\"\" width=\"1024\" height=\"391\" srcset=\"https:\/\/hydraulic-cylinders.net\/wp-content\/uploads\/2023\/08\/hydraulic-cylinder-product-3-980x374.webp 980w, https:\/\/hydraulic-cylinders.net\/wp-content\/uploads\/2023\/08\/hydraulic-cylinder-product-3-480x183.webp 480w\" sizes=\"(min-width: 0px) and (max-width: 480px) 480px, (min-width: 481px) and (max-width: 980px) 980px, (min-width: 981px) 1024px, 100vw\" \/><\/p>\n<h3>(3) Metin\u0101\u0161ana<\/h3>\n<p><img loading=\"lazy\" decoding=\"async\" class=\"alignnone wp-image-629 size-large\" src=\"https:\/\/hydraulic-cylinders.net\/wp-content\/uploads\/2023\/08\/hydraulic-cylinder-product-4-1024x510.webp\" alt=\"\" width=\"1024\" height=\"510\" srcset=\"https:\/\/hydraulic-cylinders.net\/wp-content\/uploads\/2023\/08\/hydraulic-cylinder-product-4-980x488.webp 980w, https:\/\/hydraulic-cylinders.net\/wp-content\/uploads\/2023\/08\/hydraulic-cylinder-product-4-480x239.webp 480w\" sizes=\"(min-width: 0px) and (max-width: 480px) 480px, (min-width: 481px) and (max-width: 980px) 980px, (min-width: 981px) 1024px, 100vw\" \/><\/p>\n<h3>(4) Kr\u0101so\u0161ana un p\u0101rkl\u0101\u0161ana<\/h3>\n<p>Ar maz\u0101m un vid\u0113ja izm\u0113ra cilindrisk\u0101m autom\u0101tisk\u0101m \u016bdens b\u0101zes kr\u0101su p\u0101rkl\u0101\u0161anas l\u012bnij\u0101m, lai pan\u0101ktu autom\u0101tisku robotu iekrau\u0161anu un izkrau\u0161anu un autom\u0101tisku izsmidzin\u0101\u0161anu, projekt\u0113t\u0101 jauda ir 4000 gabali mai\u0146\u0101;<br \/>\nMums ir ar\u012b pusautom\u0101tiska kr\u0101su ra\u017eo\u0161anas l\u012bnija lieliem baloniem, ko darbina \u0137\u0113des piedzi\u0146a, ar 60 kastu konstrukcijas jaudu vien\u0101 mai\u0146\u0101.<\/p>\n<p><img loading=\"lazy\" decoding=\"async\" class=\"alignnone wp-image-630\" src=\"https:\/\/hydraulic-cylinders.net\/wp-content\/uploads\/2023\/08\/hydraulic-cylinder-product-5-300x213.webp\" alt=\"\" width=\"366\" height=\"260\" \/> <img loading=\"lazy\" decoding=\"async\" class=\"alignnone wp-image-631\" src=\"https:\/\/hydraulic-cylinders.net\/wp-content\/uploads\/2023\/08\/hydraulic-cylinder-product-6-300x225.webp\" alt=\"\" width=\"347\" height=\"260\" \/><\/p>\n<h3>(5) Test\u0113\u0161ana<\/h3>\n<p>Mums ir augst\u0101k\u0101s klases p\u0101rbaudes iek\u0101rtas un test\u0113\u0161anas stendi, lai nodro\u0161in\u0101tu, ka balona veiktsp\u0113ja atbilst pras\u012bb\u0101m.<\/p>\n<p><img loading=\"lazy\" decoding=\"async\" class=\"alignnone wp-image-632\" src=\"https:\/\/hydraulic-cylinders.net\/wp-content\/uploads\/2023\/08\/hydraulic-cylinder-product-8-300x200.webp\" alt=\"\" width=\"389\" height=\"260\" \/><\/p>\n<p>&nbsp;<\/p>\n<p>&nbsp;<\/p>\n<p>M\u0113s esam viens no lab\u0101kajiem hidraulisko cilindru ra\u017eot\u0101jiem. M\u0113s varam pied\u0101v\u0101t visaptvero\u0161us hidrauliskos cilindrus. M\u0113s nodro\u0161in\u0101m ar\u012b atbilsto\u0161us <a href=\"https:\/\/hzpt.com\/agricultural-pto-gearbox\/\" target=\"_blank\" rel=\"noopener\">lauksaimniec\u012bbas p\u0101rnesumk\u0101rbas<\/a>. M\u0113s esam eksport\u0113ju\u0161i savus produktus klientiem vis\u0101 pasaul\u0113 un esam ieguvu\u0161i labu reput\u0101ciju, pateicoties m\u016bsu izcilajai produktu kvalit\u0101tei un p\u0113cp\u0101rdo\u0161anas servisam. M\u0113s aicin\u0101m klientus no valsts un \u0101rvalst\u012bm sazin\u0101ties ar mums, lai risin\u0101tu biznesa sarunas, apmain\u012btos ar inform\u0101ciju un... <a href=\"https:\/\/www.hydraulic-cylinders.net\/lv\/contact-us\/\">sadarboties ar mums<\/a>!<\/p>\n<p>&nbsp;<\/p>","protected":false},"excerpt":{"rendered":"<p>Empty Container Stacker Oil Tilt Cylinder The empty container stacker oil tilt cylinder is a vital hydraulic component designed to optimize the efficiency and safety of empty container stacking operations. This specialized cylinder is specifically engineered to control the tilting movement of the container spreader, allowing precise positioning of empty containers during stacking or destacking [&hellip;]<\/p>","protected":false},"featured_media":1830,"comment_status":"open","ping_status":"closed","template":"","meta":{"_et_pb_use_builder":"","_et_pb_old_content":"","_et_gb_content_width":""},"product_brand":[],"product_cat":[1550,1516,1552],"product_tag":[1380],"class_list":{"0":"post-1828","1":"product","2":"type-product","3":"status-publish","4":"has-post-thumbnail","6":"product_cat-double-acting-hydraulic-cylinder","7":"product_cat-stacker-reclaimer-hydraulic-cylinders","8":"product_cat-stainless-steel-hydraulic-cylinder","9":"product_tag-hydraulic-cylinder","11":"first","12":"instock","13":"shipping-taxable","14":"product-type-simple"},"amp_enabled":true,"_links":{"self":[{"href":"https:\/\/www.hydraulic-cylinders.net\/lv\/wp-json\/wp\/v2\/product\/1828","targetHints":{"allow":["GET"]}}],"collection":[{"href":"https:\/\/www.hydraulic-cylinders.net\/lv\/wp-json\/wp\/v2\/product"}],"about":[{"href":"https:\/\/www.hydraulic-cylinders.net\/lv\/wp-json\/wp\/v2\/types\/product"}],"replies":[{"embeddable":true,"href":"https:\/\/www.hydraulic-cylinders.net\/lv\/wp-json\/wp\/v2\/comments?post=1828"}],"wp:featuredmedia":[{"embeddable":true,"href":"https:\/\/www.hydraulic-cylinders.net\/lv\/wp-json\/wp\/v2\/media\/1830"}],"wp:attachment":[{"href":"https:\/\/www.hydraulic-cylinders.net\/lv\/wp-json\/wp\/v2\/media?parent=1828"}],"wp:term":[{"taxonomy":"product_brand","embeddable":true,"href":"https:\/\/www.hydraulic-cylinders.net\/lv\/wp-json\/wp\/v2\/product_brand?post=1828"},{"taxonomy":"product_cat","embeddable":true,"href":"https:\/\/www.hydraulic-cylinders.net\/lv\/wp-json\/wp\/v2\/product_cat?post=1828"},{"taxonomy":"product_tag","embeddable":true,"href":"https:\/\/www.hydraulic-cylinders.net\/lv\/wp-json\/wp\/v2\/product_tag?post=1828"}],"curies":[{"name":"wp","href":"https:\/\/api.w.org\/{rel}","templated":true}]}}