{"id":1838,"date":"2023-10-17T06:03:15","date_gmt":"2023-10-17T06:03:15","guid":{"rendered":"https:\/\/hydraulic-cylinders.net\/?post_type=product&#038;p=1838"},"modified":"2025-04-15T05:42:58","modified_gmt":"2025-04-15T05:42:58","slug":"empty-container-stacker-oil-side-shift-cylinder","status":"publish","type":"product","link":"https:\/\/www.hydraulic-cylinders.net\/lv\/products\/empty-container-stacker-oil-side-shift-cylinder\/","title":{"rendered":"Tuk\u0161u konteineru kr\u0101v\u0113ja e\u013c\u013cas s\u0101nu nob\u012bdes cilindrs"},"content":{"rendered":"<h1 style=\"text-align: center;\"><strong>Tuk\u0161u konteineru kr\u0101v\u0113ja e\u013c\u013cas s\u0101nu nob\u012bdes cilindrs<\/strong><\/h1>\n<h1 style=\"text-align: center;\"><img loading=\"lazy\" decoding=\"async\" class=\"alignnone wp-image-1839\" src=\"https:\/\/hydraulic-cylinders.net\/wp-content\/uploads\/2023\/10\/side-shift-cylinder-1-300x300.webp\" alt=\"\" width=\"400\" height=\"400\" \/><\/h1>\n<p>Tuk\u0161u konteineru kr\u0101v\u0113ja e\u013c\u013cas s\u0101nu nob\u012bdes cilindrs ir b\u016btiska sast\u0101vda\u013ca, kas paredz\u0113ta, lai uzlabotu tuk\u0161u konteineru kr\u0101v\u0113ju daudzpus\u012bbu un efektivit\u0101ti. \u0160is hidrauliskais cilindrs nodro\u0161ina prec\u012bzu konteineru s\u0101nu nob\u012bdi, \u013caujot operatoriem tos \u0101tri un prec\u012bzi novietot. Ar sav\u0101m uzlabotaj\u0101m funkcij\u0101m, iztur\u012bgo konstrukciju un neman\u0101m\u0101m vad\u012bbas iesp\u0113j\u0101m tuk\u0161u konteineru kr\u0101v\u0113ja e\u013c\u013cas s\u0101nu nob\u012bdes cilindrs ir neaizst\u0101jams instruments uz\u0146\u0113mumiem, kas v\u0113las optimiz\u0113t konteineru apstr\u0101des darb\u012bbas.<\/p>\n<p>Tuk\u0161u konteineru kr\u0101v\u0113ja e\u013c\u013cas s\u0101nu nob\u012bdes cilindrs ir b\u016btisks konteineru apstr\u0101des darb\u012bbu optimiz\u0113\u0161anai, jo \u012bpa\u0161i tuk\u0161u konteineru kr\u0101v\u0113jos. Pateicoties t\u0101 vieglajai s\u0101nu nob\u012bdei, daudzpus\u012bgaj\u0101m apstr\u0101des iesp\u0113j\u0101m, iztur\u012bgajai konstrukcijai un prec\u012bzajai vad\u012bbai, \u0161is cilindrs \u013cauj operatoriem \u0101tri un prec\u012bzi novietot konteinerus. Iev\u0113rojot ieteicam\u0101s lieto\u0161anas metodes un ievie\u0161ot regul\u0101ras apkopes prakses, uz\u0146\u0113mumi var maksim\u0101li palielin\u0101t savu konteineru apstr\u0101des oper\u0101ciju veiktsp\u0113ju, ilgm\u016b\u017e\u012bbu un dro\u0161\u012bbu. Ar tuk\u0161u konteineru kr\u0101v\u0113ja e\u013c\u013cas s\u0101nu nob\u012bdes cilindru uz\u0146\u0113mumi var uzlabot produktivit\u0101ti, racionaliz\u0113t procesus un nodro\u0161in\u0101t efekt\u012bvu un prec\u012bzu konteineru pozicion\u0113\u0161anu pras\u012bgaj\u0101 konteineru apstr\u0101des nozar\u0113.<\/p>\n<p>Tuk\u0161u konteineru kr\u0101v\u0113ja e\u013c\u013cas s\u0101nu nob\u012bdes cilindra galven\u0101s \u012bpa\u0161\u012bbas:<\/p>\n<ul>\n<li>Vienk\u0101r\u0161a s\u0101nu nob\u012bde: E\u013c\u013cas s\u0101nu nob\u012bdes cilindrs nodro\u0161ina konteineru vieglo s\u0101nu nob\u012bdi, nodro\u0161inot operatoriem prec\u012bzu konteineru pozicion\u0113\u0161anas kontroli. Tas \u013cauj vi\u0146iem viegli piel\u0101got konteineru s\u0101nu poz\u012bciju, piel\u0101gojoties da\u017e\u0101d\u0101m iekrau\u0161anas un izkrau\u0161anas pras\u012bb\u0101m. \u0160\u012b viegl\u0101 s\u0101nu nob\u012bdes iesp\u0113ja samazina apstr\u0101des laiku, samazina sadursmju risku un uzlabo kop\u0113jo darb\u012bbas efektivit\u0101ti.<\/li>\n<li>Daudzpus\u012bga apstr\u0101de: Tuk\u0161o konteineru kr\u0101v\u0113ja e\u013c\u013cas s\u0101nu nob\u012bdes cilindrs uzlabo tuk\u0161o konteineru kr\u0101v\u0113ju daudzpus\u012bbu, \u013caujot tiem apstr\u0101d\u0101t da\u017e\u0101da izm\u0113ra un formas konteinerus. Pateicoties iesp\u0113jai piel\u0101got konteinera poz\u012bciju, operatori var piel\u0101goties da\u017e\u0101diem konteineru izm\u0113riem, nodro\u0161inot dro\u0161u piegul\u0161anu un samazinot boj\u0101jumu risku apstr\u0101des laik\u0101.<\/li>\n<li>Iztur\u012bga konstrukcija: S\u0101nu nob\u012bdes cilindrs ir izgatavots no augstas kvalit\u0101tes materi\u0101liem un iztur\u012bgas konstrukcijas, nodro\u0161inot iztur\u012bbu un uzticam\u012bbu sare\u017e\u0123\u012btos darba apst\u0101k\u013cos. Tas ir izstr\u0101d\u0101ts, lai iztur\u0113tu lielas slodzes, bie\u017eas kust\u012bbas un pak\u013cau\u0161anu skarbai videi, samazinot apkopes pras\u012bbas un palielinot darb\u012bbas laiku.<\/li>\n<li>Prec\u012bza kontrole: Tuk\u0161u konteineru kraut\u0146ot\u0101ja e\u013c\u013cas s\u0101nu nob\u012bdes cilindrs nodro\u0161ina prec\u012bzu darb\u012bbas kontroli. Operatori var prec\u012bzi piel\u0101got konteinera s\u0101nu poz\u012bciju, nodro\u0161inot vienm\u0113r\u012bgu un prec\u012bzu izl\u012bdzin\u0101\u0161anu ar citu apr\u012bkojumu vai uzglab\u0101\u0161anas viet\u0101m. \u0160\u012b prec\u012bz\u0101 vad\u012bba nodro\u0161ina efekt\u012bvu un dro\u0161u konteineru apstr\u0101di, samazinot negad\u012bjumu vai boj\u0101jumu risku.<\/li>\n<\/ul>\n<h2><strong>Tuk\u0161a konteinera kr\u0101v\u0113ja e\u013c\u013cas s\u0101nu nob\u012bdes cilindra parametrs:<\/strong><\/h2>\n<table border=\"1\" cellspacing=\"0\" cellpadding=\"0\">\n<tbody>\n<tr>\n<td>Produkta nosaukums<\/td>\n<td>Tuk\u0161u konteineru kr\u0101v\u0113ja s\u0101nu nob\u012bdes cilindrs<\/td>\n<\/tr>\n<tr>\n<td>Funkcijas:<\/td>\n<td>Apzinieties pielikumu nob\u012bdi pa kreisi un pa labi<\/td>\n<\/tr>\n<tr>\n<td>Urbuma diametrs:<\/td>\n<td>80 mm\uff5e120 mm<\/td>\n<\/tr>\n<tr>\n<td>Stie\u0146a diametrs:<\/td>\n<td>50 mm\uff5e65 mm<br \/>\nG\u0101jiens \u22641500 mm<\/td>\n<\/tr>\n<tr>\n<td>Spiediens:<\/td>\n<td>Maksim\u0101li 25 MPa<\/td>\n<\/tr>\n<tr>\n<td>Lietojumi:<\/td>\n<td>Tuk\u0161u konteineru kr\u0101v\u0113js<\/td>\n<\/tr>\n<\/tbody>\n<\/table>\n<h2><strong>Tuk\u0161a konteinera kr\u0101v\u0113ja e\u013c\u013cas cilindra pielietojums:<\/strong><\/h2>\n<p><img loading=\"lazy\" decoding=\"async\" class=\"alignnone wp-image-1831 size-full\" src=\"https:\/\/hydraulic-cylinders.net\/wp-content\/uploads\/2023\/10\/empty-container-stacker-oil-cylinder-1.webp\" alt=\"\" width=\"1418\" height=\"946\" srcset=\"https:\/\/hydraulic-cylinders.net\/wp-content\/uploads\/2023\/10\/empty-container-stacker-oil-cylinder-1.webp 1418w, https:\/\/hydraulic-cylinders.net\/wp-content\/uploads\/2023\/10\/empty-container-stacker-oil-cylinder-1-1280x854.webp 1280w, https:\/\/hydraulic-cylinders.net\/wp-content\/uploads\/2023\/10\/empty-container-stacker-oil-cylinder-1-980x654.webp 980w, https:\/\/hydraulic-cylinders.net\/wp-content\/uploads\/2023\/10\/empty-container-stacker-oil-cylinder-1-480x320.webp 480w\" sizes=\"(min-width: 0px) and (max-width: 480px) 480px, (min-width: 481px) and (max-width: 980px) 980px, (min-width: 981px) and (max-width: 1280px) 1280px, (min-width: 1281px) 1418px, 100vw\" \/><\/p>\n<h2><strong>Tuk\u0161a konteinera kr\u0101v\u0113ja e\u013c\u013cas s\u0101nu nob\u012bdes cilindra lieto\u0161anas metode<\/strong><strong>:<\/strong><\/h2>\n<ul>\n<li><strong>Uzst\u0101d\u012b\u0161ana:<\/strong>\u00a0 Uzst\u0101diet tuk\u0161o konteineru kraut\u0146ot\u0101ja e\u013c\u013cas s\u0101nu nob\u012bdes cilindru paredz\u0113taj\u0101 viet\u0101 tuk\u0161o konteineru kraut\u0146ot\u0101ja iek\u0161pus\u0113. Iev\u0113rojiet ra\u017eot\u0101ja vadl\u012bnijas un specifik\u0101cijas attiec\u012bb\u0101 uz pareizu izl\u012bdzin\u0101\u0161anu, uzst\u0101d\u012b\u0161anu un savieno\u0161anu. Nodro\u0161iniet dro\u0161u un pareizu uzst\u0101d\u012b\u0161anu, lai garant\u0113tu optim\u0101lu veiktsp\u0113ju.<\/li>\n<li><strong>Hidrauliskie savienojumi:<\/strong> Pievienojiet cilindru tuk\u0161o konteineru kr\u0101v\u0113ja hidrauliskajai sist\u0113mai, iev\u0113rojot ra\u017eot\u0101ja ieteikumus. P\u0101rliecinieties, vai hidraulisk\u0101s l\u012bnijas ir pareizi izvietotas un savienojumi ir dro\u0161i. Lai nodro\u0161in\u0101tu dro\u0161u un efekt\u012bvu darb\u012bbu, iev\u0113rojiet nor\u0101d\u012btos \u0161\u013c\u016bte\u0146u izm\u0113rus, savienojumus un spiediena r\u0101d\u012bt\u0101jus.<\/li>\n<li><strong>Vad\u012bba un darb\u012bba:<\/strong> S\u0101nu nob\u012bdes cilindru parasti kontrol\u0113, izmantojot tuk\u0161o konteineru kraut\u0146ot\u0101ja eso\u0161o vad\u012bbas sist\u0113mu. Operatori var izmantot vad\u012bbas konsoli vai vad\u012bbas paneli, lai aktiviz\u0113tu hidraulisko \u0137\u0113di un piel\u0101gotu konteinera s\u0101nu poz\u012bciju. Iev\u0113rojiet ra\u017eot\u0101ja nor\u0101d\u012bjumus un ieteikiet dro\u0161as un prec\u012bzas s\u0101nu nob\u012bdes proced\u016bras.<\/li>\n<\/ul>\n<h2><strong>K\u0101 darbojas teleskopiskais hidrauliskais cilindrs?<\/strong><\/h2>\n<p>Teleskopiskais hidrauliskais cilindrs, kas paz\u012bstams ar\u012b k\u0101 daudzpak\u0101pju hidrauliskais cilindrs, ir hidraulisk\u0101 izpildmeh\u0101nisma veids, kas sast\u0101v no vair\u0101kiem posmiem vai sekcij\u0101m, kas ievietotas viena otr\u0101. \u0160\u012b konstrukcija nodro\u0161ina gar\u0101ku g\u0101jienu, vienlaikus saglab\u0101jot kompaktu kop\u0113jo izm\u0113ru. L\u016bk, k\u0101 darbojas teleskopiskais hidrauliskais cilindrs:<\/p>\n<ol>\n<li><strong>B\u016bvniec\u012bba:<\/strong> Teleskopiskais hidrauliskais cilindrs sast\u0101v no vair\u0101k\u0101m cilindrisk\u0101m caurul\u0113m, ko sauc par pak\u0101p\u0113m, katrai no kur\u0101m diametrs pak\u0101peniski samazin\u0101s. Pak\u0101pes ir savienotas ar starpposma stie\u0146iem, un noz\u012bm\u012bg\u0101ko pak\u0101pi parasti sauc par prim\u0101ro vai b\u0101zes pak\u0101pi.<\/li>\n<li><strong>Pagarin\u0101juma g\u0101jiens:<\/strong> Kad pamatpak\u0101pei tiek pielikts hidrauliskais spiediens, tas iedarbojas uz virzuli, stumjot to un savienotos starpstie\u0146us uz priek\u0161u. \u0160\u012b s\u0101kotn\u0113j\u0101 kust\u012bba pagarina pirmo pak\u0101pi. Hidrauliskais \u0161\u0137idrums tiek spiests no pamatpak\u0101pes pirmaj\u0101 pak\u0101p\u0113, radot spiediena starp\u012bbu.<\/li>\n<li><strong>Sec\u012bgs pagarin\u0101jums:<\/strong> Pirmajai pak\u0101pei pagarinoties, tai piestiprin\u0101tais starpposma stienis spie\u017e pret otro pak\u0101pi, izraisot t\u0101s papla\u0161in\u0101\u0161anos. \u0160\u012b sec\u012bg\u0101 pagarin\u0101\u0161an\u0101s turpin\u0101s, katram n\u0101kamajam posmam virzoties pret\u012b n\u0101kamajam, l\u012bdz tiek sasniegts v\u0113lamais g\u0101jiena garums.<\/li>\n<li><strong>Atvilk\u0161anas g\u0101jiens:<\/strong> Hidrauliskais spiediens tiek atbr\u012bvots, lai ievilktu teleskopisko cilindru, \u013caujot izl\u012bdzin\u0101ties iek\u0161\u0113jam spiedienam. Ievilk\u0161anu parasti pan\u0101k ar \u0101r\u0113jiem sp\u0113kiem, piem\u0113ram, gravit\u0101ciju, atsper\u0113m vai slodzes rad\u012btu spiedienu. Spiedienam izl\u012bdzinoties, pak\u0101pes ievelkas apgriezt\u0101 sec\u012bb\u0101, katrai pak\u0101pei sl\u012bdot atpaka\u013c iepriek\u0161\u0113j\u0101, l\u012bdz cilindrs ir piln\u012bb\u0101 ievilkts.<\/li>\n<li><strong>Vad\u012bba un darb\u012bba:<\/strong> Hidraulisko spiedienu un pl\u016bsmas \u0101trumu kontrol\u0113 v\u0101rsti, kurus darbina vad\u012bbas sist\u0113ma. Regul\u0113jot v\u0101rstu iestat\u012bjumus, var notur\u0113t teleskopisk\u0101 cilindra izvirz\u012b\u0161anas un ievilk\u0161anas \u0101trumu un sp\u0113ku.<\/li>\n<li><strong>Lietojumi:<\/strong> Teleskopiskie hidrauliskie cilindri parasti tiek izmantoti, ja kompakt\u0101 telp\u0101 ir nepiecie\u0161ams liels g\u0101jiena garums. Tos bie\u017ei izmanto b\u016bvniec\u012bbas, materi\u0101lu apstr\u0101des un transporta nozar\u0113s, kur b\u016btiska ir gan papla\u0161in\u0101tas darb\u012bbas r\u0101diusa, gan kompakta izm\u0113ra kombin\u0101cija.<\/li>\n<li><strong>Apkope:<\/strong> Teleskopisk\u0101 hidraulisk\u0101 cilindra regul\u0101ra apkope ietver nopl\u016b\u017eu p\u0101rbaudi, bl\u012bv\u0113jumu un bl\u012bvju p\u0101rbaudi, k\u0101 ar\u012b v\u0101rstu un vad\u012bbas sist\u0113mu pareizas darb\u012bbas nodro\u0161in\u0101\u0161anu. Pareiza e\u013c\u013co\u0161ana samazina berzi starp pak\u0101pieniem un veicina vienm\u0113r\u012bgu darb\u012bbu. Regul\u0101ra t\u012br\u012b\u0161ana un gru\u017eu no\u0146em\u0161ana ir svar\u012bga ar\u012b, lai nov\u0113rstu pak\u0101pienu boj\u0101jumus un uztur\u0113tu optim\u0101lu veiktsp\u0113ju.<\/li>\n<\/ol>\n<h2><strong>R\u016bpn\u012bcas iesp\u0113jas un jauda:<\/strong><\/h2>\n<h3>(1) Mont\u0101\u017ea<\/h3>\n<p>Mums ir pirmklas\u012bga neatkar\u012bga p\u0113tniec\u012bbas un att\u012bst\u012bbas mont\u0101\u017eas platforma. Hidraulisko cilindru ra\u017eo\u0161anas darbn\u012bc\u0101 ir \u010detras pusautom\u0101tiskas pacel\u0161anas cilindru mont\u0101\u017eas l\u012bnijas un viena autom\u0101tisk\u0101 sl\u012bpuma cilindru mont\u0101\u017eas l\u012bnija ar projekt\u0113to gada ra\u017eo\u0161anas jaudu 1 miljons vien\u012bbu. Speci\u0101lo cilindru darbn\u012bca ir apr\u012bkota ar da\u017e\u0101du specifik\u0101ciju pusautom\u0101tisku t\u012br\u012b\u0161anas mont\u0101\u017eas sist\u0113mu ar projekt\u0113to gada ra\u017eo\u0161anas jaudu 200 000 vien\u012bbu un apr\u012bkota ar slaven\u0101m CNC apstr\u0101des iek\u0101rt\u0101m, apstr\u0101des centru, augstas precizit\u0101tes cilindru apstr\u0101des speci\u0101lo apr\u012bkojumu, robotiz\u0113tu metin\u0101\u0161anas iek\u0101rtu, autom\u0101tisku t\u012br\u012b\u0161anas iek\u0101rtu, autom\u0101tisku cilindru mont\u0101\u017eas iek\u0101rtu un autom\u0101tisku kr\u0101so\u0161anas ra\u017eo\u0161anas l\u012bniju. Eso\u0161ais kritiskais apr\u012bkojums ir vair\u0101k nek\u0101 300 komplektu (komplektu). Optim\u0101la iek\u0101rtu resursu sadale un efekt\u012bva izmanto\u0161ana nodro\u0161ina produktu precizit\u0101tes pras\u012bbas un apmierina produktu augst\u0101s kvalit\u0101tes pras\u012bbas.<\/p>\n<p><img loading=\"lazy\" decoding=\"async\" class=\"alignnone wp-image-626\" src=\"https:\/\/hydraulic-cylinders.net\/wp-content\/uploads\/2023\/08\/hydraulic-cylinder-product-1-300x158.webp\" alt=\"\" width=\"495\" height=\"260\" srcset=\"https:\/\/hydraulic-cylinders.net\/wp-content\/uploads\/2023\/08\/hydraulic-cylinder-product-1-300x158.webp 495w, https:\/\/hydraulic-cylinders.net\/wp-content\/uploads\/2023\/08\/hydraulic-cylinder-product-1-480x252.webp 480w\" sizes=\"(min-width: 0px) and (max-width: 480px) 480px, (min-width: 481px) 495px, 100vw\" \/> <img loading=\"lazy\" decoding=\"async\" class=\"alignnone wp-image-627\" src=\"https:\/\/hydraulic-cylinders.net\/wp-content\/uploads\/2023\/08\/hydraulic-cylinder-product-2-300x189.webp\" alt=\"\" width=\"413\" height=\"260\" \/><\/p>\n<h3>(2) Apstr\u0101de<\/h3>\n<p>Apstr\u0101des cehs ir apr\u012bkots ar piel\u0101gotu sl\u012bpo slie\u017eu virpo\u0161anas centru, apstr\u0101des centru, \u0101trgaitas asin\u0101\u0161anas ma\u0161\u012bnu, metin\u0101\u0161anas robotu un citu saist\u012btu apr\u012bkojumu, kas var apstr\u0101d\u0101t cilindriskas caurules ar maksim\u0101lo iek\u0161\u0113jo diametru 400 mm un maksim\u0101lo garumu 6 metri.<\/p>\n<p><img loading=\"lazy\" decoding=\"async\" class=\"alignnone wp-image-628 size-large\" src=\"https:\/\/hydraulic-cylinders.net\/wp-content\/uploads\/2023\/08\/hydraulic-cylinder-product-3-1024x391.webp\" alt=\"\" width=\"1024\" height=\"391\" srcset=\"https:\/\/hydraulic-cylinders.net\/wp-content\/uploads\/2023\/08\/hydraulic-cylinder-product-3-980x374.webp 980w, https:\/\/hydraulic-cylinders.net\/wp-content\/uploads\/2023\/08\/hydraulic-cylinder-product-3-480x183.webp 480w\" sizes=\"(min-width: 0px) and (max-width: 480px) 480px, (min-width: 481px) and (max-width: 980px) 980px, (min-width: 981px) 1024px, 100vw\" \/><\/p>\n<h3>(3) Metin\u0101\u0161ana<\/h3>\n<p><img loading=\"lazy\" decoding=\"async\" class=\"alignnone wp-image-629 size-large\" src=\"https:\/\/hydraulic-cylinders.net\/wp-content\/uploads\/2023\/08\/hydraulic-cylinder-product-4-1024x510.webp\" alt=\"\" width=\"1024\" height=\"510\" srcset=\"https:\/\/hydraulic-cylinders.net\/wp-content\/uploads\/2023\/08\/hydraulic-cylinder-product-4-980x488.webp 980w, https:\/\/hydraulic-cylinders.net\/wp-content\/uploads\/2023\/08\/hydraulic-cylinder-product-4-480x239.webp 480w\" sizes=\"(min-width: 0px) and (max-width: 480px) 480px, (min-width: 481px) and (max-width: 980px) 980px, (min-width: 981px) 1024px, 100vw\" \/><\/p>\n<h3>(4) Kr\u0101so\u0161ana un p\u0101rkl\u0101\u0161ana<\/h3>\n<p>Ar maz\u0101m un vid\u0113ja izm\u0113ra cilindrisk\u0101m autom\u0101tisk\u0101m \u016bdens b\u0101zes kr\u0101su p\u0101rkl\u0101\u0161anas l\u012bnij\u0101m, lai pan\u0101ktu autom\u0101tisku robotu iekrau\u0161anu un izkrau\u0161anu un autom\u0101tisku izsmidzin\u0101\u0161anu, projekt\u0113t\u0101 jauda ir 4000 gabali mai\u0146\u0101;<br \/>\nMums ir ar\u012b pusautom\u0101tiska kr\u0101su ra\u017eo\u0161anas l\u012bnija lieliem baloniem, ko darbina \u0137\u0113des piedzi\u0146a, ar 60 kastu konstrukcijas jaudu vien\u0101 mai\u0146\u0101.<\/p>\n<p><img loading=\"lazy\" decoding=\"async\" class=\"alignnone wp-image-630\" src=\"https:\/\/hydraulic-cylinders.net\/wp-content\/uploads\/2023\/08\/hydraulic-cylinder-product-5-300x213.webp\" alt=\"\" width=\"366\" height=\"260\" \/> <img loading=\"lazy\" decoding=\"async\" class=\"alignnone wp-image-631\" src=\"https:\/\/hydraulic-cylinders.net\/wp-content\/uploads\/2023\/08\/hydraulic-cylinder-product-6-300x225.webp\" alt=\"\" width=\"347\" height=\"260\" \/><\/p>\n<h3>(5) Test\u0113\u0161ana<\/h3>\n<p>Mums ir augst\u0101k\u0101s klases p\u0101rbaudes iek\u0101rtas un test\u0113\u0161anas stendi, lai nodro\u0161in\u0101tu, ka balona veiktsp\u0113ja atbilst pras\u012bb\u0101m.<\/p>\n<p><img loading=\"lazy\" decoding=\"async\" class=\"alignnone wp-image-632\" src=\"https:\/\/hydraulic-cylinders.net\/wp-content\/uploads\/2023\/08\/hydraulic-cylinder-product-8-300x200.webp\" alt=\"\" width=\"389\" height=\"260\" \/><\/p>\n<p>&nbsp;<\/p>\n<p>&nbsp;<\/p>\n<p>M\u0113s esam viens no lab\u0101kajiem hidraulisko cilindru ra\u017eot\u0101jiem. M\u0113s varam pied\u0101v\u0101t visaptvero\u0161us hidrauliskos cilindrus. M\u0113s nodro\u0161in\u0101m ar\u012b atbilsto\u0161us <a href=\"https:\/\/hzpt.com\/agricultural-pto-gearbox\/\" target=\"_blank\" rel=\"noopener\">lauksaimniec\u012bbas p\u0101rnesumk\u0101rbas<\/a>. M\u0113s esam eksport\u0113ju\u0161i savus produktus klientiem vis\u0101 pasaul\u0113 un esam ieguvu\u0161i labu reput\u0101ciju, pateicoties m\u016bsu izcilajai produktu kvalit\u0101tei un p\u0113cp\u0101rdo\u0161anas servisam. M\u0113s aicin\u0101m klientus no valsts un \u0101rvalst\u012bm sazin\u0101ties ar mums, lai risin\u0101tu biznesa sarunas, apmain\u012btos ar inform\u0101ciju un... <a href=\"https:\/\/www.hydraulic-cylinders.net\/lv\/contact-us\/\">sadarboties ar mums<\/a>!<\/p>\n<p>&nbsp;<\/p>\n<p>&nbsp;<\/p>","protected":false},"excerpt":{"rendered":"<p>Empty Container Stacker Oil Side Shift Cylinder The empty container stacker oil side shift cylinder is a crucial component designed to enhance the versatility and efficiency of empty container stackers. This hydraulic cylinder enables precise side shifting of containers, allowing operators to position them quickly and accurately. With its advanced features, robust construction, and seamless [&hellip;]<\/p>","protected":false},"featured_media":1840,"comment_status":"open","ping_status":"closed","template":"","meta":{"_et_pb_use_builder":"","_et_pb_old_content":"","_et_gb_content_width":""},"product_brand":[],"product_cat":[1550,1516,1552],"product_tag":[1380],"class_list":{"0":"post-1838","1":"product","2":"type-product","3":"status-publish","4":"has-post-thumbnail","6":"product_cat-double-acting-hydraulic-cylinder","7":"product_cat-stacker-reclaimer-hydraulic-cylinders","8":"product_cat-stainless-steel-hydraulic-cylinder","9":"product_tag-hydraulic-cylinder","11":"first","12":"instock","13":"shipping-taxable","14":"product-type-simple"},"amp_enabled":true,"_links":{"self":[{"href":"https:\/\/www.hydraulic-cylinders.net\/lv\/wp-json\/wp\/v2\/product\/1838","targetHints":{"allow":["GET"]}}],"collection":[{"href":"https:\/\/www.hydraulic-cylinders.net\/lv\/wp-json\/wp\/v2\/product"}],"about":[{"href":"https:\/\/www.hydraulic-cylinders.net\/lv\/wp-json\/wp\/v2\/types\/product"}],"replies":[{"embeddable":true,"href":"https:\/\/www.hydraulic-cylinders.net\/lv\/wp-json\/wp\/v2\/comments?post=1838"}],"wp:featuredmedia":[{"embeddable":true,"href":"https:\/\/www.hydraulic-cylinders.net\/lv\/wp-json\/wp\/v2\/media\/1840"}],"wp:attachment":[{"href":"https:\/\/www.hydraulic-cylinders.net\/lv\/wp-json\/wp\/v2\/media?parent=1838"}],"wp:term":[{"taxonomy":"product_brand","embeddable":true,"href":"https:\/\/www.hydraulic-cylinders.net\/lv\/wp-json\/wp\/v2\/product_brand?post=1838"},{"taxonomy":"product_cat","embeddable":true,"href":"https:\/\/www.hydraulic-cylinders.net\/lv\/wp-json\/wp\/v2\/product_cat?post=1838"},{"taxonomy":"product_tag","embeddable":true,"href":"https:\/\/www.hydraulic-cylinders.net\/lv\/wp-json\/wp\/v2\/product_tag?post=1838"}],"curies":[{"name":"wp","href":"https:\/\/api.w.org\/{rel}","templated":true}]}}