{"id":1841,"date":"2023-10-17T06:38:00","date_gmt":"2023-10-17T06:38:00","guid":{"rendered":"https:\/\/hydraulic-cylinders.net\/?post_type=product&#038;p=1841"},"modified":"2025-04-15T05:42:55","modified_gmt":"2025-04-15T05:42:55","slug":"reach-stacker-telescopic-cylinder","status":"publish","type":"product","link":"https:\/\/www.hydraulic-cylinders.net\/lv\/products\/reach-stacker-telescopic-cylinder\/","title":{"rendered":"Teleskopiskais cilindrs kr\u0101v\u0113jam"},"content":{"rendered":"<h1 style=\"text-align: center;\"><strong>Teleskopiskais cilindrs kr\u0101v\u0113jam<\/strong><\/h1>\n<h1 style=\"text-align: center;\"><img loading=\"lazy\" decoding=\"async\" class=\"alignnone wp-image-1842\" src=\"https:\/\/hydraulic-cylinders.net\/wp-content\/uploads\/2023\/10\/reach-stacker-telescopic-cylinder-1-300x300.webp\" alt=\"\" width=\"400\" height=\"400\" \/><\/h1>\n<p>Konteineru kr\u0101v\u0113ja teleskopiskais cilindrs ir moderna hidrauliska sast\u0101vda\u013ca, kas paredz\u0113ta, lai uzlabotu konteineru kr\u0101v\u0113ju sniedzam\u012bbu un veiktsp\u0113ju. \u0160is inovat\u012bvais cilindrs izmanto teleskopisku konstrukciju, lai palielin\u0101tu g\u0101jiena garumu, vienlaikus saglab\u0101jot kompaktu formu. Konteineru kr\u0101v\u0113ja teleskopiskais cilindrs ir revolucion\u0101rs materi\u0101lu apstr\u0101des nozar\u0113, pateicoties t\u0101 uzlabotaj\u0101m funkcij\u0101m, uzticamajai konstrukcijai un izcilajai funkcionalit\u0101tei.<\/p>\n<p>Konteineru kr\u0101v\u0113ja teleskopiskais cilindrs revolucioniz\u0113 konteineru kr\u0101v\u0113ju iesp\u0113jas, nodro\u0161inot liel\u0101ku sniedzam\u012bbu, uzlabotu celtsp\u0113ju un kompaktu dizainu. Pateicoties t\u0101 uzlabotaj\u0101m funkcij\u0101m, uzticamajai konstrukcijai un vienm\u0113r\u012bgai darb\u012bbai, \u0161is cilindrs \u013cauj materi\u0101lu apstr\u0101des darb\u012bb\u0101m sasniegt jaunus efektivit\u0101tes un produktivit\u0101tes l\u012bme\u0146us. Iev\u0113rojot ieteicam\u0101s uzst\u0101d\u012b\u0161anas proced\u016bras un ievie\u0161ot regul\u0101ras apkopes prakses, uz\u0146\u0113mumi var maksim\u0101li palielin\u0101t savu konteineru kr\u0101v\u0113ju darb\u012bbas veiktsp\u0113ju, ilgm\u016b\u017e\u012bbu un dro\u0161\u012bbu. Ar konteineru kr\u0101v\u0113ja teleskopisko cilindru uz\u0146\u0113mumi var apstr\u0101d\u0101t liel\u0101kas kravas, optimiz\u0113t konteineru krau\u0161anu un racionaliz\u0113t materi\u0101lu apstr\u0101des procesus, galu gal\u0101 pan\u0101kot pan\u0101kumus konkur\u0113tsp\u0113j\u012bgaj\u0101 materi\u0101lu apstr\u0101des nozar\u0113.<\/p>\n<p>Teleskopisk\u0101 cilindra galven\u0101s raksturlielumi:<\/p>\n<ul>\n<li>Papla\u0161in\u0101ta sniedzam\u012bba: Konteineru kraut\u0146ot\u0101ja teleskopisk\u0101 cilindra teleskopisk\u0101 konstrukcija nodro\u0161ina iev\u0113rojami liel\u0101ku sniedzam\u012bbu sal\u012bdzin\u0101jum\u0101 ar parastajiem cilindriem. Vair\u0101ku ligzdotu posmu iek\u013cau\u0161ana nodro\u0161ina gar\u0101ku g\u0101jiena garumu, vienlaikus aiz\u0146emot minim\u0101lu vietu. \u0160\u012b papla\u0161in\u0101t\u0101 sniedzam\u012bba \u013cauj konteineru kraut\u0146ot\u0101jiem apstr\u0101d\u0101t liel\u0101kas kravas, piek\u013c\u016bt dzi\u013c\u0101k\u0101m konteineru kaudz\u0113m un optimiz\u0113t materi\u0101lu apstr\u0101des darb\u012bbas.<\/li>\n<li>Kompakts dizains: Neskatoties uz izcilo sniedzam\u012bbu, horizont\u0101l\u0101 l\u012bme\u0146a kraut\u0146ot\u0101ja teleskopiskais cilindrs saglab\u0101 kompaktu dizainu. Ligzdotie pak\u0101pieni sl\u012bd viens otr\u0101, samazinot kop\u0113jo garumu. \u0160is kompaktums nodro\u0161ina, ka horizont\u0101l\u0101 l\u012bme\u0146a kraut\u0146ot\u0101ji var efekt\u012bvi manevr\u0113t \u0161aur\u0101s viet\u0101s, piem\u0113ram, konteineru laukumos vai noliktav\u0101s, neapdraudot to sniedzam\u012bbu.<\/li>\n<li>Palielin\u0101ta celtsp\u0113ja: Konteineru kraut\u0146ot\u0101ja teleskopisk\u0101 cilindra inovat\u012bvais dizains un iztur\u012bg\u0101 konstrukcija veicina t\u0101 iev\u0113rojamo celtsp\u0113ju. Cilindrs ir konstru\u0113ts t\u0101, lai iztur\u0113tu lielas slodzes, vienlaikus saglab\u0101jot stabilit\u0101ti un precizit\u0101ti cel\u0161anas oper\u0101ciju laik\u0101. \u0160\u012b uzlabot\u0101 celtsp\u0113ja \u013cauj konteineru kraut\u0146ot\u0101jiem efekt\u012bvi apstr\u0101d\u0101t liel\u0101kus un smag\u0101kus konteinerus, palielinot produktivit\u0101ti un efektivit\u0101ti.<\/li>\n<li>Vienm\u0113r\u012bga darb\u012bba: Augstuma kr\u0101v\u0113ja teleskopiskais cilindrs ir izstr\u0101d\u0101ts vienm\u0113r\u012bgai un prec\u012bzai darb\u012bbai. Taj\u0101 izmantoti augstas kvalit\u0101tes bl\u012bv\u0113jumi, gult\u0146i un hidraulisk\u0101s sast\u0101vda\u013cas, lai nodro\u0161in\u0101tu minim\u0101lu berzi un optim\u0101lu veiktsp\u0113ju. \u0160\u012b vienm\u0113r\u012bg\u0101 darb\u012bba \u013cauj operatoriem prec\u012bzi kontrol\u0113t teleskopisko cilindru, veicinot prec\u012bzu pozicion\u0113\u0161anu un dro\u0161u materi\u0101lu apstr\u0101di.<\/li>\n<\/ul>\n<h2><strong>Teleskopisk\u0101 cilindra parametrs:<\/strong><\/h2>\n<table border=\"1\" cellspacing=\"0\" cellpadding=\"0\">\n<tbody>\n<tr>\n<td>Produkta nosaukums<\/td>\n<td>Teleskopiskais cilindrs kr\u0101v\u0113jam<\/td>\n<\/tr>\n<tr>\n<td>Funkcijas:<\/td>\n<td>Realiz\u0113t str\u0113les line\u0101ro teleskopisko kust\u012bbu<\/td>\n<\/tr>\n<tr>\n<td>Urbuma diametrs:<\/td>\n<td>200 mm\uff5e220 mm<\/td>\n<\/tr>\n<tr>\n<td>Stie\u0146a diametrs:<\/td>\n<td>150 mm\uff5e180 mm<br \/>\nG\u0101jiens \u22648000 mm<\/td>\n<\/tr>\n<tr>\n<td>Spiediens:<\/td>\n<td>Maksim\u0101li 30 MPa<\/td>\n<\/tr>\n<tr>\n<td>Lietojumi:<\/td>\n<td>Konteineru kr\u0101v\u0113js<\/td>\n<\/tr>\n<\/tbody>\n<\/table>\n<h2><strong>Krau\u0161anas cilindra pielietojums:<\/strong><\/h2>\n<p><img loading=\"lazy\" decoding=\"async\" class=\"alignnone wp-image-1844 size-full\" src=\"https:\/\/hydraulic-cylinders.net\/wp-content\/uploads\/2023\/10\/reach-stacker-cylinder.webp\" alt=\"\" width=\"1418\" height=\"946\" srcset=\"https:\/\/hydraulic-cylinders.net\/wp-content\/uploads\/2023\/10\/reach-stacker-cylinder.webp 1418w, https:\/\/hydraulic-cylinders.net\/wp-content\/uploads\/2023\/10\/reach-stacker-cylinder-1280x854.webp 1280w, https:\/\/hydraulic-cylinders.net\/wp-content\/uploads\/2023\/10\/reach-stacker-cylinder-980x654.webp 980w, https:\/\/hydraulic-cylinders.net\/wp-content\/uploads\/2023\/10\/reach-stacker-cylinder-480x320.webp 480w\" sizes=\"(min-width: 0px) and (max-width: 480px) 480px, (min-width: 481px) and (max-width: 980px) 980px, (min-width: 981px) and (max-width: 1280px) 1280px, (min-width: 1281px) 1418px, 100vw\" \/><\/p>\n<h2><strong>Teleskopisk\u0101 cilindra kr\u0101v\u0113ja lieto\u0161anas metode<\/strong><strong>:<\/strong><\/h2>\n<ol>\n<li><strong>Uzst\u0101d\u012b\u0161ana:<\/strong> Uzst\u0101diet horizont\u0101l\u0101 kr\u0101v\u0113ja teleskopisko cilindru saska\u0146\u0101 ar ra\u017eot\u0101ja vadl\u012bnij\u0101m un specifik\u0101cij\u0101m. Lai garant\u0113tu optim\u0101lu veiktsp\u0113ju, nodro\u0161iniet pareizu izl\u012bdzin\u0101\u0161anu un dro\u0161u stiprin\u0101jumu. Iev\u0113rojiet ieteicam\u0101s proced\u016bras hidraulisko l\u012bniju pievieno\u0161anai horizont\u0101l\u0101 kr\u0101v\u0113ja hidrauliskajai sist\u0113mai.<\/li>\n<li><strong>Vad\u012bba un darb\u012bba:<\/strong> Teleskopisko cilindru parasti kontrol\u0113, izmantojot konteineru kr\u0101v\u0113ja eso\u0161o vad\u012bbas sist\u0113mu. Operatori var aktiviz\u0113t hidraulisko \u0137\u0113di, lai izb\u012bd\u012btu vai ievilktu cilindru. Izmantojiet vad\u012bbas konsoli vai vad\u012bbas paneli, lai piel\u0101gotu konteineru kr\u0101v\u0113ja str\u0113les g\u0101jiena garumu un poz\u012bciju. Iev\u0113rojiet ra\u017eot\u0101ja nor\u0101d\u012bjumus un ieteicam\u0101s dro\u0161\u0101s un efekt\u012bv\u0101s ekspluat\u0101cijas proced\u016bras.<\/li>\n<\/ol>\n<h2><strong>Cik \u0101tri var p\u0101rvietoties hidrauliskais cilindrs?<\/strong><\/h2>\n<p>Hidraulisk\u0101 cilindra kust\u012bbas \u0101trums ir atkar\u012bgs no vair\u0101kiem faktoriem, tostarp sist\u0113mas konstrukcijas, hidraulisk\u0101 \u0161\u0137idruma pl\u016bsmas \u0101truma, cilindra izm\u0113ra, slodzes apst\u0101k\u013ciem un darba spiediena. \u0160eit ir da\u017ei apsv\u0113rumi attiec\u012bb\u0101 uz hidraulisk\u0101 cilindra kust\u012bbas \u0101trumu:<\/p>\n<ol>\n<li><strong>Pl\u016bsmas \u0101trums:<\/strong> Hidraulisk\u0101 cilindra \u0101trumu ietekm\u0113 tam pieg\u0101d\u0101t\u0101 hidraulisk\u0101 \u0161\u0137idruma pl\u016bsmas \u0101trums. Liel\u0101ks pl\u016bsmas \u0101trums nodro\u0161ina \u0101tr\u0101ku cilindra kust\u012bbu, savuk\u0101rt maz\u0101ks pl\u016bsmas \u0101trums noved pie l\u0113n\u0101ka \u0101truma. Pl\u016bsmas \u0101trumu nosaka hidraulisk\u0101s sist\u0113mas s\u016bk\u0146a jauda un v\u0101rstu iestat\u012bjumi, kas kontrol\u0113 \u0161\u0137idruma pl\u016bsmu.<\/li>\n<li><strong>Cilindra izm\u0113rs:<\/strong> Hidraulisk\u0101 cilindra izm\u0113rs ietekm\u0113 t\u0101 \u0101trumu. Liel\u0101kiem cilindriem parasti ir liel\u0101ka virsmas plat\u012bba, t\u0101p\u0113c virzu\u013ca p\u0101rvieto\u0161anai cilindr\u0101 ir nepiecie\u0161ams vair\u0101k hidraulisk\u0101 \u0161\u0137idruma. \u0160is palielin\u0101tais \u0161\u0137idruma tilpums rada l\u0113n\u0101ku kust\u012bbu sal\u012bdzin\u0101jum\u0101 ar maz\u0101kiem cilindriem.<\/li>\n<li><strong>Slodzes apst\u0101k\u013ci:<\/strong> Krava, ko pace\u013c vai p\u0101rvieto hidrauliskais cilindrs, var ietekm\u0113t t\u0101 \u0101trumu. Smag\u0101k\u0101m krav\u0101m ir nepiecie\u0161ams liel\u0101ks sp\u0113ks, kas var pal\u0113nin\u0101t cilindra kust\u012bbu. Savuk\u0101rt viegl\u0101kas kravas var nodro\u0161in\u0101t liel\u0101ku \u0101trumu.<\/li>\n<li><strong>Darba spiediens:<\/strong> Hidraulisk\u0101s sist\u0113mas darba spiediens ietekm\u0113 cilindra \u0101trumu. Augst\u0101ks darba spiediens var rad\u012bt liel\u0101ku sp\u0113ku, k\u0101 rezult\u0101t\u0101 cilindrs kustas \u0101tr\u0101k. Tom\u0113r darb\u012bba ieteicamaj\u0101s spiediena robe\u017e\u0101s ir b\u016btiska, lai nodro\u0161in\u0101tu dro\u0161u un uzticamu darb\u012bbu.<\/li>\n<li><strong>Sist\u0113mas dizains:<\/strong> Hidraulisk\u0101s sist\u0113mas konstrukcija, tostarp hidraulisk\u0101 s\u016bk\u0146a, v\u0101rstu un cauru\u013cvadu izm\u0113rs un tips, var ietekm\u0113t cilindra \u0101trumu. Efekt\u012bva sist\u0113mas konstrukcija ar atbilsto\u0161a izm\u0113ra komponentiem un optimiz\u0113tiem pl\u016bsmas ce\u013ciem var pal\u012bdz\u0113t sasniegt v\u0113lamo cilindra \u0101trumu.<\/li>\n<\/ol>\n<h2><strong>R\u016bpn\u012bcas iesp\u0113jas un jauda:<\/strong><\/h2>\n<h3>(1) Mont\u0101\u017ea<\/h3>\n<p>Mums ir pirmklas\u012bga neatkar\u012bga p\u0113tniec\u012bbas un att\u012bst\u012bbas mont\u0101\u017eas platforma. Hidraulisko cilindru ra\u017eo\u0161anas darbn\u012bc\u0101 ir \u010detras pusautom\u0101tiskas pacel\u0161anas cilindru mont\u0101\u017eas l\u012bnijas un viena autom\u0101tisk\u0101 sl\u012bpuma cilindru mont\u0101\u017eas l\u012bnija ar projekt\u0113to gada ra\u017eo\u0161anas jaudu 1 miljons vien\u012bbu. Speci\u0101lo cilindru darbn\u012bca ir apr\u012bkota ar da\u017e\u0101du specifik\u0101ciju pusautom\u0101tisku t\u012br\u012b\u0161anas mont\u0101\u017eas sist\u0113mu ar projekt\u0113to gada ra\u017eo\u0161anas jaudu 200 000 vien\u012bbu un apr\u012bkota ar slaven\u0101m CNC apstr\u0101des iek\u0101rt\u0101m, apstr\u0101des centru, augstas precizit\u0101tes cilindru apstr\u0101des speci\u0101lo apr\u012bkojumu, robotiz\u0113tu metin\u0101\u0161anas iek\u0101rtu, autom\u0101tisku t\u012br\u012b\u0161anas iek\u0101rtu, autom\u0101tisku cilindru mont\u0101\u017eas iek\u0101rtu un autom\u0101tisku kr\u0101so\u0161anas ra\u017eo\u0161anas l\u012bniju. Eso\u0161ais kritiskais apr\u012bkojums ir vair\u0101k nek\u0101 300 komplektu (komplektu). Optim\u0101la iek\u0101rtu resursu sadale un efekt\u012bva izmanto\u0161ana nodro\u0161ina produktu precizit\u0101tes pras\u012bbas un apmierina produktu augst\u0101s kvalit\u0101tes pras\u012bbas.<\/p>\n<p><img loading=\"lazy\" decoding=\"async\" class=\"alignnone wp-image-626\" src=\"https:\/\/hydraulic-cylinders.net\/wp-content\/uploads\/2023\/08\/hydraulic-cylinder-product-1-300x158.webp\" alt=\"\" width=\"495\" height=\"260\" srcset=\"https:\/\/hydraulic-cylinders.net\/wp-content\/uploads\/2023\/08\/hydraulic-cylinder-product-1-300x158.webp 495w, https:\/\/hydraulic-cylinders.net\/wp-content\/uploads\/2023\/08\/hydraulic-cylinder-product-1-480x252.webp 480w\" sizes=\"(min-width: 0px) and (max-width: 480px) 480px, (min-width: 481px) 495px, 100vw\" \/> <img loading=\"lazy\" decoding=\"async\" class=\"alignnone wp-image-627\" src=\"https:\/\/hydraulic-cylinders.net\/wp-content\/uploads\/2023\/08\/hydraulic-cylinder-product-2-300x189.webp\" alt=\"\" width=\"413\" height=\"260\" \/><\/p>\n<h3>(2) Apstr\u0101de<\/h3>\n<p>Apstr\u0101des cehs ir apr\u012bkots ar piel\u0101gotu sl\u012bpo slie\u017eu virpo\u0161anas centru, apstr\u0101des centru, \u0101trgaitas asin\u0101\u0161anas ma\u0161\u012bnu, metin\u0101\u0161anas robotu un citu saist\u012btu apr\u012bkojumu, kas var apstr\u0101d\u0101t cilindriskas caurules ar maksim\u0101lo iek\u0161\u0113jo diametru 400 mm un maksim\u0101lo garumu 6 metri.<\/p>\n<p><img loading=\"lazy\" decoding=\"async\" class=\"alignnone wp-image-628 size-large\" src=\"https:\/\/hydraulic-cylinders.net\/wp-content\/uploads\/2023\/08\/hydraulic-cylinder-product-3-1024x391.webp\" alt=\"\" width=\"1024\" height=\"391\" srcset=\"https:\/\/hydraulic-cylinders.net\/wp-content\/uploads\/2023\/08\/hydraulic-cylinder-product-3-980x374.webp 980w, https:\/\/hydraulic-cylinders.net\/wp-content\/uploads\/2023\/08\/hydraulic-cylinder-product-3-480x183.webp 480w\" sizes=\"(min-width: 0px) and (max-width: 480px) 480px, (min-width: 481px) and (max-width: 980px) 980px, (min-width: 981px) 1024px, 100vw\" \/><\/p>\n<h3>(3) Metin\u0101\u0161ana<\/h3>\n<p><img loading=\"lazy\" decoding=\"async\" class=\"alignnone wp-image-629 size-large\" src=\"https:\/\/hydraulic-cylinders.net\/wp-content\/uploads\/2023\/08\/hydraulic-cylinder-product-4-1024x510.webp\" alt=\"\" width=\"1024\" height=\"510\" srcset=\"https:\/\/hydraulic-cylinders.net\/wp-content\/uploads\/2023\/08\/hydraulic-cylinder-product-4-980x488.webp 980w, https:\/\/hydraulic-cylinders.net\/wp-content\/uploads\/2023\/08\/hydraulic-cylinder-product-4-480x239.webp 480w\" sizes=\"(min-width: 0px) and (max-width: 480px) 480px, (min-width: 481px) and (max-width: 980px) 980px, (min-width: 981px) 1024px, 100vw\" \/><\/p>\n<h3>(4) Kr\u0101so\u0161ana un p\u0101rkl\u0101\u0161ana<\/h3>\n<p>Ar maz\u0101m un vid\u0113ja izm\u0113ra cilindrisk\u0101m autom\u0101tisk\u0101m \u016bdens b\u0101zes kr\u0101su p\u0101rkl\u0101\u0161anas l\u012bnij\u0101m, lai pan\u0101ktu autom\u0101tisku robotu iekrau\u0161anu un izkrau\u0161anu un autom\u0101tisku izsmidzin\u0101\u0161anu, projekt\u0113t\u0101 jauda ir 4000 gabali mai\u0146\u0101;<br \/>\nMums ir ar\u012b pusautom\u0101tiska kr\u0101su ra\u017eo\u0161anas l\u012bnija lieliem baloniem, ko darbina \u0137\u0113des piedzi\u0146a, ar 60 kastu konstrukcijas jaudu vien\u0101 mai\u0146\u0101.<\/p>\n<p><img loading=\"lazy\" decoding=\"async\" class=\"alignnone wp-image-630\" src=\"https:\/\/hydraulic-cylinders.net\/wp-content\/uploads\/2023\/08\/hydraulic-cylinder-product-5-300x213.webp\" alt=\"\" width=\"366\" height=\"260\" \/> <img loading=\"lazy\" decoding=\"async\" class=\"alignnone wp-image-631\" src=\"https:\/\/hydraulic-cylinders.net\/wp-content\/uploads\/2023\/08\/hydraulic-cylinder-product-6-300x225.webp\" alt=\"\" width=\"347\" height=\"260\" \/><\/p>\n<h3>(5) Test\u0113\u0161ana<\/h3>\n<p>Mums ir augst\u0101k\u0101s klases p\u0101rbaudes iek\u0101rtas un test\u0113\u0161anas stendi, lai nodro\u0161in\u0101tu, ka balona veiktsp\u0113ja atbilst pras\u012bb\u0101m.<\/p>\n<p><img loading=\"lazy\" decoding=\"async\" class=\"alignnone wp-image-632\" src=\"https:\/\/hydraulic-cylinders.net\/wp-content\/uploads\/2023\/08\/hydraulic-cylinder-product-8-300x200.webp\" alt=\"\" width=\"389\" height=\"260\" \/><\/p>\n<p>&nbsp;<\/p>\n<p>&nbsp;<\/p>\n<p>M\u0113s esam viens no lab\u0101kajiem hidraulisko cilindru ra\u017eot\u0101jiem. M\u0113s varam pied\u0101v\u0101t visaptvero\u0161us hidrauliskos cilindrus. M\u0113s nodro\u0161in\u0101m ar\u012b atbilsto\u0161us <a href=\"https:\/\/hzpt.com\/agricultural-pto-gearbox\/\" target=\"_blank\" rel=\"noopener\">lauksaimniec\u012bbas p\u0101rnesumk\u0101rbas<\/a>. M\u0113s esam eksport\u0113ju\u0161i savus produktus klientiem vis\u0101 pasaul\u0113 un esam ieguvu\u0161i labu reput\u0101ciju, pateicoties m\u016bsu izcilajai produktu kvalit\u0101tei un p\u0113cp\u0101rdo\u0161anas servisam. M\u0113s aicin\u0101m klientus no valsts un \u0101rvalst\u012bm sazin\u0101ties ar mums, lai risin\u0101tu biznesa sarunas, apmain\u012btos ar inform\u0101ciju un... <a href=\"https:\/\/www.hydraulic-cylinders.net\/lv\/contact-us\/\">sadarboties ar mums<\/a>!<\/p>\n<p>&nbsp;<\/p>\n<p>&nbsp;<\/p>","protected":false},"excerpt":{"rendered":"<p>Reach Stacker Telescopic Cylinder The reach stacker telescopic cylinder is a cutting-edge hydraulic component designed to enhance the reach and performance of reach stackers. This innovative cylinder utilizes a telescopic design to extend stroke length while maintaining a compact form. The reach stacker telescopic cylinder is a game-changer in the material handling industry with its [&hellip;]<\/p>","protected":false},"featured_media":1843,"comment_status":"open","ping_status":"closed","template":"","meta":{"_et_pb_use_builder":"","_et_pb_old_content":"","_et_gb_content_width":""},"product_brand":[],"product_cat":[1550,1516,1552,1393],"product_tag":[1380],"class_list":{"0":"post-1841","1":"product","2":"type-product","3":"status-publish","4":"has-post-thumbnail","6":"product_cat-double-acting-hydraulic-cylinder","7":"product_cat-stacker-reclaimer-hydraulic-cylinders","8":"product_cat-stainless-steel-hydraulic-cylinder","9":"product_cat-telescopic-hydraulic-cylinder","10":"product_tag-hydraulic-cylinder","12":"first","13":"instock","14":"shipping-taxable","15":"product-type-simple"},"amp_enabled":true,"_links":{"self":[{"href":"https:\/\/www.hydraulic-cylinders.net\/lv\/wp-json\/wp\/v2\/product\/1841","targetHints":{"allow":["GET"]}}],"collection":[{"href":"https:\/\/www.hydraulic-cylinders.net\/lv\/wp-json\/wp\/v2\/product"}],"about":[{"href":"https:\/\/www.hydraulic-cylinders.net\/lv\/wp-json\/wp\/v2\/types\/product"}],"replies":[{"embeddable":true,"href":"https:\/\/www.hydraulic-cylinders.net\/lv\/wp-json\/wp\/v2\/comments?post=1841"}],"wp:featuredmedia":[{"embeddable":true,"href":"https:\/\/www.hydraulic-cylinders.net\/lv\/wp-json\/wp\/v2\/media\/1843"}],"wp:attachment":[{"href":"https:\/\/www.hydraulic-cylinders.net\/lv\/wp-json\/wp\/v2\/media?parent=1841"}],"wp:term":[{"taxonomy":"product_brand","embeddable":true,"href":"https:\/\/www.hydraulic-cylinders.net\/lv\/wp-json\/wp\/v2\/product_brand?post=1841"},{"taxonomy":"product_cat","embeddable":true,"href":"https:\/\/www.hydraulic-cylinders.net\/lv\/wp-json\/wp\/v2\/product_cat?post=1841"},{"taxonomy":"product_tag","embeddable":true,"href":"https:\/\/www.hydraulic-cylinders.net\/lv\/wp-json\/wp\/v2\/product_tag?post=1841"}],"curies":[{"name":"wp","href":"https:\/\/api.w.org\/{rel}","templated":true}]}}