{"id":1851,"date":"2023-10-17T07:46:14","date_gmt":"2023-10-17T07:46:14","guid":{"rendered":"https:\/\/hydraulic-cylinders.net\/?post_type=product&#038;p=1851"},"modified":"2025-04-15T05:42:45","modified_gmt":"2025-04-15T05:42:45","slug":"stacker-reclaimer-skeleton-pitch-cylinder","status":"publish","type":"product","link":"https:\/\/www.hydraulic-cylinders.net\/lv\/products\/stacker-reclaimer-skeleton-pitch-cylinder\/","title":{"rendered":"Krau\u0161anas rekultivatora skeleta pi\u0137a cilindrs"},"content":{"rendered":"<h1 style=\"text-align: center;\"><strong>Krau\u0161anas rekultivatora skeleta pi\u0137a cilindrs<\/strong><\/h1>\n<h1 style=\"text-align: center;\"><img loading=\"lazy\" decoding=\"async\" class=\"alignnone wp-image-1852\" src=\"https:\/\/hydraulic-cylinders.net\/wp-content\/uploads\/2023\/10\/skeleton-pitch-cylinder-1-300x300.webp\" alt=\"\" width=\"400\" height=\"400\" \/><\/h1>\n<p>Krau\u0161anas kausa atg\u016b\u0161anas skeleta sl\u012bpuma cilindrs ir b\u016btiska hidrauliska sast\u0101vda\u013ca, kas paredz\u0113ta, lai optimiz\u0113tu krau\u0161anas kausa atg\u016b\u0161anas ier\u012b\u010du funkcionalit\u0101ti un veiktsp\u0113ju beramkravu apstr\u0101des darbos. \u0160is specializ\u0113tais cilindrs nodro\u0161ina prec\u012bzu skeleta kausa sl\u012bpuma le\u0146\u0137a kontroli un regul\u0113\u0161anu, veicinot efekt\u012bvu materi\u0101la sav\u0101k\u0161anu un izkrau\u0161anu. Ar sav\u0101m izcilaj\u0101m \u012bpa\u0161\u012bb\u0101m, iztur\u012bgo konstrukciju un uzticamo veiktsp\u0113ju krau\u0161anas kausa atg\u016b\u0161anas skeleta sl\u012bpuma cilindrs revolucioniz\u0113 beramkravu apstr\u0101des oper\u0101ciju efektivit\u0101ti un produktivit\u0101ti.<\/p>\n<p>Krautn\u0113t\u0101ja atg\u016b\u0161anas skeleta sl\u012bpuma cilindrs ir \u013coti svar\u012bgs beramkravu apstr\u0101des nozar\u0113, jo tas pied\u0101v\u0101 prec\u012bzu sl\u012bpuma kontroli, iztur\u012bgu konstrukciju un augstu nestsp\u0113ju. T\u0101 sp\u0113ja optimiz\u0113t skeleta kausa sl\u012bpuma le\u0146\u0137i atvieglo efekt\u012bvu iekrau\u0161anu un izkrau\u0161anu, samazinot materi\u0101la izbir\u0161anu un uzlabojot produktivit\u0101ti. Iev\u0113rojot ieteicam\u0101s lieto\u0161anas metodes un ievie\u0161ot regul\u0101ras apkopes prakses, uz\u0146\u0113mumi var maksim\u0101li palielin\u0101t savu kr\u0101v\u0113ju atg\u016b\u0161anas iek\u0101rtu darb\u012bbu veiktsp\u0113ju, ilgm\u016b\u017e\u012bbu un uzticam\u012bbu. Krautn\u0113t\u0101ja atg\u016b\u0161anas skeleta sl\u012bpuma cilindrs ir nenov\u0113rt\u0113jams ieguld\u012bjums beramkravu apstr\u0101des oper\u0101cij\u0101s, dodot operatoriem iesp\u0113ju sasniegt optim\u0101lu efektivit\u0101ti, precizit\u0101ti un produktivit\u0101ti dinamiskaj\u0101 un pras\u012bgaj\u0101 beramkravu apstr\u0101des jom\u0101.<\/p>\n<p>Krau\u0161anas rekultivatora skeleta pi\u0137a cilindra galven\u0101s \u012bpa\u0161\u012bbas:<\/p>\n<ul>\n<li>Prec\u012bza sl\u012bpuma kontrole: Krau\u0161anas kausa atg\u016b\u0161anas skeleta sl\u012bpuma cilindrs nodro\u0161ina prec\u012bzu skeleta kausa sl\u012bpuma le\u0146\u0137a kontroli. Operatori var viegli piel\u0101got le\u0146\u0137i atbilsto\u0161i materi\u0101la \u012bpa\u0161\u012bb\u0101m un optimiz\u0113t iekrau\u0161anas un izkrau\u0161anas procesu. \u0160\u012b precizit\u0101te nodro\u0161ina efekt\u012bvu materi\u0101lu apstr\u0101di, samazinot izbirumus un uzlabojot produktivit\u0101ti.<\/li>\n<li>Iztur\u012bga konstrukcija: \u0160is cilindrs ir izgatavots no augstas kvalit\u0101tes materi\u0101liem un ir iztur\u012bgs, lai iztur\u0113tu beramkravu apstr\u0101des sare\u017e\u0123\u012btos apst\u0101k\u013cus. Tas ir paredz\u0113ts, lai iztur\u0113tu lielas slodzes, triecienus un skarbu vidi, nodro\u0161inot ilgsto\u0161u veiktsp\u0113ju un uzticam\u012bbu.<\/li>\n<li>Augsta nestsp\u0113ja: Krau\u0161anas p\u0101rkrau\u0161anas skeleta so\u013ca cilindrs ir paredz\u0113ts lielu kravu apstr\u0101dei beramkravu apstr\u0101des oper\u0101cij\u0101s. Tam ir iztur\u012bga virzu\u013ca un stie\u0146a konstrukcija, kas var iztur\u0113t \u0101rk\u0101rt\u0113jus sp\u0113kus, nodro\u0161inot stabilit\u0101ti un p\u0101rliec\u012bbu.<\/li>\n<\/ul>\n<h2><strong>Krau\u0161anas rekultivatora skeleta pi\u0137a cilindra parametrs:<\/strong><\/h2>\n<table border=\"1\" cellspacing=\"0\" cellpadding=\"0\">\n<tbody>\n<tr>\n<td>Produkta nosaukums<\/td>\n<td>Krau\u0161anas rekultivatora skeleta pi\u0137a cilindrs<\/td>\n<\/tr>\n<tr>\n<td>Funkcijas:<\/td>\n<td>Izprotiet konsoles \u0161\u016bpo\u0161an\u0101s darb\u012bbu<\/td>\n<\/tr>\n<tr>\n<td>Urbuma diametrs:<\/td>\n<td>300 mm\uff5e400 m<\/td>\n<\/tr>\n<tr>\n<td>Stie\u0146a diametrs:<\/td>\n<td>200 mm\uff5e320 mm<br \/>\nG\u0101jiens 1000 mm\uff5e4500 mm<\/td>\n<\/tr>\n<tr>\n<td>Spiediens:<\/td>\n<td>l\u012bdz 35 MPa<\/td>\n<\/tr>\n<tr>\n<td>Lietojumi:<\/td>\n<td>Krau\u0161anas atg\u016bt\u0101js<\/td>\n<\/tr>\n<\/tbody>\n<\/table>\n<h2><strong>Krau\u0161anas atg\u016bsto\u0161\u0101 cilindra pielietojums:<\/strong><\/h2>\n<p><img loading=\"lazy\" decoding=\"async\" class=\"alignnone wp-image-1854 size-full\" src=\"https:\/\/hydraulic-cylinders.net\/wp-content\/uploads\/2023\/10\/stacker-reclaimer-cylinder-1.webp\" alt=\"\" width=\"494\" height=\"330\" srcset=\"https:\/\/hydraulic-cylinders.net\/wp-content\/uploads\/2023\/10\/stacker-reclaimer-cylinder-1.webp 494w, https:\/\/hydraulic-cylinders.net\/wp-content\/uploads\/2023\/10\/stacker-reclaimer-cylinder-1-480x321.webp 480w\" sizes=\"(min-width: 0px) and (max-width: 480px) 480px, (min-width: 481px) 494px, 100vw\" \/><\/p>\n<h2><strong>Krau\u0161anas re\u0123ener\u0101cijas skeleta pi\u0137a cilindra lieto\u0161anas metode<\/strong><strong>:<\/strong><\/h2>\n<p>Sl\u012bpuma regul\u0113\u0161ana: Lai efekt\u012bvi izmantotu kr\u0101v\u0113ja atg\u016b\u0161anas skeleta sl\u012bpuma cilindru, veiciet t\u0101l\u0101k nor\u0101d\u012bt\u0101s darb\u012bbas.<\/p>\n<p>a. Iesl\u0113dziet kraut\u0146ot\u0101ja-atg\u016bstam\u012bbas ier\u012bces hidraulisko sist\u0113mu un p\u0101rliecinieties, vai hidrauliskais spiediens atbilst ieteicamajam darba diapazonam.<br \/>\nb. Izmantojiet komplekt\u0101cij\u0101 iek\u013cauto vad\u012bbas saskarni vai kursorsviru, lai piel\u0101gotu skeleta kausa sl\u012bpuma le\u0146\u0137i.<br \/>\nc. Krau\u0161anas iek\u0101rtas skeleta sl\u012bpuma cilindrs rea\u0123\u0113s uz operatora ievadi, vienm\u0113r\u012bgi un prec\u012bzi piel\u0101gojot sl\u012bpuma le\u0146\u0137i.<br \/>\nd. Uzraudz\u012bt materi\u0101la pl\u016bsmu un p\u0113c nepiecie\u0161am\u012bbas piel\u0101got sl\u012bpuma le\u0146\u0137i, lai nodro\u0161in\u0101tu efekt\u012bvu iekrau\u0161anu vai izkrau\u0161anu.<\/p>\n<h2><strong>K\u0101 tiek izgatavoti hidrauliskie cilindri?<\/strong><\/h2>\n<p>Hidraulisk\u0101 cilindra celtsp\u0113ja ir atkar\u012bga no da\u017e\u0101diem faktoriem, tostarp t\u0101 konstrukcijas, izm\u0113ra, darba spiediena un konkr\u0113t\u0101 pielietojuma. Hidrauliskie cilindri ir konstru\u0113ti t\u0101, lai iztur\u0113tu vair\u0101kas slodzes, s\u0101kot no viegliem l\u012bdz smagiem lietojumiem.<\/p>\n<p>Ra\u017eot\u0101js parasti nor\u0101da hidraulisk\u0101 cilindra celtsp\u0113ju, kas var iev\u0113rojami at\u0161\u0137irties atkar\u012bb\u0101 no cilindra izm\u0113ra un paredz\u0113t\u0101 lietojuma. Maz\u0101kiem cilindriem var b\u016bt da\u017eu simtu m\u0101rci\u0146u vai kilogramu celtsp\u0113ja, savuk\u0101rt liel\u0101ki cilindri var iztur\u0113t slodzes desmitos vai simtos tonnu.<\/p>\n<p>Lai noteiktu hidraulisk\u0101 cilindra celtsp\u0113ju konkr\u0113tam pielietojumam, ir svar\u012bgi \u0146emt v\u0113r\u0101 \u0161\u0101dus faktorus:<\/p>\n<ol>\n<li><strong>Urbuma izm\u0113rs:<\/strong> Hidraulisk\u0101 cilindra urbuma izm\u0113rs attiecas uz cilindra korpusa iek\u0161\u0113jo diametru. Parasti liel\u0101ki urbuma izm\u0113ri nodro\u0161ina liel\u0101ku celtsp\u0113ju.<\/li>\n<li><strong>Stie\u0146a diametrs:<\/strong> Hidraulisk\u0101 cilindra stie\u0146a diametrs attiecas uz virzu\u013ca stie\u0146a diametru. Biez\u0101ks stienis parasti nodro\u0161ina liel\u0101ku iztur\u012bbu un celtsp\u0113ju.<\/li>\n<li><strong>Darba spiediens:<\/strong> Hidraulisk\u0101s sist\u0113mas darba spiediens ietekm\u0113 celtsp\u0113ju. Augst\u0101ks darba spiediens var rad\u012bt liel\u0101ku sp\u0113ku, k\u0101 rezult\u0101t\u0101 palielin\u0101s celtsp\u0113ja.<\/li>\n<li><strong>G\u0101jiena garums:<\/strong> G\u0101jiena garums attiecas uz att\u0101lumu, ko virzulis var noiet cilindra korpus\u0101. Liel\u0101ks g\u0101jiena garums var palielin\u0101t kop\u0113jo celtsp\u0113ju.<\/li>\n<li><strong>Mont\u0101\u017eas konfigur\u0101cija:<\/strong> Hidraulisk\u0101 cilindra mont\u0101\u017eas konfigur\u0101cija var ietekm\u0113t ar\u012b t\u0101 celtsp\u0113ju. Da\u017e\u0101di mont\u0101\u017eas veidi pied\u0101v\u0101 at\u0161\u0137ir\u012bgu stabilit\u0101tes l\u012bmeni un nestsp\u0113ju.<\/li>\n<li><strong>Dro\u0161\u012bbas faktori:<\/strong> Ir svar\u012bgi \u0146emt v\u0113r\u0101 dro\u0161\u012bbas faktorus un nodro\u0161in\u0101t, lai hidrauliskais cilindrs netiktu p\u0101rslogots, p\u0101rsniedzot t\u0101 nor\u0101d\u012bto celtsp\u0113ju. P\u0101rslodze var izrais\u012bt cilindra boj\u0101jumus, apr\u012bkojuma boj\u0101jumus un dro\u0161\u012bbas apdraud\u0113jumus.<\/li>\n<\/ol>\n<h2><strong>R\u016bpn\u012bcas iesp\u0113jas un jauda:<\/strong><\/h2>\n<h3>(1) Mont\u0101\u017ea<\/h3>\n<p>Mums ir pirmklas\u012bga neatkar\u012bga p\u0113tniec\u012bbas un att\u012bst\u012bbas mont\u0101\u017eas platforma. Hidraulisko cilindru ra\u017eo\u0161anas darbn\u012bc\u0101 ir \u010detras pusautom\u0101tiskas pacel\u0161anas cilindru mont\u0101\u017eas l\u012bnijas un viena autom\u0101tisk\u0101 sl\u012bpuma cilindru mont\u0101\u017eas l\u012bnija ar projekt\u0113to gada ra\u017eo\u0161anas jaudu 1 miljons vien\u012bbu. Speci\u0101lo cilindru darbn\u012bca ir apr\u012bkota ar da\u017e\u0101du specifik\u0101ciju pusautom\u0101tisku t\u012br\u012b\u0161anas mont\u0101\u017eas sist\u0113mu ar projekt\u0113to gada ra\u017eo\u0161anas jaudu 200 000 vien\u012bbu un apr\u012bkota ar slaven\u0101m CNC apstr\u0101des iek\u0101rt\u0101m, apstr\u0101des centru, augstas precizit\u0101tes cilindru apstr\u0101des speci\u0101lo apr\u012bkojumu, robotiz\u0113tu metin\u0101\u0161anas iek\u0101rtu, autom\u0101tisku t\u012br\u012b\u0161anas iek\u0101rtu, autom\u0101tisku cilindru mont\u0101\u017eas iek\u0101rtu un autom\u0101tisku kr\u0101so\u0161anas ra\u017eo\u0161anas l\u012bniju. Eso\u0161ais kritiskais apr\u012bkojums ir vair\u0101k nek\u0101 300 komplektu (komplektu). Optim\u0101la iek\u0101rtu resursu sadale un efekt\u012bva izmanto\u0161ana nodro\u0161ina produktu precizit\u0101tes pras\u012bbas un apmierina produktu augst\u0101s kvalit\u0101tes pras\u012bbas.<\/p>\n<p><img loading=\"lazy\" decoding=\"async\" class=\"alignnone wp-image-626\" src=\"https:\/\/hydraulic-cylinders.net\/wp-content\/uploads\/2023\/08\/hydraulic-cylinder-product-1-300x158.webp\" alt=\"\" width=\"495\" height=\"260\" srcset=\"https:\/\/hydraulic-cylinders.net\/wp-content\/uploads\/2023\/08\/hydraulic-cylinder-product-1-300x158.webp 495w, https:\/\/hydraulic-cylinders.net\/wp-content\/uploads\/2023\/08\/hydraulic-cylinder-product-1-480x252.webp 480w\" sizes=\"(min-width: 0px) and (max-width: 480px) 480px, (min-width: 481px) 495px, 100vw\" \/> <img loading=\"lazy\" decoding=\"async\" class=\"alignnone wp-image-627\" src=\"https:\/\/hydraulic-cylinders.net\/wp-content\/uploads\/2023\/08\/hydraulic-cylinder-product-2-300x189.webp\" alt=\"\" width=\"413\" height=\"260\" \/><\/p>\n<h3>(2) Apstr\u0101de<\/h3>\n<p>Apstr\u0101des cehs ir apr\u012bkots ar piel\u0101gotu sl\u012bpo slie\u017eu virpo\u0161anas centru, apstr\u0101des centru, \u0101trgaitas asin\u0101\u0161anas ma\u0161\u012bnu, metin\u0101\u0161anas robotu un citu saist\u012btu apr\u012bkojumu, kas var apstr\u0101d\u0101t cilindriskas caurules ar maksim\u0101lo iek\u0161\u0113jo diametru 400 mm un maksim\u0101lo garumu 6 metri.<\/p>\n<p><img loading=\"lazy\" decoding=\"async\" class=\"alignnone wp-image-628 size-large\" src=\"https:\/\/hydraulic-cylinders.net\/wp-content\/uploads\/2023\/08\/hydraulic-cylinder-product-3-1024x391.webp\" alt=\"\" width=\"1024\" height=\"391\" srcset=\"https:\/\/hydraulic-cylinders.net\/wp-content\/uploads\/2023\/08\/hydraulic-cylinder-product-3-980x374.webp 980w, https:\/\/hydraulic-cylinders.net\/wp-content\/uploads\/2023\/08\/hydraulic-cylinder-product-3-480x183.webp 480w\" sizes=\"(min-width: 0px) and (max-width: 480px) 480px, (min-width: 481px) and (max-width: 980px) 980px, (min-width: 981px) 1024px, 100vw\" \/><\/p>\n<h3>(3) Metin\u0101\u0161ana<\/h3>\n<p><img loading=\"lazy\" decoding=\"async\" class=\"alignnone wp-image-629 size-large\" src=\"https:\/\/hydraulic-cylinders.net\/wp-content\/uploads\/2023\/08\/hydraulic-cylinder-product-4-1024x510.webp\" alt=\"\" width=\"1024\" height=\"510\" srcset=\"https:\/\/hydraulic-cylinders.net\/wp-content\/uploads\/2023\/08\/hydraulic-cylinder-product-4-980x488.webp 980w, https:\/\/hydraulic-cylinders.net\/wp-content\/uploads\/2023\/08\/hydraulic-cylinder-product-4-480x239.webp 480w\" sizes=\"(min-width: 0px) and (max-width: 480px) 480px, (min-width: 481px) and (max-width: 980px) 980px, (min-width: 981px) 1024px, 100vw\" \/><\/p>\n<h3>(4) Kr\u0101so\u0161ana un p\u0101rkl\u0101\u0161ana<\/h3>\n<p>Ar maz\u0101m un vid\u0113ja izm\u0113ra cilindrisk\u0101m autom\u0101tisk\u0101m \u016bdens b\u0101zes kr\u0101su p\u0101rkl\u0101\u0161anas l\u012bnij\u0101m, lai pan\u0101ktu autom\u0101tisku robotu iekrau\u0161anu un izkrau\u0161anu un autom\u0101tisku izsmidzin\u0101\u0161anu, projekt\u0113t\u0101 jauda ir 4000 gabali mai\u0146\u0101;<br \/>\nMums ir ar\u012b pusautom\u0101tiska kr\u0101su ra\u017eo\u0161anas l\u012bnija lieliem baloniem, ko darbina \u0137\u0113des piedzi\u0146a, ar 60 kastu konstrukcijas jaudu vien\u0101 mai\u0146\u0101.<\/p>\n<p><img loading=\"lazy\" decoding=\"async\" class=\"alignnone wp-image-630\" src=\"https:\/\/hydraulic-cylinders.net\/wp-content\/uploads\/2023\/08\/hydraulic-cylinder-product-5-300x213.webp\" alt=\"\" width=\"366\" height=\"260\" \/> <img loading=\"lazy\" decoding=\"async\" class=\"alignnone wp-image-631\" src=\"https:\/\/hydraulic-cylinders.net\/wp-content\/uploads\/2023\/08\/hydraulic-cylinder-product-6-300x225.webp\" alt=\"\" width=\"347\" height=\"260\" \/><\/p>\n<h3>(5) Test\u0113\u0161ana<\/h3>\n<p>Mums ir augst\u0101k\u0101s klases p\u0101rbaudes iek\u0101rtas un test\u0113\u0161anas stendi, lai nodro\u0161in\u0101tu, ka balona veiktsp\u0113ja atbilst pras\u012bb\u0101m.<\/p>\n<p><img loading=\"lazy\" decoding=\"async\" class=\"alignnone wp-image-632\" src=\"https:\/\/hydraulic-cylinders.net\/wp-content\/uploads\/2023\/08\/hydraulic-cylinder-product-8-300x200.webp\" alt=\"\" width=\"389\" height=\"260\" \/><\/p>\n<p>&nbsp;<\/p>\n<p>&nbsp;<\/p>\n<p>M\u0113s esam viens no lab\u0101kajiem hidraulisko cilindru ra\u017eot\u0101jiem. M\u0113s varam pied\u0101v\u0101t visaptvero\u0161us hidrauliskos cilindrus. M\u0113s nodro\u0161in\u0101m ar\u012b atbilsto\u0161us <a href=\"https:\/\/hzpt.com\/agricultural-pto-gearbox\/\" target=\"_blank\" rel=\"noopener\">lauksaimniec\u012bbas p\u0101rnesumk\u0101rbas<\/a>. M\u0113s esam eksport\u0113ju\u0161i savus produktus klientiem vis\u0101 pasaul\u0113 un esam ieguvu\u0161i labu reput\u0101ciju, pateicoties m\u016bsu izcilajai produktu kvalit\u0101tei un p\u0113cp\u0101rdo\u0161anas servisam. M\u0113s aicin\u0101m klientus no valsts un \u0101rvalst\u012bm sazin\u0101ties ar mums, lai risin\u0101tu biznesa sarunas, apmain\u012btos ar inform\u0101ciju un... <a href=\"https:\/\/www.hydraulic-cylinders.net\/lv\/contact-us\/\">sadarboties ar mums<\/a>!<\/p>\n<p>&nbsp;<\/p>\n<p>&nbsp;<\/p>","protected":false},"excerpt":{"rendered":"<p>Stacker Reclaimer Skeleton Pitch Cylinder The stacker reclaimer skeleton pitch cylinder is a crucial hydraulic component designed to optimize the functionality and performance of stacker reclaimers in bulk material handling applications. This specialized cylinder enables precise control and adjustment of the skeleton bucket&#8217;s pitch angle, facilitating efficient material pickup and discharge. With its exceptional features, [&hellip;]<\/p>","protected":false},"featured_media":1853,"comment_status":"open","ping_status":"closed","template":"","meta":{"_et_pb_use_builder":"","_et_pb_old_content":"","_et_gb_content_width":""},"product_brand":[],"product_cat":[1550,1516,1552],"product_tag":[1380],"class_list":{"0":"post-1851","1":"product","2":"type-product","3":"status-publish","4":"has-post-thumbnail","6":"product_cat-double-acting-hydraulic-cylinder","7":"product_cat-stacker-reclaimer-hydraulic-cylinders","8":"product_cat-stainless-steel-hydraulic-cylinder","9":"product_tag-hydraulic-cylinder","11":"first","12":"instock","13":"shipping-taxable","14":"product-type-simple"},"amp_enabled":true,"_links":{"self":[{"href":"https:\/\/www.hydraulic-cylinders.net\/lv\/wp-json\/wp\/v2\/product\/1851","targetHints":{"allow":["GET"]}}],"collection":[{"href":"https:\/\/www.hydraulic-cylinders.net\/lv\/wp-json\/wp\/v2\/product"}],"about":[{"href":"https:\/\/www.hydraulic-cylinders.net\/lv\/wp-json\/wp\/v2\/types\/product"}],"replies":[{"embeddable":true,"href":"https:\/\/www.hydraulic-cylinders.net\/lv\/wp-json\/wp\/v2\/comments?post=1851"}],"wp:featuredmedia":[{"embeddable":true,"href":"https:\/\/www.hydraulic-cylinders.net\/lv\/wp-json\/wp\/v2\/media\/1853"}],"wp:attachment":[{"href":"https:\/\/www.hydraulic-cylinders.net\/lv\/wp-json\/wp\/v2\/media?parent=1851"}],"wp:term":[{"taxonomy":"product_brand","embeddable":true,"href":"https:\/\/www.hydraulic-cylinders.net\/lv\/wp-json\/wp\/v2\/product_brand?post=1851"},{"taxonomy":"product_cat","embeddable":true,"href":"https:\/\/www.hydraulic-cylinders.net\/lv\/wp-json\/wp\/v2\/product_cat?post=1851"},{"taxonomy":"product_tag","embeddable":true,"href":"https:\/\/www.hydraulic-cylinders.net\/lv\/wp-json\/wp\/v2\/product_tag?post=1851"}],"curies":[{"name":"wp","href":"https:\/\/api.w.org\/{rel}","templated":true}]}}