{"id":1866,"date":"2023-10-18T03:13:57","date_gmt":"2023-10-18T03:13:57","guid":{"rendered":"https:\/\/hydraulic-cylinders.net\/?post_type=product&#038;p=1866"},"modified":"2025-04-15T05:52:24","modified_gmt":"2025-04-15T05:52:24","slug":"oil-gas-drilling-derrick-lifting-cylinder","status":"publish","type":"product","link":"https:\/\/www.hydraulic-cylinders.net\/lv\/products\/oil-gas-drilling-derrick-lifting-cylinder\/","title":{"rendered":"Naftas\/g\u0101zes urb\u0161anas derricka pacel\u0161anas cilindrs"},"content":{"rendered":"<h1 style=\"text-align: center;\"><strong>Naftas\/g\u0101zes urb\u0161anas derricka pacel\u0161anas cilindrs<\/strong><\/h1>\n<p><img loading=\"lazy\" decoding=\"async\" class=\"aligncenter wp-image-1868\" src=\"https:\/\/hydraulic-cylinders.net\/wp-content\/uploads\/2023\/10\/derrick-lifting-cylinder-1-1-300x300.webp\" alt=\"\" width=\"400\" height=\"400\" \/><\/p>\n<p>Naftas\/g\u0101zes urb\u0161anas tor\u0146a pacel\u0161anas cilindrs ir kritiski svar\u012bga naftas un g\u0101zes urb\u0161anas oper\u0101ciju sast\u0101vda\u013ca, kas \u012bpa\u0161i paredz\u0113ta torniu pacel\u0161anai un nolai\u0161anai. \u0160im specializ\u0113tajam hidrauliskajam cilindram ir iz\u0161\u0137iro\u0161a noz\u012bme tornia vertik\u0101l\u0101s kust\u012bbas atbalst\u012b\u0161an\u0101, nodro\u0161inot efekt\u012bvas un dro\u0161as urb\u0161anas darb\u012bbas naftas un g\u0101zes r\u016bpniec\u012bb\u0101.<\/p>\n<p>The oil\/gas drilling derrick lifting cylinder is vital in the oil and gas drilling industry, offering robust construction, high load capacity, and precise control. Its ability to handle heavy loads and provide accurate movement control enhances the efficiency and safety of drilling operations. By following the recommended usage methods and implementing regular maintenance practices, companies can maximize their drilling activities&#8217; performance, longevity, and reliability. The oil\/gas drilling derrick lifting cylinder is an indispensable investment for the oil and gas industry, empowering operators to achieve optimal safety, productivity, and success in their drilling operations.<\/p>\n<p>Naftas\/g\u0101zes urb\u0161anas platformas pacel\u0161anas cilindra galven\u0101s \u012bpa\u0161\u012bbas:<\/p>\n<ul>\n<li>Iztur\u012bga konstrukcija: Tor\u0146a pacel\u0161anas cilindrs ir izgatavots no augstas kvalit\u0101tes materi\u0101liem un piln\u012bb\u0101 izstr\u0101d\u0101ts, lai iztur\u0113tu naftas un g\u0101zes urb\u0161anas oper\u0101ciju sare\u017e\u0123\u012btos apst\u0101k\u013cus. T\u0101 iztur\u012bg\u0101 konstrukcija nodro\u0161ina iztur\u012bbu un uzticam\u012bbu pat skarbos vides apst\u0101k\u013cos un ekstrem\u0101l\u0101s temperat\u016br\u0101s.<\/li>\n<li>Augsta kravnes\u012bba: \u0160is cilindrs ir izstr\u0101d\u0101ts, lai iztur\u0113tu lielas slodzes, kas saist\u012btas ar urb\u0161anas tor\u0146u pacel\u0161anu un nolai\u0161anu. T\u0101 izcil\u0101 kravnes\u012bba nodro\u0161ina iztur\u012bbu un stabilit\u0101ti, kas nepiecie\u0161ama dro\u0161\u0101m un efekt\u012bv\u0101m urb\u0161anas darb\u012bb\u0101m.<\/li>\n<li>Prec\u012bza vad\u012bba: Pacel\u0161anas cilindrs nodro\u0161ina prec\u012bzu urb\u0161anas tor\u0146a vertik\u0101l\u0101s kust\u012bbas kontroli, \u013caujot operatoriem prec\u012bzi novietot un piel\u0101got urb\u0161anas konstrukcijas augstumu. \u0160is kontroles l\u012bmenis nodro\u0161ina optim\u0101lu darb\u012bbas efektivit\u0101ti un uzlabo dro\u0161\u012bbu kritisku urb\u0161anas darb\u012bbu laik\u0101.<\/li>\n<\/ul>\n<h2><strong>Naftas\/g\u0101zes urb\u0161anas Derrick pacel\u0161anas cilindra parametrs:<\/strong><\/h2>\n<table border=\"1\" cellspacing=\"0\" cellpadding=\"0\">\n<tbody>\n<tr>\n<td>Produkta nosaukums<\/td>\n<td>Naftas\/g\u0101zes urb\u0161anas platformas Derrick pacel\u0161anas cilindrs<\/td>\n<\/tr>\n<tr>\n<td>Funkcijas:<\/td>\n<td>Izprotiet urb\u0161anas platformas pacel\u0161anas un nolai\u0161anas darb\u012bbas.<\/td>\n<\/tr>\n<tr>\n<td>Urbuma diametrs:<\/td>\n<td>530 mm<\/td>\n<\/tr>\n<tr>\n<td>Stie\u0146a diametrs:<\/td>\n<td>\u00a0490 mm<br \/>\nG\u0101jiens \u22649000 mm<\/td>\n<\/tr>\n<tr>\n<td>Spiediens:<\/td>\n<td>Maksim\u0101li 20,7 MPa<\/td>\n<\/tr>\n<tr>\n<td>Lietojumi:<\/td>\n<td>Naftas\/g\u0101zes urb\u0161anas platforma<\/td>\n<\/tr>\n<\/tbody>\n<\/table>\n<h2><strong>Naftas\/g\u0101zes urb\u0161anas platformas cilindra pielietojums:<\/strong><\/h2>\n<p><img loading=\"lazy\" decoding=\"async\" class=\"alignnone wp-image-1864 size-full\" src=\"https:\/\/hydraulic-cylinders.net\/wp-content\/uploads\/2023\/10\/oilgas-drilling-cylinder-1.webp\" alt=\"\" width=\"494\" height=\"330\" srcset=\"https:\/\/hydraulic-cylinders.net\/wp-content\/uploads\/2023\/10\/oilgas-drilling-cylinder-1.webp 494w, https:\/\/hydraulic-cylinders.net\/wp-content\/uploads\/2023\/10\/oilgas-drilling-cylinder-1-480x321.webp 480w\" sizes=\"(min-width: 0px) and (max-width: 480px) 480px, (min-width: 481px) 494px, 100vw\" \/><\/p>\n<h2><strong>Naftas\/g\u0101zes urb\u0161anas Derrick pacel\u0161anas cilindra lieto\u0161anas metode<\/strong><strong>:<\/strong><\/h2>\n<p>Urb\u0161anas tor\u0146u pacel\u0161ana: Lai efekt\u012bvi izmantotu naftas\/g\u0101zes urb\u0161anas tor\u0146u pacel\u0161anas cilindru, veiciet \u0161\u012bs darb\u012bbas:<\/p>\n<p>a. Iesl\u0113dziet hidraulisko sist\u0113mu, kas darbina pacel\u0161anas meh\u0101nismu, un p\u0101rliecinieties, vai hidrauliskais spiediens atbilst ieteicamajam darba diapazonam.<br \/>\nb. Izmantojiet paredz\u0113to vad\u012bbas saskarni vai sviru, lai aktiviz\u0113tu cilindru, uzs\u0101kot tor\u0146a pacel\u0161anas vai nolai\u0161anas darb\u012bbu.<br \/>\nc. Monitor the derrick&#8217;s movement and adjust the cylinder&#8217;s operation to achieve the desired height or position.<\/p>\n<h2><strong>K\u0101 salikt hidraulisko cilindru?<\/strong><\/h2>\n<p>Hidraulisk\u0101 cilindra mont\u0101\u017ea prasa r\u016bp\u012bgu uzman\u012bbu deta\u013c\u0101m un pareizu proced\u016bru iev\u0113ro\u0161anu, lai nodro\u0161in\u0101tu dro\u0161u un funkcion\u0101lu rezult\u0101tu. \u0160eit ir sniegts visp\u0101r\u012bgs nor\u0101d\u012bjums par hidraulisk\u0101 cilindra izgatavo\u0161anu:<\/p>\n<ol>\n<li><strong>Sav\u0101ciet nepiecie\u0161am\u0101s sast\u0101vda\u013cas:<\/strong>\n<ul>\n<li>Cilindra stobrs<\/li>\n<li>Virzu\u013ca mont\u0101\u017ea<\/li>\n<li>Virzu\u013ca stienis<\/li>\n<li>Cilindru gala v\u0101ci\u0146i<\/li>\n<li>Bl\u012bves un O veida gredzeni<\/li>\n<li>Stiprin\u0101juma gredzeni vai fiks\u0101cijas gredzeni<\/li>\n<li>Mont\u0101\u017eas sm\u0113rviela<\/li>\n<\/ul>\n<\/li>\n<li><strong>Sagatavojiet komponentus:<\/strong>\n<ul>\n<li>R\u016bp\u012bgi not\u012briet visas sast\u0101vda\u013cas, lai no\u0146emtu net\u012brumus vai gru\u017eus.<\/li>\n<li>P\u0101rbaudiet visas deta\u013cas, vai nav boj\u0101jumu vai nodiluma paz\u012bmju. Nomainiet visas boj\u0101t\u0101s vai nolietot\u0101s deta\u013cas.<\/li>\n<\/ul>\n<\/li>\n<li><strong>Uzst\u0101diet bl\u012bves un O veida gredzenus:<\/strong>\n<ul>\n<li>Uzkl\u0101jiet bl\u012bv\u0113m un O veida gredzeniem pl\u0101nu mont\u0101\u017eas sm\u0113rvielas k\u0101rtu.<\/li>\n<li>Uzman\u012bgi uzst\u0101diet bl\u012bves un O veida gredzenus uz virzu\u013ca, virzu\u013ca stie\u0146a un cilindra gala v\u0101ci\u0146iem to riev\u0101s.<\/li>\n<\/ul>\n<\/li>\n<li><strong>Uzst\u0101diet virzu\u013ca mezglu:<\/strong>\n<ul>\n<li>Uzb\u012bdiet virzu\u013ca mezglu uz stie\u0146a, p\u0101rliecinoties, ka tas ir pareizi izl\u012bdzin\u0101ts.<\/li>\n<li>Ievietojiet virzu\u013ca stieni un virzu\u013ca komplektu cilindra korpus\u0101.<\/li>\n<li>Viegli iespiediet virzu\u013ca mezglu cilindra korpus\u0101, nesaboj\u0101jot bl\u012bves.<\/li>\n<\/ul>\n<\/li>\n<li><strong>Piestipriniet cilindra gala v\u0101ci\u0146us:<\/strong>\n<ul>\n<li>Uzkl\u0101jiet mont\u0101\u017eas sm\u0113rvielu uz cilindra gala v\u0101ci\u0146a saskares virsm\u0101m.<\/li>\n<li>Uzman\u012bgi novietojiet cilindra gala v\u0101ci\u0146us uz cilindra, pareizi tos izl\u012bdzinot.<\/li>\n<li>Dro\u0161i piestipriniet gala v\u0101ci\u0146us, izmantojot atbilsto\u0161us fiks\u0101cijas gredzenus vai spr\u016bdgredzenus.<\/li>\n<\/ul>\n<\/li>\n<li><strong>P\u0101rbaudiet vienm\u0113r\u012bgu darb\u012bbu:<\/strong>\n<ul>\n<li>P\u0101rvietojiet virzuli uz priek\u0161u un atpaka\u013c cilindra korpus\u0101, lai nodro\u0161in\u0101tu vienm\u0113r\u012bgu kust\u012bbu un pareizu izl\u012bdzin\u0101\u0161anu.<\/li>\n<li>P\u0101rliecinieties, ka bl\u012bves nespie\u017e un netek.<\/li>\n<\/ul>\n<\/li>\n<li><strong>Nopl\u016b\u017eu p\u0101rbaude:<\/strong>\n<ul>\n<li>Pievienojiet hidraulisk\u0101s l\u012bnijas cilindru piesl\u0113gviet\u0101m.<\/li>\n<li>Apply hydraulic pressure to the cylinder, following the manufacturer&#8217;s recommended pressure specifications.<\/li>\n<li>P\u0101rbaudiet cilindru, vai bl\u012bv\u0113s vai savienojumos nav nopl\u016b\u017eu. Ja tiek konstat\u0113tas nopl\u016bdes, izjauciet un atk\u0101rtoti p\u0101rbaudiet bl\u012bves vai konsult\u0113jieties ar speci\u0101listu.<\/li>\n<\/ul>\n<\/li>\n<\/ol>\n<h2><strong>R\u016bpn\u012bcas iesp\u0113jas un jauda:<\/strong><\/h2>\n<h3>(1) Mont\u0101\u017ea<\/h3>\n<p>Mums ir pirmklas\u012bga neatkar\u012bga p\u0113tniec\u012bbas un att\u012bst\u012bbas mont\u0101\u017eas platforma. Hidraulisko cilindru ra\u017eo\u0161anas darbn\u012bc\u0101 ir \u010detras pusautom\u0101tiskas pacel\u0161anas cilindru mont\u0101\u017eas l\u012bnijas un viena autom\u0101tisk\u0101 sl\u012bpuma cilindru mont\u0101\u017eas l\u012bnija ar projekt\u0113to gada ra\u017eo\u0161anas jaudu 1 miljons vien\u012bbu. Speci\u0101lo cilindru darbn\u012bca ir apr\u012bkota ar da\u017e\u0101du specifik\u0101ciju pusautom\u0101tisku t\u012br\u012b\u0161anas mont\u0101\u017eas sist\u0113mu ar projekt\u0113to gada ra\u017eo\u0161anas jaudu 200 000 vien\u012bbu un apr\u012bkota ar slaven\u0101m CNC apstr\u0101des iek\u0101rt\u0101m, apstr\u0101des centru, augstas precizit\u0101tes cilindru apstr\u0101des speci\u0101lo apr\u012bkojumu, robotiz\u0113tu metin\u0101\u0161anas iek\u0101rtu, autom\u0101tisku t\u012br\u012b\u0161anas iek\u0101rtu, autom\u0101tisku cilindru mont\u0101\u017eas iek\u0101rtu un autom\u0101tisku kr\u0101so\u0161anas ra\u017eo\u0161anas l\u012bniju. Eso\u0161ais kritiskais apr\u012bkojums ir vair\u0101k nek\u0101 300 komplektu (komplektu). Optim\u0101la iek\u0101rtu resursu sadale un efekt\u012bva izmanto\u0161ana nodro\u0161ina produktu precizit\u0101tes pras\u012bbas un apmierina produktu augst\u0101s kvalit\u0101tes pras\u012bbas.<\/p>\n<p><img loading=\"lazy\" decoding=\"async\" class=\"alignnone wp-image-626\" src=\"https:\/\/hydraulic-cylinders.net\/wp-content\/uploads\/2023\/08\/hydraulic-cylinder-product-1-300x158.webp\" alt=\"\" width=\"495\" height=\"260\" srcset=\"https:\/\/hydraulic-cylinders.net\/wp-content\/uploads\/2023\/08\/hydraulic-cylinder-product-1-300x158.webp 495w, https:\/\/hydraulic-cylinders.net\/wp-content\/uploads\/2023\/08\/hydraulic-cylinder-product-1-480x252.webp 480w\" sizes=\"(min-width: 0px) and (max-width: 480px) 480px, (min-width: 481px) 495px, 100vw\" \/> <img loading=\"lazy\" decoding=\"async\" class=\"alignnone wp-image-627\" src=\"https:\/\/hydraulic-cylinders.net\/wp-content\/uploads\/2023\/08\/hydraulic-cylinder-product-2-300x189.webp\" alt=\"\" width=\"413\" height=\"260\" \/><\/p>\n<h3>(2) Apstr\u0101de<\/h3>\n<p>Apstr\u0101des cehs ir apr\u012bkots ar piel\u0101gotu sl\u012bpo slie\u017eu virpo\u0161anas centru, apstr\u0101des centru, \u0101trgaitas asin\u0101\u0161anas ma\u0161\u012bnu, metin\u0101\u0161anas robotu un citu saist\u012btu apr\u012bkojumu, kas var apstr\u0101d\u0101t cilindriskas caurules ar maksim\u0101lo iek\u0161\u0113jo diametru 400 mm un maksim\u0101lo garumu 6 metri.<\/p>\n<p><img loading=\"lazy\" decoding=\"async\" class=\"alignnone wp-image-628 size-large\" src=\"https:\/\/hydraulic-cylinders.net\/wp-content\/uploads\/2023\/08\/hydraulic-cylinder-product-3-1024x391.webp\" alt=\"\" width=\"1024\" height=\"391\" srcset=\"https:\/\/hydraulic-cylinders.net\/wp-content\/uploads\/2023\/08\/hydraulic-cylinder-product-3-980x374.webp 980w, https:\/\/hydraulic-cylinders.net\/wp-content\/uploads\/2023\/08\/hydraulic-cylinder-product-3-480x183.webp 480w\" sizes=\"(min-width: 0px) and (max-width: 480px) 480px, (min-width: 481px) and (max-width: 980px) 980px, (min-width: 981px) 1024px, 100vw\" \/><\/p>\n<h3>(3) Metin\u0101\u0161ana<\/h3>\n<p><img loading=\"lazy\" decoding=\"async\" class=\"alignnone wp-image-629 size-large\" src=\"https:\/\/hydraulic-cylinders.net\/wp-content\/uploads\/2023\/08\/hydraulic-cylinder-product-4-1024x510.webp\" alt=\"\" width=\"1024\" height=\"510\" srcset=\"https:\/\/hydraulic-cylinders.net\/wp-content\/uploads\/2023\/08\/hydraulic-cylinder-product-4-980x488.webp 980w, https:\/\/hydraulic-cylinders.net\/wp-content\/uploads\/2023\/08\/hydraulic-cylinder-product-4-480x239.webp 480w\" sizes=\"(min-width: 0px) and (max-width: 480px) 480px, (min-width: 481px) and (max-width: 980px) 980px, (min-width: 981px) 1024px, 100vw\" \/><\/p>\n<h3>(4) Kr\u0101so\u0161ana un p\u0101rkl\u0101\u0161ana<\/h3>\n<p>Ar maz\u0101m un vid\u0113ja izm\u0113ra cilindrisk\u0101m autom\u0101tisk\u0101m \u016bdens b\u0101zes kr\u0101su p\u0101rkl\u0101\u0161anas l\u012bnij\u0101m, lai pan\u0101ktu autom\u0101tisku robotu iekrau\u0161anu un izkrau\u0161anu un autom\u0101tisku izsmidzin\u0101\u0161anu, projekt\u0113t\u0101 jauda ir 4000 gabali mai\u0146\u0101;<br \/>\nMums ir ar\u012b pusautom\u0101tiska kr\u0101su ra\u017eo\u0161anas l\u012bnija lieliem baloniem, ko darbina \u0137\u0113des piedzi\u0146a, ar 60 kastu konstrukcijas jaudu vien\u0101 mai\u0146\u0101.<\/p>\n<p><img loading=\"lazy\" decoding=\"async\" class=\"alignnone wp-image-630\" src=\"https:\/\/hydraulic-cylinders.net\/wp-content\/uploads\/2023\/08\/hydraulic-cylinder-product-5-300x213.webp\" alt=\"\" width=\"366\" height=\"260\" \/> <img loading=\"lazy\" decoding=\"async\" class=\"alignnone wp-image-631\" src=\"https:\/\/hydraulic-cylinders.net\/wp-content\/uploads\/2023\/08\/hydraulic-cylinder-product-6-300x225.webp\" alt=\"\" width=\"347\" height=\"260\" \/><\/p>\n<h3>(5) Test\u0113\u0161ana<\/h3>\n<p>Mums ir augst\u0101k\u0101s klases p\u0101rbaudes iek\u0101rtas un test\u0113\u0161anas stendi, lai nodro\u0161in\u0101tu, ka balona veiktsp\u0113ja atbilst pras\u012bb\u0101m.<\/p>\n<p><img loading=\"lazy\" decoding=\"async\" class=\"alignnone wp-image-632\" src=\"https:\/\/hydraulic-cylinders.net\/wp-content\/uploads\/2023\/08\/hydraulic-cylinder-product-8-300x200.webp\" alt=\"\" width=\"389\" height=\"260\" \/><\/p>\n<p>&nbsp;<\/p>\n<p>&nbsp;<\/p>\n<p>M\u0113s esam viens no lab\u0101kajiem hidraulisko cilindru ra\u017eot\u0101jiem. M\u0113s varam pied\u0101v\u0101t visaptvero\u0161us hidrauliskos cilindrus. M\u0113s nodro\u0161in\u0101m ar\u012b atbilsto\u0161us <a href=\"https:\/\/hzpt.com\/agricultural-pto-gearbox\/\" target=\"_blank\" rel=\"noopener\">lauksaimniec\u012bbas p\u0101rnesumk\u0101rbas<\/a>. M\u0113s esam eksport\u0113ju\u0161i savus produktus klientiem vis\u0101 pasaul\u0113 un esam ieguvu\u0161i labu reput\u0101ciju, pateicoties m\u016bsu izcilajai produktu kvalit\u0101tei un p\u0113cp\u0101rdo\u0161anas servisam. M\u0113s aicin\u0101m klientus no valsts un \u0101rvalst\u012bm sazin\u0101ties ar mums, lai risin\u0101tu biznesa sarunas, apmain\u012btos ar inform\u0101ciju un... <a href=\"https:\/\/www.hydraulic-cylinders.net\/lv\/contact-us\/\">sadarboties ar mums<\/a>!<\/p>\n<p>&nbsp;<\/p>\n<p>&nbsp;<\/p>","protected":false},"excerpt":{"rendered":"<p>Oil\/Gas Drilling Derrick Lifting Cylinder The oil\/gas drilling derrick lifting cylinder is a critical component in oil and gas drilling operations, specifically designed for lifting and lowering derricks. This specialized hydraulic cylinder plays a crucial role in supporting the vertical movement of the derrick, enabling efficient and safe drilling activities in the oil and gas [&hellip;]<\/p>","protected":false},"featured_media":1867,"comment_status":"open","ping_status":"closed","template":"","meta":{"_et_pb_use_builder":"","_et_pb_old_content":"","_et_gb_content_width":""},"product_brand":[],"product_cat":[1549,1552,1418],"product_tag":[1380],"class_list":{"0":"post-1866","1":"product","2":"type-product","3":"status-publish","4":"has-post-thumbnail","6":"product_cat-single-acting-hydraulic-cylinder","7":"product_cat-stainless-steel-hydraulic-cylinder","8":"product_cat-oil-gas-hydraulic-cylinders","9":"product_tag-hydraulic-cylinder","11":"first","12":"instock","13":"shipping-taxable","14":"product-type-simple"},"amp_enabled":true,"_links":{"self":[{"href":"https:\/\/www.hydraulic-cylinders.net\/lv\/wp-json\/wp\/v2\/product\/1866","targetHints":{"allow":["GET"]}}],"collection":[{"href":"https:\/\/www.hydraulic-cylinders.net\/lv\/wp-json\/wp\/v2\/product"}],"about":[{"href":"https:\/\/www.hydraulic-cylinders.net\/lv\/wp-json\/wp\/v2\/types\/product"}],"replies":[{"embeddable":true,"href":"https:\/\/www.hydraulic-cylinders.net\/lv\/wp-json\/wp\/v2\/comments?post=1866"}],"wp:featuredmedia":[{"embeddable":true,"href":"https:\/\/www.hydraulic-cylinders.net\/lv\/wp-json\/wp\/v2\/media\/1867"}],"wp:attachment":[{"href":"https:\/\/www.hydraulic-cylinders.net\/lv\/wp-json\/wp\/v2\/media?parent=1866"}],"wp:term":[{"taxonomy":"product_brand","embeddable":true,"href":"https:\/\/www.hydraulic-cylinders.net\/lv\/wp-json\/wp\/v2\/product_brand?post=1866"},{"taxonomy":"product_cat","embeddable":true,"href":"https:\/\/www.hydraulic-cylinders.net\/lv\/wp-json\/wp\/v2\/product_cat?post=1866"},{"taxonomy":"product_tag","embeddable":true,"href":"https:\/\/www.hydraulic-cylinders.net\/lv\/wp-json\/wp\/v2\/product_tag?post=1866"}],"curies":[{"name":"wp","href":"https:\/\/api.w.org\/{rel}","templated":true}]}}