{"id":18885,"date":"2025-04-07T06:00:24","date_gmt":"2025-04-07T06:00:24","guid":{"rendered":"https:\/\/www.hydraulic-cylinders.net\/product\/boom-cylinder-for-sumitomo-small-excavator-sh75-75x-3b\/"},"modified":"2025-04-07T06:00:26","modified_gmt":"2025-04-07T06:00:26","slug":"boom-cylinder-for-sumitomo-small-excavator-sh75-75x-3b","status":"publish","type":"product","link":"https:\/\/www.hydraulic-cylinders.net\/lv\/products\/boom-cylinder-for-sumitomo-small-excavator-sh75-75x-3b\/","title":{"rendered":"Str\u0113les cilindrs Sumitomo mazajam ekskavatoram SH75\/75X-3B"},"content":{"rendered":"<h1>Str\u0113les cilindrs Sumitomo mazajam ekskavatoram SH75\/75X-3B<\/h1>\n<h2>Produkta p\u0101rskats<\/h2>\n<p>Str\u0113les cilindrs ir b\u016btiska Sumitomo maz\u0101 ekskavatora SH75\/75X-3B hidraulisk\u0101s sist\u0113mas sast\u0101vda\u013ca. \u0160is hidrauliskais cilindrs specializ\u0113jas ekskavatora str\u0113les kust\u012bbas kontrol\u0113\u0161an\u0101, nodro\u0161inot precizit\u0101ti pacel\u0161anas un nolai\u0161anas darbos. Str\u0113les cilindra loma ir iz\u0161\u0137iro\u0161a da\u017e\u0101dos pielietojumos, s\u0101kot no b\u016bvniec\u012bbas l\u012bdz smago materi\u0101lu apstr\u0101dei.<\/p>\n<p><img decoding=\"async\" src=\"https:\/\/www.hydraulic-cylinders.net\/wp-content\/uploads\/2025\/04\/songte-company-1.webp\" alt=\"Ekskavatoru str\u0113les cilindrs\"><\/p>\n<h3>Defin\u012bcija un funkcionalit\u0101te<\/h3>\n<p>Kausa cilindrs ir hidraulisk\u0101 cilindra veids, kas \u012bpa\u0161i paredz\u0113ts smago ma\u0161\u012bnu kausu, piem\u0113ram, ekskavatoru, univers\u0101lo iekr\u0101v\u0113ju un front\u0101lo iekr\u0101v\u0113ju, kust\u012bbu vad\u012b\u0161anai. \u0160\u012b hidraulisk\u0101 sist\u0113ma \u013cauj efekt\u012bvi apstr\u0101d\u0101t materi\u0101lus, atvieglojot t\u0101dus uzdevumus k\u0101 rak\u0161ana, cel\u0161ana un noliek\u0161ana. Konstrukcija nodro\u0161ina, ka operatori var prec\u012bzi p\u0101rvald\u012bt kausa poz\u012bciju, t\u0101d\u0113j\u0101di optimiz\u0113jot materi\u0101lu transport\u0113\u0161anu un uzlabojot kop\u0113jo produktivit\u0101ti.<\/p>\n<h2>Galven\u0101s iez\u012bmes<\/h2>\n<ul>\n<li><strong>Augsta iztur\u012bba un ilgm\u016b\u017e\u012bba:<\/strong> \u0160ie cilindri, kas izgatavoti no augstas stipr\u012bbas t\u0113rauda vai alum\u012bnija, var iztur\u0113t augstu spiedienu un lielas slodzes, padarot tos piem\u0113rotus skarbajiem darba apst\u0101k\u013ciem.<\/li>\n<li><strong>Efekt\u012bva hidraulisk\u0101 darb\u012bba:<\/strong> Izmantojot hidraulisk\u0101s e\u013c\u013cas spiedienu, tiek nodro\u0161in\u0101ta vienm\u0113r\u012bga izvilk\u0161ana un ievilk\u0161ana, \u0101tra reakcija uz vad\u012bbas komand\u0101m un iev\u0113rojams stum\u0161anas\/vilk\u0161anas sp\u0113ks.<\/li>\n<li><strong>Da\u017e\u0101di veidi:<\/strong> Pieejams vienk\u0101r\u0161\u0101s vai divk\u0101r\u0161\u0101s darb\u012bbas versij\u0101s, kas atbilst da\u017e\u0101d\u0101m ekspluat\u0101cijas vajadz\u012bb\u0101m; da\u017ei mode\u013ci ir teleskopiski, lai nodro\u0161in\u0101tu liel\u0101ku sniedzam\u012bbu, nepalielinot \u0101r\u0113jos izm\u0113rus.<\/li>\n<\/ul>\n<p>M\u016bsu produkti lieliski aizst\u0101j \u0161os hidrauliskos cilindrus, nodro\u0161inot nevainojamu darb\u012bbu j\u016bsu ma\u0161\u012bn\u0101s.<\/p>\n<p><img decoding=\"async\" src=\"https:\/\/www.hydraulic-cylinders.net\/wp-content\/uploads\/2025\/04\/songte-cylinder-head-with-all-kinds-excavator-models.webp\" alt=\"Ekskavatora cilindru galvas\"><\/p>\n<h2>Pieteikumi<\/h2>\n<h3>Celtniec\u012bbas apr\u012bkojums<\/h3>\n<p>Ekskavatoros str\u0113les cilindri ir \u013coti svar\u012bgi augsnes vai gru\u017eu rak\u0161anai, iekrau\u0161anai un transport\u0113\u0161anai. Tie nodro\u0161ina nepiecie\u0161amo sp\u0113ku, lai iek\u013c\u016btu zem\u0113 un efekt\u012bvi paceltu materi\u0101lus. Ekskavatoros \u0161ie cilindri pal\u012bdz ne tikai rak\u0161anas darbos, bet ar\u012b cel\u0161anas un p\u0101rvieto\u0161anas uzdevumos.<\/p>\n<h3>Lauksaimniec\u012bbas tehnika<\/h3>\n<p>Front\u0101lajos iekr\u0101v\u0113jos str\u0113les cilindri pal\u012bdz nokas\u012bt, pacelt un transport\u0113t augsni, sienu un citus materi\u0101lus. To iztur\u012bg\u0101 konstrukcija nodro\u0161ina, ka tie sp\u0113j tikt gal\u0101 ar lauksaimniec\u012bbas uzdevumu sare\u017e\u0123\u012bt\u012bbu, maksim\u0101li palielinot efektivit\u0101ti lauksaimniec\u012bbas darb\u012bbu laik\u0101.<\/p>\n<h3>Izrakumi<\/h3>\n<p>Ekskavatori izmanto str\u0113les cilindrus, lai iek\u013c\u016btu augsn\u0113, nodro\u0161inot efekt\u012bvas rak\u0161anas darb\u012bbas. \u0160\u012b sp\u0113ja ir b\u016btiska da\u017e\u0101dos b\u016bvniec\u012bbas un ainavu veido\u0161anas projektos, kur dzi\u013cums un precizit\u0101te ir \u013coti svar\u012bgi.<\/p>\n<h3>Iekr\u0101v\u0113ji<\/h3>\n<p>Front\u0101lajos iekr\u0101v\u0113jos \u0161ie cilindri atvieglo kravu efekt\u012bvu pacel\u0161anu un izg\u0101\u0161anu, \u013caujot operatoriem viegli un \u0101tri p\u0101rvald\u012bt materi\u0101lus. Tas uzlabo produktivit\u0101ti darba viet\u0101s, pateicoties uzticamai veiktsp\u0113jai.<\/p>\n<h2>Dizaina apsv\u0113rumi un atlases krit\u0113riji<\/h2>\n<h3>Kravnes\u012bba<\/h3>\n<p>Ir \u0101rk\u0101rt\u012bgi svar\u012bgi projekt\u0113t cilindru ar atbilsto\u0161u slodzes iztur\u012bbu. Iztur\u012bba pret loc\u012b\u0161anos un deform\u0101ciju lielu slod\u017eu ietekm\u0113 ir \u013coti svar\u012bga funkcionalit\u0101tes un dro\u0161\u012bbas saglab\u0101\u0161anai. Ir svar\u012bgi izv\u0113l\u0113ties cilindrus, kas sp\u0113j iztur\u0113t slodzes, kas p\u0101rsniedz paredz\u0113to maksim\u0101lo, lai nodro\u0161in\u0101tu iztur\u012bbu un nov\u0113rstu boj\u0101jumus.<\/p>\n<h3>Bl\u012bv\u0113\u0161ana<\/h3>\n<p>Efekt\u012bva bl\u012bv\u0113\u0161ana ir kritiski svar\u012bga, lai nov\u0113rstu hidraulisk\u0101 \u0161\u0137idruma nopl\u016bdes, kas var izrais\u012bt veiktsp\u0113jas probl\u0113mas. Bl\u012bv\u0113jumu izv\u0113lei j\u0101\u0146em v\u0113r\u0101 darba vide, nodro\u0161inot ilgm\u016b\u017e\u012bbu un uzticam\u012bbu pat ekstrem\u0101los apst\u0101k\u013cos. Augstas kvalit\u0101tes bl\u012bv\u0113\u0161anas materi\u0101li pagarina cilindra kalpo\u0161anas laiku un uztur darb\u012bbas efektivit\u0101ti.<\/p>\n<h3>Iztur\u012bba<\/h3>\n<p>B\u016bvniec\u012bb\u0101 izmantotajiem materi\u0101liem j\u0101b\u016bt iztur\u012bgiem pret nodilumu un koroziju, lai garant\u0113tu ilgm\u016b\u017e\u012bbu. Materi\u0101lu izv\u0113les procesu ietekm\u0113 t\u0101di faktori k\u0101 pak\u013cau\u0161ana skarbajiem laikapst\u0101k\u013ciem, abraz\u012bvi materi\u0101li un intens\u012bva lieto\u0161ana. Augstas iztur\u012bbas apdare uzlabo gan veiktsp\u0113ju, gan kalpo\u0161anas laiku.<\/p>\n<h3>Dro\u0161\u012bba<\/h3>\n<p>Dro\u0161\u012bbas elementu iek\u013cau\u0161ana hidraulisko cilindru konstrukcij\u0101 ir \u013coti svar\u012bga, lai nov\u0113rstu negad\u012bjumus un nodro\u0161in\u0101tu operatora dro\u0161\u012bbu. Tas ietver p\u0101rslodzes aizsardz\u012bbu un av\u0101rijas aptur\u0113\u0161anas meh\u0101nismus, kas pal\u012bdz mazin\u0101t ar hidraulisk\u0101s sist\u0113mas k\u013c\u016bm\u0113m saist\u012btos riskus.<\/p>\n<h3>Uzturam\u012bba<\/h3>\n<p>Ir svar\u012bgi projekt\u0113t cilindrus, lai tos b\u016btu viegli apkopt. Tas ietver pieejamu deta\u013cu nodro\u0161in\u0101\u0161anu p\u0101rbaud\u0113m un remontam. Ievie\u0161ot funkcijas, kas \u013cauj \u0101tri nomain\u012bt bl\u012bves vai p\u0101rbaud\u012bt \u0161\u0137idrumus, tiek uzlabota apkopes efektivit\u0101te un samazin\u0101ts d\u012bkst\u0101ves laiks.<\/p>\n<p><img decoding=\"async\" src=\"https:\/\/www.hydraulic-cylinders.net\/wp-content\/uploads\/2025\/04\/songte-oil-pipes-and-spare-parts.webp\" alt=\"E\u013c\u013cas caurules un rezerves da\u013cas\"><\/p>\n<h2>Bl\u012bv\u0113\u0161ana un e\u013c\u013co\u0161ana<\/h2>\n<p>Pareiza bl\u012bv\u0113\u0161ana un e\u013c\u013co\u0161ana ir b\u016btiska hidraulisko cilindru efekt\u012bvai darb\u012bbai. Ir svar\u012bgi izmantot da\u017e\u0101dus bl\u012bv\u0113jumu veidus, piem\u0113ram, virzu\u013ca bl\u012bv\u0113jumus un stie\u0146a bl\u012bv\u0113jumus, kas izgatavoti no nodilumiztur\u012bgiem materi\u0101liem, piem\u0113ram, poliuret\u0101na un nitrila gumijas. Cilindra korpusam un v\u012bt\u0146otaj\u0101m gala virsm\u0101m j\u0101b\u016bt smalki apstr\u0101d\u0101t\u0101m, lai uzlabotu nodilumiztur\u012bbu. Regul\u0101ri j\u0101papildina hidraulisk\u0101 e\u013c\u013ca e\u013c\u013co\u0161anai, lai uztur\u0113tu optim\u0101lu veiktsp\u0113ju un nov\u0113rstu p\u0101rm\u0113r\u012bgu nodilumu.<\/p>\n<h2>Regul\u0101ras p\u0101rbaudes un profilaktisk\u0101 apkope<\/h2>\n<ul>\n<li><strong>Regul\u0101ras p\u0101rbaudes:<\/strong> Veiciet regul\u0101ras p\u0101rbaudes, lai p\u0101rbaud\u012btu nopl\u016bdes, nodilumu un hidraulisk\u0101 cilindra visp\u0101r\u0113jo st\u0101vokli. Probl\u0113mu agr\u012bna atkl\u0101\u0161ana var nov\u0113rst d\u0101rgus remontdarbus.<\/li>\n<li><strong>Pareiza e\u013c\u013co\u0161ana:<\/strong> Nodro\u0161iniet, lai vis\u0101m kust\u012bgaj\u0101m da\u013c\u0101m tiktu nodro\u0161in\u0101ta atbilsto\u0161a e\u013c\u013co\u0161ana, lai samazin\u0101tu berzi un nodilumu, t\u0101d\u0113j\u0101di pagarinot cilindra kalpo\u0161anas laiku.<\/li>\n<li><strong>Bl\u012bv\u0113juma nomai\u0146a:<\/strong> Regul\u0101ri p\u0101rbaudiet bl\u012bves, vai nav nodiluma paz\u012bmju, un nomainiet t\u0101s p\u0113c nepiecie\u0161am\u012bbas, lai uztur\u0113tu optim\u0101lu bl\u012bv\u0113juma veiktsp\u0113ju un nov\u0113rstu \u0161\u0137idruma zudumus.<\/li>\n<\/ul>\n<h2>Uzst\u0101d\u012b\u0161anas vadl\u012bnijas<\/h2>\n<p>Uzst\u0101dot str\u0113les cilindru, p\u0101rliecinieties, vai cilindrs ir pareizi izl\u012bdzin\u0101ts ar stiprin\u0101juma punktiem. Izmantojiet atbilsto\u0161us stiprin\u0101juma kron\u0161teinus, lai nostiprin\u0101tu cilindru viet\u0101. Ir svar\u012bgi iev\u0113rot ra\u017eot\u0101ja nor\u0101d\u012bjumus par griezes momenta specifik\u0101cij\u0101m un izl\u012bdzin\u0101\u0161anas p\u0101rbaud\u0113m, lai izvair\u012btos no nepareizas izl\u012bdzin\u0101\u0161anas, kas var izrais\u012bt priek\u0161laic\u012bgu boj\u0101jumu. Turkl\u0101t regul\u0101ri p\u0101rbaudiet uzst\u0101d\u012bjumu, vai nav nodiluma vai nepareizas izl\u012bdzin\u0101\u0161anas paz\u012bmju, un nepiecie\u0161am\u012bbas gad\u012bjum\u0101 izlabojiet to, lai nodro\u0161in\u0101tu nep\u0101rtrauktu darb\u012bbu.<\/p>\n<h2>Apkopes uzdevumi<\/h2>\n<h3>Regul\u0101ras p\u0101rbaudes<\/h3>\n<p>Regul\u0101r\u0101m p\u0101rbaud\u0113m j\u0101ietver nopl\u016b\u017eu p\u0101rbaude un balona fizisk\u0101 st\u0101vok\u013ca nov\u0113rt\u0113\u0161ana. Mekl\u0113jiet nodiluma vai boj\u0101jumu paz\u012bmes un identific\u0113jiet visas vietas, kur\u0101m j\u0101piev\u0113r\u0161 uzman\u012bba, pirms t\u0101s rada liel\u0101kas probl\u0113mas.<\/p>\n<h3>Pareiza e\u013c\u013co\u0161ana<\/h3>\n<p>E\u013c\u013co\u0161ana ir \u013coti svar\u012bga darb\u012bbas efektivit\u0101tes uztur\u0113\u0161anai. P\u0101rliecinieties, vai visas kust\u012bg\u0101s da\u013cas ir pien\u0101c\u012bgi iee\u013c\u013cotas, lai samazin\u0101tu berzi un nodilumu. Regul\u0101ri j\u0101p\u0101rbauda, \u200b\u200bvai e\u013c\u013co\u0161anas punkti darbojas pareizi.<\/p>\n<h3>Bl\u012bv\u0113juma nomai\u0146a<\/h3>\n<p>Bl\u012bvju nomai\u0146a, kad t\u0101s par\u0101da nodiluma paz\u012bmes, ir b\u016btiska, lai nov\u0113rstu hidraulisk\u0101 \u0161\u0137idruma nopl\u016bdes. \u0160is apkopes uzdevums ir \u013coti svar\u012bgs, lai nodro\u0161in\u0101tu cilindra efekt\u012bvu un dro\u0161u darb\u012bbu.<\/p>\n<h2>Dro\u0161\u012bbas apsv\u0113rumi un vides faktori<\/h2>\n<p>Hidraulisko cilindru lieto\u0161ana ir saist\u012bta ar dro\u0161\u012bbas riskiem. Atbilsto\u0161u dro\u0161\u012bbas pas\u0101kumu ievie\u0161ana ekspluat\u0101cijas laik\u0101 var iev\u0113rojami samazin\u0101t negad\u012bjumu skaitu. Lai nodro\u0161in\u0101tu dro\u0161u darba vidi, ir oblig\u0101ti j\u0101nodro\u0161ina atbilsto\u0161a operatoru apm\u0101c\u012bba un aizsargl\u012bdzek\u013cu lieto\u0161ana.<\/p>\n<h2>K\u013c\u016bmju diagnostika un bie\u017e\u0101k sastopam\u0101s probl\u0113mas<\/h2>\n<ul>\n<li><strong>Hidraulisk\u0101 \u0161\u0137idruma nopl\u016bdes:<\/strong> To bie\u017ei izraisa nolietotas bl\u012bves vai boj\u0101tas \u0161\u013c\u016btenes. Regul\u0101ras p\u0101rbaudes var pal\u012bdz\u0113t probl\u0113mas identific\u0113t agr\u012bn\u0101 stadij\u0101.<\/li>\n<li><strong>Slikta cilindra darb\u012bba:<\/strong> Tas var liecin\u0101t par nepietiekamu e\u013c\u013co\u0161anu vai gaisu hidrauliskaj\u0101 sist\u0113m\u0101. Ir \u013coti svar\u012bgi regul\u0101ri p\u0101rbaud\u012bt \u0161\u0137idruma l\u012bmeni un atgaisot sist\u0113mu.<\/li>\n<li><strong>P\u0101rkar\u0161ana:<\/strong> Ja hidraulisk\u0101 sist\u0113ma p\u0101rkarst, tas var liecin\u0101t par p\u0101rslodzi vai nepietiekamu dzes\u0113\u0161anu. Regul\u0101ra darba apst\u0101k\u013cu uzraudz\u012bba var pal\u012bdz\u0113t nov\u0113rst \u0161o probl\u0113mu.<\/li>\n<\/ul>\n<h2>Probl\u0113mu nov\u0113r\u0161anas padomi<\/h2>\n<p>Lai efekt\u012bvi nov\u0113rstu probl\u0113mas, vispirms p\u0101rbaudiet \u0161\u0137idruma l\u012bmeni un sist\u0113mas spiedienu. P\u0101rliecinieties, vai visi savienojumi ir cie\u0161i un bez aizsprostojumiem. Ja probl\u0113mas joproj\u0101m past\u0101v, apsveriet iesp\u0113ju konsult\u0113ties ar speci\u0101listu, lai veiktu visaptvero\u0161u p\u0101rbaudi un remontu.<\/p>\n<p><img decoding=\"async\" src=\"https:\/\/www.hydraulic-cylinders.net\/wp-content\/uploads\/2025\/04\/songte-bushings-with-all-kinds-of-excavator-models.webp\" alt=\"Ekskavatora bukses\"><\/p>\n<h2>Par m\u016bsu uz\u0146\u0113mumu<\/h2>\n<p>M\u0113s esam vado\u0161ais rezerves hidraulisko cilindru ra\u017eot\u0101js, kas pied\u0101v\u0101 pla\u0161u produktu kl\u0101stu, kas apmierina gan viet\u0113jo, gan starptautisko tirgu vajadz\u012bbas. M\u016bsu ap\u0146em\u0161anos sasniegt izcil\u012bbu nodro\u0161ina koncentr\u0113\u0161an\u0101s uz kvalitat\u012bvu ra\u017eo\u0161anu un inovat\u012bv\u0101m ra\u017eo\u0161anas vad\u012bbas strat\u0113\u0123ij\u0101m. M\u0113s ieguld\u0101m l\u012bdzek\u013cus modern\u0101s ra\u017eo\u0161anas iek\u0101rt\u0101s un apm\u0101c\u012bt\u0101 person\u0101l\u0101, lai uzlabotu savas ra\u017eo\u0161anas iesp\u0113jas. M\u016bsu uzsvars uz augstu efektivit\u0101ti, precizit\u0101ti un kvalit\u0101ti nodro\u0161ina, ka m\u0113s apmierin\u0101m m\u016bsu klientu da\u017e\u0101d\u0101s vajadz\u012bbas.<\/p>\n<p><img decoding=\"async\" src=\"https:\/\/www.hydraulic-cylinders.net\/wp-content\/uploads\/2025\/04\/songte-company-4.webp\" alt=\"Uz\u0146\u0113muma p\u0101rskats\"><br \/>\n<img decoding=\"async\" src=\"https:\/\/www.hydraulic-cylinders.net\/wp-content\/uploads\/2025\/04\/songte-company-3.webp\" alt=\"Uz\u0146\u0113muma ra\u017eo\u0161anas process\"><\/p>\n<p>M\u016bsu uz\u0146\u0113mums pied\u0101v\u0101 sertific\u0113tus produktus, piel\u0101gotus pakalpojumus un izcilu p\u0113cp\u0101rdo\u0161anas atbalstu. M\u016bsu priorit\u0101te ir klientu apmierin\u0101t\u012bba un nep\u0101rtraukta m\u016bsu produktu pied\u0101v\u0101juma uzlabo\u0161ana.<\/p>\n<p>Autors: lil<\/p>","protected":false},"excerpt":{"rendered":"<p>Boom Cylinder For Sumitomo Small Excavator SH75\/75X-3B Product Overview The Boom Cylinder is a vital component in the hydraulic system of the Sumitomo Small Excavator SH75\/75X-3B. This hydraulic cylinder specializes in controlling the movement of the excavator&#8217;s boom, enabling precision in lifting and lowering tasks. The boom cylinder&#8217;s role is crucial in various applications, from [&hellip;]<\/p>","protected":false},"featured_media":17872,"comment_status":"open","ping_status":"closed","template":"","meta":{"_et_pb_use_builder":"","_et_pb_old_content":"","_et_gb_content_width":""},"product_brand":[],"product_cat":[1546],"product_tag":[1547,1496],"class_list":{"0":"post-18885","1":"product","2":"type-product","3":"status-publish","4":"has-post-thumbnail","6":"product_cat-boom-cylinders","7":"product_tag-boom-cylinders","8":"product_tag-hydraulic-cylinders","10":"first","11":"instock","12":"shipping-taxable","13":"product-type-simple"},"amp_enabled":true,"_links":{"self":[{"href":"https:\/\/www.hydraulic-cylinders.net\/lv\/wp-json\/wp\/v2\/product\/18885","targetHints":{"allow":["GET"]}}],"collection":[{"href":"https:\/\/www.hydraulic-cylinders.net\/lv\/wp-json\/wp\/v2\/product"}],"about":[{"href":"https:\/\/www.hydraulic-cylinders.net\/lv\/wp-json\/wp\/v2\/types\/product"}],"replies":[{"embeddable":true,"href":"https:\/\/www.hydraulic-cylinders.net\/lv\/wp-json\/wp\/v2\/comments?post=18885"}],"wp:featuredmedia":[{"embeddable":true,"href":"https:\/\/www.hydraulic-cylinders.net\/lv\/wp-json\/wp\/v2\/media\/17872"}],"wp:attachment":[{"href":"https:\/\/www.hydraulic-cylinders.net\/lv\/wp-json\/wp\/v2\/media?parent=18885"}],"wp:term":[{"taxonomy":"product_brand","embeddable":true,"href":"https:\/\/www.hydraulic-cylinders.net\/lv\/wp-json\/wp\/v2\/product_brand?post=18885"},{"taxonomy":"product_cat","embeddable":true,"href":"https:\/\/www.hydraulic-cylinders.net\/lv\/wp-json\/wp\/v2\/product_cat?post=18885"},{"taxonomy":"product_tag","embeddable":true,"href":"https:\/\/www.hydraulic-cylinders.net\/lv\/wp-json\/wp\/v2\/product_tag?post=18885"}],"curies":[{"name":"wp","href":"https:\/\/api.w.org\/{rel}","templated":true}]}}