{"id":18896,"date":"2025-04-07T06:00:52","date_gmt":"2025-04-07T06:00:52","guid":{"rendered":"https:\/\/www.hydraulic-cylinders.net\/product\/boom-cylinder-for-sumitomo-middle-excavator-ls430fj2\/"},"modified":"2025-04-07T06:00:55","modified_gmt":"2025-04-07T06:00:55","slug":"boom-cylinder-for-sumitomo-middle-excavator-ls430fj2","status":"publish","type":"product","link":"https:\/\/www.hydraulic-cylinders.net\/lv\/products\/boom-cylinder-for-sumitomo-middle-excavator-ls430fj2\/","title":{"rendered":"Sumitomo vid\u0113j\u0101 ekskavatora LS430FJ2 str\u0113les cilindrs"},"content":{"rendered":"<h1>Sumitomo vid\u0113j\u0101 ekskavatora LS430FJ2 str\u0113les cilindrs<\/h1>\n<h2>Produkta p\u0101rskats<\/h2>\n<p>Sumitomo vid\u0113j\u0101 ekskavatora LS430FJ2 str\u0113les cilindrs ir b\u016btiska hidrauliska sast\u0101vda\u013ca, kam ir noz\u012bm\u012bga loma da\u017e\u0101du smago ma\u0161\u012bnu darb\u012bb\u0101. \u0160is hidrauliskais cilindrs, kas \u012bpa\u0161i izstr\u0101d\u0101ts ekskavatoriem, ir atbild\u012bgs par str\u0113les kust\u012bbas vad\u012bbu, kas ir \u013coti svar\u012bgi rak\u0161anas un materi\u0101lu apstr\u0101des darbos. Kausa cilindrs \u013cauj str\u0113li pacelt, nolaist un noliekt, nodro\u0161inot efekt\u012bvu darb\u012bbu b\u016bvniec\u012bb\u0101, ieguves r\u016bpniec\u012bb\u0101 un cit\u0101s r\u016bpniecisk\u0101s lietojumprogramm\u0101s.<\/p>\n<p><img decoding=\"async\" src=\"https:\/\/www.hydraulic-cylinders.net\/wp-content\/uploads\/2025\/04\/songte-company-1.webp\" alt=\"Str\u0113les cilindra att\u0113ls\"><\/p>\n<h3>Kausa cilindru defin\u012bcija un funkcija<\/h3>\n<p>Kausa cilindrs ir specializ\u0113ts hidrauliskais cilindrs, kas kontrol\u0113 kausa kust\u012bbu smagaj\u0101s ma\u0161\u012bn\u0101s, piem\u0113ram, ekskavatoros, iekr\u0101v\u0113jos un front\u0101lajos iekr\u0101v\u0113jos. \u0160ie cilindri darbojas hidrauliskaj\u0101 sist\u0113m\u0101, kur spiediena \u0161\u0137idrums \u013cauj str\u0113lei veikt da\u017e\u0101das darb\u012bbas. Kausa cilindru noz\u012bme sl\u0113pjas to sp\u0113j\u0101 manipul\u0113t ar kausa poz\u012bciju, t\u0101d\u0113j\u0101di atvieglojot materi\u0101lu cel\u0161anu, rak\u0161anu un transport\u0113\u0161anu. Tie ir izstr\u0101d\u0101ti, lai nodro\u0161in\u0101tu jaud\u012bgas cel\u0161anas iesp\u0113jas, vienlaikus nodro\u0161inot prec\u012bzu vad\u012bbu, kas ir \u013coti svar\u012bgi efekt\u012bvai darb\u012bbai sare\u017e\u0123\u012btos apst\u0101k\u013cos. Galu gal\u0101 kausa cilindru iztur\u012bg\u0101 konstrukcija un efekt\u012bvais dizains uzlabo smag\u0101 apr\u012bkojuma produktivit\u0101ti un uzticam\u012bbu.<\/p>\n<h2>Galven\u0101s iez\u012bmes<\/h2>\n<ul>\n<li><strong>Augsta iztur\u012bba un ilgm\u016b\u017e\u012bba:<\/strong> Parasti izgatavoti no augstas stipr\u012bbas t\u0113rauda vai alum\u012bnija, \u0161ie cilindri var iztur\u0113t augstu spiedienu un lielas slodzes, padarot tos piem\u0113rotus skarbajiem darba apst\u0101k\u013ciem.<\/li>\n<li><strong>Efekt\u012bva hidraulisk\u0101 darb\u012bba:<\/strong> Izmantojot hidraulisk\u0101s e\u013c\u013cas spiedienu vienm\u0113r\u012bgai izvilk\u0161anai un ievilk\u0161anai, \u0161ie cilindri \u0101tri rea\u0123\u0113 uz operatora komand\u0101m, nodro\u0161inot sp\u0113c\u012bgus stum\u0161anas un vilk\u0161anas sp\u0113kus smagu un sare\u017e\u0123\u012btu uzdevumu veik\u0161anai.<\/li>\n<li><strong>Da\u017e\u0101di veidi:<\/strong> Pieejams vienk\u0101r\u0161\u0101s darb\u012bbas (hidrauliska darb\u012bba vien\u0101 virzien\u0101) vai divk\u0101r\u0161\u0101s darb\u012bbas (hidrauliska darb\u012bba abos virzienos) konfigur\u0101cij\u0101s, piel\u0101gojoties da\u017e\u0101d\u0101m ekspluat\u0101cijas vajadz\u012bb\u0101m.<\/li>\n<li><strong>Vietu taupo\u0161i dizaini:<\/strong> Da\u017eiem mode\u013ciem ir teleskopiska konstrukcija, kas nodro\u0161ina liel\u0101ku pagarin\u0101jumu, nepalielinot \u0101r\u0113jos izm\u0113rus, padarot tos ide\u0101li piem\u0113rotus lietojumiem ar ierobe\u017eotu vietu.<\/li>\n<li><strong>Korozijas un nodilumiztur\u012bba:<\/strong> \u0160ie cilindri ir konstru\u0113ti, dom\u0101jot par iztur\u012bbu, un ir iztur\u012bgi pret nodilumu un koroziju, nodro\u0161inot ilg\u0101ku kalpo\u0161anas laiku.<\/li>\n<\/ul>\n<h2>Lietojumprogrammu scen\u0101riji<\/h2>\n<h3>Celtniec\u012bbas apr\u012bkojums<\/h3>\n<p>B\u016bvniec\u012bbas tehnik\u0101 str\u0113les cilindri ir svar\u012bgas ekskavatoru sast\u0101vda\u013cas. Tie ir kritiski svar\u012bgi zemes vai gru\u017eu rak\u0161anai, iekrau\u0161anai un p\u0101rvieto\u0161anai. Ekskavatoros-iekr\u0101v\u0113jos kausa cilindrs pal\u012bdz gan rak\u0161anas, gan cel\u0161anas darbos. \u0160o hidraulisko cilindru efektivit\u0101te un jauda \u013cauj operatoriem p\u0101rvald\u012bt lielus materi\u0101lu apjomus, veicinot b\u016bvniec\u012bbas projektu kop\u0113jos pan\u0101kumus.<\/p>\n<h3>Lauksaimniec\u012bbas tehnika<\/h3>\n<p>Str\u0113les cilindrus izmanto ar\u012b front\u0101lajos iekr\u0101v\u0113jos, kur tie atvieglo augsnes, siena un citu materi\u0101lu sav\u0101k\u0161anu, cel\u0161anu un transport\u0113\u0161anu. \u0160o cilindru nodro\u0161in\u0101t\u0101 hidraulisk\u0101 jauda \u013cauj palielin\u0101t produktivit\u0101ti un efektivit\u0101ti lauksaimniec\u012bbas darbos, padarot tos par neaizst\u0101jamiem instrumentiem lauksaimniekiem un lauksaimniec\u012bbas darbiniekiem.<\/p>\n<h3>Ekskavatori<\/h3>\n<p>Ekskavatoros kausa cilindri nodro\u0161ina rak\u0161anas darb\u012bbu, \u013caujot kausam efekt\u012bvi iek\u013c\u016bt augsn\u0113. \u0160\u012b hidraulisk\u0101 kust\u012bba ir b\u016btiska da\u017e\u0101diem rak\u0161anas procesiem b\u016bvlaukumos, nodro\u0161inot, ka ekskavators darbojas optim\u0101li sare\u017e\u0123\u012btos grunts apst\u0101k\u013cos.<\/p>\n<h3>Iekr\u0101v\u0113ji<\/h3>\n<p>Front\u0101lajos iekr\u0101v\u0113jos str\u0113les cilindri pal\u012bdz efekt\u012bvi pacelt un izg\u0101zt kravas. Hidraulisk\u0101 darb\u012bba \u013cauj operatoriem efekt\u012bvi p\u0101rvald\u012bt smagas kravas, uzlabojot iekr\u0101v\u0113ja visp\u0101r\u0113j\u0101s ekspluat\u0101cijas iesp\u0113jas.<\/p>\n<h2>Dizaina apsv\u0113rumi<\/h2>\n<h3>Kravnes\u012bba<\/h3>\n<p>Projekt\u0113jot str\u0113les cilindrus, kravnes\u012bba ir kritisks faktors. Cilindram j\u0101sp\u0113j iztur\u0113t maksim\u0101lo svaru, ar ko tas saskarsies ekspluat\u0101cijas laik\u0101. Tas nodro\u0161ina dro\u0161\u012bbu un nov\u0113r\u0161 meh\u0101niskus boj\u0101jumus lieto\u0161anas laik\u0101.<\/p>\n<h3>Bl\u012bv\u0113\u0161ana<\/h3>\n<p>Efekt\u012bva bl\u012bv\u0113\u0161ana ir b\u016btiska hidraulisk\u0101 spiediena uztur\u0113\u0161anai un nopl\u016b\u017eu nov\u0113r\u0161anai. Augstas kvalit\u0101tes bl\u012bv\u0113jumi ir izstr\u0101d\u0101ti, lai iztur\u0113tu ekstrem\u0101lus apst\u0101k\u013cus, nodro\u0161inot uzticamu veiktsp\u0113ju un samazinot d\u012bkst\u0101ves laiku apkopes d\u0113\u013c.<\/p>\n<h3>Iztur\u012bba<\/h3>\n<p>Iztur\u012bg\u0101 konstrukcija \u013cauj cilindram iztur\u0113t skarbus vides faktorus, piem\u0113ram, ekstrem\u0101las temperat\u016bras un \u0137\u012bmisku vielu iedarb\u012bbu. Materi\u0101lu un izgatavo\u0161anas meto\u017eu izv\u0113le b\u016btiski ietekm\u0113 ilgm\u016b\u017e\u012bbu un veiktsp\u0113ju.<\/p>\n<h3>Dro\u0161\u012bba<\/h3>\n<p>Dro\u0161\u012bba ir \u0101rk\u0101rt\u012bgi svar\u012bga hidraulisko cilindru konstrukcij\u0101. Dro\u0161\u012bbas funkciju, piem\u0113ram, spiediena samazin\u0101\u0161anas v\u0101rstu, iek\u013cau\u0161ana var pal\u012bdz\u0113t nov\u0113rst katastrof\u0101las k\u013c\u016bmes. Turkl\u0101t regul\u0101ras apkopes p\u0101rbaudes ir \u013coti svar\u012bgas, lai nodro\u0161in\u0101tu, ka cilindrs ir dro\u0161\u0101 darba st\u0101vokl\u012b.<\/p>\n<h3>Uzturam\u012bba<\/h3>\n<p>Apkopes vienk\u0101r\u0161\u012bba ir galvenais projekt\u0113\u0161anas apsv\u0113rums. Komponentiem j\u0101b\u016bt pieejamiem p\u0101rbaudes un apkopes uzdevumiem, nodro\u0161inot \u0101tru remontu un pagarinot hidraulisk\u0101 cilindra kalpo\u0161anas laiku.<\/p>\n<p><img decoding=\"async\" src=\"https:\/\/www.hydraulic-cylinders.net\/wp-content\/uploads\/2025\/04\/songte-oil-pipes-and-spare-parts.webp\" alt=\"Hidraulisko deta\u013cu att\u0113ls\"><\/p>\n<h2>Bl\u012bv\u0113\u0161ana un e\u013c\u013co\u0161ana<\/h2>\n<p>Str\u0113les cilindra veiktsp\u0113ja liel\u0101 m\u0113r\u0101 ir atkar\u012bga no efekt\u012bva bl\u012bv\u0113juma un e\u013c\u013co\u0161anas. Lai uztur\u0113tu hidraulisko spiedienu un nov\u0113rstu nopl\u016bdes, tiek izmantoti da\u017e\u0101di bl\u012bv\u0113\u0161anas komponenti, piem\u0113ram, virzu\u013ca bl\u012bv\u0113jumi un stie\u0146a bl\u012bv\u0113jumi. Iztur\u012bgu materi\u0101lu, piem\u0113ram, poliuret\u0101na un nitrila gumijas, izv\u0113le uzlabo nodilumiztur\u012bbu un ilgm\u016b\u017e\u012bbu. Cilindra korpuss un v\u012bt\u0146ot\u0101s gala virsmas tiek prec\u012bzi apstr\u0101d\u0101tas, lai uzlabotu nodilumiztur\u012bbu un nodro\u0161in\u0101tu pareizu bl\u012bv\u0113jumu. Regul\u0101ra e\u013c\u013co\u0161ana ar hidraulisko e\u013c\u013cu ir b\u016btiska, lai samazin\u0101tu berzi un nodilumu, nodro\u0161inot vienm\u0113r\u012bgu darb\u012bbu un pagarinot cilindra kalpo\u0161anas laiku.<\/p>\n<h2>Regul\u0101ri apkopes pas\u0101kumi<\/h2>\n<ul>\n<li><strong>Regul\u0101ras p\u0101rbaudes:<\/strong> Veiciet regul\u0101ras p\u0101rbaudes, lai laikus identific\u0113tu iesp\u0113jam\u0101s probl\u0113mas un p\u0101rliecin\u0101tos, ka visas sast\u0101vda\u013cas darbojas pareizi.<\/li>\n<li><strong>Pareiza e\u013c\u013co\u0161ana:<\/strong> Nodro\u0161iniet kust\u012bgo da\u013cu atbilsto\u0161u e\u013c\u013co\u0161anu, lai samazin\u0101tu nodilumu un uztur\u0113tu efektivit\u0101ti. Regul\u0101ri p\u0101rbaudiet un uzpildiet hidraulisko e\u013c\u013cu l\u012bdz ieteicamajam l\u012bmenim.<\/li>\n<li><strong>Bl\u012bv\u0113juma nomai\u0146a:<\/strong> Uzraugiet bl\u012bves, vai nav nodiluma paz\u012bmju, un nomainiet t\u0101s p\u0113c nepiecie\u0161am\u012bbas, lai nov\u0113rstu nopl\u016bdes un saglab\u0101tu hidraulisko efektivit\u0101ti.<\/li>\n<\/ul>\n<h2>Uzst\u0101d\u012b\u0161anas vadl\u012bnijas<\/h2>\n<p>Pareiza str\u0113les cilindru uzst\u0101d\u012b\u0161ana ir \u013coti svar\u012bga optim\u0101lai veiktsp\u0113jai. Vispirms p\u0101rliecinieties, vai visas sast\u0101vda\u013cas ir t\u012bras un bez gru\u017eiem. Prec\u012bzi izl\u012bdziniet cilindru ar mont\u0101\u017eas kron\u0161teiniem, lai izvair\u012btos no p\u0101rm\u0113r\u012bga sprieguma. Izmantojiet atbilsto\u0161us uzst\u0101d\u012b\u0161anas balstus, lai nostiprin\u0101tu cilindru viet\u0101, un iev\u0113rojiet ra\u017eot\u0101ja specifik\u0101cijas attiec\u012bb\u0101 uz skr\u016bvju griezes momenta iestat\u012bjumiem. P\u0113c uzst\u0101d\u012b\u0161anas veiciet virkni darb\u012bbas testu, lai p\u0101rliecin\u0101tos, ka cilindrs darbojas pareizi un nav nopl\u016b\u017eu. Pareiza izl\u012bdzin\u0101\u0161ana un uzst\u0101d\u012b\u0161ana ir b\u016btiska, lai maksim\u0101li palielin\u0101tu str\u0113les cilindra kalpo\u0161anas laiku un efektivit\u0101ti.<\/p>\n<h2>Bie\u017ei sastopamie apkopes uzdevumi<\/h2>\n<ul>\n<li><strong>Regul\u0101ras p\u0101rbaudes:<\/strong> Iepl\u0101nojiet regul\u0101ras p\u0101rbaudes, lai p\u0101rliecin\u0101tos, ka visas sast\u0101vda\u013cas ir darba k\u0101rt\u012bb\u0101. Mekl\u0113jiet jebk\u0101das nodiluma paz\u012bmes, nopl\u016bdes vai boj\u0101jumus, kam var\u0113tu b\u016bt nepiecie\u0161ama uzman\u012bba.<\/li>\n<li><strong>E\u013c\u013co\u0161ana:<\/strong> Regul\u0101ri p\u0101rbaudiet un uzturiet atbilsto\u0161u hidraulisk\u0101s e\u013c\u013cas l\u012bmeni. P\u0113c nepiecie\u0161am\u012bbas iee\u013c\u013cojiet kust\u012bg\u0101s da\u013cas, lai samazin\u0101tu berzi un pagarin\u0101tu cilindra kalpo\u0161anas laiku.<\/li>\n<li><strong>Bl\u012bv\u0113juma nomai\u0146a:<\/strong> Sekojiet l\u012bdzi bl\u012bv\u0113m, vai t\u0101s nav nolietoju\u0161\u0101s. Nekav\u0113joties nomainiet bl\u012bves, lai nov\u0113rstu hidraulisk\u0101 \u0161\u0137idruma zudumu un uztur\u0113tu optim\u0101lu cilindra darb\u012bbu.<\/li>\n<\/ul>\n<h2>Dro\u0161\u012bbas pas\u0101kumi un vides apsv\u0113rumi<\/h2>\n<p>Dro\u0161\u012bbas pas\u0101kumi ir \u013coti svar\u012bgi, lietojot hidrauliskos cilindrus. Operatoriem vienm\u0113r j\u0101iev\u0113ro dro\u0161\u012bbas protokoli, tostarp j\u0101valk\u0101 atbilsto\u0161i individu\u0101lie aizsardz\u012bbas l\u012bdzek\u013ci (IAL) un j\u0101iev\u0113ro ekspluat\u0101cijas vadl\u012bnijas. Regul\u0101ra apm\u0101c\u012bba par dro\u0161u ekspluat\u0101ciju un apkopes praksi var samazin\u0101t riskus un nodro\u0161in\u0101t dro\u0161u darba vidi.<\/p>\n<h2>Probl\u0113mu nov\u0113r\u0161ana un bie\u017ei sastopamas probl\u0113mas<\/h2>\n<ul>\n<li><strong>\u0160\u0137idruma nopl\u016bdes:<\/strong> P\u0101rbaudiet, vai ap bl\u012bv\u0113m un savienojumiem nav \u0161\u0137idruma nopl\u016b\u017eu paz\u012bmju. Nekav\u0113joties nov\u0113rsiet nopl\u016bdes, lai saglab\u0101tu hidraulisko efektivit\u0101ti.<\/li>\n<li><strong>Slikta veiktsp\u0113ja:<\/strong> Ja cilindrs nerea\u0123\u0113, k\u0101 paredz\u0113ts, p\u0101rbaudiet hidraulisk\u0101 \u0161\u0137idruma l\u012bmeni un p\u0101rliecinieties, ka sist\u0113m\u0101 nav aizsprostojumu.<\/li>\n<li><strong>Trok\u0161\u0146aina darb\u012bba:<\/strong> Neparastas ska\u0146as var liecin\u0101t par zemu hidraulisk\u0101 \u0161\u0137idruma l\u012bmeni vai nodilu\u0161\u0101m deta\u013c\u0101m. Veiciet p\u0101rbaudi, lai noteiktu trok\u0161\u0146a avotu un to nov\u0113rstu.<\/li>\n<\/ul>\n<h2>Probl\u0113mu nov\u0113r\u0161anas padomi<\/h2>\n<p>Lai efekt\u012bvi diagnostic\u0113tu un nov\u0113rstu probl\u0113mas ar str\u0113les cilindru, regul\u0101ri p\u0101rbaudiet hidraulisk\u0101 \u0161\u0137idruma l\u012bmeni un p\u0101rbaudiet, vai nav nopl\u016b\u017eu vai bl\u012bv\u0113jumu boj\u0101jumu. Ieviesiet prevent\u012bv\u0101s apkopes praksi, lai samazin\u0101tu iesp\u0113jam\u0101s probl\u0113mas, piem\u0113ram, regul\u0101ru e\u013c\u013co\u0161anu un bl\u012bv\u0113jumu nomai\u0146u, kas var iev\u0113rojami uzlabot hidraulisk\u0101s sist\u0113mas uzticam\u012bbu un ilgm\u016b\u017e\u012bbu.<\/p>\n<p><img decoding=\"async\" src=\"https:\/\/www.hydraulic-cylinders.net\/wp-content\/uploads\/2025\/04\/songte-bushings-with-all-kinds-of-excavator-models.webp\" alt=\"Bukses att\u0113ls\"><\/p>\n<h2>Par mums<\/h2>\n<p>M\u0113s esam vado\u0161ais hidraulisko cilindru ra\u017eot\u0101js un vairumtirgot\u0101js, kas specializ\u0113jas augstas kvalit\u0101tes rezerves cilindru ra\u017eo\u0161an\u0101. M\u016bsu pla\u0161ais produktu kl\u0101sts ir nostiprin\u0101jis m\u016bsu k\u0101 iev\u0113rojama sp\u0113l\u0113t\u0101ja poz\u012bciju gan viet\u0113j\u0101, gan starptautiskaj\u0101 tirg\u016b. M\u0113s iev\u0113rojam izcil\u012bbu kvalit\u0101t\u0113 un izmantojam izsmalcin\u0101tas ra\u017eo\u0161anas vad\u012bbas strat\u0113\u0123ijas. Izmantojot tehniskos talantus, modernu digit\u0101lo ra\u017eo\u0161anas apr\u012bkojumu un profesion\u0101las test\u0113\u0161anas sist\u0113mas, m\u0113s nep\u0101rtraukti uzlabojam savas ra\u017eo\u0161anas iesp\u0113jas. M\u016bsu uzman\u012bbas centr\u0101 ir efekt\u012bva, prec\u012bza un augstas kvalit\u0101tes ra\u017eo\u0161ana, kas atbilst m\u016bsu klientu da\u017e\u0101daj\u0101m vajadz\u012bb\u0101m.<\/p>\n<p><img decoding=\"async\" src=\"https:\/\/www.hydraulic-cylinders.net\/wp-content\/uploads\/2025\/04\/songte-company-4.webp\" alt=\"Uz\u0146\u0113muma att\u0113ls 1\"><br \/>\n<img decoding=\"async\" src=\"https:\/\/www.hydraulic-cylinders.net\/wp-content\/uploads\/2025\/04\/songte-company-3.webp\" alt=\"Uz\u0146\u0113muma att\u0113ls 2\"><\/p>\n<p>Autors: lil<\/p>","protected":false},"excerpt":{"rendered":"<p>Boom Cylinder For Sumitomo Middle Excavator LS430FJ2 Product Overview The Boom Cylinder for Sumitomo Middle Excavator LS430FJ2 is an essential hydraulic component that plays a significant role in the operation of various heavy machinery. Specifically designed for excavators, this hydraulic cylinder is responsible for controlling the movement of the boom, which is critical for excavation [&hellip;]<\/p>","protected":false},"featured_media":17868,"comment_status":"open","ping_status":"closed","template":"","meta":{"_et_pb_use_builder":"","_et_pb_old_content":"","_et_gb_content_width":""},"product_brand":[],"product_cat":[1546],"product_tag":[1547,1496],"class_list":{"0":"post-18896","1":"product","2":"type-product","3":"status-publish","4":"has-post-thumbnail","6":"product_cat-boom-cylinders","7":"product_tag-boom-cylinders","8":"product_tag-hydraulic-cylinders","10":"first","11":"instock","12":"shipping-taxable","13":"product-type-simple"},"amp_enabled":true,"_links":{"self":[{"href":"https:\/\/www.hydraulic-cylinders.net\/lv\/wp-json\/wp\/v2\/product\/18896","targetHints":{"allow":["GET"]}}],"collection":[{"href":"https:\/\/www.hydraulic-cylinders.net\/lv\/wp-json\/wp\/v2\/product"}],"about":[{"href":"https:\/\/www.hydraulic-cylinders.net\/lv\/wp-json\/wp\/v2\/types\/product"}],"replies":[{"embeddable":true,"href":"https:\/\/www.hydraulic-cylinders.net\/lv\/wp-json\/wp\/v2\/comments?post=18896"}],"wp:featuredmedia":[{"embeddable":true,"href":"https:\/\/www.hydraulic-cylinders.net\/lv\/wp-json\/wp\/v2\/media\/17868"}],"wp:attachment":[{"href":"https:\/\/www.hydraulic-cylinders.net\/lv\/wp-json\/wp\/v2\/media?parent=18896"}],"wp:term":[{"taxonomy":"product_brand","embeddable":true,"href":"https:\/\/www.hydraulic-cylinders.net\/lv\/wp-json\/wp\/v2\/product_brand?post=18896"},{"taxonomy":"product_cat","embeddable":true,"href":"https:\/\/www.hydraulic-cylinders.net\/lv\/wp-json\/wp\/v2\/product_cat?post=18896"},{"taxonomy":"product_tag","embeddable":true,"href":"https:\/\/www.hydraulic-cylinders.net\/lv\/wp-json\/wp\/v2\/product_tag?post=18896"}],"curies":[{"name":"wp","href":"https:\/\/api.w.org\/{rel}","templated":true}]}}