{"id":1890,"date":"2023-10-19T03:22:23","date_gmt":"2023-10-19T03:22:23","guid":{"rendered":"https:\/\/hydraulic-cylinders.net\/?post_type=product&#038;p=1890"},"modified":"2025-04-11T02:52:03","modified_gmt":"2025-04-11T02:52:03","slug":"shield-machine-crusher-cylinder","status":"publish","type":"product","link":"https:\/\/www.hydraulic-cylinders.net\/lv\/products\/shield-machine-crusher-cylinder\/","title":{"rendered":"Vairoga ma\u0161\u012bnas drupin\u0101t\u0101ja cilindrs"},"content":{"rendered":"<h1 style=\"text-align: center;\"><strong>Vairoga ma\u0161\u012bnas drupin\u0101t\u0101ja cilindrs<\/strong><\/h1>\n<p><img loading=\"lazy\" decoding=\"async\" class=\"aligncenter wp-image-1891\" src=\"https:\/\/hydraulic-cylinders.net\/wp-content\/uploads\/2023\/10\/crusher-cylinder-1-300x300.webp\" alt=\"\" width=\"400\" height=\"400\" \/><\/p>\n<p>Vairogma\u0161\u012bnas drupin\u0101t\u0101ja cilindrs ir moderna hidrauliska sast\u0101vda\u013ca, kas paredz\u0113ta, lai uzlabotu vairogma\u0161\u012bnu drupin\u0101\u0161anas efektivit\u0101ti un produktivit\u0101ti tune\u013cu rak\u0161anas darbos. \u0160im specializ\u0113tajam cilindram ir b\u016btiska loma ie\u017eu un augsnes sadrumstalo\u0161an\u0101 un drupin\u0101\u0161an\u0101, nodro\u0161inot vienm\u0113r\u012bgu rak\u0161anu un \u0101tru progresu. \u0160aj\u0101 visaptvero\u0161aj\u0101 rakst\u0101 tiks detaliz\u0113ti apl\u016bkotas vairogma\u0161\u012bnas drupin\u0101t\u0101ja cilindra galven\u0101s \u012bpa\u0161\u012bbas, lieto\u0161anas metodes un apkopes vadl\u012bnijas.<\/p>\n<p>Vairoga ma\u0161\u012bnas drupin\u0101t\u0101ja cilindrs ir moderna hidrauliska sast\u0101vda\u013ca, kas uzlabo vairoga ma\u0161\u012bnu drupin\u0101\u0161anas efektivit\u0101ti un produktivit\u0101ti tune\u013cu rak\u0161anas darbos. Ar sav\u0101m jaud\u012bgaj\u0101m drupin\u0101\u0161anas iesp\u0113j\u0101m, optimiz\u0113to veiktsp\u0113ju, \u0101tro uzst\u0101d\u012b\u0161anu un iztur\u012bgo konstrukciju \u0161is cilindrs nodro\u0161ina efekt\u012bvu sadrumstalot\u012bbu un \u0101tru progresu tune\u013cu rak\u0161anas projektos. Iev\u0113rojot ieteicam\u0101s lieto\u0161anas metodes un regul\u0101ras apkopes praksi, vairoga ma\u0161\u012bnas drupin\u0101t\u0101ja cilindrs turpin\u0101s nodro\u0161in\u0101t izcilu veiktsp\u0113ju, uzlabojot efektivit\u0101ti un produktivit\u0101ti tune\u013cu rak\u0161anas darbos. Paaugstiniet savu tune\u013cu rak\u0161anas projektu l\u012bmeni ar vairoga ma\u0161\u012bnas drupin\u0101t\u0101ja cilindra drupin\u0101\u0161anas jaudu un uzticam\u012bbu.<\/p>\n<p>Vairoga ma\u0161\u012bnas drupin\u0101t\u0101ja cilindra galven\u0101s \u012bpa\u0161\u012bbas:<\/p>\n<ul>\n<li>Saspie\u0161anas jauda: Vairogma\u0161\u012bnas drupin\u0101t\u0101ja cilindrs nodro\u0161ina iev\u0113rojamu drupin\u0101\u0161anas jaudu, lai sadal\u012btu ie\u017eus un augsni tune\u013ca rak\u0161anas laik\u0101. T\u0101 iztur\u012bg\u0101 konstrukcija un augstspiediena iesp\u0113jas nodro\u0161ina efekt\u012bvu sasmalcin\u0101\u0161anu, samazinot izrakt\u0101 materi\u0101la izm\u0113ru un atvieglojot t\u0101 iz\u0146em\u0161anu.<\/li>\n<li>Optimiz\u0113ta veiktsp\u0113ja: Apr\u012bkots ar modern\u0101m hidraulisk\u0101m sist\u0113m\u0101m, \u0161is cilindrs nodro\u0161ina prec\u012bzu drupin\u0101\u0161anas procesa kontroli. Operatori var piel\u0101got drupin\u0101t\u0101ja cilindra pielikto sp\u0113ku un \u0101trumu, optimiz\u0113jot veiktsp\u0113ju atbilsto\u0161i da\u017e\u0101diem \u0123eolo\u0123iskajiem apst\u0101k\u013ciem un sasniedzot v\u0113lamos drupin\u0101\u0161anas rezult\u0101tus.<\/li>\n<li>\u0100tra uzst\u0101d\u012b\u0161ana: Vairoga ma\u0161\u012bnas drupin\u0101t\u0101ja cilindrs ir paredz\u0113ts vienk\u0101r\u0161ai uzst\u0101d\u012b\u0161anai un integr\u0101cijai eso\u0161aj\u0101s vairoga ma\u0161\u012bn\u0101s. T\u0101 kompaktais izm\u0113rs nodro\u0161ina neman\u0101mu integr\u0101ciju, vienlaikus saglab\u0101jot iek\u0101rtas visp\u0101r\u0113jo l\u012bdzsvaru un manevr\u0113tsp\u0113ju, samazinot d\u012bkst\u0101ves laiku uzst\u0101d\u012b\u0161anas laik\u0101.<\/li>\n<li>Iztur\u012bba un uzticam\u012bba: Izgatavots no augstas iztur\u012bbas materi\u0101liem, vairogma\u0161\u012bnas drupin\u0101t\u0101ja cilindrs ir paredz\u0113ts, lai iztur\u0113tu tune\u013cu rak\u0161anas sare\u017e\u0123\u012btos apst\u0101k\u013cus. T\u0101 robust\u0101 konstrukcija nodro\u0161ina iztur\u012bbu, ilgm\u016b\u017e\u012bbu un nemain\u012bgu veiktsp\u0113ju pat skarbos apst\u0101k\u013cos.<\/li>\n<\/ul>\n<h2><strong>Vairoga ma\u0161\u012bnas drupin\u0101t\u0101ja cilindra parametrs:<\/strong><\/h2>\n<table border=\"1\" cellspacing=\"0\" cellpadding=\"0\">\n<tbody>\n<tr>\n<td>Produkta nosaukums<\/td>\n<td>Vairoga ma\u0161\u012bnas drupin\u0101t\u0101ja cilindrs<\/td>\n<\/tr>\n<tr>\n<td>Funkcijas:<\/td>\n<td>Nostipriniet drupin\u0101\u0161anas knaibles, lai nodro\u0161in\u0101tu, ka lieli grants gabali tiek sasmalcin\u0101ti, pirms tie non\u0101k izpl\u016bdes atver\u0113<\/td>\n<\/tr>\n<tr>\n<td>\n<div class=\"txtboxL\">Specifik\u0101cija:<\/div>\n<\/td>\n<td>Da\u017e\u0101das drupin\u0101t\u0101ju cilindru specifik\u0101cijas var tikt projekt\u0113tas un ra\u017eotas atbilsto\u0161i klienta pras\u012bb\u0101m<\/td>\n<\/tr>\n<tr>\n<td>Lietojumi:<\/td>\n<td>Vairoga ma\u0161\u012bna, tune\u013cu urb\u0161anas iek\u0101rtas<\/td>\n<\/tr>\n<\/tbody>\n<\/table>\n<h2><strong>Vairoga ma\u0161\u012bnas drupin\u0101t\u0101ja cilindra pielietojums:<\/strong><\/h2>\n<p><img loading=\"lazy\" decoding=\"async\" class=\"alignnone wp-image-1875 size-full\" src=\"https:\/\/hydraulic-cylinders.net\/wp-content\/uploads\/2023\/10\/harsh-corrosive-cylinder-1.webp\" alt=\"\" width=\"1418\" height=\"946\" srcset=\"https:\/\/hydraulic-cylinders.net\/wp-content\/uploads\/2023\/10\/harsh-corrosive-cylinder-1.webp 1418w, https:\/\/hydraulic-cylinders.net\/wp-content\/uploads\/2023\/10\/harsh-corrosive-cylinder-1-1280x854.webp 1280w, https:\/\/hydraulic-cylinders.net\/wp-content\/uploads\/2023\/10\/harsh-corrosive-cylinder-1-980x654.webp 980w, https:\/\/hydraulic-cylinders.net\/wp-content\/uploads\/2023\/10\/harsh-corrosive-cylinder-1-480x320.webp 480w\" sizes=\"(min-width: 0px) and (max-width: 480px) 480px, (min-width: 481px) and (max-width: 980px) 980px, (min-width: 981px) and (max-width: 1280px) 1280px, (min-width: 1281px) 1418px, 100vw\" \/><\/p>\n<h2><strong>Vairoga ma\u0161\u012bnas drupin\u0101t\u0101ja cilindra lieto\u0161anas metode<\/strong><strong>:<\/strong><\/h2>\n<ol>\n<li><strong>Cilindra uzst\u0101d\u012b\u0161ana:<\/strong>\u00a0 Uzst\u0101diet vairoga ma\u0161\u012bnas drupin\u0101t\u0101ja cilindru saska\u0146\u0101 ar ra\u017eot\u0101ja nor\u0101d\u012bjumiem. Nodro\u0161iniet pareizu izl\u012bdzin\u0101\u0161anu un dro\u0161u stiprin\u0101jumu pie vairoga ma\u0161\u012bnas konstrukcijas, izmantojot atbilsto\u0161us mont\u0101\u017eas kron\u0161teinus vai piederumus.<\/li>\n<li><strong>Hidraulisk\u0101s sist\u0113mas integr\u0101cija:<\/strong> Pievienojiet cilindru vairoga ma\u0161\u012bnas hidrauliskajai sist\u0113mai, izmantojot sader\u012bgas \u0161\u013c\u016btenes un veidgabalus. P\u0101rliecinieties, vai visi savienojumi ir dro\u0161i, bez nopl\u016bd\u0113m un pietiekami pievilkti, lai uztur\u0113tu optim\u0101lu hidraulisko veiktsp\u0113ju.<\/li>\n<li><strong>Darb\u012bbas kontrole:<\/strong> Iepaz\u012bstieties ar Shield Machine drupin\u0101t\u0101ja cilindra vad\u012bbas ier\u012bc\u0113m. Izprotiet, k\u0101 regul\u0113t cilindra pielikto sp\u0113ku un \u0101trumu, un praktiz\u0113jiet noteikumu izmanto\u0161anu, lai sasniegtu prec\u012bzus un atsauc\u012bgus drupin\u0101\u0161anas rezult\u0101tus.<\/li>\n<li><strong>Saspie\u0161anas process:<\/strong> Tune\u013cu rak\u0161anas laik\u0101 uzraudz\u012bt \u0123eolo\u0123iskos apst\u0101k\u013cus un attiec\u012bgi piel\u0101got drupin\u0101t\u0101ja cilindra sp\u0113ka un \u0101truma iestat\u012bjumus. Optimiz\u0113t drupin\u0101\u0161anas procesu, lai nodro\u0161in\u0101tu efekt\u012bvu sadrumstalot\u012bbu un atvieglotu izrakt\u0101 materi\u0101la iz\u0146em\u0161anu.<\/li>\n<\/ol>\n<h2><strong>K\u0101 atgaisot divvirzienu hidraulisko cilindru?<\/strong><\/h2>\n<p>Divvirzienu hidraulisk\u0101 cilindra atgaiso\u0161ana ir process, kas ietver gaisa izvad\u012b\u0161anu no sist\u0113mas, lai nodro\u0161in\u0101tu pareizu darb\u012bbu un nov\u0113rstu t\u0101das probl\u0113mas k\u0101 porain\u012bba vai samazin\u0101ta veiktsp\u0113ja. Divvirzienu hidrauliskais cilindrs ir divk\u0101r\u0161as darb\u012bbas cilindrs, kas izmanto hidraulisko spiedienu, lai izstieptu un ievilktu virzuli. \u0160eit ir sniegta detaliz\u0113ta instrukcija par divvirzienu hidraulisk\u0101 cilindra atgaiso\u0161anu:<\/p>\n<ol>\n<li><strong>Sagatavo\u0161ana:<\/strong>\n<ul>\n<li>P\u0101rliecinieties, vai hidraulisk\u0101 sist\u0113ma ir izsl\u0113gta un spiediens ir izlaists.<\/li>\n<li>Uzvelciet individu\u0101los aizsardz\u012bbas l\u012bdzek\u013cus, tostarp cimdus un aizsargbrilles, lai pasarg\u0101tu sevi no hidraulisk\u0101 \u0161\u0137idruma.<\/li>\n<\/ul>\n<\/li>\n<li><strong>Identific\u0113jiet iztuk\u0161o\u0161anas v\u0101rstu:<\/strong>\n<ul>\n<li>Atrodiet hidraulisk\u0101 cilindra atgaiso\u0161anas v\u0101rstu. Tas parasti ir neliels savienojums ar putek\u013cu v\u0101ci\u0146u. Atgaiso\u0161anas v\u0101rsts \u013cauj izpl\u016bst cilindr\u0101 iesprostotam gaisam.<\/li>\n<\/ul>\n<\/li>\n<li><strong>Izstiepiet cilindru:<\/strong>\n<ul>\n<li>Aktiviz\u0113jiet hidraulisko s\u016bkni vai v\u0101rstu, kontrol\u0113jot cilindra virzu\u013ca piln\u012bgu izvirz\u012b\u0161anu. \u0160\u012b kust\u012bba pal\u012bdz gaisa burbu\u013ciem pacelties cilindra aug\u0161pus\u0113.<\/li>\n<\/ul>\n<\/li>\n<li><strong>No\u0146emiet putek\u013cu v\u0101ci\u0146u:<\/strong>\n<ul>\n<li>No\u0146emiet putek\u013cu v\u0101ci\u0146u no izp\u016bt\u0113ja v\u0101rsta. Nolieciet to dro\u0161\u0101 viet\u0101.<\/li>\n<\/ul>\n<\/li>\n<li><strong>Atveriet iztuk\u0161o\u0161anas v\u0101rstu:<\/strong>\n<ul>\n<li>Izmantojot atbilsto\u0161u uzgrie\u017e\u0146u atsl\u0113gu vai instrumentu, pagrieziet izp\u016bt\u0113ja v\u0101rstu pret\u0113ji pulkste\u0146r\u0101d\u012bt\u0101ja virzienam, lai to atv\u0113rtu. Tas \u013cauj gaisam un iesprostotam \u0161\u0137idrumam izpl\u016bst no cilindra.<\/li>\n<\/ul>\n<\/li>\n<li><strong>Ievelciet cilindru:<\/strong>\n<ul>\n<li>Atlaidiet hidraulisko spiedienu un \u013caujiet cilindram piln\u012bb\u0101 ievilkties. Tas var ietvert vad\u012bbas v\u0101rsta aktiviz\u0113\u0161anu vai jebk\u0101da \u0101r\u0113ja sp\u0113ka atbr\u012bvo\u0161anu, kas tur\u0113ja cilindru izstieptu.<\/li>\n<\/ul>\n<\/li>\n<li><strong>Nov\u0113rot \u0161\u0137idruma pl\u016bsmu:<\/strong>\n<ul>\n<li>V\u0113rojiet \u0161\u0137idruma pl\u016bsmu no izp\u016bt\u0113ja v\u0101rsta. S\u0101kum\u0101 kop\u0101 ar \u0161\u0137idrumu var paman\u012bt gaisa burbu\u013cus. \u013baujiet \u0161\u0137idrumam pl\u016bst, l\u012bdz burbu\u013cu vairs nav, kas nor\u0101da, ka gaiss no cilindra ir izvad\u012bts.<\/li>\n<\/ul>\n<\/li>\n<li><strong>Aizveriet iztuk\u0161o\u0161anas v\u0101rstu:<\/strong>\n<ul>\n<li>Kad esat izvad\u012bjis visus gaisa burbu\u013cus, aizveriet izp\u016bt\u0113ja v\u0101rstu, pagrie\u017eot to pulkste\u0146r\u0101d\u012bt\u0101ja virzien\u0101. P\u0101rliecinieties, ka tas ir cie\u0161i aizv\u0113rts, lai nov\u0113rstu \u0161\u0137idruma nopl\u016bdi.<\/li>\n<\/ul>\n<\/li>\n<li><strong>Cilindra pagarin\u0101\u0161ana un ievilk\u0161ana:<\/strong>\n<ul>\n<li>Atk\u0101rtojiet 3.\u20138. darb\u012bbu, izstiepjot un p\u0113c tam atkal ievelkot cilindru, lai p\u0101rliecin\u0101tos, ka no sist\u0113mas ir izvad\u012bts viss atliku\u0161ais gaiss. \u0160\u012b darb\u012bba pal\u012bdz nodro\u0161in\u0101t hidraulisk\u0101 cilindra r\u016bp\u012bgu atgaiso\u0161anu.<\/li>\n<\/ul>\n<\/li>\n<li><strong>P\u0101rbaudiet \u0161\u0137idruma l\u012bmeni:<\/strong>\n<ul>\n<li>P\u0113c cilindra atgaiso\u0161anas p\u0101rbaudiet hidraulisk\u0101 \u0161\u0137idruma l\u012bmeni sist\u0113mas rezervu\u0101r\u0101. Ja nepiecie\u0161ams, pievienojiet \u0161\u0137idrumu, lai uztur\u0113tu ieteicamo l\u012bmeni.<\/li>\n<\/ul>\n<\/li>\n<\/ol>\n<h2><strong>R\u016bpn\u012bcas iesp\u0113jas un jauda:<\/strong><\/h2>\n<h3>(1) Mont\u0101\u017ea<\/h3>\n<p>Mums ir pirmklas\u012bga neatkar\u012bga p\u0113tniec\u012bbas un att\u012bst\u012bbas mont\u0101\u017eas platforma. Hidraulisko cilindru ra\u017eo\u0161anas darbn\u012bc\u0101 ir \u010detras pusautom\u0101tiskas pacel\u0161anas cilindru mont\u0101\u017eas l\u012bnijas un viena autom\u0101tisk\u0101 sl\u012bpuma cilindru mont\u0101\u017eas l\u012bnija ar projekt\u0113to gada ra\u017eo\u0161anas jaudu 1 miljons vien\u012bbu. Speci\u0101lo cilindru darbn\u012bca ir apr\u012bkota ar da\u017e\u0101du specifik\u0101ciju pusautom\u0101tisku t\u012br\u012b\u0161anas mont\u0101\u017eas sist\u0113mu ar projekt\u0113to gada ra\u017eo\u0161anas jaudu 200 000 vien\u012bbu un apr\u012bkota ar slaven\u0101m CNC apstr\u0101des iek\u0101rt\u0101m, apstr\u0101des centru, augstas precizit\u0101tes cilindru apstr\u0101des speci\u0101lo apr\u012bkojumu, robotiz\u0113tu metin\u0101\u0161anas iek\u0101rtu, autom\u0101tisku t\u012br\u012b\u0161anas iek\u0101rtu, autom\u0101tisku cilindru mont\u0101\u017eas iek\u0101rtu un autom\u0101tisku kr\u0101so\u0161anas ra\u017eo\u0161anas l\u012bniju. Eso\u0161ais kritiskais apr\u012bkojums ir vair\u0101k nek\u0101 300 komplektu (komplektu). Optim\u0101la iek\u0101rtu resursu sadale un efekt\u012bva izmanto\u0161ana nodro\u0161ina produktu precizit\u0101tes pras\u012bbas un apmierina produktu augst\u0101s kvalit\u0101tes pras\u012bbas.<\/p>\n<p><img loading=\"lazy\" decoding=\"async\" class=\"alignnone wp-image-626\" src=\"https:\/\/hydraulic-cylinders.net\/wp-content\/uploads\/2023\/08\/hydraulic-cylinder-product-1-300x158.webp\" alt=\"\" width=\"495\" height=\"260\" srcset=\"https:\/\/hydraulic-cylinders.net\/wp-content\/uploads\/2023\/08\/hydraulic-cylinder-product-1-300x158.webp 495w, https:\/\/hydraulic-cylinders.net\/wp-content\/uploads\/2023\/08\/hydraulic-cylinder-product-1-480x252.webp 480w\" sizes=\"(min-width: 0px) and (max-width: 480px) 480px, (min-width: 481px) 495px, 100vw\" \/> <img loading=\"lazy\" decoding=\"async\" class=\"alignnone wp-image-627\" src=\"https:\/\/hydraulic-cylinders.net\/wp-content\/uploads\/2023\/08\/hydraulic-cylinder-product-2-300x189.webp\" alt=\"\" width=\"413\" height=\"260\" \/><\/p>\n<h3>(2) Apstr\u0101de<\/h3>\n<p>Apstr\u0101des cehs ir apr\u012bkots ar piel\u0101gotu sl\u012bpo slie\u017eu virpo\u0161anas centru, apstr\u0101des centru, \u0101trgaitas asin\u0101\u0161anas ma\u0161\u012bnu, metin\u0101\u0161anas robotu un citu saist\u012btu apr\u012bkojumu, kas var apstr\u0101d\u0101t cilindriskas caurules ar maksim\u0101lo iek\u0161\u0113jo diametru 400 mm un maksim\u0101lo garumu 6 metri.<\/p>\n<p><img loading=\"lazy\" decoding=\"async\" class=\"alignnone wp-image-628 size-large\" src=\"https:\/\/hydraulic-cylinders.net\/wp-content\/uploads\/2023\/08\/hydraulic-cylinder-product-3-1024x391.webp\" alt=\"\" width=\"1024\" height=\"391\" srcset=\"https:\/\/hydraulic-cylinders.net\/wp-content\/uploads\/2023\/08\/hydraulic-cylinder-product-3-980x374.webp 980w, https:\/\/hydraulic-cylinders.net\/wp-content\/uploads\/2023\/08\/hydraulic-cylinder-product-3-480x183.webp 480w\" sizes=\"(min-width: 0px) and (max-width: 480px) 480px, (min-width: 481px) and (max-width: 980px) 980px, (min-width: 981px) 1024px, 100vw\" \/><\/p>\n<h3>(3) Metin\u0101\u0161ana<\/h3>\n<p><img loading=\"lazy\" decoding=\"async\" class=\"alignnone wp-image-629 size-large\" src=\"https:\/\/hydraulic-cylinders.net\/wp-content\/uploads\/2023\/08\/hydraulic-cylinder-product-4-1024x510.webp\" alt=\"\" width=\"1024\" height=\"510\" srcset=\"https:\/\/hydraulic-cylinders.net\/wp-content\/uploads\/2023\/08\/hydraulic-cylinder-product-4-980x488.webp 980w, https:\/\/hydraulic-cylinders.net\/wp-content\/uploads\/2023\/08\/hydraulic-cylinder-product-4-480x239.webp 480w\" sizes=\"(min-width: 0px) and (max-width: 480px) 480px, (min-width: 481px) and (max-width: 980px) 980px, (min-width: 981px) 1024px, 100vw\" \/><\/p>\n<h3>(4) Kr\u0101so\u0161ana un p\u0101rkl\u0101\u0161ana<\/h3>\n<p>Ar maz\u0101m un vid\u0113ja izm\u0113ra cilindrisk\u0101m autom\u0101tisk\u0101m \u016bdens b\u0101zes kr\u0101su p\u0101rkl\u0101\u0161anas l\u012bnij\u0101m, lai pan\u0101ktu autom\u0101tisku robotu iekrau\u0161anu un izkrau\u0161anu un autom\u0101tisku izsmidzin\u0101\u0161anu, projekt\u0113t\u0101 jauda ir 4000 gabali mai\u0146\u0101;<br \/>\nMums ir ar\u012b pusautom\u0101tiska kr\u0101su ra\u017eo\u0161anas l\u012bnija lieliem baloniem, ko darbina \u0137\u0113des piedzi\u0146a, ar 60 kastu konstrukcijas jaudu vien\u0101 mai\u0146\u0101.<\/p>\n<p><img loading=\"lazy\" decoding=\"async\" class=\"alignnone wp-image-630\" src=\"https:\/\/hydraulic-cylinders.net\/wp-content\/uploads\/2023\/08\/hydraulic-cylinder-product-5-300x213.webp\" alt=\"\" width=\"366\" height=\"260\" \/> <img loading=\"lazy\" decoding=\"async\" class=\"alignnone wp-image-631\" src=\"https:\/\/hydraulic-cylinders.net\/wp-content\/uploads\/2023\/08\/hydraulic-cylinder-product-6-300x225.webp\" alt=\"\" width=\"347\" height=\"260\" \/><\/p>\n<h3>(5) Test\u0113\u0161ana<\/h3>\n<p>Mums ir augst\u0101k\u0101s klases p\u0101rbaudes iek\u0101rtas un test\u0113\u0161anas stendi, lai nodro\u0161in\u0101tu, ka balona veiktsp\u0113ja atbilst pras\u012bb\u0101m.<\/p>\n<p><img loading=\"lazy\" decoding=\"async\" class=\"alignnone wp-image-632\" src=\"https:\/\/hydraulic-cylinders.net\/wp-content\/uploads\/2023\/08\/hydraulic-cylinder-product-8-300x200.webp\" alt=\"\" width=\"389\" height=\"260\" \/><\/p>\n<p>&nbsp;<\/p>\n<p>&nbsp;<\/p>\n<p>M\u0113s esam viens no lab\u0101kajiem hidraulisko cilindru ra\u017eot\u0101jiem. M\u0113s varam pied\u0101v\u0101t visaptvero\u0161us hidrauliskos cilindrus. M\u0113s nodro\u0161in\u0101m ar\u012b atbilsto\u0161us <a href=\"https:\/\/hzpt.com\/agricultural-pto-gearbox\/\" target=\"_blank\" rel=\"noopener\">lauksaimniec\u012bbas p\u0101rnesumk\u0101rbas<\/a>. M\u0113s esam eksport\u0113ju\u0161i savus produktus klientiem vis\u0101 pasaul\u0113 un esam ieguvu\u0161i labu reput\u0101ciju, pateicoties m\u016bsu izcilajai produktu kvalit\u0101tei un p\u0113cp\u0101rdo\u0161anas servisam. M\u0113s aicin\u0101m klientus no valsts un \u0101rvalst\u012bm sazin\u0101ties ar mums, lai risin\u0101tu biznesa sarunas, apmain\u012btos ar inform\u0101ciju un... <a href=\"https:\/\/www.hydraulic-cylinders.net\/lv\/contact-us\/\">sadarboties ar mums<\/a>!<\/p>\n<p>&nbsp;<\/p>","protected":false},"excerpt":{"rendered":"<p>Shield Machine Crusher Cylinder The shield machine crusher cylinder is a cutting-edge hydraulic component designed to enhance shield machines&#8217; crushing efficiency and productivity in tunneling operations. This specialized cylinder plays a vital role in the fragmentation and crushing of rock and soil, enabling smooth excavation and rapid progress. This comprehensive article will delve into the [&hellip;]<\/p>","protected":false},"featured_media":1892,"comment_status":"open","ping_status":"closed","template":"","meta":{"_et_pb_use_builder":"","_et_pb_old_content":"","_et_gb_content_width":""},"product_brand":[],"product_cat":[1519,1549],"product_tag":[1380],"class_list":{"0":"post-1890","1":"product","2":"type-product","3":"status-publish","4":"has-post-thumbnail","6":"product_cat-shield-machine-hydraulic-cylinders","7":"product_cat-single-acting-hydraulic-cylinder","8":"product_tag-hydraulic-cylinder","10":"first","11":"instock","12":"shipping-taxable","13":"product-type-simple"},"amp_enabled":true,"_links":{"self":[{"href":"https:\/\/www.hydraulic-cylinders.net\/lv\/wp-json\/wp\/v2\/product\/1890","targetHints":{"allow":["GET"]}}],"collection":[{"href":"https:\/\/www.hydraulic-cylinders.net\/lv\/wp-json\/wp\/v2\/product"}],"about":[{"href":"https:\/\/www.hydraulic-cylinders.net\/lv\/wp-json\/wp\/v2\/types\/product"}],"replies":[{"embeddable":true,"href":"https:\/\/www.hydraulic-cylinders.net\/lv\/wp-json\/wp\/v2\/comments?post=1890"}],"wp:featuredmedia":[{"embeddable":true,"href":"https:\/\/www.hydraulic-cylinders.net\/lv\/wp-json\/wp\/v2\/media\/1892"}],"wp:attachment":[{"href":"https:\/\/www.hydraulic-cylinders.net\/lv\/wp-json\/wp\/v2\/media?parent=1890"}],"wp:term":[{"taxonomy":"product_brand","embeddable":true,"href":"https:\/\/www.hydraulic-cylinders.net\/lv\/wp-json\/wp\/v2\/product_brand?post=1890"},{"taxonomy":"product_cat","embeddable":true,"href":"https:\/\/www.hydraulic-cylinders.net\/lv\/wp-json\/wp\/v2\/product_cat?post=1890"},{"taxonomy":"product_tag","embeddable":true,"href":"https:\/\/www.hydraulic-cylinders.net\/lv\/wp-json\/wp\/v2\/product_tag?post=1890"}],"curies":[{"name":"wp","href":"https:\/\/api.w.org\/{rel}","templated":true}]}}