{"id":18918,"date":"2025-04-07T06:02:13","date_gmt":"2025-04-07T06:02:13","guid":{"rendered":"https:\/\/www.hydraulic-cylinders.net\/product\/boom-cylinder-for-caterpillar-small-excavator-e70-70b\/"},"modified":"2025-04-07T06:02:16","modified_gmt":"2025-04-07T06:02:16","slug":"boom-cylinder-for-caterpillar-small-excavator-e70-70b","status":"publish","type":"product","link":"https:\/\/www.hydraulic-cylinders.net\/lv\/products\/boom-cylinder-for-caterpillar-small-excavator-e70-70b\/","title":{"rendered":"Str\u0113les cilindrs Caterpillar mazajam ekskavatoram E70\/70B"},"content":{"rendered":"<h1>Str\u0113les cilindrs Caterpillar mazajam ekskavatoram E70\/70B<\/h1>\n<h2>Ievads str\u0113les cilindros<\/h2>\n<p>Str\u0113les cilindrs ir specializ\u0113ts hidrauliskais cilindrs, ko izmanto da\u017e\u0101d\u0101s smagaj\u0101s ma\u0161\u012bn\u0101s, lai kontrol\u0113tu kausa kust\u012bbu, tostarp ekskavatoros, ekskavatoros-iekr\u0101v\u0113jos un front\u0101lajos iekr\u0101v\u0113jos. \u0160\u012b hidraulisk\u0101 sast\u0101vda\u013ca \u013cauj kausam pacelties, nolaisties un noliekties, t\u0101d\u0113j\u0101di prec\u012bzi un efekt\u012bvi atvieglojot materi\u0101lu apstr\u0101des uzdevumus. Hidrauliskaj\u0101s sist\u0113m\u0101s str\u0113les cilindri ir b\u016btiskas sast\u0101vda\u013cas, kas p\u0101rveido hidraulisko ener\u0123iju meh\u0101nisk\u0101 kust\u012bb\u0101, nodro\u0161inot nepiecie\u0161amo sp\u0113ku un kontroli da\u017e\u0101d\u0101m rak\u0161anas un cel\u0161anas darb\u012bb\u0101m.<\/p>\n<p><img decoding=\"async\" src=\"https:\/\/www.hydraulic-cylinders.net\/wp-content\/uploads\/2025\/04\/songte-company-1.webp\" alt=\"Str\u0113les cilindra att\u0113ls\" \/><\/p>\n<h3>Str\u0113les cilindra galven\u0101s iez\u012bmes<\/h3>\n<ul>\n<li><strong>Augsta iztur\u012bba un ilgm\u016b\u017e\u012bba:<\/strong> \u0160ie cilindri ir izgatavoti no augstas stipr\u012bbas t\u0113rauda vai alum\u012bnija, un tie ir paredz\u0113ti, lai iztur\u0113tu augstu spiedienu un lielas slodzes, padarot tos piem\u0113rotus skarbajiem darba apst\u0101k\u013ciem.<\/li>\n<li><strong>Efekt\u012bva hidraulisk\u0101 darb\u012bba:<\/strong> Str\u0113les cilindrs izmanto hidraulisk\u0101s e\u013c\u013cas spiedienu, lai nodro\u0161in\u0101tu vienm\u0113r\u012bgu izstiep\u0161anu un ievilk\u0161anu, \u013caujot \u0101tri rea\u0123\u0113t uz operatora komand\u0101m un nodro\u0161inot sp\u0113c\u012bgu stum\u0161anas un vilk\u0161anas sp\u0113ku.<\/li>\n<li><strong>Da\u017e\u0101di veidi:<\/strong> Pieejams vienas darb\u012bbas (darbojas vien\u0101 virzien\u0101) vai divk\u0101r\u0161as darb\u012bbas (darbojas abos virzienos) konstrukcij\u0101s, da\u017ei mode\u013ci ir teleskopiski, kas \u013cauj liel\u0101ku pagarin\u0101jumu, nepalielinot \u0101r\u0113jos izm\u0113rus, ide\u0101li piem\u0113rots ierobe\u017eot\u0101m lietojumprogramm\u0101m.<\/li>\n<\/ul>\n<h2>Str\u0113les cilindra pielietojumi<\/h2>\n<h3>Celtniec\u012bbas apr\u012bkojums<\/h3>\n<p>Ekskavatoros str\u0113les cilindri ir \u013coti svar\u012bgi augsnes vai gru\u017eu rak\u0161anai, iekrau\u0161anai un p\u0101rvieto\u0161anai. Str\u0113les efekt\u012bv\u0101 darb\u012bba \u013cauj operatoriem veikt prec\u012bzas kust\u012bbas, padarot rak\u0161anas darbus \u0101tr\u0101kus un efekt\u012bv\u0101kus. Ekskavatoros-iekr\u0101v\u0113jos str\u0113les cilindrs pal\u012bdz gan rak\u0161anas, gan cel\u0161anas oper\u0101cij\u0101s, uzlabojot kop\u0113jo produktivit\u0101ti.<\/p>\n<h3>Lauksaimniec\u012bbas tehnika<\/h3>\n<p>Front\u0101lie iekr\u0101v\u0113ji izmanto str\u0113les cilindrus, lai paceltu, paceltu un transport\u0113tu augsni, sienu un citus materi\u0101lus. Str\u0113les cilindra uzticama darb\u012bba nodro\u0161ina netrauc\u0113tu darb\u012bbu, nodro\u0161inot, ka lauksaimniec\u012bbas darbi tiek veikti \u0101tri un efekt\u012bvi, kas ir \u013coti svar\u012bgi s\u0113jas un ra\u017eas nov\u0101k\u0161anas sezon\u0101s.<\/p>\n<h3>Ekskavatori<\/h3>\n<p>Ekskavatoros str\u0113les cilindrs \u013cauj kausam efekt\u012bvi iek\u013c\u016bt augsn\u0113, padarot rak\u0161anas procesu efekt\u012bvu un samazinot tehnikas nogurumu. \u0160\u012b sp\u0113ja ir b\u016btiska da\u017e\u0101diem pielietojumiem, tostarp ainavu veido\u0161anai, plan\u0113\u0161anai un vietas sagatavo\u0161anai.<\/p>\n<h3>Iekr\u0101v\u0113ji<\/h3>\n<p>Front\u0101lajos iekr\u0101v\u0113jos str\u0113les cilindri veicina efekt\u012bvu kravu cel\u0161anu un izg\u0101\u0161anu. Jaud\u012bg\u0101 hidraulisk\u0101 darb\u012bba \u013cauj operatoriem viegli apstr\u0101d\u0101t smagus materi\u0101lus, padarot iekr\u0101v\u0113jus neaizst\u0101jamus b\u016bvniec\u012bbas un materi\u0101lu apstr\u0101des darbos.<\/p>\n<h2>Dizaina apsv\u0113rumi un atlases krit\u0113riji<\/h2>\n<h3>Kravnes\u012bba<\/h3>\n<p>Izv\u0113loties str\u0113les cilindru, ir svar\u012bgi izprast t\u0101 kravnes\u012bbu. Cilindram j\u0101sp\u0113j iztur\u0113t maksim\u0101lo slodzi, neapdraudot veiktsp\u0113ju vai dro\u0161\u012bbu. Ra\u017eot\u0101ji parasti sniedz specifik\u0101cijas, kas nor\u0101da dro\u0161as darba slodzes robe\u017eas.<\/p>\n<h3>Bl\u012bv\u0113jums un iztur\u012bba<\/h3>\n<p>Efekt\u012bva bl\u012bv\u0113\u0161ana ir \u013coti svar\u012bga, lai nov\u0113rstu hidraulisk\u0101 \u0161\u0137idruma nopl\u016bdes un saglab\u0101tu sist\u0113mas efektivit\u0101ti. Augstas kvalit\u0101tes bl\u012bv\u0113jumi, kas izgatavoti no iztur\u012bgiem materi\u0101liem, nodro\u0161ina ilgsto\u0161u darb\u012bbu un samazina apkopes nepiecie\u0161am\u012bbu. Konstrukcij\u0101 j\u0101iek\u013cauj funkcijas, kas uzlabo iztur\u012bbu un nodilumiztur\u012bbu.<\/p>\n<h3>Dro\u0161\u012bba un apkope<\/h3>\n<p>Dro\u0161\u012bba ir kritiski svar\u012bgs apsv\u0113rums str\u0113les cilindra konstrukcij\u0101. B\u016btiskas ir t\u0101das \u012bpa\u0161\u012bbas k\u0101 iztur\u012bga konstrukcija, dro\u0161\u012bbas meh\u0101nismi un viegla piek\u013cuve apkopes p\u0101rbaud\u0113m. J\u0101ievie\u0161 regul\u0101ri apkopes protokoli, lai nodro\u0161in\u0101tu cilindra dro\u0161u un efekt\u012bvu darb\u012bbu vis\u0101 t\u0101 kalpo\u0161anas laik\u0101.<\/p>\n<p><img decoding=\"async\" src=\"https:\/\/www.hydraulic-cylinders.net\/wp-content\/uploads\/2025\/04\/songte-oil-pipes-and-spare-parts.webp\" alt=\"E\u013c\u013cas caurules un rezerves da\u013cas\" \/><\/p>\n<h2>Bl\u012bv\u0113\u0161ana un e\u013c\u013co\u0161ana<\/h2>\n<p>Pareiza bl\u012bv\u0113\u0161ana un e\u013c\u013co\u0161ana ir b\u016btiska str\u0113les cilindru funkcionalit\u0101tei. Da\u017e\u0101d\u0101m bl\u012bv\u0113\u0161anas sast\u0101vda\u013c\u0101m, piem\u0113ram, virzu\u013ca bl\u012bv\u0113m un stie\u0146a bl\u012bv\u0113m, j\u0101b\u016bt izgatavot\u0101m no nodilumiztur\u012bgiem materi\u0101liem, piem\u0113ram, poliuret\u0101na un nitrila gumijas. Cilindra korpuss un v\u012bt\u0146otie gali ir r\u016bp\u012bgi j\u0101apstr\u0101d\u0101, lai uzlabotu nodilumiztur\u012bbu. Regul\u0101ra e\u013c\u013co\u0161ana ar hidraulisko e\u013c\u013cu ir nepiecie\u0161ama, lai samazin\u0101tu berzi un nodilumu, nodro\u0161inot vienm\u0113r\u012bgu darb\u012bbu un pagarinot cilindra kalpo\u0161anas laiku.<\/p>\n<h2>Prevent\u012bvie apkopes pas\u0101kumi<\/h2>\n<ul>\n<li><strong>Regul\u0101ras p\u0101rbaudes:<\/strong> Iepl\u0101nojiet regul\u0101ras p\u0101rbaudes, lai laikus noteiktu nodilumu. P\u0101rbaudiet bl\u012bves, \u0161\u013c\u016btenes un savienojumus, vai nav boj\u0101jumu paz\u012bmju.<\/li>\n<li><strong>E\u013c\u013co\u0161anas grafiki:<\/strong> Izveidojiet savlaic\u012bgu e\u013c\u013co\u0161anas rut\u012bnu, lai nodro\u0161in\u0101tu, ka visas kust\u012bg\u0101s da\u013cas sa\u0146em pietiekamu e\u013c\u013cu, t\u0101d\u0113j\u0101di samazinot boj\u0101jumu risku.<\/li>\n<li><strong>Bl\u012bv\u0113juma nomai\u0146a:<\/strong> Nomainiet bl\u012bves p\u0113c nepiecie\u0161am\u012bbas, lai nov\u0113rstu nopl\u016bdes un saglab\u0101tu spiediena integrit\u0101ti hidrauliskaj\u0101 sist\u0113m\u0101.<\/li>\n<\/ul>\n<h2>Uzst\u0101d\u012b\u0161anas vadl\u012bnijas<\/h2>\n<p>Pareiza str\u0113les cilindra uzst\u0101d\u012b\u0161ana ir b\u016btiska optim\u0101lai veiktsp\u0113jai. Vispirms p\u0101rliecinieties, vai visas sast\u0101vda\u013cas ir t\u012bras un bez gru\u017eiem. Prec\u012bzi izl\u012bdziniet cilindru, lai nov\u0113rstu p\u0101rm\u0113r\u012bgu slodzi hidrauliskajai sist\u0113mai. Izmantojiet atbilsto\u0161us mont\u0101\u017eas kron\u0161teinus, lai nostiprin\u0101tu cilindru viet\u0101. P\u0101rliecinieties, vai hidraulisk\u0101s l\u012bnijas ir pareizi pievienotas, un p\u0113c uzst\u0101d\u012b\u0161anas p\u0101rbaudiet, vai nav nopl\u016b\u017eu. Iev\u0113rojiet ra\u017eot\u0101ja vadl\u012bnijas attiec\u012bb\u0101 uz griezes momenta specifik\u0101cij\u0101m un mont\u0101\u017eas proced\u016br\u0101m, lai nodro\u0161in\u0101tu uzticam\u012bbu un dro\u0161\u012bbu.<\/p>\n<h2>Apkopes uzdevumi<\/h2>\n<ul>\n<li><strong>Regul\u0101ras p\u0101rbaudes:<\/strong> Regul\u0101ras p\u0101rbaudes pal\u012bdz identific\u0113t potenci\u0101l\u0101s probl\u0113mas, pirms t\u0101s saasin\u0101s. P\u0101rbaudiet, vai nav nodilu\u0161as bl\u012bves, \u0161\u013c\u016btenes un stiprin\u0101jumi, un nekav\u0113joties nov\u0113rsiet t\u0101s.<\/li>\n<li><strong>Pareiza e\u013c\u013co\u0161ana:<\/strong> Atbilsto\u0161a e\u013c\u013co\u0161anas l\u012bme\u0146a uztur\u0113\u0161ana ir \u013coti svar\u012bga cilindra ilgm\u016b\u017e\u012bbai. Izmantojiet pareiza veida hidraulisko e\u013c\u013cu un p\u0101rliecinieties, ka t\u0101 nesatur piemais\u012bjumus.<\/li>\n<li><strong>Bl\u012bv\u0113juma nomai\u0146as un kalibr\u0113\u0161anas p\u0101rbaudes:<\/strong> Regul\u0101ri nomainiet nolietot\u0101s bl\u012bves, lai uztur\u0113tu optim\u0101lu veiktsp\u0113ju. Kalibr\u0113\u0161anas p\u0101rbaudes nodro\u0161ina, ka cilindrs darbojas noteiktaj\u0101s robe\u017e\u0101s, uzlabojot dro\u0161\u012bbu un efektivit\u0101ti.<\/li>\n<\/ul>\n<p><img decoding=\"async\" src=\"https:\/\/www.hydraulic-cylinders.net\/wp-content\/uploads\/2025\/04\/songte-chushion-collar.webp\" alt=\"Spilvenu apkakle\" \/><\/p>\n<h2>Dro\u0161\u012bbas un vides apsv\u0113rumi<\/h2>\n<p>Dro\u0161\u012bbas pas\u0101kumu ievie\u0161ana str\u0113les cilindru darb\u012bbas laik\u0101 ir \u0101rk\u0101rt\u012bgi svar\u012bga. Operatoriem j\u0101b\u016bt apm\u0101c\u012btiem atpaz\u012bt iesp\u0113jamos apdraud\u0113jumus un iev\u0113rot dro\u0161\u012bbas protokolus, lai izvair\u012btos no negad\u012bjumiem. Vides apsv\u0113rumi ietver hidraulisko \u0161\u0137idrumu pareizu apstr\u0101di un utiliz\u0101ciju, lai nov\u0113rstu pies\u0101r\u0146ojumu.<\/p>\n<h2>Probl\u0113mu nov\u0113r\u0161ana un bie\u017ei sastopamas probl\u0113mas<\/h2>\n<ul>\n<li><strong>Nopl\u016bde:<\/strong> Bie\u017ei sastopama probl\u0113ma ir hidraulisk\u0101 \u0161\u0137idruma nopl\u016bde, kas var liecin\u0101t par nolietotiem bl\u012bv\u0113jumiem vai boj\u0101t\u0101m \u0161\u013c\u016bten\u0113m. Regul\u0101ras p\u0101rbaudes var pal\u012bdz\u0113t \u0161\u012bs probl\u0113mas atkl\u0101t agr\u012bn\u0101 stadij\u0101.<\/li>\n<li><strong>L\u0113ns reakcijas laiks:<\/strong> Ja cilindrs rea\u0123\u0113 l\u0113ni, p\u0101rbaudiet, vai sist\u0113m\u0101 nav zems hidraulisk\u0101 \u0161\u0137idruma l\u012bmenis vai iespr\u016bdis gaiss, kas var pras\u012bt atgaiso\u0161anu.<\/li>\n<li><strong>Neparastas ska\u0146as:<\/strong> T\u0101di trok\u0161\u0146i k\u0101 klabin\u0101\u0161ana vai berz\u0113\u0161ana var liecin\u0101t par meh\u0101nisk\u0101m probl\u0113m\u0101m vai nepietiekamu e\u013c\u013co\u0161anu; nepiecie\u0161ama t\u016bl\u012bt\u0113ja p\u0101rbaude.<\/li>\n<\/ul>\n<p>Lai efekt\u012bvi diagnostic\u0113tu un nov\u0113rstu \u0161\u012bs probl\u0113mas, operatoriem j\u0101iepaz\u012bstas ar ra\u017eot\u0101ja probl\u0113mu nov\u0113r\u0161anas rokasgr\u0101matu un j\u0101iev\u0113ro ieteiktie prevent\u012bvie pas\u0101kumi, lai samazin\u0101tu iesp\u0113jam\u0101s probl\u0113mas.<\/p>\n<p><img decoding=\"async\" src=\"https:\/\/www.hydraulic-cylinders.net\/wp-content\/uploads\/2025\/04\/songte-bushings-with-all-kinds-of-excavator-models.webp\" alt=\"Ekskavatoru mode\u013cu bukses\" \/><\/p>\n<h2>Par m\u016bsu uz\u0146\u0113mumu<\/h2>\n<p>M\u0113s esam vado\u0161ais hidraulisko cilindru ra\u017eot\u0101js, kas specializ\u0113jas augstas kvalit\u0101tes alternat\u012bvu ra\u017eo\u0161an\u0101 ori\u0123in\u0101l\u0101 apr\u012bkojuma ra\u017eot\u0101jiem (OEM). Ar pla\u0161u produktu kl\u0101stu m\u0113s esam k\u013cuvu\u0161i par vienu no vado\u0161ajiem ra\u017eot\u0101jiem un vairumtirgot\u0101jiem gan viet\u0113j\u0101, gan starptautiskaj\u0101 tirg\u016b. M\u0113s iev\u0113rojam stingrus kvalit\u0101tes standartus un izmantojam progres\u012bvas ra\u017eo\u0161anas strat\u0113\u0123ijas, lai nodro\u0161in\u0101tu izcil\u012bbu ra\u017eo\u0161an\u0101. M\u016bsu kvalific\u0113tie tehni\u0137i, augst\u0101k\u0101s klases digit\u0101l\u0101s ra\u017eo\u0161anas iek\u0101rtas un profesion\u0101l\u0101s test\u0113\u0161anas sist\u0113mas str\u0101d\u0101 kop\u0101, lai past\u0101v\u012bgi uzlabotu m\u016bsu ra\u017eo\u0161anas platformu. M\u0113s priorit\u0101ri izvirz\u0101m efektivit\u0101ti, precizit\u0101ti un kvalit\u0101ti, lai apmierin\u0101tu da\u017e\u0101d\u0101s klientu vajadz\u012bbas.<\/p>\n<p><img decoding=\"async\" src=\"https:\/\/www.hydraulic-cylinders.net\/wp-content\/uploads\/2025\/04\/songte-company-4.webp\" alt=\"Uz\u0146\u0113muma p\u0101rskats\" \/><br \/>\n<img decoding=\"async\" src=\"https:\/\/www.hydraulic-cylinders.net\/wp-content\/uploads\/2025\/04\/songte-company-3.webp\" alt=\"Ra\u017eo\u0161anas iek\u0101rtas\" \/><\/p>\n<p>M\u016bsu pieredze sniedz ar\u012b piel\u0101gotus pakalpojumus, kas piel\u0101goti konkr\u0113t\u0101m klientu pras\u012bb\u0101m. M\u0113s esam starptautiski sertific\u0113ti, kas nodro\u0161ina, ka m\u016bsu produkti atbilst glob\u0101lajiem standartiem. M\u016bsu modern\u0101kais ra\u017eo\u0161anas apr\u012bkojums un \u012bpa\u0161ais p\u0113cp\u0101rdo\u0161anas atbalsts garant\u0113, ka m\u016bsu klienti sa\u0146em visaugst\u0101ko apkalpo\u0161anas l\u012bmeni un ir apmierin\u0101ti ar produktiem.<\/p>\n<p>Autors: lil<\/p>","protected":false},"excerpt":{"rendered":"<p>Boom Cylinder For Caterpillar Small Excavator E70\/70B Introduction to Boom Cylinders The boom cylinder is a specialized hydraulic cylinder used in various heavy machinery to control the movement of the bucket, including excavators, backhoe loaders, and front-end loaders. This hydraulic component allows the bucket to lift, lower, and tilt, facilitating material handling tasks with precision [&hellip;]<\/p>","protected":false},"featured_media":17875,"comment_status":"open","ping_status":"closed","template":"","meta":{"_et_pb_use_builder":"","_et_pb_old_content":"","_et_gb_content_width":""},"product_brand":[],"product_cat":[1546],"product_tag":[1547,1496],"class_list":{"0":"post-18918","1":"product","2":"type-product","3":"status-publish","4":"has-post-thumbnail","6":"product_cat-boom-cylinders","7":"product_tag-boom-cylinders","8":"product_tag-hydraulic-cylinders","10":"first","11":"instock","12":"shipping-taxable","13":"product-type-simple"},"amp_enabled":true,"_links":{"self":[{"href":"https:\/\/www.hydraulic-cylinders.net\/lv\/wp-json\/wp\/v2\/product\/18918","targetHints":{"allow":["GET"]}}],"collection":[{"href":"https:\/\/www.hydraulic-cylinders.net\/lv\/wp-json\/wp\/v2\/product"}],"about":[{"href":"https:\/\/www.hydraulic-cylinders.net\/lv\/wp-json\/wp\/v2\/types\/product"}],"replies":[{"embeddable":true,"href":"https:\/\/www.hydraulic-cylinders.net\/lv\/wp-json\/wp\/v2\/comments?post=18918"}],"wp:featuredmedia":[{"embeddable":true,"href":"https:\/\/www.hydraulic-cylinders.net\/lv\/wp-json\/wp\/v2\/media\/17875"}],"wp:attachment":[{"href":"https:\/\/www.hydraulic-cylinders.net\/lv\/wp-json\/wp\/v2\/media?parent=18918"}],"wp:term":[{"taxonomy":"product_brand","embeddable":true,"href":"https:\/\/www.hydraulic-cylinders.net\/lv\/wp-json\/wp\/v2\/product_brand?post=18918"},{"taxonomy":"product_cat","embeddable":true,"href":"https:\/\/www.hydraulic-cylinders.net\/lv\/wp-json\/wp\/v2\/product_cat?post=18918"},{"taxonomy":"product_tag","embeddable":true,"href":"https:\/\/www.hydraulic-cylinders.net\/lv\/wp-json\/wp\/v2\/product_tag?post=18918"}],"curies":[{"name":"wp","href":"https:\/\/api.w.org\/{rel}","templated":true}]}}