{"id":18920,"date":"2025-04-07T06:02:18","date_gmt":"2025-04-07T06:02:18","guid":{"rendered":"https:\/\/www.hydraulic-cylinders.net\/product\/boom-cylinder-for-caterpillar-small-excavator-e305ecr\/"},"modified":"2025-04-07T06:02:21","modified_gmt":"2025-04-07T06:02:21","slug":"boom-cylinder-for-caterpillar-small-excavator-e305ecr","status":"publish","type":"product","link":"https:\/\/www.hydraulic-cylinders.net\/lv\/products\/boom-cylinder-for-caterpillar-small-excavator-e305ecr\/","title":{"rendered":"Str\u0113les cilindrs Caterpillar mazajam ekskavatoram E305ECR"},"content":{"rendered":"<h1>Str\u0113les cilindrs Caterpillar mazajam ekskavatoram E305ECR<\/h1>\n<h2>Produkta p\u0101rskats<\/h2>\n<p>Caterpillar maz\u0101 ekskavatora E305ECR str\u0113les cilindrs ir b\u016btiska hidrauliska sast\u0101vda\u013ca, kam ir iz\u0161\u0137iro\u0161a noz\u012bme smago ma\u0161\u012bnu funkcionalit\u0101t\u0113. \u0160\u0101da veida hidrauliskais cilindrs ir \u012bpa\u0161i izstr\u0101d\u0101ts, lai kontrol\u0113tu ekskavatora kausu kust\u012bbas, \u013caujot operatoriem efekt\u012bvi pacelt, nolaist un noliekt kausu. \u0160\u012b iesp\u0113ja ir \u013coti svar\u012bga da\u017e\u0101diem materi\u0101lu apstr\u0101des uzdevumiem, tostarp rak\u0161anas darbiem, iekrau\u0161anai un materi\u0101lu transport\u0113\u0161anai.<\/p>\n<p><img decoding=\"async\" src=\"https:\/\/www.hydraulic-cylinders.net\/wp-content\/uploads\/2025\/04\/songte-company-1.webp\" alt=\"Ekskavatora str\u0113les cilindrs\" \/><\/p>\n<h3>Kausa cilindru defin\u012bcija un pielietojums<\/h3>\n<p>Kausa cilindri, kas paz\u012bstami ar\u012b k\u0101 hidrauliskie cilindri, ir specializ\u0113tas ier\u012bces, ko izmanto smagaj\u0101s ma\u0161\u012bn\u0101s, piem\u0113ram, ekskavatoros, ekskavatoros-iekr\u0101v\u0113jos un front\u0101lajos iekr\u0101v\u0113jos. \u0160ie cilindri atvieglo kausa kust\u012bbu, \u013caujot tam veikt b\u016btiskas funkcijas b\u016bvniec\u012bbas un rak\u0161anas darbos. Tie izmanto hidraulisk\u0101 \u0161\u0137idruma spiedienu, lai rad\u012btu sp\u0113ku, kas pagarina vai ievelk cilindru, \u013caujot kausam efekt\u012bvi veikt da\u017e\u0101das darb\u012bbas.<\/p>\n<h2>Produkta funkcijas<\/h2>\n<ul>\n<li><strong>Augsta iztur\u012bba un ilgm\u016b\u017e\u012bba:<\/strong> \u0160ie cilindri, kas izgatavoti no augstas stipr\u012bbas t\u0113rauda vai alum\u012bnija, var iztur\u0113t augstu spiedienu un lielas slodzes, padarot tos piem\u0113rotus skarbajiem darba apst\u0101k\u013ciem, vienlaikus nodro\u0161inot ilgm\u016b\u017e\u012bbu.<\/li>\n<li><strong>Efekt\u012bva hidraulisk\u0101 darb\u012bba:<\/strong> Hidraulisk\u0101s e\u013c\u013cas spiediens nodro\u0161ina vienm\u0113r\u012bgu un atsauc\u012bgu izstiep\u0161anu un ievilk\u0161anu, radot sp\u0113c\u012bgu vilk\u0161anas un stum\u0161anas sp\u0113ku, kas ir ide\u0101li piem\u0113rots smagu materi\u0101lu apstr\u0101dei.<\/li>\n<li><strong>Da\u017e\u0101di veidi:<\/strong> \u0160ie cilindri ir pieejami vienvirziena darb\u012bbas (darbojas vien\u0101 virzien\u0101) un divk\u0101r\u0161as darb\u012bbas (darbojas abos virzienos) variantos, un tos var piel\u0101got \u012bpa\u0161\u0101m ekspluat\u0101cijas pras\u012bb\u0101m.<\/li>\n<li><strong>Vietu taupo\u0161i dizaini:<\/strong> Da\u017eiem mode\u013ciem ir teleskopiska konstrukcija, kas nodro\u0161ina liel\u0101ku pagarin\u0101jumu, nepalielinot \u0101r\u0113jos izm\u0113rus, kas ir ide\u0101li piem\u0113rots lietojumiem ar ierobe\u017eotu vietu.<\/li>\n<\/ul>\n<h3>M\u016bsu ra\u017eo\u0161anas iesp\u0113jas<\/h3>\n<p>M\u0113s ar lepnumu ra\u017eojam \u0161o produktu, pied\u0101v\u0101jot hidrauliskos cilindrus, kas lieliski aizst\u0101j ori\u0123in\u0101l\u0101s vien\u012bbas. M\u016bsu ap\u0146em\u0161an\u0101s nodro\u0161in\u0101t kvalit\u0101ti nodro\u0161ina, ka m\u016bsu produkti atbilst un p\u0101rsniedz nozares standartus.<\/p>\n<p><img decoding=\"async\" src=\"https:\/\/www.hydraulic-cylinders.net\/wp-content\/uploads\/2025\/04\/songte-cylinder-head-with-all-kinds-excavator-models.webp\" alt=\"Hidraulisko cilindru ra\u017eo\u0161ana\" \/><\/p>\n<h2>Lietojumprogrammu scen\u0101riji<\/h2>\n<h3>Celtniec\u012bbas apr\u012bkojums<\/h3>\n<p>Ekskavatoros str\u0113les cilindri ir kritiski svar\u012bgi rak\u0161anai, iekrau\u0161anai un augsnes vai gru\u017eu p\u0101rvieto\u0161anai. Tie \u013cauj kausam efekt\u012bvi iek\u013c\u016bt zem\u0113, \u013caujot \u0101tri veikt rak\u0161anas darbus. Ekskavatoros-iekr\u0101v\u0113jos str\u0113les cilindrs pal\u012bdz gan rak\u0161anas, gan cel\u0161anas oper\u0101cij\u0101s, uzlabojot produktivit\u0101ti darba viet\u0101s.<\/p>\n<h3>Lauksaimniec\u012bbas tehnika<\/h3>\n<p>Front\u0101lie iekr\u0101v\u0113ji izmanto str\u0113les cilindrus augsnes, siena un citu materi\u0101lu sav\u0101k\u0161anai, cel\u0161anai un transport\u0113\u0161anai. \u0160o cilindru efekt\u012bva darb\u012bba ir \u013coti svar\u012bga lauksaimniec\u012bbas darbos, nodro\u0161inot, ka lauksaimnieki var efekt\u012bvi un ar minim\u0101lu piep\u016bli apstr\u0101d\u0101t materi\u0101lus.<\/p>\n<h3>Rak\u0161anas darbi<\/h3>\n<p>Parastiem ekskavatoriem str\u0113les cilindrs \u013cauj kausam iek\u013c\u016bt augsn\u0113, nodro\u0161inot efekt\u012bvas rak\u0161anas darb\u012bbas. \u0160\u012b funkcija ir b\u016btiska, lai \u0101tri un efekt\u012bvi paveiktu rak\u0161anas darbus, kas b\u016btiski ietekm\u0113 projekta laika grafiku.<\/p>\n<h3>Iekr\u0101v\u0113ja darb\u012bbas<\/h3>\n<p>Front\u0101lajos iekr\u0101v\u0113jos str\u0113les cilindri pal\u012bdz efekt\u012bvi pacelt un izkraut materi\u0101lus. To uzticam\u0101 darb\u012bba nodro\u0161ina, ka iekr\u0101v\u0113js var tikt gal\u0101 ar smag\u0101m krav\u0101m, t\u0101d\u0113j\u0101di veicinot iekrau\u0161anas un izkrau\u0161anas procesu efektivit\u0101ti.<\/p>\n<h2>Dizaina apsv\u0113rumi un atlases krit\u0113riji<\/h2>\n<h3>Kravnes\u012bba<\/h3>\n<p>When selecting a boom cylinder, understanding the load capacity is crucial. The cylinder must be rated to handle the maximum weight it will encounter during operations. Choosing a cylinder with an inadequate load capacity can lead to failure and safety hazards, compromising both equipment and operator safety. It&#8217;s essential to assess the maximum lifting requirements based on the tasks to be performed.<\/p>\n<h3>Bl\u012bv\u0113jums un iztur\u012bba<\/h3>\n<p>Bl\u012bv\u0113jums ir v\u0113l viens svar\u012bgs konstrukcijas apsv\u0113rums. Bl\u012bv\u0113jumu integrit\u0101te nov\u0113r\u0161 hidraulisk\u0101 \u0161\u0137idruma nopl\u016bdi, kas ir svar\u012bgi spiediena uztur\u0113\u0161anai un efekt\u012bvas darb\u012bbas nodro\u0161in\u0101\u0161anai. Augstas kvalit\u0101tes bl\u012bv\u0113jumi, kas izgatavoti no t\u0101diem materi\u0101liem k\u0101 poliuret\u0101ns vai nitrilgumija, uzlabo iztur\u012bbu un nodilumiztur\u012bbu, pagarinot hidraulisk\u0101 cilindra kalpo\u0161anas laiku. Lai izvair\u012btos no veiktsp\u0113jas probl\u0113m\u0101m, ir nepiecie\u0161ama regul\u0101ra bl\u012bv\u0113jumu p\u0101rbaude un apkope.<\/p>\n<h3>Dro\u0161\u012bbas funkcijas<\/h3>\n<p>Dro\u0161\u012bbas funkcijas ir \u0101rk\u0101rt\u012bgi svar\u012bgas hidraulisko cilindru projekt\u0113\u0161an\u0101. Tajos j\u0101iek\u013cauj meh\u0101nismi, kas nov\u0113r\u0161 p\u0101rstiep\u0161anos un nodro\u0161ina, ka cilindrs var iztur\u0113t negaid\u012btas slodzes. Dro\u0161\u012bbas pas\u0101kumu, piem\u0113ram, fiks\u0101cijas apma\u013cu un spiediena samazin\u0101\u0161anas v\u0101rstu, ievie\u0161ana ir \u013coti svar\u012bga, lai aizsarg\u0101tu gan ma\u0161\u012bnas, gan operatorus no iesp\u0113jamiem negad\u012bjumiem.<\/p>\n<h3>Apkopes pieejam\u012bba<\/h3>\n<p>Projekt\u0113jot j\u0101\u0146em v\u0113r\u0101 ar\u012b apkopes pieejam\u012bba. Viegli apkalpojami hidrauliskie cilindri var iev\u0113rojami samazin\u0101t d\u012bkst\u0101ves laiku un apkopes izmaksas. Funkcijas, kas \u013cauj \u0101tri nomain\u012bt bl\u012bves, e\u013c\u013co\u0161anas punktus un p\u0101rbaudes atveres, uzlabo cilindra visp\u0101r\u0113jo lietojam\u012bbu un ilgm\u016b\u017e\u012bbu.<\/p>\n<p><img decoding=\"async\" src=\"https:\/\/www.hydraulic-cylinders.net\/wp-content\/uploads\/2025\/04\/songte-oil-pipes-and-spare-parts.webp\" alt=\"Hidraulisk\u0101s sast\u0101vda\u013cas\" \/><\/p>\n<h2>Bl\u012bv\u0113\u0161ana un e\u013c\u013co\u0161ana<\/h2>\n<p>Hidraulisko cilindru efektivit\u0101te liel\u0101 m\u0113r\u0101 ir atkar\u012bga no pareiza bl\u012bv\u0113juma un e\u013c\u013co\u0161anas. Lai uztur\u0113tu hidraulisko spiedienu, tiek izmantoti da\u017e\u0101di bl\u012bv\u0113jumi, piem\u0113ram, virzu\u013ca bl\u012bv\u0113jumi un stie\u0146a bl\u012bv\u0113jumi. Bl\u012bv\u0113jumi parasti tiek izgatavoti no iztur\u012bgiem materi\u0101liem, tostarp poliuret\u0101na un nitrila gumijas, lai iztur\u0113tu nodilumu un nov\u0113rstu nopl\u016bdes. Cilindra korpuss un v\u012bt\u0146otie gali tiek prec\u012bzi apstr\u0101d\u0101ti, lai uzlabotu nodilumiztur\u012bbu.<\/p>\n<p>Regul\u0101ra e\u013c\u013co\u0161ana ir \u013coti svar\u012bga ar\u012b vienm\u0113r\u012bgas darb\u012bbas nodro\u0161in\u0101\u0161anai. Periodiski j\u0101iesmidzina pietiekams daudzums hidraulisk\u0101s e\u013c\u013cas, lai uztur\u0113tu iek\u0161\u0113jo komponentu e\u013c\u013co\u0161anu, nov\u0113r\u0161ot berzi un nodilumu. Noteikta e\u013c\u013co\u0161anas grafika iev\u0113ro\u0161ana ir b\u016btiska, lai saglab\u0101tu cilindra veiktsp\u0113ju un ilgm\u016b\u017e\u012bbu.<\/p>\n<h2>Prevent\u012bvie apkopes pas\u0101kumi<\/h2>\n<ul>\n<li><strong>Regul\u0101ras p\u0101rbaudes:<\/strong> Regul\u0101ru p\u0101rbau\u017eu veik\u0161ana pal\u012bdz identific\u0113t potenci\u0101l\u0101s probl\u0113mas, pirms t\u0101s saasin\u0101s. P\u0101rbaudiet, vai nav nodiluma paz\u012bmju, nopl\u016b\u017eu un deta\u013cu nodiluma, lai nodro\u0161in\u0101tu, ka cilindrs darbojas optim\u0101li.<\/li>\n<li><strong>Pareiza e\u013c\u013co\u0161ana:<\/strong> P\u0101rliecinieties, vai cilindrs vienm\u0113r ir atbilsto\u0161i iee\u013c\u013cots. Izmantojiet ieteicamo hidraulisko e\u013c\u013cu un iev\u0113rojiet e\u013c\u013co\u0161anas grafiku, lai uztur\u0113tu veiktsp\u0113ju.<\/li>\n<li><strong>Bl\u012bv\u0113juma nomai\u0146a:<\/strong> Bl\u012bves periodiski j\u0101nomaina, pamatojoties uz p\u0101rbaudes rezult\u0101tiem. Nolietotas bl\u012bves var izrais\u012bt \u0161\u0137idruma nopl\u016bdi, ietekm\u0113jot hidraulisk\u0101s sist\u0113mas efektivit\u0101ti un potenci\u0101li radot boj\u0101jumus.<\/li>\n<\/ul>\n<h2>Uzst\u0101d\u012b\u0161anas vadl\u012bnijas<\/h2>\n<p>Pareiza str\u0113les cilindra uzst\u0101d\u012b\u0161ana ir b\u016btiska optim\u0101lai veiktsp\u0113jai. Vispirms p\u0101rliecinieties, vai mont\u0101\u017eas kron\u0161teini ir t\u012bri un bez gru\u017eiem. Prec\u012bzi izl\u012bdziniet cilindru ar mont\u0101\u017eas punktiem, lai nov\u0113rstu nepareizu izl\u012bdzin\u0101\u0161anu, kas var izrais\u012bt priek\u0161laic\u012bgu nodilumu.<\/p>\n<p>Izmantojiet atbilsto\u0161us stiprin\u0101juma elementus, lai nostiprin\u0101tu cilindru viet\u0101, p\u0101rliecinoties, ka skr\u016bves ir pievilktas saska\u0146\u0101 ar ra\u017eot\u0101ja specifik\u0101cij\u0101m. P\u0113c uzst\u0101d\u012b\u0161anas pirms lieto\u0161anas divreiz p\u0101rbaudiet cilindra izl\u012bdzin\u0101jumu un funkcionalit\u0101ti. Pareiza izl\u012bdzin\u0101\u0161ana nodro\u0161ina cilindra vienm\u0113r\u012bgu un efekt\u012bvu darb\u012bbu, samazinot nodilumu un pagarinot t\u0101 kalpo\u0161anas laiku.<\/p>\n<h2>Bie\u017ei sastopamie apkopes uzdevumi<\/h2>\n<h3>Regul\u0101ras p\u0101rbaudes<\/h3>\n<p>Regul\u0101ru p\u0101rbau\u017eu veik\u0161ana ir \u013coti svar\u012bga, lai uztur\u0113tu str\u0113les cilindra veiktsp\u0113ju un dro\u0161\u012bbu. Darb\u012bbas laik\u0101 mekl\u0113jiet \u0161\u0137idruma nopl\u016bdes, nodiluma un neparastu trok\u0161\u0146u paz\u012bmes. Regul\u0101ras p\u0101rbaudes \u013cauj operatoriem laikus paman\u012bt probl\u0113mas un nov\u0113rst d\u0101rgus remontdarbus.<\/p>\n<h3>Pareiza e\u013c\u013co\u0161ana<\/h3>\n<p>Ir svar\u012bgi nodro\u0161in\u0101t, lai hidrauliskais cilindrs b\u016btu pien\u0101c\u012bgi iee\u013c\u013cots, lai nov\u0113rstu nodilumu. Regul\u0101ras e\u013c\u013co\u0161anas l\u012bme\u0146a p\u0101rbaudes un hidraulisk\u0101s e\u013c\u013cas uzkl\u0101\u0161ana p\u0113c nepiecie\u0161am\u012bbas ir \u013coti svar\u012bgas, lai nodro\u0161in\u0101tu vienm\u0113r\u012bgu darb\u012bbu. Pareiza e\u013c\u013co\u0161ana samazina berzi starp kust\u012bgaj\u0101m da\u013c\u0101m, kas var pagarin\u0101t cilindra kalpo\u0161anas laiku.<\/p>\n<h3>Bl\u012bv\u0113juma nomai\u0146a<\/h3>\n<p>Bl\u012bves ir kritiski svar\u012bgas sast\u0101vda\u013cas, kas periodiski j\u0101nomaina. Regul\u0101ri p\u0101rbaudiet bl\u012bvju st\u0101vokli un nomainiet t\u0101s, ja tiek konstat\u0113tas jebk\u0101das nodiluma vai boj\u0101jumu paz\u012bmes. Nodro\u0161inot, ka bl\u012bves ir lab\u0101 st\u0101vokl\u012b, tiek nov\u0113rsta hidraulisk\u0101 \u0161\u0137idruma nopl\u016bde un uztur\u0113ts spiediens sist\u0113m\u0101, veicinot efekt\u012bvu darb\u012bbu.<\/p>\n<p><img decoding=\"async\" src=\"https:\/\/www.hydraulic-cylinders.net\/wp-content\/uploads\/2025\/04\/songte-chushion-collar.webp\" alt=\"Hidraulisko cilindru deta\u013cas\" \/><\/p>\n<h2>Dro\u0161\u012bbas apsv\u0113rumi un vides faktori<\/h2>\n<p>Str\u0101d\u0101jot ar hidrauliskajiem cilindriem, dro\u0161\u012bbas pas\u0101kumi ir \u0101rk\u0101rt\u012bgi svar\u012bgi. Operatoriem j\u0101apzin\u0101s iesp\u0113jamie apdraud\u0113jumi, kas saist\u012bti ar augstspiediena sist\u0113m\u0101m. Lai samazin\u0101tu riskus, ir svar\u012bgi pien\u0101c\u012bgi apm\u0101c\u012bt par dro\u0161u ekspluat\u0101ciju, \u0101rk\u0101rtas proced\u016br\u0101m un dro\u0161\u012bbas protokolu iev\u0113ro\u0161anu.<\/p>\n<p>Turkl\u0101t j\u0101\u0146em v\u0113r\u0101 ar\u012b vides faktori. Nodro\u0161inot, ka hidrauliskie \u0161\u0137idrumi tiek pareizi apstr\u0101d\u0101ti un utiliz\u0113ti, tiek aizsarg\u0101ta gan vide, gan darbinieku dro\u0161\u012bba. Izlie\u0161anas nov\u0113r\u0161anas strat\u0113\u0123iju ievie\u0161ana un videi draudz\u012bgas prakses iev\u0113ro\u0161ana uzlabo visp\u0101r\u0113jo dro\u0161\u012bbu un ilgtsp\u0113j\u012bbu.<\/p>\n<h2>K\u013c\u016bmju diagnostika un bie\u017e\u0101k sastopam\u0101s probl\u0113mas<\/h2>\n<ul>\n<li><strong>\u0160\u0137idruma nopl\u016bdes:<\/strong> \u0160\u0137idruma nopl\u016bdes bie\u017ei vien liecina par nolietotiem bl\u012bv\u0113jumiem vai boj\u0101tiem komponentiem. Regul\u0101ra p\u0101rbaude un savlaic\u012bga bl\u012bv\u0113jumu nomai\u0146a ir \u013coti svar\u012bga, lai nov\u0113rstu darb\u012bbas probl\u0113mas.<\/li>\n<li><strong>Samazin\u0101ta veiktsp\u0113ja:<\/strong> Ja cilindrs neizvirz\u0101s vai neievelkas vienm\u0113r\u012bgi, tas var liecin\u0101t par zemu hidraulisk\u0101 \u0161\u0137idruma l\u012bmeni vai iek\u0161\u0113jiem boj\u0101jumiem. Lai identific\u0113tu un nov\u0113rstu probl\u0113mu, ir j\u0101p\u0101rbauda \u0161\u0137idruma l\u012bmenis un j\u0101veic r\u016bp\u012bgas p\u0101rbaudes.<\/li>\n<li><strong>Neparastas ska\u0146as:<\/strong> Jebkuras neparastas ska\u0146as darb\u012bbas laik\u0101 var liecin\u0101t par meh\u0101nisk\u0101m probl\u0113m\u0101m. Savlaic\u012bga trok\u0161\u0146a avota izp\u0113te var nov\u0113rst turpm\u0101kus boj\u0101jumus un nodro\u0161in\u0101t dro\u0161\u012bbu.<\/li>\n<\/ul>\n<h2>Probl\u0113mu nov\u0113r\u0161anas padomi<\/h2>\n<p>Lai efekt\u012bvi diagnostic\u0113tu un nov\u0113rstu probl\u0113mas, operatoriem j\u0101iev\u0113ro sistem\u0101tiska pieeja. S\u0101ciet ar vizu\u0101lu p\u0101rbaudi, lai identific\u0113tu visas ac\u012bmredzam\u0101s probl\u0113mas, piem\u0113ram, nopl\u016bdes vai nepareizu izl\u012bdzin\u0101\u0161anu. P\u0113c tam p\u0101rbaudiet hidraulisk\u0101 \u0161\u0137idruma l\u012bmeni un, ja nepiecie\u0161ams, papildiniet, lai uztur\u0113tu spiedienu. Ja rodas neparastas ska\u0146as, apsveriet iesp\u0113ju p\u0101rbaud\u012bt cilindru, vai nav iek\u0161\u0113ja nodiluma vai boj\u0101jumu paz\u012bmju.<\/p>\n<p>Prevent\u012bvu pas\u0101kumu, piem\u0113ram, regul\u0101ras apkopes un p\u0101rbau\u017eu, ievie\u0161ana var iev\u0113rojami samazin\u0101t potenci\u0101lo probl\u0113mu iesp\u0113jam\u012bbu. Regul\u0101ras apkopes grafika izveide pal\u012bdz\u0113s uztur\u0113t hidraulisko cilindru optim\u0101l\u0101 st\u0101vokl\u012b, samazinot d\u012bkst\u0101ves laiku un remonta izmaksas.<\/p>\n<p><img decoding=\"async\" src=\"https:\/\/www.hydraulic-cylinders.net\/wp-content\/uploads\/2025\/04\/songte-bushings-with-all-kinds-of-excavator-models.webp\" alt=\"Ekskavatora bukses\" \/><\/p>\n<h2>Par m\u016bsu uz\u0146\u0113mumu<\/h2>\n<p>M\u0113s esam vado\u0161ais rezerves hidraulisko cilindru ra\u017eot\u0101js, kas pied\u0101v\u0101 pla\u0161u produktu kl\u0101stu, kas apmierina gan viet\u0113jo, gan starptautisko tirgu vajadz\u012bbas. M\u016bsu ap\u0146em\u0161an\u0101s nodro\u0161in\u0101t izcil\u012bbu kvalit\u0101t\u0113 un prec\u012bz\u0101 ra\u017eo\u0161an\u0101 ir padar\u012bjusi m\u016bs par vado\u0161o pieg\u0101d\u0101t\u0101ju hidraulisko cilindru nozar\u0113.<\/p>\n<p>M\u016bsu modern\u0101k\u0101s ra\u017eo\u0161anas iek\u0101rtas izmanto progres\u012bvas tehnolo\u0123ijas un kvalific\u0113tus speci\u0101listus, lai uzlabotu m\u016bsu ra\u017eo\u0161anas jaudas. M\u0113s iev\u0113rojam stingrus kvalit\u0101tes kontroles procesus un starptautisk\u0101s sertifik\u0101cijas, lai nodro\u0161in\u0101tu, ka katrs produkts atbilst augst\u0101kajiem nozares standartiem. Turkl\u0101t m\u0113s pied\u0101v\u0101jam piel\u0101gotus risin\u0101jumus, lai apmierin\u0101tu m\u016bsu klientu \u012bpa\u0161\u0101s vajadz\u012bbas.<\/p>\n<p>M\u016bsu p\u0113cp\u0101rdo\u0161anas serviss ir velt\u012bts nep\u0101rtraukta atbalsta snieg\u0161anai m\u016bsu klientiem, nodro\u0161inot, ka vi\u0146u vajadz\u012bbas tiek apmierin\u0101tas ar\u012b p\u0113c pirkuma veik\u0161anas. M\u016bsu profesion\u0101l\u0101 komanda vienm\u0113r ir gatava pal\u012bdz\u0113t ar visiem jaut\u0101jumiem, remontu vai nomai\u0146u.<\/p>\n<p><img decoding=\"async\" src=\"https:\/\/www.hydraulic-cylinders.net\/wp-content\/uploads\/2025\/04\/songte-company-4.webp\" alt=\"Uz\u0146\u0113muma p\u0101rskats\" \/><br \/>\n<img decoding=\"async\" src=\"https:\/\/www.hydraulic-cylinders.net\/wp-content\/uploads\/2025\/04\/songte-company-3.webp\" alt=\"Ra\u017eo\u0161anas iek\u0101rta\" \/><\/p>\n<p>Autors: lil<\/p>","protected":false},"excerpt":{"rendered":"<p>Boom Cylinder For Caterpillar Small Excavator E305ECR Product Overview The Boom Cylinder for Caterpillar Small Excavator E305ECR is an essential hydraulic component that plays a pivotal role in the functionality of heavy machinery. This type of hydraulic cylinder is specifically designed to control the movements of excavator buckets, allowing operators to lift, lower, and tilt [&hellip;]<\/p>","protected":false},"featured_media":17877,"comment_status":"open","ping_status":"closed","template":"","meta":{"_et_pb_use_builder":"","_et_pb_old_content":"","_et_gb_content_width":""},"product_brand":[],"product_cat":[1546],"product_tag":[1547,1496],"class_list":{"0":"post-18920","1":"product","2":"type-product","3":"status-publish","4":"has-post-thumbnail","6":"product_cat-boom-cylinders","7":"product_tag-boom-cylinders","8":"product_tag-hydraulic-cylinders","10":"first","11":"instock","12":"shipping-taxable","13":"product-type-simple"},"amp_enabled":true,"_links":{"self":[{"href":"https:\/\/www.hydraulic-cylinders.net\/lv\/wp-json\/wp\/v2\/product\/18920","targetHints":{"allow":["GET"]}}],"collection":[{"href":"https:\/\/www.hydraulic-cylinders.net\/lv\/wp-json\/wp\/v2\/product"}],"about":[{"href":"https:\/\/www.hydraulic-cylinders.net\/lv\/wp-json\/wp\/v2\/types\/product"}],"replies":[{"embeddable":true,"href":"https:\/\/www.hydraulic-cylinders.net\/lv\/wp-json\/wp\/v2\/comments?post=18920"}],"wp:featuredmedia":[{"embeddable":true,"href":"https:\/\/www.hydraulic-cylinders.net\/lv\/wp-json\/wp\/v2\/media\/17877"}],"wp:attachment":[{"href":"https:\/\/www.hydraulic-cylinders.net\/lv\/wp-json\/wp\/v2\/media?parent=18920"}],"wp:term":[{"taxonomy":"product_brand","embeddable":true,"href":"https:\/\/www.hydraulic-cylinders.net\/lv\/wp-json\/wp\/v2\/product_brand?post=18920"},{"taxonomy":"product_cat","embeddable":true,"href":"https:\/\/www.hydraulic-cylinders.net\/lv\/wp-json\/wp\/v2\/product_cat?post=18920"},{"taxonomy":"product_tag","embeddable":true,"href":"https:\/\/www.hydraulic-cylinders.net\/lv\/wp-json\/wp\/v2\/product_tag?post=18920"}],"curies":[{"name":"wp","href":"https:\/\/api.w.org\/{rel}","templated":true}]}}