{"id":18924,"date":"2025-04-07T06:02:28","date_gmt":"2025-04-07T06:02:28","guid":{"rendered":"https:\/\/www.hydraulic-cylinders.net\/product\/boom-cylinder-for-caterpillar-small-excavator-e110-110b\/"},"modified":"2025-04-07T06:02:31","modified_gmt":"2025-04-07T06:02:31","slug":"boom-cylinder-for-caterpillar-small-excavator-e110-110b","status":"publish","type":"product","link":"https:\/\/www.hydraulic-cylinders.net\/lv\/products\/boom-cylinder-for-caterpillar-small-excavator-e110-110b\/","title":{"rendered":"Str\u0113les cilindrs Caterpillar mazajam ekskavatoram E110\/110B"},"content":{"rendered":"<h1>Str\u0113les cilindrs Caterpillar mazajam ekskavatoram E110\/110B<\/h1>\n<h2>Produkta p\u0101rskats<\/h2>\n<p>Str\u0113les cilindrs ir svar\u012bga hidrauliska sast\u0101vda\u013ca, kas \u012bpa\u0161i izstr\u0101d\u0101ta Caterpillar mazo ekskavatoru mode\u013ciem E110 un E110B. Tam ir b\u016btiska loma str\u0113les kust\u012bbas kontrol\u0113\u0161an\u0101, \u013caujot operatoram efekt\u012bvi pacelt, nolaist un noliekt str\u0113li. \u0160is hidrauliskais cilindrs ir b\u016btisks da\u017e\u0101diem smago ma\u0161\u012bnu darbiem, padarot to par neat\u0146emamu ekskavatoru, ekskavatoru un front\u0101lo iekr\u0101v\u0113ju darb\u012bbas sast\u0101vda\u013cu. Tas nodro\u0161ina prec\u012bzu materi\u0101lu apstr\u0101di, uzlabojot produktivit\u0101ti b\u016bvlaukumos un cit\u0101s lietojumprogramm\u0101s.<\/p>\n<p><img decoding=\"async\" src=\"https:\/\/www.hydraulic-cylinders.net\/wp-content\/uploads\/2025\/04\/songte-company-1.webp\" alt=\"Str\u0113les cilindra att\u0113ls\"><\/p>\n<h3>Kausa cilindru defin\u012bcija un funkcija<\/h3>\n<p>Kausa cilindrs, kas ir hidraulisk\u0101 cilindra veids, tiek \u012bpa\u0161i izmantots, lai p\u0101rvald\u012btu kausa kust\u012bbas smagaj\u0101s ma\u0161\u012bn\u0101s, piem\u0113ram, ekskavatoros, univers\u0101lajos iekr\u0101v\u0113jos un front\u0101lajos iekr\u0101v\u0113jos. \u0160\u012b hidraulisk\u0101 sast\u0101vda\u013ca \u013cauj operatoriem veikt svar\u012bgus uzdevumus, piem\u0113ram, kausa pacel\u0161anu, nolai\u0161anu un noliek\u0161anu, kas ir b\u016btiski materi\u0101lu apstr\u0101des oper\u0101cij\u0101s. Kausa cilindra funkcionalit\u0101te ir \u0101rk\u0101rt\u012bgi svar\u012bga, lai sasniegtu v\u0113lamo veiktsp\u0113ju da\u017e\u0101dos pielietojumos, tostarp rak\u0161anas darbos un materi\u0101lu transport\u0113\u0161an\u0101, padarot to par neaizst\u0101jamu hidraulisko sist\u0113mu sast\u0101vda\u013cu b\u016bvniec\u012bbas iek\u0101rt\u0101s.<\/p>\n<h2>Str\u0113les cilindra galven\u0101s iez\u012bmes<\/h2>\n<ul>\n<li><strong>Augsta iztur\u012bba un ilgm\u016b\u017e\u012bba:<\/strong> \u0160is cilindrs ir izgatavots no augstas stipr\u012bbas t\u0113rauda vai alum\u012bnija, un tas ir paredz\u0113ts augsta spiediena un lielu slodzi iztur\u0113\u0161anai, piel\u0101gots skarbajai darba videi, vienlaikus nodro\u0161inot nodilumiztur\u012bbu un aizsardz\u012bbu pret koroziju ilg\u0101kam kalpo\u0161anas laikam.<\/li>\n<li><strong>Efekt\u012bva hidraulisk\u0101 darb\u012bba:<\/strong> Str\u0113les cilindrs izmanto hidraulisk\u0101s e\u013c\u013cas spiedienu, lai nodro\u0161in\u0101tu vienm\u0113r\u012bgu izstiep\u0161anu un ievilk\u0161anu, \u013caujot \u0101tri rea\u0123\u0113t uz operatora komand\u0101m un nodro\u0161inot iev\u0113rojamas stum\u0161anas un vilk\u0161anas iesp\u0113jas, kas piem\u0113rotas smagu un sare\u017e\u0123\u012btu uzdevumu veik\u0161anai.<\/li>\n<li><strong>Da\u017e\u0101di veidi:<\/strong> Cilindru, kas pieejams k\u0101 vienas darb\u012bbas (izmantojot hidraulisko sp\u0113ku vien\u0101 virzien\u0101) vai divk\u0101r\u0161as darb\u012bbas (izmantojot hidraulisko sp\u0113ku abos virzienos), var izv\u0113l\u0113ties, pamatojoties uz konkr\u0113t\u0101m ekspluat\u0101cijas pras\u012bb\u0101m. Da\u017eiem mode\u013ciem ir ar\u012b teleskopiska konstrukcija, kas \u013cauj to pagarin\u0101t, nepalielinot \u0101r\u0113jos izm\u0113rus, kas ir ide\u0101li piem\u0113rots lietojumiem ar ierobe\u017eotu vietu.<\/li>\n<li><strong>Piel\u0101gota ra\u017eo\u0161ana:<\/strong> M\u0113s pied\u0101v\u0101jam piel\u0101gotus risin\u0101jumus rezerves hidraulisko cilindru ra\u017eo\u0161anai, kas lieliski atbilst da\u017e\u0101du ma\u0161\u012bnu mode\u013cu specifik\u0101cij\u0101m, nodro\u0161inot netrauc\u0113tu integr\u0101ciju un uzlabotu veiktsp\u0113ju.<\/li>\n<\/ul>\n<p><img decoding=\"async\" src=\"https:\/\/www.hydraulic-cylinders.net\/wp-content\/uploads\/2025\/04\/songte-cylinder-head-with-all-kinds-excavator-models.webp\" alt=\"Ekskavatoru mode\u013ci\"><\/p>\n<h2>Str\u0113les cilindra pielietojumi<\/h2>\n<h3>Celtniec\u012bbas apr\u012bkojums<\/h3>\n<p>Ekskavatoros str\u0113les cilindri ir vit\u0101li svar\u012bgi augsnes vai gru\u017eu rak\u0161anai, iekrau\u0161anai un p\u0101rvieto\u0161anai. Tie \u013cauj ma\u0161\u012bnai efekt\u012bvi veikt da\u017e\u0101dus uzdevumus, s\u0101kot no tran\u0161eju rak\u0161anas l\u012bdz smagu materi\u0101lu cel\u0161anai. Prec\u012bza vad\u012bba, ko nodro\u0161ina str\u0113les cilindrs, uzlabo operatora sp\u0113ju veikt sare\u017e\u0123\u012btus manevrus, padarot to par b\u016btisku objektu sagatavo\u0161an\u0101 un b\u016bvniec\u012bbas darbos.<\/p>\n<h3>Lauksaimniec\u012bbas tehnika<\/h3>\n<p>Front\u0101lajos iekr\u0101v\u0113jos str\u0113les cilindri atvieglo augsnes, siena un citu materi\u0101lu nokas\u012b\u0161anu, cel\u0161anu un transport\u0113\u0161anu. To iztur\u012bg\u0101 konstrukcija nodro\u0161ina uzticamu veiktsp\u0113ju sare\u017e\u0123\u012btos lauksaimniec\u012bbas darbos, pal\u012bdzot iekrau\u0161anas un izkrau\u0161anas oper\u0101cij\u0101s, vienlaikus uzlabojot kop\u0113jo produktivit\u0101ti lauksaimniec\u012bbas darb\u012bb\u0101s.<\/p>\n<h3>Rak\u0161anas tehnika<\/h3>\n<p>Ekskavatoros str\u0113les cilindrs \u013cauj kausam efekt\u012bvi iek\u013c\u016bt augsn\u0113, atvieglojot rak\u0161anas darbus. T\u0101 prec\u012bz\u0101 vad\u012bba \u013cauj veikt da\u017e\u0101dus rak\u0161anas dzi\u013cumus un le\u0146\u0137us, padarot to piem\u0113rotu daudziem rak\u0161anas darbiem da\u017e\u0101d\u0101s reljefa zon\u0101s.<\/p>\n<h3>Iekr\u0101v\u0113ji<\/h3>\n<p>Front\u0101lajos iekr\u0101v\u0113jos str\u0113les cilindrs pal\u012bdz efekt\u012bvi pacelt un izg\u0101zt materi\u0101lus. \u0160\u012b sp\u0113ja ir \u013coti svar\u012bga, lai \u0101tri p\u0101rvietotu lielus augsnes vai gru\u017eu apjomus, iev\u0113rojami uzlabojot iekr\u0101v\u0113ja darb\u012bbas efektivit\u0101ti un lietder\u012bbu iekrau\u0161anas un izkrau\u0161anas situ\u0101cij\u0101s.<\/p>\n<h2>Projekt\u0113\u0161anas apsv\u0113rumi un atlases standarti<\/h2>\n<h3>Kravnes\u012bba<\/h3>\n<p>Str\u0113les cilindra kravnes\u012bba ir viens no kritisk\u0101kajiem konstrukcijas apsv\u0113rumiem. Tam j\u0101b\u016bt atbilsto\u0161i nov\u0113rt\u0113tam, lai iztur\u0113tu maksim\u0101l\u0101s paredzam\u0101s slodzes ekspluat\u0101cijas laik\u0101. Tas nodro\u0161ina, ka cilindrs darbojas dro\u0161i un efekt\u012bvi da\u017e\u0101dos apst\u0101k\u013cos. Izv\u0113loties hidraulisko cilindru, ir svar\u012bgi nov\u0113rt\u0113t apstr\u0101d\u0101jamo materi\u0101lu svaru un sp\u0113kus, kas iedarbojas uz apr\u012bkojumu, lai nodro\u0161in\u0101tu, ka cilindrs var bez atteices iztur\u0113t \u0161\u012bs pras\u012bbas.<\/p>\n<h3>Bl\u012bv\u0113juma veiktsp\u0113ja<\/h3>\n<p>Bl\u012bv\u0113juma veiktsp\u0113ja ir \u013coti svar\u012bga, lai saglab\u0101tu hidraulisko efektivit\u0101ti un nov\u0113rstu nopl\u016bdes. Augstas kvalit\u0101tes bl\u012bv\u0113jumi ir izstr\u0101d\u0101ti, lai iztur\u0113tu hidrauliskaj\u0101s sist\u0113m\u0101s radu\u0161os spiedienu, nodro\u0161inot barjeru pret \u0161\u0137idruma zudumiem, vienlaikus nodro\u0161inot efekt\u012bvu darb\u012bbu. Pareizu bl\u012bv\u0113\u0161anas materi\u0101lu, piem\u0113ram, poliuret\u0101na vai nitrilgumijas, izv\u0113le ir b\u016btiska, lai nodro\u0161in\u0101tu ilgtermi\u0146a uzticam\u012bbu un veiktsp\u0113ju, samazinot apkopes nepiecie\u0161am\u012bbu.<\/p>\n<h3>Iztur\u012bba<\/h3>\n<p>Iztur\u012bba ir b\u016btisks faktors, apsverot str\u0113les cilindra ilgm\u016b\u017e\u012bbu. Tam j\u0101b\u016bt izgatavotam no materi\u0101liem, kas var iztur\u0113t nodilumu un koroziju sare\u017e\u0123\u012btos apst\u0101k\u013cos. Projekt\u0113\u0161anas elementiem j\u0101pie\u0161\u0137ir priorit\u0101te iztur\u012bbai pret eroziju un nogurumu, nodro\u0161inot, ka cilindrs laika gait\u0101 saglab\u0101 savu darbsp\u0113ju, kas ir \u012bpa\u0161i svar\u012bgi nozar\u0113s, kur iek\u0101rtas tiek pak\u013cautas skarbiem apst\u0101k\u013ciem.<\/p>\n<h3>Dro\u0161\u012bba<\/h3>\n<p>Dro\u0161\u012bba ir \u0101rk\u0101rt\u012bgi svar\u012bga, projekt\u0113jot un izv\u0113loties str\u0113les cilindru. T\u0101das funkcijas k\u0101 spiediena samazin\u0101\u0161anas v\u0101rsti un iztur\u012bga konstrukcija pal\u012bdz mazin\u0101t ar hidraulisk\u0101m k\u013c\u016bm\u0113m saist\u012btos riskus. Nodro\u0161inot, ka cilindrs ir konstru\u0113ts, \u0146emot v\u0113r\u0101 dro\u0161\u012bbu, tiek aizsarg\u0101ti gan operatori, gan tehnika, samazinot negad\u012bjumu iesp\u0113jam\u012bbu ekspluat\u0101cijas laik\u0101.<\/p>\n<h3>Apkope<\/h3>\n<p>Vienk\u0101r\u0161a apkope ir b\u016btisks konstrukcijas apsv\u0113rums, kas ietekm\u0113 str\u0113les cilindra darb\u012bbas efektivit\u0101ti. Cilindram j\u0101b\u016bt projekt\u0113tam t\u0101, lai tas b\u016btu pieejams, nodro\u0161inot regul\u0101ras p\u0101rbaudes un apkopi bez p\u0101rm\u0113r\u012bgas demont\u0101\u017eas. Pareiza konstrukcija atvieglo ikdienas apkopes darbus, piem\u0113ram, bl\u012bvju nomai\u0146u un e\u013c\u013co\u0161anu, nodro\u0161inot cilindra optim\u0101lu darba st\u0101vokli un pagarinot t\u0101 kalpo\u0161anas laiku.<\/p>\n<p><img decoding=\"async\" src=\"https:\/\/www.hydraulic-cylinders.net\/wp-content\/uploads\/2025\/04\/songte-oil-pipes-and-spare-parts.webp\" alt=\"Hidraulisk\u0101s da\u013cas\"><\/p>\n<h2>Bl\u012bv\u0113\u0161ana un e\u013c\u013co\u0161ana<\/h2>\n<p>Efekt\u012bva bl\u012bv\u0113\u0161ana un e\u013c\u013co\u0161ana ir b\u016btiska str\u0113les cilindru vienm\u0113r\u012bgai darb\u012bbai. Lai uztur\u0113tu hidraulisk\u0101 \u0161\u0137idruma integrit\u0101ti, tiek izmantoti da\u017e\u0101di bl\u012bv\u0113\u0161anas komponenti, piem\u0113ram, virzu\u013ca bl\u012bv\u0113jumi un stie\u0146a bl\u012bv\u0113jumi. Bl\u012bv\u0113jumi, kas izgatavoti no nodilumiztur\u012bgiem materi\u0101liem, piem\u0113ram, poliuret\u0101na un nitrila gumijas, tiek izv\u0113l\u0113ti to iztur\u012bbas un efektivit\u0101tes d\u0113\u013c nopl\u016b\u017eu nov\u0113r\u0161an\u0101. Cilindra korpusam un v\u012bt\u0146otajiem galiem ir j\u0101veic r\u016bp\u012bga virsmas apstr\u0101de, lai uzlabotu nodilumiztur\u012bbu un nodro\u0161in\u0101tu herm\u0113tisku bl\u012bv\u0113jumu. Turkl\u0101t ir nepiecie\u0161ama regul\u0101ra e\u013c\u013co\u0161ana ar hidraulisko e\u013c\u013cu, lai nodro\u0161in\u0101tu vienm\u0113r\u012bgu darb\u012bbu un nov\u0113rstu iek\u0161\u0113jo komponentu nodilumu.<\/p>\n<h2>Regul\u0101ra p\u0101rbaude un profilaktisk\u0101 apkope<\/h2>\n<ul>\n<li><strong>Regul\u0101ras vizu\u0101l\u0101s p\u0101rbaudes:<\/strong> Regul\u0101ri veiciet vizu\u0101las p\u0101rbaudes, lai p\u0101rliecin\u0101tos, ka nav nodiluma, nopl\u016b\u017eu vai boj\u0101jumu paz\u012bmju. Probl\u0113mu agr\u012bna atkl\u0101\u0161ana var nov\u0113rst nopietn\u0101kas probl\u0113mas v\u0113l\u0101k, nodro\u0161inot balona efekt\u012bvu un dro\u0161u darb\u012bbu.<\/li>\n<li><strong>E\u013c\u013co\u0161anas apkope:<\/strong> Regul\u0101ri iee\u013c\u013cojiet cilindru, izmantojot nor\u0101d\u012bto hidraulisko e\u013c\u013cu, lai nodro\u0161in\u0101tu vienm\u0113r\u012bgu darb\u012bbu. Pareiza e\u013c\u013co\u0161ana samazina berzi un nodilumu, t\u0101d\u0113j\u0101di uzlabojot cilindra ilgm\u016b\u017e\u012bbu un veiktsp\u0113ju.<\/li>\n<li><strong>Bl\u012bv\u0113juma nomai\u0146a:<\/strong> Regul\u0101ru p\u0101rbau\u017eu laik\u0101 p\u0101rbaudiet bl\u012bves, vai nav nodiluma vai nopl\u016b\u017eu paz\u012bmju. Bl\u012bvju savlaic\u012bga nomai\u0146a ir \u013coti svar\u012bga, lai saglab\u0101tu hidraulisko efektivit\u0101ti un nov\u0113rstu \u0161\u0137idruma zudumus.<\/li>\n<\/ul>\n<h2>Uzst\u0101d\u012b\u0161anas vadl\u012bnijas<\/h2>\n<p>Pareiza str\u0113les cilindra uzst\u0101d\u012b\u0161ana ir \u013coti svar\u012bga t\u0101 veiktsp\u0113jai un ilgm\u016b\u017e\u012bbai. Pirms uzst\u0101d\u012b\u0161anas vispirms p\u0101rliecinieties, vai visas sast\u0101vda\u013cas ir t\u012bras un bez gru\u017eiem. Prec\u012bzi izl\u012bdziniet cilindru ar stiprin\u0101juma punktiem, izmantojot atbilsto\u0161us stiprin\u0101juma kron\u0161teinus, lai to nostiprin\u0101tu viet\u0101. P\u0101rliecinieties, vai visi hidrauliskie savienojumi ir cie\u0161i un bez nopl\u016bd\u0113m. P\u0113c uzst\u0101d\u012b\u0161anas ir svar\u012bgi p\u0101rbaud\u012bt cilindru slodzes apst\u0101k\u013cos, lai p\u0101rliecin\u0101tos, ka tas darbojas vienm\u0113r\u012bgi un efekt\u012bvi. Iev\u0113rojiet ra\u017eot\u0101ja specifik\u0101cijas attiec\u012bb\u0101 uz griezes momenta iestat\u012bjumiem un savieno\u0161anas proced\u016br\u0101m un vienm\u0113r skatiet uzst\u0101d\u012b\u0161anas rokasgr\u0101matu, lai ieg\u016btu detaliz\u0113tus nor\u0101d\u012bjumus.<\/p>\n<h2>Bie\u017ei sastopamie apkopes uzdevumi<\/h2>\n<ul>\n<li><strong>Regul\u0101ras p\u0101rbaudes:<\/strong> Regul\u0101ras p\u0101rbaudes ir svar\u012bgas, lai noteiktu str\u0113les cilindra nodilumu. P\u0101rliecinieties, ka mekl\u0113jat nopl\u016bdes un korozijas paz\u012bmes, kas var\u0113tu nor\u0101d\u012bt uz probl\u0113m\u0101m, kur\u0101m nepiecie\u0161ama t\u016bl\u012bt\u0113ja uzman\u012bba.<\/li>\n<li><strong>Pareiza e\u013c\u013co\u0161ana:<\/strong> Regul\u0101ri iee\u013c\u013cojiet cilindru, lai nodro\u0161in\u0101tu iek\u0161\u0113jo komponentu nevainojamu darb\u012bbu. Pareiza e\u013c\u013co\u0161ana nov\u0113r\u0161 p\u0101rm\u0113r\u012bgu nodilumu un nodro\u0161ina efekt\u012bvu hidraulisko darb\u012bbu, pagarinot iek\u0101rtas kalpo\u0161anas laiku.<\/li>\n<li><strong>Bl\u012bv\u0113juma nomai\u0146a:<\/strong> Regul\u0101ri p\u0101rbaudiet bl\u012bv\u0113jumu integrit\u0101ti. Ja ir k\u0101das nodiluma vai boj\u0101jumu paz\u012bmes, nekav\u0113joties nomainiet tos, lai saglab\u0101tu hidraulisko efektivit\u0101ti un nov\u0113rstu nopl\u016bdes. Pareiza bl\u012bv\u0113jumu apkope var iev\u0113rojami pagarin\u0101t str\u0113les cilindra kalpo\u0161anas laiku.<\/li>\n<\/ul>\n<p>Pareiza uzst\u0101d\u012b\u0161ana, e\u013c\u013co\u0161ana un regul\u0113\u0161ana ir \u0101rk\u0101rt\u012bgi svar\u012bga darb\u012bbas efektivit\u0101tei. Uzst\u0101d\u012b\u0161anas laik\u0101 p\u0101rliecinieties, vai cilindrs ir prec\u012bzi izl\u012bdzin\u0101ts, lai nov\u0113rstu slodzi uz deta\u013c\u0101m, un izmantojiet atbilsto\u0161us stiprin\u0101juma elementus t\u0101 nostiprin\u0101\u0161anai. Lai uztur\u0113tu optim\u0101lu veiktsp\u0113ju un uzticam\u012bbu, j\u0101veic regul\u0101ras p\u0101rbaudes, remonts un nolietoto deta\u013cu nomai\u0146a.<\/p>\n<p><img decoding=\"async\" src=\"https:\/\/www.hydraulic-cylinders.net\/wp-content\/uploads\/2025\/04\/songte-chushion-collar.webp\" alt=\"Spilvenu apkakle\"><\/p>\n<h2>Dro\u0161\u012bbas apsv\u0113rumi un vides faktori<\/h2>\n<p>Izmantojot hidrauliskos cilindrus, dro\u0161\u012bbas pas\u0101kumi ir \u0101rk\u0101rt\u012bgi svar\u012bgi. Nodro\u0161iniet, lai operatori b\u016btu apm\u0101c\u012bti atpaz\u012bt iesp\u0113jamos apdraud\u0113jumus, kas saist\u012bti ar hidrauliskaj\u0101m sist\u0113m\u0101m. Regul\u0101ras dro\u0161\u012bbas p\u0101rbaudes un dro\u0161\u012bbas protokolu iev\u0113ro\u0161ana ir b\u016btiska, lai samazin\u0101tu riskus. Turkl\u0101t \u0146emiet v\u0113r\u0101 vides faktorus, piem\u0113ram, \u0161\u0137idrumu utiliz\u0101ciju un iesp\u0113jam\u0101s nopl\u016bdes, un ieviesiet strat\u0113\u0123ijas, lai mazin\u0101tu to ietekmi uz apk\u0101rt\u0113jo vidi.<\/p>\n<h2>K\u013c\u016bmju diagnostika un bie\u017e\u0101k sastopam\u0101s probl\u0113mas<\/h2>\n<ul>\n<li><strong>Nopl\u016bde:<\/strong> Nopl\u016bde ir viena no visbie\u017e\u0101k sastopamaj\u0101m probl\u0113m\u0101m, ar kur\u0101m saskaras str\u0113les cilindri. To var izrais\u012bt nodilu\u0161as bl\u012bves vai boj\u0101tas deta\u013cas. Regul\u0101ras p\u0101rbaudes var pal\u012bdz\u0113t laikus atkl\u0101t nopl\u016bdes, \u013caujot veikt savlaic\u012bgu remontu.<\/li>\n<li><strong>Samazin\u0101ta veiktsp\u0113ja:<\/strong> Ja cilindrs nesasniedz paredz\u0113to veiktsp\u0113ju, tas var b\u016bt saist\u012bts ar nepietiekamu e\u013c\u013co\u0161anu vai hidrauliskaj\u0101 sist\u0113m\u0101 iesprostotu gaisu. Pareiza apkope var nov\u0113rst \u0161\u012bs probl\u0113mas.<\/li>\n<li><strong>P\u0101rkar\u0161ana:<\/strong> P\u0101rkar\u0161ana var rasties, ja hidrauliskais \u0161\u0137idrums necirkul\u0113 pareizi vai ja sist\u0113m\u0101 ir p\u0101rm\u0113r\u012bga berze. Regul\u0101ras p\u0101rbaudes un \u0161\u0137idruma papildin\u0101\u0161ana var pal\u012bdz\u0113t nov\u0113rst \u0161o probl\u0113mu.<\/li>\n<\/ul>\n<p>Lai efekt\u012bvi diagnostic\u0113tu k\u013c\u016bmes, ir svar\u012bgi veikt sistem\u0101tiskas hidraulisk\u0101s sist\u0113mas p\u0101rbaudes. Regul\u0101ra apkope var nov\u0113rst daudzas bie\u017ei sastopamas probl\u0113mas, nodro\u0161inot str\u0113les cilindra efekt\u012bvu darb\u012bbu. Operatori ir j\u0101apm\u0101ca atpaz\u012bt agr\u012bnas k\u013c\u016bmes br\u012bdin\u0101juma paz\u012bmes, lai var\u0113tu nekav\u0113joties iejaukties.<\/p>\n<p><img decoding=\"async\" src=\"https:\/\/www.hydraulic-cylinders.net\/wp-content\/uploads\/2025\/04\/songte-bushings-with-all-kinds-of-excavator-models.webp\" alt=\"Ekskavatora bukses\"><\/p>\n<h2>Uz\u0146\u0113muma ievads<\/h2>\n<p>M\u0113s esam ra\u017eot\u0101js, kas specializ\u0113jas rezerves hidraulisko cilindru ra\u017eo\u0161an\u0101, pied\u0101v\u0101jot pla\u0161u produktu kl\u0101stu, lai apmierin\u0101tu da\u017e\u0101d\u0101s viet\u0113j\u0101 un starptautisk\u0101 tirgus vajadz\u012bbas. K\u0101 viens no vado\u0161ajiem hidraulisko cilindru ra\u017eot\u0101jiem un vairumtirgot\u0101jiem, m\u0113s iev\u0113rojam izcil\u012bbu kvalit\u0101t\u0113. M\u016bsu ra\u017eo\u0161anas strat\u0113\u0123ija koncentr\u0113jas uz pilnveidotiem ra\u017eo\u0161anas procesiem, izmantojot augst\u0101k\u0101s klases digit\u0101l\u0101s ra\u017eo\u0161anas iek\u0101rtas un modernas test\u0113\u0161anas sist\u0113mas, lai nep\u0101rtraukti uzlabotu m\u016bsu ra\u017eo\u0161anas platformu. M\u016bsu sp\u0113c\u012bg\u0101s inov\u0101ciju sp\u0113jas \u013cauj mums apmierin\u0101t klientu da\u017e\u0101d\u0101s pras\u012bbas ar augstu efektivit\u0101ti, precizit\u0101ti un kvalit\u0101ti.<\/p>\n<p><img decoding=\"async\" src=\"https:\/\/www.hydraulic-cylinders.net\/wp-content\/uploads\/2025\/04\/songte-company-4.webp\" alt=\"Uz\u0146\u0113muma p\u0101rskats\"><br \/>\n<img decoding=\"async\" src=\"https:\/\/www.hydraulic-cylinders.net\/wp-content\/uploads\/2025\/04\/songte-company-3.webp\" alt=\"Ra\u017eo\u0161anas process\"><\/p>\n<p>M\u016bsu ap\u0146em\u0161an\u0101s sniegt profesion\u0101lus pakalpojumus, starptautiskas sertifik\u0101cijas, piel\u0101gojamus risin\u0101jumus, modern\u0101k\u0101s ra\u017eo\u0161anas iek\u0101rtas un atsauc\u012bgu p\u0113cp\u0101rdo\u0161anas atbalstu at\u0161\u0137ir m\u016bs nozar\u0113. M\u0113s cen\u0161amies nodro\u0161in\u0101t saviem klientiem ne tikai augstas kvalit\u0101tes produktus, bet ar\u012b uzticamu atbalstu vis\u0101 vi\u0146u pieredzes laik\u0101 ar mums.<\/p>\n<p>Autors: lil<\/p>","protected":false},"excerpt":{"rendered":"<p>Boom Cylinder For Caterpillar Small Excavator E110\/110B Product Overview The Boom Cylinder is a crucial hydraulic component specifically designed for the Caterpillar Small Excavator models E110 and E110B. It plays a vital role in controlling the boom&#8217;s movement, allowing the operator to lift, lower, and tilt the boom efficiently. This hydraulic cylinder is essential for [&hellip;]<\/p>","protected":false},"featured_media":17881,"comment_status":"open","ping_status":"closed","template":"","meta":{"_et_pb_use_builder":"","_et_pb_old_content":"","_et_gb_content_width":""},"product_brand":[],"product_cat":[1546],"product_tag":[1547,1496],"class_list":{"0":"post-18924","1":"product","2":"type-product","3":"status-publish","4":"has-post-thumbnail","6":"product_cat-boom-cylinders","7":"product_tag-boom-cylinders","8":"product_tag-hydraulic-cylinders","10":"first","11":"instock","12":"shipping-taxable","13":"product-type-simple"},"amp_enabled":true,"_links":{"self":[{"href":"https:\/\/www.hydraulic-cylinders.net\/lv\/wp-json\/wp\/v2\/product\/18924","targetHints":{"allow":["GET"]}}],"collection":[{"href":"https:\/\/www.hydraulic-cylinders.net\/lv\/wp-json\/wp\/v2\/product"}],"about":[{"href":"https:\/\/www.hydraulic-cylinders.net\/lv\/wp-json\/wp\/v2\/types\/product"}],"replies":[{"embeddable":true,"href":"https:\/\/www.hydraulic-cylinders.net\/lv\/wp-json\/wp\/v2\/comments?post=18924"}],"wp:featuredmedia":[{"embeddable":true,"href":"https:\/\/www.hydraulic-cylinders.net\/lv\/wp-json\/wp\/v2\/media\/17881"}],"wp:attachment":[{"href":"https:\/\/www.hydraulic-cylinders.net\/lv\/wp-json\/wp\/v2\/media?parent=18924"}],"wp:term":[{"taxonomy":"product_brand","embeddable":true,"href":"https:\/\/www.hydraulic-cylinders.net\/lv\/wp-json\/wp\/v2\/product_brand?post=18924"},{"taxonomy":"product_cat","embeddable":true,"href":"https:\/\/www.hydraulic-cylinders.net\/lv\/wp-json\/wp\/v2\/product_cat?post=18924"},{"taxonomy":"product_tag","embeddable":true,"href":"https:\/\/www.hydraulic-cylinders.net\/lv\/wp-json\/wp\/v2\/product_tag?post=18924"}],"curies":[{"name":"wp","href":"https:\/\/api.w.org\/{rel}","templated":true}]}}