{"id":18925,"date":"2025-04-07T06:02:31","date_gmt":"2025-04-07T06:02:31","guid":{"rendered":"https:\/\/www.hydraulic-cylinders.net\/product\/boom-cylinder-for-caterpillar-small-excavator-e302-7dcr\/"},"modified":"2025-04-07T06:02:33","modified_gmt":"2025-04-07T06:02:33","slug":"boom-cylinder-for-caterpillar-small-excavator-e302-7dcr","status":"publish","type":"product","link":"https:\/\/www.hydraulic-cylinders.net\/lv\/products\/boom-cylinder-for-caterpillar-small-excavator-e302-7dcr\/","title":{"rendered":"Str\u0113les cilindrs Caterpillar mazajam ekskavatoram E302.7DCR"},"content":{"rendered":"<h1>Str\u0113les cilindrs Caterpillar mazajam ekskavatoram E302.7DCR<\/h1>\n<h2>Ievads str\u0113les cilindr\u0101<\/h2>\n<p>Str\u0113les cilindrs Caterpillar mazajam ekskavatoram E302.7DCR ir b\u016btiska hidrauliska sast\u0101vda\u013ca, kas \u012bpa\u0161i paredz\u0113ta da\u017e\u0101du smago ma\u0161\u012bnu, tostarp ekskavatoru, kust\u012bbas vad\u012bbai. \u0160im hidrauliskajam cilindram ir iz\u0161\u0137iro\u0161a loma str\u0113les pacel\u0161an\u0101, nolai\u0161an\u0101 un noliek\u0161an\u0101, padarot to neaizst\u0101jamu materi\u0101lu apstr\u0101des darbos b\u016bvniec\u012bb\u0101 un lauksaimniec\u012bbas darbos. Ar sp\u0113ju p\u0101rvald\u012bt augstspiediena hidraulisko \u0161\u0137idrumu str\u0113les cilindrs nodro\u0161ina efekt\u012bvu iek\u0101rtas darb\u012bbu, uzlabojot produktivit\u0101ti un veiktsp\u0113ju.<\/p>\n<p><img decoding=\"async\" src=\"https:\/\/www.hydraulic-cylinders.net\/wp-content\/uploads\/2025\/04\/songte-company-1.webp\" alt=\"Str\u0113les cilindrs\" \/><\/p>\n<h3>Kausa cilindra funkcija un pielietojums<\/h3>\n<p>Kausa cilindrs ir hidraulisk\u0101 cilindra veids, kas \u012bpa\u0161i paredz\u0113ts kausu darb\u012bbas vad\u012bbai smagaj\u0101s ma\u0161\u012bn\u0101s, piem\u0113ram, ekskavatoros, univers\u0101lajos iekr\u0101v\u0113jos un front\u0101lajos iekr\u0101v\u0113jos. Tas \u013cauj kausam veikt da\u017e\u0101das kust\u012bbas, kas ir b\u016btiskas materi\u0101lu rak\u0161anai, cel\u0161anai un transport\u0113\u0161anai. Cilindra darb\u012bbas efektivit\u0101te ir kritiski svar\u012bga b\u016bvniec\u012bb\u0101, \u013caujot prec\u012bzi kontrol\u0113t rak\u0161anas procesus, t\u0101d\u0113j\u0101di uzlabojot ma\u0161\u012bnas kop\u0113jo efektivit\u0101ti.<\/p>\n<h2>Str\u0113les cilindra \u012bpa\u0161\u012bbas<\/h2>\n<ul>\n<li><strong>Augsta iztur\u012bba un ilgm\u016b\u017e\u012bba:<\/strong> Parasti no augstas stipr\u012bbas t\u0113rauda vai alum\u012bnija izgatavotais str\u0113les cilindrs var iztur\u0113t augstu spiedienu un lielas slodzes, padarot to piem\u0113rotu skarbajiem darba apst\u0101k\u013ciem.<\/li>\n<li><strong>Efekt\u012bva hidraulisk\u0101 darb\u012bba:<\/strong> Izmanto hidraulisk\u0101s e\u013c\u013cas spiedienu vienm\u0113r\u012bgai izvilk\u0161anai un ievilk\u0161anai, \u0101tri rea\u0123\u0113jot uz vad\u012bbas komand\u0101m, vienlaikus nodro\u0161inot iev\u0113rojamu stum\u0161anas un vilk\u0161anas sp\u0113ku.<\/li>\n<li><strong>Da\u017e\u0101di veidi:<\/strong> Pieejami vienk\u0101r\u0161\u0101s un divk\u0101r\u0161\u0101s darb\u012bbas konfigur\u0101cij\u0101s, lai apmierin\u0101tu da\u017e\u0101das ekspluat\u0101cijas vajadz\u012bbas, da\u017eiem mode\u013ciem ir teleskopiska konstrukcija, kas nodro\u0161ina liel\u0101ku pagarin\u0101jumu, nepalielinot \u0101r\u0113jos izm\u0113rus.<\/li>\n<li><strong>Nodilumiztur\u012bba:<\/strong> Izstr\u0101d\u0101ts, dom\u0101jot par iztur\u012bbu, ar pretkorozijas \u012bpa\u0161\u012bb\u0101m, lai pagarin\u0101tu deta\u013cas kalpo\u0161anas laiku.<\/li>\n<li><strong>Vienk\u0101r\u0161a apkope:<\/strong> Izstr\u0101d\u0101ts vienk\u0101r\u0161ai apkopei un remontam, nodro\u0161inot minim\u0101lu apr\u012bkojuma d\u012bkst\u0101ves laiku.<\/li>\n<\/ul>\n<p>M\u016bsu uz\u0146\u0113mums specializ\u0113jas \u0161\u012b produkta ra\u017eo\u0161an\u0101, nodro\u0161inot augstas kvalit\u0101tes hidrauliskos cilindrus, kas lieliski aizst\u0101j eso\u0161\u0101s vien\u012bbas.<\/p>\n<p><img decoding=\"async\" src=\"https:\/\/www.hydraulic-cylinders.net\/wp-content\/uploads\/2025\/04\/songte-cylinder-head-with-all-kinds-excavator-models.webp\" alt=\"Ekskavatoru mode\u013ci\" \/><\/p>\n<h2>Str\u0113les cilindra pielietojumi<\/h2>\n<h3>Celtniec\u012bbas apr\u012bkojums<\/h3>\n<p>B\u016bvniec\u012bbas tehnik\u0101, \u012bpa\u0161i ekskavatoros, str\u0113les cilindri ir \u013coti svar\u012bgi efekt\u012bvai zemes vai gru\u017eu rak\u0161anai, iekrau\u0161anai un p\u0101rvieto\u0161anai. Tie \u013cauj operatoriem prec\u012bzi manevr\u0113t kausu, uzlabojot ma\u0161\u012bnas sp\u0113ju efekt\u012bvi veikt sare\u017e\u0123\u012btus uzdevumus.<\/p>\n<h3>Lauksaimniec\u012bbas tehnika<\/h3>\n<p>Lauksaimniec\u012bbas tehnik\u0101 str\u0113les cilindri ir atrodami front\u0101lajos iekr\u0101v\u0113jos, kur tie atvieglo augsnes, siena un citu materi\u0101lu iekrau\u0161anu, cel\u0161anu un transport\u0113\u0161anu. To efekt\u012bv\u0101 konstrukcija \u013cauj lauksaimniekiem viegli vad\u012bt smago tehniku, uzlabojot darb\u012bbas produktivit\u0101ti.<\/p>\n<h3>Ekskavatori<\/h3>\n<p>Ekskavatoriem str\u0113les cilindrs \u013cauj kausam iek\u013c\u016bt augsn\u0113, efekt\u012bvi veicot rak\u0161anas darb\u012bbas. T\u0101 hidraulisk\u0101 jauda \u013cauj veikt dzi\u013c\u0101kus izrakumus, padarot to par iz\u0161\u0137iro\u0161u elementu da\u017e\u0101dos b\u016bvniec\u012bbas projektos.<\/p>\n<h3>Iekr\u0101v\u0113ji<\/h3>\n<p>Front\u0101lajos iekr\u0101v\u0113jos str\u0113les cilindri pal\u012bdz efekt\u012bvi pacelt un izg\u0101zt kravas. Tie nodro\u0161ina, ka smagie materi\u0101li tiek p\u0101rvietoti \u0101tri, t\u0101d\u0113j\u0101di veicinot iekrau\u0161anas oper\u0101ciju kop\u0113jo produktivit\u0101ti.<\/p>\n<h2>Projekt\u0113\u0161anas apsv\u0113rumi un atlases standarti<\/h2>\n<h3>Kravnes\u012bba<\/h3>\n<p>Str\u0113les cilindra kravnes\u012bba ir kritisks faktors, kas nosaka t\u0101 piem\u0113rot\u012bbu da\u017e\u0101diem pielietojumiem. Ir svar\u012bgi izv\u0113l\u0113ties cilindru, kas sp\u0113j iztur\u0113t maksim\u0101lo ekspluat\u0101cijas laik\u0101 paredzamo slodzi bez atteices riska. Izpratne par tehnikas \u012bpa\u0161aj\u0101m slodzes pras\u012bb\u0101m pal\u012bdz\u0113s izv\u0113l\u0113ties pareizo cilindra izm\u0113ru un konfigur\u0101ciju.<\/p>\n<h3>Bl\u012bv\u0113\u0161anas funkcijas<\/h3>\n<p>Bl\u012bv\u0113\u0161anas sist\u0113mas ir b\u016btiskas hidraulisko cilindru pareizai darb\u012bbai. T\u0101s nov\u0113r\u0161 \u0161\u0137idruma nopl\u016bdes, saglab\u0101jot hidraulisk\u0101s sist\u0113mas integrit\u0101ti. Augstas kvalit\u0101tes bl\u012bv\u0113\u0161anas materi\u0101lu, piem\u0113ram, poliuret\u0101na vai nitrila gumijas, izv\u0113le nodro\u0161ina iztur\u012bbu un efektivit\u0101ti pret nodilumu.<\/p>\n<h3>Iztur\u012bba<\/h3>\n<p>Iztur\u012bba ir \u0101rk\u0101rt\u012bgi svar\u012bgs apsv\u0113rums, projekt\u0113jot hidrauliskos cilindrus. Tiem j\u0101sp\u0113j iztur\u0113t skarbos b\u016bvniec\u012bbas un lauksaimniec\u012bbas vides apst\u0101k\u013cus. Materi\u0101li tiek izv\u0113l\u0113ti, \u0146emot v\u0113r\u0101 to iztur\u012bbu pret nodilumu, koroziju un nogurumu, lai pagarin\u0101tu produkta kalpo\u0161anas laiku.<\/p>\n<h3>Dro\u0161\u012bba<\/h3>\n<p>Hidraulisko cilindru konstrukcij\u0101 nedr\u012bkst ignor\u0113t dro\u0161\u012bbas elementus. Pareiza in\u017eenierija nodro\u0161ina, ka cilindri darbojas dro\u0161\u0101s spiediena robe\u017e\u0101s, un tajos ir iek\u013cautas t\u0101das funkcijas k\u0101 p\u0101rslodzes aizsardz\u012bba, lai nov\u0113rstu negad\u012bjumus darb\u012bbas laik\u0101.<\/p>\n<h3>Apkopes pieejam\u012bba<\/h3>\n<p>Projekt\u0113\u0161ana, kas paredz\u0113ta vienk\u0101r\u0161ai apkopei, ir \u013coti svar\u012bga, lai samazin\u0101tu d\u012bkst\u0101ves laiku. Hidrauliskajiem cilindriem j\u0101b\u016bt konstru\u0113tiem t\u0101, lai regul\u0101ras p\u0101rbaudes, e\u013c\u013co\u0161anu un deta\u013cu nomai\u0146u var\u0113tu veikt \u0101tri un efekt\u012bvi, nodro\u0161inot minim\u0101lus darb\u012bbas trauc\u0113jumus.<\/p>\n<p><img decoding=\"async\" src=\"https:\/\/www.hydraulic-cylinders.net\/wp-content\/uploads\/2025\/04\/songte-oil-pipes-and-spare-parts.webp\" alt=\"E\u013c\u013cas caurules un rezerves da\u013cas\" \/><\/p>\n<h2>Bl\u012bv\u0113\u0161ana un e\u013c\u013co\u0161ana<\/h2>\n<p>Hidraulisko cilindru efektivit\u0101te liel\u0101 m\u0113r\u0101 ir atkar\u012bga no to bl\u012bv\u0113\u0161anas un e\u013c\u013co\u0161anas sist\u0113m\u0101m. Da\u017e\u0101diem bl\u012bv\u0113jumiem, piem\u0113ram, virzu\u013ca bl\u012bv\u0113jumiem un stie\u0146a bl\u012bv\u0113jumiem, ir b\u016btiska loma hidraulisk\u0101 spiediena uztur\u0113\u0161an\u0101 un nopl\u016b\u017eu nov\u0113r\u0161an\u0101. \u0160ie bl\u012bv\u0113jumi parasti ir izgatavoti no nodilumiztur\u012bgiem materi\u0101liem, piem\u0113ram, poliuret\u0101na un nitrila gumijas, kas nodro\u0161ina izcilu iztur\u012bbu.<\/p>\n<p>Lai nodro\u0161in\u0101tu hidraulisk\u0101 cilindra ilgm\u016b\u017e\u012bbu, cilindra korpuss un v\u012bt\u0146ot\u0101s gala virsmas tiek prec\u012bzi apstr\u0101d\u0101tas, lai uzlabotu nodilumiztur\u012bbu. Turkl\u0101t optim\u0101lai veiktsp\u0113jai ir nepiecie\u0161ama regul\u0101ra e\u013c\u013co\u0161ana, izmantojot atbilsto\u0161u hidraulisko \u0161\u0137idrumu. Pareiza e\u013c\u013co\u0161ana pal\u012bdz samazin\u0101t berzi, nov\u0113rst nodilumu un uztur\u0113t hidraulisk\u0101s sist\u0113mas efektivit\u0101ti.<\/p>\n<h2>Prevent\u012bvie apkopes pas\u0101kumi<\/h2>\n<ul>\n<li><strong>Regul\u0101ras p\u0101rbaudes:<\/strong> Regul\u0101ri veiciet p\u0101rbaudes, lai noteiktu jebk\u0101das nodiluma, nopl\u016b\u017eu vai boj\u0101jumu paz\u012bmes. Agr\u012bna atkl\u0101\u0161ana var nov\u0113rst nopietnus darb\u012bbas trauc\u0113jumus un pagarin\u0101t cilindra kalpo\u0161anas laiku.<\/li>\n<li><strong>Piem\u0113rota e\u013c\u013co\u0161ana:<\/strong> Lai nodro\u0161in\u0101tu vienm\u0113r\u012bgu darb\u012bbu un nov\u0113rstu iestr\u0113g\u0161anu, regul\u0101ri e\u013c\u013cojiet cilindru ar pareizo hidraulisko e\u013c\u013cu.<\/li>\n<li><strong>Bl\u012bv\u0113juma nomai\u0146a:<\/strong> Nomainiet bl\u012bves p\u0113c nepiecie\u0161am\u012bbas, lai nov\u0113rstu nopl\u016bdes un uztur\u0113tu hidraulisko spiedienu. Regul\u0101ras bl\u012bvju integrit\u0101tes p\u0101rbaudes var pal\u012bdz\u0113t savlaic\u012bgi t\u0101s nomain\u012bt.<\/li>\n<\/ul>\n<h2>Uzst\u0101d\u012b\u0161anas vadl\u012bnijas<\/h2>\n<p>Pareiza str\u0113les cilindra uzst\u0101d\u012b\u0161ana ir \u013coti svar\u012bga t\u0101 veiktsp\u0113jai un ilgm\u016b\u017e\u012bbai. \u0160eit ir sniegti nor\u0101d\u012bjumi, kas j\u0101iev\u0113ro:<\/p>\n<p>1. **Izl\u012bdzin\u0101\u0161ana:** P\u0101rliecinieties, vai hidrauliskais cilindrs ir pareizi izl\u012bdzin\u0101ts ar stiprin\u0101juma punktiem. Nepareiza izl\u012bdzin\u0101\u0161ana var izrais\u012bt priek\u0161laic\u012bgu nodilumu vai boj\u0101jumus.<\/p>\n<p>2. **Mont\u0101\u017eas kron\u0161teinu izmanto\u0161ana:** Izmantojiet atbilsto\u0161us mont\u0101\u017eas kron\u0161teinus, lai nostiprin\u0101tu cilindru viet\u0101. Tas pal\u012bdz\u0113s saglab\u0101t stabilit\u0101ti darb\u012bbas laik\u0101.<\/p>\n<p>3. **Skr\u016bvju pievilk\u0161ana:** Cie\u0161i pievelciet visas stiprin\u0101juma skr\u016bves, nodro\u0161inot, ka cilindrs lieto\u0161anas laik\u0101 nekustas.<\/p>\n<p>4. **Hidrauliskie savienojumi:** P\u0101rliecinieties, vai hidrauliskie savienojumi ir dro\u0161i un bez nopl\u016bd\u0113m. P\u0101rbaudiet visus savienojumus, lai p\u0101rliecin\u0101tos, ka tie ir pareizi pievilkti.<\/p>\n<p>5. **Nosl\u0113guma p\u0101rbaude:** P\u0113c uzst\u0101d\u012b\u0161anas veiciet nosl\u0113guma p\u0101rbaudi, lai p\u0101rliecin\u0101tos, ka viss ir k\u0101rt\u012bb\u0101, pirms s\u0101kat darbu.<\/p>\n<p><img decoding=\"async\" src=\"https:\/\/www.hydraulic-cylinders.net\/wp-content\/uploads\/2025\/04\/songte-chushion-collar.webp\" alt=\"Spilvenu apkakle\" \/><\/p>\n<h2>Bie\u017ei sastopamie apkopes uzdevumi<\/h2>\n<ul>\n<li><strong>Regul\u0101ras p\u0101rbaudes:<\/strong> Regul\u0101ru p\u0101rbau\u017eu veik\u0161ana pal\u012bdz noteikt nodilumu un iesp\u0113jam\u0101s probl\u0113mas, pirms t\u0101s p\u0101raug nopietn\u0101s probl\u0113m\u0101s. Darb\u012bbas laik\u0101 ir \u013coti svar\u012bgi p\u0101rbaud\u012bt, vai nav nopl\u016b\u017eu, plaisu vai neparastu ska\u0146u.<\/li>\n<li><strong>Pareiza e\u013c\u013co\u0161ana:<\/strong> Hidraulisk\u0101 cilindra pien\u0101c\u012bga e\u013c\u013co\u0161ana ir t\u0101 funkcionalit\u0101tes atsl\u0113ga. Regul\u0101ri uzkl\u0101jiet ieteicamo hidraulisko \u0161\u0137idrumu, lai samazin\u0101tu berzi un nodilumu.<\/li>\n<li><strong>Bl\u012bv\u0113juma nomai\u0146a:<\/strong> Regul\u0101ri p\u0101rbaudiet bl\u012bv\u0113jumu st\u0101vokli un nomainiet tos, kad nepiecie\u0161ams. Tas pal\u012bdz uztur\u0113t hidraulisko spiedienu un nov\u0113r\u0161 nopl\u016bdes, nodro\u0161inot cilindra efekt\u012bvu darb\u012bbu.<\/li>\n<\/ul>\n<p>Uzst\u0101d\u012b\u0161anas laik\u0101 p\u0101rliecinieties, vai cilindrs ir pareizi izl\u012bdzin\u0101ts un nostiprin\u0101ts. Pareizu uzst\u0101d\u012b\u0161anas meto\u017eu un instrumentu izmanto\u0161ana ir b\u016btiska, lai nov\u0113rstu probl\u0113mas n\u0101kotn\u0113. Iev\u0113rojot ieteicamos apkopes grafikus un proced\u016bras, iev\u0113rojami palielin\u0101sies hidraulisk\u0101 cilindra kalpo\u0161anas laiks un veiktsp\u0113ja.<\/p>\n<h2>Dro\u0161\u012bbas apsv\u0113rumi un vides faktori<\/h2>\n<p>R\u012bkojoties ar hidrauliskajiem cilindriem, ir svar\u012bgi priorit\u0101ti pie\u0161\u0137irt dro\u0161\u012bbai. J\u0101ievie\u0161 atbilsto\u0161i dro\u0161\u012bbas pas\u0101kumi, lai nov\u0113rstu negad\u012bjumus darb\u012bbas laik\u0101. Str\u0101d\u0101jot ar hidraulisko sist\u0113mu, izmantojiet atbilsto\u0161us individu\u0101los aizsardz\u012bbas l\u012bdzek\u013cus (IAL), tostarp cimdus un aizsargbrilles. P\u0101rliecinieties, ka visi operatori ir apm\u0101c\u012bti dro\u0161\u0101 hidraulisko iek\u0101rtu lieto\u0161an\u0101 un izprot iesp\u0113jamos apdraud\u0113jumus, kas saist\u012bti ar hidrauliskaj\u0101m darb\u012bb\u0101m.<\/p>\n<h2>Probl\u0113mu nov\u0113r\u0161ana un bie\u017ei sastopamas probl\u0113mas<\/h2>\n<ul>\n<li><strong>Nopl\u016bde:<\/strong> Viena no visbie\u017e\u0101k sastopamaj\u0101m probl\u0113m\u0101m ir hidraulisk\u0101 \u0161\u0137idruma nopl\u016bde, ko bie\u017ei vien izraisa nodilu\u0161as bl\u012bves. Regul\u0101ri p\u0101rbaudiet bl\u012bves un nomainiet t\u0101s, kad nepiecie\u0161ams.<\/li>\n<li><strong>Samazin\u0101ta veiktsp\u0113ja:<\/strong> Ja hidrauliskais cilindrs neizvirz\u0101s vai neievelkas vienm\u0113r\u012bgi, tas var liecin\u0101t par zemu hidraulisk\u0101 \u0161\u0137idruma l\u012bmeni vai aizsprostojumu hidrauliskaj\u0101s l\u012bnij\u0101s. P\u0101rbaudiet \u0161\u0137idruma l\u012bmeni un nov\u0113rsiet visus aizsprostojumus.<\/li>\n<li><strong>Neparastas ska\u0146as:<\/strong> Neparastas ska\u0146as darb\u012bbas laik\u0101 var liecin\u0101t par iek\u0161\u0113jiem boj\u0101jumiem. Noskaidrojiet trok\u0161\u0146a avotu un veiciet nepiecie\u0161amos remontdarbus.<\/li>\n<\/ul>\n<p>Jebkuru probl\u0113mu gad\u012bjum\u0101 \u0101tra diagnostika un efekt\u012bvs remonts ir \u013coti svar\u012bgi, lai samazin\u0101tu d\u012bkst\u0101ves laiku. Regul\u0101ra hidraulisk\u0101s sist\u0113mas apkope ar\u012b pal\u012bdz nov\u0113rst potenci\u0101las probl\u0113mas, pirms t\u0101s rodas.<\/p>\n<p><img decoding=\"async\" src=\"https:\/\/www.hydraulic-cylinders.net\/wp-content\/uploads\/2025\/04\/songte-bushings-with-all-kinds-of-excavator-models.webp\" alt=\"Ekskavatoru mode\u013cu bukses\" \/><\/p>\n<h2>Par m\u016bsu uz\u0146\u0113mumu<\/h2>\n<p>M\u0113s esam vado\u0161ais alternat\u012bvo hidraulisko cilindru ra\u017eot\u0101js, kas pied\u0101v\u0101 pla\u0161u produktu kl\u0101stu gan viet\u0113j\u0101, gan starptautiskaj\u0101 tirg\u016b. M\u016bsu ap\u0146em\u0161anos nodro\u0161in\u0101t izcilu kvalit\u0101ti atbalsta m\u016bsu pilnveidot\u0101s ra\u017eo\u0161anas vad\u012bbas strat\u0113\u0123ijas un modern\u0101k\u0101s ra\u017eo\u0161anas iek\u0101rtas. Izmantojot tehniskos talantus, modernu ra\u017eo\u0161anas apr\u012bkojumu un profesion\u0101las kvalit\u0101tes p\u0101rbaudes sist\u0113mas, m\u0113s nep\u0101rtraukti uzlabojam savas ra\u017eo\u0161anas iesp\u0113jas un kvalit\u0101tes nodro\u0161in\u0101\u0161anas procesus.<\/p>\n<p>M\u016bsu uz\u0146\u0113mums lepojas ar savu efektivit\u0101ti, precizit\u0101ti un augstas kvalit\u0101tes principiem, lai apmierin\u0101tu da\u017e\u0101das klientu vajadz\u012bbas. M\u0113s pied\u0101v\u0101jam ar\u012b piel\u0101gotus pakalpojumus, nodro\u0161inot, ka m\u016bsu produkti piln\u012bb\u0101 atbilst konkr\u0113t\u0101m pras\u012bb\u0101m. M\u016bsu starptautiskie sertifik\u0101ti apliecina m\u016bsu ap\u0146em\u0161anos nodro\u0161in\u0101t kvalit\u0101ti un uzticam\u012bbu, un m\u016bsu \u012bpa\u0161\u0101 p\u0113cp\u0101rdo\u0161anas servisa komanda sniedz past\u0101v\u012bgu atbalstu m\u016bsu klientiem.<\/p>\n<p><img decoding=\"async\" src=\"https:\/\/www.hydraulic-cylinders.net\/wp-content\/uploads\/2025\/04\/songte-company-4.webp\" alt=\"Uz\u0146\u0113muma p\u0101rskats\" \/><br \/>\n<img decoding=\"async\" src=\"https:\/\/www.hydraulic-cylinders.net\/wp-content\/uploads\/2025\/04\/songte-company-3.webp\" alt=\"Uz\u0146\u0113muma telpas\" \/><\/p>\n<p>Autors: lil<\/p>","protected":false},"excerpt":{"rendered":"<p>Boom Cylinder For Caterpillar Small Excavator E302.7DCR Introduction to Boom Cylinder The Boom Cylinder for Caterpillar Small Excavator E302.7DCR is an essential hydraulic component designed specifically for controlling the movement of various heavy machinery equipment, including excavators. This hydraulic cylinder plays a pivotal role in enabling the boom to lift, lower, and tilt, making it [&hellip;]<\/p>","protected":false},"featured_media":17867,"comment_status":"open","ping_status":"closed","template":"","meta":{"_et_pb_use_builder":"","_et_pb_old_content":"","_et_gb_content_width":""},"product_brand":[],"product_cat":[1546],"product_tag":[1547,1496],"class_list":{"0":"post-18925","1":"product","2":"type-product","3":"status-publish","4":"has-post-thumbnail","6":"product_cat-boom-cylinders","7":"product_tag-boom-cylinders","8":"product_tag-hydraulic-cylinders","10":"first","11":"instock","12":"shipping-taxable","13":"product-type-simple"},"amp_enabled":true,"_links":{"self":[{"href":"https:\/\/www.hydraulic-cylinders.net\/lv\/wp-json\/wp\/v2\/product\/18925","targetHints":{"allow":["GET"]}}],"collection":[{"href":"https:\/\/www.hydraulic-cylinders.net\/lv\/wp-json\/wp\/v2\/product"}],"about":[{"href":"https:\/\/www.hydraulic-cylinders.net\/lv\/wp-json\/wp\/v2\/types\/product"}],"replies":[{"embeddable":true,"href":"https:\/\/www.hydraulic-cylinders.net\/lv\/wp-json\/wp\/v2\/comments?post=18925"}],"wp:featuredmedia":[{"embeddable":true,"href":"https:\/\/www.hydraulic-cylinders.net\/lv\/wp-json\/wp\/v2\/media\/17867"}],"wp:attachment":[{"href":"https:\/\/www.hydraulic-cylinders.net\/lv\/wp-json\/wp\/v2\/media?parent=18925"}],"wp:term":[{"taxonomy":"product_brand","embeddable":true,"href":"https:\/\/www.hydraulic-cylinders.net\/lv\/wp-json\/wp\/v2\/product_brand?post=18925"},{"taxonomy":"product_cat","embeddable":true,"href":"https:\/\/www.hydraulic-cylinders.net\/lv\/wp-json\/wp\/v2\/product_cat?post=18925"},{"taxonomy":"product_tag","embeddable":true,"href":"https:\/\/www.hydraulic-cylinders.net\/lv\/wp-json\/wp\/v2\/product_tag?post=18925"}],"curies":[{"name":"wp","href":"https:\/\/api.w.org\/{rel}","templated":true}]}}