{"id":18926,"date":"2025-04-07T06:02:34","date_gmt":"2025-04-07T06:02:34","guid":{"rendered":"https:\/\/www.hydraulic-cylinders.net\/product\/boom-cylinder-for-caterpillar-small-excavator-e306ez\/"},"modified":"2025-04-07T06:02:37","modified_gmt":"2025-04-07T06:02:37","slug":"boom-cylinder-for-caterpillar-small-excavator-e306ez","status":"publish","type":"product","link":"https:\/\/www.hydraulic-cylinders.net\/lv\/products\/boom-cylinder-for-caterpillar-small-excavator-e306ez\/","title":{"rendered":"Str\u0113les cilindrs Caterpillar mazajam ekskavatoram E306EZ"},"content":{"rendered":"<h1>Str\u0113les cilindrs Caterpillar mazajam ekskavatoram E306EZ<\/h1>\n<h2>Produkta p\u0101rskats<\/h2>\n<p>Caterpillar maz\u0101 ekskavatora E306EZ str\u0113les cilindrs ir kritiski svar\u012bga hidraulisko sist\u0113mu sast\u0101vda\u013ca, kas \u012bpa\u0161i paredz\u0113ta da\u017e\u0101du smago ma\u0161\u012bnu str\u0113les kust\u012bbas vad\u012bbai. \u0160ie cilindri \u013cauj ekskavatora str\u0113li pacelt, nolaist un noliekt, t\u0101d\u0113j\u0101di atvieglojot efekt\u012bvus materi\u0101lu apstr\u0101des uzdevumus. Kausa cilindrs ir hidraulisk\u0101 cilindra veids, kam ir b\u016btiska loma ekskavatoru, ekskavatoru-iekr\u0101v\u0113ju un front\u0101lo iekr\u0101v\u0113ju darb\u012bb\u0101, \u013caujot prec\u012bzi kontrol\u0113t ma\u0161\u012bnas darb\u012bbu.<\/p>\n<p><img decoding=\"async\" src=\"https:\/\/www.hydraulic-cylinders.net\/wp-content\/uploads\/2025\/04\/songte-company-1.webp\" alt=\"Str\u0113les cilindrs\"><\/p>\n<h2>Galven\u0101s iez\u012bmes<\/h2>\n<ul>\n<li><strong>Augsta iztur\u012bba un ilgm\u016b\u017e\u012bba:<\/strong> \u0160ie cilindri, kas parasti ir izgatavoti no augstas stipr\u012bbas t\u0113rauda vai alum\u012bnija, var iztur\u0113t augstu spiedienu un lielas slodzes. Tie ir izstr\u0101d\u0101ti, lai iztur\u0113tu skarbus darba apst\u0101k\u013cus, nodro\u0161inot ilgm\u016b\u017e\u012bbu, pateicoties nodilumiztur\u012bbai un aizsardz\u012bbai pret koroziju.<\/li>\n<li><strong>Efekt\u012bva hidraulisk\u0101 darb\u012bba:<\/strong> Izmantojot hidraulisk\u0101s e\u013c\u013cas spiedienu, str\u0113les cilindri nodro\u0161ina vienm\u0113r\u012bgu izstiep\u0161anu un ievilk\u0161anu. Tie \u0101tri rea\u0123\u0113 uz vad\u012bbas komand\u0101m, pied\u0101v\u0101jot sp\u0113c\u012bgu stum\u0161anas un vilk\u0161anas sp\u0113ku, kas ir ide\u0101li piem\u0113rots smagu materi\u0101lu apstr\u0101dei un sare\u017e\u0123\u012btu uzdevumu veik\u0161anai.<\/li>\n<li><strong>Da\u017e\u0101di veidi:<\/strong> Ir pieejami da\u017e\u0101du veidu str\u0113les cilindri, tostarp vienk\u0101r\u0161as darb\u012bbas (darbojas vien\u0101 virzien\u0101) un divpus\u0113jas darb\u012bbas (darbojas abos virzienos) opcijas. Da\u017eiem mode\u013ciem ir teleskopiska konstrukcija, kas \u013cauj veikt liel\u0101ku pagarin\u0101jumu, nepalielinot \u0101r\u0113jos izm\u0113rus, kas ir piem\u0113rots lietojumiem ar ierobe\u017eotu vietu.<\/li>\n<li><strong>Piel\u0101gota ra\u017eo\u0161ana:<\/strong> M\u016bsu produkti tiek ra\u017eoti ar precizit\u0101ti un var lieliski aizst\u0101t eso\u0161os hidrauliskos cilindrus, nodro\u0161inot neman\u0101mu integr\u0101ciju un veiktsp\u0113ju.<\/li>\n<li><strong>Kvalit\u0101tes nodro\u0161in\u0101\u0161ana:<\/strong> Katrs cilindrs tiek pak\u013cauts stingr\u0101m kvalit\u0101tes p\u0101rbaud\u0113m un atbilst nozares standartiem, nodro\u0161inot uzticam\u012bbu un optim\u0101lu veiktsp\u0113ju da\u017e\u0101dos pielietojumos.<\/li>\n<\/ul>\n<p><img decoding=\"async\" src=\"https:\/\/www.hydraulic-cylinders.net\/wp-content\/uploads\/2025\/04\/songte-cylinder-head-with-all-kinds-excavator-models.webp\" alt=\"K\u0101pur\u0137\u0113\u017eu ekskavatoru mode\u013ci\"><\/p>\n<h2>Lietojumprogrammu scen\u0101riji<\/h2>\n<h3>Celtniec\u012bbas apr\u012bkojums<\/h3>\n<p>B\u016bvniec\u012bbas iek\u0101rt\u0101s, piem\u0113ram, ekskavatoros, str\u0113les cilindri ir b\u016btiski augsnes vai gru\u017eu rak\u0161anai, iekrau\u0161anai un p\u0101rvieto\u0161anai. To sp\u0113ja \u013caut str\u0113lei pagriezties un sasniegt da\u017e\u0101dus le\u0146\u0137us palielina ekskavatora ekspluat\u0101cijas daudzpus\u012bbu. Ekskavatoros-iekr\u0101v\u0113jos str\u0113les cilindrs ne tikai pal\u012bdz rak\u0161anas darbos, bet ar\u012b pal\u012bdz pacelt smagas kravas, padarot to par neaizst\u0101jamu ma\u0161\u012bnas sast\u0101vda\u013cu.<\/p>\n<h3>Lauksaimniec\u012bbas tehnika<\/h3>\n<p>Lauksaimniec\u012bb\u0101 front\u0101lie iekr\u0101v\u0113ji izmanto str\u0113les cilindrus, lai paceltu, paceltu un transport\u0113tu augsni, sienu un citus materi\u0101lus. Prec\u012bza vad\u012bba, ko pied\u0101v\u0101 \u0161ie cilindri, \u013cauj lauksaimniekiem efekt\u012bvi p\u0101rvald\u012bt savus uzdevumus, s\u0101kot no graudu iekrau\u0161anas l\u012bdz lauku att\u012br\u012b\u0161anai.<\/p>\n<h3>Ekskavatori<\/h3>\n<p>Ekskavatoros str\u0113les cilindrs atvieglo rak\u0161anas darb\u012bbu, \u013caujot kausam iek\u013c\u016bt augsn\u0113. \u0160\u012b sp\u0113ja ir \u013coti svar\u012bga, lai saglab\u0101tu produktivit\u0101ti darba viet\u0101s, nodro\u0161in\u0101tu \u0101tr\u0101ku rak\u0161anas darbu pabeig\u0161anu un uzlabotu kop\u0113jo darb\u012bbas efektivit\u0101ti.<\/p>\n<h3>Iekr\u0101v\u0113ji<\/h3>\n<p>Front\u0101lajos iekr\u0101v\u0113jos str\u0113les cilindri ir atbild\u012bgi par kravu efekt\u012bvu pacel\u0161anu un apg\u0101\u0161anu. \u0160\u012b funkcija ir vit\u0101li svar\u012bga t\u0101du materi\u0101lu k\u0101 grants, smil\u0161u vai b\u016bvgru\u017eu p\u0101rvieto\u0161anai, padarot iekr\u0101v\u0113ju par daudzpus\u012bgu instrumentu b\u016bvniec\u012bbas un ainavu veido\u0161anas projektos.<\/p>\n<h2>Dizaina apsv\u0113rumi un atlases krit\u0113riji<\/h2>\n<h3>Kravnes\u012bba<\/h3>\n<p>Str\u0113les cilindra kravnes\u012bba ir kritisks projekt\u0113\u0161anas apsv\u0113rums, jo t\u0101 nosaka maksim\u0101lo svaru, ko cilindrs var dro\u0161i iztur\u0113t. Ra\u017eot\u0101jiem ir j\u0101nodro\u0161ina, ka cilindrs ir nov\u0113rt\u0113ts paredz\u0113tajam lietojumam, \u0146emot v\u0113r\u0101 gan statisk\u0101s, gan dinamisk\u0101s slodzes. P\u0101rslodze var izrais\u012bt priek\u0161laic\u012bgu boj\u0101jumu, kas uzsver prec\u012bzas slodzes nov\u0113rt\u0113\u0161anas noz\u012bmi atlases proces\u0101.<\/p>\n<h3>Bl\u012bv\u0113\u0161ana<\/h3>\n<p>Efekt\u012bvs bl\u012bv\u0113jums ir b\u016btisks hidrauliskajiem cilindriem, lai nov\u0113rstu \u0161\u0137idruma nopl\u016bdi un saglab\u0101tu veiktsp\u0113ju. Augstas kvalit\u0101tes bl\u012bv\u0113jumi, piem\u0113ram, virzu\u013ca bl\u012bv\u0113jumi un stie\u0146a bl\u012bv\u0113jumi, kas izgatavoti no iztur\u012bgiem materi\u0101liem, piem\u0113ram, poliuret\u0101na vai nitrila gumijas, ir \u013coti svar\u012bgi, lai nodro\u0161in\u0101tu ilgsto\u0161u funkcionalit\u0101ti. Pareiza bl\u012bv\u0113juma konstrukcija samazina nodilumu un uzlabo hidraulisk\u0101s sist\u0113mas kop\u0113jo uzticam\u012bbu.<\/p>\n<h3>Iztur\u012bba<\/h3>\n<p>Iztur\u012bba ir \u0101rk\u0101rt\u012bgi svar\u012bga str\u0113les cilindriem, \u012bpa\u0161i \u0146emot v\u0113r\u0101 skarbos apst\u0101k\u013cus, k\u0101dos tie darbojas. T\u0101di faktori k\u0101 materi\u0101lu izv\u0113le, virsmas apstr\u0101de un konstrukcijas \u0123eometrija veicina cilindra sp\u0113ju iztur\u0113t nodilumu, nogurumu un vides faktorus. Ra\u017eot\u0101ji bie\u017ei izmanto uzlabotus p\u0101rkl\u0101jumus un materi\u0101lus, lai uzlabotu iztur\u012bbu pret nodilumu un koroziju, nodro\u0161inot ilgu kalpo\u0161anas laiku.<\/p>\n<h3>Dro\u0161\u012bba<\/h3>\n<p>Str\u0113les cilindru konstrukcij\u0101 j\u0101iek\u013cauj dro\u0161\u012bbas elementi, lai aizsarg\u0101tu operatorus un meh\u0101nismus. Tas ietver konstrukcijas elementus, kas nov\u0113r\u0161 cilindru boj\u0101jumus slodzes laik\u0101, k\u0101 ar\u012b meh\u0101nismus, kas nodro\u0161ina pareizu uzst\u0101d\u012b\u0161anu un darb\u012bbu. Regul\u0101ra apkope un p\u0101rbaudes ir ar\u012b \u013coti svar\u012bgas, lai identific\u0113tu iesp\u0113jam\u0101s dro\u0161\u012bbas probl\u0113mas, pirms t\u0101s saasin\u0101s.<\/p>\n<h3>Uzturam\u012bba<\/h3>\n<p>Projekt\u0113jot, \u0146emot v\u0113r\u0101 apkopes iesp\u0113jas, ir j\u0101izveido str\u0113les cilindri, kurus ir viegli apkalpot un remont\u0113t. Tas ietver apsv\u0113rumus par \u0113rtu piek\u013cuvi bl\u012bv\u0113m, gult\u0146iem un cit\u0101m sast\u0101vda\u013c\u0101m, kur\u0101m var b\u016bt nepiecie\u0161ama regul\u0101ra apkope. Skaidru vadl\u012bniju snieg\u0161ana par apkopes proced\u016br\u0101m var iev\u0113rojami pagarin\u0101t hidraulisk\u0101 cilindra kalpo\u0161anas laiku un nodro\u0161in\u0101t nemain\u012bgu veiktsp\u0113ju.<\/p>\n<p><img decoding=\"async\" src=\"https:\/\/www.hydraulic-cylinders.net\/wp-content\/uploads\/2025\/04\/songte-oil-pipes-and-spare-parts.webp\" alt=\"Hidraulisk\u0101s da\u013cas\"><\/p>\n<h2>Bl\u012bv\u0113\u0161ana un e\u013c\u013co\u0161ana<\/h2>\n<p>Pareiza bl\u012bv\u0113\u0161ana un e\u013c\u013co\u0161ana ir b\u016btiska str\u0113les cilindru ilgm\u016b\u017e\u012bbai un efekt\u012bvai darb\u012bbai. Lai nov\u0113rstu hidraulisk\u0101 \u0161\u0137idruma nopl\u016bdi un nepie\u013cautu piemais\u012bjumu iek\u013c\u016b\u0161anu cilindr\u0101, tiek izmantoti da\u017e\u0101di bl\u012bv\u0113\u0161anas elementi, tostarp virzu\u013ca bl\u012bves un stie\u0146a bl\u012bves. Bl\u012bves, kas izgatavotas no nodilumiztur\u012bgiem materi\u0101liem, piem\u0113ram, poliuret\u0101na un nitrila gumijas, parasti tiek izv\u0113l\u0113tas to iztur\u012bbas d\u0113\u013c. Turkl\u0101t cilindra korpuss un v\u012bt\u0146ot\u0101s gala virsmas tiek r\u016bp\u012bgi apstr\u0101d\u0101tas, lai uzlabotu nodilumiztur\u012bbu.<\/p>\n<p>Regul\u0101ra e\u013c\u013co\u0161ana ar hidraulisko e\u013c\u013cu ir b\u016btiska, lai uztur\u0113tu optim\u0101lu veiktsp\u0113ju. Pareiza e\u013c\u013co\u0161ana samazina berzi starp kust\u012bgaj\u0101m deta\u013c\u0101m, nov\u0113r\u0161ot priek\u0161laic\u012bgu nodilumu un nodro\u0161inot vienm\u0113r\u012bgu darb\u012bbu. Regul\u0101ras hidraulisk\u0101 \u0161\u0137idruma l\u012bme\u0146a p\u0101rbaudes un papildin\u0101\u0161anas ievie\u0161ana var b\u016btiski ietekm\u0113t cilindra kop\u0113jo efektivit\u0101ti un iztur\u012bbu.<\/p>\n<h2>Prevent\u012bvie apkopes pas\u0101kumi<\/h2>\n<ul>\n<li><strong>Regul\u0101ras p\u0101rbaudes:<\/strong> Veiciet regul\u0101ras p\u0101rbaudes, lai noteiktu nodiluma, nopl\u016b\u017eu vai boj\u0101jumu paz\u012bmes. Darb\u012bbas laik\u0101 mekl\u0113jiet neparastas ska\u0146as, kas var liecin\u0101t par iek\u0161\u0113j\u0101m probl\u0113m\u0101m.<\/li>\n<li><strong>E\u013c\u013co\u0161anas p\u0101rbaudes:<\/strong> Nodro\u0161iniet atbilsto\u0161u e\u013c\u013co\u0161anu, regul\u0101ri p\u0101rbaudot hidraulisk\u0101 \u0161\u0137idruma l\u012bmeni un nepiecie\u0161am\u012bbas gad\u012bjum\u0101 papildinot to, lai nov\u0113rstu darb\u012bbu bez \u0161\u0137idruma.<\/li>\n<li><strong>Bl\u012bvju nomai\u0146a:<\/strong> Uzraugiet bl\u012bves, vai nav nodiluma paz\u012bmju, un nekav\u0113joties nomainiet t\u0101s, lai saglab\u0101tu efektivit\u0101ti un nov\u0113rstu nopl\u016bdes.<\/li>\n<\/ul>\n<h2>Uzst\u0101d\u012b\u0161anas vadl\u012bnijas<\/h2>\n<p>Pareiza str\u0113les cilindra uzst\u0101d\u012b\u0161ana ir \u013coti svar\u012bga optim\u0101lai veiktsp\u0113jai. S\u0101ciet, izl\u012bdzinot cilindru ar mont\u0101\u017eas kron\u0161teiniem, p\u0101rliecinoties, ka visas sast\u0101vda\u013cas ir pareizi izl\u012bdzin\u0101tas, lai nov\u0113rstu p\u0101rm\u0113r\u012bgu slodzi. Izmantojiet atbilsto\u0161us mont\u0101\u017eas kron\u0161teinus, lai nostiprin\u0101tu cilindru viet\u0101, jo tas pal\u012bdz\u0113s saglab\u0101t t\u0101 poz\u012bciju darb\u012bbas laik\u0101.<\/p>\n<p>Lai nodro\u0161in\u0101tu dro\u0161u stiprin\u0101jumu, iev\u0113rojiet ra\u017eot\u0101ja nor\u0101d\u012bjumus par griezes momenta iestat\u012bjumiem un stiprin\u0101jumiem. Ir ar\u012b svar\u012bgi p\u0101rbaud\u012bt, vai hidraulisk\u0101s l\u012bnijas ir pareizi pievienotas un vai taj\u0101s nav loc\u012bjumu vai aizsprostojumu. P\u0113c uzst\u0101d\u012b\u0161anas p\u0101rbaudiet sist\u0113mas pareizu darb\u012bbu, pirms piln\u012bgas darb\u012bbas p\u0101rbaudot, vai nav nopl\u016b\u017eu vai citu anom\u0101liju.<\/p>\n<h2>Bie\u017ei sastopamie apkopes uzdevumi<\/h2>\n<ul>\n<li><strong>Regul\u0101ras p\u0101rbaudes:<\/strong> Veiciet p\u0101rbaudes, lai noteiktu nodilumu un boj\u0101jumus. \u0160is prevent\u012bvais pas\u0101kums var pal\u012bdz\u0113t nov\u0113rst katastrof\u0101las k\u013c\u016bmes.<\/li>\n<li><strong>Pareiza e\u013c\u013co\u0161ana:<\/strong> Nodro\u0161iniet, lai hidraulisk\u0101s e\u013c\u013cas l\u012bmenis tiktu uztur\u0113ts nemain\u012bgs un lai e\u013c\u013co\u0161ana tiktu veikta regul\u0101ri, lai samazin\u0101tu berzi un nodilumu.<\/li>\n<li><strong>Bl\u012bv\u0113juma nomai\u0146a:<\/strong> Regul\u0101ri p\u0101rbaudiet bl\u012bv\u0113jumu nodilumu un nomainiet tos, lai nov\u0113rstu nopl\u016bdes un saglab\u0101tu sist\u0113mas integrit\u0101ti.<\/li>\n<\/ul>\n<h2>Dro\u0161\u012bbas apsv\u0113rumi un vides faktori<\/h2>\n<p>Dro\u0161\u012bbas pas\u0101kumi, lietojot hidrauliskos cilindrus, ir \u0101rk\u0101rt\u012bgi svar\u012bgi. Operatoriem j\u0101b\u016bt apm\u0101c\u012btiem atpaz\u012bt iesp\u0113jamos apdraud\u0113jumus un iev\u0113rot dro\u0161\u012bbas protokolus ekspluat\u0101cijas un apkopes laik\u0101. Tas ietver ar\u012b to, lai str\u0113les cilindrs netiktu p\u0101rslogots un lai visas dro\u0161\u012bbas ier\u012bces darbotos. Turkl\u0101t, izv\u0113loties materi\u0101lus un projekt\u0113jot cilindrus, j\u0101\u0146em v\u0113r\u0101 t\u0101di vides faktori k\u0101 temperat\u016bras sv\u0101rst\u012bbas un pak\u013cau\u0161ana kod\u012bgiem elementiem.<\/p>\n<h2>Bie\u017ei sastopamo probl\u0113mu nov\u0113r\u0161ana<\/h2>\n<ul>\n<li><strong>Nopl\u016bde:<\/strong> Ja hidrauliskais cilindrs nopl\u016bst, p\u0101rbaudiet, vai bl\u012bves nav nodilu\u0161as vai boj\u0101tas. Nomainiet bl\u012bves, ja nepiecie\u0161ams, un p\u0101rliecinieties, vai visi savienojumi ir cie\u0161i.<\/li>\n<li><strong>Slikta veiktsp\u0113ja:<\/strong> Tas var b\u016bt saist\u012bts ar nepietiekamu e\u013c\u013co\u0161anu vai hidraulisk\u0101 \u0161\u0137idruma pies\u0101r\u0146ojumu. Regul\u0101ri p\u0101rbaudiet \u0161\u0137idruma l\u012bmeni un nomainiet pies\u0101r\u0146oto \u0161\u0137idrumu.<\/li>\n<li><strong>Trok\u0161\u0146aina darb\u012bba:<\/strong> Neparastas ska\u0146as var liecin\u0101t par iek\u0161\u0113ju nodilumu vai nepietiekamu e\u013c\u013co\u0161anu. Veiciet r\u016bp\u012bgu p\u0101rbaudi, lai diagnostic\u0113tu probl\u0113mu un veiktu kori\u0123\u0113jo\u0161as darb\u012bbas.<\/li>\n<\/ul>\n<h2>Probl\u0113mu nov\u0113r\u0161anas padomi<\/h2>\n<p>Lai efekt\u012bvi diagnostic\u0113tu un nov\u0113rstu probl\u0113mas ar hidrauliskajiem cilindriem, ir svar\u012bgi iev\u0113rot sistem\u0101tisku pieeju. S\u0101ciet ar simptomu identific\u0113\u0161anu un probl\u0113mas zonas izol\u0113\u0161anu. Regul\u0101ri p\u0101rbaudiet \u0161\u0137idruma l\u012bmeni un bl\u012bv\u0113jumu st\u0101vokli, lai nov\u0113rstu nopl\u016bdes un uztur\u0113tu veiktsp\u0113ju. Ieviesiet prevent\u012bvus pas\u0101kumus, piem\u0113ram, regul\u0101ru apkopi un p\u0101rbaudes, lai samazin\u0101tu iesp\u0113jamo probl\u0113mu risku.<\/p>\n<p><img decoding=\"async\" src=\"https:\/\/www.hydraulic-cylinders.net\/wp-content\/uploads\/2025\/04\/songte-bushings-with-all-kinds-of-excavator-models.webp\" alt=\"Ekskavatora bukses\"><\/p>\n<h2>Uz\u0146\u0113muma p\u0101rskats<\/h2>\n<p>M\u0113s esam vado\u0161ais rezerves hidraulisko cilindru ra\u017eot\u0101js un vairumtirdzniec\u012bbas izplat\u012bt\u0101js, kas pied\u0101v\u0101 pla\u0161u produktu kl\u0101stu, lai apmierin\u0101tu viet\u0113j\u0101 un starptautisk\u0101 tirgus piepras\u012bjumu. M\u016bsu ap\u0146em\u0161an\u0101s sasniegt izcil\u012bbu ir redzama m\u016bsu pilnveidotaj\u0101s ra\u017eo\u0161anas strat\u0113\u0123ij\u0101s un augstas kvalit\u0101tes ra\u017eo\u0161anas vad\u012bb\u0101. Izmantojot kvalific\u0113tus tehni\u0137us un digit\u0101l\u0101s ra\u017eo\u0161anas iek\u0101rtas, m\u0113s nep\u0101rtraukti uzlabojam savas ra\u017eo\u0161anas iesp\u0113jas, lai apmierin\u0101tu da\u017e\u0101das klientu vajadz\u012bbas ar augstu efektivit\u0101ti, precizit\u0101ti un kvalit\u0101ti.<\/p>\n<p>M\u016bsu profesion\u0101l\u0101 pieeja ietver starptautiskus sertifik\u0101tus, piel\u0101gotus pakalpojumus, modernu ra\u017eo\u0161anas apr\u012bkojumu un visaptvero\u0161u p\u0113cp\u0101rdo\u0161anas atbalstu, nodro\u0161inot, ka m\u016bsu klienti sa\u0146em lab\u0101kos produktus un pakalpojumus nozar\u0113.<\/p>\n<p><img decoding=\"async\" src=\"https:\/\/www.hydraulic-cylinders.net\/wp-content\/uploads\/2025\/04\/songte-company-4.webp\" alt=\"Uz\u0146\u0113muma p\u0101rskats\"><br \/>\n<img decoding=\"async\" src=\"https:\/\/www.hydraulic-cylinders.net\/wp-content\/uploads\/2025\/04\/songte-company-3.webp\" alt=\"Ra\u017eo\u0161anas iek\u0101rtas\"><\/p>\n<p>Autors: lil<\/p>","protected":false},"excerpt":{"rendered":"<p>Boom Cylinder For Caterpillar Small Excavator E306EZ Product Overview The Boom Cylinder for Caterpillar Small Excavator E306EZ is a critical component in hydraulic systems, specifically designed to control the movement of the boom in various heavy machinery. These cylinders enable the boom of an excavator to raise, lower, and tilt, facilitating efficient material handling tasks. [&hellip;]<\/p>","protected":false},"featured_media":17868,"comment_status":"open","ping_status":"closed","template":"","meta":{"_et_pb_use_builder":"","_et_pb_old_content":"","_et_gb_content_width":""},"product_brand":[],"product_cat":[1546],"product_tag":[1547,1496],"class_list":{"0":"post-18926","1":"product","2":"type-product","3":"status-publish","4":"has-post-thumbnail","6":"product_cat-boom-cylinders","7":"product_tag-boom-cylinders","8":"product_tag-hydraulic-cylinders","10":"first","11":"instock","12":"shipping-taxable","13":"product-type-simple"},"amp_enabled":true,"_links":{"self":[{"href":"https:\/\/www.hydraulic-cylinders.net\/lv\/wp-json\/wp\/v2\/product\/18926","targetHints":{"allow":["GET"]}}],"collection":[{"href":"https:\/\/www.hydraulic-cylinders.net\/lv\/wp-json\/wp\/v2\/product"}],"about":[{"href":"https:\/\/www.hydraulic-cylinders.net\/lv\/wp-json\/wp\/v2\/types\/product"}],"replies":[{"embeddable":true,"href":"https:\/\/www.hydraulic-cylinders.net\/lv\/wp-json\/wp\/v2\/comments?post=18926"}],"wp:featuredmedia":[{"embeddable":true,"href":"https:\/\/www.hydraulic-cylinders.net\/lv\/wp-json\/wp\/v2\/media\/17868"}],"wp:attachment":[{"href":"https:\/\/www.hydraulic-cylinders.net\/lv\/wp-json\/wp\/v2\/media?parent=18926"}],"wp:term":[{"taxonomy":"product_brand","embeddable":true,"href":"https:\/\/www.hydraulic-cylinders.net\/lv\/wp-json\/wp\/v2\/product_brand?post=18926"},{"taxonomy":"product_cat","embeddable":true,"href":"https:\/\/www.hydraulic-cylinders.net\/lv\/wp-json\/wp\/v2\/product_cat?post=18926"},{"taxonomy":"product_tag","embeddable":true,"href":"https:\/\/www.hydraulic-cylinders.net\/lv\/wp-json\/wp\/v2\/product_tag?post=18926"}],"curies":[{"name":"wp","href":"https:\/\/api.w.org\/{rel}","templated":true}]}}