{"id":18927,"date":"2025-04-07T06:02:37","date_gmt":"2025-04-07T06:02:37","guid":{"rendered":"https:\/\/www.hydraulic-cylinders.net\/product\/boom-cylinder-for-caterpillar-small-excavator-e311-311c\/"},"modified":"2025-04-07T06:02:40","modified_gmt":"2025-04-07T06:02:40","slug":"boom-cylinder-for-caterpillar-small-excavator-e311-311c","status":"publish","type":"product","link":"https:\/\/www.hydraulic-cylinders.net\/lv\/products\/boom-cylinder-for-caterpillar-small-excavator-e311-311c\/","title":{"rendered":"Str\u0113les cilindrs Caterpillar mazajam ekskavatoram E311\/311C"},"content":{"rendered":"<h1>Str\u0113les cilindrs Caterpillar mazajam ekskavatoram E311\/311C<\/h1>\n<h2>Str\u0113les cilindru p\u0101rskats<\/h2>\n<p>Str\u0113les cilindrs ir b\u016btiska sast\u0101vda\u013ca, ko izmanto da\u017e\u0101d\u0101s smagaj\u0101s ma\u0161\u012bn\u0101s, \u012bpa\u0161i ekskavatoros, univers\u0101lajos iekr\u0101v\u0113jos un front\u0101lajos iekr\u0101v\u0113jos. Tas kalpo kausa kust\u012bbas kontrolei, \u013caujot tam efekt\u012bvi pacelt, nolaist un sasv\u0113rt. \u0160is hidrauliskais cilindrs ir paredz\u0113ts, lai atvieglotu materi\u0101lu apstr\u0101des uzdevumus, nodro\u0161inot efektivit\u0101ti un precizit\u0101ti darb\u012bb\u0101s. Konkr\u0113ti, tas darbojas hidraulisk\u0101s sist\u0113mas ietvaros, p\u0101rveidojot hidraulisko ener\u0123iju meh\u0101nisk\u0101 sp\u0113k\u0101, kas ir b\u016btiski rak\u0161anas, cel\u0161anas un transport\u0113\u0161anas uzdevumu veik\u0161anai b\u016bvniec\u012bb\u0101 un cit\u0101s r\u016bpniecisk\u0101s lietojumprogramm\u0101s.<\/p>\n<p><img decoding=\"async\" src=\"https:\/\/www.hydraulic-cylinders.net\/wp-content\/uploads\/2025\/04\/songte-company-1.webp\" alt=\"Str\u0113les cilindrs\"><\/p>\n<h2>Galven\u0101s iez\u012bmes<\/h2>\n<ul>\n<li><strong>Augsta iztur\u012bba un ilgm\u016b\u017e\u012bba:<\/strong> \u0160ie cilindri, kas izgatavoti no augstas stipr\u012bbas t\u0113rauda vai alum\u012bnija, iztur augstu spiedienu un lielas slodzes, ir paredz\u0113ti skarbiem darba apst\u0101k\u013ciem, uzlabojot nodilumiztur\u012bbu un aizsardz\u012bbu pret koroziju.<\/li>\n<li><strong>Efekt\u012bva hidraulisk\u0101 darb\u012bba:<\/strong> Str\u0113les cilindrs izmanto hidraulisk\u0101s e\u013c\u013cas spiedienu vienm\u0113r\u012bgai izstiep\u0161anai un ievilk\u0161anai, nodro\u0161inot \u0101tru reakciju uz vad\u012bbas komand\u0101m un iev\u0113rojamu stum\u0161anas un vilk\u0161anas sp\u0113ku, kas ir ide\u0101li piem\u0113rots smagu materi\u0101lu apstr\u0101dei un sare\u017e\u0123\u012btu uzdevumu veik\u0161anai.<\/li>\n<li><strong>Da\u017e\u0101di veidi:<\/strong> Pieejams vienk\u0101r\u0161\u0101s darb\u012bbas (hidraulisk\u0101 darb\u012bba vien\u0101 virzien\u0101) vai divk\u0101r\u0161\u0101s darb\u012bbas (hidraulisk\u0101 darb\u012bba abos virzienos) konstrukcij\u0101s, kas atbilst da\u017e\u0101d\u0101m ekspluat\u0101cijas vajadz\u012bb\u0101m. Da\u017eiem mode\u013ciem ir teleskopiskas iesp\u0113jas, lai nodro\u0161in\u0101tu liel\u0101ku sniedzam\u012bbu, nepalielinot \u0101r\u0113jos izm\u0113rus, kas ir ide\u0101li piem\u0113rots \u0161aur\u0101m telp\u0101m.<\/li>\n<li><strong>Sader\u012bba:<\/strong> M\u016bsu produkti ir izstr\u0101d\u0101ti, lai perfekti aizst\u0101tu eso\u0161os hidrauliskos cilindrus, pied\u0101v\u0101jot neman\u0101mu integr\u0101ciju ar da\u017e\u0101diem smago ma\u0161\u012bnu mode\u013ciem.<\/li>\n<li><strong>Piel\u0101gojami risin\u0101jumi:<\/strong> Piel\u0101gotas ra\u017eo\u0161anas iesp\u0113jas nodro\u0161ina, ka m\u016bsu cilindri atbilst da\u017e\u0101du pielietojumu un iek\u0101rtu specifiskaj\u0101m pras\u012bb\u0101m.<\/li>\n<\/ul>\n<p><img decoding=\"async\" src=\"https:\/\/www.hydraulic-cylinders.net\/wp-content\/uploads\/2025\/04\/songte-cylinder-head-with-all-kinds-excavator-models.webp\" alt=\"Str\u0113les cilindra sader\u012bba\"><\/p>\n<h2>Str\u0113les cilindru pielietojums<\/h2>\n<h3>Celtniec\u012bbas apr\u012bkojums<\/h3>\n<p>Ekskavatoros str\u0113les cilindri ir vit\u0101li svar\u012bgi augsnes vai gru\u017eu rak\u0161anai, iekrau\u0161anai un p\u0101rvieto\u0161anai. Tie \u013cauj kausam efekt\u012bvi iek\u013c\u016bt zem\u0113, atvieglojot rak\u0161anas procesu. Str\u0113les un kausa kust\u012bbu sinhroniz\u0101cija nodro\u0161ina efektivit\u0101ti un precizit\u0101ti, padarot \u0161os cilindrus neaizst\u0101jamus b\u016bvniec\u012bbas projektos.<\/p>\n<h3>Lauksaimniec\u012bbas tehnika<\/h3>\n<p>Front\u0101lie iekr\u0101v\u0113ji izmanto str\u0113les cilindrus, lai paceltu, paceltu un transport\u0113tu augsni, sienu un citus materi\u0101lus. Iesp\u0113ja regul\u0113t kausa augstumu un le\u0146\u0137i \u013cauj efekt\u012bvi apstr\u0101d\u0101t materi\u0101lus lauksaimniec\u012bbas darb\u012bb\u0101s, uzlabojot produktivit\u0101ti un samazinot roku darbu.<\/p>\n<h3>Ekskavatori<\/h3>\n<p>Ekskavatoros str\u0113les cilindrs nodro\u0161ina efekt\u012bvu rak\u0161anu, \u013caujot kausam iek\u013c\u016bt da\u017e\u0101dos augsnes veidos. \u0160\u012b sp\u0113ja ir b\u016btiska gan neliela m\u0113roga ainavu veido\u0161anai, gan liela m\u0113roga rak\u0161anas projektiem, nodro\u0161inot nepiecie\u0161amo sp\u0113ku, lai \u0101tri no\u0146emtu zemi un gru\u017eus.<\/p>\n<h3>Iekr\u0101v\u0113ji<\/h3>\n<p>Front\u0101lajos iekr\u0101v\u0113jos str\u0113les cilindri pal\u012bdz efekt\u012bvi pacelt un izg\u0101zt kravas. To konstrukcija nodro\u0161ina, ka smagus materi\u0101lus var viegli p\u0101rvietot, t\u0101d\u0113j\u0101di veicinot optimiz\u0113tas darbpl\u016bsmas b\u016bvlaukumos un ainavu veido\u0161anas projektos.<\/p>\n<h2>Dizaina apsv\u0113rumi un atlases krit\u0113riji<\/h2>\n<h3>Nestsp\u0113ja<\/h3>\n<p>Viens no galvenajiem apsv\u0113rumiem str\u0113les cilindru projekt\u0113\u0161an\u0101 ir to nestsp\u0113ja. T\u0101 nosaka, cik lielu svaru cilindrs var dro\u0161i pacelt un apstr\u0101d\u0101t darb\u012bbas laik\u0101. Pareizi apr\u0113\u0137ini, pamatojoties uz paredzamaj\u0101m slodz\u0113m, ir b\u016btiski, lai nodro\u0161in\u0101tu dro\u0161\u012bbu un funkcionalit\u0101ti. Ra\u017eot\u0101ji parasti izmanto augstas iztur\u012bbas materi\u0101lus un progres\u012bvas in\u017eeniertehnisk\u0101s metodes, lai uzlabotu \u0161o iztur\u012bbu, nodro\u0161inot cilindru uzticamu darb\u012bbu sare\u017e\u0123\u012btos apst\u0101k\u013cos.<\/p>\n<h3>Bl\u012bv\u0113jums un iztur\u012bba<\/h3>\n<p>Efekt\u012bvs bl\u012bv\u0113jums ir \u013coti svar\u012bgs hidrauliskajos cilindros, lai nov\u0113rstu \u0161\u0137idruma nopl\u016bdi, kas var apdraud\u0113t veiktsp\u0113ju un dro\u0161\u012bbu. Ir svar\u012bgi izmantot augstas kvalit\u0101tes bl\u012bv\u0113jumus, kas izgatavoti no iztur\u012bgiem materi\u0101liem, piem\u0113ram, poliuret\u0101na vai nitrila gumijas. Tiem j\u0101iztur augsts spiediena un temperat\u016bras sv\u0101rst\u012bbas, vienlaikus saglab\u0101jot savu integrit\u0101ti laika gait\u0101. Lai nodro\u0161in\u0101tu cilindra optim\u0101lu veiktsp\u0113ju un ilgm\u016b\u017e\u012bbu, ir nepiecie\u0161ama regul\u0101ra apkope un bl\u012bv\u0113jumu nomai\u0146a.<\/p>\n<h3>Dro\u0161\u012bbas funkcijas<\/h3>\n<p>Dro\u0161\u012bba ir \u0101rk\u0101rt\u012bgi svar\u012bga, projekt\u0113jot str\u0113les cilindrus. Dro\u0161\u012bbas funkciju, piem\u0113ram, spiediena samazin\u0101\u0161anas v\u0101rstu un iztur\u012bgu blo\u0137\u0113\u0161anas meh\u0101nismu, iek\u013cau\u0161ana var nov\u0113rst negad\u012bjumus un uzlabot ekspluat\u0101cijas dro\u0161\u012bbu. Ra\u017eot\u0101jiem ir j\u0101iev\u0113ro stingri dro\u0161\u012bbas noteikumi un vadl\u012bnijas, lai nodro\u0161in\u0101tu, ka vi\u0146u produkti atbilst nozares standartiem un aizsarg\u0101 operatorus lieto\u0161anas laik\u0101.<\/p>\n<p><img decoding=\"async\" src=\"https:\/\/www.hydraulic-cylinders.net\/wp-content\/uploads\/2025\/04\/songte-oil-pipes-and-spare-parts.webp\" alt=\"Hidraulisko cilindru deta\u013cas\"><\/p>\n<h2>Bl\u012bv\u0113\u0161ana un e\u013c\u013co\u0161ana<\/h2>\n<p>Str\u0113les cilindra veiktsp\u0113ja un kalpo\u0161anas laiks ir liel\u0101 m\u0113r\u0101 atkar\u012bgs no t\u0101 bl\u012bv\u0113\u0161anas un e\u013c\u013co\u0161anas sist\u0113mu efektivit\u0101tes. Da\u017e\u0101diem bl\u012bv\u0113\u0161anas komponentiem, tostarp virzu\u013ca bl\u012bv\u0113jumiem un stie\u0146a bl\u012bv\u0113jumiem, ir b\u016btiska loma hidraulisk\u0101 spiediena uztur\u0113\u0161an\u0101 un \u0161\u0137idruma nopl\u016b\u017eu nov\u0113r\u0161an\u0101. Bl\u012bv\u0113\u0161anas materi\u0101lu, piem\u0113ram, poliuret\u0101na un nitrila gumijas, izv\u0113le ir \u013coti svar\u012bga, jo tiem ir j\u0101b\u016bt iztur\u012bgiem pret nodilumu nep\u0101rtrauktas darb\u012bbas laik\u0101.<\/p>\n<p>Turkl\u0101t cilindra korpuss un v\u012bt\u0146ot\u0101s gala virsmas tiek pak\u013cautas prec\u012bzai apstr\u0101des procesiem, lai uzlabotu to nodilumiztur\u012bbu. Regul\u0101ra e\u013c\u013co\u0161ana ar atbilsto\u0161u hidraulisko e\u013c\u013cu ir b\u016btiska, lai nodro\u0161in\u0101tu vienm\u0113r\u012bgu darb\u012bbu un nov\u0113rstu iek\u0161\u0113jo komponentu boj\u0101jumus. Operatoriem j\u0101iev\u0113ro ra\u017eot\u0101ja vadl\u012bnijas par e\u013c\u013co\u0161anas bie\u017eumu un e\u013c\u013cas veidiem, lai uztur\u0113tu optim\u0101lu veiktsp\u0113ju.<\/p>\n<h2>Apkopes pas\u0101kumi<\/h2>\n<ul>\n<li><strong>Regul\u0101ras p\u0101rbaudes:<\/strong> Regul\u0101ru p\u0101rbau\u017eu veik\u0161ana ir \u013coti svar\u012bga, lai identific\u0113tu iesp\u0113jam\u0101s probl\u0113mas, pirms t\u0101s saasin\u0101s. Operatoriem j\u0101p\u0101rbauda, \u200b\u200bvai nav nopl\u016b\u017eu, korozijas vai nodiluma paz\u012bmju, nodro\u0161inot, ka cilindrs darbojas efekt\u012bvi.<\/li>\n<li><strong>Piem\u0113rota e\u013c\u013co\u0161ana:<\/strong> Hidraulisk\u0101 cilindra pareiza e\u013c\u013co\u0161ana ir b\u016btiska t\u0101 nevainojamai darb\u012bbai. Regul\u0101ra nepiecie\u0161am\u0101 hidraulisk\u0101s e\u013c\u013cas daudzuma pievieno\u0161ana nov\u0113r\u0161 nodilumu un pal\u012bdz uztur\u0113t bl\u012bv\u0113jumu un iek\u0161\u0113jo komponentu integrit\u0101ti.<\/li>\n<li><strong>Bl\u012bvju nomai\u0146a:<\/strong> Laika gait\u0101 bl\u012bves var nolietoties spiediena un temperat\u016bras sv\u0101rst\u012bbu ietekm\u0113. Regul\u0101ra bl\u012bvju nomai\u0146a var nov\u0113rst \u0161\u0137idruma nopl\u016bdes un pagarin\u0101t cilindra kalpo\u0161anas laiku.<\/li>\n<\/ul>\n<h2>Uzst\u0101d\u012b\u0161anas vadl\u012bnijas<\/h2>\n<p>Pareiza str\u0113les cilindra uzst\u0101d\u012b\u0161ana ir \u013coti svar\u012bga, lai nodro\u0161in\u0101tu optim\u0101lu veiktsp\u0113ju un dro\u0161\u012bbu. S\u0101ciet ar mont\u0101\u017eas virsmu t\u012br\u012b\u0161anu, lai no\u0146emtu net\u012brumus un gru\u017eus, kas var\u0113tu trauc\u0113t izl\u012bdzin\u0101\u0161anu. Izmantojiet atbilsto\u0161us mont\u0101\u017eas kron\u0161teinus, lai nostiprin\u0101tu cilindru, nodro\u0161inot, ka tas ir pareizi izl\u012bdzin\u0101ts ar ma\u0161\u012bnas hidraulisko sist\u0113mu. Pievelciet visus savienojumus saska\u0146\u0101 ar ra\u017eot\u0101ja specifik\u0101cij\u0101m, lai nov\u0113rstu to atsl\u0101b\u0161anu darb\u012bbas laik\u0101.<\/p>\n<p>Pirms tehnikas darbin\u0101\u0161anas p\u0101rbaudiet cilindru, lai p\u0101rliecin\u0101tos, ka tas br\u012bvi p\u0101rvietojas bez \u0161\u0137\u0113r\u0161\u013ciem. P\u0101rbaudiet, vai ap bl\u012bv\u0113m un savienojumiem nav \u0161\u0137idruma nopl\u016b\u017eu, un nekav\u0113joties risiniet visas probl\u0113mas. \u0160o uzst\u0101d\u012b\u0161anas vadl\u012bniju iev\u0113ro\u0161ana pal\u012bdz\u0113s maksim\u0101li palielin\u0101t str\u0113les cilindra efektivit\u0101ti un kalpo\u0161anas laiku.<\/p>\n<h2>Bie\u017ei sastopamie apkopes uzdevumi<\/h2>\n<h3>Regul\u0101ras p\u0101rbaudes<\/h3>\n<p>Regul\u0101ra str\u0113les cilindra p\u0101rbaude, vai nav nopl\u016b\u017eu, nodiluma un citu probl\u0113mu, ir \u013coti svar\u012bga, lai saglab\u0101tu t\u0101 funkcionalit\u0101ti. Operatoriem j\u0101p\u0101rbauda cilindra \u0101rpuse, vai nav boj\u0101jumu paz\u012bmju, un j\u0101p\u0101rliecin\u0101s, ka hidrauliskie savienojumi ir dro\u0161i. Probl\u0113mu agr\u012bna atkl\u0101\u0161ana var nov\u0113rst d\u0101rgus remontdarbus un d\u012bkst\u0101ves.<\/p>\n<h3>Pareiza e\u013c\u013co\u0161ana<\/h3>\n<p>E\u013c\u013co\u0161ana ir b\u016btiska hidraulisk\u0101 cilindra vienm\u0113r\u012bgai darb\u012bbai. Ra\u017eot\u0101ja ieteikumu iev\u0113ro\u0161ana attiec\u012bb\u0101 uz sm\u0113rvielas veidu un lieto\u0161anas bie\u017eumu ir \u013coti svar\u012bga, lai nov\u0113rstu berzi un nodilumu. Pareiza e\u013c\u013co\u0161ana pal\u012bdz saglab\u0101t bl\u012bv\u0113jumu integrit\u0101ti un samazina hidraulisk\u0101 \u0161\u0137idruma nopl\u016bdes risku.<\/p>\n<h3>Bl\u012bv\u0113juma nomai\u0146a un kalibr\u0113\u0161ana<\/h3>\n<p>T\u0101 k\u0101 bl\u012bves laika gait\u0101 nolietojas, t\u0101s regul\u0101ri j\u0101maina, lai uztur\u0113tu hidraulisk\u0101s sist\u0113mas efektivit\u0101ti. Operatoriem r\u016bp\u012bgi j\u0101uzrauga bl\u012bvju st\u0101voklis un j\u0101nomaina t\u0101s, ja par\u0101d\u0101s nodiluma vai boj\u0101jumu paz\u012bmes. Turkl\u0101t periodiska hidraulisk\u0101s sist\u0113mas kalibr\u0113\u0161ana nodro\u0161ina, ka str\u0113les cilindrs darbojas pareizi un prec\u012bzi rea\u0123\u0113 uz operatora komand\u0101m.<\/p>\n<p><img decoding=\"async\" src=\"https:\/\/www.hydraulic-cylinders.net\/wp-content\/uploads\/2025\/04\/songte-chushion-collar.webp\" alt=\"Str\u0113les cilindra uzst\u0101d\u012b\u0161ana\"><\/p>\n<h2>Dro\u0161\u012bbas apsv\u0113rumi un vides faktori<\/h2>\n<p>Str\u0101d\u0101jot ar smago tehniku, dro\u0161\u012bbas pas\u0101kumi ir \u0101rk\u0101rt\u012bgi svar\u012bgi. Operatoriem, lietojot str\u0113les cilindrus, vienm\u0113r j\u0101iev\u0113ro dro\u0161\u012bbas protokoli, piem\u0113ram, j\u0101valk\u0101 atbilsto\u0161i individu\u0101lie aizsardz\u012bbas l\u012bdzek\u013ci un j\u0101iev\u0113ro ekspluat\u0101cijas vadl\u012bnijas. Izpratne par iesp\u0113jamiem riskiem, kas saist\u012bti ar hidrauliskaj\u0101m sist\u0113m\u0101m, tostarp hidraulisk\u0101 \u0161\u0137idruma nopl\u016bd\u0113m un spiediena probl\u0113m\u0101m, ir \u013coti svar\u012bga, lai nodro\u0161in\u0101tu dro\u0161u darba vidi. Turkl\u0101t videi draudz\u012bgu \u0161\u0137idrumu izmanto\u0161ana var pal\u012bdz\u0113t samazin\u0101t hidraulisko darb\u012bbu ietekmi uz vidi.<\/p>\n<h2>K\u013c\u016bmju diagnostika un bie\u017e\u0101k sastopam\u0101s probl\u0113mas<\/h2>\n<ul>\n<li><strong>\u0160\u0137idruma nopl\u016bdes:<\/strong> Viena no visbie\u017e\u0101k sastopamaj\u0101m probl\u0113m\u0101m, ar ko saskaras str\u0113les cilindri, ir \u0161\u0137idruma nopl\u016bde, kas var rasties nolietotu bl\u012bv\u0113jumu vai boj\u0101tu cilindru korpusu d\u0113\u013c. Regul\u0101ra p\u0101rbaude un savlaic\u012bga bl\u012bv\u0113jumu nomai\u0146a ir b\u016btiska, lai nov\u0113rstu nopl\u016bdes.<\/li>\n<li><strong>Samazin\u0101ta veiktsp\u0113ja:<\/strong> Ja cilindrs neizvirz\u0101s vai neievelkas vienm\u0113r\u012bgi, tas var liecin\u0101t par zemu hidraulisk\u0101 \u0161\u0137idruma l\u012bmeni vai iek\u0161\u0113jiem boj\u0101jumiem. Ir \u013coti svar\u012bgi regul\u0101ri p\u0101rbaud\u012bt \u0161\u0137idruma l\u012bmeni un nekav\u0113joties risin\u0101t visas darb\u012bbas probl\u0113mas.<\/li>\n<li><strong>Trok\u0161\u0146aina darb\u012bba:<\/strong> Neparastas ska\u0146as darb\u012bbas laik\u0101 var liecin\u0101t par iek\u0161\u0113ju nodilumu vai e\u013c\u013co\u0161anas tr\u016bkumu. Operatoriem j\u0101izp\u0113ta visas d\u012bvain\u0101s ska\u0146as un j\u0101veic nepiecie\u0161am\u0101 apkope, lai nov\u0113rstu probl\u0113mu.<\/li>\n<\/ul>\n<h2>Probl\u0113mu nov\u0113r\u0161anas padomi<\/h2>\n<p>Lai efekt\u012bvi diagnostic\u0113tu un nov\u0113rstu k\u013c\u016bmes, operatoriem j\u0101iepaz\u012bstas ar bie\u017ei sastopam\u0101m probl\u0113m\u0101m un to risin\u0101jumiem. \u0160\u0137idruma nopl\u016bdes gad\u012bjum\u0101 p\u0101rbaudiet bl\u012bves un, ja nepiecie\u0161ams, nomainiet t\u0101s. Samazin\u0101tas veiktsp\u0113jas gad\u012bjum\u0101 p\u0101rbaudiet hidraulisk\u0101 \u0161\u0137idruma l\u012bmeni un, ja tas ir zems, uzpildiet to. Ja rodas neparasti trok\u0161\u0146i, p\u0101rbaudiet iesp\u0113jamo nodilumu un nodro\u0161iniet pareizu e\u013c\u013co\u0161anu. Prevent\u012bvu pas\u0101kumu, piem\u0113ram, regul\u0101ru p\u0101rbau\u017eu un savlaic\u012bgas apkopes, ievie\u0161ana var iev\u0113rojami samazin\u0101t \u0161o probl\u0113mu iesp\u0113jam\u012bbu n\u0101kotn\u0113.<\/p>\n<p><img decoding=\"async\" src=\"https:\/\/www.hydraulic-cylinders.net\/wp-content\/uploads\/2025\/04\/songte-bushings-with-all-kinds-of-excavator-models.webp\" alt=\"Str\u0113les cilindra komponenti\"><\/p>\n<h2>Par m\u016bsu uz\u0146\u0113mumu<\/h2>\n<p>M\u0113s esam vado\u0161ais rezerves hidraulisko cilindru ra\u017eot\u0101js, kas pied\u0101v\u0101 pla\u0161u produktu kl\u0101stu, kas apmierina gan viet\u0113jo, gan starptautisko tirgu vajadz\u012bbas. M\u016bsu ap\u0146em\u0161an\u0101s sasniegt izcil\u012bbu atspogu\u013cojas m\u016bsu pilnveidotajos ra\u017eo\u0161anas procesos un strat\u0113\u0123ij\u0101s. M\u0113s izmantojam progres\u012bvas tehnolo\u0123ijas, prasm\u012bgu person\u0101lu un digit\u0101l\u0101s ra\u017eo\u0161anas iek\u0101rtas, lai nep\u0101rtraukti uzlabotu savas ra\u017eo\u0161anas iesp\u0113jas.<\/p>\n<p>M\u016bsu uzman\u012bbas centr\u0101 ir kvalit\u0101tes nodro\u0161in\u0101\u0161ana, kas nodro\u0161ina, ka katrs produkts atbilst augst\u0101kajiem standartiem, un m\u016bsu piel\u0101go\u0161anas iesp\u0113jas \u013cauj mums efekt\u012bvi apmierin\u0101t da\u017e\u0101das klientu vajadz\u012bbas. Ar izcilu p\u0113cp\u0101rdo\u0161anas apkalpo\u0161anu un starptautiskiem sertifik\u0101tiem m\u0113s cen\u0161amies pieg\u0101d\u0101t produktus, kas ne tikai atbilst, bet ar\u012b p\u0101rsniedz klientu cer\u012bbas.<\/p>\n<p><img decoding=\"async\" src=\"https:\/\/www.hydraulic-cylinders.net\/wp-content\/uploads\/2025\/04\/songte-company-4.webp\" alt=\"Uz\u0146\u0113muma p\u0101rskats\"><br \/>\n<img decoding=\"async\" src=\"https:\/\/www.hydraulic-cylinders.net\/wp-content\/uploads\/2025\/04\/songte-company-3.webp\" alt=\"Uz\u0146\u0113muma ra\u017eo\u0161ana\"><\/p>\n<p>Autors: lil<\/p>","protected":false},"excerpt":{"rendered":"<p>Boom Cylinder For Caterpillar Small Excavator E311\/311C Overview of Boom Cylinders The boom cylinder is a crucial component used in various heavy machinery, particularly in excavators, backhoes, and front loaders. It serves to control the movement of the bucket, allowing it to lift, lower, and tilt effectively. This hydraulic cylinder is designed to facilitate material [&hellip;]<\/p>","protected":false},"featured_media":17869,"comment_status":"open","ping_status":"closed","template":"","meta":{"_et_pb_use_builder":"","_et_pb_old_content":"","_et_gb_content_width":""},"product_brand":[],"product_cat":[1546],"product_tag":[1547,1496],"class_list":{"0":"post-18927","1":"product","2":"type-product","3":"status-publish","4":"has-post-thumbnail","6":"product_cat-boom-cylinders","7":"product_tag-boom-cylinders","8":"product_tag-hydraulic-cylinders","10":"first","11":"instock","12":"shipping-taxable","13":"product-type-simple"},"amp_enabled":true,"_links":{"self":[{"href":"https:\/\/www.hydraulic-cylinders.net\/lv\/wp-json\/wp\/v2\/product\/18927","targetHints":{"allow":["GET"]}}],"collection":[{"href":"https:\/\/www.hydraulic-cylinders.net\/lv\/wp-json\/wp\/v2\/product"}],"about":[{"href":"https:\/\/www.hydraulic-cylinders.net\/lv\/wp-json\/wp\/v2\/types\/product"}],"replies":[{"embeddable":true,"href":"https:\/\/www.hydraulic-cylinders.net\/lv\/wp-json\/wp\/v2\/comments?post=18927"}],"wp:featuredmedia":[{"embeddable":true,"href":"https:\/\/www.hydraulic-cylinders.net\/lv\/wp-json\/wp\/v2\/media\/17869"}],"wp:attachment":[{"href":"https:\/\/www.hydraulic-cylinders.net\/lv\/wp-json\/wp\/v2\/media?parent=18927"}],"wp:term":[{"taxonomy":"product_brand","embeddable":true,"href":"https:\/\/www.hydraulic-cylinders.net\/lv\/wp-json\/wp\/v2\/product_brand?post=18927"},{"taxonomy":"product_cat","embeddable":true,"href":"https:\/\/www.hydraulic-cylinders.net\/lv\/wp-json\/wp\/v2\/product_cat?post=18927"},{"taxonomy":"product_tag","embeddable":true,"href":"https:\/\/www.hydraulic-cylinders.net\/lv\/wp-json\/wp\/v2\/product_tag?post=18927"}],"curies":[{"name":"wp","href":"https:\/\/api.w.org\/{rel}","templated":true}]}}