{"id":1893,"date":"2023-10-19T06:07:27","date_gmt":"2023-10-19T06:07:27","guid":{"rendered":"https:\/\/hydraulic-cylinders.net\/?post_type=product&#038;p=1893"},"modified":"2025-04-11T02:51:59","modified_gmt":"2025-04-11T02:51:59","slug":"open-tbm-support-shoe-cylinder","status":"publish","type":"product","link":"https:\/\/www.hydraulic-cylinders.net\/lv\/products\/open-tbm-support-shoe-cylinder\/","title":{"rendered":"Atv\u0113rts TBM atbalsta kurpju cilindrs"},"content":{"rendered":"<h1 style=\"text-align: center;\"><strong>Atv\u0113rts TBM atbalsta kurpju cilindrs<\/strong><\/h1>\n<p><img loading=\"lazy\" decoding=\"async\" class=\"aligncenter wp-image-1894\" src=\"https:\/\/hydraulic-cylinders.net\/wp-content\/uploads\/2023\/10\/support-shoe-cylinder-1-300x300.webp\" alt=\"\" width=\"400\" height=\"400\" \/><\/p>\n<p>Atv\u0113rt\u0101 tipa tune\u013cu urb\u0161anas iek\u0101rtu (TBM) atbalsta kurpes cilindrs ir moderna hidraulisk\u0101 sast\u0101vda\u013ca, kas paredz\u0113ta tune\u013cu urb\u0161anas iek\u0101rtu (TBM) stabilit\u0101tes un veiktsp\u0113jas uzlabo\u0161anai. \u0160is specializ\u0113tais cilindrs atbalsta TBM grie\u0161anas galvi\u0146u rak\u0161anas laik\u0101, nodro\u0161inot prec\u012bzu vad\u012bbu, paaugstin\u0101tu efektivit\u0101ti un uzlabotu dro\u0161\u012bbu. \u0160aj\u0101 visaptvero\u0161aj\u0101 rakst\u0101 tiks izp\u0113t\u012btas atv\u0113rt\u0101 TBM atbalsta kurpes cilindra galven\u0101s \u012bpa\u0161\u012bbas, lieto\u0161anas metodes un apkopes vadl\u012bnijas.<\/p>\n<p>Atv\u0113rtais TBM atbalsta kurpes cilindrs ir moderna hidrauliska sast\u0101vda\u013ca, kas uzlabo stabilit\u0101ti un veiktsp\u0113ju tune\u013cu urb\u0161anas darbos. Ar uzlabotu stabilit\u0101ti, prec\u012bzu vad\u012bbu, uzlabot\u0101m dro\u0161\u012bbas funkcij\u0101m un iztur\u012bgu konstrukciju \u0161is cilindrs nodro\u0161ina efekt\u012bvu un dro\u0161u tune\u013ca rak\u0161anu. Iev\u0113rojot ieteicam\u0101s lieto\u0161anas metodes un regul\u0101ras apkopes praksi, atv\u0113rtais TBM atbalsta kurpes cilindrs turpin\u0101s nodro\u0161in\u0101t izcilu veiktsp\u0113ju, veicinot tune\u013cu rak\u0161anas projektu pan\u0101kumus. Paaugstiniet savas tune\u013cu urb\u0161anas darb\u012bbas ar stabilit\u0101ti un uzticam\u012bbu, ko pied\u0101v\u0101 atv\u0113rtais TBM atbalsta kurpes cilindrs.<\/p>\n<p>Atv\u0113rt\u0101 TBM atbalsta kurpes cilindra galven\u0101s \u012bpa\u0161\u012bbas:<\/p>\n<ul>\n<li>Uzlabota stabilit\u0101te: Atv\u0113rtais TBM atbalsta kurpes cilindrs nodro\u0161ina komandas grie\u0161anas galvi\u0146ai izcilu stabilit\u0101ti. T\u0101 robust\u0101 konstrukcija un augst\u0101 nestsp\u0113ja nodro\u0161ina grie\u0161anas galvi\u0146as stabilit\u0101ti pat sare\u017e\u0123\u012btos \u0123eolo\u0123iskos apst\u0101k\u013cos, samazinot vibr\u0101cijas un uzlabojot kop\u0113jo rak\u0161anas precizit\u0101ti.<\/li>\n<li>Prec\u012bza vad\u012bba: Apr\u012bkots ar modern\u0101m hidraulisk\u0101m sist\u0113m\u0101m, \u0161is cilindrs nodro\u0161ina prec\u012bzu atbalsta p\u0113das kust\u012bbas kontroli. Operatori var regul\u0113t cilindra pagarin\u0101jumu un ievilk\u0161anu, \u013caujot prec\u012bzi noregul\u0113t TBM poz\u012bciju un optimiz\u0113t t\u0101 veiktsp\u0113ju da\u017e\u0101d\u0101s grunts form\u0101s.<\/li>\n<li>Uzlabota dro\u0161\u012bba: Atv\u0113rt\u0101 tipa TBM atbalsta p\u0113das cilindrs ietver t\u0101das dro\u0161\u012bbas funkcijas k\u0101 p\u0101rslodzes aizsardz\u012bba un av\u0101rijas aptur\u0113\u0161anas meh\u0101nismi. \u0160\u012bs funkcijas pal\u012bdz nov\u0113rst p\u0101rm\u0113r\u012bgu sp\u0113ku iedarb\u012bbu uz atbalsta p\u0113du, nodro\u0161inot TBM operatoru dro\u0161\u012bbu un samazinot apr\u012bkojuma boj\u0101jumu risku.<\/li>\n<li>Iztur\u012bba un uzticam\u012bba: Atv\u0113rt\u0101 tipa TBM atbalsta kurpju cilindrs, kas izgatavots no augstas kvalit\u0101tes materi\u0101liem, ir paredz\u0113ts iztur\u0113t sare\u017e\u0123\u012btos apst\u0101k\u013cus tune\u013cu urb\u0161anas darbos. T\u0101 iztur\u012bg\u0101 konstrukcija nodro\u0161ina ilgtermi\u0146a iztur\u012bbu, uzticam\u012bbu un nemain\u012bgu veiktsp\u0113ju, samazinot d\u012bkst\u0101ves laiku un apkopes izmaksas.<\/li>\n<\/ul>\n<h2><strong>Atv\u0113rt\u0101 TBM atbalsta kurpes cilindra parametrs:<\/strong><\/h2>\n<table border=\"1\" cellspacing=\"0\" cellpadding=\"0\">\n<tbody>\n<tr>\n<td>Produkta nosaukums<\/td>\n<td>Atv\u0113rt\u0101 tune\u013ca urb\u0161anas ma\u0161\u012bnas atbalsta apavu cilindrs<\/td>\n<\/tr>\n<tr>\n<td>Funkcijas:<\/td>\n<td>Nodro\u0161ina griez\u0113jgalvas tunel\u0113\u0161anas vilci<\/td>\n<\/tr>\n<tr>\n<td>Urbuma diametrs:<\/td>\n<td>\u00a0480 mm\uff5e1000 mm<\/td>\n<\/tr>\n<tr>\n<td>Stie\u0146a diametrs:<\/td>\n<td>400 mm\uff5e730 mm<br \/>\nG\u0101jiens 400 mm\uff5e825 mm<\/td>\n<\/tr>\n<tr>\n<td>Spiediens:<\/td>\n<td>l\u012bdz 35 MPa<\/td>\n<\/tr>\n<tr>\n<td>Lietojumi:<\/td>\n<td>Atv\u0113rt\u0101 tune\u013ca urb\u0161anas ma\u0161\u012bna<\/td>\n<\/tr>\n<\/tbody>\n<\/table>\n<h2><strong>Atv\u0113rt\u0101 TBM cilindra pielietojums:<\/strong><\/h2>\n<p><img loading=\"lazy\" decoding=\"async\" class=\"alignnone wp-image-1899 size-full\" src=\"https:\/\/hydraulic-cylinders.net\/wp-content\/uploads\/2023\/10\/open-tbm-cylinder-1.webp\" alt=\"\" width=\"709\" height=\"473\" srcset=\"https:\/\/hydraulic-cylinders.net\/wp-content\/uploads\/2023\/10\/open-tbm-cylinder-1.webp 709w, https:\/\/hydraulic-cylinders.net\/wp-content\/uploads\/2023\/10\/open-tbm-cylinder-1-480x320.webp 480w\" sizes=\"(min-width: 0px) and (max-width: 480px) 480px, (min-width: 481px) 709px, 100vw\" \/><\/p>\n<h2><strong>Atv\u0113rt\u0101 TBM atbalsta apavu cilindra lieto\u0161anas metode<\/strong><strong>:<\/strong><\/h2>\n<ul>\n<li><strong>Cilindra uzst\u0101d\u012b\u0161ana:<\/strong>\u00a0 Uzst\u0101diet atv\u0113rto TBM atbalsta kurpes cilindru saska\u0146\u0101 ar ra\u017eot\u0101ja nor\u0101d\u012bjumiem. Nodro\u0161iniet pareizu izl\u012bdzin\u0101\u0161anu un dro\u0161u stiprin\u0101jumu pie TBM konstrukcijas, izmantojot atbilsto\u0161us mont\u0101\u017eas kron\u0161teinus vai piederumus.<\/li>\n<li><strong>Hidraulisk\u0101s sist\u0113mas integr\u0101cija:<\/strong> Pievienojiet cilindru TBM hidrauliskajai sist\u0113mai, izmantojot sader\u012bgas \u0161\u013c\u016btenes un savienojumus. P\u0101rliecinieties, vai visi savienojumi ir dro\u0161i, bez nopl\u016bd\u0113m un pietiekami pievilkti, lai uztur\u0113tu optim\u0101lu hidraulisko veiktsp\u0113ju.<\/li>\n<li><strong>Pozicion\u0113\u0161anas regul\u0113\u0161ana:<\/strong>\u00a0 Iepaz\u012bstieties ar atv\u0113rt\u0101 TBM atbalsta p\u0113das cilindra vad\u012bbas ier\u012bc\u0113m. Izmantojiet \u0161\u012bs vad\u012bbas ier\u012bces, lai regul\u0113tu cilindra pagarin\u0101jumu un ievilk\u0161anu, \u013caujot prec\u012bzi novietot atbalsta p\u0113du, lai piel\u0101gotos da\u017e\u0101diem zemes apst\u0101k\u013ciem un saglab\u0101tu stabilit\u0101ti rak\u0161anas laik\u0101.<\/li>\n<li><strong>Dro\u0161\u012bbas pas\u0101kumi:<\/strong>\u00a0 Iev\u0113rojiet visus TBM ra\u017eot\u0101ja sniegtos dro\u0161\u012bbas protokolus un vadl\u012bnijas. P\u0101rliecinieties, ka operatori ir apm\u0101c\u012bti TBM un atv\u0113rt\u0101 TBM atbalsta kurpes cilindra dro\u0161\u0101 lieto\u0161an\u0101. Regul\u0101ri p\u0101rbaudiet dro\u0161\u012bbas meh\u0101nismus un veiciet apkopi, k\u0101 ieteikts, lai nodro\u0161in\u0101tu pareizu darb\u012bbu.<\/li>\n<\/ul>\n<h2><strong>K\u0101 atgaisot gaisu no hidraulisk\u0101 cilindra?<\/strong><\/h2>\n<p>Hidraulisk\u0101 cilindra atgaiso\u0161ana ir b\u016btiska apkopes proced\u016bra, lai nodro\u0161in\u0101tu optim\u0101lu veiktsp\u0113ju un nov\u0113rstu t\u0101das probl\u0113mas k\u0101 poraina vai nevienm\u0113r\u012bga darb\u012bba. \u0160eit ir sniegta detaliz\u0113ta instrukcija par hidraulisk\u0101 cilindra atgaiso\u0161anu:<\/p>\n<ol>\n<li><strong>Dro\u0161\u012bba pirmaj\u0101 viet\u0101:<\/strong> Pirms jebk\u0101du apkopes darbu veik\u0161anas p\u0101rliecinieties, vai hidrauliskaj\u0101 sist\u0113m\u0101 nav spiediena un vai apr\u012bkojums ir dro\u0161i nostiprin\u0101ts, lai nov\u0113rstu nejau\u0161u kust\u012bbu.<\/li>\n<li><strong>Identific\u0113jiet izpl\u016bdes v\u0101rstu:<\/strong> Atrodiet hidraulisk\u0101 cilindra atgaiso\u0161anas v\u0101rstu. Atgaiso\u0161anas v\u0101rsts parasti ir maza skr\u016bve vai v\u0101rsts, kas novietots uz cilindra korpusa vai hidraulisko savienojumu tuvum\u0101.<\/li>\n<li><strong>Pozicion\u0113\u0161ana:<\/strong> P\u0101rvietojiet balonu t\u0101d\u0101 poz\u012bcij\u0101, kur var piek\u013c\u016bt atgaiso\u0161anas v\u0101rstam un novietot to balona augst\u0101kaj\u0101 punkt\u0101. \u0160\u012b poz\u012bcija \u013cauj iesprostotam gaisam viegl\u0101k pacelties un izpl\u016bst.<\/li>\n<li><strong>Atveriet iztuk\u0161o\u0161anas v\u0101rstu:<\/strong> Uzman\u012bgi atveriet atgaiso\u0161anas v\u0101rstu, izmantojot piem\u0113rotu uzgrie\u017e\u0146u atsl\u0113gu vai instrumentu, pagrie\u017eot to pret\u0113ji pulkste\u0146r\u0101d\u012bt\u0101ja virzienam. P\u0101rliecinieties, ka jums ir tvertne vai piem\u0113roti l\u012bdzek\u013ci, lai sav\u0101ktu hidraulisko \u0161\u0137idrumu, kas izpl\u016bst atgaiso\u0161anas laik\u0101.<\/li>\n<li><strong>\u013baut gaisam izpl\u016bst:<\/strong> L\u0113n\u0101m pagariniet vai ievelciet cilindru, izmantojot hidraulisk\u0101s sist\u0113mas vad\u012bbas ier\u012bces. \u0160\u012b darb\u012bba pal\u012bdz rad\u012bt \u0161\u0137idruma pl\u016bsmu cilindr\u0101 un veicina iesprostot\u0101 gaisa izpl\u016b\u0161anu caur atv\u0113rto atgaiso\u0161anas v\u0101rstu. Turpiniet darbin\u0101t cilindru, l\u012bdz nov\u0113rojat vienm\u0113r\u012bgu hidraulisk\u0101 \u0161\u0137idruma pl\u016bsmu bez gaisa burbu\u013ciem.<\/li>\n<li><strong>Aizveriet iztuk\u0161o\u0161anas v\u0101rstu:<\/strong> Kad hidrauliskais \u0161\u0137idrums pl\u016bst vienm\u0113r\u012bgi un nav redzami gaisa burbu\u013ci, aizveriet atgaiso\u0161anas v\u0101rstu, pagrie\u017eot to pulkste\u0146r\u0101d\u012bt\u0101ja virzien\u0101. Uzmanieties, lai v\u0101rstu nep\u0101rslogotu, lai nesaboj\u0101tu v\u012btnes.<\/li>\n<li><strong>\u0160\u0137idruma p\u0101rbaude un uzpilde:<\/strong> P\u0101rbaudiet hidraulisk\u0101 \u0161\u0137idruma l\u012bmeni rezervu\u0101r\u0101 un p\u0101rliecinieties, ka tas ir ieteicamaj\u0101 l\u012bmen\u012b. Ja nepiecie\u0161ams, pievienojiet hidraulisko \u0161\u0137idrumu, lai uztur\u0113tu atbilsto\u0161u l\u012bmeni. Inform\u0101ciju par pareizo hidraulisk\u0101 \u0161\u0137idruma veidu un specifik\u0101cij\u0101m skatiet iek\u0101rtas rokasgr\u0101mat\u0101.<\/li>\n<li><strong>Testa darb\u012bba:<\/strong> P\u0113c hidraulisk\u0101 cilindra atgaiso\u0161anas un atbilsto\u0161a \u0161\u0137idruma l\u012bme\u0146a nodro\u0161in\u0101\u0161anas p\u0101rbaudiet iek\u0101rtas darb\u012bbu. P\u0101rliecinieties, vai cilindrs darbojas nevainojami un bez porain\u012bbas vai nel\u012bdzenumiem.<\/li>\n<li><strong>Atk\u0101rtojiet, ja nepiecie\u0161ams:<\/strong> Da\u017eos gad\u012bjumos gr\u016bti ies\u016bcamiem gaisa kabatu no\u0146em\u0161anai var b\u016bt nepiecie\u0161ami vair\u0101ki atgaiso\u0161anas cikli. Ja joproj\u0101m nov\u0113rojat iesprostotu gaisu vai darb\u012bba ir nevienm\u0113r\u012bga, atk\u0101rtojiet atgaiso\u0161anas procesu.<\/li>\n<\/ol>\n<h2><strong>R\u016bpn\u012bcas iesp\u0113jas un jauda:<\/strong><\/h2>\n<h3>(1) Mont\u0101\u017ea<\/h3>\n<p>Mums ir pirmklas\u012bga neatkar\u012bga p\u0113tniec\u012bbas un att\u012bst\u012bbas mont\u0101\u017eas platforma. Hidraulisko cilindru ra\u017eo\u0161anas darbn\u012bc\u0101 ir \u010detras pusautom\u0101tiskas pacel\u0161anas cilindru mont\u0101\u017eas l\u012bnijas un viena autom\u0101tisk\u0101 sl\u012bpuma cilindru mont\u0101\u017eas l\u012bnija ar projekt\u0113to gada ra\u017eo\u0161anas jaudu 1 miljons vien\u012bbu. Speci\u0101lo cilindru darbn\u012bca ir apr\u012bkota ar da\u017e\u0101du specifik\u0101ciju pusautom\u0101tisku t\u012br\u012b\u0161anas mont\u0101\u017eas sist\u0113mu ar projekt\u0113to gada ra\u017eo\u0161anas jaudu 200 000 vien\u012bbu un apr\u012bkota ar slaven\u0101m CNC apstr\u0101des iek\u0101rt\u0101m, apstr\u0101des centru, augstas precizit\u0101tes cilindru apstr\u0101des speci\u0101lo apr\u012bkojumu, robotiz\u0113tu metin\u0101\u0161anas iek\u0101rtu, autom\u0101tisku t\u012br\u012b\u0161anas iek\u0101rtu, autom\u0101tisku cilindru mont\u0101\u017eas iek\u0101rtu un autom\u0101tisku kr\u0101so\u0161anas ra\u017eo\u0161anas l\u012bniju. Eso\u0161ais kritiskais apr\u012bkojums ir vair\u0101k nek\u0101 300 komplektu (komplektu). Optim\u0101la iek\u0101rtu resursu sadale un efekt\u012bva izmanto\u0161ana nodro\u0161ina produktu precizit\u0101tes pras\u012bbas un apmierina produktu augst\u0101s kvalit\u0101tes pras\u012bbas.<\/p>\n<p><img loading=\"lazy\" decoding=\"async\" class=\"alignnone wp-image-626\" src=\"https:\/\/hydraulic-cylinders.net\/wp-content\/uploads\/2023\/08\/hydraulic-cylinder-product-1-300x158.webp\" alt=\"\" width=\"495\" height=\"260\" srcset=\"https:\/\/hydraulic-cylinders.net\/wp-content\/uploads\/2023\/08\/hydraulic-cylinder-product-1-300x158.webp 495w, https:\/\/hydraulic-cylinders.net\/wp-content\/uploads\/2023\/08\/hydraulic-cylinder-product-1-480x252.webp 480w\" sizes=\"(min-width: 0px) and (max-width: 480px) 480px, (min-width: 481px) 495px, 100vw\" \/> <img loading=\"lazy\" decoding=\"async\" class=\"alignnone wp-image-627\" src=\"https:\/\/hydraulic-cylinders.net\/wp-content\/uploads\/2023\/08\/hydraulic-cylinder-product-2-300x189.webp\" alt=\"\" width=\"413\" height=\"260\" \/><\/p>\n<h3>(2) Apstr\u0101de<\/h3>\n<p>Apstr\u0101des cehs ir apr\u012bkots ar piel\u0101gotu sl\u012bpo slie\u017eu virpo\u0161anas centru, apstr\u0101des centru, \u0101trgaitas asin\u0101\u0161anas ma\u0161\u012bnu, metin\u0101\u0161anas robotu un citu saist\u012btu apr\u012bkojumu, kas var apstr\u0101d\u0101t cilindriskas caurules ar maksim\u0101lo iek\u0161\u0113jo diametru 400 mm un maksim\u0101lo garumu 6 metri.<\/p>\n<p><img loading=\"lazy\" decoding=\"async\" class=\"alignnone wp-image-628 size-large\" src=\"https:\/\/hydraulic-cylinders.net\/wp-content\/uploads\/2023\/08\/hydraulic-cylinder-product-3-1024x391.webp\" alt=\"\" width=\"1024\" height=\"391\" srcset=\"https:\/\/hydraulic-cylinders.net\/wp-content\/uploads\/2023\/08\/hydraulic-cylinder-product-3-980x374.webp 980w, https:\/\/hydraulic-cylinders.net\/wp-content\/uploads\/2023\/08\/hydraulic-cylinder-product-3-480x183.webp 480w\" sizes=\"(min-width: 0px) and (max-width: 480px) 480px, (min-width: 481px) and (max-width: 980px) 980px, (min-width: 981px) 1024px, 100vw\" \/><\/p>\n<h3>(3) Metin\u0101\u0161ana<\/h3>\n<p><img loading=\"lazy\" decoding=\"async\" class=\"alignnone wp-image-629 size-large\" src=\"https:\/\/hydraulic-cylinders.net\/wp-content\/uploads\/2023\/08\/hydraulic-cylinder-product-4-1024x510.webp\" alt=\"\" width=\"1024\" height=\"510\" srcset=\"https:\/\/hydraulic-cylinders.net\/wp-content\/uploads\/2023\/08\/hydraulic-cylinder-product-4-980x488.webp 980w, https:\/\/hydraulic-cylinders.net\/wp-content\/uploads\/2023\/08\/hydraulic-cylinder-product-4-480x239.webp 480w\" sizes=\"(min-width: 0px) and (max-width: 480px) 480px, (min-width: 481px) and (max-width: 980px) 980px, (min-width: 981px) 1024px, 100vw\" \/><\/p>\n<h3>(4) Kr\u0101so\u0161ana un p\u0101rkl\u0101\u0161ana<\/h3>\n<p>Ar maz\u0101m un vid\u0113ja izm\u0113ra cilindrisk\u0101m autom\u0101tisk\u0101m \u016bdens b\u0101zes kr\u0101su p\u0101rkl\u0101\u0161anas l\u012bnij\u0101m, lai pan\u0101ktu autom\u0101tisku robotu iekrau\u0161anu un izkrau\u0161anu un autom\u0101tisku izsmidzin\u0101\u0161anu, projekt\u0113t\u0101 jauda ir 4000 gabali mai\u0146\u0101;<br \/>\nMums ir ar\u012b pusautom\u0101tiska kr\u0101su ra\u017eo\u0161anas l\u012bnija lieliem baloniem, ko darbina \u0137\u0113des piedzi\u0146a, ar 60 kastu konstrukcijas jaudu vien\u0101 mai\u0146\u0101.<\/p>\n<p><img loading=\"lazy\" decoding=\"async\" class=\"alignnone wp-image-630\" src=\"https:\/\/hydraulic-cylinders.net\/wp-content\/uploads\/2023\/08\/hydraulic-cylinder-product-5-300x213.webp\" alt=\"\" width=\"366\" height=\"260\" \/> <img loading=\"lazy\" decoding=\"async\" class=\"alignnone wp-image-631\" src=\"https:\/\/hydraulic-cylinders.net\/wp-content\/uploads\/2023\/08\/hydraulic-cylinder-product-6-300x225.webp\" alt=\"\" width=\"347\" height=\"260\" \/><\/p>\n<h3>(5) Test\u0113\u0161ana<\/h3>\n<p>Mums ir augst\u0101k\u0101s klases p\u0101rbaudes iek\u0101rtas un test\u0113\u0161anas stendi, lai nodro\u0161in\u0101tu, ka balona veiktsp\u0113ja atbilst pras\u012bb\u0101m.<\/p>\n<p><img loading=\"lazy\" decoding=\"async\" class=\"alignnone wp-image-632\" src=\"https:\/\/hydraulic-cylinders.net\/wp-content\/uploads\/2023\/08\/hydraulic-cylinder-product-8-300x200.webp\" alt=\"\" width=\"389\" height=\"260\" \/><\/p>\n<p>&nbsp;<\/p>\n<p>&nbsp;<\/p>\n<p>M\u0113s esam viens no lab\u0101kajiem hidraulisko cilindru ra\u017eot\u0101jiem. M\u0113s varam pied\u0101v\u0101t visaptvero\u0161us hidrauliskos cilindrus. M\u0113s nodro\u0161in\u0101m ar\u012b atbilsto\u0161us <a href=\"https:\/\/hzpt.com\/agricultural-pto-gearbox\/\" target=\"_blank\" rel=\"noopener\">lauksaimniec\u012bbas p\u0101rnesumk\u0101rbas<\/a>. M\u0113s esam eksport\u0113ju\u0161i savus produktus klientiem vis\u0101 pasaul\u0113 un esam ieguvu\u0161i labu reput\u0101ciju, pateicoties m\u016bsu izcilajai produktu kvalit\u0101tei un p\u0113cp\u0101rdo\u0161anas servisam. M\u0113s aicin\u0101m klientus no valsts un \u0101rvalst\u012bm sazin\u0101ties ar mums, lai risin\u0101tu biznesa sarunas, apmain\u012btos ar inform\u0101ciju un... <a href=\"https:\/\/www.hydraulic-cylinders.net\/lv\/contact-us\/\">sadarboties ar mums<\/a>!<\/p>\n<p>&nbsp;<\/p>","protected":false},"excerpt":{"rendered":"<p>Open TBM Support Shoe Cylinder The open tbm support shoe cylinder is a state-of-the-art hydraulic component designed to enhance the stability and performance of tunnel boring machines (tbms). This specialized cylinder supports the tbm&#8217;s cutting head during excavation, ensuring precise control, increased efficiency, and improved safety. This comprehensive article will explore the key characteristics, usage [&hellip;]<\/p>","protected":false},"featured_media":1895,"comment_status":"open","ping_status":"closed","template":"","meta":{"_et_pb_use_builder":"","_et_pb_old_content":"","_et_gb_content_width":""},"product_brand":[],"product_cat":[1519,1549],"product_tag":[1380],"class_list":{"0":"post-1893","1":"product","2":"type-product","3":"status-publish","4":"has-post-thumbnail","6":"product_cat-shield-machine-hydraulic-cylinders","7":"product_cat-single-acting-hydraulic-cylinder","8":"product_tag-hydraulic-cylinder","10":"first","11":"instock","12":"shipping-taxable","13":"product-type-simple"},"amp_enabled":true,"_links":{"self":[{"href":"https:\/\/www.hydraulic-cylinders.net\/lv\/wp-json\/wp\/v2\/product\/1893","targetHints":{"allow":["GET"]}}],"collection":[{"href":"https:\/\/www.hydraulic-cylinders.net\/lv\/wp-json\/wp\/v2\/product"}],"about":[{"href":"https:\/\/www.hydraulic-cylinders.net\/lv\/wp-json\/wp\/v2\/types\/product"}],"replies":[{"embeddable":true,"href":"https:\/\/www.hydraulic-cylinders.net\/lv\/wp-json\/wp\/v2\/comments?post=1893"}],"wp:featuredmedia":[{"embeddable":true,"href":"https:\/\/www.hydraulic-cylinders.net\/lv\/wp-json\/wp\/v2\/media\/1895"}],"wp:attachment":[{"href":"https:\/\/www.hydraulic-cylinders.net\/lv\/wp-json\/wp\/v2\/media?parent=1893"}],"wp:term":[{"taxonomy":"product_brand","embeddable":true,"href":"https:\/\/www.hydraulic-cylinders.net\/lv\/wp-json\/wp\/v2\/product_brand?post=1893"},{"taxonomy":"product_cat","embeddable":true,"href":"https:\/\/www.hydraulic-cylinders.net\/lv\/wp-json\/wp\/v2\/product_cat?post=1893"},{"taxonomy":"product_tag","embeddable":true,"href":"https:\/\/www.hydraulic-cylinders.net\/lv\/wp-json\/wp\/v2\/product_tag?post=1893"}],"curies":[{"name":"wp","href":"https:\/\/api.w.org\/{rel}","templated":true}]}}