{"id":18930,"date":"2025-04-07T06:02:45","date_gmt":"2025-04-07T06:02:45","guid":{"rendered":"https:\/\/www.hydraulic-cylinders.net\/product\/boom-cylinder-for-caterpillar-small-excavator-e120-120b\/"},"modified":"2025-04-07T06:02:47","modified_gmt":"2025-04-07T06:02:47","slug":"boom-cylinder-for-caterpillar-small-excavator-e120-120b","status":"publish","type":"product","link":"https:\/\/www.hydraulic-cylinders.net\/lv\/products\/boom-cylinder-for-caterpillar-small-excavator-e120-120b\/","title":{"rendered":"Str\u0113les cilindrs Caterpillar mazajam ekskavatoram E120\/120B"},"content":{"rendered":"<h1>Str\u0113les cilindrs Caterpillar mazajam ekskavatoram E120\/120B<\/h1>\n<h2>Str\u0113les cilindra p\u0101rskats<\/h2>\n<p>Str\u0113les cilindrs ir b\u016btiska smago ma\u0161\u012bnu hidraulisk\u0101s sist\u0113mas sast\u0101vda\u013ca, \u012bpa\u0161i ekskavatoros, piem\u0113ram, Caterpillar E120\/120B. \u0160is hidrauliskais cilindrs ir \u012bpa\u0161i izstr\u0101d\u0101ts, lai kontrol\u0113tu kausa kust\u012bbu, \u013caujot tam pacelt, nolaist un sasv\u0113rties, padarot to par b\u016btisku materi\u0101lu apstr\u0101des darbos. Kausa cilindrs darbojas k\u0101 virz\u012bt\u0101jsp\u0113ks da\u017e\u0101du materi\u0101lu rak\u0161an\u0101, iekrau\u0161an\u0101 un transport\u0113\u0161an\u0101, palielinot b\u016bvniec\u012bbas un rak\u0161anas projektu efektivit\u0101ti un produktivit\u0101ti.<\/p>\n<p><img decoding=\"async\" src=\"https:\/\/www.hydraulic-cylinders.net\/wp-content\/uploads\/2025\/04\/songte-company-1.webp\" alt=\"Ekskavatora str\u0113les cilindrs\" \/><\/p>\n<h3>Str\u0113les cilindra galven\u0101s iez\u012bmes<\/h3>\n<ul>\n<li><strong>Augsta iztur\u012bba un ilgm\u016b\u017e\u012bba:<\/strong> Izgatavots no augstas stipr\u012bbas t\u0113rauda vai alum\u012bnija, str\u0113les cilindrs var iztur\u0113t augstu spiedienu un lielas slodzes, padarot to piem\u0113rotu skarbiem darba apst\u0101k\u013ciem.<\/li>\n<li><strong>Efekt\u012bva hidraulisk\u0101 darb\u012bba:<\/strong> Izmantojot hidraulisk\u0101s e\u013c\u013cas spiedienu, cilindrs nodro\u0161ina vienm\u0113r\u012bgu izvirz\u012b\u0161anos un ievilk\u0161anos, \u0101tri rea\u0123\u0113jot uz darb\u012bbas komand\u0101m un nodro\u0161inot sp\u0113c\u012bgus stum\u0161anas un vilk\u0161anas sp\u0113kus.<\/li>\n<li><strong>Da\u017e\u0101di veidi:<\/strong> Pieejami vienvirziena darb\u012bbas (darbojas vien\u0101 virzien\u0101) vai divk\u0101r\u0161as darb\u012bbas (darbojas abos virzienos) konstrukcij\u0101s, da\u017eiem mode\u013ciem ir teleskopiska konstrukcija, kas nodro\u0161ina liel\u0101ku pagarin\u0101jumu, nepalielinot \u0101r\u0113jos izm\u0113rus, kas ir ide\u0101li piem\u0113rots sl\u0113gt\u0101m telp\u0101m.<\/li>\n<\/ul>\n<h2>Str\u0113les cilindra pielietojumi<\/h2>\n<h3>Celtniec\u012bbas apr\u012bkojums<\/h3>\n<p>B\u016bvniec\u012bbas tehnik\u0101 str\u0113les cilindri ir neat\u0146emama ekskavatoru sast\u0101vda\u013ca, \u013caujot tiem veikt t\u0101das svar\u012bgas funkcijas k\u0101 rak\u0161ana, iekrau\u0161ana un augsnes vai gru\u017eu p\u0101rvieto\u0161ana. \u0160\u012b hidraulisk\u0101 sast\u0101vda\u013ca \u013cauj kausam efekt\u012bvi iek\u013c\u016bt zem\u0113, uzlabojot ekskavatora darb\u012bbas iesp\u0113jas.<\/p>\n<h3>Lauksaimniec\u012bbas tehnika<\/h3>\n<p>Lauksaimniec\u012bbas tehnik\u0101 front\u0101lajos iekr\u0101v\u0113jos tiek izmantoti str\u0113les cilindri, kas atvieglo t\u0101du materi\u0101lu k\u0101 augsnes, siena un citu pre\u010du sav\u0101k\u0161anas, cel\u0161anas un transport\u0113\u0161anas procesus. To uzticam\u0101 hidraulisk\u0101 veiktsp\u0113ja padara tos neaizst\u0101jamus da\u017e\u0101dos lauksaimniec\u012bbas darbos.<\/p>\n<h3>Ekskavatori<\/h3>\n<p>Ekskavatoros str\u0113les cilindram ir iz\u0161\u0137iro\u0161a loma, \u013caujot kausam iek\u013c\u016bt augsn\u0113, kas ir b\u016btiski rak\u0161anas darbos. \u0160\u012b hidraulisk\u0101 komponenta efektivit\u0101te tie\u0161i ietekm\u0113 augsnes apstr\u0101des oper\u0101ciju \u0101trumu un lietder\u012bbu.<\/p>\n<h3>Iekr\u0101v\u0113ji<\/h3>\n<p>Front\u0101lajos iekr\u0101v\u0113jos str\u0113les cilindri pal\u012bdz efekt\u012bvi pacelt un izg\u0101zt kravas. To iztur\u012bg\u0101 konstrukcija un uzticam\u0101 hidraulisk\u0101 darb\u012bba padara tos par neaizst\u0101jamu elementu, lai \u0101tri un efekt\u012bvi apstr\u0101d\u0101tu lielus materi\u0101lu apjomus, t\u0101d\u0113j\u0101di veicinot \u0101tr\u0101ku projektu pabeig\u0161anu.<\/p>\n<h2>Dizaina apsv\u0113rumi un atlases krit\u0113riji<\/h2>\n<h3>Kravnes\u012bba<\/h3>\n<p>Izv\u0113loties str\u0113les cilindru, kritiski svar\u012bgs apsv\u0113rums ir kravnes\u012bba. Tam j\u0101sp\u0113j iztur\u0113t maksim\u0101lo svaru, ko ekskavators var pacelt, neapdraudot dro\u0161\u012bbu vai veiktsp\u0113ju. In\u017eenieriem j\u0101analiz\u0113 ekspluat\u0101cijas pras\u012bbas un j\u0101izv\u0113las cilindri ar atbilsto\u0161u iztur\u012bbu.<\/p>\n<h3>Bl\u012bv\u0113juma veiktsp\u0113ja<\/h3>\n<p>Bl\u012bv\u0113juma veiktsp\u0113ja ir \u013coti svar\u012bga, lai nodro\u0161in\u0101tu, ka hidraulisk\u0101 e\u013c\u013ca netek zem spiediena. Augstas kvalit\u0101tes bl\u012bv\u0113jumi ir nepiecie\u0161ami, lai saglab\u0101tu sist\u0113mas integrit\u0101ti un efektivit\u0101ti, nov\u0113rstu pies\u0101r\u0146ojumu un nodro\u0161in\u0101tu vienm\u0113r\u012bgu darb\u012bbu laika gait\u0101.<\/p>\n<h3>Iztur\u012bba<\/h3>\n<p>Iztur\u012bba ir b\u016btiska str\u0113les cilindriem, jo \u200b\u200btie ir pak\u013cauti skarbiem apst\u0101k\u013ciem. To konstrukcij\u0101 izmantotajiem materi\u0101liem j\u0101b\u016bt iztur\u012bgiem pret nodilumu un koroziju, nodro\u0161inot ilgsto\u0161u veiktsp\u0113ju un samazinot apkopes nepiecie\u0161am\u012bbu.<\/p>\n<h3>Dro\u0161\u012bbas standarti<\/h3>\n<p>Dro\u0161\u012bba hidrauliskaj\u0101s sist\u0113m\u0101s ir \u0101rk\u0101rt\u012bgi svar\u012bga. Str\u0113les cilindriem ir j\u0101atbilst stingriem dro\u0161\u012bbas standartiem, lai aizsarg\u0101tu operatorus un ma\u0161\u012bnas no iesp\u0113jam\u0101m k\u013c\u016bm\u0113m. Regul\u0101ras p\u0101rbaudes un dro\u0161\u012bbas protokolu iev\u0113ro\u0161ana ir \u013coti svar\u012bga, lai uztur\u0113tu ekspluat\u0101cijas dro\u0161\u012bbu.<\/p>\n<h3>Apkalpojam\u012bba<\/h3>\n<p>Apkalpojam\u012bba attiecas uz to, cik viegli var uztur\u0113t vai remont\u0113t str\u0113les cilindru. Konstrukcijas, kas nodro\u0161ina \u0113rtu piek\u013cuvi komponentiem, atvieglo ikdienas apkopi, samazinot d\u012bkst\u0101ves laiku un pagarinot hidraulisk\u0101s sist\u0113mas kalpo\u0161anas laiku.<\/p>\n<p><img decoding=\"async\" src=\"https:\/\/www.hydraulic-cylinders.net\/wp-content\/uploads\/2025\/04\/songte-oil-pipes-and-spare-parts.webp\" alt=\"Hidraulisko cilindru komponenti\" \/><\/p>\n<h2>Bl\u012bv\u0113\u0161ana un e\u013c\u013co\u0161ana<\/h2>\n<p>Efekt\u012bva bl\u012bv\u0113\u0161ana un e\u013c\u013co\u0161ana ir b\u016btiska hidraulisko cilindru vienm\u0113r\u012bgai darb\u012bbai. Da\u017e\u0101di bl\u012bv\u0113\u0161anas komponenti, piem\u0113ram, virzu\u013ca bl\u012bv\u0113jumi un stie\u0146a bl\u012bv\u0113jumi, ir \u013coti svar\u012bgi nopl\u016b\u017eu nov\u0113r\u0161anai. \u0160ie bl\u012bv\u0113jumi parasti ir izgatavoti no iztur\u012bgiem materi\u0101liem, piem\u0113ram, poliuret\u0101na un nitrila gumijas, lai iztur\u0113tu nodilumu. Cilindra korpusam un v\u012bt\u0146otaj\u0101m gala virsm\u0101m ir nepiecie\u0161ama prec\u012bza apstr\u0101de, lai uzlabotu nodilumiztur\u012bbu. Turkl\u0101t regul\u0101ra e\u013c\u013co\u0161ana ar hidraulisko e\u013c\u013cu nodro\u0161ina vienm\u0113r\u012bgu kust\u012bbu un samazina berzi starp komponentiem, t\u0101d\u0113j\u0101di pagarinot cilindra kalpo\u0161anas laiku.<\/p>\n<h2>Prevent\u012bvie apkopes pas\u0101kumi<\/h2>\n<ul>\n<li><strong>Regul\u0101ras p\u0101rbaudes:<\/strong> Veiciet r\u016bp\u012bgas p\u0101rbaudes, lai noteiktu jebk\u0101das nodiluma vai boj\u0101jumu paz\u012bmes. Tas ietver nopl\u016b\u017eu p\u0101rbaudi un visu bl\u012bv\u0113jumu neskart\u012bbas nodro\u0161in\u0101\u0161anu.<\/li>\n<li><strong>E\u013c\u013co\u0161ana:<\/strong> P\u0101rliecinieties, ka hidraulisk\u0101s e\u013c\u013cas l\u012bmenis ir pareizs un ka sist\u0113ma tiek regul\u0101ri iee\u013c\u013cota, lai nov\u0113rstu nodilumu un p\u0101rkar\u0161anu.<\/li>\n<li><strong>Bl\u012bv\u0113juma nomai\u0146a:<\/strong> Lai uztur\u0113tu optim\u0101lu veiktsp\u0113ju un nov\u0113rstu nopl\u016bdes, nomainiet bl\u012bves p\u0113c nepiecie\u0161am\u012bbas. Regul\u0101ri pl\u0101notaj\u0101s apkopes p\u0101rbaud\u0113s j\u0101iek\u013cauj \u0161is uzdevums.<\/li>\n<\/ul>\n<h2>Uzst\u0101d\u012b\u0161anas vadl\u012bnijas<\/h2>\n<p>Pareiza str\u0113les cilindra uzst\u0101d\u012b\u0161ana ir \u013coti svar\u012bga t\u0101 darb\u012bbai. Vispirms p\u0101rliecinieties, vai visas sast\u0101vda\u013cas ir t\u012bras un bez gru\u017eiem. Izl\u012bdziniet cilindru ar ekskavatora stiprin\u0101juma punktiem, izmantojot atbilsto\u0161us uzst\u0101d\u012b\u0161anas kron\u0161teinus, lai to pareizi nostiprin\u0101tu. Ir svar\u012bgi iev\u0113rot ra\u017eot\u0101ja specifik\u0101cijas attiec\u012bb\u0101 uz griezes momenta iestat\u012bjumiem un izl\u012bdzin\u0101\u0161anu, lai nov\u0113rstu nepareizu izl\u012bdzin\u0101\u0161anu, kas var izrais\u012bt priek\u0161laic\u012bgu nodilumu. Pirms ma\u0161\u012bnas lieto\u0161anas p\u0101rbaudiet visu hidraulisko savienojumu stingr\u012bbu un p\u0101rliecinieties, vai hidraulisk\u0101 e\u013c\u013ca ir piepild\u012bta l\u012bdz pareizajam l\u012bmenim. Visbeidzot, veiciet testa braucienu, lai p\u0101rliecin\u0101tos, ka cilindrs darbojas nevainojami, bez nopl\u016bd\u0113m vai probl\u0113m\u0101m.<\/p>\n<h2>Bie\u017ei sastopamie apkopes uzdevumi<\/h2>\n<ul>\n<li><strong>Regul\u0101ras p\u0101rbaudes:<\/strong> Ir \u013coti svar\u012bgi regul\u0101ri p\u0101rbaud\u012bt str\u0113les cilindru, vai nav nodiluma vai boj\u0101jumu paz\u012bmju. Mekl\u0113jiet nopl\u016bdes un p\u0101rliecinieties, vai bl\u012bves darbojas pareizi. \u0160is uzdevums ir b\u016btisks, lai nov\u0113rstu nopietn\u0101ku probl\u0113mu ra\u0161anos.<\/li>\n<li><strong>Pareiza e\u013c\u013co\u0161ana:<\/strong> Nodro\u0161iniet atbilsto\u0161u e\u013c\u013co\u0161anu, p\u0101rbaudot hidraulisk\u0101s e\u013c\u013cas l\u012bmeni un nepiecie\u0161am\u012bbas gad\u012bjum\u0101 papildinot e\u013c\u013cu. Pareiza e\u013c\u013co\u0161ana samazina berzi un nodilumu, t\u0101d\u0113j\u0101di pagarinot hidraulisko komponentu kalpo\u0161anas laiku.<\/li>\n<li><strong>Bl\u012bv\u0113juma nomai\u0146a:<\/strong> Regul\u0101ri nomainiet nolietot\u0101s vai boj\u0101t\u0101s bl\u012bves, lai saglab\u0101tu cilindra integrit\u0101ti. Laika gait\u0101 bl\u012bves var nolietoties, izraisot nopl\u016bdes, kas pasliktina veiktsp\u0113ju.<\/li>\n<\/ul>\n<p><img decoding=\"async\" src=\"https:\/\/www.hydraulic-cylinders.net\/wp-content\/uploads\/2025\/04\/songte-chushion-collar.webp\" alt=\"Hidraulisk\u0101 cilindra uzst\u0101d\u012b\u0161ana\" \/><\/p>\n<h2>Dro\u0161\u012bbas apsv\u0113rumi un vides faktori<\/h2>\n<p>Izmantojot str\u0113les cilindrus, ir svar\u012bgi iev\u0113rot dro\u0161\u012bbas pas\u0101kumus, lai aizsarg\u0101tu gan operatorus, gan vidi. Pareiza apm\u0101c\u012bba par ekspluat\u0101cijas proced\u016br\u0101m un dro\u0161\u012bbas protokoliem samazina ar hidrauliskaj\u0101m sist\u0113m\u0101m saist\u012btos riskus. Turkl\u0101t regul\u0101ra iek\u0101rtu apkope pal\u012bdz nov\u0113rst nopl\u016bdes, kas var\u0113tu kait\u0113t videi. Nopl\u016b\u017eu ierobe\u017eo\u0161anas pas\u0101kumu ievie\u0161ana apkopes laik\u0101 var v\u0113l vair\u0101k pasarg\u0101t no iesp\u0113jam\u0101s ietekmes uz vidi.<\/p>\n<h2>K\u013c\u016bmju diagnostika un bie\u017e\u0101k sastopam\u0101s probl\u0113mas<\/h2>\n<ul>\n<li><strong>Nopl\u016bde:<\/strong> Viena no visbie\u017e\u0101k sastopamaj\u0101m probl\u0113m\u0101m ir hidraulisk\u0101 \u0161\u0137idruma nopl\u016bde, ko bie\u017ei izraisa nodilu\u0161as bl\u012bves vai boj\u0101ti savienojumi. Regul\u0101ras p\u0101rbaudes var pal\u012bdz\u0113t savlaic\u012bgi identific\u0113t un nov\u0113rst nopl\u016bdes.<\/li>\n<li><strong>Slikta veiktsp\u0113ja:<\/strong> Ja cilindrs neizvelkas vai neievelkas vienm\u0113r\u012bgi, tas var liecin\u0101t par zemu hidraulisk\u0101 \u0161\u0137idruma l\u012bmeni vai sist\u0113m\u0101 iesprostotu gaisu, kura d\u0113\u013c ir nepiecie\u0161ama atgaiso\u0161ana, lai atjaunotu pareizu darb\u012bbu.<\/li>\n<li><strong>P\u0101rkar\u0161ana:<\/strong> P\u0101rkar\u0161ana var notikt p\u0101rm\u0113r\u012bgas darba slodzes vai nepietiekamas e\u013c\u013co\u0161anas d\u0113\u013c, t\u0101p\u0113c ir j\u0101p\u0101rskata ekspluat\u0101cijas apst\u0101k\u013ci un e\u013c\u013co\u0161anas prakse.<\/li>\n<\/ul>\n<p>Lai efekt\u012bvi nov\u0113rstu \u0161\u012bs probl\u0113mas, operatoriem j\u0101veic regul\u0101ras apkopes p\u0101rbaudes, j\u0101re\u0123istr\u0113 veiktsp\u0113jas r\u0101d\u012bt\u0101ji un nekav\u0113joties j\u0101risina visas novirzes, lai nov\u0113rstu nopietn\u0101ku probl\u0113mu ra\u0161anos.<\/p>\n<p><img decoding=\"async\" src=\"https:\/\/www.hydraulic-cylinders.net\/wp-content\/uploads\/2025\/04\/songte-bushings-with-all-kinds-of-excavator-models.webp\" alt=\"Hidraulisko cilindru deta\u013cas\" \/><\/p>\n<h2>Uz\u0146\u0113muma p\u0101rskats<\/h2>\n<p>M\u0113s esam vado\u0161ais hidraulisko cilindru ra\u017eot\u0101js, kas specializ\u0113jas augstas kvalit\u0101tes rezerves da\u013cu ra\u017eo\u0161an\u0101 da\u017e\u0101diem pielietojumiem. M\u016bsu pla\u0161ais produktu kl\u0101sts un ap\u0146em\u0161an\u0101s sasniegt izcil\u012bbu ir padar\u012bjusi m\u016bs par vienu no vado\u0161ajiem hidraulisko cilindru ra\u017eot\u0101jiem un vairumtirgot\u0101jiem gan viet\u0113j\u0101, gan starptautiskaj\u0101 tirg\u016b. M\u0113s iev\u0113rojam prec\u012bzas ra\u017eo\u0161anas vad\u012bbas strat\u0113\u0123iju, izmantojot progres\u012bvas tehnolo\u0123ijas, kvalific\u0113tus speci\u0101listus un digit\u0101las augstas klases ra\u017eo\u0161anas iek\u0101rtas, lai uzlabotu m\u016bsu ra\u017eo\u0161anas iesp\u0113jas.<\/p>\n<p>M\u016bsu uzman\u012bba kvalit\u0101tes kontrolei ir redzama m\u016bsu sare\u017e\u0123\u012btaj\u0101s test\u0113\u0161anas sist\u0113m\u0101s, kas nodro\u0161ina, ka katrs produkts atbilst stingriem standartiem. Ap\u0146emoties nodro\u0161in\u0101t efektivit\u0101ti, precizit\u0101ti un augstas kvalit\u0101tes principus, m\u0113s cen\u0161amies apmierin\u0101t m\u016bsu klientu da\u017e\u0101d\u0101s vajadz\u012bbas, pied\u0101v\u0101jot piel\u0101gotus pakalpojumus, profesion\u0101lu atbalstu un pla\u0161u p\u0113cp\u0101rdo\u0161anas servisu.<\/p>\n<p><img decoding=\"async\" src=\"https:\/\/www.hydraulic-cylinders.net\/wp-content\/uploads\/2025\/04\/songte-company-4.webp\" alt=\"M\u016bsu uz\u0146\u0113mums\" \/><br \/>\n<img decoding=\"async\" src=\"https:\/\/www.hydraulic-cylinders.net\/wp-content\/uploads\/2025\/04\/songte-company-3.webp\" alt=\"M\u016bsu telpas\" \/><\/p>\n<p>Autors: lil<\/p>","protected":false},"excerpt":{"rendered":"<p>Boom Cylinder For Caterpillar Small Excavator E120\/120B Overview of Boom Cylinder The Boom Cylinder is a crucial component in the hydraulic system of heavy machinery, particularly in excavators like the Caterpillar E120\/120B. This hydraulic cylinder is specifically designed to control the movement of the bucket, allowing it to lift, lower, and tilt, making it essential [&hellip;]<\/p>","protected":false},"featured_media":17872,"comment_status":"open","ping_status":"closed","template":"","meta":{"_et_pb_use_builder":"","_et_pb_old_content":"","_et_gb_content_width":""},"product_brand":[],"product_cat":[1546],"product_tag":[1547,1496],"class_list":{"0":"post-18930","1":"product","2":"type-product","3":"status-publish","4":"has-post-thumbnail","6":"product_cat-boom-cylinders","7":"product_tag-boom-cylinders","8":"product_tag-hydraulic-cylinders","10":"first","11":"instock","12":"shipping-taxable","13":"product-type-simple"},"amp_enabled":true,"_links":{"self":[{"href":"https:\/\/www.hydraulic-cylinders.net\/lv\/wp-json\/wp\/v2\/product\/18930","targetHints":{"allow":["GET"]}}],"collection":[{"href":"https:\/\/www.hydraulic-cylinders.net\/lv\/wp-json\/wp\/v2\/product"}],"about":[{"href":"https:\/\/www.hydraulic-cylinders.net\/lv\/wp-json\/wp\/v2\/types\/product"}],"replies":[{"embeddable":true,"href":"https:\/\/www.hydraulic-cylinders.net\/lv\/wp-json\/wp\/v2\/comments?post=18930"}],"wp:featuredmedia":[{"embeddable":true,"href":"https:\/\/www.hydraulic-cylinders.net\/lv\/wp-json\/wp\/v2\/media\/17872"}],"wp:attachment":[{"href":"https:\/\/www.hydraulic-cylinders.net\/lv\/wp-json\/wp\/v2\/media?parent=18930"}],"wp:term":[{"taxonomy":"product_brand","embeddable":true,"href":"https:\/\/www.hydraulic-cylinders.net\/lv\/wp-json\/wp\/v2\/product_brand?post=18930"},{"taxonomy":"product_cat","embeddable":true,"href":"https:\/\/www.hydraulic-cylinders.net\/lv\/wp-json\/wp\/v2\/product_cat?post=18930"},{"taxonomy":"product_tag","embeddable":true,"href":"https:\/\/www.hydraulic-cylinders.net\/lv\/wp-json\/wp\/v2\/product_tag?post=18930"}],"curies":[{"name":"wp","href":"https:\/\/api.w.org\/{rel}","templated":true}]}}