{"id":18934,"date":"2025-04-07T06:02:58","date_gmt":"2025-04-07T06:02:58","guid":{"rendered":"https:\/\/www.hydraulic-cylinders.net\/product\/boom-cylinder-for-caterpillar-small-excavator-e312d\/"},"modified":"2025-04-07T06:03:07","modified_gmt":"2025-04-07T06:03:07","slug":"boom-cylinder-for-caterpillar-small-excavator-e312d","status":"publish","type":"product","link":"https:\/\/www.hydraulic-cylinders.net\/lv\/products\/boom-cylinder-for-caterpillar-small-excavator-e312d\/","title":{"rendered":"Str\u0113les cilindrs Caterpillar mazajam ekskavatoram E312D"},"content":{"rendered":"<h1>Str\u0113les cilindrs Caterpillar mazajam ekskavatoram E312D<\/h1>\n<h2>Produkta p\u0101rskats<\/h2>\n<p>Str\u0113les cilindrs Caterpillar mazajam ekskavatoram E312D ir b\u016btiska hidrauliska sast\u0101vda\u013ca, kas paredz\u0113ta ekskavatora str\u0113les kust\u012bbas vad\u012bbai. \u0160im hidrauliskajam cilindram ir iz\u0161\u0137iro\u0161a noz\u012bme hidrauliskaj\u0101 sist\u0113m\u0101, \u013caujot str\u0113lei pacelt, nolaist un noliekt, t\u0101d\u0113j\u0101di atvieglojot da\u017e\u0101dus materi\u0101lu apstr\u0101des uzdevumus. Kausa cilindrs jeb str\u0113les cilindrs ir \u012bpa\u0161i izstr\u0101d\u0101ts smagaj\u0101m ma\u0161\u012bn\u0101m, \u013caujot operatoriem efekt\u012bvi p\u0101rvald\u012bt rak\u0161anas un cel\u0161anas oper\u0101cijas.<\/p>\n<p><img decoding=\"async\" src=\"https:\/\/www.hydraulic-cylinders.net\/wp-content\/uploads\/2025\/04\/songte-company-1.webp\" alt=\"Ekskavatoru str\u0113les cilindrs\" \/><\/p>\n<h3>Defin\u012bcija un funkcionalit\u0101te<\/h3>\n<p>Kausa cilindri, kas parasti atrodami ekskavatoros, univers\u0101lajos iekr\u0101v\u0113jos un front\u0101lajos iekr\u0101v\u0113jos, ir hidrauliskie cilindri, kas ir \u013coti svar\u012bgi kausa kust\u012bbas kontrolei. \u0160ie cilindri ir paredz\u0113ti, lai iztur\u0113tu augstu spiedienu un lielas slodzes, nodro\u0161inot to efekt\u012bvu darb\u012bbu sare\u017e\u0123\u012btos apst\u0101k\u013cos. Str\u0113les cilindra galven\u0101 funkcija ir nodro\u0161in\u0101t nepiecie\u0161amo sp\u0113ku kausa pacel\u0161anai un nolai\u0161anai, \u013caujot veikt prec\u012bzus rak\u0161anas darbus un materi\u0101lu transport\u0113\u0161anu.<\/p>\n<h2>Str\u0113les cilindra \u012bpa\u0161\u012bbas<\/h2>\n<ul>\n<li><strong>Augsta iztur\u012bba un ilgm\u016b\u017e\u012bba:<\/strong> Parasti izgatavoti no augstas stipr\u012bbas t\u0113rauda vai alum\u012bnija, \u0161ie cilindri var iztur\u0113t augstu spiedienu un lielas slodzes, padarot tos piem\u0113rotus skarbiem darba apst\u0101k\u013ciem.<\/li>\n<li><strong>Efekt\u012bva hidraulisk\u0101 darb\u012bba:<\/strong> Izmantojot hidraulisk\u0101s e\u013c\u013cas spiedienu vienm\u0113r\u012bgai izvilk\u0161anai un ievilk\u0161anai, tie \u0101tri rea\u0123\u0113 uz vad\u012bbas komand\u0101m, nodro\u0161inot iev\u0113rojamu stum\u0161anas un vilk\u0161anas sp\u0113ku, kas ir ide\u0101li piem\u0113rots smagu materi\u0101lu apstr\u0101dei.<\/li>\n<li><strong>Da\u017e\u0101di veidi:<\/strong> Pieejams gan vienas darb\u012bbas (darbojas vien\u0101 virzien\u0101), gan divk\u0101r\u0161as darb\u012bbas (darbojas divos virzienos) konfigur\u0101cij\u0101s, da\u017eiem mode\u013ciem ir teleskopiska konstrukcija, kas nodro\u0161ina liel\u0101ku sasniedzam\u012bbu, nepalielinot \u0101r\u0113jo izm\u0113ru.<\/li>\n<li><strong>Korozijas iztur\u012bba:<\/strong> Izstr\u0101d\u0101ts ar nodilumiztur\u012bbu un pretkorozijas \u012bpa\u0161\u012bb\u0101m, lai pagarin\u0101tu cilindra kalpo\u0161anas laiku, nodro\u0161inot uzticamu darb\u012bbu laika gait\u0101.<\/li>\n<li><strong>Piel\u0101gojamas opcijas:<\/strong> M\u016bsu cilindrus var piel\u0101got \u012bpa\u0161\u0101m ekspluat\u0101cijas pras\u012bb\u0101m, nodro\u0161inot sader\u012bbu ar da\u017e\u0101diem ekskavatoru mode\u013ciem.<\/li>\n<\/ul>\n<h2>Str\u0113les cilindra pielietojumi<\/h2>\n<h3>Celtniec\u012bbas apr\u012bkojums<\/h3>\n<p>Ekskavatoros str\u0113les cilindrs ir vit\u0101li svar\u012bgs augsnes vai gru\u017eu rak\u0161anai, iekrau\u0161anai un p\u0101rvieto\u0161anai. Cilindra rad\u012btais hidrauliskais sp\u0113ks \u013cauj kausam efekt\u012bvi iek\u013c\u016bt zem\u0113, atvieglojot pat cieta materi\u0101la izrak\u0161anu. Turkl\u0101t ekskavatoros-iekr\u0101v\u0113jos cilindrs pal\u012bdz gan rak\u0161anas, gan cel\u0161anas darbos, uzlabojot kop\u0113jo produktivit\u0101ti b\u016bvlaukum\u0101.<\/p>\n<h3>Lauksaimniec\u012bbas tehnika<\/h3>\n<p>Front\u0101lajos iekr\u0101v\u0113jos str\u0113les cilindru izmanto augsnes, siena un citu materi\u0101lu sav\u0101k\u0161anai, cel\u0161anai un transport\u0113\u0161anai. Hidrauliskais cilindrs nodro\u0161ina efekt\u012bvas iekrau\u0161anas un izkrau\u0161anas darb\u012bbas, kas ir b\u016btiski lauksaimniec\u012bbas vid\u0113, kur savlaic\u012bga un efekt\u012bva materi\u0101lu apstr\u0101de ir \u013coti svar\u012bga saimniec\u012bbas darb\u012bbai.<\/p>\n<h3>Ekskavatora pielietojumi<\/h3>\n<p>Ekskavatoru kausa cilindrs atvieglo rak\u0161anas darb\u012bbu, \u013caujot kausam viegli iek\u013c\u016bt augsn\u0113. \u0160\u012b sp\u0113ja ir b\u016btiska da\u017e\u0101dos rak\u0161anas darbos, neatkar\u012bgi no t\u0101, vai tie ir ainavu veido\u0161anas, ieguves r\u016bpniec\u012bbas vai b\u016bvniec\u012bbas darbi. Jaud\u012bgais hidrauliskais meh\u0101nisms nodro\u0161ina, ka operatori var veikt dzi\u013cus rak\u0161anas darbus ar precizit\u0101ti un kontroli.<\/p>\n<h3>Iekr\u0101v\u0113ja darb\u012bbas<\/h3>\n<p>Front\u0101lajos iekr\u0101v\u0113jos str\u0113les cilindri pal\u012bdz efekt\u012bvi pacelt un izkraut kravas. Hidraulisk\u0101 sist\u0113ma nodro\u0161ina vienm\u0113r\u012bgu darb\u012bbu, pal\u012bdzot pacelt materi\u0101lus iev\u0113rojam\u0101 augstum\u0101 un prec\u012bzi novietot tos, kas ir \u012bpa\u0161i svar\u012bgi b\u016bvniec\u012bbas un materi\u0101lu apstr\u0101des darbos.<\/p>\n<h2>Dizaina apsv\u0113rumi un atlases krit\u0113riji<\/h2>\n<h3>Kravnes\u012bba<\/h3>\n<p>Izv\u0113loties str\u0113les cilindru, viens no galvenajiem apsv\u0113rumiem ir t\u0101 kravnes\u012bba. Cilindram j\u0101sp\u0113j iztur\u0113t maksim\u0101lo svaru, kam tas tiks pak\u013cauts ekspluat\u0101cijas laik\u0101. \u0160is faktors ir kritiski svar\u012bgs, jo tas nodro\u0161ina iek\u0101rtas dro\u0161\u012bbu un efektivit\u0101ti. Ra\u017eot\u0101ji parasti nor\u0101da savu cilindru kravnes\u012bbas nov\u0113rt\u0113jumus, \u013caujot operatoriem izv\u0113l\u0113ties sav\u0101m vajadz\u012bb\u0101m atbilsto\u0161\u0101ko apr\u012bkojumu.<\/p>\n<h3>Bl\u012bv\u0113\u0161anas meh\u0101nismi<\/h3>\n<p>Efekt\u012bva bl\u012bv\u0113\u0161ana ir vit\u0101li svar\u012bga, lai nov\u0113rstu hidraulisk\u0101 \u0161\u0137idruma nopl\u016bdes un nodro\u0161in\u0101tu optim\u0101lu veiktsp\u0113ju. Konstrukcij\u0101 j\u0101iek\u013cauj augstas kvalit\u0101tes bl\u012bv\u0113jumi, piem\u0113ram, virzu\u013ca bl\u012bv\u0113jumi un stie\u0146a bl\u012bv\u0113jumi, kas izgatavoti no iztur\u012bgiem materi\u0101liem, piem\u0113ram, poliuret\u0101na vai nitrila gumijas. \u0160iem bl\u012bv\u0113jumiem j\u0101iztur augsts spiediens un j\u0101nodro\u0161ina iztur\u012bba pret nodilumu un berzi, t\u0101d\u0113j\u0101di uzlabojot cilindra kalpo\u0161anas laiku.<\/p>\n<h3>Iztur\u012bba<\/h3>\n<p>Iztur\u012bba ir galvenais faktors str\u0113les cilindru konstrukcij\u0101. Tie ir pak\u013cauti ekstrem\u0101liem apst\u0101k\u013ciem, tostarp temperat\u016bras sv\u0101rst\u012bb\u0101m un net\u012brumu un gru\u017eu iedarb\u012bbai. Konstrukcij\u0101 izmantotajiem materi\u0101liem j\u0101b\u016bt iztur\u012bgiem un iztur\u012bgiem pret koroziju, kas laika gait\u0101 var pasliktin\u0101t veiktsp\u0113ju. Labi konstru\u0113ts str\u0113les cilindrs ir iztur\u0113jis stingras p\u0101rbaudes, lai nodro\u0161in\u0101tu, ka tas sp\u0113j iztur\u0113t ekspluat\u0101cijas vides pras\u012bbas.<\/p>\n<h3>Dro\u0161\u012bbas funkcijas<\/h3>\n<p>Hidraulisko cilindru projekt\u0113\u0161an\u0101 dro\u0161\u012bbai j\u0101b\u016bt galvenajai priorit\u0101tei. T\u0101das funkcijas k\u0101 spiediena samazin\u0101\u0161anas v\u0101rsti var nov\u0113rst p\u0101rslodzi, savuk\u0101rt pareiza mont\u0101\u017eas konfigur\u0101cija var nodro\u0161in\u0101t stabilit\u0101ti darb\u012bbas laik\u0101. Ra\u017eo\u0161anas proces\u0101 ir svar\u012bgi iev\u0113rot dro\u0161\u012bbas standartus un sertifik\u0101ciju, lai aizsarg\u0101tu lietot\u0101jus un iek\u0101rtas.<\/p>\n<h3>Apkope un remont\u0113jam\u012bba<\/h3>\n<p>V\u0113l viens svar\u012bgs projekt\u0113\u0161anas apsv\u0113rums ir viegla apkope. Balonam j\u0101nodro\u0161ina \u0113rta piek\u013cuve bl\u012bv\u0113m un deta\u013c\u0101m regul\u0101rai p\u0101rbaudei un nomai\u0146ai. J\u0101\u0146em v\u0113r\u0101, cik bie\u017ei ir nepiecie\u0161ami apkopes darbi un cik viegli var nomain\u012bt deta\u013cas. Projekt\u0113jot, kur\u0101 priorit\u0101te ir remont\u0113jam\u012bba, var iev\u0113rojami samazin\u0101t d\u012bkst\u0101ves laiku un izmaksas, kas saist\u012btas ar iek\u0101rtu boj\u0101jumiem.<\/p>\n<p><img decoding=\"async\" src=\"https:\/\/www.hydraulic-cylinders.net\/wp-content\/uploads\/2025\/04\/songte-oil-pipes-and-spare-parts.webp\" alt=\"Hidraulisk\u0101s sast\u0101vda\u013cas\" \/><\/p>\n<h2>Bl\u012bv\u0113\u0161ana un e\u013c\u013co\u0161ana<\/h2>\n<p>Pareiza bl\u012bv\u0113\u0161ana un e\u013c\u013co\u0161ana ir \u013coti svar\u012bga str\u0113les cilindru efekt\u012bvai darb\u012bbai. Lai nov\u0113rstu hidraulisk\u0101 \u0161\u0137idruma nopl\u016bdes, j\u0101izmanto da\u017e\u0101di bl\u012bv\u0113\u0161anas komponenti, tostarp virzu\u013ca bl\u012bves un stie\u0146a bl\u012bves. Ieteicams izmantot bl\u012bves, kas izgatavotas no nodilumiztur\u012bgiem materi\u0101liem, piem\u0113ram, poliuret\u0101na un nitrila gumijas. Turkl\u0101t cilindra korpuss un v\u012bt\u0146otie gali ir j\u0101apstr\u0101d\u0101 prec\u012bzi, lai uzlabotu nodilumiztur\u012bbu. Regul\u0101ra e\u013c\u013co\u0161ana ar hidraulisko e\u013c\u013cu ir nepiecie\u0161ama, lai samazin\u0101tu berzi un nodilumu, nodro\u0161inot vienm\u0113r\u012bgu darb\u012bbu un pagarinot cilindra kalpo\u0161anas laiku.<\/p>\n<h2>Regul\u0101ra p\u0101rbaude un profilaktisk\u0101 apkope<\/h2>\n<ul>\n<li><strong>Regul\u0101ras p\u0101rbaudes:<\/strong> Iepl\u0101nojiet regul\u0101ras p\u0101rbaudes, lai p\u0101rbaud\u012btu, vai balonam nav nodiluma paz\u012bmju, nopl\u016b\u017eu vai boj\u0101jumu. Probl\u0113mu agr\u012bna atkl\u0101\u0161ana var nov\u0113rst nopietn\u0101kas probl\u0113mas.<\/li>\n<li><strong>E\u013c\u013co\u0161ana:<\/strong> P\u0101rliecinieties, ka hidraulisk\u0101s e\u013c\u013cas l\u012bmenis ir pietiekams un ka e\u013c\u013co\u0161ana tiek veikta regul\u0101ri, lai bl\u012bv\u0113jumi darbotos pareizi un samazin\u0101tu berzi.<\/li>\n<li><strong>Bl\u012bv\u0113juma nomai\u0146a:<\/strong> Laika gait\u0101 bl\u012bves var nolietoties un t\u0101s var b\u016bt j\u0101nomaina. Regul\u0101ras p\u0101rbaudes pal\u012bdz\u0113s noteikt, kad bl\u012bves ir j\u0101nomaina, lai saglab\u0101tu veiktsp\u0113ju.<\/li>\n<\/ul>\n<h2>Uzst\u0101d\u012b\u0161anas vadl\u012bnijas<\/h2>\n<p>Pareiza str\u0113les cilindra uzst\u0101d\u012b\u0161ana ir b\u016btiska optim\u0101lai veiktsp\u0113jai un dro\u0161\u012bbai. Vispirms p\u0101rliecinieties, ka darba zona ir t\u012bra un bez gru\u017eiem. Pareizi izl\u012bdziniet cilindru ar eso\u0161ajiem ekskavatora stiprin\u0101juma punktiem, izmantojot atbilsto\u0161us stiprin\u0101juma kron\u0161teinus, lai nostiprin\u0101tu cilindru viet\u0101. P\u0101rliecinieties, vai visi hidrauliskie savienojumi ir pareizi izveidoti, izvairoties no jebk\u0101das \u0161\u0137\u0113rsv\u012btnes vai nopl\u016bd\u0113m. Ir ar\u012b svar\u012bgi iev\u0113rot ra\u017eot\u0101ja specifik\u0101cijas attiec\u012bb\u0101 uz griezes momenta iestat\u012bjumiem un uzst\u0101d\u012b\u0161anas proced\u016br\u0101m, lai nodro\u0161in\u0101tu dro\u0161u un efekt\u012bvu darb\u012bbu.<\/p>\n<h2>Bie\u017ei sastopamie apkopes uzdevumi<\/h2>\n<ul>\n<li><strong>Regul\u0101ras p\u0101rbaudes:<\/strong> Regul\u0101ri p\u0101rbaudiet, vai cilindram nav nopl\u016b\u017eu, boj\u0101jumu un nodiluma. Tas ir svar\u012bgi, lai uztur\u0113tu darb\u012bbas efektivit\u0101ti un dro\u0161\u012bbu.<\/li>\n<li><strong>Pareiza e\u013c\u013co\u0161ana:<\/strong> Regul\u0101ri iee\u013c\u013cojiet cilindru ar hidraulisko e\u013c\u013cu, lai samazin\u0101tu berzi un nov\u0113rstu bl\u012bv\u0113jumu un kust\u012bgo da\u013cu nodilumu.<\/li>\n<li><strong>Bl\u012bv\u0113juma nomai\u0146a:<\/strong> Uzraugiet bl\u012bv\u0113jumu nodilumu un nomainiet tos p\u0113c nepiecie\u0161am\u012bbas. Tas ir svar\u012bgi, lai nov\u0113rstu hidraulisk\u0101 \u0161\u0137idruma nopl\u016bdes, kas var izrais\u012bt iek\u0101rtas boj\u0101jumus.<\/li>\n<\/ul>\n<h2>Dro\u0161\u012bbas apsv\u0113rumi un vides faktori<\/h2>\n<p>Izmantojot hidrauliskos cilindrus, dro\u0161\u012bbas pas\u0101kumi ir \u0101rk\u0101rt\u012bgi svar\u012bgi. Operatori ir j\u0101apm\u0101ca apzin\u0101ties dro\u0161\u012bbas protokolu iev\u0113ro\u0161anas noz\u012bmi, piem\u0113ram, atbilsto\u0161u individu\u0101lo aizsardz\u012bbas l\u012bdzek\u013cu valk\u0101\u0161anu un dro\u0161as ma\u0161\u012bnu ekspluat\u0101cijas vadl\u012bniju iev\u0113ro\u0161anu. Turkl\u0101t j\u0101\u0146em v\u0113r\u0101 vides apsv\u0113rumi, nodro\u0161inot pareizu hidraulisko \u0161\u0137idrumu utiliz\u0101ciju un iek\u0101rtu apkopi, lai samazin\u0101tu nopl\u016bdes un izl\u012b\u0161anu, kas var\u0113tu kait\u0113t videi.<\/p>\n<h2>Probl\u0113mu nov\u0113r\u0161ana un bie\u017ei sastopamas probl\u0113mas<\/h2>\n<ul>\n<li><strong>Nopl\u016bde:<\/strong> Bie\u017ei sastopama hidraulisko cilindru probl\u0113ma ir nopl\u016bde, ko var izrais\u012bt nolietoti bl\u012bv\u0113jumi vai boj\u0101tas deta\u013cas. Regul\u0101ras p\u0101rbaudes var pal\u012bdz\u0113t savlaic\u012bgi identific\u0113t un nov\u0113rst nopl\u016bdes.<\/li>\n<li><strong>Veiktsp\u0113jas probl\u0113mas:<\/strong> Ja str\u0113les cilindrs nerea\u0123\u0113 pareizi, tas var nor\u0101d\u012bt uz probl\u0113mu hidrauliskaj\u0101 sist\u0113m\u0101, piem\u0113ram, zemu \u0161\u0137idruma l\u012bmeni vai gaisu l\u012bnij\u0101s. Ir svar\u012bgi \u0161\u012bs probl\u0113mas \u0101tri risin\u0101t.<\/li>\n<li><strong>P\u0101rkar\u0161ana:<\/strong> P\u0101rm\u0113r\u012bgs karstums var negat\u012bvi ietekm\u0113t hidraulisk\u0101s sist\u0113mas, izraisot bl\u012bv\u0113juma boj\u0101jumus un samazin\u0101tu efektivit\u0101ti. Temperat\u016bras uzraudz\u012bba un atbilsto\u0161a \u0161\u0137idruma l\u012bme\u0146a nodro\u0161in\u0101\u0161ana var pal\u012bdz\u0113t nov\u0113rst p\u0101rkar\u0161anu.<\/li>\n<\/ul>\n<h2>Padomi k\u013c\u016bmju nov\u0113r\u0161anai<\/h2>\n<p>Lai efekt\u012bvi diagnostic\u0113tu un nov\u0113rstu probl\u0113mas ar str\u0113les cilindru, operatoriem j\u0101iev\u0113ro sistem\u0101tiska pieeja. S\u0101ciet ar \u0161\u0137idruma l\u012bme\u0146a p\u0101rbaudi un nopl\u016b\u017eu p\u0101rbaudi. Ja rodas probl\u0113mas ar veiktsp\u0113ju, ir svar\u012bgi nov\u0113rt\u0113t hidraulisko sist\u0113mu, vai taj\u0101 nav aizsprostojumu vai gaisa kabatu. Prevent\u012bvu pas\u0101kumu ievie\u0161ana, piem\u0113ram, regul\u0101ra apkope un savlaic\u012bga nolietoto deta\u013cu nomai\u0146a, var iev\u0113rojami samazin\u0101t probl\u0113mu iesp\u0113jam\u012bbu n\u0101kotn\u0113.<\/p>\n<p><img decoding=\"async\" src=\"https:\/\/www.hydraulic-cylinders.net\/wp-content\/uploads\/2025\/04\/songte-bushings-with-all-kinds-of-excavator-models.webp\" alt=\"Ekskavatora bukses\" \/><\/p>\n<h2>Par m\u016bsu uz\u0146\u0113mumu<\/h2>\n<p>M\u0113s esam vado\u0161ais rezerves hidraulisko cilindru ra\u017eot\u0101js, kas pied\u0101v\u0101 pla\u0161u produktu kl\u0101stu gan viet\u0113j\u0101, gan starptautiskaj\u0101 tirg\u016b. M\u016bsu ap\u0146em\u0161an\u0101s sasniegt izcil\u012bbu atspogu\u013cojas m\u016bsu r\u016bp\u012bgajos ra\u017eo\u0161anas procesos un progres\u012bvu tehnolo\u0123iju izmanto\u0161an\u0101. M\u0113s ieguld\u0101m l\u012bdzek\u013cus augstas klases digit\u0101laj\u0101s ra\u017eo\u0161anas iek\u0101rt\u0101s un profesion\u0101l\u0101s test\u0113\u0161anas sist\u0113m\u0101s, lai uzlabotu savas ra\u017eo\u0161anas iesp\u0113jas. M\u016bsu m\u0113r\u0137is ir apmierin\u0101t da\u017e\u0101das klientu vajadz\u012bbas ar augstu efektivit\u0101ti, precizit\u0101ti un kvalit\u0101ti.<\/p>\n<p><img decoding=\"async\" src=\"https:\/\/www.hydraulic-cylinders.net\/wp-content\/uploads\/2025\/04\/songte-company-4.webp\" alt=\"Uz\u0146\u0113muma p\u0101rskats\" \/><br \/>\n<img decoding=\"async\" src=\"https:\/\/www.hydraulic-cylinders.net\/wp-content\/uploads\/2025\/04\/songte-company-3.webp\" alt=\"Ra\u017eo\u0161anas iek\u0101rta\" \/><\/p>\n<h2>Secin\u0101jums<\/h2>\n<p>Rezum\u0113jot, Caterpillar maz\u0101 ekskavatora E312D str\u0113les cilindrs ir b\u016btiska sast\u0101vda\u013ca, kas uzlabo ekskavatoru ekspluat\u0101cijas iesp\u0113jas. Izpratne par t\u0101 funkcij\u0101m, pielietojumu un apkopes pras\u012bb\u0101m var iev\u0113rojami uzlabot t\u0101 veiktsp\u0113ju un kalpo\u0161anas laiku.<\/p>\n<p>Autors: lil<\/p>","protected":false},"excerpt":{"rendered":"<p>Boom Cylinder For Caterpillar Small Excavator E312D Product Overview The Boom Cylinder for Caterpillar Small Excavator E312D is an essential hydraulic component designed to control the movement of the excavator&#8217;s boom. This hydraulic cylinder plays a critical role in the hydraulic system, enabling the boom to lift, lower, and tilt, thus facilitating various material handling [&hellip;]<\/p>","protected":false},"featured_media":17876,"comment_status":"open","ping_status":"closed","template":"","meta":{"_et_pb_use_builder":"","_et_pb_old_content":"","_et_gb_content_width":""},"product_brand":[],"product_cat":[1546],"product_tag":[1547,1496],"class_list":{"0":"post-18934","1":"product","2":"type-product","3":"status-publish","4":"has-post-thumbnail","6":"product_cat-boom-cylinders","7":"product_tag-boom-cylinders","8":"product_tag-hydraulic-cylinders","10":"first","11":"instock","12":"shipping-taxable","13":"product-type-simple"},"amp_enabled":true,"_links":{"self":[{"href":"https:\/\/www.hydraulic-cylinders.net\/lv\/wp-json\/wp\/v2\/product\/18934","targetHints":{"allow":["GET"]}}],"collection":[{"href":"https:\/\/www.hydraulic-cylinders.net\/lv\/wp-json\/wp\/v2\/product"}],"about":[{"href":"https:\/\/www.hydraulic-cylinders.net\/lv\/wp-json\/wp\/v2\/types\/product"}],"replies":[{"embeddable":true,"href":"https:\/\/www.hydraulic-cylinders.net\/lv\/wp-json\/wp\/v2\/comments?post=18934"}],"wp:featuredmedia":[{"embeddable":true,"href":"https:\/\/www.hydraulic-cylinders.net\/lv\/wp-json\/wp\/v2\/media\/17876"}],"wp:attachment":[{"href":"https:\/\/www.hydraulic-cylinders.net\/lv\/wp-json\/wp\/v2\/media?parent=18934"}],"wp:term":[{"taxonomy":"product_brand","embeddable":true,"href":"https:\/\/www.hydraulic-cylinders.net\/lv\/wp-json\/wp\/v2\/product_brand?post=18934"},{"taxonomy":"product_cat","embeddable":true,"href":"https:\/\/www.hydraulic-cylinders.net\/lv\/wp-json\/wp\/v2\/product_cat?post=18934"},{"taxonomy":"product_tag","embeddable":true,"href":"https:\/\/www.hydraulic-cylinders.net\/lv\/wp-json\/wp\/v2\/product_tag?post=18934"}],"curies":[{"name":"wp","href":"https:\/\/api.w.org\/{rel}","templated":true}]}}