{"id":18938,"date":"2025-04-07T06:03:15","date_gmt":"2025-04-07T06:03:15","guid":{"rendered":"https:\/\/www.hydraulic-cylinders.net\/product\/boom-cylinder-for-caterpillar-small-excavator-e305-5e\/"},"modified":"2025-04-07T06:03:17","modified_gmt":"2025-04-07T06:03:17","slug":"boom-cylinder-for-caterpillar-small-excavator-e305-5e","status":"publish","type":"product","link":"https:\/\/www.hydraulic-cylinders.net\/lv\/products\/boom-cylinder-for-caterpillar-small-excavator-e305-5e\/","title":{"rendered":"Str\u0113les cilindrs Caterpillar mazajam ekskavatoram E305.5E"},"content":{"rendered":"<h1>Str\u0113les cilindrs Caterpillar mazajam ekskavatoram E305.5E<\/h1>\n<h2>Produkta p\u0101rskats<\/h2>\n<p>Str\u0113les cilindrs ir kritiski svar\u012bga hidrauliska sast\u0101vda\u013ca, kas \u012bpa\u0161i izstr\u0101d\u0101ta Caterpillar mazajam ekskavatoram E305.5E. \u0160im hidrauliskajam cilindram ir b\u016btiska loma ekskavatora str\u0113les kust\u012bbas kontrol\u0113\u0161an\u0101. Tas \u013cauj pacelt, nolaist un noliekt str\u0113li, kas ir svar\u012bgi da\u017e\u0101diem materi\u0101lu apstr\u0101des uzdevumiem b\u016bvniec\u012bb\u0101, nojauk\u0161an\u0101 un ainavu veido\u0161an\u0101.<\/p>\n<p><img decoding=\"async\" src=\"https:\/\/www.hydraulic-cylinders.net\/wp-content\/uploads\/2025\/04\/songte-company-1.webp\" alt=\"Str\u0113les cilindra att\u0113ls\" \/><\/p>\n<h3>Defin\u012bcija un funkcionalit\u0101te<\/h3>\n<p>Kausa cilindrs ir hidraulisk\u0101 cilindra veids, ko \u012bpa\u0161i izmanto, lai kontrol\u0113tu kausa kust\u012bbu smagaj\u0101s ma\u0161\u012bn\u0101s, piem\u0113ram, ekskavatoros, iekr\u0101v\u0113jos ar ekskavatoru un front\u0101lajos iekr\u0101v\u0113jos. \u0160ie cilindri \u013cauj kausam pacelties, nolaisties un sasv\u0113rties, t\u0101d\u0113j\u0101di veicinot efekt\u012bvu materi\u0101la p\u0101rvieto\u0161anu. Hidraulisk\u0101 sist\u0113ma darbojas, p\u0101rnesot \u0161\u0137idrumu caur cilindru, radot spiedienu, kas izraisa kausa kust\u012bbu. Prec\u012bza vad\u012bba, ko nodro\u0161ina \u0161ie cilindri, ir \u013coti svar\u012bga t\u0101diem uzdevumiem k\u0101 rak\u0161ana, iekrau\u0161ana un materi\u0101lu transport\u0113\u0161ana.<\/p>\n<h2>Str\u0113les cilindra \u012bpa\u0161\u012bbas<\/h2>\n<ul>\n<li><strong>Augsta iztur\u012bba un ilgm\u016b\u017e\u012bba:<\/strong> \u0160ie cilindri, kas izgatavoti no augstas stipr\u012bbas t\u0113rauda vai alum\u012bnija, var iztur\u0113t augstu spiedienu un lielas slodzes, padarot tos piem\u0113rotus skarbajiem darba apst\u0101k\u013ciem.<\/li>\n<li><strong>Efekt\u012bva hidraulisk\u0101 darb\u012bba:<\/strong> Cilindrs izmanto hidraulisk\u0101s e\u013c\u013cas spiedienu, lai nodro\u0161in\u0101tu vienm\u0113r\u012bgu izvirz\u012b\u0161anu un ievilk\u0161anu, nodro\u0161inot \u0101tru reakciju uz vad\u012bbas komand\u0101m un sp\u0113c\u012bgu stum\u0161anas un vilk\u0161anas sp\u0113ku.<\/li>\n<li><strong>Da\u017e\u0101di veidi:<\/strong> Pieejami vienk\u0101r\u0161\u0101s darb\u012bbas (hidrauliska darb\u012bba tikai vien\u0101 virzien\u0101) vai divk\u0101r\u0161\u0101s darb\u012bbas (hidrauliska darb\u012bba abos virzienos) variantos, da\u017ei mode\u013ci ir teleskopiski, kas \u013cauj pan\u0101kt liel\u0101ku pagarin\u0101jumu, nepalielinot \u0101r\u0113jos izm\u0113rus.<\/li>\n<\/ul>\n<p>M\u0113s specializ\u0113jamies \u0161\u012b produkta ra\u017eo\u0161an\u0101, un m\u016bsu cilindri lieliski aizst\u0101j eso\u0161os hidrauliskos cilindrus.<\/p>\n<p><img decoding=\"async\" src=\"https:\/\/www.hydraulic-cylinders.net\/wp-content\/uploads\/2025\/04\/songte-cylinder-head-with-all-kinds-excavator-models.webp\" alt=\"Ekskavatoru mode\u013ci\" \/><\/p>\n<h2>Str\u0113les cilindra pielietojums<\/h2>\n<h3>Celtniec\u012bbas apr\u012bkojums<\/h3>\n<p>Ekskavatoros str\u0113les cilindri ir b\u016btiski rak\u0161anai, iekrau\u0161anai un augsnes vai gru\u017eu p\u0101rvieto\u0161anai. To sp\u0113ja nodro\u0161in\u0101t prec\u012bzu kontroli rak\u0161anas darbu laik\u0101 nodro\u0161ina efektivit\u0101ti un precizit\u0101ti.<\/p>\n<h3>Lauksaimniec\u012bbas tehnika<\/h3>\n<p>Front\u0101lajos iekr\u0101v\u0113jos str\u0113les cilindri atvieglo augsnes, siena un citu materi\u0101lu rak\u0161anu, cel\u0161anu un transport\u0113\u0161anu. To funkcionalit\u0101te uzlabo lauksaimniec\u012bbas darb\u012bbu produktivit\u0101ti.<\/p>\n<h3>Ekskavatori<\/h3>\n<p>Str\u0113les cilindrs \u013cauj kausam efekt\u012bvi iek\u013c\u016bt augsn\u0113, nodro\u0161inot efekt\u012bvas rak\u0161anas darb\u012bbas. \u0160\u012b sp\u0113ja ir \u013coti svar\u012bga da\u017e\u0101diem zemes p\u0101rvieto\u0161anas darbiem.<\/p>\n<h3>Iekr\u0101v\u0113ji<\/h3>\n<p>Front\u0101lajos iekr\u0101v\u0113jos \u0161ie cilindri pal\u012bdz efekt\u012bvi pacelt un izg\u0101zt materi\u0101lus, uzlabojot kop\u0113jo darb\u012bbas efektivit\u0101ti materi\u0101lu apstr\u0101des darbos.<\/p>\n<h2>Dizaina apsv\u0113rumi un atlases krit\u0113riji<\/h2>\n<h3>Kravnes\u012bba<\/h3>\n<p>Izv\u0113loties str\u0113les cilindru, ir svar\u012bgi \u0146emt v\u0113r\u0101 kravnes\u012bbu. Cilindram j\u0101sp\u0113j iztur\u0113t maksim\u0101lo svaru, ar ko tas saskarsies ekspluat\u0101cijas laik\u0101. Liel\u0101ka kravnes\u012bba nodro\u0161ina dro\u0161\u012bbu un efektivit\u0101ti, \u012bpa\u0161i lielas slodzes apst\u0101k\u013cos.<\/p>\n<h3>Bl\u012bv\u0113juma veiktsp\u0113ja<\/h3>\n<p>Hidraulisk\u0101 cilindra efektivit\u0101te liel\u0101 m\u0113r\u0101 ir atkar\u012bga no t\u0101 bl\u012bv\u0113juma \u012bpa\u0161\u012bb\u0101m. Augstas kvalit\u0101tes bl\u012bv\u0113jumi nov\u0113r\u0161 hidraulisk\u0101 \u0161\u0137idruma nopl\u016bdi, nodro\u0161inot optim\u0101lu darb\u012bbu un samazinot nepiecie\u0161am\u012bbu p\u0113c bie\u017eas apkopes. Pareiza bl\u012bv\u0113\u0161ana ar\u012b pagarina cilindra kalpo\u0161anas laiku.<\/p>\n<h3>Iztur\u012bba<\/h3>\n<p>Iztur\u012bba ir galvenais apsv\u0113rums, izv\u0113loties str\u0113les cilindru. Konstrukcij\u0101 izmantotajiem materi\u0101liem j\u0101b\u016bt iztur\u012bgiem pret nodilumu, \u012bpa\u0161i sare\u017e\u0123\u012btos darba apst\u0101k\u013cos. Iztur\u012bgu komponentu izv\u0113le veicina apr\u012bkojuma ilgm\u016b\u017e\u012bbu.<\/p>\n<h3>Dro\u0161\u012bbas funkcijas<\/h3>\n<p>Dro\u0161\u012bba hidrauliskaj\u0101s sist\u0113m\u0101s ir \u0101rk\u0101rt\u012bgi svar\u012bga. Labi izstr\u0101d\u0101tam str\u0113les cilindram j\u0101ietver dro\u0161\u012bbas funkcijas, lai nov\u0113rstu negad\u012bjumus darb\u012bbas laik\u0101. T\u0101s var ietvert spiediena samazin\u0101\u0161anas v\u0101rstus un iztur\u012bgu konstrukciju, lai iztur\u0113tu negaid\u012btas slodzes.<\/p>\n<h3>Apkope un remont\u0113jam\u012bba<\/h3>\n<p>Vienk\u0101r\u0161a apkope ir b\u016btiska, lai samazin\u0101tu d\u012bkst\u0101ves laiku. Labi izstr\u0101d\u0101tam str\u0113les cilindram j\u0101b\u016bt lietot\u0101jam draudz\u012bgam, nodro\u0161inot vienk\u0101r\u0161as p\u0101rbaudes, remontu un deta\u013cu nomai\u0146u. Apkopes apsv\u0113r\u0161ana projekt\u0113\u0161anas posm\u0101 var uzlabot darb\u012bbas efektivit\u0101ti.<\/p>\n<p><img decoding=\"async\" src=\"https:\/\/www.hydraulic-cylinders.net\/wp-content\/uploads\/2025\/04\/songte-oil-pipes-and-spare-parts.webp\" alt=\"Hidraulisk\u0101s da\u013cas\" \/><\/p>\n<h2>Str\u0113les cilindra bl\u012bv\u0113\u0161ana un e\u013c\u013co\u0161ana<\/h2>\n<p>Str\u0113les cilindra bl\u012bv\u0113\u0161anas sist\u0113ma ietver da\u017e\u0101das sast\u0101vda\u013cas, piem\u0113ram, virzu\u013ca bl\u012bves un stie\u0146a bl\u012bves. Lai nodro\u0161in\u0101tu iztur\u012bbu pret nodilumu, bie\u017ei tiek izmantoti augstas kvalit\u0101tes materi\u0101li, piem\u0113ram, poliuret\u0101ns un nitrila gumija. Cilindra korpuss un v\u012bt\u0146ot\u0101s gala virsmas tiek prec\u012bzi apstr\u0101d\u0101tas, lai uzlabotu nodilumiztur\u012bbu. Turkl\u0101t regul\u0101ra e\u013c\u013co\u0161ana ar hidraulisko e\u013c\u013cu ir b\u016btiska, lai uztur\u0113tu optim\u0101lu veiktsp\u0113ju un nov\u0113rstu p\u0101rm\u0113r\u012bgu nodilumu.<\/p>\n<h2>Prevent\u012bvie apkopes pas\u0101kumi<\/h2>\n<ul>\n<li><strong>Regul\u0101ras p\u0101rbaudes:<\/strong> Veiciet regul\u0101ras p\u0101rbaudes, lai p\u0101rliecin\u0101tos, ka visas sast\u0101vda\u013cas darbojas pareizi, un lai identific\u0113tu jebk\u0101das nodiluma vai boj\u0101jumu paz\u012bmes.<\/li>\n<li><strong>Pareiza e\u013c\u013co\u0161ana:<\/strong> P\u0101rliecinieties, ka hidraulisk\u0101s e\u013c\u013cas l\u012bmenis ir pietiekams un ka sist\u0113ma tiek regul\u0101ri iee\u013c\u013cota, lai nov\u0113rstu berzi un nodilumu.<\/li>\n<li><strong>Bl\u012bv\u0113juma nomai\u0146a:<\/strong> Uzraugiet bl\u012bv\u0113jumu st\u0101vokli un nomainiet tos p\u0113c nepiecie\u0161am\u012bbas, lai nov\u0113rstu nopl\u016bdes un uztur\u0113tu sist\u0113mas efektivit\u0101ti.<\/li>\n<\/ul>\n<h2>Instal\u0101cijas rokasgr\u0101mata<\/h2>\n<p>Pareiza str\u0113les cilindra uzst\u0101d\u012b\u0161ana ir \u013coti svar\u012bga t\u0101 efekt\u012bvai darb\u012bbai. Vispirms p\u0101rliecinieties, vai mont\u0101\u017eas kron\u0161teini atbilst cilindra specifik\u0101cij\u0101m. Pareizi izl\u012bdziniet cilindru, lai nov\u0113rstu nepareizas izl\u012bdzin\u0101\u0161anas probl\u0113mas. Izmantojiet atbilsto\u0161us mont\u0101\u017eas balstus, lai nostiprin\u0101tu cilindru viet\u0101. P\u0101rliecinieties, vai visi hidrauliskie savienojumi ir cie\u0161i un bez nopl\u016bd\u0113m. P\u0113c uzst\u0101d\u012b\u0161anas p\u0101rbaudiet sist\u0113mu, lai p\u0101rliecin\u0101tos, ka cilindrs darbojas vienm\u0113r\u012bgi, bez jebk\u0101diem \u0161\u0137\u0113r\u0161\u013ciem.<\/p>\n<h2>Bie\u017ei sastopamie apkopes uzdevumi<\/h2>\n<ul>\n<li><strong>Regul\u0101ras p\u0101rbaudes:<\/strong> Regul\u0101ras p\u0101rbaudes var pal\u012bdz\u0113t identific\u0113t potenci\u0101l\u0101s probl\u0113mas, pirms t\u0101s saasin\u0101s, nodro\u0161inot uzticamu darb\u012bbu.<\/li>\n<li><strong>Pareiza e\u013c\u013co\u0161ana:<\/strong> Atbilsto\u0161a e\u013c\u013co\u0161ana ir \u013coti svar\u012bga, lai samazin\u0101tu berzi un pagarin\u0101tu cilindra kalpo\u0161anas laiku.<\/li>\n<li><strong>Bl\u012bv\u0113juma nomai\u0146a:<\/strong> Regul\u0101ras bl\u012bv\u0113jumu p\u0101rbaudes pal\u012bdz\u0113s uztur\u0113t spiedienu un nov\u0113rst \u0161\u0137idruma zudumu.<\/li>\n<\/ul>\n<h2>Dro\u0161\u012bbas apsv\u0113rumi un vides faktori<\/h2>\n<p>Dro\u0161\u012bbas pas\u0101kumu ievie\u0161ana ir \u013coti svar\u012bga, str\u0101d\u0101jot ar hidrauliskaj\u0101m sist\u0113m\u0101m. Operatoriem j\u0101b\u016bt apm\u0101c\u012btiem atpaz\u012bt b\u012bstam\u012bbu un iev\u0113rot dro\u0161\u012bbas protokolus, lai nov\u0113rstu negad\u012bjumus. Videi draudz\u012bgu hidraulisko \u0161\u0137idrumu izmanto\u0161ana var ar\u012b pal\u012bdz\u0113t samazin\u0101t ietekmi uz vidi.<\/p>\n<h2>K\u013c\u016bmju diagnostika un bie\u017e\u0101k sastopam\u0101s probl\u0113mas<\/h2>\n<ul>\n<li><strong>Nopl\u016bde:<\/strong> P\u0101rbaudiet, vai ap bl\u012bv\u0113m un savienojumiem nav \u0161\u0137idruma nopl\u016b\u017eu, kas var\u0113tu liecin\u0101t par nodilumu vai nepareizu uzst\u0101d\u012b\u0161anu.<\/li>\n<li><strong>Veiktsp\u0113jas probl\u0113mas:<\/strong> Ja cilindrs nerea\u0123\u0113, k\u0101 paredz\u0113ts, p\u0101rbaudiet, vai hidrauliskaj\u0101s l\u012bnij\u0101s nav aizsprostojumu vai zema \u0161\u0137idruma l\u012bme\u0146a.<\/li>\n<li><strong>Trok\u0161\u0146aina darb\u012bba:<\/strong> Neparastas ska\u0146as darb\u012bbas laik\u0101 var liecin\u0101t par iek\u0161\u0113ju nodilumu vai nepietiekamu e\u013c\u013co\u0161anu.<\/li>\n<\/ul>\n<h2>Probl\u0113mu nov\u0113r\u0161anas padomi<\/h2>\n<p>Lai efekt\u012bvi diagnostic\u0113tu un nov\u0113rstu probl\u0113mas, vispirms p\u0101rbaudiet \u0161\u0137idruma l\u012bmeni un, ja nepiecie\u0161ams, uzpildiet. P\u0101rbaudiet bl\u012bves un nomainiet visas boj\u0101t\u0101s. Veiktsp\u0113jas probl\u0113mu gad\u012bjum\u0101 p\u0101rliecinieties, vai hidrauliskaj\u0101s l\u012bnij\u0101s nav aizsprostojumu. Regul\u0101ra apkope un uzraudz\u012bba var pal\u012bdz\u0113t nov\u0113rst \u0161o probl\u0113mu ra\u0161anos.<\/p>\n<p><img decoding=\"async\" src=\"https:\/\/www.hydraulic-cylinders.net\/wp-content\/uploads\/2025\/04\/songte-bushings-with-all-kinds-of-excavator-models.webp\" alt=\"Ekskavatora bukses\" \/><\/p>\n<h2>Par m\u016bsu uz\u0146\u0113mumu<\/h2>\n<p>M\u0113s esam rezerves hidraulisko cilindru ra\u017eot\u0101js, kas pied\u0101v\u0101 pla\u0161u produktu kl\u0101stu un k\u013c\u016bst par vienu no vado\u0161ajiem ra\u017eot\u0101jiem un vairumtirgot\u0101jiem viet\u0113j\u0101 un starptautiskaj\u0101 tirg\u016b. M\u0113s iev\u0113rojam izcil\u012bbu kvalit\u0101t\u0113, izmantojot izsmalcin\u0101tu ra\u017eo\u0161anas strat\u0113\u0123iju un nep\u0101rtraukti uzlabojot savas ra\u017eo\u0161anas jaudas ar kvalific\u0113tu person\u0101lu un modernu digit\u0101lo ra\u017eo\u0161anas apr\u012bkojumu. M\u016bsu sp\u0113c\u012bg\u0101s rado\u0161\u0101s sp\u0113jas \u013cauj mums apmierin\u0101t da\u017e\u0101das klientu vajadz\u012bbas ar augstu efektivit\u0101ti, precizit\u0101ti un kvalit\u0101ti.<\/p>\n<h3>Ekspert\u012bze un starptautisk\u0101s sertifik\u0101cijas<\/h3>\n<p>M\u016bsu uz\u0146\u0113mums lepojas ar savu profesion\u0101lo pieredzi hidraulisko cilindru ra\u017eo\u0161an\u0101. Esam sa\u0146\u0113mu\u0161i da\u017e\u0101dus starptautiskus sertifik\u0101tus, kas apliecina m\u016bsu produktu kvalit\u0101ti un uzticam\u012bbu.<\/p>\n<h3>Piel\u0101goti pakalpojumi<\/h3>\n<p>M\u0113s pied\u0101v\u0101jam piel\u0101gotus pakalpojumus, lai apmierin\u0101tu \u012bpa\u0161as klientu pras\u012bbas, nodro\u0161inot, ka m\u016bsu hidrauliskie cilindri lieliski atbilst paredz\u0113tajiem lietojumiem.<\/p>\n<h3>Ra\u017eo\u0161anas iek\u0101rtas<\/h3>\n<p>M\u016bsu modern\u0101k\u0101s ra\u017eo\u0161anas iek\u0101rtas izmanto modernu apr\u012bkojumu, kas uzlabo ra\u017eo\u0161anas precizit\u0101ti un efektivit\u0101ti, t\u0101d\u0113j\u0101di nodro\u0161inot augst\u0101ku produktu kvalit\u0101ti.<\/p>\n<h3>P\u0113cp\u0101rdo\u0161anas pakalpojumi<\/h3>\n<p>M\u0113s pied\u0101v\u0101jam visaptvero\u0161us p\u0113cp\u0101rdo\u0161anas pakalpojumus, tostarp atbalstu uzst\u0101d\u012b\u0161anai un apkopei, nodro\u0161inot klientu apmierin\u0101t\u012bbu un produktu ilgm\u016b\u017e\u012bbu.<\/p>\n<p><img decoding=\"async\" src=\"https:\/\/www.hydraulic-cylinders.net\/wp-content\/uploads\/2025\/04\/songte-company-4.webp\" alt=\"Uz\u0146\u0113muma telpas\" \/><br \/>\n<img decoding=\"async\" src=\"https:\/\/www.hydraulic-cylinders.net\/wp-content\/uploads\/2025\/04\/songte-company-3.webp\" alt=\"Ra\u017eo\u0161anas iek\u0101rtas\" \/><\/p>\n<p>Autors: lil<\/p>","protected":false},"excerpt":{"rendered":"<p>Boom Cylinder For Caterpillar Small Excavator E305.5E Product Overview The Boom Cylinder is a critical hydraulic component designed specifically for the Caterpillar Small Excavator E305.5E. This hydraulic cylinder plays a vital role in controlling the movement of the excavator&#8217;s boom. It enables the lifting, lowering, and tilting of the boom, which is essential for various [&hellip;]<\/p>","protected":false},"featured_media":17880,"comment_status":"open","ping_status":"closed","template":"","meta":{"_et_pb_use_builder":"","_et_pb_old_content":"","_et_gb_content_width":""},"product_brand":[],"product_cat":[1546],"product_tag":[1547,1496],"class_list":{"0":"post-18938","1":"product","2":"type-product","3":"status-publish","4":"has-post-thumbnail","6":"product_cat-boom-cylinders","7":"product_tag-boom-cylinders","8":"product_tag-hydraulic-cylinders","10":"first","11":"instock","12":"shipping-taxable","13":"product-type-simple"},"amp_enabled":true,"_links":{"self":[{"href":"https:\/\/www.hydraulic-cylinders.net\/lv\/wp-json\/wp\/v2\/product\/18938","targetHints":{"allow":["GET"]}}],"collection":[{"href":"https:\/\/www.hydraulic-cylinders.net\/lv\/wp-json\/wp\/v2\/product"}],"about":[{"href":"https:\/\/www.hydraulic-cylinders.net\/lv\/wp-json\/wp\/v2\/types\/product"}],"replies":[{"embeddable":true,"href":"https:\/\/www.hydraulic-cylinders.net\/lv\/wp-json\/wp\/v2\/comments?post=18938"}],"wp:featuredmedia":[{"embeddable":true,"href":"https:\/\/www.hydraulic-cylinders.net\/lv\/wp-json\/wp\/v2\/media\/17880"}],"wp:attachment":[{"href":"https:\/\/www.hydraulic-cylinders.net\/lv\/wp-json\/wp\/v2\/media?parent=18938"}],"wp:term":[{"taxonomy":"product_brand","embeddable":true,"href":"https:\/\/www.hydraulic-cylinders.net\/lv\/wp-json\/wp\/v2\/product_brand?post=18938"},{"taxonomy":"product_cat","embeddable":true,"href":"https:\/\/www.hydraulic-cylinders.net\/lv\/wp-json\/wp\/v2\/product_cat?post=18938"},{"taxonomy":"product_tag","embeddable":true,"href":"https:\/\/www.hydraulic-cylinders.net\/lv\/wp-json\/wp\/v2\/product_tag?post=18938"}],"curies":[{"name":"wp","href":"https:\/\/api.w.org\/{rel}","templated":true}]}}