{"id":18943,"date":"2025-04-07T06:03:28","date_gmt":"2025-04-07T06:03:28","guid":{"rendered":"https:\/\/www.hydraulic-cylinders.net\/product\/boom-cylinder-for-caterpillar-middle-excavator-e200b\/"},"modified":"2025-04-07T06:03:30","modified_gmt":"2025-04-07T06:03:30","slug":"boom-cylinder-for-caterpillar-middle-excavator-e200b","status":"publish","type":"product","link":"https:\/\/www.hydraulic-cylinders.net\/lv\/products\/boom-cylinder-for-caterpillar-middle-excavator-e200b\/","title":{"rendered":"Str\u0113les cilindrs Caterpillar vid\u0113jam ekskavatoram E200B"},"content":{"rendered":"<h1>Str\u0113les cilindrs Caterpillar vid\u0113jam ekskavatoram E200B<\/h1>\n<h2>Str\u0113les cilindra p\u0101rskats<\/h2>\n<p>Str\u0113les cilindrs ir svar\u012bga hidraulisko sist\u0113mu sast\u0101vda\u013ca, \u012bpa\u0161i smagaj\u0101s ma\u0161\u012bn\u0101s, piem\u0113ram, ekskavatoros. Tas ir \u012bpa\u0161i izstr\u0101d\u0101ts, lai kontrol\u0113tu kausa kust\u012bbu da\u017e\u0101d\u0101s darb\u012bb\u0101s, piem\u0113ram, cel\u0161an\u0101, nolai\u0161an\u0101 un noliek\u0161an\u0101. \u0160is hidrauliskais cilindrs nodro\u0161ina efekt\u012bvu materi\u0101lu apstr\u0101di, nodro\u0161inot nepiecie\u0161amo sp\u0113ku lielu kravu p\u0101rvieto\u0161anai ar precizit\u0101ti un vieglumu. Str\u0113les cilindrs ir b\u016btisks ekskavatoru, ekskavatoru-iekr\u0101v\u0113ju un front\u0101lo iekr\u0101v\u0113ju funkcionalit\u0101tei, tie\u0161i ietekm\u0113jot to darb\u012bbas efektivit\u0101ti.<\/p>\n<p><img decoding=\"async\" src=\"https:\/\/www.hydraulic-cylinders.net\/wp-content\/uploads\/2025\/04\/songte-company-1.webp\" alt=\"Str\u0113les cilindrs\"><\/p>\n<h3>Defin\u012bcija un funkcionalit\u0101te<\/h3>\n<p>Kausa cilindrs, kas paz\u012bstams k\u0101 hidrauliskais cilindrs, ir \u013coti svar\u012bgs, lai kontrol\u0113tu kausa kust\u012bbu smag\u0101s tehnikas ma\u0161\u012bn\u0101s. Tas \u013cauj kausam pacelties, noliekties un nolaisties, padarot to neaizst\u0101jamu t\u0101dos darbos k\u0101 rak\u0161ana, iekrau\u0161ana un materi\u0101lu transport\u0113\u0161ana. Hidrauliskais meh\u0101nisms izmanto spiediena \u0161\u0137idrumu, lai rad\u012btu kust\u012bbu, nodro\u0161inot jaud\u012bgu un prec\u012bzu darb\u012bbu. \u0160\u012b sp\u0113ja ir vit\u0101li svar\u012bga b\u016bvniec\u012bb\u0101, lauksaimniec\u012bb\u0101 un cit\u0101s nozar\u0113s, kur smago kravu cel\u0161ana ir ikdiena.<\/p>\n<h2>Galven\u0101s iez\u012bmes<\/h2>\n<ul>\n<li><strong>Augsta iztur\u012bba un ilgm\u016b\u017e\u012bba:<\/strong> Izgatavots no augstas stipr\u012bbas t\u0113rauda vai alum\u012bnija, str\u0113les cilindrs sp\u0113j iztur\u0113t augstu spiedienu un lielas slodzes, padarot to piem\u0113rotu skarbiem darba apst\u0101k\u013ciem. T\u0101 konstrukcij\u0101 ir iek\u013cauta nodilumiztur\u012bba un iztur\u012bba pret koroziju, lai nodro\u0161in\u0101tu ilgm\u016b\u017e\u012bbu.<\/li>\n<li><strong>Efekt\u012bva hidraulisk\u0101 darb\u012bba:<\/strong> Cilindrs izmanto hidraulisk\u0101s e\u013c\u013cas spiedienu vienm\u0113r\u012bgai izvilk\u0161anai un ievilk\u0161anai, nodro\u0161inot \u0101tru reakciju uz vad\u012bbas komand\u0101m un iev\u0113rojamu stum\u0161anas un vilk\u0161anas sp\u0113ku, padarot to ide\u0101li piem\u0113rotu smagu materi\u0101lu apstr\u0101dei un sare\u017e\u0123\u012btiem uzdevumiem.<\/li>\n<li><strong>Da\u017e\u0101di veidi:<\/strong> Atkar\u012bb\u0101 no ekspluat\u0101cijas vajadz\u012bb\u0101m ir pieejamas vienas darb\u012bbas (hidrauliska darb\u012bba vien\u0101 virzien\u0101) un divk\u0101r\u0161as darb\u012bbas (hidrauliska darb\u012bba abos virzienos) cilindri. Da\u017eiem mode\u013ciem ir teleskopiska konstrukcija, kas nodro\u0161ina liel\u0101ku pagarin\u0101jumu, nepalielinot \u0101r\u0113jos izm\u0113rus, kas ir ide\u0101li piem\u0113rots lietojumiem ar ierobe\u017eotu vietu.<\/li>\n<li><strong>Piel\u0101gota ra\u017eo\u0161ana:<\/strong> M\u0113s esam apr\u012bkoti \u0161\u012b produkta ra\u017eo\u0161anai un varam perfekti aizst\u0101t eso\u0161os hidrauliskos cilindrus ar m\u016bsu augstas kvalit\u0101tes alternat\u012bv\u0101m.<\/li>\n<li><strong>Kvalit\u0101tes nodro\u0161in\u0101\u0161ana:<\/strong> M\u016bsu cilindri tiek pak\u013cauti stingr\u0101m p\u0101rbaud\u0113m, lai nodro\u0161in\u0101tu to atbilst\u012bbu augstiem dro\u0161\u012bbas un veiktsp\u0113jas standartiem, sniedzot sirdsmieru visiem lietot\u0101jiem.<\/li>\n<\/ul>\n<p><img decoding=\"async\" src=\"https:\/\/www.hydraulic-cylinders.net\/wp-content\/uploads\/2025\/04\/songte-cylinder-head-with-all-kinds-excavator-models.webp\" alt=\"Ekskavatoru mode\u013ci\"><\/p>\n<h2>Str\u0113les cilindra pielietojums<\/h2>\n<h3>Celtniec\u012bbas apr\u012bkojums<\/h3>\n<p>Ekskavatoros str\u0113les cilindriem ir iz\u0161\u0137iro\u0161a noz\u012bme augsnes vai gru\u017eu rak\u0161an\u0101, iekrau\u0161an\u0101 un p\u0101rvieto\u0161an\u0101. Tie ir atbild\u012bgi par to, lai kauss efekt\u012bvi iek\u013c\u016btu zem\u0113, t\u0101d\u0113j\u0101di nodro\u0161inot efekt\u012bvus rak\u0161anas procesus. Sp\u0113ja kontrol\u0113t kausa le\u0146\u0137i un dzi\u013cumu padara \u0161os cilindrus neaizst\u0101jamus jebkur\u0101 b\u016bvniec\u012bbas darb\u0101, kam nepiecie\u0161ama precizit\u0101te un iztur\u012bba.<\/p>\n<h3>Lauksaimniec\u012bbas tehnika<\/h3>\n<p>Front\u0101lie iekr\u0101v\u0113ji izmanto str\u0113les cilindrus augsnes, siena un citu materi\u0101lu sav\u0101k\u0161anai, cel\u0161anai un transport\u0113\u0161anai. \u0160o cilindru nodro\u0161in\u0101t\u0101 hidraulisk\u0101 jauda nodro\u0161ina, ka iekr\u0101v\u0113js var viegli tikt gal\u0101 ar smag\u0101m krav\u0101m, racionaliz\u0113jot darb\u012bbu gan saimniec\u012bb\u0101s, gan b\u016bvlaukumos. \u0160\u012b funkcionalit\u0101te ir vit\u0101li svar\u012bga lauksaimniec\u012bbas darbos, padarot tos par nepiecie\u0161amu m\u016bsdienu lauksaimniec\u012bbas tehnikas sast\u0101vda\u013cu.<\/p>\n<h3>Ekskavatori<\/h3>\n<p>Ekskavatoros str\u0113les cilindrs \u013cauj kausam ierakties zem\u0113, atvieglojot rak\u0161anas darbus. Hidraulisk\u0101 sist\u0113ma nodro\u0161ina prec\u012bzu kausa kust\u012bbas kontroli, \u013caujot operatoriem veikt prec\u012bzus rak\u0161anas darbus. \u0160\u012b iesp\u0113ja ir kritiski svar\u012bga projektiem, kuriem nepiecie\u0161ama r\u016bp\u012bga rak\u0161ana, neboj\u0101jot apk\u0101rt\u0113j\u0101s teritorijas vai konstrukcijas.<\/p>\n<h3>Iekr\u0101v\u0113ji<\/h3>\n<p>Front\u0101lajos iekr\u0101v\u0113jos str\u0113les cilindri pal\u012bdz efekt\u012bvi pacelt un izg\u0101zt kravas. \u0160\u012b hidraulisk\u0101 darb\u012bba \u013cauj operatoriem viegli apstr\u0101d\u0101t materi\u0101lus un veicina produktivit\u0101ti darba viet\u0101s. \u0160o cilindru nodro\u0161in\u0101t\u0101 vienm\u0113r\u012bg\u0101 darb\u012bba ir b\u016btiska iekr\u0101v\u0113ju efekt\u012bvai darb\u012bbai, \u012bpa\u0161i t\u0101dos uzdevumos k\u0101 agreg\u0101tu vai b\u016bvmateri\u0101lu p\u0101rvieto\u0161ana.<\/p>\n<h2>Dizaina apsv\u0113rumi un atlases krit\u0113riji<\/h2>\n<h3>Kravnes\u012bba<\/h3>\n<p>Kravnes\u012bba ir galvenais apsv\u0113rums str\u0113les cilindru projekt\u0113\u0161an\u0101. Ir \u013coti svar\u012bgi nov\u0113rt\u0113t maksim\u0101lo svaru, kas cilindram b\u016bs j\u0101iztur ekspluat\u0101cijas laik\u0101. Konstrukcij\u0101 izmantotie materi\u0101li, cilindra izm\u0113rs un hidraulisk\u0101 spiediena v\u0113rt\u0113jums ietekm\u0113 t\u0101 nestsp\u0113ju. Pareiza izv\u0113le, pamatojoties uz kravnes\u012bbu, nodro\u0161ina dro\u0161\u012bbu un efektivit\u0101ti ekspluat\u0101cijas laik\u0101.<\/p>\n<h3>Bl\u012bv\u0113\u0161anas efektivit\u0101te<\/h3>\n<p>Bl\u012bv\u0113jums ir vit\u0101li svar\u012bgs hidraulisk\u0101 cilindra darb\u012bbai. Efekt\u012bvi bl\u012bv\u0113jumi nov\u0113r\u0161 \u0161\u0137idruma nopl\u016bdes, uzturot darb\u012bbai nepiecie\u0161amo spiedienu. Augstas kvalit\u0101tes bl\u012bv\u0113\u0161anas materi\u0101li, piem\u0113ram, poliuret\u0101ns un nitrilgumija, ir b\u016btiski iztur\u012bbai un veiktsp\u0113jai slodzes apst\u0101k\u013cos. Ar\u012b cilindra virsmu precizit\u0101tei ir noz\u012bme efekt\u012bva bl\u012bv\u0113juma nodro\u0161in\u0101\u0161an\u0101, kas samazina apkopes nepiecie\u0161am\u012bbu un palielina uzticam\u012bbu.<\/p>\n<h3>Iztur\u012bba<\/h3>\n<p>Iztur\u012bba ir v\u0113l viens b\u016btisks faktors str\u0113les cilindru konstrukcij\u0101. Tiem j\u0101iztur skarbi darba apst\u0101k\u013ci, tostarp ekstrem\u0101la temperat\u016bra, putek\u013ci un mitrums. Iztur\u012bgu materi\u0101lu un aizsargp\u0101rkl\u0101jumu izmanto\u0161ana var uzlabot to iztur\u012bbu pret nodilumu un vides faktoriem, galu gal\u0101 pagarinot to ekspluat\u0101cijas laiku.<\/p>\n<h3>Dro\u0161\u012bbas funkcijas<\/h3>\n<p>Hidraulisko cilindru dro\u0161\u012bbas funkcijas ir \u013coti svar\u012bgas negad\u012bjumu nov\u0113r\u0161anai un operatora dro\u0161\u012bbas nodro\u0161in\u0101\u0161anai. T\u0101s var ietvert spiediena samazin\u0101\u0161anas v\u0101rstus, av\u0101rijas aptur\u0113\u0161anas meh\u0101nismus un iztur\u012bgu konstrukciju negaid\u012btu slod\u017eu apstr\u0101dei. Projekt\u0113\u0161an\u0101 j\u0101iek\u013cauj atbilsto\u0161i dro\u0161\u012bbas pas\u0101kumi, lai samazin\u0101tu riskus ekspluat\u0101cijas laik\u0101.<\/p>\n<h3>Apkope un remont\u0113jam\u012bba<\/h3>\n<p>Apkopes \u0146em\u0161ana v\u0113r\u0101 ir b\u016btiska, lai nodro\u0161in\u0101tu str\u0113les cilindru ilgm\u016b\u017e\u012bbu. Funkcijas, kas atvieglo piek\u013cuvi bl\u012bv\u0113m un komponentiem nomai\u0146ai vai remontam, var iev\u0113rojami samazin\u0101t d\u012bkst\u0101ves laiku. Turkl\u0101t, nodro\u0161inot, ka cilindru var demont\u0113t bez specializ\u0113tiem instrumentiem, tiek vienk\u0101r\u0161otas apkopes proced\u016bras.<\/p>\n<p><img decoding=\"async\" src=\"https:\/\/www.hydraulic-cylinders.net\/wp-content\/uploads\/2025\/04\/songte-oil-pipes-and-spare-parts.webp\" alt=\"Hidraulisko cilindru deta\u013cas\"><\/p>\n<h2>Bl\u012bv\u0113\u0161ana un e\u013c\u013co\u0161ana<\/h2>\n<p>Pareiza bl\u012bv\u0113\u0161ana un e\u013c\u013co\u0161ana ir kritiski svar\u012bga str\u0113les cilindru efekt\u012bvai darb\u012bbai. Da\u017e\u0101di bl\u012bv\u0113\u0161anas komponenti, piem\u0113ram, virzu\u013ca bl\u012bv\u0113jumi un stie\u0146a bl\u012bv\u0113jumi, ir svar\u012bgi spiediena uztur\u0113\u0161anai un \u0161\u0137idruma nopl\u016bdes nov\u0113r\u0161anai. Bl\u012bv\u0113jumiem j\u0101b\u016bt izgatavotiem no iztur\u012bgiem materi\u0101liem, piem\u0113ram, poliuret\u0101na un nitrila gumijas, lai tie iztur\u0113tu nodilumu. Turkl\u0101t cilindra korpuss un v\u012bt\u0146otie gali ir j\u0101apstr\u0101d\u0101 prec\u012bzi, lai uzlabotu nodilumiztur\u012bbu. Regul\u0101ra e\u013c\u013co\u0161ana ar hidraulisko e\u013c\u013cu ir nepiecie\u0161ama, lai nodro\u0161in\u0101tu vienm\u0113r\u012bgu darb\u012bbu un pagarin\u0101tu hidraulisk\u0101s sist\u0113mas kalpo\u0161anas laiku.<\/p>\n<h2>Prevent\u012bvie apkopes pas\u0101kumi<\/h2>\n<ul>\n<li><strong>Regul\u0101ras p\u0101rbaudes:<\/strong> Regul\u0101ras hidraulisk\u0101s sist\u0113mas p\u0101rbaudes, tostarp bl\u012bv\u0113jumu, \u0161\u013c\u016bte\u0146u un savienojumu p\u0101rbaudes, ir \u013coti svar\u012bgas, lai identific\u0113tu nodilumu vai potenci\u0101lus boj\u0101jumus, pirms tie rada nopietn\u0101kas probl\u0113mas.<\/li>\n<li><strong>Pareiza e\u013c\u013co\u0161ana:<\/strong> Nodro\u0161inot, ka hidraulisk\u0101s e\u013c\u013cas l\u012bmenis tiek uztur\u0113ts atbilsto\u0161\u0101 l\u012bmen\u012b un e\u013c\u013co\u0161anas punkti tiek pien\u0101c\u012bgi apkopti, tiks nov\u0113rstas meh\u0101niskas k\u013c\u016bmes un pagarin\u0101ts cilindra kalpo\u0161anas laiks.<\/li>\n<li><strong>Bl\u012bv\u0113juma nomai\u0146a:<\/strong> Savlaic\u012bga nodilu\u0161o bl\u012bv\u0113jumu nomai\u0146a var nov\u0113rst nopl\u016bdes un uztur\u0113t sist\u0113mas spiedienu, kas ir vit\u0101li svar\u012bgi efekt\u012bvai darb\u012bbai.<\/li>\n<\/ul>\n<h2>Uzst\u0101d\u012b\u0161anas vadl\u012bnijas<\/h2>\n<p>Uzst\u0101dot str\u0113les cilindru, ir svar\u012bgi iev\u0113rot atbilsto\u0161as \u200b\u200bproced\u016bras, lai nodro\u0161in\u0101tu dro\u0161u un efekt\u012bvu darb\u012bbu. Vispirms p\u0101rliecinieties, vai darba zona ir br\u012bva un vai ir pieejami visi nepiecie\u0161amie instrumenti. Pareizi izl\u012bdziniet cilindru ar stiprin\u0101juma punktiem, lai nov\u0113rstu nevajadz\u012bgu slodzi uz hidrauliskaj\u0101m sast\u0101vda\u013c\u0101m. Izmantojiet atbilsto\u0161us stiprin\u0101juma kron\u0161teinus, lai stingri nostiprin\u0101tu cilindru viet\u0101. P\u0101rliecinieties, vai hidraulisk\u0101s l\u012bnijas ir pareizi pievienotas un nav samezgloju\u0161\u0101s vai aizsprostoju\u0161\u0101s. P\u0113c uzst\u0101d\u012b\u0161anas veiciet r\u016bp\u012bgu p\u0101rbaudi, lai p\u0101rliecin\u0101tos, ka cilindrs darbojas nevainojami un efekt\u012bvi, pirms to atkal nodot ekspluat\u0101cij\u0101.<\/p>\n<p><img decoding=\"async\" src=\"https:\/\/www.hydraulic-cylinders.net\/wp-content\/uploads\/2025\/04\/songte-chushion-collar.webp\" alt=\"Spilvenu apkakle\"><\/p>\n<h2>Bie\u017ei sastopamie apkopes uzdevumi<\/h2>\n<h3>Regul\u0101ras p\u0101rbaudes<\/h3>\n<p>Regul\u0101ru p\u0101rbau\u017eu veik\u0161ana ir \u013coti svar\u012bga, lai nodro\u0161in\u0101tu str\u0113les cilindra un t\u0101 sast\u0101vda\u013cu pareizu darb\u012bbu. P\u0101rbaudiet, vai ap bl\u012bv\u0113m un \u0161\u013c\u016bten\u0113m nav nopl\u016b\u017eu, un nov\u0113rt\u0113jiet cilindra visp\u0101r\u0113jo st\u0101vokli, vai nav nodiluma vai boj\u0101jumu paz\u012bmju. Probl\u0113mu agr\u012bna atkl\u0101\u0161ana var nov\u0113rst d\u0101rgus remontdarbus un d\u012bkst\u0101ves.<\/p>\n<h3>Pareiza e\u013c\u013co\u0161ana<\/h3>\n<p>Str\u0113les cilindra pien\u0101c\u012bga e\u013c\u013co\u0161ana ir \u013coti svar\u012bga t\u0101 darb\u012bbai. Regul\u0101ri p\u0101rbaudiet hidraulisk\u0101s e\u013c\u013cas l\u012bmeni un papildiniet to p\u0113c nepiecie\u0161am\u012bbas. Izmantojiet ieteicamo hidraulisk\u0101s e\u013c\u013cas veidu, lai nodro\u0161in\u0101tu sader\u012bbu ar cilindra materi\u0101liem. Pareiza e\u013c\u013co\u0161ana samazina berzi un nodilumu, uzlabojot cilindra veiktsp\u0113ju un ilgm\u016b\u017e\u012bbu.<\/p>\n<h3>Bl\u012bv\u0113juma nomai\u0146a<\/h3>\n<p>Bl\u012bvju nomai\u0146a ir kritiski svar\u012bgs apkopes uzdevums, lai nov\u0113rstu nopl\u016bdes un uztur\u0113tu cilindra veiktsp\u0113ju. P\u0101rbaudiet, vai bl\u012bv\u0113m nav nodiluma paz\u012bmju, piem\u0113ram, plaisu vai saciet\u0113\u0161anas, un nomainiet t\u0101s p\u0113c nepiecie\u0161am\u012bbas. Regul\u0101ra bl\u012bv\u0113jumu apkope ir b\u016btiska, lai nodro\u0161in\u0101tu, ka hidraulisk\u0101 sist\u0113ma saglab\u0101 spiedienu un darbojas k\u0101 paredz\u0113ts.<\/p>\n<h2>Dro\u0161\u012bbas apsv\u0113rumi un vides faktori<\/h2>\n<p>Str\u0101d\u0101jot ar hidrauliskajiem cilindriem, priorit\u0101te j\u0101pie\u0161\u0137ir dro\u0161\u012bbas pas\u0101kumiem, lai aizsarg\u0101tu operatorus un apk\u0101rt\u0113jos. Visam person\u0101lam, kas r\u012bkojas ar apr\u012bkojumu, j\u0101nodro\u0161ina atbilsto\u0161a apm\u0101c\u012bba, lai nodro\u0161in\u0101tu, ka vi\u0146i izprot riskus un pareizas ekspluat\u0101cijas proced\u016bras. Svar\u012bgi ir ar\u012b lietot individu\u0101los aizsardz\u012bbas l\u012bdzek\u013cus (IAL), \u012bpa\u0161i apkopes darbu laik\u0101. J\u0101\u0146em v\u0113r\u0101 ar\u012b vides apsv\u0113rumi, piem\u0113ram, pareiza hidraulisko \u0161\u0137idrumu utiliz\u0101cija un j\u0101nodro\u0161ina, ka apr\u012bkojums darbojas dro\u0161os parametros, lai samazin\u0101tu iesp\u0113jamos apdraud\u0113jumus.<\/p>\n<h2>Probl\u0113mu nov\u0113r\u0161ana un bie\u017ei sastopamas probl\u0113mas<\/h2>\n<ul>\n<li><strong>Nopl\u016bdes probl\u0113mas:<\/strong> Nopl\u016bdes var rasties nodilu\u0161u bl\u012bv\u0113jumu vai boj\u0101tu \u0161\u013c\u016bte\u0146u d\u0113\u013c. Regul\u0101ri p\u0101rbaudiet \u0161\u012bs deta\u013cas un nomainiet t\u0101s p\u0113c nepiecie\u0161am\u012bbas.<\/li>\n<li><strong>Samazin\u0101ta veiktsp\u0113ja:<\/strong> Ja cilindrs nedarbojas efekt\u012bvi, p\u0101rbaudiet hidraulisk\u0101 \u0161\u0137idruma l\u012bmeni un p\u0101rliecinieties, vai l\u012bnij\u0101s nav aizsprostojumu.<\/li>\n<li><strong>Negaid\u012btas ska\u0146as:<\/strong> Neparastas ska\u0146as darb\u012bbas laik\u0101 var liecin\u0101t par iek\u0161\u0113jiem boj\u0101jumiem vai kavit\u0101ciju. Veiciet r\u016bp\u012bgu p\u0101rbaudi, lai noteiktu trok\u0161\u0146a avotu.<\/li>\n<\/ul>\n<h2>Probl\u0113mu nov\u0113r\u0161anas padomi<\/h2>\n<p>Lai efekt\u012bvi nov\u0113rstu probl\u0113mas ar str\u0113les cilindru, s\u0101ciet ar vizu\u0101lu p\u0101rbaudi, vai nav ac\u012bmredzamu boj\u0101jumu vai nodiluma paz\u012bmju. P\u0101rbaudiet hidraulisk\u0101 \u0161\u0137idruma l\u012bmeni un p\u0101rliecinieties, vai sist\u0113m\u0101 tas tiek uztur\u0113ts atbilsto\u0161\u0101 l\u012bmen\u012b. Ja tiek konstat\u0113tas nopl\u016bdes, nekav\u0113joties nomainiet bl\u012bves, lai nov\u0113rstu turpm\u0101kus boj\u0101jumus. Samazin\u0101tas veiktsp\u0113jas gad\u012bjum\u0101 var b\u016bt nepiecie\u0161ams atgaisot hidraulisko sist\u0113mu, lai izvad\u012btu iesprostoto gaisu. Probl\u0113mu agr\u012bna identific\u0113\u0161ana un nov\u0113r\u0161ana var samazin\u0101t nopietn\u0101ku probl\u0113mu risku v\u0113l\u0101k.<\/p>\n<p><img decoding=\"async\" src=\"https:\/\/www.hydraulic-cylinders.net\/wp-content\/uploads\/2025\/04\/songte-bushings-with-all-kinds-of-excavator-models.webp\" alt=\"Ekskavatora bukses\"><\/p>\n<h2>Par m\u016bsu uz\u0146\u0113mumu<\/h2>\n<p>M\u0113s esam vado\u0161ais rezerves hidraulisko cilindru ra\u017eot\u0101js un vairumtirdzniec\u012bbas izplat\u012bt\u0101js ar pla\u0161u produktu kl\u0101stu, kas m\u016bs novieto viet\u0113j\u0101 un starptautisk\u0101 tirgus priek\u0161gal\u0101. M\u016bsu ap\u0146em\u0161anos nodro\u0161in\u0101t izcilu kvalit\u0101ti nodro\u0161ina pilnveidoti ra\u017eo\u0161anas procesi un progres\u012bvas ra\u017eo\u0161anas vad\u012bbas strat\u0113\u0123ijas. M\u0113s past\u0101v\u012bgi uzlabojam savas ra\u017eo\u0161anas platformas, izmantojot kvalific\u0113tu person\u0101lu, augst\u0101k\u0101s klases digit\u0101lo apr\u012bkojumu un profesion\u0101las test\u0113\u0161anas sist\u0113mas. Tas \u013cauj mums apmierin\u0101t da\u017e\u0101das klientu vajadz\u012bbas ar augstu efektivit\u0101ti, precizit\u0101ti un kvalit\u0101ti.<\/p>\n<p><img decoding=\"async\" src=\"https:\/\/www.hydraulic-cylinders.net\/wp-content\/uploads\/2025\/04\/songte-company-4.webp\" alt=\"Uz\u0146\u0113muma p\u0101rskats\"><br \/>\n<img decoding=\"async\" src=\"https:\/\/www.hydraulic-cylinders.net\/wp-content\/uploads\/2025\/04\/songte-company-3.webp\" alt=\"Uz\u0146\u0113muma apr\u012bkojums\"><\/p>\n<p>M\u016bsu uz\u0146\u0113mums lepojas ar profesionalit\u0101ti, starptautiskiem sertifik\u0101tiem, piel\u0101gojamiem pakalpojumiem, modern\u0101m ra\u017eo\u0161anas iek\u0101rt\u0101m un stabilu p\u0113cp\u0101rdo\u0161anas atbalstu. M\u0113s esam ap\u0146\u0113mu\u0161ies nodro\u0161in\u0101t, lai m\u016bsu klienti sa\u0146emtu lab\u0101kos tirg\u016b pieejamos produktus un pakalpojumus.<\/p>\n<p>Autors: lil<\/p>","protected":false},"excerpt":{"rendered":"<p>Boom Cylinder For Caterpillar Middle Excavator E200B Overview of Boom Cylinder The boom cylinder is a pivotal component in hydraulic systems, especially in heavy machinery like excavators. It is specifically designed to control the movement of the bucket in various operations, such as lifting, lowering, and tilting. This hydraulic cylinder enables efficient material handling by [&hellip;]<\/p>","protected":false},"featured_media":17870,"comment_status":"open","ping_status":"closed","template":"","meta":{"_et_pb_use_builder":"","_et_pb_old_content":"","_et_gb_content_width":""},"product_brand":[],"product_cat":[1546],"product_tag":[1547,1496],"class_list":{"0":"post-18943","1":"product","2":"type-product","3":"status-publish","4":"has-post-thumbnail","6":"product_cat-boom-cylinders","7":"product_tag-boom-cylinders","8":"product_tag-hydraulic-cylinders","10":"first","11":"instock","12":"shipping-taxable","13":"product-type-simple"},"amp_enabled":true,"_links":{"self":[{"href":"https:\/\/www.hydraulic-cylinders.net\/lv\/wp-json\/wp\/v2\/product\/18943","targetHints":{"allow":["GET"]}}],"collection":[{"href":"https:\/\/www.hydraulic-cylinders.net\/lv\/wp-json\/wp\/v2\/product"}],"about":[{"href":"https:\/\/www.hydraulic-cylinders.net\/lv\/wp-json\/wp\/v2\/types\/product"}],"replies":[{"embeddable":true,"href":"https:\/\/www.hydraulic-cylinders.net\/lv\/wp-json\/wp\/v2\/comments?post=18943"}],"wp:featuredmedia":[{"embeddable":true,"href":"https:\/\/www.hydraulic-cylinders.net\/lv\/wp-json\/wp\/v2\/media\/17870"}],"wp:attachment":[{"href":"https:\/\/www.hydraulic-cylinders.net\/lv\/wp-json\/wp\/v2\/media?parent=18943"}],"wp:term":[{"taxonomy":"product_brand","embeddable":true,"href":"https:\/\/www.hydraulic-cylinders.net\/lv\/wp-json\/wp\/v2\/product_brand?post=18943"},{"taxonomy":"product_cat","embeddable":true,"href":"https:\/\/www.hydraulic-cylinders.net\/lv\/wp-json\/wp\/v2\/product_cat?post=18943"},{"taxonomy":"product_tag","embeddable":true,"href":"https:\/\/www.hydraulic-cylinders.net\/lv\/wp-json\/wp\/v2\/product_tag?post=18943"}],"curies":[{"name":"wp","href":"https:\/\/api.w.org\/{rel}","templated":true}]}}