{"id":18944,"date":"2025-04-07T06:03:31","date_gmt":"2025-04-07T06:03:31","guid":{"rendered":"https:\/\/www.hydraulic-cylinders.net\/product\/boom-cylinder-for-caterpillar-middle-excavator-e320-320b\/"},"modified":"2025-04-07T06:03:33","modified_gmt":"2025-04-07T06:03:33","slug":"boom-cylinder-for-caterpillar-middle-excavator-e320-320b","status":"publish","type":"product","link":"https:\/\/www.hydraulic-cylinders.net\/lv\/products\/boom-cylinder-for-caterpillar-middle-excavator-e320-320b\/","title":{"rendered":"Str\u0113les cilindrs Caterpillar vid\u0113jam ekskavatoram E320\/320B"},"content":{"rendered":"<h1>Str\u0113les cilindrs Caterpillar vid\u0113jam ekskavatoram E320\/320B<\/h1>\n<h2>Produkta p\u0101rskats<\/h2>\n<p>Caterpillar vid\u0113j\u0101 ekskavatora E320\/320B str\u0113les cilindrs ir b\u016btiska sast\u0101vda\u013ca, kas paredz\u0113ta lieljaudas tehnikai. \u0160is hidrauliskais cilindrs ir \u012bpa\u0161i izstr\u0101d\u0101ts, lai kontrol\u0113tu kausa kust\u012bbu, nodro\u0161inot efekt\u012bvus materi\u0101lu apstr\u0101des uzdevumus. Tam ir iz\u0161\u0137iro\u0161a noz\u012bme ekskavatoru, univers\u0101lo iekr\u0101v\u0113ju un front\u0101lo iekr\u0101v\u0113ju hidrauliskaj\u0101 sist\u0113m\u0101, \u013caujot kausam pacelties, nolaisties un noliekties, kas ir \u013coti svar\u012bgi da\u017e\u0101diem b\u016bvniec\u012bbas un rak\u0161anas projektiem.<\/p>\n<p><img decoding=\"async\" src=\"https:\/\/www.hydraulic-cylinders.net\/wp-content\/uploads\/2025\/04\/songte-company-1.webp\" alt=\"Str\u0113les cilindrs\" \/><\/p>\n<h3>Defin\u012bcija un funkcionalit\u0101te<\/h3>\n<p>Kausa cilindrs ir hidraulisks izpildmeh\u0101nisms, kas atvieglo prec\u012bzu ekskavatora kausa kust\u012bbu. Hidraulisk\u0101 sist\u0113ma izmanto spiediena \u0161\u0137idrumu, lai nodro\u0161in\u0101tu vienm\u0113r\u012bgu un kontrol\u0113tu kust\u012bbu, \u013caujot operatoriem bez piep\u016bles manipul\u0113t ar smag\u0101m krav\u0101m. Str\u0113les cilindra konstrukcija nodro\u0161ina, ka tas var iztur\u0113t augstu spiedienu, vienlaikus saglab\u0101jot iztur\u012bbu, padarot to piem\u0113rotu skarbiem darba apst\u0101k\u013ciem.<\/p>\n<h2>Galven\u0101s iez\u012bmes<\/h2>\n<ul>\n<li><strong>Augsta iztur\u012bba un ilgm\u016b\u017e\u012bba:<\/strong> \u0160ie cilindri, kas parasti ir izgatavoti no augstas stipr\u012bbas t\u0113rauda vai alum\u012bnija, var iztur\u0113t augstu spiedienu un lielas slodzes, nodro\u0161inot ilgm\u016b\u017e\u012bbu pat skarbos apst\u0101k\u013cos.<\/li>\n<li><strong>Efekt\u012bva hidraulisk\u0101 darb\u012bba:<\/strong> Hidraulisk\u0101s e\u013c\u013cas spiediena izmanto\u0161ana nodro\u0161ina vienm\u0113r\u012bgu izvilk\u0161anu un ievilk\u0161anu, nodro\u0161inot \u0101tru rea\u0123\u0113\u0161anu uz vad\u012bbas komand\u0101m un sp\u0113c\u012bgas stum\u0161anas\/vilk\u0161anas sp\u0113jas.<\/li>\n<li><strong>Da\u017e\u0101di veidi:<\/strong> Pieejams vienvirziena darb\u012bbas (darbojas vien\u0101 virzien\u0101) vai divk\u0101r\u0161as darb\u012bbas (darbojas abos virzienos) konfigur\u0101cij\u0101s, lai apmierin\u0101tu da\u017e\u0101das ekspluat\u0101cijas vajadz\u012bbas. Da\u017ei mode\u013ci ir teleskopiski, kas \u013cauj sasniegt liel\u0101ku sniedzam\u012bbu, nepalielinot \u0101r\u0113jos izm\u0113rus.<\/li>\n<li><strong>Apkopei draudz\u012bgs dizains:<\/strong> Izstr\u0101d\u0101ts ar \u0113rtu pieejam\u012bbu apkopei, nodro\u0161inot maz\u0101ku d\u012bkst\u0101vi un efekt\u012bv\u0101ku remontu.<\/li>\n<li><strong>Korozijas iztur\u012bba:<\/strong> Balonus bie\u017ei apstr\u0101d\u0101, lai tie b\u016btu iztur\u012bgi pret koroziju, pagarinot to kalpo\u0161anas laiku un saglab\u0101jot veiktsp\u0113ju sare\u017e\u0123\u012btos apst\u0101k\u013cos.<\/li>\n<\/ul>\n<p>M\u0113s ra\u017eojam \u0161os cilindrus, nodro\u0161inot perfektu aizvietot\u0101ju da\u017e\u0101diem hidrauliskiem pielietojumiem.<\/p>\n<p><img decoding=\"async\" src=\"https:\/\/www.hydraulic-cylinders.net\/wp-content\/uploads\/2025\/04\/songte-cylinder-head-with-all-kinds-excavator-models.webp\" alt=\"Cilindri ekskavatoriem\" \/><\/p>\n<h2>Str\u0113les cilindra pielietojumi<\/h2>\n<h3>Celtniec\u012bbas apr\u012bkojums<\/h3>\n<p>Ekskavatoros atrodamie str\u0113les cilindri ir svar\u012bgi rak\u0161anai, iekrau\u0161anai un augsnes vai gru\u017eu p\u0101rvieto\u0161anai. Ekskavatoros-iekr\u0101v\u0113jos tie pal\u012bdz gan rak\u0161an\u0101, gan cel\u0161an\u0101. To efektivit\u0101te \u0161aj\u0101s ma\u0161\u012bn\u0101s nodro\u0161ina, ka projekti tiek pabeigti efekt\u012bvi un dro\u0161i.<\/p>\n<h3>Lauksaimniec\u012bbas tehnika<\/h3>\n<p>Front\u0101lo iekr\u0101v\u0113ju gad\u012bjum\u0101 \u0161ie cilindri ir atbild\u012bgi par augsnes, siena un citu materi\u0101lu sav\u0101k\u0161anu, cel\u0161anu un transport\u0113\u0161anu. To konstrukcija nodro\u0161ina stabilu veiktsp\u0113ju lauksaimniec\u012bbas uzdevumu laik\u0101, padarot tos neaizst\u0101jamus lauksaimniekiem un lauksaimniec\u012bbas darbuz\u0146\u0113m\u0113jiem.<\/p>\n<h3>Ekskavatora veiktsp\u0113ja<\/h3>\n<p>Ekskavatoros kausa cilindrs \u013cauj kausam iek\u013c\u016bt zem\u0113 rak\u0161anas laik\u0101. T\u0101 efektivit\u0101te, \u013caujot kausam sasniegt dzi\u013cu augsni, uzlabo ekskavatora kop\u0113jo veiktsp\u0113ju da\u017e\u0101dos rak\u0161anas scen\u0101rijos.<\/p>\n<h3>Iekr\u0101v\u0113ja darb\u012bbas<\/h3>\n<p>Front\u0101lajos iekr\u0101v\u0113jos str\u0113les cilindri pal\u012bdz efekt\u012bvi pacelt un izg\u0101zt kravas. \u0160\u012b sp\u0113ja ir \u013coti svar\u012bga da\u017e\u0101diem uzdevumiem, piem\u0113ram, materi\u0101lu apstr\u0101dei un b\u016bvlaukuma sakop\u0161anai, kur nepiecie\u0161ama \u0101tra un uzticama darb\u012bba.<\/p>\n<h2>Dizaina apsv\u0113rumi un atlases krit\u0113riji<\/h2>\n<h3>Kravnes\u012bba<\/h3>\n<p>Viens no galvenajiem apsv\u0113rumiem str\u0113les cilindra projekt\u0113\u0161an\u0101 ir t\u0101 kravnes\u012bba. Cilindram j\u0101sp\u0113j iztur\u0113t maksim\u0101lo slodzi, kas paredzama ekspluat\u0101cijas laik\u0101, nerisk\u0113jot to saboj\u0101t. Tas ietver hidraulisk\u0101 spiediena apr\u0113\u0137in\u0101\u0161anu un p\u0101rliecin\u0101\u0161anos, ka ra\u017eo\u0161an\u0101 izmantotie materi\u0101li var iztur\u0113t ekspluat\u0101cijas laik\u0101 rad\u012btos sp\u0113kus. Atbilsto\u0161a kravnes\u012bba nodro\u0161ina dro\u0161\u012bbu un ilgm\u016b\u017e\u012bbu, samazinot nomai\u0146u bie\u017eumu.<\/p>\n<h3>Bl\u012bv\u0113juma integrit\u0101te<\/h3>\n<p>Bl\u012bv\u0113jums ir kritiski svar\u012bgs hidraulisko cilindru efekt\u012bvai darb\u012bbai. Augstas kvalit\u0101tes bl\u012bv\u0113jumi nov\u0113r\u0161 hidraulisk\u0101 \u0161\u0137idruma nopl\u016bdi un nodro\u0161ina cilindra nevainojamu darb\u012bbu. Bl\u012bv\u0113\u0161anas materi\u0101lu, piem\u0113ram, poliuret\u0101na vai nitrila gumijas, izv\u0113le ietekm\u0113 cilindra iztur\u012bbu un veiktsp\u0113ju. Labi nosl\u0113gti cilindri uztur spiedienu un efektivit\u0101ti, veicinot kop\u0113jo ma\u0161\u012bnu efektivit\u0101ti.<\/p>\n<h3>Iztur\u012bba un ilgm\u016b\u017e\u012bba<\/h3>\n<p>Iztur\u012bba ir \u0101rk\u0101rt\u012bgi svar\u012bga hidraulisko cilindru konstrukcij\u0101. T\u0101di faktori k\u0101 materi\u0101lu izv\u0113le, virsmas apstr\u0101de un aizsargp\u0101rkl\u0101jumi b\u016btiski ietekm\u0113 cilindra kalpo\u0161anas laika pagarin\u0101\u0161anu. Iztur\u012bga konstrukcija samazina nepiecie\u0161am\u012bbu p\u0113c bie\u017eas nomai\u0146as un remonta, galu gal\u0101 ietaupot operatoru izmaksas un laiku.<\/p>\n<h3>Dro\u0161\u012bbas funkcijas<\/h3>\n<p>Dro\u0161\u012bba ir kritiski svar\u012bgs apsv\u0113rums, projekt\u0113jot hidrauliskos cilindrus. T\u0101das funkcijas k\u0101 spiediena samazin\u0101\u0161anas v\u0101rsti un dro\u0161\u012bbas sl\u0113dzenes nodro\u0161ina cilindra darb\u012bbu dro\u0161\u0101s robe\u017e\u0101s. \u0160o dro\u0161\u012bbas pas\u0101kumu ievie\u0161ana aizsarg\u0101 gan operatorus, gan ma\u0161\u012bnas, nov\u0113r\u0161ot negad\u012bjumus un iek\u0101rtu boj\u0101jumus darb\u012bbas laik\u0101.<\/p>\n<h3>Apkopes vienk\u0101r\u0161\u012bba<\/h3>\n<p>Ir svar\u012bgi projekt\u0113t str\u0113les cilindru t\u0101, lai to b\u016btu viegli apkopt. Nodro\u0161inot, ka komponentiem var viegli piek\u013c\u016bt p\u0101rbaudei un apkopei, tiek samazin\u0101ts d\u012bkst\u0101ves laiks un pagarin\u0101ts cilindra kalpo\u0161anas laiks. Regul\u0101ras apkopes proced\u016bras, kas izkl\u0101st\u012btas lietot\u0101ja rokasgr\u0101mat\u0101s, veicina cilindra ilgm\u016b\u017e\u012bbu un uzticam\u012bbu.<\/p>\n<p><img decoding=\"async\" src=\"https:\/\/www.hydraulic-cylinders.net\/wp-content\/uploads\/2025\/04\/songte-oil-pipes-and-spare-parts.webp\" alt=\"Hidraulisk\u0101s da\u013cas\" \/><\/p>\n<h2>Bl\u012bv\u0113\u0161ana un e\u013c\u013co\u0161ana<\/h2>\n<p>Pareiza hidraulisko cilindru bl\u012bv\u0113\u0161ana un e\u013c\u013co\u0161ana ir \u013coti svar\u012bga to darb\u012bbai. Lai nodro\u0161in\u0101tu optim\u0101lu darb\u012bbu, tiek izmantoti da\u017e\u0101di bl\u012bv\u0113jumi, piem\u0113ram, virzu\u013ca bl\u012bvsl\u0113gi \u200b\u200bun stie\u0146a bl\u012bvsl\u0113gi. Izmantojot t\u0101dus materi\u0101lus k\u0101 poliuret\u0101ns un nitrilgumija, tiek nodro\u0161in\u0101ta iztur\u012bba pret nodilumu. Cilindra korpuss un v\u012bt\u0146otie gali tiek r\u016bp\u012bgi apstr\u0101d\u0101ti, lai uzlabotu iztur\u012bbu. Regul\u0101ra e\u013c\u013co\u0161ana ar hidraulisko e\u013c\u013cu ir nepiecie\u0161ama, lai samazin\u0101tu berzi un nodro\u0161in\u0101tu vienm\u0113r\u012bgu darb\u012bbu.<\/p>\n<h2>Regul\u0101ra p\u0101rbaude un profilaktisk\u0101 apkope<\/h2>\n<ul>\n<li><strong>Regul\u0101ras p\u0101rbaudes:<\/strong> Regul\u0101ras hidraulisko cilindru p\u0101rbaudes pal\u012bdz laikus atkl\u0101t nodilumu un iesp\u0113jam\u0101s nopl\u016bdes. \u0160\u012b proakt\u012bv\u0101 pieeja samazina piln\u012bgas atteices risku.<\/li>\n<li><strong>Piem\u0113rota e\u013c\u013co\u0161ana:<\/strong> Nodro\u0161inot, ka cilindri ir pien\u0101c\u012bgi iee\u013c\u013coti, tiek nov\u0113rsts p\u0101rm\u0113r\u012bgs nodilums. Ir svar\u012bgi regul\u0101ri p\u0101rbaud\u012bt e\u013c\u013cas l\u012bmeni un savlaic\u012bgi to uzpild\u012bt.<\/li>\n<li><strong>Bl\u012bv\u0113juma nomai\u0146a:<\/strong> Regul\u0101ra bl\u012bv\u0113jumu st\u0101vok\u013ca p\u0101rbaude un nepiecie\u0161am\u012bbas gad\u012bjum\u0101 to nomai\u0146a nov\u0113r\u0161 \u0161\u0137idruma nopl\u016bdes un uztur cilindra efektivit\u0101ti.<\/li>\n<\/ul>\n<h2>Uzst\u0101d\u012b\u0161anas vadl\u012bnijas<\/h2>\n<p>Pareiza hidraulisko cilindru uzst\u0101d\u012b\u0161ana ir \u013coti svar\u012bga to funkcionalit\u0101tei. P\u0101rliecinieties, vai cilindrs ir pareizi izl\u012bdzin\u0101ts, lai nov\u0113rstu p\u0101rm\u0113r\u012bgu slodzi. Izmantojiet piem\u0113rotus mont\u0101\u017eas kron\u0161teinus, lai stingri nostiprin\u0101tu cilindru. Lai nodro\u0161in\u0101tu optim\u0101lu veiktsp\u0113ju, iev\u0113rojiet ra\u017eot\u0101ja specifik\u0101cijas attiec\u012bb\u0101 uz griezes momenta iestat\u012bjumiem un izl\u012bdzin\u0101\u0161anu. P\u0113c uzst\u0101d\u012b\u0161anas ir svar\u012bgi p\u0101rbaud\u012bt sist\u0113mu, lai p\u0101rliecin\u0101tos, ka t\u0101 darbojas pareizi un efekt\u012bvi.<\/p>\n<h2>Bie\u017ei sastopamie apkopes uzdevumi<\/h2>\n<ul>\n<li><strong>Regul\u0101ras p\u0101rbaudes:<\/strong> Regul\u0101ras p\u0101rbaudes pal\u012bdz identific\u0113t iesp\u0113jam\u0101s probl\u0113mas, pirms t\u0101s saasin\u0101s.<\/li>\n<li><strong>Pareiza e\u013c\u013co\u0161ana:<\/strong> Regul\u0101ri iee\u013c\u013cojiet cilindru, lai tas darbotos nevainojami.<\/li>\n<li><strong>Bl\u012bv\u0113juma nomai\u0146a:<\/strong> Uzraugiet bl\u012bv\u0113jumu nodilumu un nomainiet tos p\u0113c nepiecie\u0161am\u012bbas, lai uztur\u0113tu veiktsp\u0113ju.<\/li>\n<\/ul>\n<p>Katrs apkopes uzdevums ir kritiski svar\u012bgs, lai nodro\u0161in\u0101tu str\u0113les cilindra ilgm\u016b\u017e\u012bbu un efektivit\u0101ti. Pareiza izl\u012bdzin\u0101\u0161ana uzst\u0101d\u012b\u0161anas laik\u0101 ir galvenais, lai nov\u0113rstu priek\u0161laic\u012bgu nodilumu. Atbilsto\u0161u mont\u0101\u017eas kron\u0161teinu izmanto\u0161ana nodro\u0161ina stabilit\u0101ti, savuk\u0101rt regul\u0101ras p\u0101rbaudes un savlaic\u012bgi veikti remonti var iev\u0113rojami pagarin\u0101t apr\u012bkojuma kalpo\u0161anas laiku.<\/p>\n<p><img decoding=\"async\" src=\"https:\/\/www.hydraulic-cylinders.net\/wp-content\/uploads\/2025\/04\/songte-chushion-collar.webp\" alt=\"Spilvenu apkakle\" \/><\/p>\n<h2>Dro\u0161\u012bbas apsv\u0113rumi un vides faktori<\/h2>\n<p>Dro\u0161\u012bbas pas\u0101kumi ir \u0101rk\u0101rt\u012bgi svar\u012bgi, str\u0101d\u0101jot ar hidrauliskajiem cilindriem. Pareiza apm\u0101c\u012bba un izpratne par iek\u0101rtu darb\u012bbu var nov\u0113rst negad\u012bjumus. Turkl\u0101t, lai samazin\u0101tu ietekmi uz vidi, j\u0101\u0146em v\u0113r\u0101 vides apsv\u0113rumi, piem\u0113ram, hidraulisk\u0101 \u0161\u0137idruma utiliz\u0101cija un iesp\u0113jam\u0101s nopl\u016bdes.<\/p>\n<h2>K\u013c\u016bmju diagnostika un bie\u017e\u0101k sastopam\u0101s probl\u0113mas<\/h2>\n<ul>\n<li><strong>Nopl\u016bde:<\/strong> Hidraulisk\u0101 \u0161\u0137idruma nopl\u016bdes var liecin\u0101t par bl\u012bv\u0113juma atteici vai cilindra boj\u0101jumu. Regul\u0101ras p\u0101rbaudes var pal\u012bdz\u0113t \u0161\u012bs probl\u0113mas atkl\u0101t agr\u012bn\u0101 stadij\u0101.<\/li>\n<li><strong>Spiediena zudums:<\/strong> Hidraulisk\u0101 spiediena kritums var liecin\u0101t par nopl\u016bdi vai aizsprostojumu sist\u0113m\u0101. C\u0113lo\u0146a diagnostika ir kritiski svar\u012bga optim\u0101lai darb\u012bbai.<\/li>\n<li><strong>Neparastas ska\u0146as:<\/strong> Ja cilindrs darbojas ar neparast\u0101m ska\u0146\u0101m, tas var liecin\u0101t par iek\u0161\u0113jiem boj\u0101jumiem vai nepietiekamu e\u013c\u013co\u0161anu.<\/li>\n<\/ul>\n<p>Lai efekt\u012bvi nov\u0113rstu probl\u0113mas, regul\u0101ras apkopes p\u0101rbaudes var pal\u012bdz\u0113t t\u0101s laikus identific\u0113t. Ja probl\u0113ma tiek konstat\u0113ta, konsult\u0113\u0161an\u0101s ar pieredz\u0113ju\u0161iem tehni\u0137iem var sniegt risin\u0101jumus un nov\u0113rst turpm\u0101kas komplik\u0101cijas.<\/p>\n<p><img decoding=\"async\" src=\"https:\/\/www.hydraulic-cylinders.net\/wp-content\/uploads\/2025\/04\/songte-bushings-with-all-kinds-of-excavator-models.webp\" alt=\"Ekskavatoru bukses\" \/><\/p>\n<h2>Uz\u0146\u0113muma ievads<\/h2>\n<p>M\u0113s esam rezerves hidraulisko cilindru ra\u017eot\u0101js un viens no vado\u0161ajiem ra\u017eot\u0101jiem un vairumtirdzniec\u012bbas izplat\u012bt\u0101jiem gan viet\u0113j\u0101, gan starptautiskaj\u0101 tirg\u016b. M\u016bsu ap\u0146em\u0161anos sasniegt izcil\u012bbu nodro\u0161ina izsmalcin\u0101ta ra\u017eo\u0161anas vad\u012bbas strat\u0113\u0123ija, kas nodro\u0161ina augstas kvalit\u0101tes produktus, izmantojot progres\u012bvus ra\u017eo\u0161anas procesus. M\u016bsu kvalific\u0113tais darbasp\u0113ks, modern\u0101kais digit\u0101lais apr\u012bkojums un profesion\u0101l\u0101s test\u0113\u0161anas sist\u0113mas nep\u0101rtraukti uzlabo m\u016bsu ra\u017eo\u0161anas iesp\u0113jas, apmierinot da\u017e\u0101das klientu vajadz\u012bbas ar efektivit\u0101ti, precizit\u0101ti un kvalit\u0101ti.<\/p>\n<p><img decoding=\"async\" src=\"https:\/\/www.hydraulic-cylinders.net\/wp-content\/uploads\/2025\/04\/songte-company-4.webp\" alt=\"Uz\u0146\u0113muma p\u0101rskats\" \/><br \/>\n<img decoding=\"async\" src=\"https:\/\/www.hydraulic-cylinders.net\/wp-content\/uploads\/2025\/04\/songte-company-3.webp\" alt=\"Uz\u0146\u0113muma telpas\" \/><\/p>\n<p>M\u0113s pied\u0101v\u0101jam specializ\u0113tus pakalpojumus, starptautiskus sertifik\u0101tus un pla\u0161u p\u0113cp\u0101rdo\u0161anas atbalstu, nodro\u0161inot, ka m\u016bsu klienti sa\u0146em vislab\u0101kos risin\u0101jumus, kas piel\u0101goti vi\u0146u vajadz\u012bb\u0101m.<\/p>\n<p>Autors: lil<\/p>","protected":false},"excerpt":{"rendered":"<p>Boom Cylinder For Caterpillar Middle Excavator E320\/320B Product Overview The Boom Cylinder for Caterpillar Middle Excavator E320\/320B is an essential component designed for heavy-duty machinery. This hydraulic cylinder is specifically engineered to control the movement of the bucket, enabling efficient material handling tasks. It plays a critical role in the hydraulic system of excavators, backhoes, [&hellip;]<\/p>","protected":false},"featured_media":17871,"comment_status":"open","ping_status":"closed","template":"","meta":{"_et_pb_use_builder":"","_et_pb_old_content":"","_et_gb_content_width":""},"product_brand":[],"product_cat":[1546],"product_tag":[1547,1496],"class_list":{"0":"post-18944","1":"product","2":"type-product","3":"status-publish","4":"has-post-thumbnail","6":"product_cat-boom-cylinders","7":"product_tag-boom-cylinders","8":"product_tag-hydraulic-cylinders","10":"first","11":"instock","12":"shipping-taxable","13":"product-type-simple"},"amp_enabled":true,"_links":{"self":[{"href":"https:\/\/www.hydraulic-cylinders.net\/lv\/wp-json\/wp\/v2\/product\/18944","targetHints":{"allow":["GET"]}}],"collection":[{"href":"https:\/\/www.hydraulic-cylinders.net\/lv\/wp-json\/wp\/v2\/product"}],"about":[{"href":"https:\/\/www.hydraulic-cylinders.net\/lv\/wp-json\/wp\/v2\/types\/product"}],"replies":[{"embeddable":true,"href":"https:\/\/www.hydraulic-cylinders.net\/lv\/wp-json\/wp\/v2\/comments?post=18944"}],"wp:featuredmedia":[{"embeddable":true,"href":"https:\/\/www.hydraulic-cylinders.net\/lv\/wp-json\/wp\/v2\/media\/17871"}],"wp:attachment":[{"href":"https:\/\/www.hydraulic-cylinders.net\/lv\/wp-json\/wp\/v2\/media?parent=18944"}],"wp:term":[{"taxonomy":"product_brand","embeddable":true,"href":"https:\/\/www.hydraulic-cylinders.net\/lv\/wp-json\/wp\/v2\/product_brand?post=18944"},{"taxonomy":"product_cat","embeddable":true,"href":"https:\/\/www.hydraulic-cylinders.net\/lv\/wp-json\/wp\/v2\/product_cat?post=18944"},{"taxonomy":"product_tag","embeddable":true,"href":"https:\/\/www.hydraulic-cylinders.net\/lv\/wp-json\/wp\/v2\/product_tag?post=18944"}],"curies":[{"name":"wp","href":"https:\/\/api.w.org\/{rel}","templated":true}]}}