{"id":18946,"date":"2025-04-07T06:03:36","date_gmt":"2025-04-07T06:03:36","guid":{"rendered":"https:\/\/www.hydraulic-cylinders.net\/product\/boom-cylinder-for-caterpillar-middle-excavator-e320dlrr\/"},"modified":"2025-04-07T06:03:38","modified_gmt":"2025-04-07T06:03:38","slug":"boom-cylinder-for-caterpillar-middle-excavator-e320dlrr","status":"publish","type":"product","link":"https:\/\/www.hydraulic-cylinders.net\/lv\/products\/boom-cylinder-for-caterpillar-middle-excavator-e320dlrr\/","title":{"rendered":"Str\u0113les cilindrs Caterpillar vid\u0113jam ekskavatoram E320DLRR"},"content":{"rendered":"<h1>Str\u0113les cilindrs Caterpillar vid\u0113jam ekskavatoram E320DLRR<\/h1>\n<h2>Str\u0113les cilindra p\u0101rskats<\/h2>\n<p>Str\u0113les cilindrs ir b\u016btiska smago ma\u0161\u012bnu hidraulisko sist\u0113mu sast\u0101vda\u013ca, kas \u012bpa\u0161i paredz\u0113ta ekskavatora kausu kust\u012bbas vad\u012bbai. \u0160\u0101da veida hidrauliskais cilindrs atvieglo kausa pacel\u0161anu, nolai\u0161anu un noliek\u0161anu, padarot to par b\u016btisku materi\u0101lu apstr\u0101des uzdevumiem b\u016bvniec\u012bb\u0101 un cit\u0101s nozar\u0113s.<\/p>\n<p>B\u016bt\u012bb\u0101 str\u0113les cilindrs ir hidrauliskais cilindrs, kas nodro\u0161ina prec\u012bzu vad\u012bbu un jaudu t\u0101du ma\u0161\u012bnu k\u0101 ekskavatoru, univers\u0101lo iekr\u0101v\u0113ju un front\u0101lo iekr\u0101v\u0113ju kausam. \u0160o cilindru vienm\u0113r\u012bg\u0101 darb\u012bba nodro\u0161ina efekt\u012bvu rak\u0161anu, iekrau\u0161anu un materi\u0101lu transport\u0113\u0161anu, uzlabojot produktivit\u0101ti darba viet\u0101s.<\/p>\n<p><img decoding=\"async\" src=\"https:\/\/www.hydraulic-cylinders.net\/wp-content\/uploads\/2025\/04\/songte-company-1.webp\" alt=\"Hidrauliskais cilindrs\" \/><\/p>\n<h2>Str\u0113les cilindra \u012bpa\u0161\u012bbas<\/h2>\n<ul>\n<li><strong>Augsta iztur\u012bba un ilgm\u016b\u017e\u012bba:<\/strong> \u0160ie cilindri ir izgatavoti no augstas stipr\u012bbas t\u0113rauda vai alum\u012bnija, un tie var iztur\u0113t augstu spiedienu un lielas slodzes, padarot tos piem\u0113rotus skarbajiem darba apst\u0101k\u013ciem.<\/li>\n<li><strong>Efekt\u012bva hidraulisk\u0101 darb\u012bba:<\/strong> Izmantojot hidraulisk\u0101s e\u013c\u013cas spiedienu vienm\u0113r\u012bgai izvilk\u0161anai un ievilk\u0161anai, \u0161ie cilindri nodro\u0161ina \u0101tru rea\u0123\u0113\u0161anu uz vad\u012bbas komand\u0101m, radot jaud\u012bgus stum\u0161anas un vilk\u0161anas sp\u0113kus, kas ir ide\u0101li piem\u0113roti smagu materi\u0101lu apstr\u0101dei.<\/li>\n<li><strong>Da\u017e\u0101di veidi:<\/strong> \u0160ie cilindri, kas pieejami vienvirziena (darbojas vien\u0101 virzien\u0101) vai divk\u0101r\u0161as darb\u012bbas (darbojas abos virzienos) konstrukcij\u0101s, var apmierin\u0101t da\u017e\u0101das ekspluat\u0101cijas pras\u012bbas. Da\u017eiem mode\u013ciem ir teleskopiska konstrukcija, kas \u013cauj pan\u0101kt liel\u0101ku pagarin\u0101jumu, nepalielinot \u0101r\u0113jos izm\u0113rus, kas ir ide\u0101li piem\u0113rots lietojumiem ar ierobe\u017eotu vietu.<\/li>\n<li><strong>Piel\u0101go\u0161anas iesp\u0113jas:<\/strong> M\u016bsu produkti var lieliski aizst\u0101t virkni hidraulisko cilindru, piel\u0101gojoties konkr\u0113t\u0101m projektu vajadz\u012bb\u0101m un veiktsp\u0113jas pras\u012bb\u0101m.<\/li>\n<\/ul>\n<p><img decoding=\"async\" src=\"https:\/\/www.hydraulic-cylinders.net\/wp-content\/uploads\/2025\/04\/songte-cylinder-head-with-all-kinds-excavator-models.webp\" alt=\"Ekskavatoru mode\u013ci\" \/><\/p>\n<h2>Str\u0113les cilindra pielietojumi<\/h2>\n<h3>Celtniec\u012bbas apr\u012bkojums<\/h3>\n<p>Ekskavatoros str\u0113les cilindri ir vit\u0101li svar\u012bgi augsnes vai gru\u017eu rak\u0161anai, iekrau\u0161anai un p\u0101rvieto\u0161anai. Tie \u013cauj kausam iek\u013c\u016bt zem\u0113, padarot rak\u0161anas darbus efekt\u012bvus. Turkl\u0101t ekskavatoros-iekr\u0101v\u0113jos \u0161ie cilindri pal\u012bdz ne tikai rak\u0161an\u0101, bet ar\u012b cel\u0161an\u0101, demonstr\u0113jot to daudzpus\u012bbu da\u017e\u0101du veidu ma\u0161\u012bn\u0101s.<\/p>\n<h3>Lauksaimniec\u012bbas tehnika<\/h3>\n<p>Front\u0101lajos iekr\u0101v\u0113jos str\u0113les cilindri tiek izmantoti augsnes, siena un citu materi\u0101lu sav\u0101k\u0161anai, pacel\u0161anai un transport\u0113\u0161anai. To iztur\u012bg\u0101 konstrukcija \u013cauj lauksaimniekiem viegli tikt gal\u0101 ar smag\u0101m krav\u0101m, uzlabojot produktivit\u0101ti da\u017e\u0101du lauksaimniec\u012bbas darbu laik\u0101.<\/p>\n<h3>Ekskavatori<\/h3>\n<p>Kausa cilindrs \u013cauj ekskavatoriem veikt efekt\u012bvas rak\u0161anas darb\u012bbas, \u013caujot kausam bez piep\u016bles iek\u013c\u016bt augsn\u0113. \u0160\u012b funkcija ir \u013coti svar\u012bga b\u016bvniec\u012bbas un zemes p\u0101rvieto\u0161anas darbos, veicinot \u0101tr\u0101ku darbu pabeig\u0161anas laiku liela m\u0113roga projektos.<\/p>\n<h3>Iekr\u0101v\u0113ji<\/h3>\n<p>Front\u0101lajos iekr\u0101v\u0113jos str\u0113les cilindriem ir b\u016btiska loma materi\u0101lu efekt\u012bv\u0101 cel\u0161an\u0101 un izg\u0101\u0161an\u0101. To darb\u012bba nodro\u0161ina, ka smagas kravas var viegli apstr\u0101d\u0101t, samazinot iekrau\u0161anas uzdevumu veik\u0161anai nepiecie\u0161amo laiku un p\u016bles.<\/p>\n<h2>Dizaina apsv\u0113rumi un atlases krit\u0113riji<\/h2>\n<h3>Kravnes\u012bba<\/h3>\n<p>Izv\u0113loties str\u0113les cilindru, kravnes\u012bba ir \u0101rk\u0101rt\u012bgi svar\u012bgs apsv\u0113rums. Cilindram j\u0101sp\u0113j iztur\u0113t kausa un materi\u0101lu, ar kuriem tas tiks p\u0101rvietots, maksim\u0101lo svaru. In\u017eenieriem j\u0101apr\u0113\u0137ina sp\u0113ki, kas nepiecie\u0161ami da\u017e\u0101d\u0101s darb\u012bb\u0101s, lai nodro\u0161in\u0101tu, ka izv\u0113l\u0113tais cilindrs var iztur\u0113t slodzes bez boj\u0101jumiem.<\/p>\n<h3>Bl\u012bv\u0113\u0161anas meh\u0101nismi<\/h3>\n<p>Efekt\u012bvs bl\u012bv\u0113jums ir b\u016btisks hidrauliskajiem cilindriem, lai nov\u0113rstu \u0161\u0137idruma nopl\u016bdes un uztur\u0113tu spiedienu. Bl\u012bv\u0113jumu, piem\u0113ram, virzu\u013ca bl\u012bv\u0113jumu un stie\u0146a bl\u012bv\u0113jumu, izv\u0113lei j\u0101\u0146em v\u0113r\u0101 t\u0101di faktori k\u0101 darba temperat\u016bra, spiediens un \u0161\u0137idruma sader\u012bba. Pareizs bl\u012bv\u0113jums uzlabo cilindra veiktsp\u0113ju un ilgm\u016b\u017e\u012bbu.<\/p>\n<h3>Iztur\u012bba un apkope<\/h3>\n<p>Hidrauliskajiem cilindriem, kas pak\u013cauti skarbai videi, iztur\u012bba ir \u013coti svar\u012bga. Materi\u0101liem j\u0101b\u016bt iztur\u012bgiem pret nodilumu un koroziju. Regul\u0101ra apkope, piem\u0113ram, p\u0101rbaudes un e\u013c\u013co\u0161ana, ir \u013coti svar\u012bga, lai nodro\u0161in\u0101tu cilindra optim\u0101lu st\u0101vokli un uzticamu darb\u012bbu laika gait\u0101.<\/p>\n<h3>Dro\u0161\u012bbas funkcijas<\/h3>\n<p>Dro\u0161\u012bbas apsv\u0113rumi ietver dro\u0161\u012bbas ier\u012b\u010du un spiediena samazin\u0101\u0161anas v\u0101rstu iek\u013cau\u0161anu, lai pasarg\u0101tu no p\u0101rslodzes. Ra\u017eot\u0101jiem ir j\u0101projekt\u0113 baloni ar re\u017e\u012bmiem p\u0113k\u0161\u0146u boj\u0101jumu gad\u012bjum\u0101, lai nov\u0113rstu negad\u012bjumus darb\u012bbas laik\u0101, nodro\u0161inot gan operatoru, gan iek\u0101rtu dro\u0161\u012bbu.<\/p>\n<p><img decoding=\"async\" src=\"https:\/\/www.hydraulic-cylinders.net\/wp-content\/uploads\/2025\/04\/songte-oil-pipes-and-spare-parts.webp\" alt=\"E\u013c\u013cas caurules un rezerves da\u013cas\" \/><\/p>\n<h2>Bl\u012bv\u0113\u0161ana un e\u013c\u013co\u0161ana<\/h2>\n<p>Pareiza bl\u012bv\u0113\u0161ana un e\u013c\u013co\u0161ana ir kritiski svar\u012bga hidraulisko cilindru darb\u012bbai. Da\u017e\u0101di bl\u012bv\u0113jumi, piem\u0113ram, virzu\u013ca un stie\u0146a bl\u012bv\u0113jumi, parasti tiek izgatavoti no nodilumiztur\u012bgiem materi\u0101liem, piem\u0113ram, poliuret\u0101na un nitrila gumijas, nodro\u0161inot ilgm\u016b\u017e\u012bbu un uzticam\u012bbu. Cilindra korpusa un v\u012bt\u0146oto galu virsmas tiek prec\u012bzi apstr\u0101d\u0101tas, lai uzlabotu nodilumiztur\u012bbu. Regul\u0101ra e\u013c\u013co\u0161ana ar hidraulisko e\u013c\u013cu ir nepiecie\u0161ama, lai sist\u0113ma darbotos nevainojami un nov\u0113rstu nodilumu.<\/p>\n<h2>Regul\u0101ras p\u0101rbaudes un profilaktisk\u0101 apkope<\/h2>\n<ul>\n<li><strong>Regul\u0101ras p\u0101rbaudes:<\/strong> Regul\u0101ras nopl\u016b\u017eu, nodiluma un boj\u0101jumu p\u0101rbaudes pal\u012bdz identific\u0113t potenci\u0101l\u0101s probl\u0113mas, pirms t\u0101s saasin\u0101s, nodro\u0161inot cilindra efekt\u012bvu darb\u012bbu.<\/li>\n<li><strong>E\u013c\u013co\u0161anas apkope:<\/strong> Ir svar\u012bgi nodro\u0161in\u0101t atbilsto\u0161u e\u013c\u013co\u0161anu; operatoriem j\u0101iev\u0113ro ra\u017eot\u0101ja vadl\u012bnijas par e\u013c\u013cas veidiem un interv\u0101liem, lai uztur\u0113tu optim\u0101lu veiktsp\u0113ju.<\/li>\n<li><strong>Bl\u012bv\u0113juma nomai\u0146a:<\/strong> Bl\u012bves j\u0101p\u0101rbauda un j\u0101nomaina p\u0113c nepiecie\u0161am\u012bbas, lai nov\u0113rstu hidraulisk\u0101 \u0161\u0137idruma nopl\u016bdi, saglab\u0101jot sist\u0113mas integrit\u0101ti un veiktsp\u0113ju.<\/li>\n<\/ul>\n<h2>Uzst\u0101d\u012b\u0161anas vadl\u012bnijas<\/h2>\n<p>Pareiza uzst\u0101d\u012b\u0161ana ir \u013coti svar\u012bga str\u0113les cilindra efekt\u012bvai darb\u012bbai. Vispirms p\u0101rliecinieties, vai mont\u0101\u017eas virsmas ir t\u012bras un bez gru\u017eiem. Prec\u012bzi izl\u012bdziniet cilindru ar mont\u0101\u017eas punktiem, lai izvair\u012btos no nepareizas izl\u012bdzin\u0101\u0161anas probl\u0113m\u0101m, kas var izrais\u012bt priek\u0161laic\u012bgu nodilumu. Ieteicams izmantot atbilsto\u0161us mont\u0101\u017eas kron\u0161teinus, lai stingri nostiprin\u0101tu cilindru. Iev\u0113rojiet ra\u017eot\u0101ja uzst\u0101d\u012b\u0161anas vadl\u012bnijas un griezes momenta specifik\u0101cijas, lai p\u0101rliecin\u0101tos, ka visi savienojumi ir dro\u0161i piestiprin\u0101ti. P\u0113c uzst\u0101d\u012b\u0161anas veiciet r\u016bp\u012bgu p\u0101rbaudi, lai p\u0101rliecin\u0101tos, ka visas sast\u0101vda\u013cas darbojas, k\u0101 paredz\u0113ts, un uzs\u0101ciet testa braucienu, lai apstiprin\u0101tu darb\u012bbas integrit\u0101ti.<\/p>\n<h2>Bie\u017ei sastopamie apkopes uzdevumi<\/h2>\n<ul>\n<li><strong>Regul\u0101ras p\u0101rbaudes:<\/strong> Regul\u0101ri veiciet nodiluma p\u0101rbaudes, lai nodro\u0161in\u0101tu dro\u0161\u012bbu un funkcionalit\u0101ti.<\/li>\n<li><strong>Pareiza e\u013c\u013co\u0161ana:<\/strong> P\u0101rliecinieties, ka hidraulisk\u0101 e\u013c\u013ca tiek papildin\u0101ta p\u0113c nepiecie\u0161am\u012bbas, izmantojot pareizo ra\u017eot\u0101ja ieteikto e\u013c\u013cas tipu.<\/li>\n<li><strong>Bl\u012bv\u0113juma nomai\u0146a:<\/strong> Uzraugiet bl\u012bv\u0113jumu st\u0101vokli un nomainiet tos, lai nov\u0113rstu nopl\u016bdes un saglab\u0101tu veiktsp\u0113ju.<\/li>\n<\/ul>\n<h2>Dro\u0161\u012bbas apsv\u0113rumi un vides faktori<\/h2>\n<p>Izmantojot hidrauliskos cilindrus, dro\u0161\u012bba ir \u0101rk\u0101rt\u012bgi svar\u012bga. Operatoriem j\u0101b\u016bt apm\u0101c\u012btiem izprast ar hidrauliskaj\u0101m sist\u0113m\u0101m saist\u012btos riskus. Lai nov\u0113rstu negad\u012bjumus, ir svar\u012bgi iev\u0113rot atbilsto\u0161us dro\u0161\u012bbas pas\u0101kumus, piem\u0113ram, aizsargl\u012bdzek\u013cu valk\u0101\u0161anu un ekspluat\u0101cijas protokolu iev\u0113ro\u0161anu. Turkl\u0101t j\u0101iev\u0113ro vides apsv\u0113rumi, piem\u0113ram, pareiza hidraulisko \u0161\u0137idrumu un materi\u0101lu utiliz\u0101cija, aizsarg\u0101jot gan darbasp\u0113ku, gan apk\u0101rt\u0113jo vidi.<\/p>\n<h2>Probl\u0113mu nov\u0113r\u0161ana un bie\u017ei sastopamas probl\u0113mas<\/h2>\n<ul>\n<li><strong>\u0160\u0137idruma nopl\u016bdes:<\/strong> P\u0101rbaudiet bl\u012bves un savienojumus, vai tie nav nodilu\u0161i vai boj\u0101ti. Nolietotas bl\u012bves bie\u017ei rada nopl\u016bdes, kuru d\u0113\u013c t\u0101s ir j\u0101nomaina.<\/li>\n<li><strong>Slikta veiktsp\u0113ja:<\/strong> P\u0101rbaudiet \u0161\u0137idruma l\u012bme\u0146us un kvalit\u0101ti; zems vai pies\u0101r\u0146ota e\u013c\u013ca var trauc\u0113t cilindra darb\u012bbu. Nodro\u0161iniet pareizu hidraulisk\u0101 \u0161\u0137idruma apkopi.<\/li>\n<li><strong>P\u0101rkar\u0161ana:<\/strong> Uzraugiet darba temperat\u016bru; p\u0101rkar\u0161ana var liecin\u0101t par p\u0101rm\u0113r\u012bgu slodzi vai nepietiekamu e\u013c\u013co\u0161anu, kam nepiecie\u0161ama t\u016bl\u012bt\u0113ja uzman\u012bba.<\/li>\n<\/ul>\n<h2>Diagnoze un prevent\u012bvie pas\u0101kumi<\/h2>\n<p>Lai samazin\u0101tu iesp\u0113jam\u0101s probl\u0113mas, ir svar\u012bgi proakt\u012bvi ieviest prevent\u012bvus pas\u0101kumus. Regul\u0101ra pl\u0101nota apkope, tostarp p\u0101rbaudes un e\u013c\u013co\u0161ana, pal\u012bdz\u0113s laikus identific\u0113t probl\u0113mas. Operatoru apm\u0101c\u012bba par darb\u012bbas trauc\u0113jumu simptomu atpaz\u012b\u0161anu var iev\u0113rojami samazin\u0101t d\u012bkst\u0101ves laiku un apkopes izmaksas, nodro\u0161inot efekt\u012bvu hidraulisk\u0101s sist\u0113mas darb\u012bbu.<\/p>\n<p><img decoding=\"async\" src=\"https:\/\/www.hydraulic-cylinders.net\/wp-content\/uploads\/2025\/04\/songte-bushings-with-all-kinds-of-excavator-models.webp\" alt=\"Ekskavatora bukses\" \/><\/p>\n<h2>Uz\u0146\u0113muma ievads<\/h2>\n<p>M\u0113s esam vado\u0161ais rezerves hidraulisko cilindru ra\u017eot\u0101js, kas velt\u012bts pla\u0161a produktu kl\u0101sta nodro\u0161in\u0101\u0161anai. M\u016bsu ap\u0146em\u0161an\u0101s sasniegt izcil\u012bbu ir pozicion\u0113jusi m\u016bs k\u0101 iev\u0113rojamu sp\u0113l\u0113t\u0101ju gan viet\u0113j\u0101, gan starptautiskaj\u0101 tirg\u016b. M\u0113s koncentr\u0113jamies uz augst\u0101ko kvalit\u0101ti un izmantojam progres\u012bvas ra\u017eo\u0161anas vad\u012bbas strat\u0113\u0123ijas. Izmantojot kvalific\u0113tu tehnisko person\u0101lu, augst\u0101k\u0101s klases digit\u0101l\u0101s ra\u017eo\u0161anas iek\u0101rtas un profesion\u0101las test\u0113\u0161anas sist\u0113mas, m\u0113s nep\u0101rtraukti uzlabojam savas ra\u017eo\u0161anas iesp\u0113jas. M\u016bsu uzsvars uz efektivit\u0101ti, precizit\u0101ti un kvalit\u0101ti nodro\u0161ina, ka m\u0113s apmierin\u0101m m\u016bsu klientu da\u017e\u0101d\u0101s vajadz\u012bbas ar izciliem produktiem.<\/p>\n<p>M\u016bsu uz\u0146\u0113mums izce\u013cas ar savu profesionalit\u0101ti, starptautiskajiem sertifik\u0101tiem un piel\u0101gotajiem pakalpojumiem. M\u0113s izmantojam modernu ra\u017eo\u0161anas apr\u012bkojumu un nodro\u0161in\u0101m izcilu p\u0113cp\u0101rdo\u0161anas atbalstu, nodro\u0161inot klientu apmierin\u0101t\u012bbu katr\u0101 posm\u0101.<\/p>\n<p><img decoding=\"async\" src=\"https:\/\/www.hydraulic-cylinders.net\/wp-content\/uploads\/2025\/04\/songte-company-4.webp\" alt=\"Uz\u0146\u0113muma att\u0113ls 1\" \/><br \/>\n<img decoding=\"async\" src=\"https:\/\/www.hydraulic-cylinders.net\/wp-content\/uploads\/2025\/04\/songte-company-3.webp\" alt=\"Uz\u0146\u0113muma att\u0113ls 2\" \/><\/p>\n<p>Autors: lil<\/p>","protected":false},"excerpt":{"rendered":"<p>Boom Cylinder For Caterpillar Middle Excavator E320DLRR Overview of Boom Cylinder The Boom Cylinder is a crucial component in the hydraulic systems of heavy machinery, specifically designed for controlling the movement of excavator buckets. This type of hydraulic cylinder facilitates the lifting, lowering, and tilting of the bucket, making it essential for material handling tasks [&hellip;]<\/p>","protected":false},"featured_media":17873,"comment_status":"open","ping_status":"closed","template":"","meta":{"_et_pb_use_builder":"","_et_pb_old_content":"","_et_gb_content_width":""},"product_brand":[],"product_cat":[1546],"product_tag":[1547,1496],"class_list":{"0":"post-18946","1":"product","2":"type-product","3":"status-publish","4":"has-post-thumbnail","6":"product_cat-boom-cylinders","7":"product_tag-boom-cylinders","8":"product_tag-hydraulic-cylinders","10":"first","11":"instock","12":"shipping-taxable","13":"product-type-simple"},"amp_enabled":true,"_links":{"self":[{"href":"https:\/\/www.hydraulic-cylinders.net\/lv\/wp-json\/wp\/v2\/product\/18946","targetHints":{"allow":["GET"]}}],"collection":[{"href":"https:\/\/www.hydraulic-cylinders.net\/lv\/wp-json\/wp\/v2\/product"}],"about":[{"href":"https:\/\/www.hydraulic-cylinders.net\/lv\/wp-json\/wp\/v2\/types\/product"}],"replies":[{"embeddable":true,"href":"https:\/\/www.hydraulic-cylinders.net\/lv\/wp-json\/wp\/v2\/comments?post=18946"}],"wp:featuredmedia":[{"embeddable":true,"href":"https:\/\/www.hydraulic-cylinders.net\/lv\/wp-json\/wp\/v2\/media\/17873"}],"wp:attachment":[{"href":"https:\/\/www.hydraulic-cylinders.net\/lv\/wp-json\/wp\/v2\/media?parent=18946"}],"wp:term":[{"taxonomy":"product_brand","embeddable":true,"href":"https:\/\/www.hydraulic-cylinders.net\/lv\/wp-json\/wp\/v2\/product_brand?post=18946"},{"taxonomy":"product_cat","embeddable":true,"href":"https:\/\/www.hydraulic-cylinders.net\/lv\/wp-json\/wp\/v2\/product_cat?post=18946"},{"taxonomy":"product_tag","embeddable":true,"href":"https:\/\/www.hydraulic-cylinders.net\/lv\/wp-json\/wp\/v2\/product_tag?post=18946"}],"curies":[{"name":"wp","href":"https:\/\/api.w.org\/{rel}","templated":true}]}}