{"id":18948,"date":"2025-04-07T06:03:42","date_gmt":"2025-04-07T06:03:42","guid":{"rendered":"https:\/\/www.hydraulic-cylinders.net\/product\/boom-cylinder-for-caterpillar-middle-excavator-e240bl\/"},"modified":"2025-04-07T06:03:44","modified_gmt":"2025-04-07T06:03:44","slug":"boom-cylinder-for-caterpillar-middle-excavator-e240bl","status":"publish","type":"product","link":"https:\/\/www.hydraulic-cylinders.net\/lv\/products\/boom-cylinder-for-caterpillar-middle-excavator-e240bl\/","title":{"rendered":"Str\u0113les cilindrs Caterpillar vid\u0113jam ekskavatoram E240BL"},"content":{"rendered":"<h1>Str\u0113les cilindrs Caterpillar vid\u0113jam ekskavatoram E240BL<\/h1>\n<h2>Produkta p\u0101rskats<\/h2>\n<p>Caterpillar vid\u0113j\u0101 ekskavatora E240BL str\u0113les cilindrs ir b\u016btiska hidraulisko sist\u0113mu sast\u0101vda\u013ca, ko izmanto ekskavatora str\u0113les kust\u012bbas kontrolei. \u0160is hidrauliskais cilindrs \u013cauj prec\u012bzi pacelt, nolaist un noliekt str\u0113li, atvieglojot da\u017e\u0101dus materi\u0101lu apstr\u0101des uzdevumus. K\u0101 specializ\u0113ts hidrauliskais cilindrs tas ir izstr\u0101d\u0101ts, lai iztur\u0113tu smago ma\u0161\u012bnu stingr\u0101s pras\u012bbas un nodro\u0161in\u0101tu optim\u0101lu veiktsp\u0113ju b\u016bvniec\u012bbas un rak\u0161anas projektos.<\/p>\n<p><img decoding=\"async\" src=\"https:\/\/www.hydraulic-cylinders.net\/wp-content\/uploads\/2025\/04\/songte-company-1.webp\" alt=\"Hidrauliskais cilindrs\"><\/p>\n<h3>Defin\u012bcija un funkcionalit\u0101te<\/h3>\n<p>Kausa cilindri, piem\u0113ram, Caterpillar E240BL str\u0113les cilindrs, ir neat\u0146emama smago ma\u0161\u012bnu, piem\u0113ram, ekskavatoru, univers\u0101lo iekr\u0101v\u0113ju un front\u0101lo iekr\u0101v\u0113ju, darb\u012bba. \u0160ie hidrauliskie cilindri \u013cauj kausam veikt b\u016btiskas funkcijas, tostarp pacel\u0161anu, nolai\u0161anu un noliek\u0161anu, kas ir vit\u0101li svar\u012bgi t\u0101diem uzdevumiem k\u0101 rak\u0161ana un materi\u0101lu transport\u0113\u0161ana. \u0160o cilindru konstrukcija nodro\u0161ina vienm\u0113r\u012bgu darb\u012bbu, \u013caujot lab\u0101k kontrol\u0113t ma\u0161\u012bnas kust\u012bbas un uzlabojot produktivit\u0101ti darba viet\u0101s. Hidraulisk\u0101s sist\u0113mas izmanto hidraulisk\u0101s e\u013c\u013cas spiedienu, lai rad\u012btu sp\u0113ku, padarot \u0161os cilindrus par b\u016btiskiem efekt\u012bvai un lietder\u012bgai darb\u012bbai da\u017e\u0101dos pielietojumos.<\/p>\n<h2>Galven\u0101s iez\u012bmes<\/h2>\n<ul>\n<li><strong>Augsta iztur\u012bba un ilgm\u016b\u017e\u012bba:<\/strong> \u0160ie cilindri, kas izgatavoti no augstas stipr\u012bbas t\u0113rauda vai alum\u012bnija, var iztur\u0113t augstu spiedienu un lielas slodzes, padarot tos piem\u0113rotus skarbiem darba apst\u0101k\u013ciem.<\/li>\n<li><strong>Efekt\u012bva hidraulisk\u0101 darb\u012bba:<\/strong> Izmantojot hidraulisk\u0101s e\u013c\u013cas spiedienu, cilindrs nodro\u0161ina vienm\u0113r\u012bgu izvirz\u012b\u0161anu un ievilk\u0161anu, garant\u0113jot \u0101tru reakciju uz vad\u012bbas komand\u0101m un jaud\u012bgu stum\u0161anas un vilk\u0161anas sp\u0113ku.<\/li>\n<li><strong>Pieejami da\u017e\u0101di veidi:<\/strong> Pieejamie varianti ietver vienk\u0101r\u0161as darb\u012bbas (hidraulisk\u0101 sist\u0113ma tiek izmantota tikai vien\u0101 virzien\u0101) un divk\u0101r\u0161as darb\u012bbas (hidraulisk\u0101 sist\u0113ma tiek izmantota abos virzienos) cilindrus, kas atbilst da\u017e\u0101d\u0101m ekspluat\u0101cijas vajadz\u012bb\u0101m.<\/li>\n<li><strong>Kompakts dizains:<\/strong> Da\u017eiem mode\u013ciem ir teleskopiska konstrukcija, kas \u013cauj to pagarin\u0101t, nepalielinot \u0101r\u0113jos izm\u0113rus, kas ir ide\u0101li piem\u0113rots lieto\u0161anai sl\u0113gt\u0101s telp\u0101s.<\/li>\n<li><strong>Apkopes apsv\u0113rumi:<\/strong> M\u016bsu cilindri ir izstr\u0101d\u0101ti, \u0146emot v\u0113r\u0101 nodilumiztur\u012bbu un korozijas iztur\u012bbu, un tie ir rad\u012bti ilgam kalpo\u0161anas laikam, samazinot remontu bie\u017eumu un ar tiem saist\u012bt\u0101s izmaksas.<\/li>\n<\/ul>\n<p>M\u0113s specializ\u0113jamies augstas kvalit\u0101tes hidraulisko cilindru ra\u017eo\u0161an\u0101, kas lieliski aizst\u0101j eso\u0161os mode\u013cus, nodro\u0161inot sader\u012bbu un optim\u0101lu veiktsp\u0113ju.<\/p>\n<p><img decoding=\"async\" src=\"https:\/\/www.hydraulic-cylinders.net\/wp-content\/uploads\/2025\/04\/songte-cylinder-head-with-all-kinds-excavator-models.webp\" alt=\"Ekskavatoru mode\u013ci\"><\/p>\n<h2>Lietojumprogrammu scen\u0101riji<\/h2>\n<h3>Celtniec\u012bbas apr\u012bkojums<\/h3>\n<p>B\u016bvniec\u012bbas tehnik\u0101, \u012bpa\u0161i ekskavatoros, str\u0113les cilindri ir vit\u0101li svar\u012bgi zemes vai gru\u017eu rak\u0161anai, iekrau\u0161anai un p\u0101rvieto\u0161anai. \u0160ie cilindri nodro\u0161ina nepiecie\u0161amo sp\u0113ku smagu kravu pacel\u0161anai, \u013caujot operatoriem efekt\u012bvi un dro\u0161i veikt uzdevumus. Prec\u012bzas kust\u012bbas sp\u0113ja padara tos neaizst\u0101jamus b\u016bvlaukumos, kur precizit\u0101te ir \u013coti svar\u012bga materi\u0101lu apstr\u0101d\u0113 un objekta p\u0101rvald\u012bb\u0101.<\/p>\n<h3>Lauksaimniec\u012bbas tehnika<\/h3>\n<p>Lauksaimniec\u012bbas vid\u0113 front\u0101lie iekr\u0101v\u0113ji izmanto \u0161os cilindrus augsnes, siena un citu materi\u0101lu sav\u0101k\u0161anai, cel\u0161anai un transport\u0113\u0161anai. Str\u0113les cilindra iztur\u012bba un uzticam\u012bba atvieglo da\u017e\u0101dus uzdevumus, s\u0101kot no graudu iekrau\u0161anas l\u012bdz smagu \u0137\u012bpu p\u0101rvieto\u0161anai, t\u0101d\u0113j\u0101di uzlabojot produktivit\u0101ti lauksaimniec\u012bbas darbos.<\/p>\n<h3>Ekskavatori<\/h3>\n<p>Ekskavatoros kausa cilindrs nodro\u0161ina efekt\u012bvas rak\u0161anas darb\u012bbas, \u013caujot kausam iek\u013c\u016bt augsn\u0113. \u0160\u012b darb\u012bba ir b\u016btiska t\u0101diem uzdevumiem k\u0101 tran\u0161eju rak\u0161ana, plan\u0113\u0161ana un vietas sagatavo\u0161ana, padarot str\u0113les cilindru par b\u016btisku sast\u0101vda\u013cu rak\u0161anas projektos.<\/p>\n<h3>Iekr\u0101v\u0113ji<\/h3>\n<p>Front\u0101lajos iekr\u0101v\u0113jos str\u0113les cilindri pal\u012bdz efekt\u012bvi pacelt un izg\u0101zt materi\u0101lus. To sp\u0113ja apstr\u0101d\u0101t smagas kravas, vienlaikus saglab\u0101jot stabilit\u0101ti, ir \u013coti svar\u012bga, lai nodro\u0161in\u0101tu dro\u0161u un efekt\u012bvu darb\u012bbu iekrau\u0161anas un izkrau\u0161anas laik\u0101.<\/p>\n<h2>Dizaina apsv\u0113rumi un atlases krit\u0113riji<\/h2>\n<h3>Kravnes\u012bba<\/h3>\n<p>Izv\u0113loties str\u0113les cilindru, ir svar\u012bgi \u0146emt v\u0113r\u0101 t\u0101 kravnes\u012bbu. Cilindram j\u0101sp\u0113j iztur\u0113t maksim\u0101lo svaru, ko ekskavatoram paredz\u0113ts pacelt vai p\u0101rvietot. Tas nodro\u0161ina, ka iek\u0101rta darbojas dro\u0161i un efekt\u012bvi, nov\u0113r\u0161ot iesp\u0113jamus boj\u0101jumus ekspluat\u0101cijas laik\u0101. Ra\u017eot\u0101ji parasti sniedz specifik\u0101cijas, kur\u0101s s\u012bki aprakst\u012btas kravnes\u012bbas v\u0113rt\u012bbas, pal\u012bdzot lietot\u0101jiem izv\u0113l\u0113ties atbilsto\u0161u modeli, pamatojoties uz vi\u0146u ekspluat\u0101cijas vajadz\u012bb\u0101m.<\/p>\n<h3>Bl\u012bv\u0113\u0161ana<\/h3>\n<p>Efekt\u012bvs bl\u012bv\u0113jums ir kritiski svar\u012bgs hidrauliskajos cilindros, lai nov\u0113rstu \u0161\u0137idruma nopl\u016bdes un uztur\u0113tu spiedienu. Augstas kvalit\u0101tes bl\u012bv\u0113jumi, kas izgatavoti no iztur\u012bgiem materi\u0101liem, piem\u0113ram, poliuret\u0101na un nitrila gumijas, var iztur\u0113t ekstrem\u0101lus apst\u0101k\u013cus un nodilumu. Konstrukcij\u0101 j\u0101iek\u013cauj vair\u0101ki bl\u012bv\u0113jumi, kas strat\u0113\u0123iski novietoti, lai uzlabotu cilindra ilgm\u016b\u017e\u012bbu un veiktsp\u0113ju, nodro\u0161inot uzticam\u012bbu ekspluat\u0101cijas laik\u0101.<\/p>\n<h3>Iztur\u012bba<\/h3>\n<p>Iztur\u012bba ir galvenais apsv\u0113rums, projekt\u0113jot hidrauliskos cilindrus. Izmantotajiem materi\u0101liem j\u0101b\u016bt iztur\u012bgiem pret nodilumu nep\u0101rtrauktas darb\u012bbas laik\u0101 skarbos apst\u0101k\u013cos. Turkl\u0101t t\u0101das funkcijas k\u0101 virsmas apstr\u0101de var uzlabot iztur\u012bbu pret koroziju, v\u0113l vair\u0101k pagarinot cilindra kalpo\u0161anas laiku. Iztur\u012bba nodro\u0161ina cilindra efekt\u012bvu darb\u012bbu laika gait\u0101, samazinot nepiecie\u0161am\u012bbu p\u0113c bie\u017eas nomai\u0146as vai remonta.<\/p>\n<h3>Dro\u0161\u012bbas funkcijas<\/h3>\n<p>Dro\u0161\u012bba hidrauliskaj\u0101s sist\u0113m\u0101s ir \u0101rk\u0101rt\u012bgi svar\u012bga. Str\u0113les cilindra konstrukcij\u0101 j\u0101iek\u013cauj dro\u0161\u012bbas funkcijas, piem\u0113ram, spiediena samazin\u0101\u0161anas v\u0101rsti, lai nov\u0113rstu p\u0101rslodzi un potenci\u0101lus boj\u0101jumus. \u0160ie meh\u0101nismi pal\u012bdz nodro\u0161in\u0101t, ka iek\u0101rta darbojas dro\u0161\u0101s robe\u017e\u0101s, aizsarg\u0101jot gan ma\u0161\u012bnu, gan operatoru. Dro\u0161\u012bbas funkciju integr\u0113\u0161ana konstrukcij\u0101 ir b\u016btiska, lai veicin\u0101tu ekspluat\u0101cijas dro\u0161\u012bbu.<\/p>\n<h3>Apkopes pieejam\u012bba<\/h3>\n<p>Hidraulisko cilindru projekt\u0113\u0161ana t\u0101, lai tie b\u016btu viegli apkopjami, ir \u013coti svar\u012bga. Funkcijas, kas nodro\u0161ina \u0113rtu piek\u013cuvi bl\u012bv\u0113m un savienojumiem, \u013cauj veikt \u0101tras p\u0101rbaudes un remontu. \u0160\u012b pieejam\u012bba var iev\u0113rojami samazin\u0101t d\u012bkst\u0101ves laiku un apkopes izmaksas, vienlaikus nodro\u0161inot, ka apr\u012bkojums paliek optim\u0101l\u0101 darba st\u0101vokl\u012b. Labi projekt\u0113ts cilindrs var vienk\u0101r\u0161ot ikdienas p\u0101rbaudes un apkopes proced\u016bras, uzlabojot kop\u0113jo darb\u012bbas efektivit\u0101ti.<\/p>\n<p><img decoding=\"async\" src=\"https:\/\/www.hydraulic-cylinders.net\/wp-content\/uploads\/2025\/04\/songte-oil-pipes-and-spare-parts.webp\" alt=\"E\u013c\u013cas caurules un rezerves da\u013cas\"><\/p>\n<h2>Bl\u012bv\u0113\u0161ana un e\u013c\u013co\u0161ana<\/h2>\n<p>Pareiza bl\u012bv\u0113\u0161ana un e\u013c\u013co\u0161ana ir b\u016btiska hidraulisko cilindru efekt\u012bvai darb\u012bbai. Da\u017e\u0101di bl\u012bv\u0113\u0161anas elementi, piem\u0113ram, virzu\u013ca bl\u012bves un stie\u0146a bl\u012bves, ir \u013coti svar\u012bgi nopl\u016b\u017eu nov\u0113r\u0161anai un hidraulisk\u0101 spiediena uztur\u0113\u0161anai. Bl\u012bves, kas izgatavotas no t\u0101diem materi\u0101liem k\u0101 poliuret\u0101ns un nitrilgumija, nodro\u0161ina izcilu iztur\u012bbu un nodilumiztur\u012bbu.<\/p>\n<p>Cilindra korpuss un v\u012bt\u0146ot\u0101s gala virsmas tiek r\u016bp\u012bgi apstr\u0101d\u0101tas, lai uzlabotu nodilumiztur\u012bbu, nodro\u0161inot ilg\u0101ku kalpo\u0161anas laiku. Lai uztur\u0113tu cilindra funkcionalit\u0101ti, ir nepiecie\u0161ama regul\u0101ra e\u013c\u013co\u0161ana. Operatoriem periodiski j\u0101pievieno atbilsto\u0161a hidraulisk\u0101 e\u013c\u013ca, lai nodro\u0161in\u0101tu vienm\u0113r\u012bgu darb\u012bbu un nov\u0113rstu nodiluma rad\u012btus boj\u0101jumus, t\u0101d\u0113j\u0101di pagarinot cilindra kalpo\u0161anas laiku.<\/p>\n<h2>Regul\u0101ra p\u0101rbaude un profilaktisk\u0101 apkope<\/h2>\n<ul>\n<li><strong>Regul\u0101ras p\u0101rbaudes:<\/strong> Regul\u0101ri p\u0101rbaudiet hidraulisko cilindru, lai p\u0101rbaud\u012btu, vai nav nopl\u016b\u017eu vai nodiluma paz\u012bmju. Potenci\u0101lo probl\u0113mu agr\u012bna atkl\u0101\u0161ana var nov\u0113rst d\u0101rgus remontdarbus un nepl\u0101notas d\u012bkst\u0101ves.<\/li>\n<li><strong>Pareiza e\u013c\u013co\u0161ana:<\/strong> P\u0101rliecinieties, vai hidraulisk\u0101s e\u013c\u013cas l\u012bmenis ir pietiekams un vai e\u013c\u013co\u0161ana tiek veikta saska\u0146\u0101 ar ra\u017eot\u0101ja vadl\u012bnij\u0101m. Atbilsto\u0161a e\u013c\u013co\u0161ana samazina berzi un nodilumu, t\u0101d\u0113j\u0101di pagarinot cilindra kalpo\u0161anas laiku.<\/li>\n<li><strong>Bl\u012bv\u0113juma nomai\u0146a:<\/strong> Regul\u0101ri p\u0101rbaudiet bl\u012bves, vai t\u0101s nav boj\u0101tas vai nolietoju\u0161\u0101s. Savlaic\u012bga nodilu\u0161o bl\u012bvju nomai\u0146a var nov\u0113rst nopl\u016bdes un uztur\u0113t hidraulisko spiedienu, nodro\u0161inot optim\u0101lu veiktsp\u0113ju.<\/li>\n<\/ul>\n<h2>Uzst\u0101d\u012b\u0161anas vadl\u012bnijas<\/h2>\n<p>Pareiza str\u0113les cilindra uzst\u0101d\u012b\u0161ana ir \u013coti svar\u012bga t\u0101 veiktsp\u0113jai un ilgm\u016b\u017e\u012bbai. Vispirms p\u0101rliecinieties, ka darba vieta ir t\u012bra un bez gru\u017eiem, lai nov\u0113rstu pies\u0101r\u0146ojumu uzst\u0101d\u012b\u0161anas laik\u0101. Ir svar\u012bgi pareizi izl\u012bdzin\u0101t cilindru ar mont\u0101\u017eas kron\u0161teiniem, lai izvair\u012btos no p\u0101rm\u0113r\u012bga sprieguma uz deta\u013c\u0101m.<\/p>\n<p>Izmantojiet atbilsto\u0161us mont\u0101\u017eas kron\u0161teinus, lai stingri nostiprin\u0101tu cilindru viet\u0101. Tas ne tikai nodro\u0161ina stabilit\u0101ti, bet ar\u012b \u013cauj pareizi darboties. P\u0113c uzst\u0101d\u012b\u0161anas pirms ma\u0161\u012bnas lieto\u0161anas p\u0101rbaudiet visus savienojumus un p\u0101rbaudiet, vai nav nopl\u016b\u017eu. Lai sasniegtu v\u0113lamo veiktsp\u0113ju un dro\u0161\u012bbas standartus, ir svar\u012bgi iev\u0113rot ra\u017eot\u0101ja \u012bpa\u0161os uzst\u0101d\u012b\u0161anas nor\u0101d\u012bjumus.<\/p>\n<h2>Bie\u017ei sastopamie apkopes uzdevumi<\/h2>\n<h3>Regul\u0101ras p\u0101rbaudes<\/h3>\n<p>Regul\u0101ru p\u0101rbau\u017eu veik\u0161ana ir \u013coti svar\u012bga, lai uztur\u0113tu hidraulisko cilindru funkcionalit\u0101ti. P\u0101rbaudiet, vai nav nodiluma paz\u012bmju, nopl\u016b\u017eu vai boj\u0101jumu, lai p\u0101rliecin\u0101tos, ka cilindrs darbojas efekt\u012bvi. R\u016bp\u012bga p\u0101rbaudes rut\u012bna var identific\u0113t potenci\u0101l\u0101s probl\u0113mas, pirms t\u0101s saasin\u0101s, pal\u012bdzot izvair\u012bties no d\u0101rgiem remontiem un d\u012bkst\u0101ves.<\/p>\n<h3>Pareiza e\u013c\u013co\u0161ana<\/h3>\n<p>Pareizas e\u013c\u013co\u0161anas uztur\u0113\u0161ana ir b\u016btiska, lai samazin\u0101tu berzi starp kust\u012bgaj\u0101m da\u013c\u0101m. Regul\u0101ri p\u0101rbaudiet hidraulisk\u0101 \u0161\u0137idruma l\u012bmeni un papildiniet to p\u0113c nepiecie\u0161am\u012bbas. Pareizas e\u013c\u013co\u0161anas sist\u0113mas darb\u012bbas nodro\u0161in\u0101\u0161ana pal\u012bdz\u0113s nov\u0113rst priek\u0161laic\u012bgu cilindra nodilumu, pagarinot t\u0101 kalpo\u0161anas laiku.<\/p>\n<h3>Bl\u012bvju nomai\u0146as un kalibr\u0113\u0161anas p\u0101rbaudes<\/h3>\n<p>Regul\u0101ra bl\u012bv\u0113jumu nomai\u0146a ir \u013coti svar\u012bga, lai nov\u0113rstu nopl\u016bdes un uztur\u0113tu hidraulisko spiedienu. Regul\u0101ras kalibr\u0113\u0161anas p\u0101rbaudes nodro\u0161ina, ka cilindrs darbojas noteikto parametru robe\u017e\u0101s. Pareizi izl\u012bdzin\u0101ti un kalibr\u0113ti cilindri uzlabo efektivit\u0101ti un lietder\u012bbu, t\u0101p\u0113c ir \u013coti svar\u012bgi \u0161os uzdevumus veikt nekav\u0113joties.<\/p>\n<h2>Dro\u0161\u012bbas apsv\u0113rumi un vides faktori<\/h2>\n<p>Izmantojot hidrauliskos cilindrus, dro\u0161\u012bbas pas\u0101kumu ievie\u0161ana ir \u0101rk\u0101rt\u012bgi svar\u012bga. Operatoriem vienm\u0113r j\u0101valk\u0101 atbilsto\u0161i individu\u0101lie aizsardz\u012bbas l\u012bdzek\u013ci (IAL) un j\u0101iev\u0113ro dro\u0161\u012bbas vadl\u012bnijas darb\u012bbas laik\u0101. Turkl\u0101t, nodro\u0161inot, ka hidraulisk\u0101 sist\u0113ma tiek pien\u0101c\u012bgi uztur\u0113ta, tiek samazin\u0101ts negad\u012bjumu un iek\u0101rtu boj\u0101jumu risks.<\/p>\n<h2>K\u013c\u016bmju diagnostika un bie\u017e\u0101k sastopam\u0101s probl\u0113mas<\/h2>\n<ul>\n<li><strong>Nopl\u016bde:<\/strong> Parasti to izraisa nodilu\u0161as bl\u012bves, kas var izrais\u012bt hidraulisk\u0101 spiediena samazin\u0101\u0161anos. P\u0101rbaudiet un nomainiet bl\u012bves p\u0113c nepiecie\u0161am\u012bbas, lai saglab\u0101tu to integrit\u0101ti.<\/li>\n<li><strong>L\u0113na reakcija:<\/strong> \u0160\u012b probl\u0113ma var rasties nepietiekama hidraulisk\u0101 \u0161\u0137idruma vai gaisa d\u0113\u013c sist\u0113m\u0101. P\u0101rliecinieties, vai \u0161\u0137idruma l\u012bmenis ir pietiekams, un atgaisojiet sist\u0113mu, lai izvad\u012btu iesprostoto gaisu.<\/li>\n<li><strong>P\u0101rkar\u0161ana:<\/strong> P\u0101rkar\u0161ana var saboj\u0101t deta\u013cas; p\u0101rbaudiet, vai dzes\u0113\u0161anas sist\u0113m\u0101 nav aizsprostojumu, un nodro\u0161iniet pareizu \u0161\u0137idruma cirkul\u0101ciju.<\/li>\n<\/ul>\n<h2>Probl\u0113mu nov\u0113r\u0161anas padomi<\/h2>\n<p>Lai efekt\u012bvi diagnostic\u0113tu un nov\u0113rstu probl\u0113mas, operatoriem j\u0101iepaz\u012bstas ar ra\u017eot\u0101ja probl\u0113mu nov\u0113r\u0161anas rokasgr\u0101matu. Regul\u0101ras apkopes metodes, piem\u0113ram, deta\u013cu e\u013c\u013co\u0161ana un nopl\u016b\u017eu p\u0101rbaude, var nov\u0113rst daudzas bie\u017ei sastopamas probl\u0113mas. Prevent\u012bvu pas\u0101kumu veik\u0161ana un nelielu probl\u0113mu savlaic\u012bga risin\u0101\u0161ana var iev\u0113rojami samazin\u0101t nopietnu k\u013c\u016bmju risku.<\/p>\n<p><img decoding=\"async\" src=\"https:\/\/www.hydraulic-cylinders.net\/wp-content\/uploads\/2025\/04\/songte-bushings-with-all-kinds-of-excavator-models.webp\" alt=\"Ekskavatora bukses\"><\/p>\n<h2>Uz\u0146\u0113muma p\u0101rskats<\/h2>\n<p>M\u0113s esam vado\u0161ais hidraulisko cilindru ra\u017eot\u0101js un vairumtirdzniec\u012bbas izplat\u012bt\u0101js, kas pied\u0101v\u0101 pla\u0161u produktu kl\u0101stu gan viet\u0113jam, gan starptautiskajam tirgum. M\u016bsu ra\u017eo\u0161anas strat\u0113\u0123ija, kas ir ap\u0146\u0113musies sasniegt izcil\u012bbu, izmanto izsmalcin\u0101tu ra\u017eo\u0161anas praksi un modernu digit\u0101lo apr\u012bkojumu, nodro\u0161inot augstas kvalit\u0101tes produkciju.<\/p>\n<p>M\u016bsu tehnisko ekspertu komanda nep\u0101rtraukti uzlabo m\u016bsu ra\u017eo\u0161anas platformu, koncentr\u0113joties uz kvalitat\u012bviem ra\u017eo\u0161anas mar\u0161rutiem un stabil\u0101m inov\u0101cij\u0101m. M\u0113s priorit\u0101ri izvirz\u0101m efektivit\u0101ti, precizit\u0101ti un kvalit\u0101ti, apmierinot m\u016bsu klientu da\u017e\u0101d\u0101s vajadz\u012bbas, izmantojot piel\u0101gotus pakalpojumus un starptautiskas sertifik\u0101cijas.<\/p>\n<p><img decoding=\"async\" src=\"https:\/\/www.hydraulic-cylinders.net\/wp-content\/uploads\/2025\/04\/songte-company-4.webp\" alt=\"Uz\u0146\u0113muma p\u0101rskats\"><br \/>\n<img decoding=\"async\" src=\"https:\/\/www.hydraulic-cylinders.net\/wp-content\/uploads\/2025\/04\/songte-company-3.webp\" alt=\"Ra\u017eo\u0161anas iek\u0101rta\"><\/p>\n<p>Autors: lil<\/p>","protected":false},"excerpt":{"rendered":"<p>Boom Cylinder For Caterpillar Middle Excavator E240BL Product Overview The Boom Cylinder for Caterpillar Middle Excavator E240BL is a crucial component used in hydraulic systems to control the movement of the excavator&#8217;s boom. This hydraulic cylinder allows for the precise lifting, lowering, and tilting of the boom, facilitating various material handling tasks. As a specialized [&hellip;]<\/p>","protected":false},"featured_media":17875,"comment_status":"open","ping_status":"closed","template":"","meta":{"_et_pb_use_builder":"","_et_pb_old_content":"","_et_gb_content_width":""},"product_brand":[],"product_cat":[1546],"product_tag":[1547,1496],"class_list":{"0":"post-18948","1":"product","2":"type-product","3":"status-publish","4":"has-post-thumbnail","6":"product_cat-boom-cylinders","7":"product_tag-boom-cylinders","8":"product_tag-hydraulic-cylinders","10":"first","11":"instock","12":"shipping-taxable","13":"product-type-simple"},"amp_enabled":true,"_links":{"self":[{"href":"https:\/\/www.hydraulic-cylinders.net\/lv\/wp-json\/wp\/v2\/product\/18948","targetHints":{"allow":["GET"]}}],"collection":[{"href":"https:\/\/www.hydraulic-cylinders.net\/lv\/wp-json\/wp\/v2\/product"}],"about":[{"href":"https:\/\/www.hydraulic-cylinders.net\/lv\/wp-json\/wp\/v2\/types\/product"}],"replies":[{"embeddable":true,"href":"https:\/\/www.hydraulic-cylinders.net\/lv\/wp-json\/wp\/v2\/comments?post=18948"}],"wp:featuredmedia":[{"embeddable":true,"href":"https:\/\/www.hydraulic-cylinders.net\/lv\/wp-json\/wp\/v2\/media\/17875"}],"wp:attachment":[{"href":"https:\/\/www.hydraulic-cylinders.net\/lv\/wp-json\/wp\/v2\/media?parent=18948"}],"wp:term":[{"taxonomy":"product_brand","embeddable":true,"href":"https:\/\/www.hydraulic-cylinders.net\/lv\/wp-json\/wp\/v2\/product_brand?post=18948"},{"taxonomy":"product_cat","embeddable":true,"href":"https:\/\/www.hydraulic-cylinders.net\/lv\/wp-json\/wp\/v2\/product_cat?post=18948"},{"taxonomy":"product_tag","embeddable":true,"href":"https:\/\/www.hydraulic-cylinders.net\/lv\/wp-json\/wp\/v2\/product_tag?post=18948"}],"curies":[{"name":"wp","href":"https:\/\/api.w.org\/{rel}","templated":true}]}}