{"id":18955,"date":"2025-04-07T06:04:00","date_gmt":"2025-04-07T06:04:00","guid":{"rendered":"https:\/\/www.hydraulic-cylinders.net\/product\/boom-cylinder-for-caterpillar-middle-excavator-e320d-rr\/"},"modified":"2025-04-07T06:04:08","modified_gmt":"2025-04-07T06:04:08","slug":"boom-cylinder-for-caterpillar-middle-excavator-e320d-rr","status":"publish","type":"product","link":"https:\/\/www.hydraulic-cylinders.net\/lv\/products\/boom-cylinder-for-caterpillar-middle-excavator-e320d-rr\/","title":{"rendered":"Str\u0113les cilindrs Caterpillar vid\u0113jam ekskavatoram E320D RR"},"content":{"rendered":"<h1>Str\u0113les cilindrs Caterpillar vid\u0113jam ekskavatoram E320D RR<\/h1>\n<h2>Str\u0113les cilindra p\u0101rskats<\/h2>\n<p>Str\u0113les cilindrs ir b\u016btiska smago ma\u0161\u012bnu hidraulisk\u0101s sist\u0113mas sast\u0101vda\u013ca, kas \u012bpa\u0161i paredz\u0113ta kausa kust\u012bbas vad\u012bbai ekskavatoros un iekr\u0101v\u0113jos. \u0160is hidrauliskais cilindrs \u013cauj pacelt, nolaist un noliekt kausu, efekt\u012bvi atvieglojot materi\u0101lu apstr\u0101des darbus. Str\u0113les cilindrs darbojas, izmantojot hidraulisko \u0161\u0137idrumu, lai rad\u012btu spiedienu, kas savuk\u0101rt rada sp\u0113ku, kas nepiecie\u0161ams kausa p\u0101rvieto\u0161anai da\u017e\u0101dos virzienos, padarot to par b\u016btisku b\u016bvniec\u012bbas un rak\u0161anas darbu sast\u0101vda\u013cu.<\/p>\n<p><img decoding=\"async\" src=\"https:\/\/www.hydraulic-cylinders.net\/wp-content\/uploads\/2025\/04\/songte-company-1.webp\" alt=\"Hidrauliskais cilindrs\" \/><\/p>\n<h3>Str\u0113les cilindra galven\u0101s iez\u012bmes<\/h3>\n<ul>\n<li><strong>Augsta iztur\u012bba un ilgm\u016b\u017e\u012bba:<\/strong> Parasti izgatavoti no augstas stipr\u012bbas t\u0113rauda vai alum\u012bnija, kas sp\u0113j iztur\u0113t augstu spiedienu un lielas slodzes, vienlaikus piem\u0113roti skarbiem darba apst\u0101k\u013ciem. Izstr\u0101d\u0101ti, \u0146emot v\u0113r\u0101 nodilumiztur\u012bbu un korozijas iztur\u012bbu, lai pagarin\u0101tu kalpo\u0161anas laiku.<\/li>\n<li><strong>Efekt\u012bva hidraulisk\u0101 darb\u012bba:<\/strong> Izmanto hidraulisk\u0101s e\u013c\u013cas spiedienu vienm\u0113r\u012bgai izvilk\u0161anai un ievilk\u0161anai, \u013caujot \u0101tri rea\u0123\u0113t uz darb\u012bbas komand\u0101m un nodro\u0161inot iev\u0113rojamu stum\u0161anas un vilk\u0161anas sp\u0113ku, kas piem\u0113rots smagu materi\u0101lu apstr\u0101dei un sare\u017e\u0123\u012btu uzdevumu veik\u0161anai.<\/li>\n<li><strong>Da\u017e\u0101di veidi:<\/strong> Pieejami da\u017e\u0101d\u0101s konfigur\u0101cij\u0101s, tostarp vienas darb\u012bbas (hidrauliska darb\u012bba vien\u0101 virzien\u0101) vai divk\u0101r\u0161as darb\u012bbas (hidrauliska darb\u012bba abos virzienos) cilindri. Da\u017ei mode\u013ci ir teleskopiski, kas \u013cauj pan\u0101kt liel\u0101ku pagarin\u0101jumu, nepalielinot \u0101r\u0113jos izm\u0113rus, padarot tos ide\u0101li piem\u0113rotus lietojumiem ar ierobe\u017eotu vietu.<\/li>\n<li><strong>Piel\u0101gota ra\u017eo\u0161ana:<\/strong> M\u016bsu produkti lieliski aizst\u0101j eso\u0161os hidrauliskos cilindrus, nodro\u0161inot sader\u012bbu un uzticam\u012bbu.<\/li>\n<\/ul>\n<p><img decoding=\"async\" src=\"https:\/\/www.hydraulic-cylinders.net\/wp-content\/uploads\/2025\/04\/songte-cylinder-head-with-all-kinds-excavator-models.webp\" alt=\"Ekskavatoru mode\u013ci\" \/><\/p>\n<h2>Str\u0113les cilindra pielietojums<\/h2>\n<h3>Celtniec\u012bbas apr\u012bkojums<\/h3>\n<p>Ekskavatoros str\u0113les cilindri ir \u013coti svar\u012bgi augsnes vai gru\u017eu rak\u0161anai, iekrau\u0161anai un p\u0101rvieto\u0161anai. Tie nodro\u0161ina nepiecie\u0161amo sp\u0113ku, lai iek\u013c\u016btu zem\u0113 un paceltu smagus materi\u0101lus, padarot tos neaizst\u0101jamus b\u016bvlaukumos. Ekskavatoros-iekr\u0101v\u0113jos str\u0113les cilindrs pal\u012bdz gan rak\u0161anas, gan cel\u0161anas oper\u0101cij\u0101s, \u013caujot operatoriem efekt\u012bvi veikt da\u017e\u0101dus uzdevumus.<\/p>\n<h3>Lauksaimniec\u012bbas tehnika<\/h3>\n<p>Front\u0101lajos iekr\u0101v\u0113jos str\u0113les cilindriem ir b\u016btiska loma augsnes, siena un citu materi\u0101lu sav\u0101k\u0161an\u0101, cel\u0161an\u0101 un transport\u0113\u0161an\u0101. Tie uzlabo ma\u0161\u012bnas funkcionalit\u0101ti, \u013caujot operatoram veikt da\u017e\u0101dus lauksaimniec\u012bbas darbus, s\u0101kot no tran\u0161eju rak\u0161anas l\u012bdz materi\u0101lu iekrau\u0161anai kravas automa\u0161\u012bn\u0101s, t\u0101d\u0113j\u0101di iev\u0113rojami uzlabojot produktivit\u0101ti.<\/p>\n<h3>Ekskavatori<\/h3>\n<p>Ekskavatori izmanto str\u0113les cilindrus, lai kauss var\u0113tu efekt\u012bvi iek\u013c\u016bt augsn\u0113, atvieglojot efekt\u012bvas rak\u0161anas darb\u012bbas. \u0160\u012b sp\u0113ja ir \u013coti svar\u012bga projektos, kuros nepiecie\u0161ama prec\u012bza izrakumu veik\u0161ana, neatkar\u012bgi no t\u0101, vai tas ir pamatu, ainavu veido\u0161anas vai in\u017eenierkomunik\u0101ciju instal\u0101ciju darbs.<\/p>\n<h3>Iekr\u0101v\u0113ji<\/h3>\n<p>Front\u0101lajos iekr\u0101v\u0113jos str\u0113les cilindri veicina efekt\u012bvu kravu cel\u0161anu un izg\u0101\u0161anu. To konstrukcija nodro\u0161ina, ka smagus materi\u0101lus var p\u0101rvietot ar precizit\u0101ti, kas ir \u013coti svar\u012bgi b\u016bvniec\u012bbas, ainavu veido\u0161anas un lauksaimniec\u012bbas darbos.<\/p>\n<h2>Dizaina apsv\u0113rumi un atlases krit\u0113riji<\/h2>\n<h3>Kravnes\u012bba<\/h3>\n<p>Str\u0113les cilindra kravnes\u012bba ir kritiski svar\u012bgs apsv\u0113rums, jo tam j\u0101sp\u0113j iztur\u0113t pace\u013camo vai p\u0101rvietojamo kravu svaru. Izv\u0113loties cilindru ar atbilsto\u0161u kravnes\u012bbu, tiek nodro\u0161in\u0101ta dro\u0161\u012bba un darb\u012bbas efektivit\u0101te, samazinot boj\u0101jumu risku smagas slodzes uzdevumu laik\u0101.<\/p>\n<h3>Bl\u012bv\u0113juma veiktsp\u0113ja<\/h3>\n<p>Efekt\u012bva bl\u012bv\u0113\u0161ana ir b\u016btiska, lai nov\u0113rstu hidraulisk\u0101 \u0161\u0137idruma nopl\u016bdi, kas var izrais\u012bt veiktsp\u0113jas probl\u0113mas un palielin\u0101tas apkopes izmaksas. Augstas kvalit\u0101tes bl\u012bves un bl\u012bves ir izstr\u0101d\u0101tas, lai iztur\u0113tu skarbos b\u016bvniec\u012bbas un rak\u0161anas darbu apst\u0101k\u013cus, nodro\u0161inot ilgm\u016b\u017e\u012bbu un uzticam\u012bbu.<\/p>\n<h3>Iztur\u012bba<\/h3>\n<p>Str\u0113les cilindra iztur\u012bbu nosaka izmantotie materi\u0101li un iek\u013caut\u0101s konstrukcijas iez\u012bmes. Tam j\u0101b\u016bt izgatavotam no iztur\u012bgiem materi\u0101liem, kas ir iztur\u012bgi pret nodilumu, tostarp da\u017e\u0101du elementu, piem\u0113ram, net\u012brumu, putek\u013cu un mitruma, iedarb\u012bbu, lai pagarin\u0101tu t\u0101 kalpo\u0161anas laiku.<\/p>\n<h3>Dro\u0161\u012bbas funkcijas<\/h3>\n<p>Izv\u0113loties hidrauliskos cilindrus, dro\u0161\u012bba ir \u0101rk\u0101rt\u012bgi svar\u012bga. T\u0101das funkcijas k\u0101 spiediena samazin\u0101\u0161anas v\u0101rsti un p\u0101rslodzes sensori var pal\u012bdz\u0113t nov\u0113rst negad\u012bjumus un iek\u0101rtu boj\u0101jumus, nodro\u0161inot dro\u0161u darb\u012bbu visos darba apst\u0101k\u013cos.<\/p>\n<h3>Apkopes pieejam\u012bba<\/h3>\n<p>Str\u0113les cilindra projekt\u0113\u0161ana t\u0101, lai tam b\u016btu viegli piek\u013c\u016bt apkopes laik\u0101, ir \u013coti svar\u012bga, lai samazin\u0101tu d\u012bkst\u0101ves laiku. Cilindriem j\u0101b\u016bt konstru\u0113tiem t\u0101, lai tos var\u0113tu vienk\u0101r\u0161i p\u0101rbaud\u012bt un nomain\u012bt deta\u013cas, atvieglojot regul\u0101ru apkopi un uzlabojot darb\u012bbas efektivit\u0101ti.<\/p>\n<p><img decoding=\"async\" src=\"https:\/\/www.hydraulic-cylinders.net\/wp-content\/uploads\/2025\/04\/songte-oil-pipes-and-spare-parts.webp\" alt=\"Hidraulisk\u0101s da\u013cas\" \/><\/p>\n<h2>Bl\u012bv\u0113\u0161ana un e\u013c\u013co\u0161ana<\/h2>\n<p>Str\u0113les cilindra efektivit\u0101te liel\u0101 m\u0113r\u0101 ir atkar\u012bga no t\u0101 bl\u012bv\u0113\u0161anas un e\u013c\u013co\u0161anas sist\u0113m\u0101m. Lai nov\u0113rstu hidraulisk\u0101 \u0161\u0137idruma nopl\u016bdi, tiek izmantoti da\u017e\u0101di bl\u012bv\u0113jumi, piem\u0113ram, virzu\u013ca bl\u012bv\u0113jumi un stie\u0146a bl\u012bv\u0113jumi. Bl\u012bv\u0113jumi, kas izgatavoti no nodilumiztur\u012bgiem materi\u0101liem, piem\u0113ram, poliuret\u0101na un nitrila gumijas, ir priek\u0161roka to iztur\u012bbas d\u0113\u013c. Cilindra korpuss un v\u012bt\u0146ot\u0101s gala virsmas ir smalki apstr\u0101d\u0101tas, lai uzlabotu nodilumiztur\u012bbu. Turkl\u0101t regul\u0101ra e\u013c\u013co\u0161ana ar hidraulisko e\u013c\u013cu ir b\u016btiska, lai uztur\u0113tu veiktsp\u0113ju un nov\u0113rstu nodilumu.<\/p>\n<h2>Prevent\u012bvie pas\u0101kumi un regul\u0101ra apkope<\/h2>\n<ul>\n<li><strong>Regul\u0101ras p\u0101rbaudes:<\/strong> Regul\u0101ru p\u0101rbau\u017eu veik\u0161ana pal\u012bdz laikus atkl\u0101t potenci\u0101las probl\u0113mas. P\u0101rbaudiet, vai nav nodiluma, nopl\u016b\u017eu vai deta\u013cu boj\u0101jumu paz\u012bmju, lai nodro\u0161in\u0101tu str\u0113les cilindra efekt\u012bvu darb\u012bbu.<\/li>\n<li><strong>Pareiza e\u013c\u013co\u0161ana:<\/strong> Pietiekama e\u013c\u013co\u0161ana ir \u013coti svar\u012bga str\u0113les cilindra netrauc\u0113tai darb\u012bbai. Regul\u0101ri uzraugiet un uzpildiet hidraulisko e\u013c\u013cu, lai uztur\u0113tu optim\u0101lu veiktsp\u0113ju un nov\u0113rstu boj\u0101jumus.<\/li>\n<li><strong>Bl\u012bv\u0113juma nomai\u0146a:<\/strong> Bl\u012bves periodiski j\u0101nomaina, lai izvair\u012btos no nopl\u016bd\u0113m. Pareiza nodiluma paz\u012bmju identific\u0113\u0161ana var pal\u012bdz\u0113t saglab\u0101t hidraulisk\u0101s sist\u0113mas integrit\u0101ti.<\/li>\n<\/ul>\n<h2>Uzst\u0101d\u012b\u0161anas vadl\u012bnijas<\/h2>\n<p>Pareiza str\u0113les cilindra uzst\u0101d\u012b\u0161ana ir \u013coti svar\u012bga efekt\u012bvas darb\u012bbas nodro\u0161in\u0101\u0161anai. S\u0101ciet ar cilindra pareizu izl\u012bdzin\u0101\u0161anu ar tehnikas stiprin\u0101juma punktiem. Izmantojiet atbilsto\u0161us uzst\u0101d\u012b\u0161anas kron\u0161teinus, lai nostiprin\u0101tu cilindru viet\u0101, nodro\u0161inot t\u0101 stabilit\u0101ti. Ir svar\u012bgi p\u0101rbaud\u012bt, vai visi savienojumi ir cie\u0161i un vai nav \u0161\u0137\u0113r\u0161\u013cu, kas var\u0113tu kav\u0113t kust\u012bbu. Ra\u017eot\u0101ja vadl\u012bniju iev\u0113ro\u0161ana pal\u012bdz\u0113s sasniegt lab\u0101kos rezult\u0101tus uzst\u0101d\u012b\u0161anas laik\u0101. Regul\u0101ra izl\u012bdzin\u0101\u0161anas p\u0101rbaude p\u0113c uzst\u0101d\u012b\u0161anas var pal\u012bdz\u0113t uztur\u0113t veiktsp\u0113ju un nov\u0113rst probl\u0113mas.<\/p>\n<p><img decoding=\"async\" src=\"https:\/\/www.hydraulic-cylinders.net\/wp-content\/uploads\/2025\/04\/songte-chushion-collar.webp\" alt=\"Spilvenu apkakle\" \/><\/p>\n<h2>Bie\u017ei sastopamie apkopes uzdevumi<\/h2>\n<h3>Regul\u0101ras p\u0101rbaudes<\/h3>\n<p>Regul\u0101ras str\u0113les cilindra p\u0101rbaudes ir b\u016btiskas, lai noteiktu jebk\u0101du nodilumu, pirms tas p\u0101rv\u0113r\u0161as nopietn\u0101s probl\u0113m\u0101s. Mekl\u0113jiet nopl\u016bdes vai boj\u0101jumu paz\u012bmes un p\u0101rliecinieties, vai visas sast\u0101vda\u013cas darbojas pareizi. Probl\u0113mu agr\u012bna atkl\u0101\u0161ana var ietaup\u012bt laiku un izmaksas, kas saist\u012btas ar lieliem remontiem.<\/p>\n<h3>Pareiza e\u013c\u013co\u0161ana<\/h3>\n<p>Pareiza hidraulisk\u0101s e\u013c\u013cas l\u012bme\u0146a uztur\u0113\u0161ana ir \u013coti svar\u012bga str\u0113les cilindra nevainojamai darb\u012bbai. P\u0101rliecinieties, ka e\u013c\u013ca nesatur piemais\u012bjumus un atbilst ra\u017eot\u0101ja noteiktaj\u0101m specifik\u0101cij\u0101m. Regul\u0101ra e\u013c\u013co\u0161ana veicina optim\u0101lu veiktsp\u0113ju un var iev\u0113rojami pagarin\u0101t hidraulisko komponentu kalpo\u0161anas laiku.<\/p>\n<h3>Bl\u012bv\u0113juma nomai\u0146a<\/h3>\n<p>Laika gait\u0101 bl\u012bves var nolietoties, un t\u0101s var b\u016bt j\u0101nomaina, lai nov\u0113rstu hidraulisk\u0101 \u0161\u0137idruma nopl\u016bdes. Regul\u0101ri p\u0101rbaudiet bl\u012bvju st\u0101vokli un nomainiet t\u0101s p\u0113c nepiecie\u0161am\u012bbas. Tas uzlabos str\u0113les cilindra uzticam\u012bbu un nov\u0113rs\u012bs hidraulisk\u0101 \u0161\u0137idruma zudumus, kas var ietekm\u0113t veiktsp\u0113ju.<\/p>\n<h2>Dro\u0161\u012bbas un vides apsv\u0113rumi<\/h2>\n<p>Str\u0101d\u0101jot ar hidrauliskaj\u0101m sist\u0113m\u0101m, dro\u0161\u012bbas pas\u0101kumi ir \u0101rk\u0101rt\u012bgi svar\u012bgi. Operatoriem j\u0101b\u016bt apm\u0101c\u012btiem dro\u0161\u0101 hidraulisko iek\u0101rtu lieto\u0161an\u0101, nodro\u0161inot, ka vi\u0146i saprot aizsargl\u012bdzek\u013cu noz\u012bmi un iev\u0113ro dro\u0161\u012bbas protokolus. Turkl\u0101t, lai samazin\u0101tu ietekmi uz vidi, ir svar\u012bgi pareizi utiliz\u0113t hidraulisko \u0161\u0137idrumus un nolietot\u0101s deta\u013cas.<\/p>\n<h2>Bie\u017ei sastopamo probl\u0113mu nov\u0113r\u0161ana<\/h2>\n<ul>\n<li><strong>Nopl\u016bde:<\/strong> Ja no cilindra nopl\u016bst hidrauliskais \u0161\u0137idrums, tas var b\u016bt saist\u012bts ar nodilu\u0161iem bl\u012bv\u0113jumiem vai boj\u0101t\u0101m \u0161\u013c\u016bten\u0113m. P\u0101rbaudiet \u0161\u012bs deta\u013cas un, ja nepiecie\u0161ams, nomainiet t\u0101s.<\/li>\n<li><strong>Samazin\u0101ta veiktsp\u0113ja:<\/strong> Cilindra veiktsp\u0113jas samazin\u0101\u0161an\u0101s var liecin\u0101t par zemu hidraulisk\u0101 \u0161\u0137idruma l\u012bmeni vai pies\u0101r\u0146ot\u0101jiem sist\u0113m\u0101. Nodro\u0161iniet atbilsto\u0161u \u0161\u0137idruma l\u012bmeni un t\u012br\u012bbu.<\/li>\n<li><strong>Nerea\u0123\u0113jo\u0161a darb\u012bba:<\/strong> Ja cilindrs nerea\u0123\u0113 uz vad\u012bbas ier\u012bc\u0113m, p\u0101rbaudiet, vai nav t\u0101du probl\u0113mu k\u0101 aizs\u0113r\u0113ju\u0161as l\u012bnijas vai nepareizi funkcion\u0113jo\u0161i v\u0101rsti. Nekav\u0113joties nov\u0113rsiet \u0161\u012bs probl\u0113mas, lai atjaunotu funkcionalit\u0101ti.<\/li>\n<\/ul>\n<p><img decoding=\"async\" src=\"https:\/\/www.hydraulic-cylinders.net\/wp-content\/uploads\/2025\/04\/songte-bushings-with-all-kinds-of-excavator-models.webp\" alt=\"Ekskavatora bukses\" \/><\/p>\n<h2>Uz\u0146\u0113muma p\u0101rskats<\/h2>\n<p>M\u0113s esam vado\u0161ais hidraulisko cilindru ra\u017eot\u0101js, kas specializ\u0113jas augstas kvalit\u0101tes rezerves da\u013cu ra\u017eo\u0161an\u0101 da\u017e\u0101diem pielietojumiem. M\u016bsu produktu kl\u0101sts ir pla\u0161s, kas m\u016bs pozicion\u0113 k\u0101 vienu no vado\u0161ajiem ra\u017eot\u0101jiem un vairumtirgot\u0101jiem gan viet\u0113j\u0101, gan starptautiskaj\u0101 tirg\u016b. M\u0113s iev\u0113rojam izcil\u012bbas principus, izmantojot m\u016bsu sare\u017e\u0123\u012btos ra\u017eo\u0161anas procesus un progres\u012bv\u0101s tehnolo\u0123ijas, lai nodro\u0161in\u0101tu augst\u0101k\u0101s klases produktu kvalit\u0101ti.<\/p>\n<p><img decoding=\"async\" src=\"https:\/\/www.hydraulic-cylinders.net\/wp-content\/uploads\/2025\/04\/songte-company-4.webp\" alt=\"Uz\u0146\u0113muma p\u0101rskats 1\" \/><br \/>\n<img decoding=\"async\" src=\"https:\/\/www.hydraulic-cylinders.net\/wp-content\/uploads\/2025\/04\/songte-company-3.webp\" alt=\"Uz\u0146\u0113muma p\u0101rskats 2\" \/><\/p>\n<p>Ap\u0146emoties iev\u0113rot profesion\u0101los standartus, starptautisk\u0101s sertifik\u0101cijas un piel\u0101gotus pakalpojumus, m\u0113s past\u0101v\u012bgi uzlabojam savas ra\u017eo\u0161anas iesp\u0113jas, nodro\u0161inot, ka m\u0113s apmierin\u0101m da\u017e\u0101das klientu vajadz\u012bbas ar augstu efektivit\u0101ti, precizit\u0101ti un kvalit\u0101ti.<\/p>\n<p>Autors: lil<\/p>","protected":false},"excerpt":{"rendered":"<p>Boom Cylinder For Caterpillar Middle Excavator E320D RR Overview of Boom Cylinder The Boom Cylinder is an essential component of the hydraulic system in heavy machinery, specifically designed to control the motion of the bucket in excavators and backhoe loaders. This hydraulic cylinder allows for the lifting, lowering, and tilting of the bucket, facilitating material [&hellip;]<\/p>","protected":false},"featured_media":17867,"comment_status":"open","ping_status":"closed","template":"","meta":{"_et_pb_use_builder":"","_et_pb_old_content":"","_et_gb_content_width":""},"product_brand":[],"product_cat":[1546],"product_tag":[1547,1496],"class_list":{"0":"post-18955","1":"product","2":"type-product","3":"status-publish","4":"has-post-thumbnail","6":"product_cat-boom-cylinders","7":"product_tag-boom-cylinders","8":"product_tag-hydraulic-cylinders","10":"first","11":"instock","12":"shipping-taxable","13":"product-type-simple"},"amp_enabled":true,"_links":{"self":[{"href":"https:\/\/www.hydraulic-cylinders.net\/lv\/wp-json\/wp\/v2\/product\/18955","targetHints":{"allow":["GET"]}}],"collection":[{"href":"https:\/\/www.hydraulic-cylinders.net\/lv\/wp-json\/wp\/v2\/product"}],"about":[{"href":"https:\/\/www.hydraulic-cylinders.net\/lv\/wp-json\/wp\/v2\/types\/product"}],"replies":[{"embeddable":true,"href":"https:\/\/www.hydraulic-cylinders.net\/lv\/wp-json\/wp\/v2\/comments?post=18955"}],"wp:featuredmedia":[{"embeddable":true,"href":"https:\/\/www.hydraulic-cylinders.net\/lv\/wp-json\/wp\/v2\/media\/17867"}],"wp:attachment":[{"href":"https:\/\/www.hydraulic-cylinders.net\/lv\/wp-json\/wp\/v2\/media?parent=18955"}],"wp:term":[{"taxonomy":"product_brand","embeddable":true,"href":"https:\/\/www.hydraulic-cylinders.net\/lv\/wp-json\/wp\/v2\/product_brand?post=18955"},{"taxonomy":"product_cat","embeddable":true,"href":"https:\/\/www.hydraulic-cylinders.net\/lv\/wp-json\/wp\/v2\/product_cat?post=18955"},{"taxonomy":"product_tag","embeddable":true,"href":"https:\/\/www.hydraulic-cylinders.net\/lv\/wp-json\/wp\/v2\/product_tag?post=18955"}],"curies":[{"name":"wp","href":"https:\/\/api.w.org\/{rel}","templated":true}]}}