{"id":18958,"date":"2025-04-07T06:04:16","date_gmt":"2025-04-07T06:04:16","guid":{"rendered":"https:\/\/www.hydraulic-cylinders.net\/product\/boom-cylinder-for-caterpillar-large-excavator-e326dl\/"},"modified":"2025-04-07T06:04:19","modified_gmt":"2025-04-07T06:04:19","slug":"boom-cylinder-for-caterpillar-large-excavator-e326dl","status":"publish","type":"product","link":"https:\/\/www.hydraulic-cylinders.net\/lv\/products\/boom-cylinder-for-caterpillar-large-excavator-e326dl\/","title":{"rendered":"Str\u0113les cilindrs Caterpillar lielajam ekskavatoram E326DL"},"content":{"rendered":"<h1>Str\u0113les cilindrs Caterpillar lielajam ekskavatoram E326DL<\/h1>\n<h2>Ievads str\u0113les cilindros<\/h2>\n<p>Str\u0113les cilindrs, kas paz\u012bstams ar\u012b k\u0101 kausa cilindrs, ir specializ\u0113ts hidrauliskais cilindrs, kas paredz\u0113ts, lai kontrol\u0113tu kausu kust\u012bbu da\u017e\u0101d\u0101s smagaj\u0101s ma\u0161\u012bn\u0101s, tostarp ekskavatoros, ekskavatoros-iekr\u0101v\u0113jos un front\u0101lajos iekr\u0101v\u0113jos. \u0160\u012b svar\u012bg\u0101 sast\u0101vda\u013ca \u013cauj kausam pacelties, nolaisties un noliekties, padarot to par b\u016btisku materi\u0101lu apstr\u0101des darbos. Hidraulisko sist\u0113mu efektivit\u0101te padara str\u0113les cilindrus vit\u0101li svar\u012bgus b\u016bvniec\u012bbas un lauksaimniec\u012bbas darbos, nodro\u0161inot vienm\u0113r\u012bgas un sp\u0113c\u012bgas kust\u012bbas.<\/p>\n<p><img decoding=\"async\" src=\"https:\/\/www.hydraulic-cylinders.net\/wp-content\/uploads\/2025\/04\/songte-company-1.webp\" alt=\"Ekskavatora str\u0113les cilindrs\" \/><\/p>\n<h2>Str\u0113les cilindra galven\u0101s iez\u012bmes<\/h2>\n<ul>\n<li><strong>Augsta iztur\u012bba un ilgm\u016b\u017e\u012bba:<\/strong> \u0160ie cilindri, kas parasti ir izgatavoti no augstas stipr\u012bbas t\u0113rauda vai alum\u012bnija, ir paredz\u0113ti, lai iztur\u0113tu augstu spiedienu un lielas slodzes, kas ir piem\u0113roti skarbajiem darba apst\u0101k\u013ciem.<\/li>\n<li><strong>Efekt\u012bva hidraulisk\u0101 darb\u012bba:<\/strong> Izmantojot hidraulisk\u0101s e\u013c\u013cas spiedienu vienm\u0113r\u012bgai izvilk\u0161anai un ievilk\u0161anai, tie pied\u0101v\u0101 \u0101tru reakciju uz vad\u012bbas komand\u0101m, nodro\u0161inot sp\u0113c\u012bgu stum\u0161anas un vilk\u0161anas sp\u0113ku smagu materi\u0101lu apstr\u0101dei.<\/li>\n<li><strong>Da\u017e\u0101di veidi:<\/strong> Tie ir pieejami ar vienas darb\u012bbas (hidrauliski darbojas vien\u0101 virzien\u0101) vai divk\u0101r\u0161as darb\u012bbas (darbojas abos virzienos) cilindriem, un tie atbilst da\u017e\u0101d\u0101m ekspluat\u0101cijas vajadz\u012bb\u0101m. Da\u017eiem mode\u013ciem ir teleskopiska konstrukcija, kas \u013cauj veikt liel\u0101ku pagarin\u0101jumu, nepalielinot \u0101r\u0113jos izm\u0113rus.<\/li>\n<li><strong>Kompakts dizains:<\/strong> \u0160o cilindru konstrukcijas apsv\u0113rumi nodro\u0161ina, ka tie ietilpst \u0161aur\u0101s telp\u0101s, neapdraudot veiktsp\u0113ju, padarot tos ide\u0101li piem\u0113rotus ierobe\u017eotiem lietojumiem.<\/li>\n<li><strong>Korozijas iztur\u012bba:<\/strong> \u0160ie cilindri ir izgatavoti no nodilumiztur\u012bgiem un korozijiztur\u012bgiem materi\u0101liem, kas nodro\u0161ina ilgm\u016b\u017e\u012bbu pat sare\u017e\u0123\u012btos apst\u0101k\u013cos.<\/li>\n<\/ul>\n<h3>M\u016bsu ra\u017eo\u0161anas iesp\u0113jas<\/h3>\n<p>M\u0113s ra\u017eojam augstas kvalit\u0101tes str\u0113les cilindrus, kas lieliski aizst\u0101j tirg\u016b eso\u0161os hidrauliskos cilindrus.<\/p>\n<p><img decoding=\"async\" src=\"https:\/\/www.hydraulic-cylinders.net\/wp-content\/uploads\/2025\/04\/songte-cylinder-head-with-all-kinds-excavator-models.webp\" alt=\"Ekskavatoru mode\u013ci\" \/><\/p>\n<h2>Str\u0113les cilindru pielietojums<\/h2>\n<h3>Celtniec\u012bbas apr\u012bkojums<\/h3>\n<p>Ekskavatoros str\u0113les cilindri ir \u013coti svar\u012bgi augsnes vai gru\u017eu rak\u0161anai, iekrau\u0161anai un p\u0101rvieto\u0161anai. Tie \u013cauj kausam efekt\u012bvi iek\u013c\u016bt zem\u0113, nodro\u0161inot efekt\u012bvu rak\u0161anu. Ekskavatoros-iekr\u0101v\u0113jos str\u0113les cilindri pal\u012bdz gan rak\u0161anas, gan cel\u0161anas oper\u0101cij\u0101s, padarot tos par daudzpus\u012bgiem instrumentiem b\u016bvlaukumos.<\/p>\n<h3>Lauksaimniec\u012bbas tehnika<\/h3>\n<p>Front\u0101lo iekr\u0101v\u0113ju str\u0113les cilindri atvieglo augsnes, siena un citu materi\u0101lu nokas\u012b\u0161anu, cel\u0161anu un transport\u0113\u0161anu. To jaud\u012bg\u0101 darb\u012bba \u013cauj lauksaimniekiem viegli apstr\u0101d\u0101t beramkravu materi\u0101lus, uzlabojot lauksaimniec\u012bbas darbu produktivit\u0101ti.<\/p>\n<h3>Ekskavatori<\/h3>\n<p>Kausa cilindrs \u013cauj ekskavatoram veikt rak\u0161anas darb\u012bbas, \u013caujot kausam iek\u013c\u016bt augsn\u0113. \u0160\u012b funkcionalit\u0101te ir b\u016btiska b\u016bvniec\u012bbas un ainavu veido\u0161anas darbos, padarot ekskavatoru par svar\u012bgu meh\u0101nismu \u0161\u0101d\u0101s vid\u0113s.<\/p>\n<h3>Iekr\u0101v\u0113ji<\/h3>\n<p>Front\u0101lajos iekr\u0101v\u0113jos str\u0113les cilindri pal\u012bdz efekt\u012bvi pacelt un izkraut kravas. To sp\u0113ja nodro\u0161in\u0101t iev\u0113rojamu celtsp\u0113ju nodro\u0161ina, ka materi\u0101lus var \u0101tri un efekt\u012bvi p\u0101rvietot, uzlabojot darba pl\u016bsmu darba viet\u0101s.<\/p>\n<h2>Dizaina apsv\u0113rumi un atlases krit\u0113riji<\/h2>\n<ul>\n<li><strong>Kravnes\u012bba:<\/strong> Str\u0113les cilindra kravnes\u012bba ir kritiski svar\u012bga. Tam j\u0101sp\u0113j iztur\u0113t apstr\u0101d\u0101jamo materi\u0101lu svaru, k\u0101 ar\u012b ekspluat\u0101cijas laik\u0101 rad\u012btos sp\u0113kus. P\u0101rslodze var izrais\u012bt cilindra boj\u0101jumus, t\u0101p\u0113c ir svar\u012bgi izv\u0113l\u0113ties cilindru, kas p\u0101rsniedz ekspluat\u0101cijas pras\u012bbas.<\/li>\n<li><strong>Bl\u012bv\u0113juma integrit\u0101te:<\/strong> Bl\u012bv\u0113jumiem ir b\u016btiska loma hidraulisk\u0101 spiediena uztur\u0113\u0161an\u0101 un nopl\u016b\u017eu nov\u0113r\u0161an\u0101. J\u0101izv\u0113las kvalitat\u012bvi bl\u012bv\u0113jumi, nodro\u0161inot, ka tie iztur darba spiedienu un temperat\u016bru. Materi\u0101lu, piem\u0113ram, poliuret\u0101na vai nitrila gumijas, izv\u0113le var b\u016btiski ietekm\u0113t bl\u012bv\u0113jumu ilgm\u016b\u017e\u012bbu un veiktsp\u0113ju.<\/li>\n<li><strong>Iztur\u012bba:<\/strong> Balonam j\u0101b\u016bt izgatavotam no materi\u0101liem, kas ir iztur\u012bgi pret nodilumu un koroziju. Cietu p\u0101rkl\u0101jumu vai virsmas apstr\u0101des iek\u013cau\u0161ana var uzlabot iztur\u012bbu, \u012bpa\u0161i abraz\u012bv\u0101 vid\u0113. Tas nodro\u0161ina ilg\u0101ku kalpo\u0161anas laiku, samazinot nomai\u0146as un remonta bie\u017eumu.<\/li>\n<li><strong>Dro\u0161\u012bbas funkcijas:<\/strong> Dro\u0161\u012bba hidrauliskaj\u0101s sist\u0113m\u0101s ir \u0101rk\u0101rt\u012bgi svar\u012bga. Projekt\u0113\u0161an\u0101 j\u0101iek\u013cauj t\u0101das funkcijas k\u0101 spiediena samazin\u0101\u0161anas v\u0101rsti, kas nov\u0113r\u0161 p\u0101rm\u0113r\u012bga spiediena palielin\u0101\u0161anos, t\u0101d\u0113j\u0101di aizsarg\u0101jot visu sist\u0113mu no potenci\u0101liem boj\u0101jumiem, kas var\u0113tu izrais\u012bt negad\u012bjumus.<\/li>\n<li><strong>Apkopes pieejam\u012bba:<\/strong> Konstrukcijai j\u0101nodro\u0161ina viegla apkope un remonts. Tas ietver pietiekamu piek\u013cuves punktu nodro\u0161in\u0101\u0161anu p\u0101rbaudei un apkopei, t\u0101d\u0113j\u0101di atvieglojot balona uztur\u0113\u0161anu nevainojam\u0101 darba k\u0101rt\u012bb\u0101.<\/li>\n<\/ul>\n<p><img decoding=\"async\" src=\"https:\/\/www.hydraulic-cylinders.net\/wp-content\/uploads\/2025\/04\/songte-oil-pipes-and-spare-parts.webp\" alt=\"Hidraulisk\u0101s da\u013cas\" \/><\/p>\n<h2>Cilindra bl\u012bv\u0113\u0161ana un e\u013c\u013co\u0161ana<\/h2>\n<p>Hidraulisk\u0101 cilindra integrit\u0101te liel\u0101 m\u0113r\u0101 ir atkar\u012bga no efekt\u012bva bl\u012bv\u0113juma un e\u013c\u013co\u0161anas. Lai uztur\u0113tu spiedienu cilindr\u0101, tiek izmantoti da\u017e\u0101di bl\u012bv\u0113\u0161anas komponenti, tostarp virzu\u013ca bl\u012bv\u0113jumi un stie\u0146a bl\u012bv\u0113jumi. Bl\u012bv\u0113jumi bie\u017ei tiek izgatavoti no iztur\u012bgiem materi\u0101liem, piem\u0113ram, poliuret\u0101na un nitrila gumijas, nodro\u0161inot iztur\u012bbu pret nodilumu un herm\u0113tisku bl\u012bv\u0113jumu. Cilindra korpuss un v\u012bt\u0146ot\u0101s gala virsmas tiek r\u016bp\u012bgi apstr\u0101d\u0101tas, lai uzlabotu to nodilumiztur\u012bbu. Regul\u0101ra e\u013c\u013co\u0161ana ar atbilsto\u0161u hidraulisko e\u013c\u013cu ir b\u016btiska, lai samazin\u0101tu berzi, nov\u0113rstu nodilumu un laika gait\u0101 saglab\u0101tu optim\u0101lu veiktsp\u0113ju.<\/p>\n<h2>Regul\u0101ra p\u0101rbaude un profilaktisk\u0101 apkope<\/h2>\n<ul>\n<li><strong>Regul\u0101ras p\u0101rbaudes:<\/strong> Veiciet regul\u0101ras p\u0101rbaudes, lai identific\u0113tu jebk\u0101das nodiluma vai nopl\u016bdes paz\u012bmes. Probl\u0113mu, piem\u0113ram, e\u013c\u013cas nopl\u016b\u017eu, agr\u012bna atkl\u0101\u0161ana var nov\u0113rst nopietn\u0101kus remontdarbus v\u0113l\u0101k.<\/li>\n<li><strong>Pareiza e\u013c\u013co\u0161ana:<\/strong> Iev\u0113rojiet regul\u0101ru e\u013c\u013co\u0161anas grafiku, lai nodro\u0161in\u0101tu, ka bl\u012bves un kust\u012bg\u0101s da\u013cas ir pien\u0101c\u012bgi iee\u013c\u013cotas, samazinot berzi un nodilumu.<\/li>\n<li><strong>Bl\u012bv\u0113juma nomai\u0146a:<\/strong> Regul\u0101ri nov\u0113rt\u0113jiet bl\u012bv\u0113jumu st\u0101vokli un nomainiet tos p\u0113c nepiecie\u0161am\u012bbas. Nolietoti bl\u012bv\u0113jumi var samazin\u0101t efektivit\u0101ti un palielin\u0101t ekspluat\u0101cijas izmaksas.<\/li>\n<\/ul>\n<h2>Uzst\u0101d\u012b\u0161anas vadl\u012bnijas<\/h2>\n<p>Pareiza str\u0113les cilindra uzst\u0101d\u012b\u0161ana ir \u013coti svar\u012bga optim\u0101lai veiktsp\u0113jai. Vispirms p\u0101rliecinieties, vai cilindrs ir pareizi izl\u012bdzin\u0101ts ar tehnikas stiprin\u0101juma punktiem. Izmantojiet atbilsto\u0161us stiprin\u0101juma kron\u0161teinus, lai stingri nostiprin\u0101tu cilindru viet\u0101. Ir svar\u012bgi visas skr\u016bves pievilkt atbilsto\u0161i ra\u017eot\u0101ja specifik\u0101cij\u0101m, lai darb\u012bbas laik\u0101 izvair\u012btos no jebk\u0101das kust\u012bbas. P\u0113c uzst\u0101d\u012b\u0161anas p\u0101rbaudiet, vai nav nob\u012bdes, un attiec\u012bgi noregul\u0113jiet. Turkl\u0101t p\u0101rliecinieties, vai hidraulisk\u0101s \u0161\u013c\u016btenes ir pareizi pievienotas, lai nov\u0113rstu nopl\u016bdes. Visbeidzot, p\u0101rbaudiet hidraulisko sist\u0113mu, nov\u0113rojot cilindra darb\u012bbu, lai p\u0101rliecin\u0101tos, ka viss darbojas nevainojami.<\/p>\n<h2>Bie\u017ei sastopamie apkopes uzdevumi<\/h2>\n<ul>\n<li><strong>Regul\u0101ras p\u0101rbaudes:<\/strong> Regul\u0101ras p\u0101rbaudes var pal\u012bdz\u0113t laikus atkl\u0101t nopl\u016bdes vai nodiluma paz\u012bmes, \u013caujot savlaic\u012bgi veikt remontu, kas pagarina cilindra kalpo\u0161anas laiku. Piev\u0113rsiet \u012bpa\u0161u uzman\u012bbu bl\u012bv\u0113m un stienim, lai p\u0101rliecin\u0101tos, ka nav radu\u0161ies boj\u0101jumi.<\/li>\n<li><strong>Piem\u0113rota e\u013c\u013co\u0161ana:<\/strong> Ir svar\u012bgi nodro\u0161in\u0101t atbilsto\u0161u hidraulisk\u0101s e\u013c\u013cas l\u012bmeni un regul\u0101ri apkopt e\u013c\u013co\u0161anas punktus. Izmantojiet ieteicamos hidrauliskos \u0161\u0137idrumus, lai uztur\u0113tu sist\u0113mas efektivit\u0101ti un samazin\u0101tu nodilumu.<\/li>\n<li><strong>Bl\u012bv\u0113juma nomai\u0146as un kalibr\u0113\u0161anas p\u0101rbaudes:<\/strong> Regul\u0101ra bl\u012bv\u0113jumu nomai\u0146a var nov\u0113rst e\u013c\u013cas nopl\u016bdes un uztur\u0113t sist\u0113mas spiedienu. Turkl\u0101t veiciet kalibr\u0113\u0161anas p\u0101rbaudes, lai p\u0101rliecin\u0101tos, ka cilindrs darbojas atbilsto\u0161i noteiktaj\u0101m specifik\u0101cij\u0101m.<\/li>\n<\/ul>\n<p><img decoding=\"async\" src=\"https:\/\/www.hydraulic-cylinders.net\/wp-content\/uploads\/2025\/04\/songte-chushion-collar.webp\" alt=\"Spilvenu apkakle\" \/><\/p>\n<h2>Dro\u0161\u012bbas apsv\u0113rumi un vides faktori<\/h2>\n<p>Dro\u0161\u012bbas pas\u0101kumi ir kritiski svar\u012bgi, lietojot hidraulisk\u0101s sist\u0113mas. Operatoriem j\u0101b\u016bt apm\u0101c\u012btiem atpaz\u012bt iesp\u0113jamos apdraud\u0113jumus, kas saist\u012bti ar hidraulisko apr\u012bkojumu, piem\u0113ram, p\u0113k\u0161\u0146as kust\u012bbas vai boj\u0101jumus. Dro\u0161\u012bbas protokolu ievie\u0161ana, piem\u0113ram, aizsargl\u012bdzek\u013cu lieto\u0161ana un darba zonu br\u012bvas no \u0161\u0137\u0113r\u0161\u013ciem nodro\u0161in\u0101\u0161ana, var samazin\u0101t riskus. Turkl\u0101t \u0146emiet v\u0113r\u0101 hidraulisko \u0161\u0137idrumu ietekmi uz vidi. Ja iesp\u0113jams, izv\u0113lieties biolo\u0123iski no\u0101rd\u0101mas e\u013c\u013cas, lai samazin\u0101tu ekolo\u0123isko p\u0113du, un nodro\u0161iniet pareizas visu apkopes laik\u0101 radu\u0161os atkritumu utiliz\u0101cijas metodes.<\/p>\n<h2>Probl\u0113mu nov\u0113r\u0161ana un bie\u017ei sastopamas probl\u0113mas<\/h2>\n<ul>\n<li><strong>Nopl\u016bde:<\/strong> Viena no visbie\u017e\u0101k sastopamaj\u0101m hidraulisko cilindru probl\u0113m\u0101m ir nopl\u016bde. P\u0101rbaudiet, vai nav boj\u0101tu bl\u012bv\u0113jumu vai va\u013c\u012bgu savienojumu, un nomainiet bl\u012bv\u0113jumus, ja nepiecie\u0161ams, lai nov\u0113rstu \u0161o probl\u0113mu.<\/li>\n<li><strong>L\u0113na darb\u012bba:<\/strong> Ja cilindrs darbojas l\u0113ni, p\u0101rbaudiet hidraulisk\u0101 \u0161\u0137idruma l\u012bmeni un p\u0101rliecinieties, ka sist\u0113m\u0101 nav aizsprostojumu. Gaiss sist\u0113m\u0101 var izrais\u012bt ar\u012b l\u0113nu kust\u012bbu; var b\u016bt nepiecie\u0161ama sist\u0113mas atgaiso\u0161ana.<\/li>\n<li><strong>Negaid\u012bta kust\u012bba:<\/strong> Tas var\u0113tu liecin\u0101t par bl\u012bv\u0113jumu boj\u0101jumu vai vad\u012bbas v\u0101rsta darb\u012bbas trauc\u0113jumiem. P\u0101rbaudiet, vai bl\u012bv\u0113jumi nav boj\u0101ti, un p\u0101rliecinieties, vai vad\u012bbas sist\u0113mas darbojas pareizi.<\/li>\n<\/ul>\n<p>Lai efekt\u012bvi diagnostic\u0113tu un nov\u0113rstu probl\u0113mas, operatoriem ir j\u0101uztur detaliz\u0113ts apkopes \u017eurn\u0101ls, atz\u012bm\u0113jot visas radu\u0161\u0101s probl\u0113mas un izmantotos risin\u0101jumus. Profilakse ir \u013coti svar\u012bga; regul\u0101ras apkopes p\u0101rbaudes var iev\u0113rojami samazin\u0101t probl\u0113mu atk\u0101rto\u0161an\u0101s iesp\u0113jam\u012bbu.<\/p>\n<p><img decoding=\"async\" src=\"https:\/\/www.hydraulic-cylinders.net\/wp-content\/uploads\/2025\/04\/songte-bushings-with-all-kinds-of-excavator-models.webp\" alt=\"Ekskavatoru bukses\" \/><\/p>\n<h2>Uz\u0146\u0113muma p\u0101rskats<\/h2>\n<p>M\u0113s esam vado\u0161ais rezerves hidraulisko cilindru ra\u017eot\u0101js, kas pied\u0101v\u0101 pla\u0161u produktu kl\u0101stu gan viet\u0113jam, gan starptautiskajam tirgum. M\u016bsu ap\u0146em\u0161an\u0101s sasniegt izcil\u012bbu mudina m\u016bs iev\u0113rot augstus kvalit\u0101tes standartus, ko atbalsta sare\u017e\u0123\u012bta ra\u017eo\u0161anas vad\u012bbas strat\u0113\u0123ija. M\u0113s izmantojam progres\u012bvas tehnolo\u0123ijas un prasm\u012bgu person\u0101lu, lai uzlabotu savas ra\u017eo\u0161anas iesp\u0113jas, nodro\u0161inot, ka efekt\u012bvi un lietder\u012bgi apmierin\u0101m m\u016bsu klientu da\u017e\u0101d\u0101s vajadz\u012bbas.<\/p>\n<h3>M\u016bsu specialit\u0101tes<\/h3>\n<ul>\n<li><strong>Profesion\u0101l\u0101 pieredze:<\/strong> M\u016bsu komand\u0101 ir augsti kvalific\u0113ti speci\u0101listi ar pla\u0161\u0101m zin\u0101\u0161an\u0101m hidraulisko sist\u0113mu jom\u0101, kas nodro\u0161ina lab\u0101kos risin\u0101jumus m\u016bsu klientiem.<\/li>\n<li><strong>Starptautisk\u0101s sertifik\u0101cijas:<\/strong> Mums ir da\u017e\u0101di starptautiski sertifik\u0101ti, kas apliecina m\u016bsu produktu kvalit\u0101ti un uzticam\u012bbu.<\/li>\n<li><strong>Piel\u0101goti risin\u0101jumi:<\/strong> M\u0113s pied\u0101v\u0101jam piel\u0101gotus ra\u017eo\u0161anas pakalpojumus, lai apmierin\u0101tu \u012bpa\u0161as klientu vajadz\u012bbas, nodro\u0161inot, ka katrs produkts ir piel\u0101gots vi\u0146u pras\u012bb\u0101m.<\/li>\n<li><strong>Uzlabots ra\u017eo\u0161anas apr\u012bkojums:<\/strong> M\u016bsu modern\u0101k\u0101s ra\u017eo\u0161anas iek\u0101rtas \u013cauj mums uztur\u0113t augstu precizit\u0101ti un efektivit\u0101ti m\u016bsu ra\u017eo\u0161anas procesos.<\/li>\n<li><strong>Visaptvero\u0161s p\u0113cp\u0101rdo\u0161anas serviss:<\/strong> M\u0113s nodro\u0161in\u0101m stabilu p\u0113cp\u0101rdo\u0161anas atbalstu, nodro\u0161inot, ka m\u016bsu klienti ir apmierin\u0101ti ar pirkumiem un sa\u0146em pal\u012bdz\u012bbu, kad vien t\u0101 nepiecie\u0161ama.<\/li>\n<\/ul>\n<p><img decoding=\"async\" src=\"https:\/\/www.hydraulic-cylinders.net\/wp-content\/uploads\/2025\/04\/songte-company-4.webp\" alt=\"Uz\u0146\u0113muma p\u0101rskats 1\" \/><br \/>\n<img decoding=\"async\" src=\"https:\/\/www.hydraulic-cylinders.net\/wp-content\/uploads\/2025\/04\/songte-company-3.webp\" alt=\"Uz\u0146\u0113muma p\u0101rskats 2\" \/><\/p>\n<p>Autors: lil<\/p>","protected":false},"excerpt":{"rendered":"<p>Boom Cylinder For Caterpillar Large Excavator E326DL Introduction to Boom Cylinders The boom cylinder, also known as the bucket cylinder, is a specialized hydraulic cylinder designed to control the movement of buckets in various heavy machinery, including excavators, backhoe loaders, and front loaders. This crucial component allows the bucket to lift, lower, and tilt, making [&hellip;]<\/p>","protected":false},"featured_media":17870,"comment_status":"open","ping_status":"closed","template":"","meta":{"_et_pb_use_builder":"","_et_pb_old_content":"","_et_gb_content_width":""},"product_brand":[],"product_cat":[1546],"product_tag":[1547,1496],"class_list":{"0":"post-18958","1":"product","2":"type-product","3":"status-publish","4":"has-post-thumbnail","6":"product_cat-boom-cylinders","7":"product_tag-boom-cylinders","8":"product_tag-hydraulic-cylinders","10":"first","11":"instock","12":"shipping-taxable","13":"product-type-simple"},"amp_enabled":true,"_links":{"self":[{"href":"https:\/\/www.hydraulic-cylinders.net\/lv\/wp-json\/wp\/v2\/product\/18958","targetHints":{"allow":["GET"]}}],"collection":[{"href":"https:\/\/www.hydraulic-cylinders.net\/lv\/wp-json\/wp\/v2\/product"}],"about":[{"href":"https:\/\/www.hydraulic-cylinders.net\/lv\/wp-json\/wp\/v2\/types\/product"}],"replies":[{"embeddable":true,"href":"https:\/\/www.hydraulic-cylinders.net\/lv\/wp-json\/wp\/v2\/comments?post=18958"}],"wp:featuredmedia":[{"embeddable":true,"href":"https:\/\/www.hydraulic-cylinders.net\/lv\/wp-json\/wp\/v2\/media\/17870"}],"wp:attachment":[{"href":"https:\/\/www.hydraulic-cylinders.net\/lv\/wp-json\/wp\/v2\/media?parent=18958"}],"wp:term":[{"taxonomy":"product_brand","embeddable":true,"href":"https:\/\/www.hydraulic-cylinders.net\/lv\/wp-json\/wp\/v2\/product_brand?post=18958"},{"taxonomy":"product_cat","embeddable":true,"href":"https:\/\/www.hydraulic-cylinders.net\/lv\/wp-json\/wp\/v2\/product_cat?post=18958"},{"taxonomy":"product_tag","embeddable":true,"href":"https:\/\/www.hydraulic-cylinders.net\/lv\/wp-json\/wp\/v2\/product_tag?post=18958"}],"curies":[{"name":"wp","href":"https:\/\/api.w.org\/{rel}","templated":true}]}}