{"id":1896,"date":"2023-10-19T06:24:49","date_gmt":"2023-10-19T06:24:49","guid":{"rendered":"https:\/\/hydraulic-cylinders.net\/?post_type=product&#038;p=1896"},"modified":"2025-04-11T02:51:56","modified_gmt":"2025-04-11T02:51:56","slug":"open-tbm-thrust-cylinder","status":"publish","type":"product","link":"https:\/\/www.hydraulic-cylinders.net\/lv\/products\/open-tbm-thrust-cylinder\/","title":{"rendered":"Atv\u0113rt\u0101 TBM vilces cilindra"},"content":{"rendered":"<h1 style=\"text-align: center;\"><strong>Atv\u0113rt\u0101 TBM vilces cilindra<\/strong><\/h1>\n<p><img loading=\"lazy\" decoding=\"async\" class=\"aligncenter wp-image-1897\" src=\"https:\/\/hydraulic-cylinders.net\/wp-content\/uploads\/2023\/10\/thrust-cylinder-1-2-300x300.webp\" alt=\"\" width=\"400\" height=\"400\" \/><\/p>\n<p>Atv\u0113rt\u0101 tipa tune\u013cu urb\u0161anas iek\u0101rtas (TBM) vilces cilindrs ir moderna hidrauliska sast\u0101vda\u013ca, kas paredz\u0113ta tune\u013cu urb\u0161anas iek\u0101rtu (TBM) jaudas un efektivit\u0101tes optimiz\u0113\u0161anai. \u0160im specializ\u0113tajam cilindram ir b\u016btiska loma nepiecie\u0161am\u0101 vilces sp\u0113ka nodro\u0161in\u0101\u0161an\u0101 TBM kust\u012bbai uz priek\u0161u rak\u0161anas laik\u0101. \u0160aj\u0101 informat\u012bvaj\u0101 rakst\u0101 m\u0113s iedzi\u013cin\u0101simies atv\u0113rt\u0101 tipa tune\u013cu urb\u0161anas iek\u0101rtas vilces cilindra galvenaj\u0101s raksturlielumos, lieto\u0161anas metod\u0113s un apkopes vadl\u012bnij\u0101s.<\/p>\n<p>Atv\u0113rt\u0101 tipa TBM vilces cilindrs ir jaud\u012bga hidrauliska sast\u0101vda\u013ca, kas uzlabo tune\u013cu urb\u0161anas oper\u0101ciju efektivit\u0101ti un produktivit\u0101ti. Ar savu sp\u0113c\u012bgo vilces sp\u0113ku, prec\u012bzo vad\u012bbu, iztur\u012bbu un dro\u0161\u012bbas funkcij\u0101m \u0161is cilindrs nodro\u0161ina vienm\u0113r\u012bgu un uzticamu TBM kust\u012bbu uz priek\u0161u. Iev\u0113rojot ieteicam\u0101s lieto\u0161anas metodes un regul\u0101ras apkopes praksi, atv\u0113rt\u0101 tipa TBM vilces cilindrs turpin\u0101s nodro\u0161in\u0101t izcilu veiktsp\u0113ju, veicinot tune\u013cu urb\u0161anas projektu pan\u0101kumus. Paaugstiniet savas tune\u013cu urb\u0161anas darb\u012bbas ar atv\u0113rt\u0101 tipa TBM vilces cilindra pied\u0101v\u0101to jaudu un efektivit\u0101ti.<\/p>\n<p>Atv\u0113rt\u0101 tipa TBM vilces cilindra galven\u0101s \u012bpa\u0161\u012bbas:<\/p>\n<ol>\n<li>Sp\u0113c\u012bgs vilces sp\u0113ks: Atv\u0113rt\u0101 tipa TBM vilces cilindrs nodro\u0161ina sp\u0113c\u012bgu vilces sp\u0113ku, \u013caujot TBM p\u0101rvar\u0113t sare\u017e\u0123\u012btus \u0123eolo\u0123iskos veidojumus. Ar savu augsto kravnes\u012bbu un prec\u012bzu in\u017eenieriju \u0161is cilindrs nodro\u0161ina efekt\u012bvu un uzticamu kust\u012bbu uz priek\u0161u, samazinot projekta termi\u0146us un uzlabojot produktivit\u0101ti.<\/li>\n<li>Prec\u012bza vad\u012bba: Apr\u012bkots ar modern\u0101m hidraulisk\u0101m sist\u0113m\u0101m, \u0161is cilindrs nodro\u0161ina prec\u012bzu TBM rad\u012bt\u0101 vilces sp\u0113ka kontroli. Operatori var regul\u0113t cilindra pagarin\u0101jumu un ievilk\u0161anu, lai prec\u012bzi noregul\u0113tu TBM progresu, nodro\u0161inot optim\u0101lu rak\u0161anas \u0101trumu un precizit\u0101ti.<\/li>\n<li>Paaugstin\u0101ta iztur\u012bba: Atv\u0113rt\u0101 tipa TBM vilces cilindrs, kas izgatavots no augstas kvalit\u0101tes materi\u0101liem, ir paredz\u0113ts iztur\u0113t sare\u017e\u0123\u012btos apst\u0101k\u013cus tune\u013cu urb\u0161anas darbos. Tas var iztur\u0113t augstu spiedienu, triecienus un vibr\u0101cijas, nodro\u0161inot ilgsto\u0161u iztur\u012bbu, samazinot d\u012bkst\u0101ves laiku un apkopes izmaksas.<\/li>\n<li>Dro\u0161\u012bbas funkcijas: Atv\u0113rt\u0101 tipa TBM vilces cilindrs ietver t\u0101das dro\u0161\u012bbas funkcijas k\u0101 p\u0101rslodzes aizsardz\u012bba un av\u0101rijas aptur\u0113\u0161anas meh\u0101nismi. \u0160\u012bs funkcijas pal\u012bdz nov\u0113rst p\u0101rm\u0113r\u012bgu sp\u0113ku iedarb\u012bbu uz cilindru, nodro\u0161inot TBM operatoru dro\u0161\u012bbu un samazinot iek\u0101rtu boj\u0101jumu risku.<\/li>\n<\/ol>\n<h2><strong>Atv\u0113rt\u0101 TBM vilces cilindra parametrs:<\/strong><\/h2>\n<table border=\"1\" cellspacing=\"0\" cellpadding=\"0\">\n<tbody>\n<tr>\n<td>Produkta nosaukums<\/td>\n<td>Atv\u0113rt\u0101 tune\u013ca urb\u0161anas ma\u0161\u012bnas vilces cilindrs<\/td>\n<\/tr>\n<tr>\n<td>Funkcijas:<\/td>\n<td>Nodro\u0161iniet tune\u013ca urb\u0161anas ma\u0161\u012bnas virz\u012bbu uz priek\u0161u tunel\u0113jot<\/td>\n<\/tr>\n<tr>\n<td>Urbuma diametrs:<\/td>\n<td>300 mm\uff5e600 mm<\/td>\n<\/tr>\n<tr>\n<td>Stie\u0146a diametrs:<\/td>\n<td>200 mm\uff5e400 mm<br \/>\nG\u0101jiens 1100 mm\uff5e2050 mm<\/td>\n<\/tr>\n<tr>\n<td>Spiediens:<\/td>\n<td>l\u012bdz 35 MPa<\/td>\n<\/tr>\n<tr>\n<td>Lietojumi:<\/td>\n<td>Atv\u0113rt\u0101 tune\u013ca urb\u0161anas ma\u0161\u012bna<\/td>\n<\/tr>\n<\/tbody>\n<\/table>\n<h2><strong>Atv\u0113rt\u0101 TBM cilindra pielietojums:<\/strong><\/h2>\n<p><img loading=\"lazy\" decoding=\"async\" class=\"alignnone wp-image-1899 size-full\" src=\"https:\/\/hydraulic-cylinders.net\/wp-content\/uploads\/2023\/10\/open-tbm-cylinder-1.webp\" alt=\"\" width=\"709\" height=\"473\" srcset=\"https:\/\/hydraulic-cylinders.net\/wp-content\/uploads\/2023\/10\/open-tbm-cylinder-1.webp 709w, https:\/\/hydraulic-cylinders.net\/wp-content\/uploads\/2023\/10\/open-tbm-cylinder-1-480x320.webp 480w\" sizes=\"(min-width: 0px) and (max-width: 480px) 480px, (min-width: 481px) 709px, 100vw\" \/><\/p>\n<h2><strong>Atv\u0113rt\u0101 TBM vilces cilindra lieto\u0161anas metode<\/strong><strong>:<\/strong><\/h2>\n<ol>\n<li><strong>Cilindra uzst\u0101d\u012b\u0161ana:<\/strong>\u00a0 Uzst\u0101diet atv\u0113rto TBM vilces cilindru, iev\u0113rojot ra\u017eot\u0101ja nor\u0101d\u012bjumus. Izmantojiet piem\u0113rotus mont\u0101\u017eas kron\u0161teinus vai piederumus, lai nodro\u0161in\u0101tu pareizu izl\u012bdzin\u0101\u0161anu un dro\u0161u stiprin\u0101jumu pie TBM konstrukcijas.<\/li>\n<li><strong>Hidraulisk\u0101s sist\u0113mas integr\u0101cija:<\/strong>\u00a0 Pievienojiet cilindru TBM hidrauliskajai sist\u0113mai, izmantojot sader\u012bgas \u0161\u013c\u016btenes un savienojumus. P\u0101rliecinieties, vai visi savienojumi ir dro\u0161i, bez nopl\u016bd\u0113m un pietiekami pievilkti, lai uztur\u0113tu optim\u0101lu hidraulisko veiktsp\u0113ju.<\/li>\n<li><strong>Vilces sp\u0113ka regul\u0113\u0161ana:<\/strong>\u00a0 Iepaz\u012bstieties ar atv\u0113rt\u0101 TBM vilces cilindra vad\u012bbas ier\u012bc\u0113m. Izmantojiet \u0161\u012bs vad\u012bbas ier\u012bces, lai regul\u0113tu cilindra pagarin\u0101jumu un ievilk\u0161anu, \u013caujot prec\u012bzi kontrol\u0113t TBM rad\u012bto vilces sp\u0113ku. Piel\u0101gojiet vilces sp\u0113ku atbilsto\u0161i \u0123eolo\u0123iskajiem apst\u0101k\u013ciem un v\u0113lamajam rak\u0161anas \u0101trumam.<\/li>\n<li><strong>Dro\u0161\u012bbas pas\u0101kumi:<\/strong>\u00a0 Iev\u0113rojiet visus TBM ra\u017eot\u0101ja sniegtos dro\u0161\u012bbas protokolus un vadl\u012bnijas. Nodro\u0161iniet, lai operatori b\u016btu apm\u0101c\u012bti TBM un atv\u0113rt\u0101 TBM vilces cilindra dro\u0161\u0101 lieto\u0161an\u0101. Regul\u0101ri p\u0101rbaudiet dro\u0161\u012bbas meh\u0101nismus un veiciet apkopi, k\u0101 ieteikts, lai nodro\u0161in\u0101tu to pareizu darb\u012bbu.<\/li>\n<\/ol>\n<h2><strong>K\u0101 atgaisot hidraulisko cilindru ba\u013c\u0137u skald\u012bt\u0101jam?<\/strong><\/h2>\n<p>Malkas skald\u012bt\u0101ja hidraulisk\u0101 cilindra atgaiso\u0161ana ir \u013coti svar\u012bga, lai uztur\u0113tu optim\u0101lu veiktsp\u0113ju un risin\u0101tu t\u0101das probl\u0113mas k\u0101 l\u0113na vai v\u0101ja darb\u012bba. Lai atgaisotu hidraulisko cilindru malkas skald\u012bt\u0101j\u0101, veiciet \u0161\u012bs darb\u012bbas:<\/p>\n<ol>\n<li><strong>Dro\u0161\u012bba pirmaj\u0101 viet\u0101:<\/strong> Pirms jebk\u0101du apkopes darbu uzs\u0101k\u0161anas p\u0101rliecinieties, vai ba\u013c\u0137u skald\u012bt\u0101js ir izsl\u0113gts, dzin\u0113js ir atdzisis un hidraulisk\u0101 sist\u0113ma ir bez spiediena. Uzvelciet ar\u012b atbilsto\u0161us individu\u0101los aizsardz\u012bbas l\u012bdzek\u013cus (IAL), piem\u0113ram, cimdus un aizsargbrilles.<\/li>\n<li><strong>Atrodiet atgaiso\u0161anas v\u0101rstu:<\/strong> Identific\u0113jiet hidraulisk\u0101 cilindra atgaiso\u0161anas v\u0101rstu. T\u0101 parasti ir maza skr\u016bve vai v\u0101rsts, kas atrodas uz cilindra korpusa vai hidraulisko savienojumu tuvum\u0101.<\/li>\n<li><strong>Pozicion\u0113\u0161ana:<\/strong> Novietojiet malkas skald\u012bt\u0101ju stabil\u0101 un l\u012bdzen\u0101 st\u0101vokl\u012b, lai nodro\u0161in\u0101tu dro\u0161u un efekt\u012bvu hidraulisk\u0101 cilindra atgaiso\u0161anu. P\u0101rliecinieties, vai atgaiso\u0161anas v\u0101rsts ir pieejams.<\/li>\n<li><strong>Sagatavojiet sav\u0101k\u0161anas konteineru:<\/strong> Novietojiet piem\u0113rotu trauku zem atgaiso\u0161anas v\u0101rsta, lai sav\u0101ktu hidraulisko \u0161\u0137idrumu, kas var\u0113tu izpl\u016bst atgaiso\u0161anas procesa laik\u0101.<\/li>\n<li><strong>Atv\u0113rt atgaiso\u0161anas v\u0101rstu:<\/strong> Izmantojot piem\u0113rotu uzgrie\u017e\u0146u atsl\u0113gu vai instrumentu, uzman\u012bgi atveriet izlai\u0161anas v\u0101rstu, pagrie\u017eot to pret\u0113ji pulkste\u0146r\u0101d\u012bt\u0101ja virzienam. Tas \u013caus izpl\u016bst gaisam un iesprostotam \u0161\u0137idrumam.<\/li>\n<li><strong>Iedarbiniet dzin\u0113ju:<\/strong> Iedarbiniet malkas skald\u012bt\u0101ja dzin\u0113ju un \u013caujiet tam darboties tuk\u0161gait\u0101. \u0160\u012b darb\u012bba aktiviz\u0113s hidraulisko s\u016bkni, \u013caujot \u0161\u0137idrumam pl\u016bst caur sist\u0113mu.<\/li>\n<li><strong>Vad\u012bbas sviras lieto\u0161ana:<\/strong> Iesl\u0113dziet vad\u012bbas rokturi vai sviru, kas aktiviz\u0113 hidraulisko cilindru. P\u0101rvietojiet vad\u012bbas rokturi izstiep\u0161anas vai ievilk\u0161anas poz\u012bcij\u0101 atkar\u012bb\u0101 no v\u0113lam\u0101s darb\u012bbas. Tas pal\u012bdz\u0113s rad\u012bt hidraulisko spiedienu un izspiest no cilindra iesprostoto gaisu.<\/li>\n<li><strong>Nov\u0113rot \u0161\u0137idruma pl\u016bsmu:<\/strong> V\u0113rojiet \u0161\u0137idruma pl\u016bsmu no atgaiso\u0161anas v\u0101rsta. S\u0101kum\u0101 var b\u016bt gaisa burbu\u013ci, bet, turpinoties atgaiso\u0161anas procesam, \u0161\u0137idrumam vajadz\u0113tu k\u013c\u016bt viendab\u012bgam un bez gaisa. \u013baujiet \u0161\u0137idrumam k\u0101du laiku pl\u016bst, lai p\u0101rliecin\u0101tos, ka viss gaiss ir izspiests.<\/li>\n<li><strong>Aizveriet atgaiso\u0161anas v\u0101rstu:<\/strong> Kad \u0161\u0137idrums pl\u016bst vienm\u0113r\u012bgi, bez gaisa burbu\u013ciem, aizveriet atgaiso\u0161anas v\u0101rstu, pagrie\u017eot to pulkste\u0146r\u0101d\u012bt\u0101ja virzien\u0101. Uzmanieties, lai to nep\u0101rslogotu.<\/li>\n<li><strong>P\u0101rbaudiet \u0161\u0137idruma l\u012bmeni:<\/strong> P\u0101rbaudiet hidraulisk\u0101 \u0161\u0137idruma l\u012bmeni rezervu\u0101r\u0101. Ja nepiecie\u0161ams, pievienojiet ieteicamo hidraulisko \u0161\u0137idrumu, lai uztur\u0113tu atbilsto\u0161u l\u012bmeni. Inform\u0101ciju par pareizo hidraulisk\u0101 \u0161\u0137idruma veidu un specifik\u0101cij\u0101m skatiet malkas skald\u012bt\u0101ja rokasgr\u0101mat\u0101.<\/li>\n<li><strong>Testa darb\u012bba:<\/strong> Kad hidrauliskais cilindrs ir atgaisots un \u0161\u0137idruma l\u012bmenis p\u0101rbaud\u012bts, p\u0101rbaudiet ba\u013c\u0137u skald\u012bt\u0101ja darb\u012bbu. Iesl\u0113dziet vad\u012bbas sviru un nov\u0113rojiet cilindra darb\u012bbu. Tam j\u0101darbojas vienm\u0113r\u012bgi un j\u0101nodro\u0161ina pietiekams sp\u0113ks ba\u013c\u0137u skald\u012b\u0161anai.<\/li>\n<li><strong>Atk\u0101rtojiet, ja nepiecie\u0161ams:<\/strong> Da\u017eos gad\u012bjumos gr\u016bti izdz\u0113\u0161am\u0101m gaisa kabat\u0101m var b\u016bt nepiecie\u0161ami vair\u0101ki atgaiso\u0161anas cikli. Atk\u0101rtojiet atgaiso\u0161anas procesu, ja sist\u0113m\u0101 joproj\u0101m paman\u0101t gaisu vai rodas slikta veiktsp\u0113ja.<\/li>\n<\/ol>\n<h2><strong>R\u016bpn\u012bcas iesp\u0113jas un jauda:<\/strong><\/h2>\n<h3>(1) Mont\u0101\u017ea<\/h3>\n<p>Mums ir pirmklas\u012bga neatkar\u012bga p\u0113tniec\u012bbas un att\u012bst\u012bbas mont\u0101\u017eas platforma. Hidraulisko cilindru ra\u017eo\u0161anas darbn\u012bc\u0101 ir \u010detras pusautom\u0101tiskas pacel\u0161anas cilindru mont\u0101\u017eas l\u012bnijas un viena autom\u0101tisk\u0101 sl\u012bpuma cilindru mont\u0101\u017eas l\u012bnija ar projekt\u0113to gada ra\u017eo\u0161anas jaudu 1 miljons vien\u012bbu. Speci\u0101lo cilindru darbn\u012bca ir apr\u012bkota ar da\u017e\u0101du specifik\u0101ciju pusautom\u0101tisku t\u012br\u012b\u0161anas mont\u0101\u017eas sist\u0113mu ar projekt\u0113to gada ra\u017eo\u0161anas jaudu 200 000 vien\u012bbu un apr\u012bkota ar slaven\u0101m CNC apstr\u0101des iek\u0101rt\u0101m, apstr\u0101des centru, augstas precizit\u0101tes cilindru apstr\u0101des speci\u0101lo apr\u012bkojumu, robotiz\u0113tu metin\u0101\u0161anas iek\u0101rtu, autom\u0101tisku t\u012br\u012b\u0161anas iek\u0101rtu, autom\u0101tisku cilindru mont\u0101\u017eas iek\u0101rtu un autom\u0101tisku kr\u0101so\u0161anas ra\u017eo\u0161anas l\u012bniju. Eso\u0161ais kritiskais apr\u012bkojums ir vair\u0101k nek\u0101 300 komplektu (komplektu). Optim\u0101la iek\u0101rtu resursu sadale un efekt\u012bva izmanto\u0161ana nodro\u0161ina produktu precizit\u0101tes pras\u012bbas un apmierina produktu augst\u0101s kvalit\u0101tes pras\u012bbas.<\/p>\n<p><img loading=\"lazy\" decoding=\"async\" class=\"alignnone wp-image-626\" src=\"https:\/\/hydraulic-cylinders.net\/wp-content\/uploads\/2023\/08\/hydraulic-cylinder-product-1-300x158.webp\" alt=\"\" width=\"495\" height=\"260\" srcset=\"https:\/\/hydraulic-cylinders.net\/wp-content\/uploads\/2023\/08\/hydraulic-cylinder-product-1-300x158.webp 495w, https:\/\/hydraulic-cylinders.net\/wp-content\/uploads\/2023\/08\/hydraulic-cylinder-product-1-480x252.webp 480w\" sizes=\"(min-width: 0px) and (max-width: 480px) 480px, (min-width: 481px) 495px, 100vw\" \/> <img loading=\"lazy\" decoding=\"async\" class=\"alignnone wp-image-627\" src=\"https:\/\/hydraulic-cylinders.net\/wp-content\/uploads\/2023\/08\/hydraulic-cylinder-product-2-300x189.webp\" alt=\"\" width=\"413\" height=\"260\" \/><\/p>\n<h3>(2) Apstr\u0101de<\/h3>\n<p>Apstr\u0101des cehs ir apr\u012bkots ar piel\u0101gotu sl\u012bpo slie\u017eu virpo\u0161anas centru, apstr\u0101des centru, \u0101trgaitas asin\u0101\u0161anas ma\u0161\u012bnu, metin\u0101\u0161anas robotu un citu saist\u012btu apr\u012bkojumu, kas var apstr\u0101d\u0101t cilindriskas caurules ar maksim\u0101lo iek\u0161\u0113jo diametru 400 mm un maksim\u0101lo garumu 6 metri.<\/p>\n<p><img loading=\"lazy\" decoding=\"async\" class=\"alignnone wp-image-628 size-large\" src=\"https:\/\/hydraulic-cylinders.net\/wp-content\/uploads\/2023\/08\/hydraulic-cylinder-product-3-1024x391.webp\" alt=\"\" width=\"1024\" height=\"391\" srcset=\"https:\/\/hydraulic-cylinders.net\/wp-content\/uploads\/2023\/08\/hydraulic-cylinder-product-3-980x374.webp 980w, https:\/\/hydraulic-cylinders.net\/wp-content\/uploads\/2023\/08\/hydraulic-cylinder-product-3-480x183.webp 480w\" sizes=\"(min-width: 0px) and (max-width: 480px) 480px, (min-width: 481px) and (max-width: 980px) 980px, (min-width: 981px) 1024px, 100vw\" \/><\/p>\n<h3>(3) Metin\u0101\u0161ana<\/h3>\n<p><img loading=\"lazy\" decoding=\"async\" class=\"alignnone wp-image-629 size-large\" src=\"https:\/\/hydraulic-cylinders.net\/wp-content\/uploads\/2023\/08\/hydraulic-cylinder-product-4-1024x510.webp\" alt=\"\" width=\"1024\" height=\"510\" srcset=\"https:\/\/hydraulic-cylinders.net\/wp-content\/uploads\/2023\/08\/hydraulic-cylinder-product-4-980x488.webp 980w, https:\/\/hydraulic-cylinders.net\/wp-content\/uploads\/2023\/08\/hydraulic-cylinder-product-4-480x239.webp 480w\" sizes=\"(min-width: 0px) and (max-width: 480px) 480px, (min-width: 481px) and (max-width: 980px) 980px, (min-width: 981px) 1024px, 100vw\" \/><\/p>\n<h3>(4) Kr\u0101so\u0161ana un p\u0101rkl\u0101\u0161ana<\/h3>\n<p>Ar maz\u0101m un vid\u0113ja izm\u0113ra cilindrisk\u0101m autom\u0101tisk\u0101m \u016bdens b\u0101zes kr\u0101su p\u0101rkl\u0101\u0161anas l\u012bnij\u0101m, lai pan\u0101ktu autom\u0101tisku robotu iekrau\u0161anu un izkrau\u0161anu un autom\u0101tisku izsmidzin\u0101\u0161anu, projekt\u0113t\u0101 jauda ir 4000 gabali mai\u0146\u0101;<br \/>\nMums ir ar\u012b pusautom\u0101tiska kr\u0101su ra\u017eo\u0161anas l\u012bnija lieliem baloniem, ko darbina \u0137\u0113des piedzi\u0146a, ar 60 kastu konstrukcijas jaudu vien\u0101 mai\u0146\u0101.<\/p>\n<p><img loading=\"lazy\" decoding=\"async\" class=\"alignnone wp-image-630\" src=\"https:\/\/hydraulic-cylinders.net\/wp-content\/uploads\/2023\/08\/hydraulic-cylinder-product-5-300x213.webp\" alt=\"\" width=\"366\" height=\"260\" \/> <img loading=\"lazy\" decoding=\"async\" class=\"alignnone wp-image-631\" src=\"https:\/\/hydraulic-cylinders.net\/wp-content\/uploads\/2023\/08\/hydraulic-cylinder-product-6-300x225.webp\" alt=\"\" width=\"347\" height=\"260\" \/><\/p>\n<h3>(5) Test\u0113\u0161ana<\/h3>\n<p>Mums ir augst\u0101k\u0101s klases p\u0101rbaudes iek\u0101rtas un test\u0113\u0161anas stendi, lai nodro\u0161in\u0101tu, ka balona veiktsp\u0113ja atbilst pras\u012bb\u0101m.<\/p>\n<p><img loading=\"lazy\" decoding=\"async\" class=\"alignnone wp-image-632\" src=\"https:\/\/hydraulic-cylinders.net\/wp-content\/uploads\/2023\/08\/hydraulic-cylinder-product-8-300x200.webp\" alt=\"\" width=\"389\" height=\"260\" \/><\/p>\n<p>&nbsp;<\/p>\n<p>&nbsp;<\/p>\n<p>M\u0113s esam viens no lab\u0101kajiem hidraulisko cilindru ra\u017eot\u0101jiem. M\u0113s varam pied\u0101v\u0101t visaptvero\u0161us hidrauliskos cilindrus. M\u0113s nodro\u0161in\u0101m ar\u012b atbilsto\u0161us <a href=\"https:\/\/hzpt.com\/agricultural-pto-gearbox\/\" target=\"_blank\" rel=\"noopener\">lauksaimniec\u012bbas p\u0101rnesumk\u0101rbas<\/a>. M\u0113s esam eksport\u0113ju\u0161i savus produktus klientiem vis\u0101 pasaul\u0113 un esam ieguvu\u0161i labu reput\u0101ciju, pateicoties m\u016bsu izcilajai produktu kvalit\u0101tei un p\u0113cp\u0101rdo\u0161anas servisam. M\u0113s aicin\u0101m klientus no valsts un \u0101rvalst\u012bm sazin\u0101ties ar mums, lai risin\u0101tu biznesa sarunas, apmain\u012btos ar inform\u0101ciju un... <a href=\"https:\/\/www.hydraulic-cylinders.net\/lv\/contact-us\/\">sadarboties ar mums<\/a>!<\/p>\n<p>&nbsp;<\/p>","protected":false},"excerpt":{"rendered":"<p>Open TBM Thrust Cylinder The open tbm thrust cylinder is a cutting-edge hydraulic component designed to optimize the power and efficiency of tunnel boring machines (tbms). This specialized cylinder plays a vital role in providing the necessary thrust force for the tbm&#8217;s forward movement during excavation. In this informative article, we will delve into the [&hellip;]<\/p>","protected":false},"featured_media":1898,"comment_status":"open","ping_status":"closed","template":"","meta":{"_et_pb_use_builder":"","_et_pb_old_content":"","_et_gb_content_width":""},"product_brand":[],"product_cat":[1519,1549],"product_tag":[1380],"class_list":{"0":"post-1896","1":"product","2":"type-product","3":"status-publish","4":"has-post-thumbnail","6":"product_cat-shield-machine-hydraulic-cylinders","7":"product_cat-single-acting-hydraulic-cylinder","8":"product_tag-hydraulic-cylinder","10":"first","11":"instock","12":"shipping-taxable","13":"product-type-simple"},"amp_enabled":true,"_links":{"self":[{"href":"https:\/\/www.hydraulic-cylinders.net\/lv\/wp-json\/wp\/v2\/product\/1896","targetHints":{"allow":["GET"]}}],"collection":[{"href":"https:\/\/www.hydraulic-cylinders.net\/lv\/wp-json\/wp\/v2\/product"}],"about":[{"href":"https:\/\/www.hydraulic-cylinders.net\/lv\/wp-json\/wp\/v2\/types\/product"}],"replies":[{"embeddable":true,"href":"https:\/\/www.hydraulic-cylinders.net\/lv\/wp-json\/wp\/v2\/comments?post=1896"}],"wp:featuredmedia":[{"embeddable":true,"href":"https:\/\/www.hydraulic-cylinders.net\/lv\/wp-json\/wp\/v2\/media\/1898"}],"wp:attachment":[{"href":"https:\/\/www.hydraulic-cylinders.net\/lv\/wp-json\/wp\/v2\/media?parent=1896"}],"wp:term":[{"taxonomy":"product_brand","embeddable":true,"href":"https:\/\/www.hydraulic-cylinders.net\/lv\/wp-json\/wp\/v2\/product_brand?post=1896"},{"taxonomy":"product_cat","embeddable":true,"href":"https:\/\/www.hydraulic-cylinders.net\/lv\/wp-json\/wp\/v2\/product_cat?post=1896"},{"taxonomy":"product_tag","embeddable":true,"href":"https:\/\/www.hydraulic-cylinders.net\/lv\/wp-json\/wp\/v2\/product_tag?post=1896"}],"curies":[{"name":"wp","href":"https:\/\/api.w.org\/{rel}","templated":true}]}}