{"id":18962,"date":"2025-04-07T06:04:27","date_gmt":"2025-04-07T06:04:27","guid":{"rendered":"https:\/\/www.hydraulic-cylinders.net\/product\/boom-cylinder-for-caterpillar-large-excavator-e349dz\/"},"modified":"2025-04-07T06:04:29","modified_gmt":"2025-04-07T06:04:29","slug":"boom-cylinder-for-caterpillar-large-excavator-e349dz","status":"publish","type":"product","link":"https:\/\/www.hydraulic-cylinders.net\/lv\/products\/boom-cylinder-for-caterpillar-large-excavator-e349dz\/","title":{"rendered":"Str\u0113les cilindrs Caterpillar lielajam ekskavatoram E349DZ"},"content":{"rendered":"<h1>Str\u0113les cilindrs Caterpillar lielajam ekskavatoram E349DZ<\/h1>\n<h2>Produkta p\u0101rskats<\/h2>\n<p>Caterpillar liel\u0101 ekskavatora E349DZ str\u0113les cilindrs ir specializ\u0113ts hidrauliskais cilindrs, kas paredz\u0113ts, lai kontrol\u0113tu str\u0113les kust\u012bbu smagaj\u0101 ma\u0161\u012bn\u0101. \u0160\u012b ier\u012bce ir \u013coti svar\u012bga materi\u0101lu efekt\u012bv\u0101 apstr\u0101d\u0113 da\u017e\u0101dos pielietojumos, padarot to par b\u016btisku operatoriem b\u016bvniec\u012bb\u0101, lauksaimniec\u012bb\u0101 un cit\u0101s nozar\u0113s, kas pa\u013caujas uz smago tehniku.<\/p>\n<p><img decoding=\"async\" src=\"https:\/\/www.hydraulic-cylinders.net\/wp-content\/uploads\/2025\/04\/songte-company-1.webp\" alt=\"Str\u0113les cilindrs\" \/><\/p>\n<h3>Kausa cilindra defin\u012bcija<\/h3>\n<p>Kausa cilindrs ir b\u016btiska hidraulisko sist\u0113mu sast\u0101vda\u013ca, kas \u012bpa\u0161i izstr\u0101d\u0101ta, lai p\u0101rvald\u012btu rak\u0161anas iek\u0101rtu, piem\u0113ram, ekskavatoru, univers\u0101lo iekr\u0101v\u0113ju un front\u0101lo iekr\u0101v\u0113ju, kust\u012bbas. Tas \u013cauj kausam pacelt, nolaist un noliekt, atvieglojot da\u017e\u0101dus materi\u0101lu apstr\u0101des uzdevumus. \u0160iem hidrauliskajiem cilindriem ir b\u016btiska loma smago ma\u0161\u012bnu veiktsp\u0113jas uzlabo\u0161an\u0101, nodro\u0161inot prec\u012bzu kontroli un jaudu darb\u012bbas laik\u0101.<\/p>\n<h2>Galven\u0101s iez\u012bmes<\/h2>\n<ul>\n<li><strong>Augsta iztur\u012bba un ilgm\u016b\u017e\u012bba:<\/strong> Typically constructed from high-strength steel or aluminum, capable of withstanding high pressure and heavy loads, making them suitable for harsh working environments. Designed with wear resistance and corrosion resistance in mind, they extend the product&#8217;s lifespan.<\/li>\n<li><strong>Efekt\u012bva hidraulisk\u0101 darb\u012bba:<\/strong> Izmanto hidraulisk\u0101s e\u013c\u013cas spiedienu vienm\u0113r\u012bgai izvilk\u0161anai un ievilk\u0161anai, \u0101tri rea\u0123\u0113jot uz operatora komand\u0101m, vienlaikus nodro\u0161inot iev\u0113rojamu stum\u0161anas un vilk\u0161anas sp\u0113ku, kas ir ide\u0101li piem\u0113rots smagu kravu apstr\u0101dei un sare\u017e\u0123\u012btu uzdevumu veik\u0161anai.<\/li>\n<li><strong>Da\u017e\u0101di veidi:<\/strong> Pieejams vienk\u0101r\u0161\u0101s darb\u012bbas (hidraulisk\u0101 sist\u0113ma darbojas vien\u0101 virzien\u0101) vai divk\u0101r\u0161\u0101s darb\u012bbas (hidraulisk\u0101 sist\u0113ma darbojas abos virzienos) konfigur\u0101cij\u0101s, lai atbilstu da\u017e\u0101d\u0101m ekspluat\u0101cijas pras\u012bb\u0101m. Da\u017ei mode\u013ci ir teleskopiski, kas \u013cauj pan\u0101kt liel\u0101ku pagarin\u0101jumu, nepalielinot \u0101r\u0113jos izm\u0113rus, un ir piem\u0113roti lieto\u0161anai ierobe\u017eot\u0101 telp\u0101.<\/li>\n<\/ul>\n<p>M\u0113s ra\u017eojam \u0161o produktu, un m\u016bsu cilindri var lieliski aizst\u0101t \u0161\u012bs hidraulisk\u0101s sist\u0113mas.<\/p>\n<p><img decoding=\"async\" src=\"https:\/\/www.hydraulic-cylinders.net\/wp-content\/uploads\/2025\/04\/songte-cylinder-head-with-all-kinds-excavator-models.webp\" alt=\"Hidraulisk\u0101 cilindra nomai\u0146a\" \/><\/p>\n<h2>Lietojumprogrammu scen\u0101riji<\/h2>\n<h3>Celtniec\u012bbas apr\u012bkojums<\/h3>\n<p>Ekskavatoros str\u0113les cilindri ir kritiski svar\u012bgi augsnes vai gru\u017eu rak\u0161anai, iekrau\u0161anai un p\u0101rvieto\u0161anai. Tie nodro\u0161ina meh\u0101nisku priek\u0161roc\u012bbu, kas nepiecie\u0161ama, lai iek\u013c\u016btu ciet\u0101 zem\u0113 un paceltu iev\u0113rojamas kravas, padarot tos neaizst\u0101jamus b\u016bvlaukumos. Ekskavatoros-iekr\u0101v\u0113jos kausa cilindrs pal\u012bdz gan rak\u0161anas, gan cel\u0161anas funkcij\u0101s, uzlabojot daudzpus\u012bbu da\u017e\u0101dos uzdevumos.<\/p>\n<h3>Lauksaimniec\u012bbas tehnika<\/h3>\n<p>Front\u0101lo iekr\u0101v\u0113ju str\u0113les cilindri atvieglo augsnes, siena un citu materi\u0101lu rak\u0161anu, cel\u0161anu un transport\u0113\u0161anu. To efekt\u012bv\u0101 darb\u012bba \u013cauj lauksaimniekiem optimiz\u0113t materi\u0101lu apstr\u0101des uzdevumus, uzlabojot produktivit\u0101ti un samazinot darbasp\u0113ka izmaksas.<\/p>\n<h3>Ekskavatori<\/h3>\n<p>Kausa cilindri \u013cauj ekskavatoriem efekt\u012bvi iek\u013c\u016bt augsn\u0113, nodro\u0161inot efekt\u012bvas rak\u0161anas oper\u0101cijas. To konstrukcija nodro\u0161ina, ka tie var tikt gal\u0101 ar nep\u0101rtrauktas darb\u012bbas gr\u016bt\u012bb\u0101m, neapdraudot veiktsp\u0113ju.<\/p>\n<h3>Iekr\u0101v\u0113ji<\/h3>\n<p>Front\u0101lajos iekr\u0101v\u0113jos \u0161ie cilindri pal\u012bdz efekt\u012bvi pacelt un izkraut kravas. To hidraulisk\u0101s iesp\u0113jas nodro\u0161ina, ka lielus daudzumus var vienm\u0113r\u012bgi apstr\u0101d\u0101t, padarot tos v\u0113rt\u012bgus gan b\u016bvniec\u012bbas, gan lauksaimniec\u012bbas vid\u0113.<\/p>\n<h2>Dizaina apsv\u0113rumi<\/h2>\n<h3>Kravnes\u012bba<\/h3>\n<p>Projekt\u0113jot str\u0113les cilindrus, kravnes\u012bba ir galvenais apsv\u0113rums. Cilindram j\u0101sp\u0113j iztur\u0113t maksim\u0101lo slodzi bez boj\u0101jumiem, nodro\u0161inot dro\u0161\u012bbu un efektivit\u0101ti darb\u012bb\u0101. Ra\u017eot\u0101ji bie\u017ei izmanto progres\u012bvas apr\u0113\u0137inu metodes un materi\u0101lu test\u0113\u0161anu, lai nodro\u0161in\u0101tu, ka cilindri iztur slodzes, ar kur\u0101m tie saskarsies lauk\u0101.<\/p>\n<h3>Bl\u012bv\u0113\u0161ana<\/h3>\n<p>Pareiza bl\u012bv\u0113\u0161ana ir \u013coti svar\u012bga hidrauliskajos cilindros, lai nov\u0113rstu nopl\u016bdes un uztur\u0113tu spiedienu. Augstas kvalit\u0101tes bl\u012bv\u0113jumu, piem\u0113ram, virzu\u013ca bl\u012bv\u0113jumu un stie\u0146a bl\u012bv\u0113jumu, kas izgatavoti no iztur\u012bgiem materi\u0101liem, piem\u0113ram, poliuret\u0101na vai nitrila gumijas, izmanto\u0161ana uzlabo cilindra uzticam\u012bbu. Labi nosl\u0113gts cilindrs samazina apkopes d\u012bkst\u0101ves laiku un ekspluat\u0101cijas izmaksas.<\/p>\n<h3>Iztur\u012bba<\/h3>\n<p>Hidrauliskajiem cilindriem iztur\u012bba ir \u0101rk\u0101rt\u012bgi svar\u012bga, \u0146emot v\u0113r\u0101 skarbos vides apst\u0101k\u013cus, kuros tie darbojas. Ra\u017eot\u0101ji izmanto iztur\u012bgus materi\u0101lus un progres\u012bvas p\u0101rkl\u0101jumu tehnolo\u0123ijas, lai aizsarg\u0101tu pret nodilumu, nodro\u0161inot ilgm\u016b\u017e\u012bbu un nemain\u012bgu veiktsp\u0113ju laika gait\u0101.<\/p>\n<h3>Dro\u0161\u012bba<\/h3>\n<p>Dro\u0161\u012bbas funkcijas, tostarp spiediena samazin\u0101\u0161anas v\u0101rsti un p\u0101rslodzes aizsardz\u012bba, ir b\u016btiskas hidraulisko cilindru konstrukcij\u0101. \u0160ie pas\u0101kumi pal\u012bdz nov\u0113rst katastrof\u0101las k\u013c\u016bmes, kas var\u0113tu izrais\u012bt negad\u012bjumus darba viet\u0101. Visaptvero\u0161a dro\u0161\u012bbas p\u0101rbaude un nozares standartu iev\u0113ro\u0161ana ir \u013coti svar\u012bga projekt\u0113\u0161anas posm\u0101, lai nodro\u0161in\u0101tu lietot\u0101ja dro\u0161\u012bbu.<\/p>\n<h3>Uzturam\u012bba<\/h3>\n<p>Hidraulisko cilindru projekt\u0113\u0161ana, lai tos b\u016btu viegli apkopt, ir b\u016btiska. T\u0101das funkcijas k\u0101 viegla piek\u013cuve bl\u012bv\u0113m un e\u013c\u013co\u0161anas punktiem nodro\u0161ina \u0101tru un efekt\u012bvu apkopi, samazinot d\u012bkst\u0101ves laiku. Labi izstr\u0101d\u0101ts apkopes protokols veicina iek\u0101rtas kop\u0113jo kalpo\u0161anas laiku un veiktsp\u0113ju.<\/p>\n<p><img decoding=\"async\" src=\"https:\/\/www.hydraulic-cylinders.net\/wp-content\/uploads\/2025\/04\/songte-oil-pipes-and-spare-parts.webp\" alt=\"Hidraulisk\u0101 cilindra apkope\" \/><\/p>\n<h2>Bl\u012bv\u0113\u0161ana un e\u013c\u013co\u0161ana<\/h2>\n<p>Hidraulisko cilindru bl\u012bv\u0113\u0161ana un e\u013c\u013co\u0161ana ir kritiski svar\u012bga to efekt\u012bvai darb\u012bbai. Lai uztur\u0113tu spiedienu un nov\u0113rstu nopl\u016bdes, tiek izmantoti da\u017e\u0101di bl\u012bv\u0113jumi, tostarp virzu\u013ca bl\u012bv\u0113jumi un stie\u0146a bl\u012bv\u0113jumi. Nodilumiztur\u012bgu materi\u0101lu, piem\u0113ram, poliuret\u0101na un nitrila gumijas, izv\u0113le palielina \u0161o bl\u012bv\u0113jumu iztur\u012bbu. Turkl\u0101t cilindra korpuss un v\u012bt\u0146otie gali tiek prec\u012bzi apstr\u0101d\u0101ti, lai uzlabotu nodilumiztur\u012bbu.<\/p>\n<p>Regular lubrication is vital for optimal performance. Operators should periodically check and add hydraulic oil to ensure the components move smoothly, preventing unnecessary wear and extending the cylinder&#8217;s lifespan. A well-maintained lubrication system enhances efficiency and effectiveness in hydraulic operations.<\/p>\n<h2>Regul\u0101ra apkope un prevent\u012bvie pas\u0101kumi<\/h2>\n<ul>\n<li><strong>Regul\u0101ras p\u0101rbaudes:<\/strong> Veiciet r\u016bp\u012bgas hidraulisko cilindru p\u0101rbaudes, lai noteiktu nodiluma, nopl\u016b\u017eu vai boj\u0101jumu paz\u012bmes. Probl\u0113mu agr\u012bna atkl\u0101\u0161ana var nov\u0113rst nopietn\u0101kas probl\u0113mas n\u0101kotn\u0113.<\/li>\n<li><strong>Pareiza e\u013c\u013co\u0161ana:<\/strong> P\u0101rliecinieties, vai visas kust\u012bg\u0101s da\u013cas ir pien\u0101c\u012bgi iee\u013c\u013cotas ar augstas kvalit\u0101tes hidraulisko e\u013c\u013cu. Tas pal\u012bdz samazin\u0101t berzi un nodilumu, nodro\u0161inot vienm\u0113r\u012bgu darb\u012bbu.<\/li>\n<li><strong>Bl\u012bv\u0113juma nomai\u0146a:<\/strong> Regul\u0101ri p\u0101rbaudiet bl\u012bv\u0113jumu nodilumu un nomainiet tos p\u0113c nepiecie\u0161am\u012bbas. Tas ir \u013coti svar\u012bgi, lai nov\u0113rstu nopl\u016bdes un uztur\u0113tu hidraulisko spiedienu.<\/li>\n<\/ul>\n<h2>Uzst\u0101d\u012b\u0161anas vadl\u012bnijas<\/h2>\n<p>Uzst\u0101dot hidrauliskos cilindrus, iev\u0113rojiet \u0161\u012bs vadl\u012bnijas, lai nodro\u0161in\u0101tu pareizu darb\u012bbu:<\/p>\n<ol>\n<li><strong>Izl\u012bdzin\u0101\u0161ana:<\/strong> Nodro\u0161iniet cilindra pareizu izl\u012bdzin\u0101\u0161anu ar stiprin\u0101juma punktiem. Nepareiza izl\u012bdzin\u0101\u0161ana var izrais\u012bt priek\u0161laic\u012bgu nodilumu un boj\u0101jumus.<\/li>\n<li><strong>Mont\u0101\u017eas atbalsts:<\/strong> Izmantojiet atbilsto\u0161us stiprin\u0101juma kron\u0161teinus, lai dro\u0161i nostiprin\u0101tu cilindru viet\u0101. Tas nodro\u0161ina stabilit\u0101ti un nov\u0113r\u0161 kust\u012bbu darb\u012bbas laik\u0101.<\/li>\n<li><strong>Hidrauliskie savienojumi:<\/strong> P\u0101rliecinieties, vai visas hidraulisk\u0101s l\u012bnijas ir dro\u0161i pievienotas un bez nopl\u016bd\u0113m. Pirms ekspluat\u0101cijas p\u0101rbaudiet sist\u0113mu, lai p\u0101rliecin\u0101tos, ka viss darbojas pareizi.<\/li>\n<li><strong>Nosl\u0113guma p\u0101rbaudes:<\/strong> Conduct a thorough check on the installation, ensuring that all bolts and connections are tightened to the manufacturer&#8217;s specifications.<\/li>\n<\/ol>\n<h2>Bie\u017ei sastopamie apkopes uzdevumi<\/h2>\n<ul>\n<li><strong>Regul\u0101ras p\u0101rbaudes:<\/strong> Ir svar\u012bgi regul\u0101ri p\u0101rbaud\u012bt hidraulisko sist\u0113mu, vai taj\u0101 nav nopl\u016b\u017eu, nodiluma vai citu probl\u0113mu. Regul\u0101ras p\u0101rbaudes pal\u012bdz identific\u0113t potenci\u0101l\u0101s probl\u0113mas, pirms t\u0101s saasin\u0101s.<\/li>\n<li><strong>Piem\u0113rota e\u013c\u013co\u0161ana:<\/strong> P\u0101rliecinieties, vai e\u013c\u013co\u0161anas punkti tiek pien\u0101c\u012bgi apkalpoti ar pareiz\u0101 veida hidraulisko e\u013c\u013cu. Pareiza e\u013c\u013co\u0161ana ir \u013coti svar\u012bga hidraulisk\u0101 cilindra efektivit\u0101tes un ilgm\u016b\u017e\u012bbas uztur\u0113\u0161anai.<\/li>\n<li><strong>Bl\u012bv\u0113juma nomai\u0146as un kalibr\u0113\u0161anas p\u0101rbaudes:<\/strong> Regul\u0101ri nomainiet bl\u012bves un kalibr\u0113jiet sist\u0113mu, lai nodro\u0161in\u0101tu prec\u012bzu darb\u012bbu. Tas nov\u0113r\u0161 spiediena zudumus un uzlabo veiktsp\u0113ju.<\/li>\n<\/ul>\n<h2>Dro\u0161\u012bbas apsv\u0113rumi<\/h2>\n<p>Dro\u0161\u012bbas pas\u0101kumi ir \u013coti svar\u012bgi, lietojot hidrauliskos cilindrus. Operatoriem j\u0101b\u016bt apm\u0101c\u012btiem par pareizu hidraulisko sist\u0113mu lieto\u0161anu un apie\u0161anos ar t\u0101m, lai nov\u0113rstu negad\u012bjumus. Turkl\u0101t regul\u0101ri j\u0101veic apkope un p\u0101rbaudes, lai nodro\u0161in\u0101tu sist\u0113mu dro\u0161u darb\u012bbu. Ieteicams ar\u012b lietot individu\u0101los aizsardz\u012bbas l\u012bdzek\u013cus (IAL), lai samazin\u0101tu ar hidrauliskaj\u0101m k\u013c\u016bm\u0113m saist\u012btos riskus.<\/p>\n<h2>K\u013c\u016bmju diagnostika un bie\u017e\u0101k sastopam\u0101s probl\u0113mas<\/h2>\n<ul>\n<li><strong>Nopl\u016bde:<\/strong> Viena no visbie\u017e\u0101k sastopamaj\u0101m probl\u0113m\u0101m, ko bie\u017ei izraisa nodilu\u0161as bl\u012bves. Lai nov\u0113rstu hidraulisk\u0101 spiediena zudumu, nepiecie\u0161ama t\u016bl\u012bt\u0113ja bl\u012bvju p\u0101rbaude un nomai\u0146a.<\/li>\n<li><strong>L\u0113na darb\u012bba:<\/strong> Tas var liecin\u0101t par nepietiekamu hidraulisk\u0101 \u0161\u0137idruma daudzumu vai sist\u0113m\u0101 iesprostotu gaisu. P\u0101rbaudiet \u0161\u0137idruma l\u012bmeni un, ja nepiecie\u0161ams, atgaisojiet sist\u0113mu.<\/li>\n<li><strong>P\u0101rkar\u0161ana:<\/strong> P\u0101rm\u0113r\u012bgs karstums var liecin\u0101t par p\u0101rslodzi vai nepietiekamu e\u013c\u013co\u0161anu. Regul\u0101ri uzraugiet temperat\u016bru un nodro\u0161iniet pareizu e\u013c\u013co\u0161anu.<\/li>\n<\/ul>\n<h2>Probl\u0113mu nov\u0113r\u0161anas padomi<\/h2>\n<p>Lai efekt\u012bvi diagnostic\u0113tu un risin\u0101tu hidraulisko cilindru probl\u0113mas, \u0146emiet v\u0113r\u0101 \u0161\u0101dus padomus:<\/p>\n<ul>\n<li>Regul\u0101ri p\u0101rbaudiet \u0161\u0137idruma l\u012bmeni un uzpildiet to p\u0113c nepiecie\u0161am\u012bbas. Zems \u0161\u0137idruma l\u012bmenis var izrais\u012bt nepietiekamu spiedienu un darb\u012bbas neefektivit\u0101ti.<\/li>\n<li>Uzraugiet hidraulisk\u0101s sist\u0113mas darb\u012bbu. Jebk\u0101di neparasti trok\u0161\u0146i vai darb\u012bbas izmai\u0146as nekav\u0113joties j\u0101p\u0101rbauda.<\/li>\n<li>Lai samazin\u0101tu iesp\u0113jam\u0101s probl\u0113mas, veiciet prevent\u012bvus apkopes pas\u0101kumus, tostarp regul\u0101ras p\u0101rbaudes, e\u013c\u013co\u0161anu un savlaic\u012bgu bl\u012bv\u0113jumu nomai\u0146u.<\/li>\n<\/ul>\n<p><img decoding=\"async\" src=\"https:\/\/www.hydraulic-cylinders.net\/wp-content\/uploads\/2025\/04\/songte-bushings-with-all-kinds-of-excavator-models.webp\" alt=\"Hidraulisko cilindru probl\u0113mu nov\u0113r\u0161ana\" \/><\/p>\n<h2>Uz\u0146\u0113muma p\u0101rskats<\/h2>\n<p>M\u0113s esam vado\u0161ais rezerves hidraulisko cilindru ra\u017eot\u0101js, kas pied\u0101v\u0101 pla\u0161u produktu kl\u0101stu viet\u0113j\u0101 un starptautiskaj\u0101 tirg\u016b. M\u016bsu ap\u0146em\u0161an\u0101s nodro\u0161in\u0101t izcil\u012bbu un prec\u012bzu ra\u017eo\u0161anu nodro\u0161ina, ka m\u0113s apmierin\u0101m m\u016bsu klientu da\u017e\u0101d\u0101s vajadz\u012bbas. Koncentr\u0113joties uz augstas kvalit\u0101tes ra\u017eo\u0161anu, m\u0113s izmantojam progres\u012bvas ra\u017eo\u0161anas metodes un kvalific\u0113tu darbasp\u0113ku, lai uzlabotu savas iesp\u0113jas.<\/p>\n<p>M\u016bsu produktiem ir profesion\u0101la sertifik\u0101cija, un m\u0113s pied\u0101v\u0101jam piel\u0101gotus pakalpojumus, lai apmierin\u0101tu \u012bpa\u0161as klientu pras\u012bbas. M\u016bsu ra\u017eotnes ir apr\u012bkotas ar modern\u0101kaj\u0101m iek\u0101rt\u0101m un visaptvero\u0161u kvalit\u0101tes kontroles sist\u0113mu, kas nodro\u0161ina, ka katrs produkts atbilst stingriem standartiem. Turkl\u0101t m\u0113s nodro\u0161in\u0101m izcilu p\u0113cp\u0101rdo\u0161anas atbalstu, garant\u0113jot klientu apmierin\u0101t\u012bbu un ilgtermi\u0146a partnerattiec\u012bbas.<\/p>\n<p><img decoding=\"async\" src=\"https:\/\/www.hydraulic-cylinders.net\/wp-content\/uploads\/2025\/04\/songte-company-4.webp\" alt=\"Uz\u0146\u0113muma p\u0101rskats\" \/><br \/>\n<img decoding=\"async\" src=\"https:\/\/www.hydraulic-cylinders.net\/wp-content\/uploads\/2025\/04\/songte-company-3.webp\" alt=\"M\u016bsu ra\u017eo\u0161anas iek\u0101rtas\" \/><\/p>\n<p>Autors: lil<\/p>","protected":false},"excerpt":{"rendered":"<p>Boom Cylinder For Caterpillar Large Excavator E349DZ Product Overview The Boom Cylinder for Caterpillar Large Excavator E349DZ is a specialized hydraulic cylinder designed to control the movement of the boom on heavy machinery. This apparatus is crucial in the efficient handling of materials in various applications, making it essential for operators in construction, agriculture, and [&hellip;]<\/p>","protected":false},"featured_media":17874,"comment_status":"open","ping_status":"closed","template":"","meta":{"_et_pb_use_builder":"","_et_pb_old_content":"","_et_gb_content_width":""},"product_brand":[],"product_cat":[1546],"product_tag":[1547,1496],"class_list":{"0":"post-18962","1":"product","2":"type-product","3":"status-publish","4":"has-post-thumbnail","6":"product_cat-boom-cylinders","7":"product_tag-boom-cylinders","8":"product_tag-hydraulic-cylinders","10":"first","11":"instock","12":"shipping-taxable","13":"product-type-simple"},"amp_enabled":true,"_links":{"self":[{"href":"https:\/\/www.hydraulic-cylinders.net\/lv\/wp-json\/wp\/v2\/product\/18962","targetHints":{"allow":["GET"]}}],"collection":[{"href":"https:\/\/www.hydraulic-cylinders.net\/lv\/wp-json\/wp\/v2\/product"}],"about":[{"href":"https:\/\/www.hydraulic-cylinders.net\/lv\/wp-json\/wp\/v2\/types\/product"}],"replies":[{"embeddable":true,"href":"https:\/\/www.hydraulic-cylinders.net\/lv\/wp-json\/wp\/v2\/comments?post=18962"}],"wp:featuredmedia":[{"embeddable":true,"href":"https:\/\/www.hydraulic-cylinders.net\/lv\/wp-json\/wp\/v2\/media\/17874"}],"wp:attachment":[{"href":"https:\/\/www.hydraulic-cylinders.net\/lv\/wp-json\/wp\/v2\/media?parent=18962"}],"wp:term":[{"taxonomy":"product_brand","embeddable":true,"href":"https:\/\/www.hydraulic-cylinders.net\/lv\/wp-json\/wp\/v2\/product_brand?post=18962"},{"taxonomy":"product_cat","embeddable":true,"href":"https:\/\/www.hydraulic-cylinders.net\/lv\/wp-json\/wp\/v2\/product_cat?post=18962"},{"taxonomy":"product_tag","embeddable":true,"href":"https:\/\/www.hydraulic-cylinders.net\/lv\/wp-json\/wp\/v2\/product_tag?post=18962"}],"curies":[{"name":"wp","href":"https:\/\/api.w.org\/{rel}","templated":true}]}}