{"id":18965,"date":"2025-04-07T06:04:34","date_gmt":"2025-04-07T06:04:34","guid":{"rendered":"https:\/\/www.hydraulic-cylinders.net\/product\/boom-cylinder-for-caterpillar-large-excavator-e328dlc\/"},"modified":"2025-04-07T06:04:37","modified_gmt":"2025-04-07T06:04:37","slug":"boom-cylinder-for-caterpillar-large-excavator-e328dlc","status":"publish","type":"product","link":"https:\/\/www.hydraulic-cylinders.net\/lv\/products\/boom-cylinder-for-caterpillar-large-excavator-e328dlc\/","title":{"rendered":"Str\u0113les cilindrs Caterpillar lielajam ekskavatoram E328DLC"},"content":{"rendered":"<h1>Str\u0113les cilindrs Caterpillar lielajam ekskavatoram E328DLC<\/h1>\n<h2>Ievads str\u0113les cilindr\u0101<\/h2>\n<p>Str\u0113les cilindrs ir b\u016btiska hidraulisko sist\u0113mu sast\u0101vda\u013ca, \u012bpa\u0161i lielos ekskavatoros, piem\u0113ram, Caterpillar E328DLC. \u0160is hidrauliskais cilindrs ir \u012bpa\u0161i izstr\u0101d\u0101ts, lai kontrol\u0113tu str\u0113les kust\u012bbu, \u013caujot pacelt, nolaist un noliekt ekskavatora sviru. Str\u0113les cilindra efekt\u012bva darb\u012bba ir \u013coti svar\u012bga da\u017e\u0101du materi\u0101lu apstr\u0101des uzdevumu veik\u0161anai, padarot to par neaizst\u0101jamu smag\u0101s tehnikas sast\u0101vda\u013cu.<\/p>\n<p><img decoding=\"async\" src=\"https:\/\/www.hydraulic-cylinders.net\/wp-content\/uploads\/2025\/04\/songte-company-1.webp\" alt=\"Str\u0113les cilindra att\u0113ls\" \/><\/p>\n<h3>Str\u0113les cilindra p\u0101rskats hidrauliskaj\u0101s sist\u0113m\u0101s<\/h3>\n<p>Hidrauliskaj\u0101s sist\u0113m\u0101s str\u0113les cilindrs darbojas k\u0101 sp\u0113ka reizin\u0101t\u0101js, izmantojot hidraulisk\u0101 \u0161\u0137idruma spiedienu, lai rad\u012btu line\u0101ru kust\u012bbu. Tas \u013cauj ekskavatoram veikt t\u0101dus uzdevumus k\u0101 rak\u0161ana, smagu kravu cel\u0161ana un prec\u012bza manevr\u0113\u0161ana. Hidraulisk\u0101 \u0161\u0137idruma spiediens nodro\u0161ina vienm\u0113r\u012bgu un efekt\u012bvu darb\u012bbu, kas ir b\u016btiski lieljaudas lietojumos. Str\u0113les cilindrs, kas paredz\u0113ts iztur\u012bbai un uzticam\u012bbai, \u013cauj operatoriem viegli veikt sare\u017e\u0123\u012btus uzdevumus, padarot to par svar\u012bgu sast\u0101vda\u013cu b\u016bvniec\u012bbas un kalnr\u016bpniec\u012bbas nozar\u0113s.<\/p>\n<h2>Str\u0113les cilindra \u012bpa\u0161\u012bbas<\/h2>\n<ul>\n<li><strong>Augsta iztur\u012bba un ilgm\u016b\u017e\u012bba:<\/strong> Izgatavots no augstas stipr\u012bbas t\u0113rauda vai alum\u012bnija, str\u0113les cilindrs sp\u0113j iztur\u0113t augstu spiedienu un lielas slodzes. T\u0101 konstrukcija ir veidota, \u0146emot v\u0113r\u0101 nodilumiztur\u012bbu un aizsardz\u012bbu pret koroziju, nodro\u0161inot ilgsto\u0161u kalpo\u0161anas laiku skarbos darba apst\u0101k\u013cos.<\/li>\n<li><strong>Efekt\u012bva hidraulisk\u0101 darb\u012bba:<\/strong> Izmantojot hidraulisk\u0101 \u0161\u0137idruma spiedienu, \u0161is cilindrs nodro\u0161ina vienm\u0113r\u012bgu izstiep\u0161anu un ievilk\u0161anu, radot sp\u0113c\u012bgus stum\u0161anas un vilk\u0161anas sp\u0113kus. Tas ir \u012bpa\u0161i efekt\u012bvs smagu priek\u0161metu apstr\u0101dei un sare\u017e\u0123\u012btu ekspluat\u0101cijas uzdevumu veik\u0161anai.<\/li>\n<li><strong>Da\u017e\u0101di veidi:<\/strong> Str\u0113les cilindrs, kas ir pieejams vienvirziena darb\u012bbas (darbojas vien\u0101 virzien\u0101) vai divk\u0101r\u0161as darb\u012bbas (darbojas abos virzienos) konfigur\u0101cij\u0101s, var tikt piel\u0101gots da\u017e\u0101d\u0101m ekspluat\u0101cijas pras\u012bb\u0101m. Da\u017eiem mode\u013ciem ir teleskopiska konstrukcija, kas \u013cauj pan\u0101kt liel\u0101ku pagarin\u0101jumu, nepalielinot \u0101r\u0113jos izm\u0113rus, kas ir ide\u0101li piem\u0113rots darbam ierobe\u017eot\u0101 telp\u0101.<\/li>\n<\/ul>\n<h3>M\u016bsu ra\u017eo\u0161anas iesp\u0113jas<\/h3>\n<p>M\u0113s specializ\u0113jamies augstas kvalit\u0101tes str\u0113les cilindru ra\u017eo\u0161an\u0101, kas lieliski aizst\u0101j eso\u0161os hidrauliskos cilindrus da\u017e\u0101dos pielietojumos.<\/p>\n<p><img decoding=\"async\" src=\"https:\/\/www.hydraulic-cylinders.net\/wp-content\/uploads\/2025\/04\/songte-cylinder-head-with-all-kinds-excavator-models.webp\" alt=\"Cilindra galva ekskavatoriem\" \/><\/p>\n<h2>Str\u0113les cilindra pielietojums<\/h2>\n<h3>Celtniec\u012bbas apr\u012bkojums<\/h3>\n<p>Ekskavatoros str\u0113les cilindri ir vit\u0101li svar\u012bgi augsnes vai gru\u017eu rak\u0161anai, iekrau\u0161anai un p\u0101rvieto\u0161anai. To sp\u0113ja atvieglot gan rak\u0161anas, gan cel\u0161anas darb\u012bbas padara tos neaizst\u0101jamus b\u016bvniec\u012bbas projektos, kur efektivit\u0101te un precizit\u0101te ir \u0101rk\u0101rt\u012bgi svar\u012bgas.<\/p>\n<h3>Lauksaimniec\u012bbas tehnika<\/h3>\n<p>Front\u0101lo iekr\u0101v\u0113ju str\u0113les cilindri ir b\u016btiski zemes, siena un citu materi\u0101lu sav\u0101k\u0161anai, cel\u0161anai un transport\u0113\u0161anai. \u0160o cilindru daudzpus\u012bba \u013cauj lauksaimniekiem efekt\u012bvi p\u0101rvald\u012bt da\u017e\u0101dus uzdevumus, uzlabojot lauksaimniec\u012bbas darbu produktivit\u0101ti.<\/p>\n<h3>Ekskavatori<\/h3>\n<p>Str\u0113les cilindri \u013cauj ekskavatoriem efekt\u012bvi iek\u013c\u016bt zem\u0113, nodro\u0161inot efekt\u012bvas rak\u0161anas oper\u0101cijas. To konstrukcija nodro\u0161ina maksim\u0101lu sp\u0113ka pielieto\u0161anu, padarot tos piem\u0113rotus da\u017e\u0101diem augsnes tipiem un apst\u0101k\u013ciem.<\/p>\n<h3>Iekr\u0101v\u0113ji<\/h3>\n<p>Front\u0101lajos iekr\u0101v\u0113jos str\u0113les cilindri pal\u012bdz efekt\u012bvi pacelt un izkraut kravas. To uzticam\u0101 darb\u012bba nodro\u0161ina \u0101tru iekrau\u0161anas un izkrau\u0161anas darbu izpildes laiku, kas ir \u013coti svar\u012bgi noslogot\u0101 darba vid\u0113.<\/p>\n<h2>Dizaina apsv\u0113rumi un atlases krit\u0113riji<\/h2>\n<h3>Kravnes\u012bba<\/h3>\n<p>Izv\u0113loties str\u0113les cilindru, kravnes\u012bba ir \u013coti svar\u012bga. T\u0101 nosaka, cik lielu svaru cilindrs var efekt\u012bvi iztur\u0113t darb\u012bbas laik\u0101. Konstrukcijai ir j\u0101sp\u0113j iztur\u0113t maksim\u0101l\u0101s potenci\u0101l\u0101s slodzes, kas rodas konkr\u0113tos pielietojumos, nodro\u0161inot dro\u0161\u012bbu un efektivit\u0101ti.<\/p>\n<h3>Bl\u012bv\u0113juma veiktsp\u0113ja<\/h3>\n<p>Efekt\u012bva bl\u012bv\u0113\u0161ana ir vit\u0101li svar\u012bga, lai nov\u0113rstu hidraulisk\u0101 \u0161\u0137idruma nopl\u016bdes, kas var apdraud\u0113t sist\u0113mas efektivit\u0101ti un dro\u0161\u012bbu. Lai ilgsto\u0161i, pat sare\u017e\u0123\u012btos apst\u0101k\u013cos, uztur\u0113tu spiedienu un funkcionalit\u0101ti, j\u0101izmanto augstas kvalit\u0101tes bl\u012bves.<\/p>\n<h3>Iztur\u012bba<\/h3>\n<p>Iztur\u012bba ir b\u016btisks apsv\u0113rums str\u0113les cilindru projekt\u0113\u0161an\u0101. Tiem j\u0101b\u016bt iztur\u012bgiem pret nodilumu, ko rada past\u0101v\u012bga lieto\u0161ana skarbos apst\u0101k\u013cos. Konstrukcij\u0101 izmantotajiem materi\u0101liem un p\u0101rkl\u0101jumiem ir iz\u0161\u0137iro\u0161a noz\u012bme ilgm\u016b\u017e\u012bbas un uzticam\u012bbas uzlabo\u0161an\u0101.<\/p>\n<h2>Str\u0113les cilindra bl\u012bv\u0113\u0161ana un e\u013c\u013co\u0161ana<\/h2>\n<p>Pareiza bl\u012bv\u0113\u0161ana un e\u013c\u013co\u0161ana ir b\u016btiska, lai uztur\u0113tu str\u0113les cilindru funkcionalit\u0101ti. Lai nodro\u0161in\u0101tu herm\u0113tisku nosl\u0113gumu un nov\u0113rstu nopl\u016bdes, tiek izmantoti da\u017e\u0101di bl\u012bv\u0113jumu veidi, piem\u0113ram, virzu\u013ca bl\u012bv\u0113jumi un stie\u0146a bl\u012bv\u0113jumi. Bl\u012bv\u0113jumi, kas izgatavoti no iztur\u012bgiem materi\u0101liem, piem\u0113ram, poliuret\u0101na un nitrila gumijas, nodro\u0161ina iztur\u012bbu pret nodilumu un vides faktoriem.<\/p>\n<p>Cilindra korpuss un v\u012bt\u0146ot\u0101s virsmas tiek r\u016bp\u012bgi apstr\u0101d\u0101tas, lai uzlabotu nodilumiztur\u012bbu, savuk\u0101rt regul\u0101ra e\u013c\u013co\u0161ana ar hidraulisko e\u013c\u013cu ir b\u016btiska vienm\u0113r\u012bgai darb\u012bbai. Regul\u0101ri j\u0101p\u0101rbauda, \u200b\u200bvai bl\u012bv\u0113jumi ir neskarti un darbojas pareizi.<\/p>\n<h2>Prevent\u012bvie apkopes pas\u0101kumi<\/h2>\n<ul>\n<li><strong>Regul\u0101ras p\u0101rbaudes:<\/strong> Veiciet regul\u0101ras p\u0101rbaudes, lai noteiktu nodilumu vai boj\u0101jumus, pirms tie p\u0101raug nopietn\u0101s probl\u0113m\u0101s.<\/li>\n<li><strong>Pareiza e\u013c\u013co\u0161ana:<\/strong> P\u0101rliecinieties, vai cilindrs ir pietiekami iee\u013c\u013cots ar hidraulisko e\u013c\u013cu, lai nodro\u0161in\u0101tu vienm\u0113r\u012bgu darb\u012bbu un nov\u0113rstu nodilumu.<\/li>\n<li><strong>Bl\u012bv\u0113juma nomai\u0146a:<\/strong> Regul\u0101ri p\u0101rbaudiet un nomainiet bl\u012bves, lai uztur\u0113tu spiedienu un veiktsp\u0113ju.<\/li>\n<\/ul>\n<h2>Str\u0113les cilindra uzst\u0101d\u012b\u0161anas vadl\u012bnijas<\/h2>\n<p>Pareiza uzst\u0101d\u012b\u0161ana ir \u013coti svar\u012bga str\u0113les cilindra funkcionalit\u0101tei. Vispirms p\u0101rliecinieties, vai mont\u0101\u017eas virsmas ir t\u012bras un bez gru\u017eiem. Prec\u012bzi izl\u012bdziniet cilindru ar mont\u0101\u017eas kron\u0161teiniem, izmantojot atbilsto\u0161us stiprin\u0101juma elementus, lai to nostiprin\u0101tu viet\u0101. Ir svar\u012bgi pievilkt skr\u016bves atbilsto\u0161i ra\u017eot\u0101ja specifik\u0101cij\u0101m, lai izvair\u012btos no nepareizas izl\u012bdzin\u0101\u0161anas vai p\u0101rm\u0113r\u012bgas slodzes uz cilindru. Visbeidzot, pievienojiet hidraulisk\u0101s l\u012bnijas, pirms darba p\u0101rliecinoties, ka nav nopl\u016b\u017eu.<\/p>\n<h2>Bie\u017ei sastopamie apkopes uzdevumi<\/h2>\n<ul>\n<li><strong>Regul\u0101ras p\u0101rbaudes:<\/strong> Regul\u0101ri veiciet p\u0101rbaudes, lai uzraudz\u012btu balona st\u0101vokli, mekl\u0113jot nodiluma vai \u0161\u0137idruma nopl\u016b\u017eu paz\u012bmes.<\/li>\n<li><strong>Piem\u0113rota e\u013c\u013co\u0161ana:<\/strong> Regul\u0101ri e\u013c\u013cojiet cilindru, lai saglab\u0101tu t\u0101 darb\u012bbas efektivit\u0101ti, nov\u0113r\u0161ot berzi un nodilumu.<\/li>\n<li><strong>Bl\u012bv\u0113juma nomai\u0146a un kalibr\u0113\u0161ana:<\/strong> Uzraugiet bl\u012bv\u0113jumu nodilumu un nomainiet tos p\u0113c nepiecie\u0161am\u012bbas, nodro\u0161inot, ka sist\u0113ma saglab\u0101 spiedienu un darbojas.<\/li>\n<\/ul>\n<h2>Dro\u0161\u012bbas apsv\u0113rumi un vides faktori<\/h2>\n<p>Izmantojot str\u0113les cilindrus, \u0101rk\u0101rt\u012bgi svar\u012bgi ir iev\u0113rot dro\u0161\u012bbas protokolus. Operatoriem j\u0101b\u016bt apm\u0101c\u012btiem dro\u0161as lieto\u0161anas praks\u0113 un j\u0101saprot hidraulisko sist\u0113mu iesp\u0113jamie apdraud\u0113jumi. Pareiza apkope un p\u0101rbaudes ar\u012b veicina vides aizsardz\u012bbu, samazinot nopl\u016bdes un izl\u012bjumus, kas var\u0113tu kait\u0113t ekosist\u0113mai.<\/p>\n<h2>Probl\u0113mu nov\u0113r\u0161ana un bie\u017ei sastopamas probl\u0113mas<\/h2>\n<ul>\n<li><strong>Hidraulisk\u0101 \u0161\u0137idruma nopl\u016bdes:<\/strong> P\u0101rbaudiet bl\u012bves un savienojumus, ja ir \u0161\u0137idruma nopl\u016bdes paz\u012bmes, jo tas var liecin\u0101t par nodilu\u0161iem bl\u012bv\u0113jumiem vai nepareiziem savienojumiem.<\/li>\n<li><strong>Nekonsekventa cilindra kust\u012bba:<\/strong> P\u0101rbaudiet, vai hidrauliskaj\u0101s l\u012bnij\u0101s nav aizsprostojumu vai zema \u0161\u0137idruma l\u012bme\u0146a, kas var\u0113tu ietekm\u0113t cilindra darb\u012bbu.<\/li>\n<li><strong>Neparastas ska\u0146as:<\/strong> Ja cilindrs darb\u012bbas laik\u0101 rada neparastas ska\u0146as, tas var liecin\u0101t par iek\u0161\u0113jiem boj\u0101jumiem vai nepietiekamu e\u013c\u013co\u0161anu.<\/li>\n<\/ul>\n<h2>Padomi efekt\u012bvai k\u013c\u016bmju diagnostikai<\/h2>\n<p>Lai efekt\u012bvi diagnostic\u0113tu un nov\u0113rstu probl\u0113mas ar str\u0113les cilindru, operatoriem j\u0101iev\u0113ro sistem\u0101tiska pieeja. Regul\u0101ra sist\u0113mas veiktsp\u0113jas uzraudz\u012bba var pal\u012bdz\u0113t laikus identific\u0113t potenci\u0101l\u0101s probl\u0113mas. Prevent\u012bvo pas\u0101kumu, piem\u0113ram, regul\u0101ras apkopes un pareizas e\u013c\u013co\u0161anas, ievie\u0161ana samazina nopietnu probl\u0113mu ra\u0161an\u0101s iesp\u0113jam\u012bbu. Apkopes darb\u012bbu un simptomu \u017eurn\u0101la uztur\u0113\u0161ana var pal\u012bdz\u0113t nov\u0113rst probl\u0113mas, nodro\u0161inot iek\u0101rtas efekt\u012bvu darb\u012bbu un ilgm\u016b\u017e\u012bbu.<\/p>\n<p><img decoding=\"async\" src=\"https:\/\/www.hydraulic-cylinders.net\/wp-content\/uploads\/2025\/04\/songte-bushings-with-all-kinds-of-excavator-models.webp\" alt=\"Ekskavatoru mode\u013cu bukses\" \/><\/p>\n<h2>Par m\u016bsu uz\u0146\u0113mumu<\/h2>\n<p>M\u0113s esam vado\u0161ais rezerves hidraulisko cilindru ra\u017eot\u0101js, kas pied\u0101v\u0101 pla\u0161u produktu kl\u0101stu gan viet\u0113jam, gan starptautiskajam tirgum. M\u016bsu ap\u0146em\u0161anos sasniegt izcil\u012bbu apliecina m\u016bsu pilnveidoti ra\u017eo\u0161anas procesi, kvalific\u0113ts darbasp\u0113ks un progres\u012bvas ra\u017eo\u0161anas vad\u012bbas strat\u0113\u0123ijas. M\u0113s izmantojam jaun\u0101k\u0101s tehnolo\u0123ijas un stingras kvalit\u0101tes kontroles sist\u0113mas, lai uzlabotu m\u016bsu ra\u017eo\u0161anas iesp\u0113jas, nodro\u0161inot, ka m\u0113s prec\u012bzi un efekt\u012bvi apmierin\u0101m da\u017e\u0101das klientu vajadz\u012bbas.<\/p>\n<h3>Specializ\u0101cija un sertifik\u0101cija<\/h3>\n<p>M\u016bsu uz\u0146\u0113mums lepojas ar to, ka pied\u0101v\u0101 piel\u0101gotus pakalpojumus, kas piel\u0101goti m\u016bsu klientu unik\u0101laj\u0101m pras\u012bb\u0101m. Mums ir da\u017e\u0101di starptautiski sertifik\u0101ti, kas apliecina m\u016bsu ap\u0146em\u0161anos nodro\u0161in\u0101t m\u016bsu produktu kvalit\u0101ti un uzticam\u012bbu.<\/p>\n<h3>Ra\u017eo\u0161anas iek\u0101rtas un p\u0113cp\u0101rdo\u0161anas serviss<\/h3>\n<p>Apr\u012bkoti ar modern\u0101kaj\u0101m ra\u017eo\u0161anas tehnolo\u0123ij\u0101m, m\u0113s sp\u0113jam ra\u017eot augstas kvalit\u0101tes hidrauliskos cilindrus par konkur\u0113tsp\u0113j\u012bg\u0101m cen\u0101m. M\u016bsu specializ\u0113tais p\u0113cp\u0101rdo\u0161anas serviss nodro\u0161ina, ka klienti sa\u0146em past\u0101v\u012bgu atbalstu un nor\u0101d\u012bjumus vis\u0101 vi\u0146u produktu dz\u012bves cikl\u0101.<\/p>\n<p><img decoding=\"async\" src=\"https:\/\/www.hydraulic-cylinders.net\/wp-content\/uploads\/2025\/04\/songte-company-4.webp\" alt=\"Uz\u0146\u0113muma ra\u017eo\u0161anas iek\u0101rta\" \/><br \/>\n<img decoding=\"async\" src=\"https:\/\/www.hydraulic-cylinders.net\/wp-content\/uploads\/2025\/04\/songte-company-3.webp\" alt=\"Uz\u0146\u0113muma sertifik\u0101cija un kvalit\u0101te\" \/><\/p>\n<p>Autors: lil<\/p>","protected":false},"excerpt":{"rendered":"<p>Boom Cylinder For Caterpillar Large Excavator E328DLC Introduction to Boom Cylinder The boom cylinder is an essential component of hydraulic systems, particularly in large excavators like the Caterpillar E328DLC. This hydraulic cylinder is specifically designed to control the movement of the boom, allowing for the lifting, lowering, and tilting of the excavator&#8217;s arm. The efficient [&hellip;]<\/p>","protected":false},"featured_media":17877,"comment_status":"open","ping_status":"closed","template":"","meta":{"_et_pb_use_builder":"","_et_pb_old_content":"","_et_gb_content_width":""},"product_brand":[],"product_cat":[1546],"product_tag":[1547,1496],"class_list":{"0":"post-18965","1":"product","2":"type-product","3":"status-publish","4":"has-post-thumbnail","6":"product_cat-boom-cylinders","7":"product_tag-boom-cylinders","8":"product_tag-hydraulic-cylinders","10":"first","11":"instock","12":"shipping-taxable","13":"product-type-simple"},"amp_enabled":true,"_links":{"self":[{"href":"https:\/\/www.hydraulic-cylinders.net\/lv\/wp-json\/wp\/v2\/product\/18965","targetHints":{"allow":["GET"]}}],"collection":[{"href":"https:\/\/www.hydraulic-cylinders.net\/lv\/wp-json\/wp\/v2\/product"}],"about":[{"href":"https:\/\/www.hydraulic-cylinders.net\/lv\/wp-json\/wp\/v2\/types\/product"}],"replies":[{"embeddable":true,"href":"https:\/\/www.hydraulic-cylinders.net\/lv\/wp-json\/wp\/v2\/comments?post=18965"}],"wp:featuredmedia":[{"embeddable":true,"href":"https:\/\/www.hydraulic-cylinders.net\/lv\/wp-json\/wp\/v2\/media\/17877"}],"wp:attachment":[{"href":"https:\/\/www.hydraulic-cylinders.net\/lv\/wp-json\/wp\/v2\/media?parent=18965"}],"wp:term":[{"taxonomy":"product_brand","embeddable":true,"href":"https:\/\/www.hydraulic-cylinders.net\/lv\/wp-json\/wp\/v2\/product_brand?post=18965"},{"taxonomy":"product_cat","embeddable":true,"href":"https:\/\/www.hydraulic-cylinders.net\/lv\/wp-json\/wp\/v2\/product_cat?post=18965"},{"taxonomy":"product_tag","embeddable":true,"href":"https:\/\/www.hydraulic-cylinders.net\/lv\/wp-json\/wp\/v2\/product_tag?post=18965"}],"curies":[{"name":"wp","href":"https:\/\/api.w.org\/{rel}","templated":true}]}}