{"id":18966,"date":"2025-04-07T06:04:37","date_gmt":"2025-04-07T06:04:37","guid":{"rendered":"https:\/\/www.hydraulic-cylinders.net\/product\/boom-cylinder-for-caterpillar-large-excavator-e330b330c\/"},"modified":"2025-04-07T06:04:39","modified_gmt":"2025-04-07T06:04:39","slug":"boom-cylinder-for-caterpillar-large-excavator-e330b330c","status":"publish","type":"product","link":"https:\/\/www.hydraulic-cylinders.net\/lv\/products\/boom-cylinder-for-caterpillar-large-excavator-e330b330c\/","title":{"rendered":"Str\u0113les cilindrs Caterpillar lielajam ekskavatoram E330B330C"},"content":{"rendered":"<h1>Str\u0113les cilindrs Caterpillar lielajam ekskavatoram E330B330C<\/h1>\n<h2>Produkta p\u0101rskats<\/h2>\n<p>Caterpillar liel\u0101 ekskavatora E330B330C str\u0113les cilindrs ir hidrauliskais cilindrs, kas \u012bpa\u0161i paredz\u0113ts str\u0113les kust\u012bbas vad\u012bbai smagaj\u0101s ma\u0161\u012bn\u0101s, piem\u0113ram, ekskavatoros, ekskavatoros-iekr\u0101v\u0113jos un front\u0101lajos iekr\u0101v\u0113jos. \u0160im komponentam ir iz\u0161\u0137iro\u0161a noz\u012bme materi\u0101lu apstr\u0101des uzdevumos, \u013caujot str\u0113lei efekt\u012bvi pacelt, nolaist un noliekt. K\u0101 hidrauliskajam cilindram t\u0101 galven\u0101 funkcija ir izmantot hidraulisko spiedienu, lai nodro\u0161in\u0101tu vienm\u0113r\u012bgas un sp\u0113c\u012bgas kust\u012bbas, padarot to neaizst\u0101jamu da\u017e\u0101dos ekspluat\u0101cijas kontekstos.<\/p>\n<p><img decoding=\"async\" src=\"https:\/\/www.hydraulic-cylinders.net\/wp-content\/uploads\/2025\/04\/songte-company-1.webp\" alt=\"Ekskavatora str\u0113les cilindrs\"><\/p>\n<h2>Str\u0113les cilindra \u012bpa\u0161\u012bbas<\/h2>\n<ul>\n<li><strong>Augsta iztur\u012bba un ilgm\u016b\u017e\u012bba:<\/strong> \u0160ie cilindri, kas izgatavoti no augstas stipr\u012bbas t\u0113rauda vai alum\u012bnija, var iztur\u0113t augstu spiedienu un lielas slodzes, vienlaikus piel\u0101gojoties skarbajiem darba apst\u0101k\u013ciem, un to konstrukcijas ir paredz\u0113tas nodilumiztur\u012bbai un aizsardz\u012bbai pret koroziju, lai nodro\u0161in\u0101tu ilg\u0101ku kalpo\u0161anas laiku.<\/li>\n<li><strong>Efekt\u012bva hidraulisk\u0101 darb\u012bba:<\/strong> Cilindrs izmanto hidraulisk\u0101s e\u013c\u013cas spiedienu, lai nodro\u0161in\u0101tu vienm\u0113r\u012bgu izvilk\u0161anu un ievilk\u0161anu, \u013caujot \u0101tri rea\u0123\u0113t uz vad\u012bbas komand\u0101m, vienlaikus nodro\u0161inot sp\u0113c\u012bgu stum\u0161anas un vilk\u0161anas sp\u0113ku, kas piem\u0113rots smagu priek\u0161metu apstr\u0101dei un sare\u017e\u0123\u012btu uzdevumu veik\u0161anai.<\/li>\n<li><strong>Da\u017e\u0101di veidi:<\/strong> Atkar\u012bb\u0101 no ekspluat\u0101cijas vajadz\u012bb\u0101m varat izv\u0113l\u0113ties starp vienas darb\u012bbas (izmantojot hidraulisko sp\u0113ku vien\u0101 virzien\u0101) vai divk\u0101r\u0161as darb\u012bbas (izmantojot hidraulisko sp\u0113ku abos virzienos) cilindriem. Da\u017ei mode\u013ci ir teleskopiski, kas \u013cauj veikt liel\u0101ku pagarin\u0101jumu, nepalielinot \u0101r\u0113jos izm\u0113rus, kas ir ide\u0101li piem\u0113rots \u0161aur\u0101m telp\u0101m.<\/li>\n<li><strong>Piel\u0101gota ra\u017eo\u0161ana:<\/strong> M\u016bsu ra\u017eo\u0161anas iesp\u0113jas \u013cauj mums rad\u012bt cilindrus, kas lieliski aizst\u0101j eso\u0161os hidrauliskos cilindrus, nodro\u0161inot sader\u012bbu un veiktsp\u0113ju.<\/li>\n<\/ul>\n<p><img decoding=\"async\" src=\"https:\/\/www.hydraulic-cylinders.net\/wp-content\/uploads\/2025\/04\/songte-cylinder-head-with-all-kinds-excavator-models.webp\" alt=\"Da\u017e\u0101di ekskavatoru mode\u013ci\"><\/p>\n<h2>Str\u0113les cilindra pielietojumi<\/h2>\n<h3>Celtniec\u012bbas apr\u012bkojums<\/h3>\n<p>Ekskavatoros str\u0113les cilindri ir kritiski svar\u012bgi augsnes vai gru\u017eu rak\u0161anai, iekrau\u0161anai un transport\u0113\u0161anai. Tie \u013cauj str\u0113lei izstiepties uz \u0101ru un uz leju, atvieglojot rak\u0161anas procesu. Ekskavatoros-iekr\u0101v\u0113jos str\u0113les cilindrs pal\u012bdz gan rak\u0161an\u0101, gan cel\u0161an\u0101, kas ir b\u016btiski efekt\u012bvai darb\u012bbai.<\/p>\n<h3>Lauksaimniec\u012bbas tehnika<\/h3>\n<p>Front\u0101lajos iekr\u0101v\u0113jos str\u0113les cilindri \u013cauj pacelt, sav\u0101kt un transport\u0113t augsni, sienu un citus materi\u0101lus. To iztur\u012bg\u0101 konstrukcija nodro\u0161ina, ka tie var tikt gal\u0101 ar lauksaimniec\u012bbas uzdevumu pras\u012bb\u0101m, vienlaikus samazinot d\u012bkst\u0101ves laiku meh\u0101nisku boj\u0101jumu d\u0113\u013c.<\/p>\n<h3>Ekskavatori<\/h3>\n<p>\u0160ie cilindri \u013cauj kausam iek\u013c\u016bt augsn\u0113, atvieglojot rak\u0161anas darb\u012bbas, kas ir b\u016btiskas da\u017e\u0101dos b\u016bvniec\u012bbas projektos. Str\u0113les cilindra efektivit\u0101te iev\u0113rojami uzlabo ekskavatoru kop\u0113jo produktivit\u0101ti, padarot tos par vit\u0101li svar\u012bgiem lieljaudas darbos.<\/p>\n<h3>Iekr\u0101v\u0113ji<\/h3>\n<p>Front\u0101lajos iekr\u0101v\u0113jos str\u0113les cilindri pal\u012bdz efekt\u012bvi pacelt un izg\u0101zt materi\u0101lus. To sp\u0113ja nodro\u0161in\u0101t lielu celtsp\u0113ju \u013cauj efekt\u012bvi apstr\u0101d\u0101t materi\u0101lus b\u016bvniec\u012bbas un ainavu veido\u0161anas darbos.<\/p>\n<h2>Dizaina apsv\u0113rumi un atlases krit\u0113riji<\/h2>\n<h3>Kravnes\u012bba<\/h3>\n<p>Izv\u0113loties str\u0113les cilindru, ir svar\u012bgi \u0146emt v\u0113r\u0101 t\u0101 kravnes\u012bbu. Cilindram j\u0101sp\u0113j iztur\u0113t maksim\u0101lo kravu svaru, ko tas pacels un manipul\u0113s. Tas prasa zin\u0101\u0161anas par j\u016bsu tehnikas \u012bpa\u0161aj\u0101m pras\u012bb\u0101m un veicamajiem uzdevumiem.<\/p>\n<h3>Bl\u012bv\u0113jums un iztur\u012bba<\/h3>\n<p>Bl\u012bv\u0113jums ir kritiski svar\u012bgs hidraulisko cilindru efekt\u012bvai darb\u012bbai. Augstas kvalit\u0101tes bl\u012bv\u0113jumi nov\u0113r\u0161 hidraulisk\u0101 \u0161\u0137idruma nopl\u016bdi, kas var izrais\u012bt darb\u012bbas trauc\u0113jumus un palielin\u0101tas apkopes izmaksas. Izv\u0113loties t\u0101dus materi\u0101lus k\u0101 poliuret\u0101ns un nitrilgumija, tiek uzlabota iztur\u012bba un notur\u012bba pret nodilumu un vides faktoriem.<\/p>\n<h3>Dro\u0161\u012bbas funkcijas<\/h3>\n<p>Dro\u0161\u012bba ir \u0101rk\u0101rt\u012bgi svar\u012bga hidraulisko cilindru projekt\u0113\u0161an\u0101. Tiem j\u0101ietver t\u0101das funkcijas k\u0101 spiediena samazin\u0101\u0161anas v\u0101rsti un dro\u0161\u012bbas sl\u0113dzenes, lai nov\u0113rstu nejau\u0161as kust\u012bbas un aizsarg\u0101tu operatoru un apr\u012bkojumu darb\u012bbas laik\u0101.<\/p>\n<h3>Apkopes apsv\u0113rumi<\/h3>\n<p>Projekt\u0113jot t\u0101, lai t\u0101 b\u016btu viegli apkopjama, var b\u016btiski ietekm\u0113t str\u0113les cilindra ilgm\u016b\u017e\u012bbu. Funkcijas, kas nodro\u0161ina vienk\u0101r\u0161u piek\u013cuvi bl\u012bv\u0113m un e\u013c\u013co\u0161anas punktiem, var samazin\u0101t d\u012bkst\u0101ves laiku un padar\u012bt operatorus viegl\u0101k p\u0101rvald\u0101mus ikdienas apkopi.<\/p>\n<p><img decoding=\"async\" src=\"https:\/\/www.hydraulic-cylinders.net\/wp-content\/uploads\/2025\/04\/songte-oil-pipes-and-spare-parts.webp\" alt=\"E\u013c\u013cas caurules un rezerves da\u013cas\"><\/p>\n<h2>Bl\u012bv\u0113\u0161ana un e\u013c\u013co\u0161ana<\/h2>\n<p>Str\u0113les cilindra uzticam\u012bba liel\u0101 m\u0113r\u0101 ir atkar\u012bga no bl\u012bv\u0113jumu un e\u013c\u013co\u0161anas efekt\u012bvas izmanto\u0161anas. Da\u017e\u0101di bl\u012bv\u0113\u0161anas risin\u0101jumi, piem\u0113ram, virzu\u013ca bl\u012bv\u0113jumi un stie\u0146a bl\u012bv\u0113jumi, ir b\u016btiski hidraulisk\u0101s integrit\u0101tes uztur\u0113\u0161anai. Bl\u012bv\u0113jumi, kas izgatavoti no iztur\u012bgiem materi\u0101liem, piem\u0113ram, poliuret\u0101na un nitrila gumijas, ir iztur\u012bgi pret nodilumu un vides degrad\u0101ciju. Turkl\u0101t cilindra korpuss un v\u012bt\u0146ot\u0101s gala virsmas ir r\u016bp\u012bgi j\u0101apstr\u0101d\u0101, lai uzlabotu nodilumiztur\u012bbu.<\/p>\n<p>Regul\u0101ra e\u013c\u013co\u0161ana ar pietiekamu hidraulisk\u0101s e\u013c\u013cas daudzumu ir \u013coti svar\u012bga optim\u0101lai veiktsp\u0113jai. Pareiza e\u013c\u013co\u0161ana samazina berzi starp kust\u012bgaj\u0101m da\u013c\u0101m, pagarinot cilindra kalpo\u0161anas laiku un nodro\u0161inot vienm\u0113r\u012bgu darb\u012bbu.<\/p>\n<h2>Prevent\u012bvie apkopes pas\u0101kumi<\/h2>\n<ul>\n<li><strong>Regul\u0101ras p\u0101rbaudes:<\/strong> Regul\u0101ras balona p\u0101rbaudes, lai noteiktu nodiluma vai boj\u0101jumu paz\u012bmes, var nov\u0113rst katastrof\u0101las k\u013c\u016bmes un saglab\u0101t darb\u012bbas efektivit\u0101ti.<\/li>\n<li><strong>Piem\u0113rota e\u013c\u013co\u0161ana:<\/strong> Nodro\u0161inot, ka cilindrs ir pien\u0101c\u012bgi iee\u013c\u013cots ar pareizo hidraulisko e\u013c\u013cu, tiks uzlabota t\u0101 veiktsp\u0113ja un iztur\u012bba.<\/li>\n<li><strong>Bl\u012bv\u0113juma nomai\u0146a:<\/strong> Nodilu\u0161u bl\u012bv\u0113jumu savlaic\u012bga nomai\u0146a var nov\u0113rst nopl\u016bdes un saglab\u0101t hidraulisk\u0101s sist\u0113mas efektivit\u0101ti.<\/li>\n<\/ul>\n<h2>Pareizas uzst\u0101d\u012b\u0161anas vadl\u012bnijas<\/h2>\n<p>Pareiza str\u0113les cilindra uzst\u0101d\u012b\u0161ana ir \u013coti svar\u012bga t\u0101 veiktsp\u0113jai un ilgm\u016b\u017e\u012bbai. Vispirms p\u0101rliecinieties, vai cilindrs ir pareizi izl\u012bdzin\u0101ts ar uzst\u0101d\u012b\u0161anas punktu. Izmantojiet atbilsto\u0161us stiprin\u0101juma kron\u0161teinus, lai nostiprin\u0101tu cilindru, nov\u0113r\u0161ot nepareizu izl\u012bdzin\u0101\u0161anu, kas var\u0113tu izrais\u012bt priek\u0161laic\u012bgu nodilumu. Ir svar\u012bgi iev\u0113rot ra\u017eot\u0101ja specifik\u0101cijas attiec\u012bb\u0101 uz griezes momenta iestat\u012bjumiem un savienojumiem, lai izvair\u012btos no hidrauliskaj\u0101m nopl\u016bd\u0113m.<\/p>\n<p>Pirms darbin\u0101\u0161anas v\u0113lreiz p\u0101rbaudiet visus savienojumus un p\u0101rliecinieties, vai bl\u012bves ir neskartas. Sist\u0113mas darbin\u0101\u0161ana bez pareizas uzst\u0101d\u012b\u0161anas var izrais\u012bt nopietnus boj\u0101jumus un palielin\u0101tas apkopes izmaksas. Regul\u0101ri p\u0101rskatiet uzst\u0101d\u012b\u0161anas procesu, lai nodro\u0161in\u0101tu atbilst\u012bbu lab\u0101kajai praksei.<\/p>\n<h2>Bie\u017ei sastopamie apkopes uzdevumi<\/h2>\n<h3>Regul\u0101ras p\u0101rbaudes<\/h3>\n<p>Regul\u0101ru p\u0101rbau\u017eu veik\u0161ana ir \u013coti svar\u012bga, lai identific\u0113tu potenci\u0101l\u0101s probl\u0113mas, pirms t\u0101s saasin\u0101s. Mekl\u0113jiet nodiluma paz\u012bmes, piem\u0113ram, nopl\u016bdes vai bl\u012bv\u0113jumu boj\u0101jumus. Regul\u0101ras p\u0101rbaudes ilgtermi\u0146\u0101 var ietaup\u012bt laiku un resursus.<\/p>\n<h3>Pareiza e\u013c\u013co\u0161ana<\/h3>\n<p>Lai nodro\u0161in\u0101tu vienm\u0113r\u012bgu darb\u012bbu un ilgm\u016b\u017e\u012bbu, ir svar\u012bgi nodro\u0161in\u0101t str\u0113les cilindra pien\u0101c\u012bgu e\u013c\u013co\u0161anu. Izmantojiet ra\u017eot\u0101ja ieteikto hidraulisko e\u013c\u013cu un iev\u0113rojiet e\u013c\u013co\u0161anas grafiku, lai nov\u0113rstu berzi un nodilumu.<\/p>\n<h3>Bl\u012bv\u0113juma nomai\u0146a<\/h3>\n<p>Regul\u0101ra bl\u012bv\u0113jumu nomai\u0146a var nov\u0113rst nopl\u016bdes un uztur\u0113t hidraulisk\u0101s sist\u0113mas efektivit\u0101ti. P\u0101rbau\u017eu laik\u0101 piev\u0113rsiet uzman\u012bbu bl\u012bv\u0113jumu st\u0101voklim un nomainiet tos p\u0113c nepiecie\u0161am\u012bbas, lai nodro\u0161in\u0101tu optim\u0101lu veiktsp\u0113ju.<\/p>\n<p><img decoding=\"async\" src=\"https:\/\/www.hydraulic-cylinders.net\/wp-content\/uploads\/2025\/04\/songte-chushion-collar.webp\" alt=\"Spilvenu apkakle\"><\/p>\n<h2>Dro\u0161\u012bbas apsv\u0113rumi un vides faktori<\/h2>\n<p>Izmantojot hidrauliskos cilindrus, dro\u0161\u012bbas pas\u0101kumi ir \u0101rk\u0101rt\u012bgi svar\u012bgi. Operatoriem j\u0101b\u016bt apm\u0101c\u012btiem par ma\u0161\u012bnu dro\u0161u ekspluat\u0101ciju un iesp\u0113jamiem apdraud\u0113jumiem, kas saist\u012bti ar hidrauliskaj\u0101m sist\u0113m\u0101m. Lai nov\u0113rstu negad\u012bjumus un traumas, ir svar\u012bgi nodro\u0161in\u0101t, lai dro\u0161\u012bbas ier\u012bces b\u016btu pareizi uzst\u0101d\u012btas un darbotos. Turkl\u0101t, lai aizsarg\u0101tu ekosist\u0113mu, priorit\u0101te j\u0101pie\u0161\u0137ir vides apsv\u0113rumiem, piem\u0113ram, pareizai hidraulisko \u0161\u0137idrumu utiliz\u0101cijai un nopl\u016b\u017eu samazin\u0101\u0161anai.<\/p>\n<h2>Probl\u0113mu nov\u0113r\u0161ana un bie\u017ei sastopamas probl\u0113mas<\/h2>\n<ul>\n<li><strong>Nopl\u016bde:<\/strong> Nopl\u016bde var rasties nolietotu bl\u012bv\u0113jumu vai boj\u0101tu deta\u013cu d\u0113\u013c. Regul\u0101ras p\u0101rbaudes var pal\u012bdz\u0113t identific\u0113t un nov\u0113rst \u0161\u0101das probl\u0113mas.<\/li>\n<li><strong>Nekonsekventa veiktsp\u0113ja:<\/strong> Ja str\u0113les cilindrs nerea\u0123\u0113 vienm\u0113r\u012bgi, tas var liecin\u0101t par zemu hidraulisk\u0101 \u0161\u0137idruma l\u012bmeni vai iek\u0161\u0113jiem boj\u0101jumiem.<\/li>\n<li><strong>P\u0101rkar\u0161ana:<\/strong> Nep\u0101rtraukta darb\u012bba augst\u0101 spiedien\u0101 var izrais\u012bt p\u0101rkar\u0161anu. Regul\u0101ra apkope un \u0161\u0137idruma l\u012bme\u0146a uzraudz\u012bba var nov\u0113rst \u0161o probl\u0113mu.<\/li>\n<\/ul>\n<h2>Padomi k\u013c\u016bmju nov\u0113r\u0161anai<\/h2>\n<p>Lai efekt\u012bvi nov\u0113rstu probl\u0113mas, veiciet darb\u012bbas veiktsp\u0113jas un apkopes darb\u012bbu \u017eurn\u0101lu. \u0160is \u017eurn\u0101ls var pal\u012bdz\u0113t laikus identific\u0113t mode\u013cus un iesp\u0113jam\u0101s probl\u0113mas. Nopl\u016bdes gad\u012bjum\u0101 nekav\u0113joties p\u0101rtrauciet darb\u012bbu un p\u0101rbaudiet bl\u012bves un savienojumus. Nevienm\u0113r\u012bgas veiktsp\u0113jas gad\u012bjum\u0101 p\u0101rbaudiet hidraulisk\u0101 \u0161\u0137idruma l\u012bmeni un mekl\u0113jiet aizsprostojumus l\u012bnij\u0101s.<\/p>\n<p>Prevent\u012bvu pas\u0101kumu, piem\u0113ram, regul\u0101ras apkopes un savlaic\u012bga remonta, ievie\u0161ana samazina potenci\u0101lo probl\u0113mu risku un uzlabo str\u0113les cilindra uzticam\u012bbu.<\/p>\n<p><img decoding=\"async\" src=\"https:\/\/www.hydraulic-cylinders.net\/wp-content\/uploads\/2025\/04\/songte-bushings-with-all-kinds-of-excavator-models.webp\" alt=\"Ekskavatoru mode\u013cu bukses\"><\/p>\n<h2>Uz\u0146\u0113muma p\u0101rskats<\/h2>\n<p>M\u0113s esam vado\u0161ais rezerves hidraulisko cilindru ra\u017eot\u0101js un vairumtirgot\u0101js, kas pied\u0101v\u0101 pla\u0161u produktu kl\u0101stu tirg\u016b. M\u016bsu koncentr\u0113\u0161anos uz izcilu kvalit\u0101ti pamato prec\u012bzas ra\u017eo\u0161anas vad\u012bbas strat\u0113\u0123ijas. M\u016bsu uz\u0146\u0113mums izmanto tehniskos talantus, modernu digit\u0101lo ra\u017eo\u0161anas apr\u012bkojumu un profesion\u0101las test\u0113\u0161anas sist\u0113mas, lai nep\u0101rtraukti uzlabotu m\u016bsu ra\u017eo\u0161anas platformu, nodro\u0161inot augstas kvalit\u0101tes ra\u017eo\u0161anas procesu. Ar sp\u0113c\u012bg\u0101m rado\u0161\u0101m sp\u0113j\u0101m m\u0113s iev\u0113rojam augstas efektivit\u0101tes, precizit\u0101tes un kvalit\u0101tes principus, lai apmierin\u0101tu da\u017e\u0101das klientu vajadz\u012bbas.<\/p>\n<h3>Ekspert\u012bze un specializ\u0101cija<\/h3>\n<p>M\u016bsu komandu veido pieredz\u0113ju\u0161i speci\u0101listi, kas nodarbojas ar augstas veiktsp\u0113jas hidraulisko cilindru ra\u017eo\u0161anu, kas piel\u0101goti klientu specifik\u0101cij\u0101m. M\u0113s pied\u0101v\u0101jam piel\u0101gotus risin\u0101jumus, lai apmierin\u0101tu \u012bpa\u0161as ekspluat\u0101cijas pras\u012bbas, uzsverot kvalit\u0101ti un uzticam\u012bbu.<\/p>\n<h3>Starptautisk\u0101 sertifik\u0101cija<\/h3>\n<p>M\u016bsu produkti atbilst starptautiskajiem kvalit\u0101tes standartiem, nodro\u0161inot uzticam\u012bbu un veiktsp\u0113ju da\u017e\u0101dos pielietojumos. M\u0113s pie\u0161\u0137iram priorit\u0101ti sertifik\u0101tu ieg\u016b\u0161anai, kas apstiprina m\u016bsu ap\u0146em\u0161anos nodro\u0161in\u0101t kvalit\u0101ti un dro\u0161\u012bbu.<\/p>\n<h3>Piel\u0101goti pakalpojumi<\/h3>\n<p>M\u0113s pied\u0101v\u0101jam piel\u0101gotus pakalpojumus, lai izstr\u0101d\u0101tu hidrauliskos cilindrus, kas atbilst unik\u0101l\u0101m specifik\u0101cij\u0101m. M\u016bsu in\u017eenieru komanda cie\u0161i sadarbojas ar klientiem, lai izstr\u0101d\u0101tu cilindrus, kas atbilst vi\u0146u konkr\u0113taj\u0101m iek\u0101rt\u0101m un ekspluat\u0101cijas vajadz\u012bb\u0101m.<\/p>\n<h3>Ra\u017eo\u0161anas iek\u0101rtas<\/h3>\n<p>Izmantojot jaun\u0101k\u0101s ra\u017eo\u0161anas tehnolo\u0123ijas, m\u0113s nodro\u0161in\u0101m augstu precizit\u0101ti un iztur\u012bbu m\u016bsu produktos. M\u016bsu ra\u017eotnes ir apr\u012bkotas ar modern\u0101m iek\u0101rt\u0101m, kas uzlabo ra\u017eo\u0161anas efektivit\u0101ti un produktu kvalit\u0101ti.<\/p>\n<h3>P\u0113cp\u0101rdo\u0161anas pakalpojumi<\/h3>\n<p>M\u016bsu ap\u0146em\u0161an\u0101s nodro\u0161in\u0101t klientu apmierin\u0101t\u012bbu sniedzas t\u0101l\u0101k par p\u0101rdo\u0161anu. M\u0113s pied\u0101v\u0101jam visaptvero\u0161u p\u0113cp\u0101rdo\u0161anas atbalstu, tostarp apkopes padomus un probl\u0113mu nov\u0113r\u0161anas pal\u012bdz\u012bbu, nodro\u0161inot, ka klienti sa\u0146em vislab\u0101ko v\u0113rt\u012bbu no m\u016bsu produktiem.<\/p>\n<p><img decoding=\"async\" src=\"https:\/\/www.hydraulic-cylinders.net\/wp-content\/uploads\/2025\/04\/songte-company-4.webp\" alt=\"Uz\u0146\u0113muma p\u0101rskats\"><br \/>\n<img decoding=\"async\" src=\"https:\/\/www.hydraulic-cylinders.net\/wp-content\/uploads\/2025\/04\/songte-company-3.webp\" alt=\"Uz\u0146\u0113muma ra\u017eo\u0161anas process\"><\/p>\n<p>Autors: lil<\/p>","protected":false},"excerpt":{"rendered":"<p>Boom Cylinder For Caterpillar Large Excavator E330B330C Product Overview The Boom Cylinder for Caterpillar Large Excavator E330B330C is a hydraulic cylinder specifically designed for controlling the movement of the boom in heavy machinery such as excavators, backhoe loaders, and front-end loaders. This component plays a crucial role in material handling tasks, enabling the boom to [&hellip;]<\/p>","protected":false},"featured_media":17878,"comment_status":"open","ping_status":"closed","template":"","meta":{"_et_pb_use_builder":"","_et_pb_old_content":"","_et_gb_content_width":""},"product_brand":[],"product_cat":[1546],"product_tag":[1547,1496],"class_list":{"0":"post-18966","1":"product","2":"type-product","3":"status-publish","4":"has-post-thumbnail","6":"product_cat-boom-cylinders","7":"product_tag-boom-cylinders","8":"product_tag-hydraulic-cylinders","10":"first","11":"instock","12":"shipping-taxable","13":"product-type-simple"},"amp_enabled":true,"_links":{"self":[{"href":"https:\/\/www.hydraulic-cylinders.net\/lv\/wp-json\/wp\/v2\/product\/18966","targetHints":{"allow":["GET"]}}],"collection":[{"href":"https:\/\/www.hydraulic-cylinders.net\/lv\/wp-json\/wp\/v2\/product"}],"about":[{"href":"https:\/\/www.hydraulic-cylinders.net\/lv\/wp-json\/wp\/v2\/types\/product"}],"replies":[{"embeddable":true,"href":"https:\/\/www.hydraulic-cylinders.net\/lv\/wp-json\/wp\/v2\/comments?post=18966"}],"wp:featuredmedia":[{"embeddable":true,"href":"https:\/\/www.hydraulic-cylinders.net\/lv\/wp-json\/wp\/v2\/media\/17878"}],"wp:attachment":[{"href":"https:\/\/www.hydraulic-cylinders.net\/lv\/wp-json\/wp\/v2\/media?parent=18966"}],"wp:term":[{"taxonomy":"product_brand","embeddable":true,"href":"https:\/\/www.hydraulic-cylinders.net\/lv\/wp-json\/wp\/v2\/product_brand?post=18966"},{"taxonomy":"product_cat","embeddable":true,"href":"https:\/\/www.hydraulic-cylinders.net\/lv\/wp-json\/wp\/v2\/product_cat?post=18966"},{"taxonomy":"product_tag","embeddable":true,"href":"https:\/\/www.hydraulic-cylinders.net\/lv\/wp-json\/wp\/v2\/product_tag?post=18966"}],"curies":[{"name":"wp","href":"https:\/\/api.w.org\/{rel}","templated":true}]}}