{"id":18967,"date":"2025-04-07T06:04:39","date_gmt":"2025-04-07T06:04:39","guid":{"rendered":"https:\/\/www.hydraulic-cylinders.net\/product\/boom-cylinder-for-caterpillar-large-excavator-e336dl\/"},"modified":"2025-04-07T06:04:41","modified_gmt":"2025-04-07T06:04:41","slug":"boom-cylinder-for-caterpillar-large-excavator-e336dl","status":"publish","type":"product","link":"https:\/\/www.hydraulic-cylinders.net\/lv\/products\/boom-cylinder-for-caterpillar-large-excavator-e336dl\/","title":{"rendered":"Str\u0113les cilindrs Caterpillar lielajam ekskavatoram E336DL"},"content":{"rendered":"<h1>Str\u0113les cilindrs Caterpillar lielajam ekskavatoram E336DL<\/h1>\n<h2>Str\u0113les cilindra izpratne<\/h2>\n<p>Str\u0113les cilindrs ir b\u016btiska smago ma\u0161\u012bnu hidraulisk\u0101s sist\u0113mas sast\u0101vda\u013ca, \u012bpa\u0161i ekskavatoros, piem\u0113ram, Caterpillar E336DL. \u0160is hidrauliskais cilindrs ir \u012bpa\u0161i izstr\u0101d\u0101ts, lai kontrol\u0113tu str\u0113les kust\u012bbu, kas ir atbild\u012bga par kausa pacel\u0161anu, nolai\u0161anu un noliek\u0161anu. Tas nodro\u0161ina efekt\u012bvus materi\u0101lu apstr\u0101des uzdevumus b\u016bvniec\u012bb\u0101 un cit\u0101s r\u016bpniecisk\u0101s jom\u0101s. Str\u0113les cilindra darb\u012bba galvenok\u0101rt balst\u0101s uz hidrauliskiem principiem, kur kust\u012bbas rad\u012b\u0161anai tiek izmantots spiediena \u0161\u0137idrums. Tas ne tikai uzlabo iek\u0101rtas efektivit\u0101ti, bet ar\u012b nodro\u0161ina vienm\u0113r\u012bgu un prec\u012bzu vad\u012bbu darb\u012bbas laik\u0101.<\/p>\n<p><img decoding=\"async\" src=\"https:\/\/www.hydraulic-cylinders.net\/wp-content\/uploads\/2025\/04\/songte-company-1.webp\" alt=\"Str\u0113les cilindra att\u0113ls\"><\/p>\n<h3>Str\u0113les cilindra galven\u0101s iez\u012bmes<\/h3>\n<ul>\n<li><strong>Augsta iztur\u012bba un ilgm\u016b\u017e\u012bba:<\/strong> Izgatavots no augstas stipr\u012bbas t\u0113rauda vai alum\u012bnija, str\u0113les cilindrs var iztur\u0113t augstu spiedienu un lielas slodzes, padarot to piem\u0113rotu skarbiem darba apst\u0101k\u013ciem.<\/li>\n<li><strong>Efekt\u012bva hidraulisk\u0101 darb\u012bba:<\/strong> Tas izmanto hidraulisk\u0101s e\u013c\u013cas spiedienu vienm\u0113r\u012bgai izvilk\u0161anai un ievilk\u0161anai, \u0101tri rea\u0123\u0113jot uz darb\u012bbas komand\u0101m un nodro\u0161inot iev\u0113rojamu stum\u0161anas un vilk\u0161anas sp\u0113ku.<\/li>\n<li><strong>Veidu da\u017e\u0101d\u012bba:<\/strong> Str\u0113les cilindri ir pieejami vienk\u0101r\u0161\u0101s un divk\u0101r\u0161\u0101s darb\u012bbas variantos, lai apmierin\u0101tu da\u017e\u0101das ekspluat\u0101cijas vajadz\u012bbas, un da\u017eiem mode\u013ciem ir teleskopiska konstrukcija, kas nodro\u0161ina liel\u0101ku sniedzam\u012bbu, nepalielinot \u0101r\u0113jo izm\u0113ru.<\/li>\n<li><strong>Korozijas iztur\u012bba:<\/strong> Daudzi str\u0113les cilindri ir konstru\u0113ti t\u0101, lai tie b\u016btu iztur\u012bgi pret nodilumu un koroziju, pagarinot to kalpo\u0161anas laiku un nodro\u0161inot nemain\u012bgu veiktsp\u0113ju da\u017e\u0101dos apst\u0101k\u013cos.<\/li>\n<li><strong>Piel\u0101gota ra\u017eo\u0161ana:<\/strong> M\u0113s ra\u017eojam augstas kvalit\u0101tes hidrauliskos cilindrus, kas var lieliski aizst\u0101t eso\u0161os, nodro\u0161inot sader\u012bbu un veiktsp\u0113ju.<\/li>\n<\/ul>\n<p><img decoding=\"async\" src=\"https:\/\/www.hydraulic-cylinders.net\/wp-content\/uploads\/2025\/04\/songte-cylinder-head-with-all-kinds-excavator-models.webp\" alt=\"Cilindra galvas att\u0113ls\"><\/p>\n<h2>Str\u0113les cilindra pielietojumi<\/h2>\n<h3>Celtniec\u012bbas apr\u012bkojums<\/h3>\n<p>Ekskavatoros str\u0113les cilindriem ir iz\u0161\u0137iro\u0161a noz\u012bme augsnes vai gru\u017eu rak\u0161an\u0101, iekrau\u0161an\u0101 un transport\u0113\u0161an\u0101. Tie nodro\u0161ina nepiecie\u0161amo sp\u0113ku str\u0113les pacel\u0161anai un nolai\u0161anai, \u013caujot operatoriem efekt\u012bvi veikt uzdevumus. Ekskavatoros-iekr\u0101v\u0113jos \u0161ie cilindri pal\u012bdz gan rak\u0161anas, gan cel\u0161anas oper\u0101cij\u0101s, padarot tos par b\u016btiskiem daudzpus\u012bgai tehnikas lieto\u0161anai.<\/p>\n<h3>Lauksaimniec\u012bbas tehnika<\/h3>\n<p>Front\u0101lajos iekr\u0101v\u0113jos str\u0113les cilindri tiek izmantoti t\u0101du materi\u0101lu k\u0101 augsnes, siena un citu materi\u0101lu sav\u0101k\u0161anai, cel\u0161anai un transport\u0113\u0161anai. To konstrukcija \u013cauj efekt\u012bvi p\u0101rvietot un apstr\u0101d\u0101t da\u017e\u0101dus lauksaimniec\u012bbas produktus, t\u0101d\u0113j\u0101di uzlabojot ra\u017e\u012bgumu saimniec\u012bb\u0101s.<\/p>\n<h3>Rak\u0161anas darbi<\/h3>\n<p>Str\u0113les cilindrs \u013cauj ekskavatoriem efekt\u012bvi iek\u013c\u016bt zem\u0113. \u013baujot kausam ierakties augsn\u0113, \u0161ie cilindri ir neat\u0146emama sast\u0101vda\u013ca b\u016bvniec\u012bbas, ainavu veido\u0161anas un kalnr\u016bpniec\u012bbas projektos, kur nepiecie\u0161ama dzi\u013ca izrak\u0161ana.<\/p>\n<h3>Iekrau\u0161anas oper\u0101cijas<\/h3>\n<p>Front\u0101lajos iekr\u0101v\u0113jos str\u0113les cilindri atvieglo materi\u0101lu pacel\u0161anu un izg\u0101\u0161anu. To iztur\u012bba un efektivit\u0101te ir \u013coti svar\u012bga, lai apstr\u0101d\u0101tu smagas kravas, nodro\u0161inot, ka materi\u0101lus var \u0101tri un efekt\u012bvi p\u0101rvietot no vienas vietas uz otru.<\/p>\n<h2>Str\u0113les cilindru projekt\u0113\u0161anas apsv\u0113rumi<\/h2>\n<h3>Kravnes\u012bba<\/h3>\n<p>Str\u0113les cilindra kravnes\u012bba ir kritisks projekt\u0113\u0161anas apsv\u0113rums. Tam j\u0101sp\u0113j iztur\u0113t maksim\u0101lo svaru, ar ko ekskavators saskarsies ekspluat\u0101cijas laik\u0101. Labi projekt\u0113ts cilindrs \u0146ems v\u0113r\u0101 dro\u0161\u012bbas rezerves, lai nov\u0113rstu boj\u0101jumus negaid\u012btu slod\u017eu gad\u012bjum\u0101.<\/p>\n<h3>Bl\u012bv\u0113jums un iztur\u012bba<\/h3>\n<p>Efekt\u012bva bl\u012bv\u0113\u0161ana ir b\u016btiska, lai nov\u0113rstu hidraulisk\u0101 \u0161\u0137idruma nopl\u016bdes. Tas ietver augstas kvalit\u0101tes bl\u012bv\u0113jumu izmanto\u0161anu, kas izgatavoti no iztur\u012bgiem materi\u0101liem, piem\u0113ram, poliuret\u0101na un nitrila gumijas. Pareiza bl\u012bv\u0113\u0161ana ne tikai uzlabo efektivit\u0101ti, bet ar\u012b veicina cilindra ilgm\u016b\u017e\u012bbu.<\/p>\n<h3>Dro\u0161\u012bbas funkcijas<\/h3>\n<p>Dro\u0161\u012bbas elementu iek\u013cau\u0161ana konstrukcij\u0101 ir \u013coti svar\u012bga operatoru un iek\u0101rtu aizsardz\u012bbai. Tas ietver spiediena samazin\u0101\u0161anas v\u0101rstus un dro\u0161\u012bbas sl\u0113dzenes, lai mazin\u0101tu riskus darb\u012bbas laik\u0101.<\/p>\n<h3>Apkopes pieejam\u012bba<\/h3>\n<p>Ir svar\u012bgi projekt\u0113t str\u0113les cilindrus t\u0101, lai tos b\u016btu viegli apkopt. Tas \u013cauj veikt \u0101tras p\u0101rbaudes, remontus un nomai\u0146u, samazinot d\u012bkst\u0101ves laiku un uzlabojot produktivit\u0101ti.<\/p>\n<p><img decoding=\"async\" src=\"https:\/\/www.hydraulic-cylinders.net\/wp-content\/uploads\/2025\/04\/songte-oil-pipes-and-spare-parts.webp\" alt=\"Naftas cauru\u013cu att\u0113ls\"><\/p>\n<h2>Bl\u012bv\u0113\u0161ana un e\u013c\u013co\u0161ana<\/h2>\n<p>Pareiza bl\u012bv\u0113\u0161ana un e\u013c\u013co\u0161ana ir b\u016btiska str\u0113les cilindru darb\u012bbai. Lai nov\u0113rstu \u0161\u0137idruma nopl\u016bdi, tiek izmantoti da\u017e\u0101di bl\u012bv\u0113\u0161anas komponenti, tostarp virzu\u013ca bl\u012bves un stie\u0146a bl\u012bves. Bl\u012bv\u0113jumi, kas izgatavoti no iztur\u012bgiem materi\u0101liem, piem\u0113ram, poliuret\u0101na un nitrila gumijas, nodro\u0161ina iztur\u012bbu pret nodilumu. Cilindra korpuss un v\u012bt\u0146otie gali tiek r\u016bp\u012bgi apstr\u0101d\u0101ti, lai palielin\u0101tu iztur\u012bbu un nodilumiztur\u012bbu. Regul\u0101ra e\u013c\u013co\u0161ana ar atbilsto\u0161u hidraulisko \u0161\u0137idrumu ir nepiecie\u0161ama, lai saglab\u0101tu cilindra funkcionalit\u0101ti un ilgm\u016b\u017e\u012bbu, nodro\u0161inot vienm\u0113r\u012bgu darb\u012bbu un nov\u0113r\u0161ot nodilumu laika gait\u0101.<\/p>\n<h2>Prevent\u012bvie apkopes pas\u0101kumi<\/h2>\n<ul>\n<li><strong>Regul\u0101ras p\u0101rbaudes:<\/strong> Regul\u0101ri veiciet vizu\u0101las p\u0101rbaudes, lai noteiktu jebk\u0101das nodiluma vai nopl\u016b\u017eu paz\u012bmes. Probl\u0113mu agr\u012bna atkl\u0101\u0161ana var nov\u0113rst d\u0101rgus remontdarbus un ilgsto\u0161u d\u012bkst\u0101vi.<\/li>\n<li><strong>E\u013c\u013co\u0161anas p\u0101rbaudes:<\/strong> P\u0101rliecinieties, vai hidraulisk\u0101 \u0161\u0137idruma l\u012bmenis ir pietiekams un vai tiek izmantots pareizais \u0161\u0137idruma veids. Pareiza e\u013c\u013co\u0161ana samazina kust\u012bgo da\u013cu berzi un nodilumu.<\/li>\n<li><strong>Bl\u012bvju nomai\u0146a:<\/strong> Nomainiet bl\u012bves, ja ir redzamas nodiluma vai nopl\u016bdes paz\u012bmes. Regul\u0101ra bl\u012bvju apkope pagarina cilindra kalpo\u0161anas laiku un uztur hidraulisko efektivit\u0101ti.<\/li>\n<\/ul>\n<h2>Uzst\u0101d\u012b\u0161anas vadl\u012bnijas<\/h2>\n<p>Pareiza str\u0113les cilindru uzst\u0101d\u012b\u0161ana ir b\u016btiska efekt\u012bvai darb\u012bbai. Vispirms p\u0101rliecinieties, vai cilindrs ir pareizi izl\u012bdzin\u0101ts ar mont\u0101\u017eas kron\u0161teiniem. Izmantojiet atbilsto\u0161us mont\u0101\u017eas elementus, lai nostiprin\u0101tu cilindru un nov\u0113rstu t\u0101 kust\u012bbu darb\u012bbas laik\u0101. P\u0101rliecinieties, vai hidraulisk\u0101s l\u012bnijas ir pievienotas atbilsto\u0161i ra\u017eot\u0101ja specifik\u0101cij\u0101m, nodro\u0161inot pareizu pl\u016bsmas virzienu. P\u0113c uzst\u0101d\u012b\u0161anas p\u0101rbaudiet, vai nav nopl\u016b\u017eu, un cilindra darb\u012bbu, lai nodro\u0161in\u0101tu funkcionalit\u0101ti. Regul\u0101ri p\u0101rbaudiet uzst\u0101d\u012b\u0161anu, lai uztur\u0113tu veiktsp\u0113ju un dro\u0161\u012bbas standartus.<\/p>\n<h2>Bie\u017ei sastopamie apkopes uzdevumi<\/h2>\n<ul>\n<li><strong>Regul\u0101ras p\u0101rbaudes:<\/strong> Regul\u0101ras nodiluma p\u0101rbaudes ir \u013coti svar\u012bgas. Tas ietver jebk\u0101du hidraulisk\u0101 \u0161\u0137idruma nopl\u016b\u017eu paz\u012bmju mekl\u0113\u0161anu, bl\u012bv\u0113jumu st\u0101vok\u013ca p\u0101rbaudi un cilindra konstrukcijas integrit\u0101tes nodro\u0161in\u0101\u0161anu. Potenci\u0101lo probl\u0113mu savlaic\u012bga identific\u0113\u0161ana var nov\u0113rst nopietnus boj\u0101jumus.<\/li>\n<li><strong>Pareiza e\u013c\u013co\u0161ana:<\/strong> P\u0101rliecinieties, vai hidraulisk\u0101 \u0161\u0137idruma l\u012bmenis ir ieteicamaj\u0101 l\u012bmen\u012b un pareizais tips. E\u013c\u013co\u0161ana samazina berzi un nov\u0113r\u0161 nodilumu, kas ir svar\u012bgi hidraulisk\u0101s sist\u0113mas efektivit\u0101tes uztur\u0113\u0161anai.<\/li>\n<li><strong>Bl\u012bvju nomai\u0146a:<\/strong> Uzraugiet bl\u012bv\u0113jumu st\u0101vokli un nomainiet tos p\u0113c nepiecie\u0161am\u012bbas. Veci vai nolietoti bl\u012bv\u0113jumi var izrais\u012bt hidraulisk\u0101 \u0161\u0137idruma nopl\u016bdes, apdraudot cilindra darb\u012bbu un efektivit\u0101ti.<\/li>\n<\/ul>\n<h2>Dro\u0161\u012bbas apsv\u0113rumi un vides faktori<\/h2>\n<p>Str\u0101d\u0101jot ar hidrauliskaj\u0101m sist\u0113m\u0101m, ir \u013coti svar\u012bgi \u012bstenot dro\u0161\u012bbas pas\u0101kumus. Vienm\u0113r iev\u0113rojiet ra\u017eot\u0101ja vadl\u012bnijas par darba spiedienu un kravnes\u012bbu. Lai nodro\u0161in\u0101tu dro\u0161\u012bbu, ir nepiecie\u0161ama atbilsto\u0161a operatoru apm\u0101c\u012bba un regul\u0101ras apkopes p\u0101rbaudes. Turkl\u0101t \u0146emiet v\u0113r\u0101 hidraulisko \u0161\u0137idrumu ietekmi uz vidi un nodro\u0161iniet pareizas visu apkopes laik\u0101 radu\u0161os atkritumu utiliz\u0101cijas metodes.<\/p>\n<h2>Probl\u0113mu nov\u0113r\u0161ana un bie\u017ei sastopamas probl\u0113mas<\/h2>\n<ul>\n<li><strong>Nopl\u016bde:<\/strong> Nosakiet nopl\u016bdes avotu, kas bie\u017ei rodas bl\u012bv\u0113s vai savienojumos. Savienojumu pievilk\u0161ana vai nodilu\u0161o bl\u012bvju nomai\u0146a bie\u017ei vien var atrisin\u0101t probl\u0113mu.<\/li>\n<li><strong>Nerea\u0123\u0113jo\u0161s cilindrs:<\/strong> Ja cilindrs nerea\u0123\u0113, p\u0101rbaudiet hidraulisk\u0101 \u0161\u0137idruma l\u012bmeni un mekl\u0113jiet aizsprostojumus hidrauliskaj\u0101s l\u012bnij\u0101s. Pareizas \u0161\u0137idruma pl\u016bsmas nodro\u0161in\u0101\u0161ana ir b\u016btiska atsauc\u012bbai.<\/li>\n<li><strong>P\u0101rm\u0113r\u012bgs troksnis:<\/strong> Trok\u0161\u0146i darb\u012bbas laik\u0101 var liecin\u0101t par zemu e\u013c\u013cas l\u012bmeni vai gaisu sist\u0113m\u0101. Sist\u0113mas atgaiso\u0161ana un atbilsto\u0161a \u0161\u0137idruma l\u012bme\u0146a nodro\u0161in\u0101\u0161ana bie\u017ei vien var nov\u0113rst \u0161o probl\u0113mu.<\/li>\n<\/ul>\n<p>Veicot prevent\u012bvus pas\u0101kumus \u0161o probl\u0113mu diagnostic\u0113\u0161anai un risin\u0101\u0161anai, var samazin\u0101t d\u012bkst\u0101ves laiku un uzlabot darb\u012bbas efektivit\u0101ti.<\/p>\n<p><img decoding=\"async\" src=\"https:\/\/www.hydraulic-cylinders.net\/wp-content\/uploads\/2025\/04\/songte-bushings-with-all-kinds-of-excavator-models.webp\" alt=\"Bukses att\u0113ls\"><\/p>\n<h2>Uz\u0146\u0113muma p\u0101rskats<\/h2>\n<p>M\u0113s esam vado\u0161ais hidraulisko cilindru ra\u017eot\u0101js un vairumtirgot\u0101js, kas specializ\u0113jas augstas kvalit\u0101tes alternat\u012bvu cilindru nodro\u0161in\u0101\u0161an\u0101 da\u017e\u0101diem pielietojumiem. M\u016bsu ap\u0146em\u0161anos sasniegt izcil\u012bbu uzsver m\u016bsu progres\u012bv\u0101s ra\u017eo\u0161anas vad\u012bbas strat\u0113\u0123ijas, kas izmanto kvalific\u0113tu person\u0101lu un augstas klases ra\u017eo\u0161anas iek\u0101rtas. M\u0113s past\u0101v\u012bgi uzlabojam savus ra\u017eo\u0161anas procesus, lai efekt\u012bvi un prec\u012bzi apmierin\u0101tu da\u017e\u0101das klientu vajadz\u012bbas. M\u016bsu sertifik\u0101ti atspogu\u013co m\u016bsu integrit\u0101ti un ap\u0146em\u0161anos nodro\u0161in\u0101t kvalit\u0101ti, savuk\u0101rt m\u016bsu piel\u0101gotie pakalpojumi nodro\u0161ina, ka m\u0113s varam efekt\u012bvi izpild\u012bt \u012bpa\u0161as klientu pras\u012bbas.<\/p>\n<p><img decoding=\"async\" src=\"https:\/\/www.hydraulic-cylinders.net\/wp-content\/uploads\/2025\/04\/songte-company-4.webp\" alt=\"Uz\u0146\u0113muma p\u0101rskata att\u0113ls\"><br \/>\n<img decoding=\"async\" src=\"https:\/\/www.hydraulic-cylinders.net\/wp-content\/uploads\/2025\/04\/songte-company-3.webp\" alt=\"Uz\u0146\u0113muma ra\u017eo\u0161anas att\u0113ls\"><\/p>\n<p>Autors: lil<\/p>","protected":false},"excerpt":{"rendered":"<p>Boom Cylinder For Caterpillar Large Excavator E336DL Understanding the Boom Cylinder The boom cylinder is a vital component in the hydraulic system of heavy machinery, particularly in excavators like the Caterpillar E336DL. This hydraulic cylinder is specifically designed to control the movement of the boom, which is responsible for lifting, lowering, and tilting the bucket. [&hellip;]<\/p>","protected":false},"featured_media":17879,"comment_status":"open","ping_status":"closed","template":"","meta":{"_et_pb_use_builder":"","_et_pb_old_content":"","_et_gb_content_width":""},"product_brand":[],"product_cat":[1546],"product_tag":[1547,1496],"class_list":{"0":"post-18967","1":"product","2":"type-product","3":"status-publish","4":"has-post-thumbnail","6":"product_cat-boom-cylinders","7":"product_tag-boom-cylinders","8":"product_tag-hydraulic-cylinders","10":"first","11":"instock","12":"shipping-taxable","13":"product-type-simple"},"amp_enabled":true,"_links":{"self":[{"href":"https:\/\/www.hydraulic-cylinders.net\/lv\/wp-json\/wp\/v2\/product\/18967","targetHints":{"allow":["GET"]}}],"collection":[{"href":"https:\/\/www.hydraulic-cylinders.net\/lv\/wp-json\/wp\/v2\/product"}],"about":[{"href":"https:\/\/www.hydraulic-cylinders.net\/lv\/wp-json\/wp\/v2\/types\/product"}],"replies":[{"embeddable":true,"href":"https:\/\/www.hydraulic-cylinders.net\/lv\/wp-json\/wp\/v2\/comments?post=18967"}],"wp:featuredmedia":[{"embeddable":true,"href":"https:\/\/www.hydraulic-cylinders.net\/lv\/wp-json\/wp\/v2\/media\/17879"}],"wp:attachment":[{"href":"https:\/\/www.hydraulic-cylinders.net\/lv\/wp-json\/wp\/v2\/media?parent=18967"}],"wp:term":[{"taxonomy":"product_brand","embeddable":true,"href":"https:\/\/www.hydraulic-cylinders.net\/lv\/wp-json\/wp\/v2\/product_brand?post=18967"},{"taxonomy":"product_cat","embeddable":true,"href":"https:\/\/www.hydraulic-cylinders.net\/lv\/wp-json\/wp\/v2\/product_cat?post=18967"},{"taxonomy":"product_tag","embeddable":true,"href":"https:\/\/www.hydraulic-cylinders.net\/lv\/wp-json\/wp\/v2\/product_tag?post=18967"}],"curies":[{"name":"wp","href":"https:\/\/api.w.org\/{rel}","templated":true}]}}